{"id":18968,"date":"2025-04-07T06:04:41","date_gmt":"2025-04-07T06:04:41","guid":{"rendered":"https:\/\/www.hydraulic-cylinders.net\/product\/boom-cylinder-for-caterpillar-large-excavator-e345d\/"},"modified":"2025-04-07T06:04:44","modified_gmt":"2025-04-07T06:04:44","slug":"boom-cylinder-for-caterpillar-large-excavator-e345d","status":"publish","type":"product","link":"https:\/\/www.hydraulic-cylinders.net\/lv\/products\/boom-cylinder-for-caterpillar-large-excavator-e345d\/","title":{"rendered":"Str\u0113les cilindrs Caterpillar lielajam ekskavatoram E345D"},"content":{"rendered":"<h1>Str\u0113les cilindrs Caterpillar lielajam ekskavatoram E345D<\/h1>\n<h2>Produkta p\u0101rskats<\/h2>\n<p>Caterpillar liel\u0101 ekskavatora E345D str\u0113les cilindrs ir b\u016btiska hidrauliska sast\u0101vda\u013ca, kas paredz\u0113ta, lai kontrol\u0113tu str\u0113les kust\u012bbu smagaj\u0101s ma\u0161\u012bn\u0101s. \u0160im hidrauliskajam cilindram ir iz\u0161\u0137iro\u0161a noz\u012bme da\u017e\u0101du uzdevumu, piem\u0113ram, ekskavatoru, ekskavatoru-iekr\u0101v\u0113ju un front\u0101lo iekr\u0101v\u0113ju str\u0113les pacel\u0161anas, nolai\u0161anas un noliek\u0161anas, atvieglo\u0161an\u0101. Tas nodro\u0161ina efekt\u012bvas materi\u0101lu apstr\u0101des darb\u012bbas, uzlabojot b\u016bvniec\u012bbas un rak\u0161anas procesu kop\u0113jo produktivit\u0101ti.<\/p>\n<p><img decoding=\"async\" src=\"https:\/\/www.hydraulic-cylinders.net\/wp-content\/uploads\/2025\/04\/songte-company-1.webp\" alt=\"K\u0101pur\u0137\u0113\u017eu ekskavatora E345D str\u0113les cilindrs\" \/><\/p>\n<h3>Defin\u012bcija un funkcionalit\u0101te<\/h3>\n<p>Kausa cilindrs ir hidraulisk\u0101 cilindra veids, kas \u012bpa\u0161i izstr\u0101d\u0101ts, lai p\u0101rvald\u012btu kausu kust\u012bbu smagaj\u0101s ma\u0161\u012bn\u0101s. \u0160ie cilindri nodro\u0161ina prec\u012bzu kontroli, kas nepiecie\u0161ama materi\u0101lu cel\u0161anai, nodro\u0161inot, ka smagas kravas var viegli apstr\u0101d\u0101t. Hidrauliskaj\u0101s sist\u0113m\u0101s kausa cilindrs sa\u0146em hidraulisko \u0161\u0137idrumu zem augsta spiediena, kas aktiviz\u0113 t\u0101 meh\u0101nismu, nodro\u0161inot vienm\u0113r\u012bgu darb\u012bbu pat sare\u017e\u0123\u012btos apst\u0101k\u013cos. P\u0101rveidojot hidraulisko ener\u0123iju meh\u0101niskaj\u0101 ener\u0123ij\u0101, \u0161ie cilindri uzlabo ekskavatoru un citas tehnikas ekspluat\u0101cijas iesp\u0113jas, padarot tos neaizst\u0101jamus b\u016bvniec\u012bbas un lauksaimniec\u012bbas nozar\u0113s.<\/p>\n<h2>Galven\u0101s iez\u012bmes<\/h2>\n<ul>\n<li><strong>Augsta iztur\u012bba un ilgm\u016b\u017e\u012bba:<\/strong> \u0160ie cilindri ir izgatavoti no augstas stipr\u012bbas t\u0113rauda vai alum\u012bnija, un tie ir paredz\u0113ti, lai iztur\u0113tu augstu spiedienu un lielas slodzes, nodro\u0161inot ilgsto\u0161u veiktsp\u0113ju skarbos darba apst\u0101k\u013cos.<\/li>\n<li><strong>Efekt\u012bva hidraulisk\u0101 darb\u012bba:<\/strong> Cilindrs izmanto hidraulisk\u0101s e\u013c\u013cas spiedienu, lai nodro\u0161in\u0101tu vienm\u0113r\u012bgu un atsauc\u012bgu izstiep\u0161anu un ievilk\u0161anu, pied\u0101v\u0101jot jaud\u012bgas stum\u0161anas un vilk\u0161anas iesp\u0113jas, kas piem\u0113rotas smagu materi\u0101lu apstr\u0101dei.<\/li>\n<li><strong>Da\u017e\u0101das iesp\u0113jas:<\/strong> Pieejams vienk\u0101r\u0161\u0101s un divk\u0101r\u0161\u0101s darb\u012bbas konfigur\u0101cij\u0101s atkar\u012bb\u0101 no ekspluat\u0101cijas vajadz\u012bb\u0101m, un da\u017eiem mode\u013ciem ir teleskopiska konstrukcija, kas nodro\u0161ina lab\u0101ku sasniedzam\u012bbu, nepalielinot \u0101r\u0113jos izm\u0113rus.<\/li>\n<li><strong>Korozijas iztur\u012bba:<\/strong> Izstr\u0101d\u0101ts no materi\u0101liem, kas iztur\u012bgi pret koroziju, nodro\u0161inot ilgm\u016b\u017e\u012bbu un uzticam\u012bbu pat mitr\u0101 vai kod\u012bg\u0101 vid\u0113.<\/li>\n<li><strong>Vienk\u0101r\u0161a uzst\u0101d\u012b\u0161ana:<\/strong> Izstr\u0101d\u0101ts vienk\u0101r\u0161ai uzst\u0101d\u012b\u0161anai, \u013caujot operatoriem neman\u0101mi integr\u0113t cilindru eso\u0161aj\u0101s ma\u0161\u012bnu sist\u0113m\u0101s.<\/li>\n<\/ul>\n<h3>Ra\u017eo\u0161anas izcil\u012bba<\/h3>\n<p>M\u0113s specializ\u0113jamies augstas kvalit\u0101tes str\u0113les cilindru ra\u017eo\u0161an\u0101, kas lieliski aizst\u0101j eso\u0161os hidrauliskos cilindrus, nodro\u0161inot sader\u012bbu un veiktsp\u0113ju. M\u016bsu ra\u017eo\u0161anas procesi atbilst stingriem kvalit\u0101tes standartiem, padarot m\u016bsu produktus par uzticamu izv\u0113li da\u017e\u0101diem smag\u0101s tehnikas pielietojumiem.<\/p>\n<p><img decoding=\"async\" src=\"https:\/\/www.hydraulic-cylinders.net\/wp-content\/uploads\/2025\/04\/songte-cylinder-head-with-all-kinds-excavator-models.webp\" alt=\"Hidraulisko cilindru ra\u017eo\u0161ana\" \/><\/p>\n<h2>Str\u0113les cilindru pielietojums<\/h2>\n<h3>Celtniec\u012bbas apr\u012bkojums<\/h3>\n<p>Ekskavatoros str\u0113les cilindri ir vit\u0101li svar\u012bgi zemes vai gru\u017eu rak\u0161anai, iekrau\u0161anai un p\u0101rvieto\u0161anai. Tie \u013cauj str\u0113lei veikt noteiktas kust\u012bbas, veicinot efekt\u012bvu rak\u0161anu un materi\u0101lu apstr\u0101di. \u0160o cilindru uzticam\u012bba uzlabo kop\u0113jo produktivit\u0101ti b\u016bvlaukumos.<\/p>\n<h3>Lauksaimniec\u012bbas tehnika<\/h3>\n<p>Front\u0101lo iekr\u0101v\u0113ju str\u0113les cilindri p\u0101rvalda augsnes, siena un da\u017e\u0101du materi\u0101lu cel\u0161anu un transport\u0113\u0161anu. To iztur\u012bba \u013cauj efekt\u012bvi darboties lauksaimniec\u012bbas darbos, uzlabojot efektivit\u0101ti un samazinot manu\u0101lo darbu.<\/p>\n<h3>Ekskavatori<\/h3>\n<p>Ekskavatoros str\u0113les cilindrs \u013cauj kausam efekt\u012bvi iek\u013c\u016bt augsn\u0113, padarot iesp\u0113jamu dzi\u013cu rak\u0161anu. \u0160\u012b sp\u0113ja ir \u013coti svar\u012bga projektiem, kuriem nepiecie\u0161ama prec\u012bza rak\u0161ana, nodro\u0161inot, ka uzdevumi tiek paveikti efekt\u012bvi un prec\u012bzi.<\/p>\n<h3>Iekr\u0101v\u0113ji<\/h3>\n<p>Front\u0101lajos iekr\u0101v\u0113jos str\u0113les cilindri pal\u012bdz efekt\u012bvi pacelt un izg\u0101zt kravas. Tie nodro\u0161ina nepiecie\u0161amo sp\u0113ku smagu materi\u0101lu apstr\u0101dei, t\u0101d\u0113j\u0101di pa\u0101trinot projektu pabeig\u0161anas laiku un palielinot darb\u012bbas efektivit\u0101ti.<\/p>\n<h2>Dizaina apsv\u0113rumi un atlases krit\u0113riji<\/h2>\n<h3>Kravnes\u012bba<\/h3>\n<p>Izv\u0113loties str\u0113les cilindru, kravnes\u012bba ir kritisks faktors. Cilindram j\u0101sp\u0113j iztur\u0113t apstr\u0101d\u0101jamo kravu svaru bez boj\u0101juma riska. In\u017eenieriem j\u0101apr\u0113\u0137ina maksim\u0101l\u0101 slodze, lai nodro\u0161in\u0101tu, ka cilindra iztur\u012bba atbilst ekspluat\u0101cijas pras\u012bb\u0101m. Cilindrs ar nepietiekamu kravnes\u012bbu var izrais\u012bt katastrof\u0101las atteices, radot dro\u0161\u012bbas riskus un d\u0101rgas d\u012bkst\u0101ves.<\/p>\n<h3>Bl\u012bv\u0113juma veiktsp\u0113ja<\/h3>\n<p>Hidrauliskajiem cilindriem bl\u012bv\u0113jums ir b\u016btisks, lai uztur\u0113tu spiedienu un nov\u0113rstu nopl\u016bdes. Augstas kvalit\u0101tes bl\u012bv\u0113jumi, piem\u0113ram, virzu\u013ca bl\u012bv\u0113jumi un stie\u0146a bl\u012bv\u0113jumi, kas izgatavoti no iztur\u012bgiem materi\u0101liem, piem\u0113ram, poliuret\u0101na vai nitrila gumijas, ir \u013coti svar\u012bgi, lai nodro\u0161in\u0101tu ilgsto\u0161u darb\u012bbu. Pareiza bl\u012bv\u0113\u0161ana samazina \u0161\u0137idruma zudumus un palielina efektivit\u0101ti, pagarinot hidraulisk\u0101s sist\u0113mas kalpo\u0161anas laiku.<\/p>\n<h3>Iztur\u012bba un apkope<\/h3>\n<p>Iztur\u012bba ir \u0101rk\u0101rt\u012bgi svar\u012bga hidraulisko cilindru konstrukcij\u0101. Tiem j\u0101iztur skarbi darba apst\u0101k\u013ci, tostarp net\u012brumu, mitruma un ekstrem\u0101lu temperat\u016bru iedarb\u012bba. Materi\u0101lu izv\u0113le, kas ir iztur\u012bgi pret nodilumu un koroziju, iev\u0113rojami uzlabos cilindra kalpo\u0161anas laiku. Regul\u0101ra apkope ar\u012b ir \u013coti svar\u012bga iztur\u012bbas nodro\u0161in\u0101\u0161an\u0101, pieprasot operatoriem iev\u0113rot ieteicamos apkopes grafikus.<\/p>\n<h3>Dro\u0161\u012bbas funkcijas<\/h3>\n<p>Dro\u0161\u012bba ir kritiski svar\u012bgs jaut\u0101jums, lietojot hidrauliskos cilindrus. Dro\u0161\u012bbas funkciju, piem\u0113ram, p\u0101rslodzes v\u0101rstu, iek\u013cau\u0161ana var nov\u0113rst dro\u0161a spiediena robe\u017ev\u0113rt\u012bbu p\u0101rsnieg\u0161anu sist\u0113m\u0101. Turkl\u0101t, lai samazin\u0101tu negad\u012bjumu un traumu skaitu, ir svar\u012bgi nodro\u0161in\u0101t operatoru atbilsto\u0161u apm\u0101c\u012bbu par dro\u0161u apie\u0161anos.<\/p>\n<h3>Apkopes vienk\u0101r\u0161\u012bba<\/h3>\n<p>Vienk\u0101r\u0161as apkopes nodro\u0161in\u0101\u0161ana var iev\u0113rojami samazin\u0101t d\u012bkst\u0101ves laiku. T\u0101das funkcijas k\u0101 piek\u013cuves atveres e\u013c\u013co\u0161anai un vienk\u0101r\u0161i demont\u0101\u017eas procesi atvieglos regul\u0101ras p\u0101rbaudes un remontu. Labi uztur\u0113ts cilindrs darbosies uzticami, samazinot negaid\u012btu k\u013c\u016bmju un ar t\u0101m saist\u012bto izmaksu risku.<\/p>\n<p><img decoding=\"async\" src=\"https:\/\/www.hydraulic-cylinders.net\/wp-content\/uploads\/2025\/04\/songte-oil-pipes-and-spare-parts.webp\" alt=\"Hidraulisko cilindru deta\u013cas\" \/><\/p>\n<h2>Bl\u012bv\u0113\u0161ana un e\u013c\u013co\u0161ana<\/h2>\n<p>Pareiza bl\u012bv\u0113\u0161ana un e\u013c\u013co\u0161ana ir \u013coti svar\u012bga hidraulisko cilindru efekt\u012bvai darb\u012bbai. Lai uztur\u0113tu spiedienu un nov\u0113rstu \u0161\u0137idruma nopl\u016bdes, tiek izmantoti da\u017e\u0101di bl\u012bv\u0113jumi, piem\u0113ram, virzu\u013ca bl\u012bv\u0113jumi un stie\u0146a bl\u012bv\u0113jumi. \u0160iem bl\u012bv\u0113jumiem j\u0101b\u016bt izgatavotiem no nodilumiztur\u012bgiem materi\u0101liem, piem\u0113ram, poliuret\u0101na vai nitrila gumijas, lai tie iztur\u0113tu hidraulisko darb\u012bbu rad\u012bt\u0101s gr\u016bt\u012bbas.<\/p>\n<p>Cilindra korpuss un v\u012bt\u0146otie gali ir prec\u012bzi j\u0101apstr\u0101d\u0101, lai uzlabotu nodilumiztur\u012bbu, nodro\u0161inot cie\u0161u piegul\u0161anu un samazinot nopl\u016b\u017eu iesp\u0113jam\u012bbu. Lai uztur\u0113tu optim\u0101lu darb\u012bbu, ir nepiecie\u0161ama regul\u0101ra e\u013c\u013co\u0161ana ar atbilsto\u0161u hidraulisko e\u013c\u013cu, jo t\u0101 samazina berzi un nodilumu, t\u0101d\u0113j\u0101di palielinot cilindra kalpo\u0161anas laiku.<\/p>\n<h2>Regul\u0101ra p\u0101rbaude un profilaktisk\u0101 apkope<\/h2>\n<ul>\n<li><strong>Regul\u0101ras p\u0101rbaudes:<\/strong> Regul\u0101ri p\u0101rbaudiet hidrauliskos cilindrus, vai nav nodiluma vai boj\u0101jumu paz\u012bmju. Tas ietver nopl\u016b\u017eu, plaisu vai jebk\u0101du deform\u0101ciju p\u0101rbaudi cilindra korpus\u0101. Probl\u0113mu agr\u012bna atkl\u0101\u0161ana var nov\u0113rst katastrof\u0101las k\u013c\u016bmes.<\/li>\n<li><strong>Pareiza e\u013c\u013co\u0161ana:<\/strong> P\u0101rliecinieties, ka hidraulisk\u0101s e\u013c\u013cas l\u012bmenis ir pareizs un t\u0101 nesatur piemais\u012bjumus. Regul\u0101ri p\u0101rbaudiet un nomainiet e\u013c\u013cu p\u0113c nepiecie\u0161am\u012bbas, lai uztur\u0113tu optim\u0101lu veiktsp\u0113ju.<\/li>\n<li><strong>Bl\u012bv\u0113juma nomai\u0146a:<\/strong> Laika gait\u0101 bl\u012bves var nolietoties un t\u0101s var b\u016bt j\u0101nomaina. Regul\u0101ri p\u0101rbaudiet, vai bl\u012bves nav nolietoju\u0161\u0101s, un nomainiet t\u0101s, lai nov\u0113rstu nopl\u016bdes un uztur\u0113tu spiedienu.<\/li>\n<\/ul>\n<h2>Uzst\u0101d\u012b\u0161anas vadl\u012bnijas<\/h2>\n<p>Pareiza str\u0113les cilindra uzst\u0101d\u012b\u0161ana ir b\u016btiska t\u0101 veiktsp\u0113jai un ilgm\u016b\u017e\u012bbai. S\u0101ciet, r\u016bp\u012bgi izl\u012bdzinot cilindru ar tehnikas stiprin\u0101juma punktiem. Ir svar\u012bgi izmantot atbilsto\u0161us stiprin\u0101juma kron\u0161teinus, lai nostiprin\u0101tu cilindru viet\u0101, nodro\u0161inot, ka tas ir pareizi izl\u012bdzin\u0101ts, lai nov\u0113rstu p\u0101rm\u0113r\u012bgu slodzi uz cilindru darb\u012bbas laik\u0101.<\/p>\n<p>Pirms cilindra nostiprin\u0101\u0161anas p\u0101rliecinieties, vai visi hidrauliskie savienojumi ir pareizi pievilkti, lai nov\u0113rstu nopl\u016bdes. Kad cilindrs ir uzst\u0101d\u012bts, p\u0101rbaudiet, vai hidraulisk\u0101s l\u012bnijas ir pareizi izvietotas un nav samezgloju\u0161\u0101s vai aizsprostotas. P\u0113c uzst\u0101d\u012b\u0161anas ieteicams veikt testa darb\u012bbu, lai p\u0101rbaud\u012btu, vai nav nopl\u016b\u017eu, un nodro\u0161in\u0101tu nevainojamu darb\u012bbu.<\/p>\n<h2>Apkopes uzdevumi<\/h2>\n<h3>Regul\u0101ras p\u0101rbaudes<\/h3>\n<p>Regul\u0101ru p\u0101rbau\u017eu veik\u0161ana ir \u013coti svar\u012bga, lai laikus identific\u0113tu iesp\u0113jam\u0101s probl\u0113mas. P\u0101rbaudiet, vai nav nopl\u016b\u017eu vai nodiluma paz\u012bmju, un nekav\u0113joties nov\u0113rsiet t\u0101s, lai v\u0113l\u0101k izvair\u012btos no liel\u0101k\u0101m probl\u0113m\u0101m. Regul\u0101ras p\u0101rbaudes pal\u012bdz uztur\u0113t hidraulisk\u0101s sist\u0113mas uzticam\u012bbu un veiktsp\u0113ju.<\/p>\n<h3>Pareiza e\u013c\u013co\u0161ana<\/h3>\n<p>Pareiza hidraulisk\u0101s e\u013c\u013cas veida un daudzuma uzkl\u0101\u0161ana ir \u013coti svar\u012bga efekt\u012bvai darb\u012bbai. Regul\u0101ra e\u013c\u013co\u0161ana samazina kust\u012bgo da\u013cu berzi un nodilumu, pal\u012bdzot saglab\u0101t hidraulisk\u0101s sist\u0113mas integrit\u0101ti. Iev\u0113rojiet ra\u017eot\u0101ja nor\u0101d\u012bjumus par e\u013c\u013co\u0161anas interv\u0101liem un \u0161\u0137idruma specifik\u0101cij\u0101m.<\/p>\n<h3>Bl\u012bv\u0113juma nomai\u0146a<\/h3>\n<p>Laika gait\u0101 bl\u012bves var nolietoties un izrais\u012bt nopl\u016bdes. Regul\u0101ri p\u0101rbaudiet bl\u012bves, vai t\u0101s nav nodilu\u0161as, un nomainiet t\u0101s p\u0113c nepiecie\u0161am\u012bbas. Bl\u012bvju apkopes nov\u0101rt\u0101 atst\u0101\u0161ana var izrais\u012bt hidraulisk\u0101 \u0161\u0137idruma zudumu un efektivit\u0101tes samazin\u0101\u0161anos, ietekm\u0113jot kop\u0113jo ma\u0161\u012bnas veiktsp\u0113ju.<\/p>\n<p><img decoding=\"async\" src=\"https:\/\/www.hydraulic-cylinders.net\/wp-content\/uploads\/2025\/04\/songte-chushion-collar.webp\" alt=\"Hidraulisko cilindru uzst\u0101d\u012b\u0161ana un apkope\" \/><\/p>\n<h2>Dro\u0161\u012bbas apsv\u0113rumi un vides faktori<\/h2>\n<p>Str\u0101d\u0101jot ar hidrauliskajiem cilindriem, dro\u0161\u012bbas pas\u0101kumi ir \u0101rk\u0101rt\u012bgi svar\u012bgi, lai nodro\u0161in\u0101tu operatoru un apk\u0101rt\u0113jo personu labsaj\u016btu. Pareiza apm\u0101c\u012bba par hidraulisko iek\u0101rtu lieto\u0161anu un dro\u0161\u012bbas protokolu iev\u0113ro\u0161ana var mazin\u0101t riskus. Ir svar\u012bgi ar\u012b regul\u0101ri p\u0101rbaud\u012bt hidraulisk\u0101s sist\u0113mas, vai nav nopl\u016b\u017eu vai boj\u0101jumu, kas var\u0113tu rad\u012bt dro\u0161\u012bbas apdraud\u0113jumu. Turkl\u0101t j\u0101\u0146em v\u0113r\u0101 videi draudz\u012bga prakse, piem\u0113ram, pareiza hidraulisko \u0161\u0137idrumu utiliz\u0101cija un materi\u0101lu p\u0101rstr\u0101de, kad vien iesp\u0113jams.<\/p>\n<h2>Probl\u0113mu nov\u0113r\u0161ana un bie\u017ei sastopamas probl\u0113mas<\/h2>\n<ul>\n<li><strong>Nopl\u016bde:<\/strong> Nopl\u016bde var rasties nodilu\u0161u bl\u012bv\u0113jumu vai boj\u0101tu cilindru korpusu d\u0113\u013c. Regul\u0101ra apkope un p\u0101rbaude var pal\u012bdz\u0113t laikus identific\u0113t nopl\u016bdes un nov\u0113rst turpm\u0101kus boj\u0101jumus.<\/li>\n<li><strong>Samazin\u0101ta veiktsp\u0113ja:<\/strong> Ja cilindrs neizvirz\u0101s vai neievelkas vienm\u0113r\u012bgi, tas var b\u016bt saist\u012bts ar zemu hidraulisk\u0101 \u0161\u0137idruma l\u012bmeni vai pies\u0101r\u0146ojumu. P\u0101rliecinieties par pareizu hidraulisk\u0101s e\u013c\u013cas l\u012bmeni un kvalit\u0101ti.<\/li>\n<li><strong>P\u0101rkar\u0161ana:<\/strong> P\u0101rkar\u0161anu var izrais\u012bt p\u0101rm\u0113r\u012bgs spiediens vai nepietiekama e\u013c\u013co\u0161ana. Lai nov\u0113rstu p\u0101rkar\u0161anu, ir svar\u012bgi uzraudz\u012bt darba temperat\u016bru un uztur\u0113t atbilsto\u0161u e\u013c\u013co\u0161anas l\u012bmeni.<\/li>\n<\/ul>\n<h3>Probl\u0113mu nov\u0113r\u0161anas padomi<\/h3>\n<p>Lai efekt\u012bvi diagnostic\u0113tu un nov\u0113rstu hidraulisko cilindru probl\u0113mas, operatoriem j\u0101uztur potenci\u0101lo probl\u0113mu kontrolsaraksts. Regul\u0101ras p\u0101rbaudes var pal\u012bdz\u0113t atkl\u0101t probl\u0113mas, pirms t\u0101s saasin\u0101s. Ja tiek konstat\u0113ta nopl\u016bde, nekav\u0113joties p\u0101rbaudiet, vai bl\u012bves un savienojumi nav boj\u0101ti. Veiktsp\u0113jas probl\u0113mu gad\u012bjum\u0101 hidraulisk\u0101 \u0161\u0137idruma l\u012bme\u0146a un kvalit\u0101tes p\u0101rbaude bie\u017ei vien var atkl\u0101t pamat\u0101 eso\u0161\u0101s probl\u0113mas. Prevent\u012bvu pas\u0101kumu, piem\u0113ram, regul\u0101ras apkopes, ievie\u0161ana pal\u012bdz samazin\u0101t turpm\u0101ku probl\u0113mu iesp\u0113jam\u012bbu.<\/p>\n<p><img decoding=\"async\" src=\"https:\/\/www.hydraulic-cylinders.net\/wp-content\/uploads\/2025\/04\/songte-bushings-with-all-kinds-of-excavator-models.webp\" alt=\"Hidraulisko cilindru probl\u0113mu nov\u0113r\u0161ana\" \/><\/p>\n<h2>Uz\u0146\u0113muma p\u0101rskats<\/h2>\n<p>M\u0113s esam vado\u0161ais rezerves hidraulisko cilindru ra\u017eot\u0101js, kas pied\u0101v\u0101 pla\u0161u produktu kl\u0101stu gan viet\u0113jam, gan starptautiskajam tirgum. M\u016bsu ap\u0146em\u0161an\u0101s sasniegt izcil\u012bbu atspogu\u013cojas m\u016bsu kvalit\u0101tes nodro\u0161in\u0101\u0161anas procesos un modernaj\u0101s ra\u017eo\u0161anas iek\u0101rt\u0101s. Koncentr\u0113joties uz prec\u012bzu in\u017eenieriju, m\u0113s izmantojam augst\u0101k\u0101s klases digit\u0101l\u0101s ra\u017eo\u0161anas iek\u0101rtas un profesion\u0101las test\u0113\u0161anas sist\u0113mas, lai nodro\u0161in\u0101tu, ka m\u016bsu produkti atbilst stingriem nozares standartiem.<\/p>\n<p>M\u016bsu pieredze hidrauliskaj\u0101 tehnolo\u0123ij\u0101 \u013cauj mums pied\u0101v\u0101t piel\u0101gotus risin\u0101jumus, kas piel\u0101goti konkr\u0113t\u0101m klientu pras\u012bb\u0101m. Ar stabilu p\u0113cp\u0101rdo\u0161anas atbalsta sist\u0113mu m\u0113s nodro\u0161in\u0101m, ka m\u016bsu klienti sa\u0146em izcilu apkalpo\u0161anu un pal\u012bdz\u012bbu, nostiprinot m\u016bsu reput\u0101ciju k\u0101 uzticamam partnerim hidraulisko komponentu nozar\u0113.<\/p>\n<p><img decoding=\"async\" src=\"https:\/\/www.hydraulic-cylinders.net\/wp-content\/uploads\/2025\/04\/songte-company-4.webp\" alt=\"Uz\u0146\u0113muma ra\u017eo\u0161anas iek\u0101rta\" \/><br \/>\n<img decoding=\"async\" src=\"https:\/\/www.hydraulic-cylinders.net\/wp-content\/uploads\/2025\/04\/songte-company-3.webp\" alt=\"Uz\u0146\u0113muma p\u0101rskats\" \/><\/p>\n<p>Autors: lil<\/p>","protected":false},"excerpt":{"rendered":"<p>Boom Cylinder For Caterpillar Large Excavator E345D Product Overview The Boom Cylinder for Caterpillar Large Excavator E345D is an essential hydraulic component designed to control the movement of the boom in heavy machinery. This hydraulic cylinder plays a crucial role in facilitating various tasks, such as lifting, lowering, and tilting the boom of excavators, backhoe [&hellip;]<\/p>","protected":false},"featured_media":17880,"comment_status":"open","ping_status":"closed","template":"","meta":{"_et_pb_use_builder":"","_et_pb_old_content":"","_et_gb_content_width":""},"product_brand":[],"product_cat":[1546],"product_tag":[1547,1496],"class_list":{"0":"post-18968","1":"product","2":"type-product","3":"status-publish","4":"has-post-thumbnail","6":"product_cat-boom-cylinders","7":"product_tag-boom-cylinders","8":"product_tag-hydraulic-cylinders","10":"first","11":"instock","12":"shipping-taxable","13":"product-type-simple"},"amp_enabled":true,"_links":{"self":[{"href":"https:\/\/www.hydraulic-cylinders.net\/lv\/wp-json\/wp\/v2\/product\/18968","targetHints":{"allow":["GET"]}}],"collection":[{"href":"https:\/\/www.hydraulic-cylinders.net\/lv\/wp-json\/wp\/v2\/product"}],"about":[{"href":"https:\/\/www.hydraulic-cylinders.net\/lv\/wp-json\/wp\/v2\/types\/product"}],"replies":[{"embeddable":true,"href":"https:\/\/www.hydraulic-cylinders.net\/lv\/wp-json\/wp\/v2\/comments?post=18968"}],"wp:featuredmedia":[{"embeddable":true,"href":"https:\/\/www.hydraulic-cylinders.net\/lv\/wp-json\/wp\/v2\/media\/17880"}],"wp:attachment":[{"href":"https:\/\/www.hydraulic-cylinders.net\/lv\/wp-json\/wp\/v2\/media?parent=18968"}],"wp:term":[{"taxonomy":"product_brand","embeddable":true,"href":"https:\/\/www.hydraulic-cylinders.net\/lv\/wp-json\/wp\/v2\/product_brand?post=18968"},{"taxonomy":"product_cat","embeddable":true,"href":"https:\/\/www.hydraulic-cylinders.net\/lv\/wp-json\/wp\/v2\/product_cat?post=18968"},{"taxonomy":"product_tag","embeddable":true,"href":"https:\/\/www.hydraulic-cylinders.net\/lv\/wp-json\/wp\/v2\/product_tag?post=18968"}],"curies":[{"name":"wp","href":"https:\/\/api.w.org\/{rel}","templated":true}]}}