{"id":18972,"date":"2025-04-07T06:04:53","date_gmt":"2025-04-07T06:04:53","guid":{"rendered":"https:\/\/www.hydraulic-cylinders.net\/product\/boom-cylinder-for-caterpillar-large-excavator-e329d-329dl\/"},"modified":"2025-04-07T06:04:55","modified_gmt":"2025-04-07T06:04:55","slug":"boom-cylinder-for-caterpillar-large-excavator-e329d-329dl","status":"publish","type":"product","link":"https:\/\/www.hydraulic-cylinders.net\/lv\/products\/boom-cylinder-for-caterpillar-large-excavator-e329d-329dl\/","title":{"rendered":"Str\u0113les cilindrs Caterpillar lielajam ekskavatoram E329D\/329DL"},"content":{"rendered":"<h1>Str\u0113les cilindrs Caterpillar lielajam ekskavatoram E329D\/329DL<\/h1>\n<h2>Produkta p\u0101rskats<\/h2>\n<p>Str\u0113les cilindrs ir kritiski svar\u012bga sast\u0101vda\u013ca, kas \u012bpa\u0161i izstr\u0101d\u0101ta Caterpillar lielajiem ekskavatoru mode\u013ciem E329D un 329DL. \u0160im hidrauliskajam cilindram ir b\u016btiska loma ekskavatora str\u0113les kust\u012bbas kontrol\u0113\u0161an\u0101, \u013caujot operatoriem prec\u012bzi pacelt, nolaist un noliekt. Tas ir b\u016btisks da\u017e\u0101diem materi\u0101lu apstr\u0101des uzdevumiem, padarot to par st\u016brakmeni smago ma\u0161\u012bnu ekspluat\u0101cij\u0101. Kausa cilindrs ir hidraulisk\u0101 cilindra veids, kas paredz\u0113ts smago ma\u0161\u012bnu kausu, piem\u0113ram, ekskavatoros, ekskavatoros-iekr\u0101v\u0113jos un front\u0101lajos iekr\u0101v\u0113jos, kust\u012bbu p\u0101rvald\u012bbai. Tas \u013cauj kausam efekt\u012bvi pacelt, nolaist un noliekt, atvieglojot t\u0101dus uzdevumus k\u0101 rak\u0161ana, iekrau\u0161ana un materi\u0101lu p\u0101rvieto\u0161ana.<\/p>\n<p><img decoding=\"async\" src=\"https:\/\/www.hydraulic-cylinders.net\/wp-content\/uploads\/2025\/04\/songte-company-1.webp\" alt=\"Str\u0113les cilindrs\"><\/p>\n<h2>Str\u0113les cilindra \u012bpa\u0161\u012bbas<\/h2>\n<ul>\n<li>\n<h3>Augsta iztur\u012bba un ilgm\u016b\u017e\u012bba<\/h3>\n<p>\u0160ie cilindri, kas parasti ir izgatavoti no augstas stipr\u012bbas t\u0113rauda vai alum\u012bnija, ir paredz\u0113ti, lai iztur\u0113tu \u0101rk\u0101rt\u0113ju spiedienu un lielas slodzes, padarot tos piem\u0113rotus skarbiem darba apst\u0101k\u013ciem. Konstrukcij\u0101 ir iek\u013cauta nodilumiztur\u012bba un iztur\u012bba pret koroziju, pagarinot produkta kalpo\u0161anas laiku.<\/p>\n<\/li>\n<li>\n<h3>Efekt\u012bva hidraulisk\u0101 darb\u012bba<\/h3>\n<p>Izmanto hidraulisk\u0101s e\u013c\u013cas spiedienu vienm\u0113r\u012bg\u0101m izstiep\u0161anas un ievilk\u0161anas kust\u012bb\u0101m, \u013caujot \u0101tri rea\u0123\u0113t uz operatora komand\u0101m un nodro\u0161inot sp\u0113c\u012bgu stum\u0161anas un vilk\u0161anas sp\u0113ku, kas ir ide\u0101li piem\u0113rots smagu un sare\u017e\u0123\u012btu operacion\u0101lu uzdevumu veik\u0161anai.<\/p>\n<\/li>\n<li>\n<h3>Da\u017e\u0101di veidi<\/h3>\n<p>Pieejams vienk\u0101r\u0161\u0101s darb\u012bbas (izmantojot hidrauliku vien\u0101 virzien\u0101) vai divk\u0101r\u0161\u0101s darb\u012bbas (izmantojot hidrauliku abos virzienos) konfigur\u0101cij\u0101s, lai apmierin\u0101tu da\u017e\u0101das ekspluat\u0101cijas vajadz\u012bbas. Da\u017ei mode\u013ci ir teleskopiski, kas \u013cauj veikt liel\u0101ku pagarin\u0101jumu, nepalielinot \u0101r\u0113jos izm\u0113rus, un ir piem\u0113roti lietojumiem ar ierobe\u017eotu vietu.<\/p>\n<\/li>\n<li>\n<h3>Piel\u0101gota ra\u017eo\u0161ana<\/h3>\n<p>M\u0113s specializ\u0113jamies \u0161\u012b produkta ra\u017eo\u0161an\u0101, un m\u016bsu cilindri var lieliski aizst\u0101t eso\u0161os hidrauliskos cilindrus j\u016bsu ma\u0161\u012bn\u0101s.<\/p>\n<\/li>\n<li>\n<h3>Daudzpus\u012bgi pielietojumi<\/h3>\n<p>Izstr\u0101d\u0101ts, lai atbilstu da\u017e\u0101diem mode\u013ciem un lietojumiem, nodro\u0161inot uzticam\u012bbu un veiktsp\u0113ju da\u017e\u0101d\u0101s iek\u0101rt\u0101s.<\/p>\n<\/li>\n<\/ul>\n<p><img decoding=\"async\" src=\"https:\/\/www.hydraulic-cylinders.net\/wp-content\/uploads\/2025\/04\/songte-cylinder-head-with-all-kinds-excavator-models.webp\" alt=\"K\u0101pur\u0137\u0113\u017eu ekskavatoru mode\u013ci\"><\/p>\n<h2>Str\u0113les cilindra pielietojumi<\/h2>\n<h3>Celtniec\u012bbas apr\u012bkojums<\/h3>\n<p>Ekskavatoros str\u0113les cilindri ir \u013coti svar\u012bgi rak\u0161anai, iekrau\u0161anai un augsnes vai gru\u017eu p\u0101rvieto\u0161anai. Tie \u013cauj str\u0113lei izstiepties un ievilkties, nodro\u0161inot nepiecie\u0161amo celtsp\u0113ju, lai efekt\u012bvi veiktu b\u016bvniec\u012bbas darbus. Ekskavatoros-iekr\u0101v\u0113jos kausa cilindrs pal\u012bdz ne tikai rak\u0161an\u0101, bet ar\u012b cel\u0161an\u0101, uzlabojot apr\u012bkojuma daudzpus\u012bbu b\u016bvlaukumos.<\/p>\n<h3>Lauksaimniec\u012bbas tehnika<\/h3>\n<p>Front\u0101lajos iekr\u0101v\u0113jos str\u0113les cilindri tiek izmantoti augsnes, siena un citu materi\u0101lu sav\u0101k\u0161anai, pacel\u0161anai un transport\u0113\u0161anai. To sp\u0113ja nodro\u0161in\u0101t iev\u0113rojamu celtsp\u0113ju ir b\u016btiska lauksaimniec\u012bbas darbos, nodro\u0161inot \u0101tru un efekt\u012bvu materi\u0101lu apstr\u0101di.<\/p>\n<h3>Ekskavatori<\/h3>\n<p>Ekskavatoros str\u0113les cilindrs atvieglo rak\u0161anu, \u013caujot kausam iek\u013c\u016bt zem\u0113. \u0160\u012b sp\u0113ja ir vit\u0101li svar\u012bga rak\u0161anas darbos, atvieglojot zemes uzirdin\u0101\u0161anu un \u0101tru zemes iz\u0146em\u0161anu.<\/p>\n<h3>Iekr\u0101v\u0113ji<\/h3>\n<p>Front\u0101lajos iekr\u0101v\u0113jos str\u0113les cilindri pal\u012bdz efekt\u012bvi pacelt un izkraut kravas. \u0160\u012b funkcionalit\u0101te ir kritiski svar\u012bga materi\u0101lu iekrau\u0161anai kravas automa\u0161\u012bn\u0101s vai konveijeros, veicinot materi\u0101lu apstr\u0101des oper\u0101ciju kop\u0113jo efektivit\u0101ti b\u016bvniec\u012bb\u0101 un lauksaimniec\u012bb\u0101.<\/p>\n<h2>Dizaina apsv\u0113rumi un atlases krit\u0113riji<\/h2>\n<h3>Kravnes\u012bba<\/h3>\n<p>Str\u0113les cilindra kravnes\u012bba ir \u0101rk\u0101rt\u012bgi svar\u012bga. Tam j\u0101b\u016bt projekt\u0113tam t\u0101, lai tas iztur\u0113tu pace\u013camo materi\u0101lu svaru bez boj\u0101juma riska. Pareiza slodzes pras\u012bbu nov\u0113rt\u0113\u0161ana nodro\u0161ina, ka cilindrs darbojas t\u0101 robe\u017e\u0101s, veicinot dro\u0161\u012bbu un ilgm\u016b\u017e\u012bbu.<\/p>\n<h3>Bl\u012bv\u0113juma integrit\u0101te<\/h3>\n<p>Efekt\u012bva bl\u012bv\u0113\u0161ana ir b\u016btiska, lai nov\u0113rstu hidraulisk\u0101 \u0161\u0137idruma nopl\u016bdi, kas var izrais\u012bt veiktsp\u0113jas probl\u0113mas un vides ba\u017eas. Kvalitat\u012bvas bl\u012bves, kas izgatavotas no iztur\u012bgiem materi\u0101liem, piem\u0113ram, poliuret\u0101na un nitrilgumijas, ir b\u016btiskas, lai saglab\u0101tu hidraulisk\u0101s sist\u0113mas integrit\u0101ti da\u017e\u0101dos ekspluat\u0101cijas apst\u0101k\u013cos.<\/p>\n<h3>Iztur\u012bba<\/h3>\n<p>Iztur\u012bba ir galvenais faktors str\u0113les cilindru konstrukcij\u0101. Tiem j\u0101iztur ne tikai ekspluat\u0101cijas spiediens, bet ar\u012b \u0101r\u0113ji faktori, piem\u0113ram, putek\u013ci, net\u012brumi un mitrums. Materi\u0101lu izv\u0113le, kas ir iztur\u012bgi pret nodilumu un koroziju, iev\u0113rojami pagarina cilindra kalpo\u0161anas laiku.<\/p>\n<h3>Dro\u0161\u012bbas funkcijas<\/h3>\n<p>Dro\u0161\u012bba hidraulisko cilindru konstrukcij\u0101 nav apsprie\u017eama. T\u0101das funkcijas k\u0101 p\u0101rslodzes aizsardz\u012bba un spiediena samazin\u0101\u0161anas v\u0101rsti ir kritiski svar\u012bgas, lai nov\u0113rstu katastrof\u0101las k\u013c\u016bmes. Katrai sast\u0101vda\u013cai j\u0101atbilst stingriem dro\u0161\u012bbas standartiem, lai aizsarg\u0101tu operatorus un iek\u0101rtas.<\/p>\n<h3>Apkope un remont\u0113jam\u012bba<\/h3>\n<p>Izv\u0113loties str\u0113les cilindru, priorit\u0101tei j\u0101b\u016bt ar\u012b apkopes un remonta vienk\u0101r\u0161\u012bbai. Sast\u0101vda\u013c\u0101m j\u0101b\u016bt pieejam\u0101m p\u0101rbaudei un nomai\u0146ai, nodro\u0161inot, ka regul\u0101ru apkopi var veikt bez ilgsto\u0161as \u200b\u200bd\u012bkst\u0101ves.<\/p>\n<p><img decoding=\"async\" src=\"https:\/\/www.hydraulic-cylinders.net\/wp-content\/uploads\/2025\/04\/songte-oil-pipes-and-spare-parts.webp\" alt=\"Hidraulisk\u0101s da\u013cas\"><\/p>\n<h2>Bl\u012bv\u0113jumi un e\u013c\u013co\u0161ana<\/h2>\n<p>Hidraulisk\u0101s sist\u0113mas integrit\u0101tes saglab\u0101\u0161anai ir \u013coti svar\u012bgi izmantot da\u017e\u0101dus bl\u012bv\u0113\u0161anas elementus, piem\u0113ram, virzu\u013ca bl\u012bves un stie\u0146a bl\u012bves. Bl\u012bves, kas izgatavotas no nodilumiztur\u012bgiem materi\u0101liem, piem\u0113ram, poliuret\u0101na vai nitrila gumijas, pal\u012bdz nodro\u0161in\u0101t optim\u0101lu veiktsp\u0113ju. Turkl\u0101t cilindra korpuss un v\u012bt\u0146ot\u0101s gala virsmas ir r\u016bp\u012bgi j\u0101apstr\u0101d\u0101, lai uzlabotu nodilumiztur\u012bbu. Lai nodro\u0161in\u0101tu vienm\u0113r\u012bgu darb\u012bbu un nov\u0113rstu nodilumu, ir nepiecie\u0161ama regul\u0101ra e\u013c\u013co\u0161ana ar atbilsto\u0161u hidraulisko e\u013c\u013cu.<\/p>\n<h2>Prevent\u012bvie apkopes pas\u0101kumi<\/h2>\n<ul>\n<li>\n<h3>Regul\u0101ras p\u0101rbaudes<\/h3>\n<p>Veiciet regul\u0101ras str\u0113les cilindra p\u0101rbaudes, lai noteiktu nopl\u016bdes, nodilumu un pareizu izl\u012bdzin\u0101jumu. Tas pal\u012bdz identific\u0113t iesp\u0113jam\u0101s probl\u0113mas, pirms t\u0101s saasin\u0101s.<\/p>\n<\/li>\n<li>\n<h3>Piem\u0113rota e\u013c\u013co\u0161ana<\/h3>\n<p>P\u0101rliecinieties, ka cilindrs ir pien\u0101c\u012bgi iee\u013c\u013cots, lai samazin\u0101tu berzi un nodilumu. Izmantojiet ieteicamo hidraulisk\u0101s e\u013c\u013cas veidu un iev\u0113rojiet nor\u0101d\u012bto e\u013c\u013co\u0161anas grafiku.<\/p>\n<\/li>\n<li>\n<h3>Bl\u012bv\u0113juma nomai\u0146a<\/h3>\n<p>Uzraugiet bl\u012bv\u0113jumu integrit\u0101ti un nomainiet tos p\u0113c nepiecie\u0161am\u012bbas, lai uztur\u0113tu hidraulisk\u0101s sist\u0113mas efektivit\u0101ti. Boj\u0101ti bl\u012bv\u0113jumi var izrais\u012bt iev\u0113rojamas veiktsp\u0113jas probl\u0113mas, un to nomai\u0146ai j\u0101pie\u0161\u0137ir priorit\u0101te.<\/p>\n<\/li>\n<\/ul>\n<h2>Uzst\u0101d\u012b\u0161anas vadl\u012bnijas<\/h2>\n<p>Pareiza str\u0113les cilindra uzst\u0101d\u012b\u0161ana ir \u013coti svar\u012bga optim\u0101lai veiktsp\u0113jai. Vispirms p\u0101rliecinieties, vai darba vieta ir t\u012bra un bez gru\u017eiem. Izl\u012bdziniet cilindru ar ekskavatora stiprin\u0101juma punktiem, izmantojot atbilsto\u0161us stiprin\u0101juma kron\u0161teinus, lai to nostiprin\u0101tu viet\u0101. Ir svar\u012bgi nodro\u0161in\u0101t, lai cilindrs b\u016btu pareizi orient\u0113ts, lai izvair\u012btos no sprieguma uz bl\u012bv\u0113m. Kad tas ir izl\u012bdzin\u0101ts, pievelciet stiprin\u0101juma aparat\u016bru l\u012bdz nor\u0101d\u012btajam griezes momenta iestat\u012bjumiem, lai nodro\u0161in\u0101tu dro\u0161u stiprin\u0101jumu. P\u0113c uzst\u0101d\u012b\u0161anas p\u0101rbaudiet hidraulisko savienojumu nopl\u016bdes un, ja nepiecie\u0161ams, pievienojiet hidraulisko \u0161\u0137idrumu. Visbeidzot, pirms iek\u0101rtas atk\u0101rtotas lieto\u0161anas p\u0101rbaudiet cilindra darb\u012bbu, lai p\u0101rliecin\u0101tos, ka viss darbojas pareizi.<\/p>\n<p><img decoding=\"async\" src=\"https:\/\/www.hydraulic-cylinders.net\/wp-content\/uploads\/2025\/04\/songte-chushion-collar.webp\" alt=\"Spilvenu apkakle\"><\/p>\n<h2>Dro\u0161\u012bbas apsv\u0113rumi<\/h2>\n<p>Str\u0101d\u0101jot ar hidrauliskajiem cilindriem, dro\u0161\u012bbas pas\u0101kumi ir \u0101rk\u0101rt\u012bgi svar\u012bgi. Vienm\u0113r valk\u0101jiet atbilsto\u0161us individu\u0101los aizsardz\u012bbas l\u012bdzek\u013cus (IAL) un p\u0101rliecinieties, ka darba zona ir dro\u0161a un br\u012bva no apdraud\u0113jumiem. Operatoriem j\u0101b\u016bt apm\u0101c\u012btiem par pareizu hidraulisko sist\u0113mu lieto\u0161anu, lai nov\u0113rstu negad\u012bjumus un traumas. Regul\u0101ri j\u0101veic dro\u0161\u012bbas auditi, lai nodro\u0161in\u0101tu atbilst\u012bbu dro\u0161\u012bbas standartiem.<\/p>\n<h2>K\u013c\u016bmju diagnostika un bie\u017e\u0101k sastopam\u0101s probl\u0113mas<\/h2>\n<ul>\n<li>\n<h3>Nopl\u016bde<\/h3>\n<p>Nopl\u016bde var rasties nodilu\u0161u bl\u012bv\u0113jumu vai boj\u0101tu deta\u013cu d\u0113\u013c. Regul\u0101ri p\u0101rbaudiet bl\u012bv\u0113jumus un nomainiet tos, ja tie ir boj\u0101ti. P\u0101rliecinieties, vai visi savienojumi ir cie\u0161i.<\/p>\n<\/li>\n<li>\n<h3>Slikta veiktsp\u0113ja<\/h3>\n<p>Ja cilindrs nedarbojas vienm\u0113r\u012bgi, p\u0101rbaudiet, vai hidrauliskaj\u0101s l\u012bnij\u0101s nav gaisa vai nepietiekama hidraulisk\u0101 \u0161\u0137idruma daudzuma. Atgaisojiet l\u012bnijas un, ja nepiecie\u0161ams, papildiniet \u0161\u0137idrumu.<\/p>\n<\/li>\n<li>\n<h3>Neparastas ska\u0146as<\/h3>\n<p>Neparastas ska\u0146as darb\u012bbas laik\u0101 var liecin\u0101t par iek\u0161\u0113ju nodilumu vai boj\u0101jumiem. Veiciet p\u0101rbaudi, lai noteiktu trok\u0161\u0146a avotu, un nekav\u0113joties nov\u0113rsiet visas probl\u0113mas.<\/p>\n<\/li>\n<\/ul>\n<h2>Padomi probl\u0113mu nov\u0113r\u0161anai<\/h2>\n<p>Efekt\u012bva probl\u0113mu nov\u0113r\u0161ana s\u0101kas ar probl\u0113mas simptomu identific\u0113\u0161anu. Regul\u0101ra apkope, tostarp \u0161\u0137idruma l\u012bme\u0146a p\u0101rbaude un bl\u012bv\u0113jumu apskate, var pal\u012bdz\u0113t nov\u0113rst probl\u0113mas. Operatoriem j\u0101dokument\u0113 visas veiktsp\u0113jas izmai\u0146as un j\u0101iepaz\u012bstas ar ra\u017eot\u0101ja vadl\u012bnij\u0101m par konkr\u0113t\u0101m probl\u0113mu nov\u0113r\u0161anas proced\u016br\u0101m. Prevent\u012bvu pas\u0101kumu, piem\u0113ram, regul\u0101ru apkopes p\u0101rbau\u017eu un savlaic\u012bga remonta, ievie\u0161ana var iev\u0113rojami samazin\u0101t probl\u0113mu ra\u0161an\u0101s iesp\u0113jam\u012bbu n\u0101kotn\u0113.<\/p>\n<p><img decoding=\"async\" src=\"https:\/\/www.hydraulic-cylinders.net\/wp-content\/uploads\/2025\/04\/songte-bushings-with-all-kinds-of-excavator-models.webp\" alt=\"Ekskavatora bukses\"><\/p>\n<h2>Par m\u016bsu uz\u0146\u0113mumu<\/h2>\n<p>M\u0113s esam vado\u0161ais rezerves hidraulisko cilindru ra\u017eot\u0101js ar pla\u0161u produktu kl\u0101stu, kas atbilst gan viet\u0113j\u0101, gan starptautisk\u0101 tirgus vajadz\u012bb\u0101m. M\u016bsu ap\u0146em\u0161an\u0101s sasniegt izcil\u012bbu atspogu\u013cojas m\u016bsu progres\u012bvajos ra\u017eo\u0161anas procesos un stingrajos kvalit\u0101tes kontroles pas\u0101kumos. Izmantojot kvalific\u0113tus tehniskos talantus, modern\u0101k\u0101s digit\u0101l\u0101s ra\u017eo\u0161anas iek\u0101rtas un specializ\u0113tas test\u0113\u0161anas sist\u0113mas, m\u0113s nep\u0101rtraukti uzlabojam savas ra\u017eo\u0161anas iesp\u0113jas. M\u016bsu koncentr\u0113\u0161an\u0101s uz augstu efektivit\u0101ti, precizit\u0101ti un kvalit\u0101ti \u013cauj mums apmierin\u0101t da\u017e\u0101das klientu pras\u012bbas. M\u0113s pied\u0101v\u0101jam ar\u012b piel\u0101gotus pakalpojumus, lai atbilstu unik\u0101l\u0101m specifik\u0101cij\u0101m, nodro\u0161inot, ka m\u0113s saglab\u0101jam vado\u0161o poz\u012bciju hidraulisko cilindru nozar\u0113.<\/p>\n<p><img decoding=\"async\" src=\"https:\/\/www.hydraulic-cylinders.net\/wp-content\/uploads\/2025\/04\/songte-company-4.webp\" alt=\"Uz\u0146\u0113muma p\u0101rskats\"><br \/>\n<img decoding=\"async\" src=\"https:\/\/www.hydraulic-cylinders.net\/wp-content\/uploads\/2025\/04\/songte-company-3.webp\" alt=\"Ra\u017eo\u0161anas iek\u0101rta\"><\/p>\n<p>Autors: lil<\/p>","protected":false},"excerpt":{"rendered":"<p>Boom Cylinder For Caterpillar Large Excavator E329D\/329DL Product Overview The Boom Cylinder is a critical component designed specifically for Caterpillar&#8217;s large excavator models E329D and 329DL. This hydraulic cylinder plays a vital role in controlling the movement of the excavator&#8217;s boom, allowing operators to lift, lower, and tilt with precision. It is essential for various [&hellip;]<\/p>","protected":false},"featured_media":17869,"comment_status":"open","ping_status":"closed","template":"","meta":{"_et_pb_use_builder":"","_et_pb_old_content":"","_et_gb_content_width":""},"product_brand":[],"product_cat":[1546],"product_tag":[1547,1496],"class_list":{"0":"post-18972","1":"product","2":"type-product","3":"status-publish","4":"has-post-thumbnail","6":"product_cat-boom-cylinders","7":"product_tag-boom-cylinders","8":"product_tag-hydraulic-cylinders","10":"first","11":"instock","12":"shipping-taxable","13":"product-type-simple"},"amp_enabled":true,"_links":{"self":[{"href":"https:\/\/www.hydraulic-cylinders.net\/lv\/wp-json\/wp\/v2\/product\/18972","targetHints":{"allow":["GET"]}}],"collection":[{"href":"https:\/\/www.hydraulic-cylinders.net\/lv\/wp-json\/wp\/v2\/product"}],"about":[{"href":"https:\/\/www.hydraulic-cylinders.net\/lv\/wp-json\/wp\/v2\/types\/product"}],"replies":[{"embeddable":true,"href":"https:\/\/www.hydraulic-cylinders.net\/lv\/wp-json\/wp\/v2\/comments?post=18972"}],"wp:featuredmedia":[{"embeddable":true,"href":"https:\/\/www.hydraulic-cylinders.net\/lv\/wp-json\/wp\/v2\/media\/17869"}],"wp:attachment":[{"href":"https:\/\/www.hydraulic-cylinders.net\/lv\/wp-json\/wp\/v2\/media?parent=18972"}],"wp:term":[{"taxonomy":"product_brand","embeddable":true,"href":"https:\/\/www.hydraulic-cylinders.net\/lv\/wp-json\/wp\/v2\/product_brand?post=18972"},{"taxonomy":"product_cat","embeddable":true,"href":"https:\/\/www.hydraulic-cylinders.net\/lv\/wp-json\/wp\/v2\/product_cat?post=18972"},{"taxonomy":"product_tag","embeddable":true,"href":"https:\/\/www.hydraulic-cylinders.net\/lv\/wp-json\/wp\/v2\/product_tag?post=18972"}],"curies":[{"name":"wp","href":"https:\/\/api.w.org\/{rel}","templated":true}]}}