{"id":18974,"date":"2025-04-07T06:04:58","date_gmt":"2025-04-07T06:04:58","guid":{"rendered":"https:\/\/www.hydraulic-cylinders.net\/product\/boom-cylinder-for-caterpillar-large-excavator-e349d\/"},"modified":"2025-04-07T06:05:00","modified_gmt":"2025-04-07T06:05:00","slug":"boom-cylinder-for-caterpillar-large-excavator-e349d","status":"publish","type":"product","link":"https:\/\/www.hydraulic-cylinders.net\/lv\/products\/boom-cylinder-for-caterpillar-large-excavator-e349d\/","title":{"rendered":"Str\u0113les cilindrs Caterpillar lielajam ekskavatoram E349D"},"content":{"rendered":"<h1>Str\u0113les cilindrs Caterpillar lielajam ekskavatoram E349D<\/h1>\n<h2>Ievads str\u0113les cilindr\u0101<\/h2>\n<p>Str\u0113les cilindrs ir b\u016btiska hidrauliska sast\u0101vda\u013ca, kas \u012bpa\u0161i paredz\u0113ta smagaj\u0101m ma\u0161\u012bn\u0101m, \u012bpa\u0161i Caterpillar E349D ekskavatoram. \u0160is hidrauliskais cilindrs ir atbild\u012bgs par str\u0113les kust\u012bbas vad\u012bbu, \u013caujot ekskavatoram prec\u012bzi un efekt\u012bvi veikt savas galven\u0101s funkcijas. Str\u0113les cilindrs atvieglo str\u0113les pacel\u0161anu, nolai\u0161anu un noliek\u0161anu, kas ir \u013coti svar\u012bgi da\u017e\u0101diem materi\u0101lu apstr\u0101des uzdevumiem b\u016bvniec\u012bbas un rak\u0161anas darbos.<\/p>\n<p><img decoding=\"async\" src=\"https:\/\/www.hydraulic-cylinders.net\/wp-content\/uploads\/2025\/04\/songte-company-1.webp\" alt=\"Str\u0113les cilindra att\u0113ls\"><\/p>\n<h3>Defin\u012bcija un p\u0101rskats<\/h3>\n<p>Hidrauliskie cilindri, tostarp str\u0113les cilindrs, ir meh\u0101niskas ier\u012bces, kas p\u0101rveido hidraulisko ener\u0123iju meh\u0101niskaj\u0101 ener\u0123ij\u0101. Str\u0113les cilindra gad\u012bjum\u0101 tas \u013cauj artikul\u0113t ekskavatora str\u0113li. \u0160\u012b kust\u012bba \u013cauj operatoriem efekt\u012bvi rakt, pacelt un transport\u0113t materi\u0101lus. Hidraulisk\u0101 sist\u0113ma kust\u012bbas rad\u012b\u0161anai izmanto spiediena \u0161\u0137idrumu, nodro\u0161inot vienm\u0113r\u012bgu un kontrol\u0113tu darb\u012bbu, kas ir svar\u012bgi sare\u017e\u0123\u012btos uzdevumos, kur precizit\u0101te ir galven\u0101.<\/p>\n<h2>Str\u0113les cilindra \u012bpa\u0161\u012bbas<\/h2>\n<ul>\n<li><strong>Augsta iztur\u012bba un ilgm\u016b\u017e\u012bba:<\/strong> Parasti izgatavots no augstas stipr\u012bbas t\u0113rauda vai alum\u012bnija, lai iztur\u0113tu augstu spiedienu un lielas slodzes, nodro\u0161inot ilgm\u016b\u017e\u012bbu skarbos darba apst\u0101k\u013cos.<\/li>\n<li><strong>Efekt\u012bva hidraulisk\u0101 darb\u012bba:<\/strong> Izmanto hidraulisk\u0101s e\u013c\u013cas spiedienu, lai pan\u0101ktu vienm\u0113r\u012bgu izstiep\u0161anu un ievilk\u0161anu, nodro\u0161inot \u0101tru reakciju uz operatora komand\u0101m un radot iev\u0113rojamu stum\u0161anas un vilk\u0161anas sp\u0113ku.<\/li>\n<li><strong>Da\u017e\u0101di veidi:<\/strong> Pieejams vienk\u0101r\u0161\u0101s vai divk\u0101r\u0161\u0101s darb\u012bbas konstrukcij\u0101s, lai apmierin\u0101tu da\u017e\u0101das ekspluat\u0101cijas vajadz\u012bbas, da\u017eiem mode\u013ciem ir teleskopiska konstrukcija, kas nodro\u0161ina liel\u0101ku sasniedzam\u012bbu, nepalielinot \u0101r\u0113jos izm\u0113rus.<\/li>\n<li><strong>Paaugstin\u0101ta nodilumiztur\u012bba:<\/strong> Izstr\u0101d\u0101ts, \u0146emot v\u0113r\u0101 nodilumiztur\u012bbu un korozijas iztur\u012bbu, pagarinot produkta kalpo\u0161anas laiku sare\u017e\u0123\u012btos apst\u0101k\u013cos.<\/li>\n<li><strong>Vienk\u0101r\u0161a apkope:<\/strong> Izstr\u0101d\u0101ts vieglai apkopei, \u013caujot veikt \u0101tras p\u0101rbaudes un regul\u0101ru apkopi, lai nodro\u0161in\u0101tu optim\u0101lu darb\u012bbu.<\/li>\n<\/ul>\n<h2>Ra\u017eo\u0161anas iesp\u0113jas<\/h2>\n<p>Mums ir iesp\u0113jas ra\u017eot str\u0113les cilindru un citus hidrauliskos cilindrus, kas lieliski aizst\u0101j eso\u0161os mode\u013cus. M\u016bsu produkti ir izstr\u0101d\u0101ti, dom\u0101jot par precizit\u0101ti un kvalit\u0101ti, nodro\u0161inot sader\u012bbu un veiktsp\u0113ju, kas atbilst vai p\u0101rsniedz nozares standartus.<\/p>\n<p><img decoding=\"async\" src=\"https:\/\/www.hydraulic-cylinders.net\/wp-content\/uploads\/2025\/04\/songte-cylinder-head-with-all-kinds-excavator-models.webp\" alt=\"Cilindri ekskavatoru mode\u013ciem\"><\/p>\n<h2>Lietojumprogrammu scen\u0101riji<\/h2>\n<h3>Celtniec\u012bbas apr\u012bkojums<\/h3>\n<p>B\u016bvniec\u012bbas ma\u0161\u012bn\u0101s, piem\u0113ram, ekskavatoros, str\u0113les cilindri ir vit\u0101li svar\u012bgi rak\u0161anai, iekrau\u0161anai un augsnes vai gru\u017eu p\u0101rvieto\u0161anai. Prec\u012bza vad\u012bba, ko pied\u0101v\u0101 \u0161ie cilindri, \u013cauj operatoriem veikt sare\u017e\u0123\u012btus uzdevumus, uzlabojot produktivit\u0101ti objekt\u0101.<\/p>\n<h3>Lauksaimniec\u012bbas tehnika<\/h3>\n<p>Str\u0113les cilindrus izmanto ar\u012b front\u0101lajos iekr\u0101v\u0113jos, kur tie pal\u012bdz sav\u0101kt, pacelt un transport\u0113t augsni, sienu un citus materi\u0101lus, padarot tos neaizst\u0101jamus lauksaimniec\u012bbas darbos.<\/p>\n<h3>Ekskavatori<\/h3>\n<p>Ekskavatoros str\u0113les cilindrs atvieglo rak\u0161anas darb\u012bbas, \u013caujot kausam efekt\u012bvi iek\u013c\u016bt zem\u0113, kas ir \u013coti svar\u012bgi rak\u0161anas projektos.<\/p>\n<h3>Iekr\u0101v\u0113ji<\/h3>\n<p>Front\u0101lajos iekr\u0101v\u0113jos str\u0113les cilindri pal\u012bdz efekt\u012bvi pacelt un izkraut kravas, kas ir svar\u012bgi materi\u0101lu apstr\u0101des uzdevumiem da\u017e\u0101d\u0101s nozar\u0113s.<\/p>\n<h2>Dizaina apsv\u0113rumi<\/h2>\n<h3>Kravnes\u012bba<\/h3>\n<p>Viens no galvenajiem apsv\u0113rumiem str\u0113les cilindra projekt\u0113\u0161an\u0101 ir t\u0101 kravnes\u012bba. Tam j\u0101sp\u0113j iztur\u0113t slod\u017eu svaru un spriegumu, neapdraudot dro\u0161\u012bbu vai veiktsp\u0113ju. Tas prasa r\u016bp\u012bgu materi\u0101lu un in\u017eeniertehnisko meto\u017eu izv\u0113li, lai nodro\u0161in\u0101tu, ka cilindrs var iztur\u0113t darb\u012bbas laik\u0101 radu\u0161os dinamiskos sp\u0113kus.<\/p>\n<h3>Bl\u012bv\u0113juma veiktsp\u0113ja<\/h3>\n<p>Efekt\u012bva bl\u012bv\u0113\u0161ana ir \u013coti svar\u012bga, lai nov\u0113rstu hidraulisk\u0101 \u0161\u0137idruma nopl\u016bdes un nodro\u0161in\u0101tu darb\u012bbas efektivit\u0101ti. Bl\u012bv\u0113jumu un bl\u012bvju izv\u0113lei j\u0101\u0146em v\u0113r\u0101 darba vide, temperat\u016bras sv\u0101rst\u012bbas un izmantot\u0101 hidraulisk\u0101 \u0161\u0137idruma veids. Augstas kvalit\u0101tes bl\u012bv\u0113jumi var iev\u0113rojami pagarin\u0101t hidraulisk\u0101 cilindra kalpo\u0161anas laiku.<\/p>\n<h3>Iztur\u012bba<\/h3>\n<p>Str\u0113les cilindra iztur\u012bba ir \u0101rk\u0101rt\u012bgi svar\u012bga, \u0146emot v\u0113r\u0101 sare\u017e\u0123\u012btos apst\u0101k\u013cus, k\u0101dos tas darbojas. T\u0101di faktori k\u0101 materi\u0101la izv\u0113le, virsmas apstr\u0101de un konstrukcijas elementi ir iz\u0161\u0137iro\u0161i svar\u012bgi iztur\u012bbas uzlabo\u0161an\u0101, \u013caujot cilindram iztur\u0113t abraz\u012bvus materi\u0101lus un kod\u012bgus elementus.<\/p>\n<h3>Dro\u0161\u012bbas funkcijas<\/h3>\n<p>Dro\u0161\u012bba ir galvenais apsv\u0113rums hidraulisko cilindru projekt\u0113\u0161an\u0101. T\u0101du funkciju k\u0101 spiediena samazin\u0101\u0161anas v\u0101rstu un pl\u012bsto\u0161o disku iek\u013cau\u0161ana var nov\u0113rst katastrof\u0101las k\u013c\u016bmes, nodro\u0161inot gan operatoru, gan ma\u0161\u012bnu dro\u0161\u012bbu ekspluat\u0101cijas laik\u0101.<\/p>\n<h3>Apkopes pieejam\u012bba<\/h3>\n<p>Hidraulisko cilindru projekt\u0113\u0161ana, \u0146emot v\u0113r\u0101 apkopes pieejam\u012bbu, ir b\u016btiska. Iek\u013caujot funkcijas, kas \u013cauj veikt \u0113rtu p\u0101rbaudi un apkopi, var samazin\u0101t d\u012bkst\u0101ves laiku un pagarin\u0101t iek\u0101rtas ekspluat\u0101cijas laiku.<\/p>\n<p><img decoding=\"async\" src=\"https:\/\/www.hydraulic-cylinders.net\/wp-content\/uploads\/2025\/04\/songte-oil-pipes-and-spare-parts.webp\" alt=\"Hidraulisk\u0101s deta\u013cas un bl\u012bves\"><\/p>\n<h2>Bl\u012bv\u0113\u0161ana un e\u013c\u013co\u0161ana<\/h2>\n<p>Pareiza bl\u012bv\u0113\u0161ana un e\u013c\u013co\u0161ana ir b\u016btiska hidraulisko cilindru efekt\u012bvai darb\u012bbai. Da\u017e\u0101diem bl\u012bv\u0113\u0161anas komponentiem, piem\u0113ram, virzu\u013ca bl\u012bv\u0113jumiem un stie\u0146a bl\u012bv\u0113jumiem, ir iz\u0161\u0137iro\u0161a noz\u012bme hidraulisk\u0101s integrit\u0101tes saglab\u0101\u0161an\u0101. Bl\u012bv\u0113jumi, kas izgatavoti no iztur\u012bgiem materi\u0101liem, piem\u0113ram, poliuret\u0101na un nitrila gumijas, bie\u017ei tiek izmantoti, lai iztur\u0113tu nodilumu. Turkl\u0101t cilindra korpuss un v\u012bt\u0146otie gali ir prec\u012bzi apstr\u0101d\u0101ti, lai uzlabotu nodilumiztur\u012bbu. Regul\u0101ra e\u013c\u013co\u0161ana ar hidraulisko e\u013c\u013cu ir nepiecie\u0161ama, lai nodro\u0161in\u0101tu vienm\u0113r\u012bgu darb\u012bbu un nov\u0113rstu berzes rad\u012btus boj\u0101jumus.<\/p>\n<h2>Prevent\u012bvie apkopes pas\u0101kumi<\/h2>\n<ul>\n<li><strong>Regul\u0101ras p\u0101rbaudes:<\/strong> Regul\u0101ras cilindra p\u0101rbaudes, lai noteiktu nodiluma, nopl\u016b\u017eu vai boj\u0101jumu paz\u012bmes, var pal\u012bdz\u0113t identific\u0113t probl\u0113mas, pirms t\u0101s saasin\u0101s, nodro\u0161inot iek\u0101rtu nep\u0101rtrauktu uzticam\u012bbu.<\/li>\n<li><strong>E\u013c\u013co\u0161ana:<\/strong> Nodro\u0161inot, ka cilindrs ir pien\u0101c\u012bgi iee\u013c\u013cots, tiek samazin\u0101ta berze un nodilums, t\u0101d\u0113j\u0101di veicinot deta\u013cas kop\u0113jo kalpo\u0161anas laiku.<\/li>\n<li><strong>Bl\u012bv\u0113juma nomai\u0146a:<\/strong> Regul\u0101ra bl\u012bv\u0113jumu p\u0101rbaude un nomai\u0146a p\u0113c nepiecie\u0161am\u012bbas nov\u0113r\u0161 nopl\u016bdes un uztur hidraulisko spiedienu cilindr\u0101.<\/li>\n<\/ul>\n<h2>Uzst\u0101d\u012b\u0161anas vadl\u012bnijas<\/h2>\n<p>Pareiza str\u0113les cilindra uzst\u0101d\u012b\u0161ana ir \u013coti svar\u012bga t\u0101 veiktsp\u0113jai. Lai ieg\u016btu optim\u0101lus rezult\u0101tus, iev\u0113rojiet \u0161\u012bs vadl\u012bnijas:<\/p>\n<ul>\n<li>Lai nov\u0113rstu nepareizu darb\u012bbu, p\u0101rliecinieties, vai cilindrs ir pareizi izl\u012bdzin\u0101ts ar str\u0113li.<\/li>\n<li>Izmantojiet atbilsto\u0161us mont\u0101\u017eas kron\u0161teinus, lai nostiprin\u0101tu cilindru viet\u0101, samazinot kust\u012bbu darb\u012bbas laik\u0101.<\/li>\n<li>Pirms darba p\u0101rliecinieties, vai visi hidrauliskie savienojumi ir dro\u0161i un bez nopl\u016bd\u0113m.<\/li>\n<li>P\u0101rbaudiet hidraulisk\u0101 \u0161\u0137idruma l\u012bmeni un p\u0101rliecinieties, ka tas atbilst ra\u017eot\u0101ja specifik\u0101cij\u0101m.<\/li>\n<li>P\u0113c uzst\u0101d\u012b\u0161anas veiciet funkcion\u0101lo p\u0101rbaudi, lai p\u0101rliecin\u0101tos, ka cilindrs darbojas nevainojami.<\/li>\n<\/ul>\n<h2>Bie\u017ei sastopamie apkopes uzdevumi<\/h2>\n<h3>Regul\u0101ras p\u0101rbaudes<\/h3>\n<p>Regul\u0101ras str\u0113les cilindra p\u0101rbaudes ir b\u016btiskas, lai laikus atkl\u0101tu iesp\u0113jam\u0101s probl\u0113mas. Tas ietver nopl\u016bdes, nodiluma vai nepareizas izl\u012bdzin\u0101\u0161anas paz\u012bmju p\u0101rbaudi. Nodro\u0161inot, ka cilindrs ir lab\u0101 st\u0101vokl\u012b, var iev\u0113rojami samazin\u0101t darb\u012bbas k\u013c\u016bmju risku.<\/p>\n<h3>Piem\u0113rota e\u013c\u013co\u0161ana<\/h3>\n<p>Pareizas e\u013c\u013co\u0161anas uztur\u0113\u0161ana ir \u013coti svar\u012bga hidraulisk\u0101 cilindra nevainojamai darb\u012bbai. Regul\u0101ra pareiz\u0101 veida un daudzuma hidraulisk\u0101s e\u013c\u013cas uzkl\u0101\u0161ana nodro\u0161ina bl\u012bv\u0113jumu efektivit\u0101ti un berzes samazin\u0101\u0161anos, t\u0101d\u0113j\u0101di pagarinot cilindra kalpo\u0161anas laiku.<\/p>\n<h3>Bl\u012bvju nomai\u0146as un kalibr\u0113\u0161anas p\u0101rbaudes<\/h3>\n<p>Laika gait\u0101 bl\u012bves var nolietoties un t\u0101s var b\u016bt j\u0101nomaina. Regul\u0101ra bl\u012bvju p\u0101rbaude, vai nav nodiluma paz\u012bmju, un to nomai\u0146a p\u0113c nepiecie\u0161am\u012bbas pal\u012bdz uztur\u0113t hidraulisko efektivit\u0101ti. Kalibr\u0113\u0161anas p\u0101rbaudes nodro\u0161ina, ka cilindrs darbojas noteikto parametru robe\u017e\u0101s, nov\u0113r\u0161ot iesp\u0113jamus boj\u0101jumus un nodro\u0161inot optim\u0101lu veiktsp\u0113ju.<\/p>\n<p><img decoding=\"async\" src=\"https:\/\/www.hydraulic-cylinders.net\/wp-content\/uploads\/2025\/04\/songte-chushion-collar.webp\" alt=\"Spilvenu apkakles att\u0113ls\"><\/p>\n<h2>Dro\u0161\u012bbas apsv\u0113rumi<\/h2>\n<p>Dro\u0161\u012bbas pas\u0101kumi ir \u0101rk\u0101rt\u012bgi svar\u012bgi, str\u0101d\u0101jot ar hidrauliskajiem cilindriem. B\u016btiska ir atbilsto\u0161a operatoru apm\u0101c\u012bba, dro\u0161\u012bbas protokolu iev\u0113ro\u0161ana un individu\u0101lo aizsardz\u012bbas l\u012bdzek\u013cu (IAL) lieto\u0161ana. Nodro\u0161inot, ka visas hidraulisk\u0101s sist\u0113mas dro\u0161\u012bbas funkcijas darbojas, var nov\u0113rst negad\u012bjumus un traumas darb\u012bbas laik\u0101.<\/p>\n<h2>K\u013c\u016bmju diagnostika un bie\u017e\u0101k sastopam\u0101s probl\u0113mas<\/h2>\n<ul>\n<li><strong>Nopl\u016bde:<\/strong> Viena no visbie\u017e\u0101k sastopamaj\u0101m probl\u0113m\u0101m ir hidraulisk\u0101 \u0161\u0137idruma nopl\u016bde, ko var izrais\u012bt nolietoti bl\u012bv\u0113jumi vai boj\u0101tas deta\u013cas. Regul\u0101ras p\u0101rbaudes var pal\u012bdz\u0113t savlaic\u012bgi identific\u0113t un nov\u0113rst nopl\u016bdes.<\/li>\n<li><strong>Slikta veiktsp\u0113ja:<\/strong> Ja cilindrs neizvirz\u0101s vai neievelkas vienm\u0113r\u012bgi, tas var liecin\u0101t par zemu hidraulisk\u0101 \u0161\u0137idruma l\u012bmeni vai iek\u0161\u0113jiem boj\u0101jumiem. \u0160o probl\u0113mu \u0101tra nov\u0113r\u0161ana ir \u013coti svar\u012bga, lai izvair\u012btos no turpm\u0101kiem boj\u0101jumiem.<\/li>\n<li><strong>P\u0101rkar\u0161ana:<\/strong> P\u0101rm\u0113r\u012bgs karstums var izrais\u012bt hidraulisk\u0101 \u0161\u0137idruma sadal\u012b\u0161anos, kas noved pie sliktas veiktsp\u0113jas. Regul\u0101ra darba temperat\u016bras uzraudz\u012bba var pal\u012bdz\u0113t mazin\u0101t \u0161o probl\u0113mu.<\/li>\n<\/ul>\n<h2>Probl\u0113mu nov\u0113r\u0161anas padomi<\/h2>\n<p>Lai efekt\u012bvi diagnostic\u0113tu un nov\u0113rstu probl\u0113mas ar str\u0113les cilindru, \u0146emiet v\u0113r\u0101 \u0161\u0101dus padomus:<\/p>\n<ul>\n<li>Veiciet vizu\u0101lu p\u0101rbaudi, vai nav boj\u0101jumu vai nodiluma paz\u012bmju.<\/li>\n<li>P\u0101rbaudiet hidraulisk\u0101 \u0161\u0137idruma l\u012bmeni un, ja nepiecie\u0161ams, papildiniet.<\/li>\n<li>P\u0101rbaudiet bl\u012bves, vai nav redzamas nolieto\u0161an\u0101s paz\u012bmes, un nomainiet t\u0101s, ja nepiecie\u0161ams.<\/li>\n<li>Lai uzzin\u0101tu par konkr\u0113t\u0101m probl\u0113m\u0101m, kas saist\u012btas ar cilindru, skatiet ra\u017eot\u0101ja probl\u0113mu nov\u0113r\u0161anas vadl\u012bnijas.<\/li>\n<\/ul>\n<p><img decoding=\"async\" src=\"https:\/\/www.hydraulic-cylinders.net\/wp-content\/uploads\/2025\/04\/songte-bushings-with-all-kinds-of-excavator-models.webp\" alt=\"Ekskavatora mode\u013cu bukse\"><\/p>\n<h2>Uz\u0146\u0113muma p\u0101rskats<\/h2>\n<p>M\u0113s esam vado\u0161ais rezerves hidraulisko cilindru ra\u017eot\u0101js, kas pied\u0101v\u0101 pla\u0161u produktu kl\u0101stu, lai apmierin\u0101tu gan viet\u0113j\u0101, gan starptautisk\u0101 tirgus vajadz\u012bbas. M\u016bsu ap\u0146em\u0161an\u0101s nodro\u0161in\u0101t izcil\u012bbu kvalit\u0101t\u0113 un prec\u012bz\u0101 ra\u017eo\u0161anas praks\u0113 ir pozicion\u0113jusi m\u016bs k\u0101 uzticamu partneri hidraulisko cilindru nozar\u0113. M\u0113s izmantojam progres\u012bvas ra\u017eo\u0161anas tehnolo\u0123ijas, prasm\u012bgu tehnisko person\u0101lu un stabilu kvalit\u0101tes nodro\u0161in\u0101\u0161anas sist\u0113mu, lai uzlabotu m\u016bsu ra\u017eo\u0161anas iesp\u0113jas un nodro\u0161in\u0101tu, ka m\u016bsu produkti atbilst augst\u0101kajiem standartiem.<\/p>\n<p><img decoding=\"async\" src=\"https:\/\/www.hydraulic-cylinders.net\/wp-content\/uploads\/2025\/04\/songte-company-4.webp\" alt=\"Uz\u0146\u0113muma ra\u017eo\u0161anas iek\u0101rta\"><br \/>\n<img decoding=\"async\" src=\"https:\/\/www.hydraulic-cylinders.net\/wp-content\/uploads\/2025\/04\/songte-company-3.webp\" alt=\"Uz\u0146\u0113muma ra\u017eo\u0161anas iek\u0101rtas\"><\/p>\n<h3>Profesionalit\u0101te un sertifik\u0101ti<\/h3>\n<p>M\u016bsu komand\u0101 ir augsti kvalific\u0113ti speci\u0101listi, kas ir ap\u0146\u0113mu\u0161ies pieg\u0101d\u0101t augst\u0101k\u0101s klases produktus. Mums ir starptautiski sertifik\u0101ti, kas apliecina m\u016bsu ap\u0146em\u0161anos nodro\u0161in\u0101t kvalit\u0101ti un uzticam\u012bbu, nodro\u0161inot, ka m\u016bsu klienti sa\u0146em produktus, kuriem vi\u0146i var uztic\u0113ties.<\/p>\n<h3>Piel\u0101goti pakalpojumi<\/h3>\n<p>M\u0113s pied\u0101v\u0101jam piel\u0101gotus hidraulisko cilindru risin\u0101jumus, kas piel\u0101goti konkr\u0113t\u0101m klientu pras\u012bb\u0101m, nodro\u0161inot, ka varam efekt\u012bvi risin\u0101t unik\u0101lus pielietojumus.<\/p>\n<h3>Ra\u017eo\u0161anas iek\u0101rtas<\/h3>\n<p>Izmantojot modern\u0101k\u0101s ra\u017eo\u0161anas iek\u0101rtas, m\u0113s uztur\u0113jam augstu darb\u012bbas efektivit\u0101ti un precizit\u0101ti m\u016bsu ra\u017eo\u0161anas procesos, veicinot augstas kvalit\u0101tes produktu \u0101tru pieg\u0101di.<\/p>\n<h3>P\u0113cp\u0101rdo\u0161anas atbalsts<\/h3>\n<p>M\u016bsu ap\u0146em\u0161an\u0101s nodro\u0161in\u0101t klientu apmierin\u0101t\u012bbu sniedzas t\u0101l\u0101k par p\u0101rdo\u0161anu. M\u0113s pied\u0101v\u0101jam visaptvero\u0161u p\u0113cp\u0101rdo\u0161anas atbalstu, tostarp apkopes padomus un probl\u0113mu nov\u0113r\u0161anas pal\u012bdz\u012bbu, lai nodro\u0161in\u0101tu, ka m\u016bsu klienti maksim\u0101li izmanto savus produktus.<\/p>\n<p>Autors: lil<\/p>","protected":false},"excerpt":{"rendered":"<p>Boom Cylinder For Caterpillar Large Excavator E349D Introduction to Boom Cylinder The Boom Cylinder is an essential hydraulic component designed specifically for heavy machinery, particularly the Caterpillar E349D excavator. This hydraulic cylinder is responsible for controlling the movement of the boom, enabling the excavator to perform its primary functions with precision and efficiency. The boom [&hellip;]<\/p>","protected":false},"featured_media":17871,"comment_status":"open","ping_status":"closed","template":"","meta":{"_et_pb_use_builder":"","_et_pb_old_content":"","_et_gb_content_width":""},"product_brand":[],"product_cat":[1546],"product_tag":[1547,1496],"class_list":{"0":"post-18974","1":"product","2":"type-product","3":"status-publish","4":"has-post-thumbnail","6":"product_cat-boom-cylinders","7":"product_tag-boom-cylinders","8":"product_tag-hydraulic-cylinders","10":"first","11":"instock","12":"shipping-taxable","13":"product-type-simple"},"amp_enabled":true,"_links":{"self":[{"href":"https:\/\/www.hydraulic-cylinders.net\/lv\/wp-json\/wp\/v2\/product\/18974","targetHints":{"allow":["GET"]}}],"collection":[{"href":"https:\/\/www.hydraulic-cylinders.net\/lv\/wp-json\/wp\/v2\/product"}],"about":[{"href":"https:\/\/www.hydraulic-cylinders.net\/lv\/wp-json\/wp\/v2\/types\/product"}],"replies":[{"embeddable":true,"href":"https:\/\/www.hydraulic-cylinders.net\/lv\/wp-json\/wp\/v2\/comments?post=18974"}],"wp:featuredmedia":[{"embeddable":true,"href":"https:\/\/www.hydraulic-cylinders.net\/lv\/wp-json\/wp\/v2\/media\/17871"}],"wp:attachment":[{"href":"https:\/\/www.hydraulic-cylinders.net\/lv\/wp-json\/wp\/v2\/media?parent=18974"}],"wp:term":[{"taxonomy":"product_brand","embeddable":true,"href":"https:\/\/www.hydraulic-cylinders.net\/lv\/wp-json\/wp\/v2\/product_brand?post=18974"},{"taxonomy":"product_cat","embeddable":true,"href":"https:\/\/www.hydraulic-cylinders.net\/lv\/wp-json\/wp\/v2\/product_cat?post=18974"},{"taxonomy":"product_tag","embeddable":true,"href":"https:\/\/www.hydraulic-cylinders.net\/lv\/wp-json\/wp\/v2\/product_tag?post=18974"}],"curies":[{"name":"wp","href":"https:\/\/api.w.org\/{rel}","templated":true}]}}