{"id":18975,"date":"2025-04-07T06:05:00","date_gmt":"2025-04-07T06:05:00","guid":{"rendered":"https:\/\/www.hydraulic-cylinders.net\/product\/boom-cylinder-for-caterpillar-large-excavator-e345dl\/"},"modified":"2025-04-07T06:05:21","modified_gmt":"2025-04-07T06:05:21","slug":"boom-cylinder-for-caterpillar-large-excavator-e345dl","status":"publish","type":"product","link":"https:\/\/www.hydraulic-cylinders.net\/lv\/products\/boom-cylinder-for-caterpillar-large-excavator-e345dl\/","title":{"rendered":"Str\u0113les cilindrs Caterpillar lielajam ekskavatoram E345DL"},"content":{"rendered":"<h1>Str\u0113les cilindrs Caterpillar lielajam ekskavatoram E345DL<\/h1>\n<h2>Ievads str\u0113les cilindr\u0101<\/h2>\n<p>Str\u0113les cilindrs ir kritiski svar\u012bga hidraulisko sist\u0113mu sast\u0101vda\u013ca, kas \u012bpa\u0161i paredz\u0113ta, lai p\u0101rvald\u012btu kausu kust\u012bbu smagaj\u0101s ma\u0161\u012bn\u0101s, piem\u0113ram, ekskavatoros, ekskavatoros-iekr\u0101v\u0113jos un front\u0101lajos iekr\u0101v\u0113jos. \u0160is hidrauliskais cilindrs \u013cauj kausam pacelt, nolaist un noliekt, t\u0101d\u0113j\u0101di atvieglojot efekt\u012bvus materi\u0101lu apstr\u0101des uzdevumus. Str\u0113les cilindru konstrukcija un funkcionalit\u0101te ir b\u016btiska, lai optimiz\u0113tu rak\u0161anas iek\u0101rtu veiktsp\u0113ju.<\/p>\n<p>Hidrauliskaj\u0101s sist\u0113m\u0101s str\u0113les cilindrs darbojas, p\u0101rveidojot hidraulisko spiedienu meh\u0101nisk\u0101 sp\u0113k\u0101, nodro\u0161inot vienm\u0113r\u012bgas un prec\u012bzas kust\u012bbas. \u0160\u012b darb\u012bba ir \u013coti svar\u012bga b\u016bvniec\u012bbas un nojauk\u0161anas darbos, kur nepiecie\u0161ama smagu kravu cel\u0161ana un prec\u012bza materi\u0101lu izvieto\u0161ana. Ar pareizo str\u0113les cilindru operatori var maksim\u0101li palielin\u0101t produktivit\u0101ti, vienlaikus samazinot d\u012bkst\u0101ves laiku un apkopes probl\u0113mas.<\/p>\n<p><img decoding=\"async\" src=\"https:\/\/www.hydraulic-cylinders.net\/wp-content\/uploads\/2025\/04\/songte-company-1.webp\" alt=\"Str\u0113les cilindrs\" \/><\/p>\n<h2>Str\u0113les cilindra \u012bpa\u0161\u012bbas<\/h2>\n<ul>\n<li><strong>Augsta iztur\u012bba un ilgm\u016b\u017e\u012bba:<\/strong> Parasti no augstas stipr\u012bbas t\u0113rauda vai alum\u012bnija izgatavotais str\u0113les cilindrs ir paredz\u0113ts augsta spiediena un lielu kravu iztur\u0113\u0161anai, padarot to ide\u0101li piem\u0113rotu skarbajiem darba apst\u0101k\u013ciem.<\/li>\n<li><strong>Efekt\u012bva hidraulisk\u0101 darb\u012bba:<\/strong> Cilindrs izmanto hidraulisk\u0101s e\u013c\u013cas spiedienu, lai nodro\u0161in\u0101tu vienm\u0113r\u012bgu izstiep\u0161anu un ievilk\u0161anu, nodro\u0161inot \u0101tru rea\u0123\u0113\u0161anu uz darb\u012bbas komand\u0101m un jaud\u012bgu stum\u0161anas un vilk\u0161anas sp\u0113ku.<\/li>\n<li><strong>Da\u017e\u0101di veidi:<\/strong> Str\u0113les cilindrs, kas pieejams ar vienas darb\u012bbas (darbojas vien\u0101 virzien\u0101) vai divk\u0101r\u0161as darb\u012bbas (darbojas abos virzienos) variantu, var tikt piel\u0101gots da\u017e\u0101d\u0101m ekspluat\u0101cijas vajadz\u012bb\u0101m, tostarp teleskopiskiem mode\u013ciem, lai palielin\u0101tu sniedzam\u012bbu, nepalielinot \u0101r\u0113jos izm\u0113rus.<\/li>\n<li><strong>Apkopei draudz\u012bgs dizains:<\/strong> Str\u0113les cilindra konstrukcija ir veidota, \u0146emot v\u0113r\u0101 apkopes vienk\u0101r\u0161\u012bbu, nodro\u0161inot t\u0101 darb\u012bbas uztur\u0113\u0161anu ar minim\u0101lu d\u012bkst\u0101vi.<\/li>\n<li><strong>Korozijas iztur\u012bba:<\/strong> Str\u0113les cilindri, kas paredz\u0113ti iztur\u0113t da\u017e\u0101du elementu iedarb\u012bbu, ir apr\u012bkoti ar funkcij\u0101m, kas aizsarg\u0101 pret koroziju un nodilumu, t\u0101d\u0113j\u0101di pagarinot to kalpo\u0161anas laiku.<\/li>\n<\/ul>\n<p>M\u016bsu uz\u0146\u0113mums ra\u017eo \u0161o produktu, iev\u0113rojot stingras kvalit\u0101tes kontroles, nodro\u0161inot, ka m\u016bsu str\u0113les cilindri ir ide\u0101li piem\u0113roti eso\u0161o hidraulisko cilindru aizvieto\u0161anai.<\/p>\n<p><img decoding=\"async\" src=\"https:\/\/www.hydraulic-cylinders.net\/wp-content\/uploads\/2025\/04\/songte-cylinder-head-with-all-kinds-excavator-models.webp\" alt=\"Ekskavatoru mode\u013ci\" \/><\/p>\n<h2>Str\u0113les cilindra pielietojumi<\/h2>\n<h3>Celtniec\u012bbas apr\u012bkojums<\/h3>\n<p>Ekskavatoros str\u0113les cilindri ir vit\u0101li svar\u012bgi zemes vai gru\u017eu rak\u0161anai, iekrau\u0161anai un p\u0101rvieto\u0161anai. Tie \u013cauj kausam efekt\u012bvi iek\u013c\u016bt zem\u0113, t\u0101d\u0113j\u0101di nodro\u0161inot efekt\u012bvas rak\u0161anas oper\u0101cijas. Str\u0113les cilindra konstrukcija nodro\u0161ina, ka tas var tikt gal\u0101 ar b\u016bvlaukumu skarbaj\u0101m pras\u012bb\u0101m, kur bie\u017ei sastopamas smagas kravas un nel\u012bdzeni apst\u0101k\u013ci.<\/p>\n<h3>Lauksaimniec\u012bbas tehnika<\/h3>\n<p>Front\u0101lajos iekr\u0101v\u0113jos str\u0113les cilindri \u013cauj pacelt, gr\u0101bt un transport\u0113t t\u0101dus materi\u0101lus k\u0101 augsne un siens. To loma lauksaimniec\u012bbas ma\u0161\u012bn\u0101s ir iz\u0161\u0137iro\u0161a, jo tie uzlabo tehnikas sp\u0113ju veikt vair\u0101kus uzdevumus, efekt\u012bvi palielinot produktivit\u0101ti saimniec\u012bb\u0101s un lauksaimniec\u012bbas objektos.<\/p>\n<h3>Ekskavatori<\/h3>\n<p>Ekskavatoros str\u0113les cilindrs \u013cauj kausam iek\u013c\u016bt augsn\u0113, atvieglojot rak\u0161anas procesu. Regul\u0113jot kausa poz\u012bciju, operatori var sasniegt prec\u012bzu rak\u0161anas dzi\u013cumu un le\u0146\u0137us, uzlabojot kop\u0113jo efektivit\u0101ti rak\u0161anas darbos.<\/p>\n<h3>Iekr\u0101v\u0113ji<\/h3>\n<p>Front\u0101lajos iekr\u0101v\u0113jos str\u0113les cilindri pal\u012bdz efekt\u012bvi pacelt un izkraut kravas. To jaud\u012bg\u0101s pagarin\u0101\u0161anas iesp\u0113jas \u013cauj operatoriem viegli manevr\u0113t ar materi\u0101liem, t\u0101d\u0113j\u0101di racionaliz\u0113jot iekrau\u0161anas un izkrau\u0161anas procesu.<\/p>\n<h2>Dizaina apsv\u0113rumi un atlases krit\u0113riji<\/h2>\n<h3>Kravnes\u012bba<\/h3>\n<p>Izv\u0113loties str\u0113les cilindru, viens no galvenajiem apsv\u0113rumiem ir t\u0101 kravnes\u012bba. Cilindram j\u0101sp\u0113j iztur\u0113t maksim\u0101lo paredzamo slodzi, neapdraudot dro\u0161\u012bbu vai veiktsp\u0113ju. Ra\u017eot\u0101ji bie\u017ei nor\u0101da kravnes\u012bbas v\u0113rt\u0113jumus, pamatojoties uz pla\u0161iem testiem, nodro\u0161inot, ka cilindrs var iztur\u0113t smago ma\u0161\u012bnu ekspluat\u0101cijas ekstrem\u0101los apst\u0101k\u013cus. Lai noteiktu atbilsto\u0161u cilindra kravnes\u012bbu, ir svar\u012bgi izprast apstr\u0101d\u0101jamo materi\u0101lu svaru un darb\u012bbas bie\u017eumu.<\/p>\n<h3>Bl\u012bv\u0113\u0161anas meh\u0101nismi<\/h3>\n<p>Efekt\u012bva bl\u012bv\u0113\u0161ana ir v\u0113l viens svar\u012bgs konstrukcijas apsv\u0113rums. Str\u0113les cilindram j\u0101b\u016bt apr\u012bkotam ar augstas kvalit\u0101tes bl\u012bv\u0113m, lai nov\u0113rstu hidraulisk\u0101 \u0161\u0137idruma nopl\u016bdes, kas var samazin\u0101t efektivit\u0101ti un izrais\u012bt iesp\u0113jamus boj\u0101jumus. Bl\u012bv\u0113jumiem izmantotajiem materi\u0101liem, piem\u0113ram, poliuret\u0101nam vai nitrilgumijai, j\u0101b\u016bt iztur\u012bgiem pret nodilumu un koroziju, vienlaikus saglab\u0101jot uzticamu bl\u012bv\u0113jumu zem spiediena. \u0160o bl\u012bv\u0113jumu uztur\u0113\u0161ana ir b\u016btiska, lai nodro\u0161in\u0101tu hidraulisk\u0101s sist\u0113mas ilgtermi\u0146a darb\u012bbu.<\/p>\n<h3>Iztur\u012bba<\/h3>\n<p>Izv\u0113loties str\u0113les cilindru, iztur\u012bbai ir iz\u0161\u0137iro\u0161a noz\u012bme. Cilindram j\u0101b\u016bt izgatavotam no materi\u0101liem, kas var iztur\u0113t skarbus darba apst\u0101k\u013cus, tostarp pak\u013cau\u0161anu ekstrem\u0101l\u0101m temperat\u016br\u0101m, mitrumam un abraz\u012bviem materi\u0101liem. Konstrukcij\u0101 j\u0101iek\u013cauj funkcijas, kas uzlabo iztur\u012bbu pret nodilumu, nodro\u0161inot, ka cilindrs laika gait\u0101 saglab\u0101 savu veiktsp\u0113ju sare\u017e\u0123\u012btos apst\u0101k\u013cos.<\/p>\n<h3>Dro\u0161\u012bbas funkcijas<\/h3>\n<p>Dro\u0161\u012bba hidrauliskaj\u0101s sist\u0113m\u0101s ir \u0101rk\u0101rt\u012bgi svar\u012bga. Str\u0113les cilindra konstrukcij\u0101 j\u0101iek\u013cauj dro\u0161\u012bbas funkcijas, piem\u0113ram, spiediena samazin\u0101\u0161anas v\u0101rsti, kas nov\u0113r\u0161 sist\u0113mas p\u0101rslodzi, un iztur\u012bgas mont\u0101\u017eas sist\u0113mas, kas nodro\u0161ina dro\u0161u stiprin\u0101jumu pie tehnikas. Operatoriem ir j\u0101zina par \u0161\u012bm dro\u0161\u012bbas funkcij\u0101m un j\u0101nodro\u0161ina to pareiza darb\u012bba, lai nov\u0113rstu negad\u012bjumus un traumas darba viet\u0101.<\/p>\n<h3>Apkopes pieejam\u012bba<\/h3>\n<p>Svar\u012bgs projekt\u0113\u0161anas apsv\u0113rums ir ar\u012b apkopes vienk\u0101r\u0161\u012bba. Str\u0113les cilindram j\u0101b\u016bt konstru\u0113tam t\u0101, lai t\u0101 deta\u013c\u0101m var\u0113tu viegli piek\u013c\u016bt regul\u0101ru p\u0101rbau\u017eu un remonta veik\u0161anai. \u0160is dizaina aspekts pal\u012bdz samazin\u0101t d\u012bkst\u0101ves laiku un nodro\u0161ina, ka tehnika turpina darboties, galu gal\u0101 uzlabojot produktivit\u0101ti darba viet\u0101s. Ra\u017eot\u0101jiem j\u0101apsver iesp\u0113ja nodro\u0161in\u0101t detaliz\u0113tas servisa rokasgr\u0101matas, kur\u0101s izkl\u0101st\u012btas apkopes proced\u016bras un interv\u0101li, pal\u012bdzot operatoriem uztur\u0113t apr\u012bkojumu optim\u0101l\u0101 st\u0101vokl\u012b.<\/p>\n<p><img decoding=\"async\" src=\"https:\/\/www.hydraulic-cylinders.net\/wp-content\/uploads\/2025\/04\/songte-oil-pipes-and-spare-parts.webp\" alt=\"E\u013c\u013cas caurules un rezerves da\u013cas\" \/><\/p>\n<h2>Str\u0113les cilindra bl\u012bv\u0113\u0161ana un e\u013c\u013co\u0161ana<\/h2>\n<p>Str\u0113les cilindru bl\u012bv\u0113\u0161ana un e\u013c\u013co\u0161ana ir b\u016btiska, lai nodro\u0161in\u0101tu to efekt\u012bvu darb\u012bbu. Da\u017e\u0101diem bl\u012bv\u0113\u0161anas komponentiem, piem\u0113ram, virzu\u013ca bl\u012bv\u0113jumiem un stie\u0146a bl\u012bv\u0113jumiem, ir iz\u0161\u0137iro\u0161a noz\u012bme hidraulisk\u0101 \u0161\u0137idruma notur\u012bbas uztur\u0113\u0161an\u0101. Bl\u012bv\u0113jumi, kas izgatavoti no iztur\u012bgiem materi\u0101liem, piem\u0113ram, poliuret\u0101na un nitrila gumijas, nodro\u0161ina izcilu iztur\u012bbu pret nodilumu un var iztur\u0113t skarbos b\u016bvniec\u012bbas un r\u016bpniecisk\u0101s vides apst\u0101k\u013cus.<\/p>\n<p>Cilindra korpuss un v\u012bt\u0146ot\u0101s gala virsmas tiek prec\u012bzi apstr\u0101d\u0101tas, lai uzlabotu nodilumiztur\u012bbu, kas ir \u013coti svar\u012bgi, lai samazin\u0101tu nopl\u016bdes un pagarin\u0101tu cilindra kalpo\u0161anas laiku. Regul\u0101ra e\u013c\u013co\u0161ana ar atbilsto\u0161u hidraulisko e\u013c\u013cu ir nepiecie\u0161ama, lai nodro\u0161in\u0101tu vienm\u0113r\u012bgu darb\u012bbu un samazin\u0101tu berzi starp kust\u012bgaj\u0101m da\u013c\u0101m. \u0160\u012b e\u013c\u013co\u0161ana j\u0101veic regul\u0101ri, lai uztur\u0113tu optim\u0101lu veiktsp\u0113ju un nov\u0113rstu iesp\u0113jam\u0101s probl\u0113mas, kas saist\u012btas ar nodilumu.<\/p>\n<h2>Regul\u0101ra p\u0101rbaude un profilaktisk\u0101 apkope<\/h2>\n<ul>\n<li><strong>Vizu\u0101la p\u0101rbaude:<\/strong> Regul\u0101ri veiciet vizu\u0101las p\u0101rbaudes, lai noteiktu nodiluma, nopl\u016bdes vai boj\u0101jumu paz\u012bmes. Tas pal\u012bdz identific\u0113t probl\u0113mas, pirms t\u0101s p\u0101raug nopietn\u0101k\u0101s probl\u0113m\u0101s.<\/li>\n<li><strong>E\u013c\u013co\u0161ana:<\/strong> P\u0101rliecinieties, vai visas kust\u012bg\u0101s da\u013cas ir pien\u0101c\u012bgi iee\u013c\u013cotas, lai samazin\u0101tu berzi un nodilumu. Iepl\u0101nojiet e\u013c\u013co\u0161anu atbilsto\u0161i lieto\u0161anas bie\u017eumam, lai uztur\u0113tu optim\u0101lu veiktsp\u0113ju.<\/li>\n<li><strong>Bl\u012bv\u0113juma nomai\u0146a:<\/strong> Regul\u0101ri p\u0101rbaudiet bl\u012bv\u0113jumu st\u0101vokli un nomainiet tos p\u0113c nepiecie\u0161am\u012bbas, lai nov\u0113rstu hidraulisk\u0101 \u0161\u0137idruma nopl\u016bdes, kas var\u0113tu apdraud\u0113t sist\u0113mas integrit\u0101ti.<\/li>\n<\/ul>\n<h2>Str\u0113les cilindra uzst\u0101d\u012b\u0161anas vadl\u012bnijas<\/h2>\n<p>Pareiza str\u0113les cilindra uzst\u0101d\u012b\u0161ana ir \u013coti svar\u012bga t\u0101 optim\u0101lai veiktsp\u0113jai un ilgm\u016b\u017e\u012bbai. Uzst\u0101d\u012b\u0161anas laik\u0101 p\u0101rliecinieties, vai tiek iev\u0113rotas \u0161\u0101das darb\u012bbas:<\/p>\n<ol>\n<li><strong>Sagatavojiet mont\u0101\u017eas vietu:<\/strong> Pirms uzst\u0101d\u012b\u0161anas not\u012briet mont\u0101\u017eas vietu, lai no\u0146emtu visus gru\u017eus vai veco herm\u0113ti\u0137i, kas var\u0113tu trauc\u0113t pareizai izl\u012bdzin\u0101\u0161anai.<\/li>\n<li><strong>Izl\u012bdziniet cilindru:<\/strong> R\u016bp\u012bgi izl\u012bdziniet hidraulisko cilindru ar stiprin\u0101juma punktiem. Ja nepiecie\u0161ams, izmantojiet izl\u012bdzin\u0101\u0161anas instrumentus, lai nodro\u0161in\u0101tu precizit\u0101ti.<\/li>\n<li><strong>Nostipriniet cilindru:<\/strong> Lai dro\u0161i piestiprin\u0101tu cilindru, izmantojiet atbilsto\u0161us mont\u0101\u017eas kron\u0161teinus un stiprin\u0101jumus. P\u0101rliecinieties, vai visi savienojumi ir cie\u0161i, lai nov\u0113rstu kust\u012bbu darb\u012bbas laik\u0101.<\/li>\n<li><strong>Hidraulisko l\u012bniju pievieno\u0161ana:<\/strong> Pievienojiet hidraulisk\u0101s l\u012bnijas cilindram, p\u0101rliecinoties, ka t\u0101s ir pareizi uzst\u0101d\u012btas, lai nov\u0113rstu nopl\u016bdes.<\/li>\n<li><strong>Testa darb\u012bba:<\/strong> P\u0113c uzst\u0101d\u012b\u0161anas veiciet izm\u0113\u0123in\u0101juma darb\u012bbu, lai p\u0101rliecin\u0101tos, ka cilindrs darbojas, k\u0101 paredz\u0113ts. P\u0101rbaudiet, vai nav nopl\u016b\u017eu, un veiciet nepiecie\u0161am\u0101s korekcijas.<\/li>\n<\/ol>\n<h2>Bie\u017ei sastopamie apkopes uzdevumi<\/h2>\n<ul>\n<li><strong>Regul\u0101ras p\u0101rbaudes:<\/strong> Iepl\u0101nojiet regul\u0101ras p\u0101rbaudes, lai p\u0101rbaud\u012btu nopl\u016bdes, nodilumu un boj\u0101jumus. Agr\u012bna atkl\u0101\u0161ana var nov\u0113rst d\u0101rgus remontdarbus.<\/li>\n<li><strong>Pareiza e\u013c\u013co\u0161ana:<\/strong> P\u0101rliecinieties, ka cilindrs ir iee\u013c\u013cots saska\u0146\u0101 ar ra\u017eot\u0101ja specifik\u0101cij\u0101m, lai nodro\u0161in\u0101tu nevainojamu darb\u012bbu un pagarin\u0101tu t\u0101 kalpo\u0161anas laiku.<\/li>\n<li><strong>Bl\u012bv\u0113juma nomai\u0146a:<\/strong> Nekav\u0113joties nomainiet nolietot\u0101s vai boj\u0101t\u0101s bl\u012bves, lai nov\u0113rstu hidraulisk\u0101 \u0161\u0137idruma nopl\u016bdi un saglab\u0101tu sist\u0113mas efektivit\u0101ti.<\/li>\n<\/ul>\n<p>Pareiza cilindra uzst\u0101d\u012b\u0161ana un izl\u012bdzin\u0101\u0161ana ir \u013coti svar\u012bga netrauc\u0113tai darb\u012bbai. Izmantojiet atbilsto\u0161us mont\u0101\u017eas kron\u0161teinus, lai nostiprin\u0101tu cilindru, un p\u0101rliecinieties, vai visi hidrauliskie savienojumi ir cie\u0161i. Regul\u0101ri p\u0101rbaudiet, remont\u0113jiet un nomainiet komponentus p\u0113c nepiecie\u0161am\u012bbas, lai uztur\u0113tu hidraulisk\u0101s sist\u0113mas funkcionalit\u0101ti. \u0160o proced\u016bru iev\u0113ro\u0161ana var iev\u0113rojami uzlabot j\u016bsu str\u0113les cilindra kalpo\u0161anas laiku.<\/p>\n<p><img decoding=\"async\" src=\"https:\/\/www.hydraulic-cylinders.net\/wp-content\/uploads\/2025\/04\/songte-chushion-collar.webp\" alt=\"Spilvenu apkakle\" \/><\/p>\n<h2>Dro\u0161\u012bbas apsv\u0113rumi un vides faktori<\/h2>\n<p>Dro\u0161\u012bbas pas\u0101kumi ir \u013coti svar\u012bgi, lietojot str\u0113les cilindrus hidrauliskaj\u0101s sist\u0113m\u0101s. Operatoriem j\u0101b\u016bt apm\u0101c\u012btiem, lai izprastu ar hidrauliskaj\u0101m iek\u0101rt\u0101m saist\u012btos riskus un dro\u0161\u012bbas protokolu iev\u0113ro\u0161anas noz\u012bmi. Individu\u0101lo aizsardz\u012bbas l\u012bdzek\u013cu (IAL) lieto\u0161ana ir b\u016btiska, lai aizsarg\u0101tu darbiniekus no iesp\u0113jamiem apdraud\u0113jumiem, piem\u0113ram, hidraulisk\u0101 \u0161\u0137idruma nopl\u016bd\u0113m, kas var rad\u012bt dro\u0161\u012bbas riskus un ba\u017eas par vidi.<\/p>\n<p>Ir svar\u012bgi ar\u012b apzin\u0101ties hidraulisk\u0101 \u0161\u0137idruma ietekmi uz vidi. Pareiza hidraulisko \u0161\u0137idrumu utiliz\u0101cija un apsaimnieko\u0161ana ir nepiecie\u0161ama, lai nov\u0113rstu augsnes un \u016bdens avotu pies\u0101r\u0146o\u0161anu. Vides noteikumu un lab\u0101k\u0101s prakses iev\u0113ro\u0161ana var pal\u012bdz\u0113t mazin\u0101t hidraulisko sist\u0113mu ietekmi uz vidi.<\/p>\n<h2>K\u013c\u016bmju diagnostika un bie\u017e\u0101k sastopam\u0101s probl\u0113mas<\/h2>\n<ul>\n<li><strong>\u0160\u0137idruma nopl\u016bde:<\/strong> \u0160\u012b ir viena no visbie\u017e\u0101k sastopamaj\u0101m hidraulisko cilindru probl\u0113m\u0101m. P\u0101rbaudiet bl\u012bves un savienojumus, vai nav nodiluma vai boj\u0101jumu, kas var\u0113tu izrais\u012bt nopl\u016bdes.<\/li>\n<li><strong>L\u0113na darb\u012bba:<\/strong> Ja cilindrs darbojas l\u0113ni, tas var liecin\u0101t par zemu hidraulisk\u0101 \u0161\u0137idruma l\u012bmeni vai probl\u0113mu ar hidraulisko s\u016bkni. P\u0101rbaudiet \u0161\u0137idruma l\u012bmeni un apskatiet s\u016bkni, vai nav probl\u0113mu.<\/li>\n<li><strong>Neparastas ska\u0146as:<\/strong> Neparasti trok\u0161\u0146i darb\u012bbas laik\u0101 var nor\u0101d\u012bt uz meh\u0101nisk\u0101m probl\u0113m\u0101m, piem\u0113ram, nodilu\u0161iem gult\u0146iem vai nepietiekamu e\u013c\u013co\u0161anu. Noskaidrojiet trok\u0161\u0146a avotu un veiciet korekt\u012bvas darb\u012bbas.<\/li>\n<\/ul>\n<h2>Probl\u0113mu nov\u0113r\u0161anas padomi un risin\u0101jumi<\/h2>\n<p>Efekt\u012bva probl\u0113mu nov\u0113r\u0161ana s\u0101kas ar probl\u0113mas simptomu identific\u0113\u0161anu. \u0160\u0137idruma nopl\u016bdes gad\u012bjum\u0101 p\u0101rbaudiet bl\u012bves un savienojumus, vai tie nav boj\u0101ti, un nomainiet tos, ja nepiecie\u0161ams. Ja cilindrs darbojas l\u0113ni, p\u0101rbaudiet hidraulisk\u0101 \u0161\u0137idruma l\u012bmeni un, ja tas ir zems, uzpildiet to. Turkl\u0101t p\u0101rbaudiet hidraulisk\u0101 s\u016bk\u0146a darb\u012bbas probl\u0113mas.<\/p>\n<p>Lai samazin\u0101tu iesp\u0113jam\u0101s probl\u0113mas, izveidojiet regul\u0101ru apkopes grafiku, kas ietver p\u0101rbaudes, e\u013c\u013co\u0161anu un visu konstat\u0113to probl\u0113mu t\u016bl\u012bt\u0113ju nov\u0113r\u0161anu. Operatoru apm\u0101c\u012bba par agr\u012bnu probl\u0113mu paz\u012bmju atpaz\u012b\u0161anu var v\u0113l vair\u0101k samazin\u0101t nopietnu boj\u0101jumu risku.<\/p>\n<p><img decoding=\"async\" src=\"https:\/\/www.hydraulic-cylinders.net\/wp-content\/uploads\/2025\/04\/songte-bushings-with-all-kinds-of-excavator-models.webp\" alt=\"Ekskavatoru mode\u013cu bukses\" \/><\/p>\n<h2>Par m\u016bsu uz\u0146\u0113mumu<\/h2>\n<p>M\u0113s esam vado\u0161ais rezerves hidraulisko cilindru ra\u017eot\u0101js un vairumtirgot\u0101js, kas pied\u0101v\u0101 pla\u0161u produktu kl\u0101stu viet\u0113j\u0101 un starptautiskaj\u0101 tirg\u016b. M\u016bsu ap\u0146em\u0161an\u0101s sasniegt izcil\u012bbu atspogu\u013cojas m\u016bsu r\u016bp\u012bgaj\u0101s ra\u017eo\u0161anas vad\u012bbas strat\u0113\u0123ij\u0101s, kas izmanto jaun\u0101k\u0101s tehnolo\u0123ijas un kvalific\u0113tu darbasp\u0113ku.<\/p>\n<p>M\u016bsu ra\u017eotn\u0113s ir modernas digit\u0101l\u0101s ra\u017eo\u0161anas iek\u0101rtas un visaptvero\u0161a kvalit\u0101tes kontroles sist\u0113ma. \u0160\u012b kombin\u0101cija \u013cauj mums nep\u0101rtraukti uzlabot ra\u017eo\u0161anas jaudas, vienlaikus efekt\u012bvi apmierinot da\u017e\u0101das klientu vajadz\u012bbas. M\u0113s pie\u0161\u0137iram priorit\u0101ti augstai efektivit\u0101tei, precizit\u0101tei un kvalit\u0101tei, lai nodro\u0161in\u0101tu, ka m\u016bsu produkti p\u0101rsniedz klientu cer\u012bbas.<\/p>\n<p>Papildus m\u016bsu ra\u017eo\u0161anas iesp\u0113j\u0101m m\u0113s pied\u0101v\u0101jam piel\u0101gotus pakalpojumus, kas piel\u0101goti konkr\u0113t\u0101m klientu pras\u012bb\u0101m. M\u016bsu starptautiskie sertifik\u0101ti apliecina m\u016bsu ap\u0146em\u0161anos iev\u0113rot kvalit\u0101tes un dro\u0161\u012bbas standartus. M\u0113s ar\u012b nodro\u0161in\u0101m izcilu p\u0113cp\u0101rdo\u0161anas atbalstu, nodro\u0161inot, ka m\u016bsu klientiem ir pieejama nepiecie\u0161am\u0101 pal\u012bdz\u012bba vis\u0101 m\u016bsu produktu dz\u012bves cikl\u0101.<\/p>\n<p><img decoding=\"async\" src=\"https:\/\/www.hydraulic-cylinders.net\/wp-content\/uploads\/2025\/04\/songte-company-4.webp\" alt=\"Uz\u0146\u0113muma att\u0113ls 1\" \/><br \/>\n<img decoding=\"async\" src=\"https:\/\/www.hydraulic-cylinders.net\/wp-content\/uploads\/2025\/04\/songte-company-3.webp\" alt=\"Uz\u0146\u0113muma att\u0113ls 2\" \/><\/p>\n<p>Autors: lil<\/p>","protected":false},"excerpt":{"rendered":"<p>Boom Cylinder For Caterpillar Large Excavator E345DL Introduction to Boom Cylinder The Boom Cylinder is a critical component in hydraulic systems, specifically designed to manage the movement of buckets in heavy machinery such as excavators, backhoe loaders, and front loaders. This hydraulic cylinder enables the bucket to lift, lower, and tilt, facilitating efficient material handling [&hellip;]<\/p>","protected":false},"featured_media":17872,"comment_status":"open","ping_status":"closed","template":"","meta":{"_et_pb_use_builder":"","_et_pb_old_content":"","_et_gb_content_width":""},"product_brand":[],"product_cat":[1546],"product_tag":[1547,1496],"class_list":{"0":"post-18975","1":"product","2":"type-product","3":"status-publish","4":"has-post-thumbnail","6":"product_cat-boom-cylinders","7":"product_tag-boom-cylinders","8":"product_tag-hydraulic-cylinders","10":"first","11":"instock","12":"shipping-taxable","13":"product-type-simple"},"amp_enabled":true,"_links":{"self":[{"href":"https:\/\/www.hydraulic-cylinders.net\/lv\/wp-json\/wp\/v2\/product\/18975","targetHints":{"allow":["GET"]}}],"collection":[{"href":"https:\/\/www.hydraulic-cylinders.net\/lv\/wp-json\/wp\/v2\/product"}],"about":[{"href":"https:\/\/www.hydraulic-cylinders.net\/lv\/wp-json\/wp\/v2\/types\/product"}],"replies":[{"embeddable":true,"href":"https:\/\/www.hydraulic-cylinders.net\/lv\/wp-json\/wp\/v2\/comments?post=18975"}],"wp:featuredmedia":[{"embeddable":true,"href":"https:\/\/www.hydraulic-cylinders.net\/lv\/wp-json\/wp\/v2\/media\/17872"}],"wp:attachment":[{"href":"https:\/\/www.hydraulic-cylinders.net\/lv\/wp-json\/wp\/v2\/media?parent=18975"}],"wp:term":[{"taxonomy":"product_brand","embeddable":true,"href":"https:\/\/www.hydraulic-cylinders.net\/lv\/wp-json\/wp\/v2\/product_brand?post=18975"},{"taxonomy":"product_cat","embeddable":true,"href":"https:\/\/www.hydraulic-cylinders.net\/lv\/wp-json\/wp\/v2\/product_cat?post=18975"},{"taxonomy":"product_tag","embeddable":true,"href":"https:\/\/www.hydraulic-cylinders.net\/lv\/wp-json\/wp\/v2\/product_tag?post=18975"}],"curies":[{"name":"wp","href":"https:\/\/api.w.org\/{rel}","templated":true}]}}