{"id":18979,"date":"2025-04-07T06:05:30","date_gmt":"2025-04-07T06:05:30","guid":{"rendered":"https:\/\/www.hydraulic-cylinders.net\/product\/boom-cylinder-for-caterpillar-wheel-excavator-m326d\/"},"modified":"2025-04-07T06:05:32","modified_gmt":"2025-04-07T06:05:32","slug":"boom-cylinder-for-caterpillar-wheel-excavator-m326d","status":"publish","type":"product","link":"https:\/\/www.hydraulic-cylinders.net\/lv\/products\/boom-cylinder-for-caterpillar-wheel-excavator-m326d\/","title":{"rendered":"Str\u0113les cilindrs Caterpillar rite\u0146u ekskavatoram M326D"},"content":{"rendered":"<h1>Str\u0113les cilindrs Caterpillar rite\u0146u ekskavatoram M326D<\/h1>\n<h2>Produkta p\u0101rskats<\/h2>\n<p>The <strong>Str\u0113les cilindrs Caterpillar rite\u0146u ekskavatoram M326D<\/strong> ir b\u016btiska hidrauliska sast\u0101vda\u013ca, kas paredz\u0113ta ekskavatoru str\u0113les kust\u012bbu vad\u012bbai. \u0160is hidrauliskais cilindrs \u013cauj pacelt, nolaist un noliekt str\u0113li, t\u0101d\u0113j\u0101di atvieglojot efekt\u012bvus materi\u0101lu apstr\u0101des uzdevumus. K\u0101 b\u016btiska hidraulisk\u0101s sist\u0113mas sast\u0101vda\u013cai tai ir noz\u012bm\u012bga loma smago ma\u0161\u012bnu visp\u0101r\u0113j\u0101s veiktsp\u0113jas uzlabo\u0161an\u0101.<\/p>\n<p>Konkr\u0113ti, kausa cilindrs ir hidraulisk\u0101 cilindra veids, kas specializ\u0113jas kausu kust\u012bbas kontrol\u0113\u0161an\u0101 da\u017e\u0101d\u0101s smagaj\u0101s ma\u0161\u012bn\u0101s, piem\u0113ram, ekskavatoros, ekskavatoros-iekr\u0101v\u0113jos un front\u0101lajos iekr\u0101v\u0113jos. Tas \u013cauj kausam veikt t\u0101das svar\u012bgas funkcijas k\u0101 rak\u0161ana, cel\u0161ana un noliek\u0161ana, kas ir b\u016btiskas efekt\u012bvai materi\u0101lu p\u0101rvieto\u0161anai un darb\u012bbas efektivit\u0101tei.<\/p>\n<p><img decoding=\"async\" src=\"https:\/\/www.hydraulic-cylinders.net\/wp-content\/uploads\/2025\/04\/songte-company-1.webp\" alt=\"Ekskavatora str\u0113les cilindrs\" \/><\/p>\n<h2>Str\u0113les cilindra \u012bpa\u0161\u012bbas<\/h2>\n<ul>\n<li><strong>Augsta iztur\u012bba un ilgm\u016b\u017e\u012bba:<\/strong> \u0160ie cilindri, kas parasti ir izgatavoti no augstas stipr\u012bbas t\u0113rauda vai alum\u012bnija, sp\u0113j iztur\u0113t augstu spiedienu un lielas slodzes, vienlaikus piel\u0101gojoties skarbajai darba videi. Tie ir konstru\u0113ti t\u0101, lai b\u016btu iztur\u012bgi pret nodilumu un koroziju, pagarinot produkta kalpo\u0161anas laiku.<\/li>\n<li><strong>Efekt\u012bva hidraulisk\u0101 darb\u012bba:<\/strong> Izmantojot hidraulisk\u0101s e\u013c\u013cas spiedienu, str\u0113les cilindrs pan\u0101k vienm\u0113r\u012bgu izstiep\u0161anu un ievilk\u0161anu. Tas \u0101tri rea\u0123\u0113 uz vad\u012bbas komand\u0101m, nodro\u0161inot iev\u0113rojamu stum\u0161anas un vilk\u0161anas sp\u0113ku, kas ir piem\u0113rots smagu materi\u0101lu apstr\u0101dei un sare\u017e\u0123\u012btu ekspluat\u0101cijas uzdevumu veik\u0161anai.<\/li>\n<li><strong>Da\u017e\u0101di varianti:<\/strong> Pieejamie varianti ietver vienk\u0101r\u0161as darb\u012bbas (izmantojot hidraulisko jaudu vien\u0101 virzien\u0101) un divk\u0101r\u0161as darb\u012bbas (izmantojot hidraulisko jaudu abos virzienos) cilindrus, kas atbilst da\u017e\u0101d\u0101m ekspluat\u0101cijas vajadz\u012bb\u0101m. Da\u017ei mode\u013ci ir teleskopiski, kas \u013cauj liel\u0101ku pagarin\u0101jumu, nepalielinot \u0101r\u0113jos izm\u0113rus, kas ir ide\u0101li piem\u0113rots lietojumiem ar ierobe\u017eotu vietu.<\/li>\n<li><strong>Prec\u012bzijas in\u017eenierija:<\/strong> \u0160ie cilindri, kas paredz\u0113ti veiktsp\u0113jas un uzticam\u012bbas uzlabo\u0161anai, tiek ra\u017eoti, izmantojot progres\u012bvas metodes, lai nodro\u0161in\u0101tu stingras pielaides un optim\u0101lu funkcionalit\u0101ti.<\/li>\n<li><strong>Piel\u0101gojami risin\u0101jumi:<\/strong> M\u016bsu produkti var lieliski aizst\u0101t eso\u0161os hidrauliskos cilindrus, nodro\u0161inot elast\u012bbu un piel\u0101gojam\u012bbu da\u017e\u0101d\u0101m ma\u0161\u012bnu konfigur\u0101cij\u0101m.<\/li>\n<\/ul>\n<p><img decoding=\"async\" src=\"https:\/\/www.hydraulic-cylinders.net\/wp-content\/uploads\/2025\/04\/songte-cylinder-head-with-all-kinds-excavator-models.webp\" alt=\"Ekskavatoru mode\u013ci\" \/><\/p>\n<h2>Str\u0113les cilindra pielietojumi<\/h2>\n<h3>Celtniec\u012bbas apr\u012bkojums<\/h3>\n<p>Ekskavatoros str\u0113les cilindri ir vit\u0101li svar\u012bgi augsnes vai gru\u017eu rak\u0161anai, iekrau\u0161anai un p\u0101rvieto\u0161anai. Tie nodro\u0161ina nepiecie\u0161amo sp\u0113ku rak\u0161anai un pal\u012bdz pacelt materi\u0101lus, nodro\u0161inot efekt\u012bvu b\u016bvniec\u012bbas projektu izpildi. \u0160o cilindru piel\u0101gojam\u012bba \u013cauj tiem atbalst\u012bt da\u017e\u0101dus stiprin\u0101jumus, padarot ekskavatorus par daudzpus\u012bgiem instrumentiem jebkur\u0101 darba viet\u0101.<\/p>\n<h3>Lauksaimniec\u012bbas tehnika<\/h3>\n<p>Front\u0101lajos iekr\u0101v\u0113jos str\u0113les cilindri tiek izmantoti augsnes, siena un citu materi\u0101lu sav\u0101k\u0161anai, cel\u0161anai un transport\u0113\u0161anai. To iztur\u012bg\u0101 konstrukcija \u013cauj operatoriem viegli p\u0101rvald\u012bt smagas kravas, padarot tos neaizst\u0101jamus lauksaimniec\u012bbas darbos. \u0160o cilindru efektivit\u0101te veicina uzlabotu produktivit\u0101ti lauksaimniec\u012bbas objektos.<\/p>\n<h3>Ekskavatori<\/h3>\n<p>Standarta ekskavatoros str\u0113les cilindrs atvieglo rak\u0161anas darb\u012bbu, \u013caujot kausam efekt\u012bvi iek\u013c\u016bt zem\u0113. Nodro\u0161inot prec\u012bzu kausa kust\u012bbas kontroli, \u0161ie cilindri uzlabo darb\u012bbas precizit\u0101ti, t\u0101d\u0113j\u0101di nodro\u0161inot lab\u0101kus rak\u0161anas rezult\u0101tus un maz\u0101ku materi\u0101lu zudumu.<\/p>\n<h3>Iekr\u0101v\u0113ji<\/h3>\n<p>Front\u0101lajos iekr\u0101v\u0113jos str\u0113les cilindrs pal\u012bdz efekt\u012bvi pacelt un izg\u0101zt materi\u0101lus. \u0160\u012b sp\u0113ja ir \u013coti svar\u012bga kravas automa\u0161\u012bnu iekrau\u0161anai, materi\u0101lu p\u0101rvieto\u0161anai darba viet\u0101s un da\u017e\u0101du cel\u0161anas uzdevumu veik\u0161anai. Str\u0113les cilindra uzticam\u012bba nodro\u0161ina ilgsto\u0161u darb\u012bbas efektivit\u0101ti sare\u017e\u0123\u012btos apst\u0101k\u013cos.<\/p>\n<h2>Dizaina apsv\u0113rumi un atlases krit\u0113riji<\/h2>\n<h3>Kravnes\u012bba<\/h3>\n<p>Izv\u0113loties str\u0113les cilindru, ir svar\u012bgi izprast t\u0101 kravnes\u012bbu. Cilindram j\u0101sp\u0113j iztur\u0113t maksim\u0101lo paredzamo slodzi ekspluat\u0101cijas laik\u0101. P\u0101rslodze var izrais\u012bt priek\u0161laic\u012bgu boj\u0101jumu, palielin\u0101tu nodilumu un dro\u0161\u012bbas apdraud\u0113jumus. In\u017eenieri bie\u017ei veic slodzes anal\u012bzi, lai noteiktu atbilsto\u0161as \u200b\u200bspecifik\u0101cijas, nodro\u0161inot, ka cilindrs darbosies dro\u0161i paredz\u0113tajos apst\u0101k\u013cos.<\/p>\n<h3>Bl\u012bv\u0113jums un iztur\u012bba<\/h3>\n<p>Bl\u012bv\u0113jums ir v\u0113l viens svar\u012bgs apsv\u0113rums str\u0113les cilindriem. Pareizi bl\u012bv\u0113jumi nov\u0113r\u0161 hidraulisk\u0101 \u0161\u0137idruma nopl\u016bdes, saglab\u0101jot sist\u0113mas spiedienu un efektivit\u0101ti. Augstas kvalit\u0101tes bl\u012bv\u0113jumi, kas izgatavoti no t\u0101diem materi\u0101liem k\u0101 poliuret\u0101ns vai nitrilgumija, nodro\u0161ina iztur\u012bbu pret nodilumu un vides faktoriem. Cilindra konstrukcij\u0101 j\u0101\u0146em v\u0113r\u0101 ar\u012b iesp\u0113jamie pies\u0101r\u0146ot\u0101ji, nodro\u0161inot ilgsto\u0161u veiktsp\u0113ju un samazinot apkopes nepiecie\u0161am\u012bbu.<\/p>\n<h3>Dro\u0161\u012bbas funkcijas<\/h3>\n<p>Dro\u0161\u012bba ir \u0101rk\u0101rt\u012bgi svar\u012bga hidraulisko cilindru projekt\u0113\u0161an\u0101. T\u0101das funkcijas k\u0101 spiediena samazin\u0101\u0161anas v\u0101rsti un dro\u0161\u012bbas sl\u0113dzenes pal\u012bdz nov\u0113rst negad\u012bjumus darb\u012bbas laik\u0101. Nodro\u0161inot, ka \u0161ie dro\u0161\u012bbas meh\u0101nismi ir uzst\u0101d\u012bti, var pasarg\u0101t apr\u012bkojumu un operatorus no negaid\u012bt\u0101m k\u013c\u016bm\u0113m vai darb\u012bbas trauc\u0113jumiem, t\u0101d\u0113j\u0101di veicinot dro\u0161\u0101ku darba vidi.<\/p>\n<h3>Apkopes pieejam\u012bba<\/h3>\n<p>Hidraulisko cilindru projekt\u0113\u0161ana, lai nodro\u0161in\u0101tu vienk\u0101r\u0161u apkopi, ir b\u016btiska. Komponenti, kas nodro\u0161ina vienk\u0101r\u0161u p\u0101rbaudi, e\u013c\u013co\u0161anu un nomai\u0146u, var iev\u0113rojami samazin\u0101t d\u012bkst\u0101ves laiku un apkopes izmaksas. Ra\u017eot\u0101jiem j\u0101apsver piek\u013cuves punkti regul\u0101ras apkopes darbiem, lai nodro\u0161in\u0101tu str\u0113les cilindra ilgm\u016b\u017e\u012bbu un uzticam\u012bbu.<\/p>\n<p><img decoding=\"async\" src=\"https:\/\/www.hydraulic-cylinders.net\/wp-content\/uploads\/2025\/04\/songte-oil-pipes-and-spare-parts.webp\" alt=\"Hidrauliskie cilindri un to da\u013cas\" \/><\/p>\n<h2>Bl\u012bv\u0113\u0161ana un e\u013c\u013co\u0161ana<\/h2>\n<p>Lai nodro\u0161in\u0101tu optim\u0101lu veiktsp\u0113ju, hidrauliskajos cilindros tiek izmantoti da\u017e\u0101di bl\u012bv\u0113\u0161anas komponenti, tostarp virzu\u013ca bl\u012bvsl\u0113gi \u200b\u200bun stie\u0146a bl\u012bvsl\u0113gi. Bl\u012bv\u0113jumi, kas izgatavoti no t\u0101diem materi\u0101liem k\u0101 poliuret\u0101ns un nitrilgumija, parasti tiek izv\u0113l\u0113ti to nodilumiztur\u012bbas un ilgm\u016b\u017e\u012bbas d\u0113\u013c. Cilindra korpuss un v\u012bt\u0146ot\u0101s gala virsmas tiek r\u016bp\u012bgi apstr\u0101d\u0101tas, lai uzlabotu nodilumiztur\u012bbu. Ir nepiecie\u0161ama ar\u012b regul\u0101ra e\u013c\u013co\u0161ana ar atbilsto\u0161u hidraulisko e\u013c\u013cu, lai samazin\u0101tu berzi un nodro\u0161in\u0101tu vienm\u0113r\u012bgu darb\u012bbu.<\/p>\n<h2>Prevent\u012bvie apkopes pas\u0101kumi<\/h2>\n<ul>\n<li><strong>Regul\u0101ras p\u0101rbaudes:<\/strong> Regul\u0101ras str\u0113les cilindra p\u0101rbaudes nodro\u0161ina, ka jebk\u0101das nodiluma vai boj\u0101jumu paz\u012bmes tiek paman\u012btas laikus. Mekl\u0113jiet nopl\u016bdes, neparastas ska\u0146as un korozijas paz\u012bmes.<\/li>\n<li><strong>Piem\u0113rota e\u013c\u013co\u0161ana:<\/strong> P\u0101rliecinieties, ka cilindrs ir pien\u0101c\u012bgi iee\u013c\u013cots ar augstas kvalit\u0101tes hidraulisko e\u013c\u013cu, lai saglab\u0101tu efektivit\u0101ti un pagarin\u0101tu kalpo\u0161anas laiku. Izveidojiet e\u013c\u013co\u0161anas grafiku, pamatojoties uz darba stund\u0101m un apst\u0101k\u013ciem.<\/li>\n<li><strong>Bl\u012bv\u0113juma nomai\u0146a:<\/strong> Regul\u0101ri uzraugiet bl\u012bv\u0113jumu st\u0101vokli un nomainiet tos p\u0113c nepiecie\u0161am\u012bbas, lai nov\u0113rstu nopl\u016bdes un uztur\u0113tu optim\u0101lu veiktsp\u0113ju.<\/li>\n<\/ul>\n<h2>Uzst\u0101d\u012b\u0161anas vadl\u012bnijas<\/h2>\n<p>Pareiza str\u0113les cilindra uzst\u0101d\u012b\u0161ana ir b\u016btiska t\u0101 veiktsp\u0113jai un ilgm\u016b\u017e\u012bbai. Vispirms p\u0101rliecinieties, vai visas sast\u0101vda\u013cas ir t\u012bras un bez pies\u0101r\u0146ojuma. Uzst\u0101d\u012b\u0161anas laik\u0101 r\u016bp\u012bgi izl\u012bdziniet cilindru, lai izvair\u012btos no p\u0101rm\u0113r\u012bgas slodzes uz sast\u0101vda\u013c\u0101m. Ieteicams izmantot atbilsto\u0161us mont\u0101\u017eas kron\u0161teinus, lai dro\u0161i nostiprin\u0101tu cilindru viet\u0101. Ra\u017eot\u0101ja specifik\u0101ciju iev\u0113ro\u0161ana attiec\u012bb\u0101 uz griezes momenta iestat\u012bjumiem un hidraulisko l\u012bniju pievieno\u0161anu pal\u012bdz\u0113s nodro\u0161in\u0101t veiksm\u012bgu uzst\u0101d\u012b\u0161anu. P\u0113c uzst\u0101d\u012b\u0161anas ir svar\u012bgi p\u0101rbaud\u012bt cilindru kontrol\u0113tos apst\u0101k\u013cos, lai p\u0101rliecin\u0101tos par t\u0101 veiktsp\u0113ju un veiktu nepiecie\u0161am\u0101s korekcijas.<\/p>\n<h2>Bie\u017ei sastopamie apkopes uzdevumi<\/h2>\n<h3>Regul\u0101ras p\u0101rbaudes<\/h3>\n<p>Regul\u0101ras str\u0113les cilindra p\u0101rbaudes ir \u013coti svar\u012bgas, lai laikus identific\u0113tu iesp\u0113jam\u0101s probl\u0113mas. Mekl\u0113jiet nopl\u016bdes, nodilumu un jebk\u0101das sprieguma paz\u012bmes uz deta\u013c\u0101m. P\u0101rbaudes ir j\u0101dokument\u0113, un visas neatbilst\u012bbas ir nekav\u0113joties j\u0101nov\u0113r\u0161, lai nov\u0113rstu turpm\u0101kas komplik\u0101cijas.<\/p>\n<h3>Pareiza e\u013c\u013co\u0161ana<\/h3>\n<p>P\u0101rliecinieties, vai str\u0113les cilindrs ir iee\u013c\u013cots saska\u0146\u0101 ar ra\u017eot\u0101ja ieteikumiem. Pareiza e\u013c\u013co\u0161ana samazina berzi, uzlabo veiktsp\u0113ju un pagarina cilindra kalpo\u0161anas laiku. \u0145emiet v\u0113r\u0101 vides apst\u0101k\u013cus, kas var ietekm\u0113t e\u013c\u013co\u0161anas bie\u017eumu, un attiec\u012bgi piel\u0101gojiet apkopes grafiku.<\/p>\n<h3>Bl\u012bv\u0113juma nomai\u0146a<\/h3>\n<p>Bl\u012bvju st\u0101vok\u013ca uzraudz\u012bba ir b\u016btiska, lai saglab\u0101tu hidraulisk\u0101s sist\u0113mas integrit\u0101ti. Ja bl\u012bv\u0113m ir nodiluma vai boj\u0101jumu paz\u012bmes, t\u0101s nekav\u0113joties j\u0101nomaina, lai nov\u0113rstu \u0161\u0137idruma nopl\u016bdes un nodro\u0161in\u0101tu optim\u0101lu darb\u012bbu. Iev\u0113rojiet atbilsto\u0161as \u200b\u200bbl\u012bvju nomai\u0146as proced\u016bras, lai samazin\u0101tu d\u012bkst\u0101ves laiku.<\/p>\n<p><img decoding=\"async\" src=\"https:\/\/www.hydraulic-cylinders.net\/wp-content\/uploads\/2025\/04\/songte-chushion-collar.webp\" alt=\"Spilvenu apkakle\" \/><\/p>\n<h2>Dro\u0161\u012bbas apsv\u0113rumi un vides faktori<\/h2>\n<p>Str\u0101d\u0101jot ar hidrauliskajiem cilindriem, ir \u013coti svar\u012bgi ieviest dro\u0161\u012bbas pas\u0101kumus. Pareiza operatoru un apkopes person\u0101la apm\u0101c\u012bba var iev\u0113rojami samazin\u0101t negad\u012bjumu risku. Turkl\u0101t ir j\u0101uzrauga t\u0101di vides faktori k\u0101 temperat\u016bra un \u0137\u012bmisko vielu iedarb\u012bba, lai nodro\u0161in\u0101tu hidraulisk\u0101s sist\u0113mas integrit\u0101ti.<\/p>\n<h2>K\u013c\u016bmju diagnostika un bie\u017e\u0101k sastopam\u0101s probl\u0113mas<\/h2>\n<ul>\n<li><strong>Nopl\u016bde:<\/strong> Nopl\u016bde ir izplat\u012bta probl\u0113ma, kas var rasties nolietotu bl\u012bv\u0113jumu vai boj\u0101tu deta\u013cu d\u0113\u013c. Regul\u0101ri p\u0101rbaudiet bl\u012bv\u0113jumus un nomainiet tos p\u0113c nepiecie\u0161am\u012bbas, lai nov\u0113rstu hidraulisk\u0101 \u0161\u0137idruma zudumu.<\/li>\n<li><strong>Nepietiekama jauda:<\/strong> Ja str\u0113les cilindrs nerea\u0123\u0113 atbilsto\u0161i, tas var liecin\u0101t par zemu hidraulisk\u0101 \u0161\u0137idruma l\u012bmeni vai sist\u0113m\u0101 iesprostotu gaisu. P\u0101rliecinieties par pareizu \u0161\u0137idruma l\u012bmeni un nepiecie\u0161am\u012bbas gad\u012bjum\u0101 atgaisojiet sist\u0113mu.<\/li>\n<li><strong>Troksnis darb\u012bbas laik\u0101:<\/strong> Neparastas ska\u0146as var liecin\u0101t par meh\u0101nisk\u0101m probl\u0113m\u0101m cilindr\u0101. Nekav\u0113joties izmekl\u0113jiet visas neparastas ska\u0146as, lai izvair\u012btos no apr\u012bkojuma turpm\u0101kiem boj\u0101jumiem.<\/li>\n<\/ul>\n<h2>Probl\u0113mu nov\u0113r\u0161anas padomi<\/h2>\n<p>Lai efekt\u012bvi nov\u0113rstu probl\u0113mas, s\u0101ciet ar str\u0113les cilindra simptomu identific\u0113\u0161anu. Nov\u0113rt\u0113jiet hidraulisko sist\u0113mu, vai nav nopl\u016b\u017eu, p\u0101rliecinoties, ka visi bl\u012bv\u0113jumi un savienojumi ir neskarti. Vienm\u0113r p\u0101rbaudiet hidraulisk\u0101 \u0161\u0137idruma l\u012bmeni un kvalit\u0101ti, jo zems vai pies\u0101r\u0146ots \u0161\u0137idrums var izrais\u012bt veiktsp\u0113jas probl\u0113mas. Ieviesiet prevent\u012bvus pas\u0101kumus, piem\u0113ram, regul\u0101ru apkopi un p\u0101rbaudes, lai samazin\u0101tu bie\u017ei sastopamu probl\u0113mu risku un nodro\u0161in\u0101tu hidraulisk\u0101s sist\u0113mas ilgm\u016b\u017e\u012bbu.<\/p>\n<p><img decoding=\"async\" src=\"https:\/\/www.hydraulic-cylinders.net\/wp-content\/uploads\/2025\/04\/songte-bushings-with-all-kinds-of-excavator-models.webp\" alt=\"Ekskavatoru mode\u013cu bukses\" \/><\/p>\n<h2>Par m\u016bsu uz\u0146\u0113mumu<\/h2>\n<p>M\u0113s esam ra\u017eot\u0101js, kas specializ\u0113jas rezerves hidraulisko cilindru ra\u017eo\u0161an\u0101, pied\u0101v\u0101jot pla\u0161u produktu kl\u0101stu, lai k\u013c\u016btu par vienu no vado\u0161ajiem hidraulisko cilindru ra\u017eot\u0101jiem un vairumtirgot\u0101jiem gan viet\u0113j\u0101, gan starptautiskaj\u0101 tirg\u016b. M\u0113s iev\u0113rojam izcil\u012bbas kvalit\u0101tes principu, izmantojot izsmalcin\u0101tu ra\u017eo\u0161anas darbn\u012bcu un r\u016bpniecisk\u0101s ra\u017eo\u0161anas vad\u012bbas strat\u0113\u0123ijas. M\u016bsu uz\u0146\u0113mums past\u0101v\u012bgi uzlabo savu ra\u017eo\u0161anas platformu, izmantojot tehniskos talantus, augst\u0101k\u0101s klases digit\u0101l\u0101s ra\u017eo\u0161anas iek\u0101rtas un profesion\u0101las test\u0113\u0161anas sist\u0113mas, lai uzlabotu m\u016bsu produktu kvalit\u0101tes ra\u017eo\u0161anas procesu. Tas \u013cauj mums apmierin\u0101t da\u017e\u0101das klientu vajadz\u012bbas ar efektivit\u0101ti, precizit\u0101ti un augstu kvalit\u0101ti.<\/p>\n<p>S\u0101kot ar profesionalit\u0101ti un beidzot ar starptautisk\u0101m sertifik\u0101cij\u0101m, m\u0113s pied\u0101v\u0101jam piel\u0101gotus pakalpojumus, kas piel\u0101goti konkr\u0113t\u0101m klientu pras\u012bb\u0101m. M\u016bsu modern\u0101s ra\u017eo\u0161anas iek\u0101rtas \u013cauj mums uztur\u0113t augstus standartus, savuk\u0101rt m\u016bsu specializ\u0113t\u0101 p\u0113cp\u0101rdo\u0161anas apkalpo\u0161anas komanda nodro\u0161ina klientu apmierin\u0101t\u012bbu un risina visas probl\u0113mas, kas var rasties p\u0113c pirkuma veik\u0161anas.<\/p>\n<p><img decoding=\"async\" src=\"https:\/\/www.hydraulic-cylinders.net\/wp-content\/uploads\/2025\/04\/songte-company-4.webp\" alt=\"Uz\u0146\u0113muma p\u0101rskats\" \/><br \/>\n<img decoding=\"async\" src=\"https:\/\/www.hydraulic-cylinders.net\/wp-content\/uploads\/2025\/04\/songte-company-3.webp\" alt=\"Ra\u017eo\u0161anas iek\u0101rta\" \/><\/p>\n<p>Autors: lil<\/p>","protected":false},"excerpt":{"rendered":"<p>Boom Cylinder For Caterpillar Wheel Excavator M326D Product Overview The Boom Cylinder for Caterpillar Wheel Excavator M326D is an essential hydraulic component designed to control the movements of the boom in excavators. This hydraulic cylinder enables the lifting, lowering, and tilting of the boom, facilitating efficient material handling tasks. As a crucial part of the [&hellip;]<\/p>","protected":false},"featured_media":17876,"comment_status":"open","ping_status":"closed","template":"","meta":{"_et_pb_use_builder":"","_et_pb_old_content":"","_et_gb_content_width":""},"product_brand":[],"product_cat":[1546],"product_tag":[1547,1496],"class_list":{"0":"post-18979","1":"product","2":"type-product","3":"status-publish","4":"has-post-thumbnail","6":"product_cat-boom-cylinders","7":"product_tag-boom-cylinders","8":"product_tag-hydraulic-cylinders","10":"first","11":"instock","12":"shipping-taxable","13":"product-type-simple"},"amp_enabled":true,"_links":{"self":[{"href":"https:\/\/www.hydraulic-cylinders.net\/lv\/wp-json\/wp\/v2\/product\/18979","targetHints":{"allow":["GET"]}}],"collection":[{"href":"https:\/\/www.hydraulic-cylinders.net\/lv\/wp-json\/wp\/v2\/product"}],"about":[{"href":"https:\/\/www.hydraulic-cylinders.net\/lv\/wp-json\/wp\/v2\/types\/product"}],"replies":[{"embeddable":true,"href":"https:\/\/www.hydraulic-cylinders.net\/lv\/wp-json\/wp\/v2\/comments?post=18979"}],"wp:featuredmedia":[{"embeddable":true,"href":"https:\/\/www.hydraulic-cylinders.net\/lv\/wp-json\/wp\/v2\/media\/17876"}],"wp:attachment":[{"href":"https:\/\/www.hydraulic-cylinders.net\/lv\/wp-json\/wp\/v2\/media?parent=18979"}],"wp:term":[{"taxonomy":"product_brand","embeddable":true,"href":"https:\/\/www.hydraulic-cylinders.net\/lv\/wp-json\/wp\/v2\/product_brand?post=18979"},{"taxonomy":"product_cat","embeddable":true,"href":"https:\/\/www.hydraulic-cylinders.net\/lv\/wp-json\/wp\/v2\/product_cat?post=18979"},{"taxonomy":"product_tag","embeddable":true,"href":"https:\/\/www.hydraulic-cylinders.net\/lv\/wp-json\/wp\/v2\/product_tag?post=18979"}],"curies":[{"name":"wp","href":"https:\/\/api.w.org\/{rel}","templated":true}]}}