{"id":18980,"date":"2025-04-07T06:05:32","date_gmt":"2025-04-07T06:05:32","guid":{"rendered":"https:\/\/www.hydraulic-cylinders.net\/product\/boom-cylinder-for-caterpillar-wheel-excavator-m322d\/"},"modified":"2025-04-07T06:05:35","modified_gmt":"2025-04-07T06:05:35","slug":"boom-cylinder-for-caterpillar-wheel-excavator-m322d","status":"publish","type":"product","link":"https:\/\/www.hydraulic-cylinders.net\/lv\/products\/boom-cylinder-for-caterpillar-wheel-excavator-m322d\/","title":{"rendered":"Str\u0113les cilindrs Caterpillar rite\u0146u ekskavatoram M322D"},"content":{"rendered":"<h1>Str\u0113les cilindrs Caterpillar rite\u0146u ekskavatoram M322D<\/h1>\n<h2>Produkta p\u0101rskats<\/h2>\n<p>Str\u0113les cilindrs ir b\u016btiska Caterpillar rite\u0146u ekskavatora M322D sast\u0101vda\u013ca, kas paredz\u0113ta, lai prec\u012bzi un efekt\u012bvi kontrol\u0113tu str\u0113les sviras kust\u012bbu. \u0160is hidrauliskais cilindrs \u013cauj pacelt, nolaist un noliekt str\u0113li, kas ir svar\u012bgi da\u017e\u0101diem materi\u0101lu apstr\u0101des uzdevumiem. K\u0101 da\u013ca no hidraulisk\u0101s sist\u0113mas, str\u0113les cilindram ir noz\u012bm\u012bga loma smago ma\u0161\u012bnu veiktsp\u0113jas uzlabo\u0161an\u0101, nodro\u0161inot nepiecie\u0161amo sp\u0113ku, lai dro\u0161i un efekt\u012bvi p\u0101rvald\u012btu smagas kravas.<\/p>\n<p><img decoding=\"async\" src=\"https:\/\/www.hydraulic-cylinders.net\/wp-content\/uploads\/2025\/04\/songte-company-1.webp\" alt=\"Str\u0113les cilindra att\u0113ls\"><\/p>\n<h3>Str\u0113les cilindra defin\u012bcija un funkcija<\/h3>\n<p>Str\u0113les cilindrs ir hidraulisk\u0101 cilindra veids, kas \u012bpa\u0161i paredz\u0113ts str\u0113les kust\u012bbas vad\u012bbai da\u017e\u0101d\u0101s smagaj\u0101s ma\u0161\u012bn\u0101s, piem\u0113ram, ekskavatoros, iekr\u0101v\u0113ju ekskavatoros un front\u0101lajos iekr\u0101v\u0113jos. Tas \u013cauj operatoriem veikt t\u0101dus uzdevumus k\u0101 str\u0113les pacel\u0161ana, nolai\u0161ana un noliek\u0161ana, t\u0101d\u0113j\u0101di veicinot efekt\u012bvu materi\u0101lu apstr\u0101di. Hidraulisk\u0101 sist\u0113ma izmanto spiediena \u0161\u0137idrumu, lai nodro\u0161in\u0101tu vienm\u0113r\u012bgas un kontrol\u0113tas kust\u012bbas, padarot to neaizst\u0101jamu b\u016bvniec\u012bb\u0101 un lauksaimniec\u012bbas darbos.<\/p>\n<h2>Str\u0113les cilindra galven\u0101s iez\u012bmes<\/h2>\n<ul>\n<li><strong>Augsta iztur\u012bba un ilgm\u016b\u017e\u012bba:<\/strong> Izgatavots no augstas stipr\u012bbas t\u0113rauda vai alum\u012bnija, str\u0113les cilindrs ir konstru\u0113ts t\u0101, lai iztur\u0113tu augstu spiedienu un lielas slodzes, padarot to piem\u0113rotu skarbiem darba apst\u0101k\u013ciem, vienlaikus nodro\u0161inot ilgm\u016b\u017e\u012bbu, pateicoties nodilumiztur\u012bbai un aizsardz\u012bbai pret koroziju.<\/li>\n<li><strong>Efekt\u012bva hidraulisk\u0101 darb\u012bba:<\/strong> Cilindrs izmanto hidraulisk\u0101 \u0161\u0137idruma spiedienu, lai nodro\u0161in\u0101tu vienm\u0113r\u012bgu izstiep\u0161anu un ievilk\u0161anu, \u013caujot \u0101tri rea\u0123\u0113t uz operatora komand\u0101m un nodro\u0161in\u0101t sp\u0113c\u012bgu stum\u0161anas un vilk\u0161anas sp\u0113ku smagu un sare\u017e\u0123\u012btu uzdevumu veik\u0161anai.<\/li>\n<li><strong>Pieejami da\u017e\u0101di veidi:<\/strong> Pieejamie varianti ietver vienk\u0101r\u0161as darb\u012bbas (darbojas vien\u0101 virzien\u0101) vai divk\u0101r\u0161as darb\u012bbas (darbojas abos virzienos) cilindrus, kas atbilst da\u017e\u0101d\u0101m ekspluat\u0101cijas vajadz\u012bb\u0101m. Da\u017ei mode\u013ci ir teleskopiski, kas nodro\u0161ina liel\u0101ku sasniedzam\u012bbu, nepalielinot \u0101r\u0113jos izm\u0113rus, kas ir ide\u0101li piem\u0113rots lietojumiem ar ierobe\u017eotu vietu.<\/li>\n<li><strong>Piel\u0101gota ra\u017eo\u0161ana:<\/strong> M\u0113s varam ra\u017eot \u0161o produktu, lai tas perfekti aizst\u0101tu eso\u0161os hidrauliskos cilindrus, nodro\u0161inot sader\u012bbu un veiktsp\u0113ju.<\/li>\n<\/ul>\n<p><img decoding=\"async\" src=\"https:\/\/www.hydraulic-cylinders.net\/wp-content\/uploads\/2025\/04\/songte-cylinder-head-with-all-kinds-excavator-models.webp\" alt=\"Ekskavatora sader\u012bba\"><\/p>\n<h2>Str\u0113les cilindra pielietojums<\/h2>\n<h3>Celtniec\u012bbas apr\u012bkojums<\/h3>\n<p>Ekskavatoros str\u0113les cilindri ir vit\u0101li svar\u012bgi zemes vai gru\u017eu rak\u0161anai, iekrau\u0161anai un p\u0101rvieto\u0161anai. Tie nodro\u0161ina nepiecie\u0161amo sp\u0113ku, lai str\u0113le iek\u013c\u016btu zem\u0113, padarot rak\u0161anas darbus efekt\u012bv\u0101kus. Ekskavatoros-iekr\u0101v\u0113jos tie pal\u012bdz gan rak\u0161anas, gan cel\u0161anas oper\u0101cij\u0101s, uzlabojot produktivit\u0101ti b\u016bvlaukumos.<\/p>\n<h3>Lauksaimniec\u012bbas tehnika<\/h3>\n<p>Front\u0101lajos iekr\u0101v\u0113jos str\u0113les cilindri ir b\u016btiski augsnes, siena un citu materi\u0101lu sav\u0101k\u0161anai, cel\u0161anai un transport\u0113\u0161anai. To iztur\u012bg\u0101 konstrukcija nodro\u0161ina, ka tie var tikt gal\u0101 ar sare\u017e\u0123\u012btiem uzdevumiem, kas bie\u017ei rodas lauksaimniec\u012bbas vid\u0113, nodro\u0161inot operatoriem uzticamu veiktsp\u0113ju da\u017e\u0101dos pielietojumos.<\/p>\n<h3>Ekskavatori<\/h3>\n<p>Ekskavatora str\u0113les cilindri \u013cauj kausam iek\u013c\u016bt zem\u0113, t\u0101d\u0113j\u0101di atvieglojot efekt\u012bvas rak\u0161anas darb\u012bbas. Hidraulisk\u0101 jauda \u013cauj operatoriem prec\u012bzi manevr\u0113t ekskavatoru, optimiz\u0113jot veiktsp\u0113ju da\u017e\u0101dos rak\u0161anas darbos.<\/p>\n<h3>Iekr\u0101v\u0113ji<\/h3>\n<p>Front\u0101lajos iekr\u0101v\u0113jos str\u0113les cilindri pal\u012bdz efekt\u012bvi pacelt un izg\u0101zt kravas. To iztur\u012bba un atsauc\u012bba padara tos neaizst\u0101jamus uzdevumos, kas saist\u012bti ar smagu kravu cel\u0161anu un materi\u0101lu nog\u0101\u0161anu, nodro\u0161inot vienm\u0113r\u012bgu darb\u012bbu.<\/p>\n<h2>Dizaina apsv\u0113rumi un atlases krit\u0113riji<\/h2>\n<h3>Kravnes\u012bba<\/h3>\n<p>Projekt\u0113jot str\u0113les cilindru, kravnes\u012bba ir kritisks faktors. T\u0101 nosaka, cik lielu svaru cilindrs var dro\u0161i pacelt un nolaist. Ra\u017eot\u0101ji bie\u017ei veic stingrus testus, lai nodro\u0161in\u0101tu, ka vi\u0146u cilindri atbilst da\u017e\u0101d\u0101m ma\u0161\u012bn\u0101m un lietojumiem noteiktaj\u0101m specifik\u0101cij\u0101m.<\/p>\n<h3>Bl\u012bv\u0113jums un iztur\u012bba<\/h3>\n<p>Efekt\u012bva bl\u012bv\u0113\u0161ana ir \u0101rk\u0101rt\u012bgi svar\u012bga, lai nov\u0113rstu hidraulisk\u0101 \u0161\u0137idruma nopl\u016bdes, kas var izrais\u012bt efektivit\u0101tes samazin\u0101\u0161anos un iesp\u0113jamus boj\u0101jumus. Augstas kvalit\u0101tes bl\u012bv\u0113jumu izv\u0113le, kas izgatavoti no t\u0101diem materi\u0101liem k\u0101 poliuret\u0101ns un nitrilgumija, nodro\u0161ina ilgm\u016b\u017e\u012bbu un uzticam\u012bbu sare\u017e\u0123\u012btos apst\u0101k\u013cos.<\/p>\n<h3>Dro\u0161\u012bbas funkcijas<\/h3>\n<p>Dro\u0161\u012bba ir galven\u0101 priorit\u0101te str\u0113les cilindru konstrukcij\u0101. Ir iek\u013cautas t\u0101das funkcijas k\u0101 dro\u0161\u012bbas v\u0101rsti un spiediena samazin\u0101\u0161anas v\u0101rsti, lai nov\u0113rstu p\u0101rslodzi un sist\u0113mas k\u013c\u016bmes, t\u0101d\u0113j\u0101di nodro\u0161inot lietot\u0101ja dro\u0161\u012bbu darb\u012bbas laik\u0101.<\/p>\n<h3>Apkope un izmantojam\u012bba<\/h3>\n<p>Vienk\u0101r\u0161as apkopes projekt\u0113\u0161ana ir \u013coti svar\u012bga, lai nodro\u0161in\u0101tu str\u0113les cilindra ilgm\u016b\u017e\u012bbu. Pieejamu apkopes punktu un skaidru indikatoru iek\u013cau\u0161ana apkopes p\u0101rbaud\u0113m var pal\u012bdz\u0113t operatoriem veikt regul\u0101ru apkopi, pagarinot cilindra kalpo\u0161anas laiku.<\/p>\n<p><img decoding=\"async\" src=\"https:\/\/www.hydraulic-cylinders.net\/wp-content\/uploads\/2025\/04\/songte-oil-pipes-and-spare-parts.webp\" alt=\"Hidraulisk\u0101s sast\u0101vda\u013cas\"><\/p>\n<h2>Bl\u012bv\u0113\u0161ana un e\u013c\u013co\u0161ana<\/h2>\n<p>Da\u017e\u0101du bl\u012bv\u0113\u0161anas komponentu, piem\u0113ram, virzu\u013ca bl\u012bv\u0113jumu un stie\u0146a bl\u012bv\u0113jumu, izmanto\u0161ana ir \u013coti svar\u012bga, lai saglab\u0101tu hidraulisko cilindru integrit\u0101ti. Bl\u012bv\u0113jumi, kas izgatavoti no nodilumiztur\u012bgiem materi\u0101liem, piem\u0113ram, poliuret\u0101na un nitrila gumijas, tiek izv\u0113l\u0113ti, lai uzlabotu iztur\u012bbu un veiktsp\u0113ju. Cilindra korpusa un v\u012bt\u0146oto galu virsmas apdare ir r\u016bp\u012bgi apstr\u0101d\u0101ta, lai uzlabotu nodilumiztur\u012bbu un nodro\u0161in\u0101tu bl\u012bv\u0113jumu cie\u0161u piegul\u0161anu. Regul\u0101ra e\u013c\u013co\u0161ana ar hidraulisko e\u013c\u013cu ir b\u016btiska, lai samazin\u0101tu berzi un nodilumu, t\u0101d\u0113j\u0101di veicinot hidraulisk\u0101s sist\u0113mas kop\u0113jo efektivit\u0101ti.<\/p>\n<h2>Regul\u0101ra p\u0101rbaude un profilaktisk\u0101 apkope<\/h2>\n<ul>\n<li><strong>Regul\u0101ras p\u0101rbaudes:<\/strong> Regul\u0101ru hidraulisko cilindru p\u0101rbau\u017eu veik\u0161ana ir b\u016btiska, lai identific\u0113tu jebk\u0101das nodiluma, nopl\u016bdes vai boj\u0101jumu paz\u012bmes. Agr\u012bna atkl\u0101\u0161ana var nov\u0113rst nopietnus darb\u012bbas trauc\u0113jumus un pagarin\u0101t iek\u0101rtas kalpo\u0161anas laiku.<\/li>\n<li><strong>Prevent\u012bv\u0101 apkope:<\/strong> Prevent\u012bv\u0101s apkopes grafika ievie\u0161ana pal\u012bdz nodro\u0161in\u0101t visu hidraulisk\u0101s sist\u0113mas komponentu pareizu darb\u012bbu, samazinot negaid\u012btu d\u012bkst\u0101ves risku.<\/li>\n<li><strong>E\u013c\u013co\u0161anas p\u0101rbaudes:<\/strong> Lai nodro\u0161in\u0101tu vienm\u0113r\u012bgu darb\u012bbu un ilgm\u016b\u017e\u012bbu, ir svar\u012bgi nodro\u0161in\u0101t atbilsto\u0161u hidraulisk\u0101 \u0161\u0137idruma l\u012bmeni un labi iee\u013c\u013cotus bl\u012bv\u0113jumus.<\/li>\n<\/ul>\n<h2>Uzst\u0101d\u012b\u0161anas vadl\u012bnijas<\/h2>\n<p>Pareiza str\u0113les cilindra uzst\u0101d\u012b\u0161ana ir \u013coti svar\u012bga optim\u0101lai veiktsp\u0113jai. Vispirms p\u0101rliecinieties, vai cilindrs un t\u0101 sast\u0101vda\u013cas ir t\u012bras un bez gru\u017eiem. Pareizi izl\u012bdziniet cilindru, nodro\u0161inot, ka tas ir paral\u0113ls mont\u0101\u017eas kron\u0161teiniem. Izmantojiet atbilsto\u0161us uzst\u0101d\u012b\u0161anas kron\u0161teinus, lai nostiprin\u0101tu cilindru viet\u0101. Pievelciet visus stiprin\u0101jumus l\u012bdz ieteicamajam griezes momentam, lai nov\u0113rstu to atsl\u0101b\u0161anu darb\u012bbas laik\u0101. P\u0113c uzst\u0101d\u012b\u0161anas pirms iek\u0101rtas nodo\u0161anas ekspluat\u0101cij\u0101 veiciet r\u016bp\u012bgu p\u0101rbaudi, lai p\u0101rliecin\u0101tos par izl\u012bdzin\u0101\u0161anu un funkcionalit\u0101ti.<\/p>\n<h2>Bie\u017ei sastopamie apkopes uzdevumi<\/h2>\n<ul>\n<li><strong>Regul\u0101ras p\u0101rbaudes:<\/strong> Iepl\u0101nojiet regul\u0101ras p\u0101rbaudes, lai nov\u0113rt\u0113tu str\u0113les cilindra un apk\u0101rt\u0113jo komponentu st\u0101vokli. Tas ietver nopl\u016b\u017eu, nodiluma un izl\u012bdzin\u0101\u0161anas probl\u0113mu p\u0101rbaudi.<\/li>\n<li><strong>Pareiza e\u013c\u013co\u0161ana:<\/strong> P\u0101rliecinieties, ka hidraulisk\u0101s e\u013c\u013cas l\u012bmenis ir uztur\u0113ts nemain\u012bgs un bl\u012bves ir pietiekami iee\u013c\u013cotas, lai nov\u0113rstu kust\u012bgo da\u013cu berzi un nodilumu.<\/li>\n<li><strong>Bl\u012bv\u0113juma nomai\u0146a:<\/strong> Regul\u0101ri p\u0101rbaudiet bl\u012bves, vai nav nodiluma vai boj\u0101jumu paz\u012bmju. Nomainiet bl\u012bves p\u0113c nepiecie\u0161am\u012bbas, lai uztur\u0113tu optim\u0101lu veiktsp\u0113ju un nov\u0113rstu nopl\u016bdes.<\/li>\n<\/ul>\n<h2>Dro\u0161\u012bbas apsv\u0113rumi un vides faktori<\/h2>\n<p>Izmantojot hidrauliskos cilindrus, dro\u0161\u012bbas pas\u0101kumi ir \u0101rk\u0101rt\u012bgi svar\u012bgi. Operatoriem vienm\u0113r j\u0101b\u016bt apm\u0101c\u012btiem un j\u0101apzin\u0101s iesp\u0113jamie apdraud\u0113jumi, kas saist\u012bti ar hidraulisko apr\u012bkojumu. Pareiza individu\u0101lo aizsardz\u012bbas l\u012bdzek\u013cu (IAL) lieto\u0161ana ir b\u016btiska, lai samazin\u0101tu riskus. Turkl\u0101t ekspluat\u0101cijas un uzglab\u0101\u0161anas laik\u0101 j\u0101\u0146em v\u0113r\u0101 t\u0101di vides faktori k\u0101 pak\u013cau\u0161ana ekstrem\u0101l\u0101m temperat\u016br\u0101m un kod\u012bg\u0101m viel\u0101m, lai pagarin\u0101tu hidraulisko komponentu kalpo\u0161anas laiku.<\/p>\n<h2>K\u013c\u016bmju diagnostika un bie\u017e\u0101k sastopam\u0101s probl\u0113mas<\/h2>\n<ul>\n<li><strong>Hidraulisk\u0101 \u0161\u0137idruma nopl\u016bdes:<\/strong> Nopl\u016bdes bie\u017ei vien var izrais\u012bt nolietoti bl\u012bv\u0113jumi vai boj\u0101tas \u0161\u013c\u016btenes. Regul\u0101ras p\u0101rbaudes var pal\u012bdz\u0113t laikus atkl\u0101t nopl\u016bdes, nov\u0113r\u0161ot turpm\u0101kus boj\u0101jumus.<\/li>\n<li><strong>Samazin\u0101ta jauda vai reakcija:<\/strong> Ja str\u0113les cilindrs rea\u0123\u0113 l\u0113ni, tas var liecin\u0101t par zemu hidraulisk\u0101 \u0161\u0137idruma l\u012bmeni vai gaisu hidrauliskaj\u0101 sist\u0113m\u0101. Sist\u0113mas atgaiso\u0161ana un atbilsto\u0161a \u0161\u0137idruma l\u012bme\u0146a nodro\u0161in\u0101\u0161ana var atrisin\u0101t \u0161\u012bs probl\u0113mas.<\/li>\n<li><strong>P\u0101rkar\u0161ana:<\/strong> P\u0101rkar\u0161anu var izrais\u012bt p\u0101rm\u0113r\u012bga lieto\u0161ana vai nepietiekama e\u013c\u013co\u0161ana. Temperat\u016bras uzraudz\u012bba un pietiekamas e\u013c\u013co\u0161anas nodro\u0161in\u0101\u0161ana var pal\u012bdz\u0113t nov\u0113rst p\u0101rkar\u0161anu.<\/li>\n<\/ul>\n<h2>Probl\u0113mu nov\u0113r\u0161anas padomi<\/h2>\n<p>Lai efekt\u012bvi diagnostic\u0113tu un nov\u0113rstu probl\u0113mas ar str\u0113les cilindru, operatoriem j\u0101iev\u0113ro sistem\u0101tiskas probl\u0113mu nov\u0113r\u0161anas proced\u016bras. S\u0101ciet ar hidraulisk\u0101 \u0161\u0137idruma l\u012bme\u0146a p\u0101rbaudi un nopl\u016b\u017eu p\u0101rbaudi. P\u0113c tam p\u0101rbaudiet bl\u012bves un \u0161\u013c\u016btenes, vai nav nodiluma vai boj\u0101jumu paz\u012bmju. Regul\u0101ras apkopes proced\u016bras, piem\u0113ram, bl\u012bvju e\u013c\u013co\u0161ana un nodilu\u0161o deta\u013cu nomai\u0146a, var v\u0113l vair\u0101k samazin\u0101t iesp\u0113jam\u0101s probl\u0113mas. Struktur\u0113ta apkopes grafika ievie\u0161ana pal\u012bdz\u0113s savlaic\u012bgi atkl\u0101t probl\u0113mas, nodro\u0161inot vienm\u0113r\u012bgu darb\u012bbu un palielinot str\u0113les cilindra kalpo\u0161anas laiku.<\/p>\n<p><img decoding=\"async\" src=\"https:\/\/www.hydraulic-cylinders.net\/wp-content\/uploads\/2025\/04\/songte-bushings-with-all-kinds-of-excavator-models.webp\" alt=\"Ekskavatora bukses\"><\/p>\n<h2>Par m\u016bsu uz\u0146\u0113mumu<\/h2>\n<p>M\u0113s esam vado\u0161ais rezerves hidraulisko cilindru ra\u017eot\u0101js, kas pied\u0101v\u0101 pla\u0161u produktu kl\u0101stu, kas apmierina gan viet\u0113jo, gan starptautisko tirgu vajadz\u012bbas. M\u016bsu ap\u0146em\u0161an\u0101s sasniegt izcil\u012bbu ir redzama m\u016bsu pilnveidotajos ra\u017eo\u0161anas procesos un stingrajos kvalit\u0101tes kontroles pas\u0101kumos. M\u0113s izmantojam progres\u012bvas ra\u017eo\u0161anas tehnolo\u0123ijas, kvalific\u0113tus speci\u0101listus un stingras test\u0113\u0161anas sist\u0113mas, lai uzlabotu m\u016bsu ra\u017eo\u0161anas iesp\u0113jas. Koncentr\u0113joties uz augstu efektivit\u0101ti, precizit\u0101ti un kvalit\u0101ti, m\u0113s cen\u0161amies apmierin\u0101t m\u016bsu klientu da\u017e\u0101d\u0101s vajadz\u012bbas.<\/p>\n<p><img decoding=\"async\" src=\"https:\/\/www.hydraulic-cylinders.net\/wp-content\/uploads\/2025\/04\/songte-company-4.webp\" alt=\"Uz\u0146\u0113muma att\u0113ls 1\"><br \/>\n<img decoding=\"async\" src=\"https:\/\/www.hydraulic-cylinders.net\/wp-content\/uploads\/2025\/04\/songte-company-3.webp\" alt=\"Uz\u0146\u0113muma att\u0113ls 2\"><\/p>\n<p>M\u016bsu ap\u0146em\u0161an\u0101s profesionalit\u0101tei, starptautisk\u0101s sertifik\u0101cijas, piel\u0101goti pakalpojumi, modern\u0101k\u0101s ra\u017eo\u0161anas iek\u0101rtas un uzticams p\u0113cp\u0101rdo\u0161anas atbalsts m\u016bs at\u0161\u0137ir hidraulisko cilindru nozar\u0113.<\/p>\n<p>Autors: lil<\/p>","protected":false},"excerpt":{"rendered":"<p>Boom Cylinder For Caterpillar Wheel Excavator M322D Product Overview The Boom Cylinder is a crucial component for the Caterpillar Wheel Excavator M322D, designed to control the movement of the boom arm with precision and efficiency. This hydraulic cylinder enables the boom to elevate, lower, and tilt, which is essential for various material handling tasks. As [&hellip;]<\/p>","protected":false},"featured_media":17877,"comment_status":"open","ping_status":"closed","template":"","meta":{"_et_pb_use_builder":"","_et_pb_old_content":"","_et_gb_content_width":""},"product_brand":[],"product_cat":[1546],"product_tag":[1547,1496],"class_list":{"0":"post-18980","1":"product","2":"type-product","3":"status-publish","4":"has-post-thumbnail","6":"product_cat-boom-cylinders","7":"product_tag-boom-cylinders","8":"product_tag-hydraulic-cylinders","10":"first","11":"instock","12":"shipping-taxable","13":"product-type-simple"},"amp_enabled":true,"_links":{"self":[{"href":"https:\/\/www.hydraulic-cylinders.net\/lv\/wp-json\/wp\/v2\/product\/18980","targetHints":{"allow":["GET"]}}],"collection":[{"href":"https:\/\/www.hydraulic-cylinders.net\/lv\/wp-json\/wp\/v2\/product"}],"about":[{"href":"https:\/\/www.hydraulic-cylinders.net\/lv\/wp-json\/wp\/v2\/types\/product"}],"replies":[{"embeddable":true,"href":"https:\/\/www.hydraulic-cylinders.net\/lv\/wp-json\/wp\/v2\/comments?post=18980"}],"wp:featuredmedia":[{"embeddable":true,"href":"https:\/\/www.hydraulic-cylinders.net\/lv\/wp-json\/wp\/v2\/media\/17877"}],"wp:attachment":[{"href":"https:\/\/www.hydraulic-cylinders.net\/lv\/wp-json\/wp\/v2\/media?parent=18980"}],"wp:term":[{"taxonomy":"product_brand","embeddable":true,"href":"https:\/\/www.hydraulic-cylinders.net\/lv\/wp-json\/wp\/v2\/product_brand?post=18980"},{"taxonomy":"product_cat","embeddable":true,"href":"https:\/\/www.hydraulic-cylinders.net\/lv\/wp-json\/wp\/v2\/product_cat?post=18980"},{"taxonomy":"product_tag","embeddable":true,"href":"https:\/\/www.hydraulic-cylinders.net\/lv\/wp-json\/wp\/v2\/product_tag?post=18980"}],"curies":[{"name":"wp","href":"https:\/\/api.w.org\/{rel}","templated":true}]}}