{"id":18982,"date":"2025-04-07T06:05:37","date_gmt":"2025-04-07T06:05:37","guid":{"rendered":"https:\/\/www.hydraulic-cylinders.net\/product\/boom-cylinder-for-caterpillar-wheel-excavator-m315dz\/"},"modified":"2025-04-07T06:05:40","modified_gmt":"2025-04-07T06:05:40","slug":"boom-cylinder-for-caterpillar-wheel-excavator-m315dz","status":"publish","type":"product","link":"https:\/\/www.hydraulic-cylinders.net\/lv\/products\/boom-cylinder-for-caterpillar-wheel-excavator-m315dz\/","title":{"rendered":"Str\u0113les cilindrs Caterpillar rite\u0146u ekskavatoram M315DZ"},"content":{"rendered":"<h1>Str\u0113les cilindrs Caterpillar rite\u0146u ekskavatoram M315DZ<\/h1>\n<h2>Produkta p\u0101rskats<\/h2>\n<p>Str\u0113les cilindrs Caterpillar rite\u0146u ekskavatoram M315DZ ir kritiski svar\u012bga hidrauliska sast\u0101vda\u013ca, kas paredz\u0113ta ekskavatoru funkcionalit\u0101tes uzlabo\u0161anai. \u0160im hidrauliskajam cilindram ir b\u016btiska loma str\u0113les kust\u012bbas kontrol\u0113\u0161an\u0101, atvieglojot da\u017e\u0101das darb\u012bbas, piem\u0113ram, kausa pacel\u0161anu, nolai\u0161anu un noliek\u0161anu. Izmantojot hidraulisko \u0161\u0137idrumu un spiedienu, str\u0113les cilindrs \u013cauj smagaj\u0101m ma\u0161\u012bn\u0101m veikt svar\u012bgus uzdevumus b\u016bvniec\u012bb\u0101, lauksaimniec\u012bb\u0101 un cit\u0101s nozar\u0113s.<\/p>\n<p><img decoding=\"async\" src=\"https:\/\/www.hydraulic-cylinders.net\/wp-content\/uploads\/2025\/04\/songte-company-1.webp\" alt=\"Ekskavatora str\u0113les cilindrs\" \/><\/p>\n<h2>Str\u0113les cilindra \u012bpa\u0161\u012bbas<\/h2>\n<ul>\n<li><strong>Augsta iztur\u012bba un ilgm\u016b\u017e\u012bba:<\/strong> \u0160is cilindrs ir izgatavots no augstas stipr\u012bbas t\u0113rauda vai alum\u012bnija un var iztur\u0113t augstu spiedienu un lielas slodzes, padarot to piem\u0113rotu sare\u017e\u0123\u012bt\u0101m darba vid\u0113m. T\u0101 konstrukcija ir \u0146emta v\u0113r\u0101 ar\u012b nodilumiztur\u012bba un korozijas nov\u0113r\u0161ana, pagarinot t\u0101 kalpo\u0161anas laiku.<\/li>\n<li><strong>Efekt\u012bva hidraulisk\u0101 darb\u012bba:<\/strong> Str\u0113les cilindrs izmanto hidraulisk\u0101 \u0161\u0137idruma spiedienu, lai nodro\u0161in\u0101tu vienm\u0113r\u012bgu izstiep\u0161anu un ievilk\u0161anu, \u0101tri rea\u0123\u0113jot uz vad\u012bbas komand\u0101m un nodro\u0161inot sp\u0113c\u012bgus stum\u0161anas un vilk\u0161anas sp\u0113kus, kas ir ide\u0101li piem\u0113roti smagu kravu apstr\u0101dei un sare\u017e\u0123\u012bt\u0101m darb\u012bb\u0101m.<\/li>\n<li><strong>Da\u017e\u0101di veidi:<\/strong> Pieejams vienvirziena darb\u012bbas (darbojas vien\u0101 virzien\u0101) vai divk\u0101r\u0161as darb\u012bbas (darbojas abos virzienos) konfigur\u0101cij\u0101s, da\u017ei mode\u013ci ir teleskopiski, lai nodro\u0161in\u0101tu liel\u0101ku sasniedzam\u012bbu, nepalielinot \u0101r\u0113jos izm\u0113rus, kas ir piem\u0113roti \u0161aur\u0101m viet\u0101m.<\/li>\n<li><strong>Sader\u012bga nomai\u0146a:<\/strong> M\u016bsu produkti var lieliski aizst\u0101t eso\u0161os hidrauliskos cilindrus, nodro\u0161inot neman\u0101mu integr\u0101ciju un funkcionalit\u0101ti j\u016bsu iek\u0101rt\u0101s.<\/li>\n<\/ul>\n<p><img decoding=\"async\" src=\"https:\/\/www.hydraulic-cylinders.net\/wp-content\/uploads\/2025\/04\/songte-cylinder-head-with-all-kinds-excavator-models.webp\" alt=\"Hidraulisk\u0101 cilindra nomai\u0146a\" \/><\/p>\n<h2>Lietojumprogrammu scen\u0101riji<\/h2>\n<h3>Celtniec\u012bbas apr\u012bkojums<\/h3>\n<p>Ekskavatoros str\u0113les cilindri ir b\u016btiski augsnes vai gru\u017eu rak\u0161anai, iekrau\u0161anai un p\u0101rvieto\u0161anai. Tie atvieglo rak\u0161anas procesu, \u013caujot str\u0113lei iek\u013c\u016bt zem\u0113, efekt\u012bvi pace\u013cot materi\u0101lus. Ekskavatoros-iekr\u0101v\u0113jos tie pal\u012bdz gan rak\u0161anas, gan cel\u0161anas oper\u0101cij\u0101s, uzlabojot produktivit\u0101ti b\u016bvlaukumos.<\/p>\n<h3>Lauksaimniec\u012bbas tehnika<\/h3>\n<p>Front\u0101lo iekr\u0101v\u0113ju str\u0113les cilindri ir \u013coti svar\u012bgi augsnes, siena un citu materi\u0101lu sav\u0101k\u0161anai, cel\u0161anai un transport\u0113\u0161anai. Tie nodro\u0161ina nepiecie\u0161amo iztur\u012bbu lauksaimniec\u012bbas darbu veik\u0161anai, nodro\u0161inot efekt\u012bvu materi\u0101lu apstr\u0101di un uzlabojot kop\u0113jo saimniec\u012bbas efektivit\u0101ti.<\/p>\n<h3>Ekskavatori<\/h3>\n<p>Ekskavatoros str\u0113les cilindrs \u013cauj kausam iek\u013c\u016bt augsn\u0113, nodro\u0161inot rak\u0161anas darb\u012bbas. \u0160\u012b hidraulisk\u0101 vad\u012bba ir vit\u0101li svar\u012bga, lai sasniegtu v\u0113lamo rak\u0161anas dzi\u013cumu un efektivit\u0101ti, padarot ekskavatorus neaizst\u0101jamus da\u017e\u0101d\u0101s nozar\u0113s.<\/p>\n<h3>Iekr\u0101v\u0113ji<\/h3>\n<p>Front\u0101lajos iekr\u0101v\u0113jos str\u0113les cilindri pal\u012bdz efekt\u012bvi pacelt un izkraut kravas. Tie nodro\u0161ina vienm\u0113r\u012bgu darb\u012bbu, \u013caujot operatoriem viegli apstr\u0101d\u0101t da\u017e\u0101dus materi\u0101lus, iev\u0113rojami uzlabojot iekrau\u0161anas un izkrau\u0161anas procesus.<\/p>\n<h2>Dizaina apsv\u0113rumi un atlases krit\u0113riji<\/h2>\n<h3>Kravnes\u012bba<\/h3>\n<p>Str\u0113les cilindra kravnes\u012bba ir kritisks faktors, lai nodro\u0161in\u0101tu, ka tas sp\u0113j iztur\u0113t maksim\u0101l\u0101s paredzam\u0101s slodzes ekspluat\u0101cijas laik\u0101. Tas ietver stingrus apr\u0113\u0137inus un test\u0113\u0161anu, lai nodro\u0161in\u0101tu uzticam\u012bbu un dro\u0161\u012bbu da\u017e\u0101dos darba apst\u0101k\u013cos.<\/p>\n<h3>Bl\u012bv\u0113\u0161ana<\/h3>\n<p>Efekt\u012bvs bl\u012bv\u0113jums ir b\u016btisks, lai nov\u0113rstu hidraulisk\u0101 \u0161\u0137idruma nopl\u016bdes, kas var apdraud\u0113t cilindra efektivit\u0101ti un dro\u0161\u012bbu. J\u0101izv\u0113las augstas kvalit\u0101tes bl\u012bv\u0113jumi, kas izgatavoti no iztur\u012bgiem materi\u0101liem, lai tie iztur\u0113tu rad\u012btos sp\u0113kus, nodro\u0161inot produkta ilgm\u016b\u017e\u012bbu.<\/p>\n<h3>Iztur\u012bba<\/h3>\n<p>Str\u0113les cilindra iztur\u012bba ir \u0101rk\u0101rt\u012bgi svar\u012bga, jo tas darbojas sare\u017e\u0123\u012btos apst\u0101k\u013cos. Materi\u0101li un konstrukcija ir r\u016bp\u012bgi j\u0101izv\u0113las, lai tie b\u016btu iztur\u012bgi pret nodilumu, nodro\u0161inot ilgu kalpo\u0161anas laiku un samazinot nomai\u0146as bie\u017eumu.<\/p>\n<h3>Dro\u0161\u012bba<\/h3>\n<p>Dro\u0161\u012bbas funkcijas j\u0101integr\u0113 konstrukcij\u0101, lai nov\u0113rstu negad\u012bjumus ekspluat\u0101cijas laik\u0101. Tas ietver p\u0101rslodzes aizsardz\u012bbas meh\u0101nismus un dro\u0161\u012bbas v\u0101rstus spiediena p\u0101rvald\u012bbai, nodro\u0161inot gan iek\u0101rtas, gan operatora dro\u0161\u012bbu lieto\u0161anas laik\u0101.<\/p>\n<h3>Apkope<\/h3>\n<p>V\u0113l viens svar\u012bgs apsv\u0113rums ir viegla apkope. Projektam j\u0101nodro\u0161ina vienk\u0101r\u0161a piek\u013cuve p\u0101rbaud\u0113m, remontam un nomai\u0146ai, atvieglojot regul\u0101ras apkopes proced\u016bras un samazinot d\u012bkst\u0101ves laiku.<\/p>\n<p><img decoding=\"async\" src=\"https:\/\/www.hydraulic-cylinders.net\/wp-content\/uploads\/2025\/04\/songte-oil-pipes-and-spare-parts.webp\" alt=\"Hidraulisk\u0101s sast\u0101vda\u013cas\" \/><\/p>\n<h2>Bl\u012bv\u0113\u0161ana un e\u013c\u013co\u0161ana<\/h2>\n<p>Hidraulisko cilindru darb\u012bba liel\u0101 m\u0113r\u0101 ir atkar\u012bga no efekt\u012bviem bl\u012bv\u0113\u0161anas un e\u013c\u013co\u0161anas meh\u0101nismiem. Da\u017e\u0101di bl\u012bv\u0113jumi, piem\u0113ram, virzu\u013ca bl\u012bv\u0113jumi un stie\u0146a bl\u012bv\u0113jumi, ir \u013coti svar\u012bgi, lai nov\u0113rstu hidraulisk\u0101 \u0161\u0137idruma nopl\u016bdes. Bl\u012bv\u0113jumi, kas izgatavoti no poliuret\u0101na, nitrila gumijas un citiem nodilumiztur\u012bgiem materi\u0101liem, ir priek\u0161roka to iztur\u012bbas d\u0113\u013c. Turkl\u0101t cilindra korpuss un v\u012bt\u0146otie gali ir r\u016bp\u012bgi j\u0101apstr\u0101d\u0101, lai uzlabotu nodilumiztur\u012bbu. Regul\u0101ra e\u013c\u013co\u0161ana ar atbilsto\u0161u hidraulisko e\u013c\u013cu ir b\u016btiska, lai samazin\u0101tu berzi un pagarin\u0101tu cilindra kalpo\u0161anas laiku.<\/p>\n<h2>Regul\u0101ra p\u0101rbaude un profilaktisk\u0101 apkope<\/h2>\n<ul>\n<li><strong>Rut\u012bnas p\u0101rbaudes:<\/strong> Regul\u0101ri j\u0101veic p\u0101rbaudes, lai noteiktu jebk\u0101das nodiluma vai boj\u0101jumu paz\u012bmes. Nelielu probl\u0113mu savlaic\u012bga nov\u0113r\u0161ana var nov\u0113rst lielus remontdarbus n\u0101kotn\u0113.<\/li>\n<li><strong>Piem\u0113rota e\u013c\u013co\u0161ana:<\/strong> Lai nodro\u0161in\u0101tu optim\u0101lu cilindru darb\u012bbu, ir svar\u012bgi nodro\u0161in\u0101t atbilsto\u0161u hidraulisk\u0101s e\u013c\u013cas l\u012bmeni un pareiz\u0101 veida e\u013c\u013cu.<\/li>\n<li><strong>Bl\u012bv\u0113juma nomai\u0146a:<\/strong> Bl\u012bves j\u0101nomaina ikdienas apkopes ietvaros, lai nov\u0113rstu nopl\u016bdes un nodro\u0161in\u0101tu cilindra efekt\u012bvu darb\u012bbu.<\/li>\n<\/ul>\n<h2>Instal\u0101cijas rokasgr\u0101mata<\/h2>\n<p>Pareiza str\u0113les cilindra uzst\u0101d\u012b\u0161ana ir \u013coti svar\u012bga optim\u0101lai veiktsp\u0113jai. Vispirms p\u0101rliecinieties, vai visas sast\u0101vda\u013cas ir t\u012bras un bez gru\u017eiem. Pareizi izl\u012bdziniet cilindru ar stiprin\u0101juma punktiem; nepareiza izl\u012bdzin\u0101\u0161ana var izrais\u012bt priek\u0161laic\u012bgu nodilumu un boj\u0101jumus. Izmantojiet atbilsto\u0161us stiprin\u0101juma kron\u0161teinus, lai nostiprin\u0101tu cilindru viet\u0101. P\u0101rliecinieties, vai hidrauliskie savienojumi ir cie\u0161i un bez nopl\u016bd\u0113m. P\u0113c uzst\u0101d\u012b\u0161anas p\u0101rbaudiet visas cilindra funkcijas, lai p\u0101rliecin\u0101tos, ka tas darbojas nevainojami un k\u0101 paredz\u0113ts. Regul\u0101ri p\u0101rskatiet uzst\u0101d\u012b\u0161anu, lai p\u0101rliecin\u0101tos, ka sast\u0101vda\u013cas ir dro\u0161as un izl\u012bdzin\u0101tas.<\/p>\n<h2>Apkopes uzdevumi<\/h2>\n<ul>\n<li><strong>Regul\u0101ras p\u0101rbaudes:<\/strong> Regul\u0101ru p\u0101rbau\u017eu veik\u0161ana pal\u012bdz laikus identific\u0113t iesp\u0113jam\u0101s probl\u0113mas. Darb\u012bbas laik\u0101 mekl\u0113jiet nopl\u016bdes, bl\u012bv\u0113jumu nodilumu un jebk\u0101das neparastas ska\u0146as.<\/li>\n<li><strong>Pareiza e\u013c\u013co\u0161ana:<\/strong> Regul\u0101ri iee\u013c\u013cojiet cilindru ar atbilsto\u0161u hidraulisko e\u013c\u013cu, lai samazin\u0101tu berzi, kas var izrais\u012bt nodilumu.<\/li>\n<li><strong>Bl\u012bv\u0113juma nomai\u0146a:<\/strong> Uzraugiet bl\u012bves, vai nav nodiluma paz\u012bmju, un nekav\u0113joties nomainiet t\u0101s, lai nov\u0113rstu hidraulisk\u0101 \u0161\u0137idruma nopl\u016bdes un uztur\u0113tu spiedienu sist\u0113m\u0101.<\/li>\n<\/ul>\n<h2>Dro\u0161\u012bbas apsv\u0113rumi un vides faktori<\/h2>\n<p>Izmantojot hidrauliskos cilindrus, ir \u013coti svar\u012bgi ieviest dro\u0161\u012bbas pas\u0101kumus. Operatoriem j\u0101b\u016bt apm\u0101c\u012btiem par pareizu lieto\u0161anu un dro\u0161\u012bbas protokoliem, lai izvair\u012btos no negad\u012bjumiem. Svar\u012bga loma ir ar\u012b vides apsv\u0113rumiem; hidraulisko \u0161\u0137idrumu pareizas p\u0101rvald\u012bbas nodro\u0161in\u0101\u0161ana nov\u0113r\u0161 nopl\u016bdes un pies\u0101r\u0146ojumu.<\/p>\n<h2>Bie\u017ei sastopamo probl\u0113mu nov\u0113r\u0161ana<\/h2>\n<ul>\n<li><strong>Nopl\u016bde:<\/strong> P\u0101rbaudiet bl\u012bves un savienojumus, vai tie nav boj\u0101ti vai nodilu\u0161i. Nomainiet visus boj\u0101tos bl\u012bves un p\u0101rliecinieties, vai savienojumi ir cie\u0161i, lai nov\u0113rstu nopl\u016bdes.<\/li>\n<li><strong>Nekonsekventa kust\u012bba:<\/strong> P\u0101rbaudiet hidraulisk\u0101 \u0161\u0137idruma l\u012bmeni un p\u0101rbaudiet, vai sist\u0113m\u0101 nav gaisa. Ja nepiecie\u0161ams, atgaisojiet sist\u0113mu, lai atjaunotu vienm\u0113r\u012bgu darb\u012bbu.<\/li>\n<li><strong>Samazin\u0101ta jauda:<\/strong> Tas var nor\u0101d\u012bt uz probl\u0113mu ar hidraulisko s\u016bkni vai filtru. P\u0101rbaudiet un nomainiet filtrus p\u0113c nepiecie\u0161am\u012bbas, k\u0101 ar\u012b p\u0101rbaudiet s\u016bk\u0146a darb\u012bbu.<\/li>\n<\/ul>\n<h2>Probl\u0113mu nov\u0113r\u0161anas padomi<\/h2>\n<p>Lai efekt\u012bvi diagnostic\u0113tu un nov\u0113rstu probl\u0113mas, s\u0101ciet ar regul\u0101ru apkopi, lai nov\u0113rstu probl\u0113mas, pirms t\u0101s rodas. T\u012bra hidraulisk\u0101 \u0161\u0137idruma uztur\u0113\u0161ana ir svar\u012bga, lai izvair\u012btos no pies\u0101r\u0146ojuma, kas var\u0113tu ietekm\u0113t veiktsp\u0113ju. Regul\u0101ri p\u0101rbaudiet, vai nav nopl\u016b\u017eu, un p\u0101rliecinieties, vai visas sast\u0101vda\u013cas darbojas pareizi. Ja rodas probl\u0113mas, skatiet ra\u017eot\u0101ja vadl\u012bnijas, lai uzzin\u0101tu konkr\u0113tu diagnostiku un risin\u0101jumus.<\/p>\n<p><img decoding=\"async\" src=\"https:\/\/www.hydraulic-cylinders.net\/wp-content\/uploads\/2025\/04\/songte-bushings-with-all-kinds-of-excavator-models.webp\" alt=\"Ekskavatoru mode\u013ci\" \/><\/p>\n<h2>Par m\u016bsu uz\u0146\u0113mumu<\/h2>\n<p>M\u0113s esam vado\u0161ais rezerves hidraulisko cilindru ra\u017eot\u0101js, kas pied\u0101v\u0101 pla\u0161u produktu kl\u0101stu. Ap\u0146emoties sasniegt izcil\u012bbu, esam k\u013cuvu\u0161i par vienu no vado\u0161ajiem hidraulisko cilindru ra\u017eot\u0101jiem un vairumtirgot\u0101jiem gan viet\u0113j\u0101, gan starptautiskaj\u0101 tirg\u016b. M\u016bsu strat\u0113\u0123ija koncentr\u0113jas uz augstas kvalit\u0101tes ra\u017eo\u0161anu, izmantojot progres\u012bvas ra\u017eo\u0161anas tehnolo\u0123ijas un stingras kvalit\u0101tes kontroles sist\u0113mas. M\u016bsu kvalific\u0113tais darbasp\u0113ks apvienojum\u0101 ar modern\u0101kaj\u0101m digit\u0101laj\u0101m ra\u017eo\u0161anas iek\u0101rt\u0101m nodro\u0161ina, ka m\u0113s apmierin\u0101m da\u017e\u0101das klientu vajadz\u012bbas ar augstu efektivit\u0101ti, precizit\u0101ti un kvalit\u0101ti.<\/p>\n<p><img decoding=\"async\" src=\"https:\/\/www.hydraulic-cylinders.net\/wp-content\/uploads\/2025\/04\/songte-company-4.webp\" alt=\"M\u016bsu uz\u0146\u0113mums\" \/><br \/>\n<img decoding=\"async\" src=\"https:\/\/www.hydraulic-cylinders.net\/wp-content\/uploads\/2025\/04\/songte-company-3.webp\" alt=\"M\u016bsu uz\u0146\u0113mums\" \/><\/p>\n<p>M\u0113s lepojamies ar savu profesion\u0101lo pieredzi, starptautiskajiem sertifik\u0101tiem un piel\u0101gotajiem pakalpojumiem. M\u016bsu ra\u017eo\u0161anas iek\u0101rtas ir apr\u012bkotas ar jaun\u0101kaj\u0101m tehnolo\u0123ij\u0101m, un m\u0113s nodro\u0161in\u0101m izcilu p\u0113cp\u0101rdo\u0161anas atbalstu, lai nodro\u0161in\u0101tu klientu apmierin\u0101t\u012bbu.<\/p>\n<p>Autors: lil<\/p>","protected":false},"excerpt":{"rendered":"<p>Boom Cylinder For Caterpillar Wheel Excavator M315DZ Product Overview The Boom Cylinder for Caterpillar Wheel Excavator M315DZ is a critical hydraulic component designed to enhance the functionality of excavators. This hydraulic cylinder plays a vital role in controlling the movement of the boom, facilitating various operations such as lifting, lowering, and tilting the bucket. By [&hellip;]<\/p>","protected":false},"featured_media":17879,"comment_status":"open","ping_status":"closed","template":"","meta":{"_et_pb_use_builder":"","_et_pb_old_content":"","_et_gb_content_width":""},"product_brand":[],"product_cat":[1546],"product_tag":[1547,1496],"class_list":{"0":"post-18982","1":"product","2":"type-product","3":"status-publish","4":"has-post-thumbnail","6":"product_cat-boom-cylinders","7":"product_tag-boom-cylinders","8":"product_tag-hydraulic-cylinders","10":"first","11":"instock","12":"shipping-taxable","13":"product-type-simple"},"amp_enabled":true,"_links":{"self":[{"href":"https:\/\/www.hydraulic-cylinders.net\/lv\/wp-json\/wp\/v2\/product\/18982","targetHints":{"allow":["GET"]}}],"collection":[{"href":"https:\/\/www.hydraulic-cylinders.net\/lv\/wp-json\/wp\/v2\/product"}],"about":[{"href":"https:\/\/www.hydraulic-cylinders.net\/lv\/wp-json\/wp\/v2\/types\/product"}],"replies":[{"embeddable":true,"href":"https:\/\/www.hydraulic-cylinders.net\/lv\/wp-json\/wp\/v2\/comments?post=18982"}],"wp:featuredmedia":[{"embeddable":true,"href":"https:\/\/www.hydraulic-cylinders.net\/lv\/wp-json\/wp\/v2\/media\/17879"}],"wp:attachment":[{"href":"https:\/\/www.hydraulic-cylinders.net\/lv\/wp-json\/wp\/v2\/media?parent=18982"}],"wp:term":[{"taxonomy":"product_brand","embeddable":true,"href":"https:\/\/www.hydraulic-cylinders.net\/lv\/wp-json\/wp\/v2\/product_brand?post=18982"},{"taxonomy":"product_cat","embeddable":true,"href":"https:\/\/www.hydraulic-cylinders.net\/lv\/wp-json\/wp\/v2\/product_cat?post=18982"},{"taxonomy":"product_tag","embeddable":true,"href":"https:\/\/www.hydraulic-cylinders.net\/lv\/wp-json\/wp\/v2\/product_tag?post=18982"}],"curies":[{"name":"wp","href":"https:\/\/api.w.org\/{rel}","templated":true}]}}