{"id":18986,"date":"2025-04-07T06:05:49","date_gmt":"2025-04-07T06:05:49","guid":{"rendered":"https:\/\/www.hydraulic-cylinders.net\/product\/boom-cylinder-for-doosan-small-excavator-dh80-7\/"},"modified":"2025-04-07T06:05:51","modified_gmt":"2025-04-07T06:05:51","slug":"boom-cylinder-for-doosan-small-excavator-dh80-7","status":"publish","type":"product","link":"https:\/\/www.hydraulic-cylinders.net\/lv\/products\/boom-cylinder-for-doosan-small-excavator-dh80-7\/","title":{"rendered":"Str\u0113les cilindrs Doosan mazajam ekskavatoram DH80-7"},"content":{"rendered":"<h1>Str\u0113les cilindrs Doosan mazajam ekskavatoram DH80-7<\/h1>\n<h2>Produkta p\u0101rskats<\/h2>\n<p>Doosan maz\u0101 ekskavatora DH80-7 str\u0113les cilindrs ir specializ\u0113ts hidrauliskais cilindrs, kas paredz\u0113ts ekskavatora str\u0113les kust\u012bbas vad\u012bbai. \u0160\u012b svar\u012bg\u0101 sast\u0101vda\u013ca sp\u0113l\u0113 iz\u0161\u0137iro\u0161u lomu hidrauliskaj\u0101s sist\u0113m\u0101s, \u013caujot prec\u012bzi pacelt, nolaist un noliekt str\u0113li, t\u0101d\u0113j\u0101di atvieglojot materi\u0101lu apstr\u0101des darbus. Kausa cilindrs ir \u012bpa\u0161i izstr\u0101d\u0101ts, lai p\u0101rvald\u012btu sp\u0113kus, kas nepiecie\u0161ami lieljaudas ma\u0161\u012bn\u0101m, piem\u0113ram, ekskavatoriem, ekskavatoriem-iekr\u0101v\u0113jiem un front\u0101lajiem iekr\u0101v\u0113jiem. T\u0101 funkcionalit\u0101te nodro\u0161ina, ka operatori var efekt\u012bvi veikt rak\u0161anas, iekrau\u0161anas un p\u0101rvieto\u0161anas darb\u012bbas, padarot to par neaizst\u0101jamu celtniec\u012bbas un rak\u0161anas apr\u012bkojuma sast\u0101vda\u013cu.<\/p>\n<p><img decoding=\"async\" src=\"https:\/\/www.hydraulic-cylinders.net\/wp-content\/uploads\/2025\/04\/songte-company-1.webp\" alt=\"Str\u0113les cilindra att\u0113ls\"><\/p>\n<h2>M\u016bsu str\u0113les cilindra \u012bpa\u0161\u012bbas<\/h2>\n<ul>\n<li>\n<h3>Augsta iztur\u012bba un ilgm\u016b\u017e\u012bba<\/h3>\n<p>M\u016bsu str\u0113les cilindri, kas izgatavoti no augstas stipr\u012bbas t\u0113rauda vai alum\u012bnija, var iztur\u0113t augstu spiedienu un lielas slodzes, padarot tos ide\u0101li piem\u0113rotus skarbiem darba apst\u0101k\u013ciem. Konstrukcij\u0101 \u0146emta v\u0113r\u0101 nodilumiztur\u012bba un aizsardz\u012bba pret koroziju, iev\u0113rojami pagarinot cilindra kalpo\u0161anas laiku.<\/p>\n<\/li>\n<li>\n<h3>Efekt\u012bva hidraulisk\u0101 darb\u012bba<\/h3>\n<p>Izmantojot hidraulisk\u0101s e\u013c\u013cas spiedienu, m\u016bsu cilindri nodro\u0161ina vienm\u0113r\u012bgu izstiep\u0161anu un ievilk\u0161anu. Tie \u0101tri rea\u0123\u0113 uz darb\u012bbas komand\u0101m, nodro\u0161inot sp\u0113c\u012bgus stum\u0161anas un vilk\u0161anas sp\u0113kus, kas ir piem\u0113roti smagu un sare\u017e\u0123\u012btu uzdevumu veik\u0161anai.<\/p>\n<\/li>\n<li>\n<h3>Pieejami da\u017e\u0101di veidi<\/h3>\n<p>M\u016bsu str\u0113les cilindri ir pieejami da\u017e\u0101d\u0101s konfigur\u0101cij\u0101s, tostarp vienk\u0101r\u0161\u0101s darb\u012bbas (hidraulika tiek izmantota vien\u0101 virzien\u0101) un divk\u0101r\u0161\u0101s darb\u012bbas (hidraulika tiek izmantota abos virzienos). Da\u017eiem mode\u013ciem ir teleskopiska konstrukcija, kas \u013cauj veikt liel\u0101ku pagarin\u0101jumu, nepalielinot \u0101r\u0113jos izm\u0113rus, kas ir ide\u0101li piem\u0113rots lietojumiem ar ierobe\u017eotu vietu.<\/p>\n<\/li>\n<li>\n<h3>Piel\u0101gotas ra\u017eo\u0161anas iesp\u0113jas<\/h3>\n<p>M\u0113s specializ\u0113jamies \u0161o hidraulisko cilindru ra\u017eo\u0161an\u0101, lai perfekti aizst\u0101tu eso\u0161os mode\u013cus, nodro\u0161inot sader\u012bbu un veiktsp\u0113ju.<\/p>\n<\/li>\n<li>\n<h3>Uzlabotas bl\u012bv\u0113\u0161anas metodes<\/h3>\n<p>M\u016bsu cilindros tiek izmantotas uzlabotas bl\u012bv\u0113\u0161anas metodes, lai uzlabotu veiktsp\u0113ju un ilgm\u016b\u017e\u012bbu, saglab\u0101jot hidraulisko integrit\u0101ti da\u017e\u0101dos ekspluat\u0101cijas apst\u0101k\u013cos.<\/p>\n<\/li>\n<\/ul>\n<p><img decoding=\"async\" src=\"https:\/\/www.hydraulic-cylinders.net\/wp-content\/uploads\/2025\/04\/songte-cylinder-head-with-all-kinds-excavator-models.webp\" alt=\"Cilindra galva ekskavatoriem\"><\/p>\n<h2>Str\u0113les cilindra pielietojumi<\/h2>\n<h3>Celtniec\u012bbas apr\u012bkojums<\/h3>\n<p>Ekskavatoros str\u0113les cilindri ir \u013coti svar\u012bgi augsnes vai gru\u017eu rak\u0161anai, iekrau\u0161anai un p\u0101rvieto\u0161anai. Tie \u013cauj operatoram efekt\u012bvi manevr\u0113t str\u0113li, uzlabojot produktivit\u0101ti b\u016bvlaukumos. Ekskavatoros-iekr\u0101v\u0113jos \u0161ie cilindri pal\u012bdz gan rak\u0161anas, gan cel\u0161anas darbos, pier\u0101dot to daudzpus\u012bbu da\u017e\u0101dos b\u016bvniec\u012bbas darbos.<\/p>\n<h3>Lauksaimniec\u012bbas tehnika<\/h3>\n<p>Front\u0101lie iekr\u0101v\u0113ji izmanto str\u0113les cilindrus, lai paceltu, paceltu un transport\u0113tu augsni, sienu un citus materi\u0101lus. Sp\u0113ja kontrol\u0113t kausa le\u0146\u0137i un augstumu nodro\u0161ina efekt\u012bvu materi\u0101lu apstr\u0101di, padarot \u0161os cilindrus par vit\u0101li svar\u012bgiem lauksaimniec\u012bbas darbos.<\/p>\n<h3>Ekskavatori<\/h3>\n<p>Ekskavatoros kausa cilindri nodro\u0161ina rak\u0161anas darb\u012bbu, \u013caujot kausam efekt\u012bvi iek\u013c\u016bt augsn\u0113. To konstrukcija nodro\u0161ina, ka ekskavators var veikt da\u017e\u0101dus uzdevumus, s\u0101kot no tran\u0161eju rak\u0161anas l\u012bdz ainavas plan\u0113\u0161anai, ar precizit\u0101ti un jaudu.<\/p>\n<h3>Iekr\u0101v\u0113ji<\/h3>\n<p>Front\u0101lajos iekr\u0101v\u0113jos str\u0113les cilindri ir b\u016btiski kravu efekt\u012bvai pacel\u0161anai un izg\u0101\u0161anai. Tie nodro\u0161ina vienm\u0113r\u012bgu darb\u012bbu cel\u0161anas un noliek\u0161anas procesos, kas ir \u013coti svar\u012bgi materi\u0101lu apstr\u0101des uzdevumiem da\u017e\u0101d\u0101s nozar\u0113s.<\/p>\n<h2>Dizaina apsv\u0113rumi un atlases krit\u0113riji<\/h2>\n<h3>Kravnes\u012bba<\/h3>\n<p>Izv\u0113loties str\u0113les cilindru, ir \u0101rk\u0101rt\u012bgi svar\u012bgi izprast t\u0101 kravnes\u012bbu. Cilindram j\u0101sp\u0113j iztur\u0113t maksim\u0101lo svaru, ar kuru tas var saskarties ekspluat\u0101cijas laik\u0101, bez atteices. In\u017eenieri \u0146em v\u0113r\u0101 t\u0101dus faktorus k\u0101 izmantotie materi\u0101li un konstrukcijas integrit\u0101te, lai nodro\u0161in\u0101tu, ka tie atbilst lielas slodzes pielietojumu pras\u012bb\u0101m.<\/p>\n<h3>Bl\u012bv\u0113juma veiktsp\u0113ja<\/h3>\n<p>Efekt\u012bva bl\u012bv\u0113\u0161ana ir vit\u0101li svar\u012bga hidraulisk\u0101 spiediena uztur\u0113\u0161anai un nopl\u016b\u017eu nov\u0113r\u0161anai. Augstas kvalit\u0101tes bl\u012bv\u0113jumi, kas izgatavoti no iztur\u012bgiem materi\u0101liem, piem\u0113ram, poliuret\u0101na un nitrila gumijas, tiek izv\u0113l\u0113ti to nodilumiztur\u012bbas un ilgm\u016b\u017e\u012bbas d\u0113\u013c. Pareiza bl\u012bv\u0113\u0161ana pal\u012bdz nodro\u0161in\u0101t nemain\u012bgu veiktsp\u0113ju un samazin\u0101t apkopes nepiecie\u0161am\u012bbu, uzlabojot kop\u0113jo darb\u012bbas efektivit\u0101ti.<\/p>\n<h3>Iztur\u012bba<\/h3>\n<p>Str\u0113les cilindra iztur\u012bba ir \u013coti svar\u012bga t\u0101 ilgm\u016b\u017e\u012bbai un uzticam\u012bbai. T\u0101 konstrukcij\u0101 izmantotajiem materi\u0101liem j\u0101b\u016bt iztur\u012bgiem pret nodilumu un koroziju, \u012bpa\u0161i skarbos apst\u0101k\u013cos. Ra\u017eot\u0101ji izmanto uzlabotus p\u0101rkl\u0101jumus un apstr\u0101di, lai uzlabotu iztur\u012bbu pret vides faktoriem, nodro\u0161inot cilindra funkcionalit\u0101ti laika gait\u0101.<\/p>\n<h3>Dro\u0161\u012bbas funkcijas<\/h3>\n<p>Dro\u0161\u012bba ir galvenais apsv\u0113rums hidraulisko cilindru projekt\u0113\u0161an\u0101. In\u017eenieri iek\u013cauj t\u0101das funkcijas k\u0101 iztur\u012bgi dro\u0161\u012bbas v\u0101rsti un spiediena samazin\u0101\u0161anas sist\u0113mas, lai nov\u0113rstu p\u0101rslodzi un iesp\u0113jamus boj\u0101jumus. \u0160\u012bs funkcijas ne tikai aizsarg\u0101 apr\u012bkojumu, bet ar\u012b nodro\u0161ina ar to str\u0101d\u0101jo\u0161o operatoru dro\u0161\u012bbu.<\/p>\n<h3>Apkopes pieejam\u012bba<\/h3>\n<p>Str\u0113les cilindra projekt\u0113\u0161ana, \u0146emot v\u0113r\u0101 apkopi, atvieglo p\u0101rbaudes un remontu. T\u0101das funkcijas k\u0101 pieejamas e\u013c\u013co\u0161anas nipe\u013ci un nomain\u0101mas bl\u012bves pal\u012bdz samazin\u0101t d\u012bkst\u0101ves laiku un pagarin\u0101t kalpo\u0161anas laiku. Regul\u0101ra apkope ir \u013coti svar\u012bga, lai hidraulisk\u0101 sist\u0113ma darbotos efekt\u012bvi.<\/p>\n<p><img decoding=\"async\" src=\"https:\/\/www.hydraulic-cylinders.net\/wp-content\/uploads\/2025\/04\/songte-oil-pipes-and-spare-parts.webp\" alt=\"E\u013c\u013cas caurules un rezerves da\u013cas\"><\/p>\n<h2>Bl\u012bv\u0113\u0161ana un e\u013c\u013co\u0161ana<\/h2>\n<p>Efekt\u012bva bl\u012bv\u0113\u0161ana un e\u013c\u013co\u0161ana ir b\u016btiska hidraulisko cilindru darb\u012bbai. Lai uztur\u0113tu hidraulisko integrit\u0101ti, tiek izmantoti da\u017e\u0101di bl\u012bv\u0113jumi, tostarp virzu\u013ca bl\u012bv\u0113jumi un stie\u0146a bl\u012bv\u0113jumi. Bl\u012bv\u0113jumi, kas izgatavoti no iztur\u012bgiem materi\u0101liem, piem\u0113ram, poliuret\u0101na un nitrila gumijas, nodro\u0161ina izcilu nodilumiztur\u012bbu, t\u0101d\u0113j\u0101di veicinot cilindra ilgm\u016b\u017e\u012bbu. Cilindra korpuss un v\u012bt\u0146ot\u0101s gala virsmas ir smalki apstr\u0101d\u0101tas, lai uzlabotu nodilumiztur\u012bbu. Regul\u0101ra e\u013c\u013co\u0161ana ar atbilsto\u0161u hidraulisko e\u013c\u013cu ir nepiecie\u0161ama, lai samazin\u0101tu berzi un nodilumu, nodro\u0161inot cilindra vienm\u0113r\u012bgu darb\u012bbu.<\/p>\n<h2>Regul\u0101ras p\u0101rbaudes un profilaktisk\u0101s apkopes pas\u0101kumi<\/h2>\n<ul>\n<li>\n<h3>Bie\u017eas p\u0101rbaudes<\/h3>\n<p>Regul\u0101ras p\u0101rbaudes ir \u013coti svar\u012bgas, lai identific\u0113tu iesp\u0113jam\u0101s probl\u0113mas, pirms t\u0101s saasin\u0101s. P\u0101rbaudiet, vai nav nopl\u016b\u017eu, nodiluma un jebk\u0101du boj\u0101jumu paz\u012bmju, lai nodro\u0161in\u0101tu hidraulisk\u0101s sist\u0113mas efekt\u012bvu darb\u012bbu.<\/p>\n<\/li>\n<li>\n<h3>Pareiza e\u013c\u013co\u0161ana<\/h3>\n<p>Ir svar\u012bgi uztur\u0113t atbilsto\u0161u e\u013c\u013co\u0161anas l\u012bmeni. Kust\u012bgo da\u013cu e\u013c\u013co\u0161ana pal\u012bdz samazin\u0101t berzi, nodilumu un siltuma veido\u0161anos, t\u0101d\u0113j\u0101di uzlabojot veiktsp\u0113ju un samazinot apkopes bie\u017eumu.<\/p>\n<\/li>\n<li>\n<h3>Bl\u012bv\u0113juma nomai\u0146a<\/h3>\n<p>Laika gait\u0101 bl\u012bves var nolietoties un t\u0101s var b\u016bt j\u0101nomaina, lai saglab\u0101tu hidraulisko integrit\u0101ti. Regul\u0101rai apkopei j\u0101ietver bl\u012bvju nodiluma p\u0101rbaude un nepiecie\u0161am\u012bbas gad\u012bjum\u0101 to nomai\u0146a, lai nov\u0113rstu nopl\u016bdes.<\/p>\n<\/li>\n<\/ul>\n<h2>Uzst\u0101d\u012b\u0161anas vadl\u012bnijas<\/h2>\n<p>Pareiza str\u0113les cilindra uzst\u0101d\u012b\u0161ana ir \u013coti svar\u012bga t\u0101 veiktsp\u0113jai un ilgm\u016b\u017e\u012bbai. Lai veiksm\u012bgi uzst\u0101d\u012btu, veiciet t\u0101l\u0101k nor\u0101d\u012bt\u0101s darb\u012bbas.<\/p>\n<ul>\n<li>\n<h3>Izl\u012bdzin\u0101\u0161ana<\/h3>\n<p>P\u0101rliecinieties, vai cilindrs ir pareizi izl\u012bdzin\u0101ts ar stiprin\u0101juma punktiem, lai nov\u0113rstu p\u0101rm\u0113r\u012bgu slodzi un nodilumu gan cilindram, gan meh\u0101nismam.<\/p>\n<\/li>\n<li>\n<h3>Izmantojiet atbilsto\u0161us mont\u0101\u017eas kron\u0161teinus<\/h3>\n<p>Izmantojiet piem\u0113rotus mont\u0101\u017eas kron\u0161teinus, lai nostiprin\u0101tu cilindru viet\u0101. Tas pal\u012bdz\u0113s saglab\u0101t izl\u012bdzin\u0101jumu un stabilit\u0101ti darb\u012bbas laik\u0101.<\/p>\n<\/li>\n<li>\n<h3>Hidrauliskais savienojums<\/h3>\n<p>R\u016bp\u012bgi pievienojiet hidraulisk\u0101s l\u012bnijas, p\u0101rliecinoties, ka nav loc\u012bjumu vai sav\u0113rpumu, kas var\u0113tu trauc\u0113t \u0161\u0137idruma pl\u016bsmu. Pareizi savienojumi nov\u0113r\u0161 nopl\u016bdes un nodro\u0161ina optim\u0101lu veiktsp\u0113ju.<\/p>\n<\/li>\n<li>\n<h3>Test\u0113\u0161ana<\/h3>\n<p>P\u0113c uzst\u0101d\u012b\u0161anas veiciet r\u016bp\u012bgu hidraulisk\u0101s sist\u0113mas p\u0101rbaudi, lai p\u0101rliecin\u0101tos, ka viss darbojas pareizi. Mekl\u0113jiet jebk\u0101das nopl\u016bdes vai darb\u012bbas trauc\u0113jumu paz\u012bmes.<\/p>\n<\/li>\n<\/ul>\n<h2>Apkopes uzdevumi<\/h2>\n<ul>\n<li>\n<h3>Regul\u0101ras p\u0101rbaudes<\/h3>\n<p>Veiciet p\u0101rbaudes, lai identific\u0113tu jebk\u0101das nodiluma paz\u012bmes vai potenci\u0101las probl\u0113mas. \u0160\u012b proakt\u012bv\u0101 pieeja nodro\u0161ina, ka probl\u0113mas tiek risin\u0101tas, pirms t\u0101s noved pie iek\u0101rtu atteices.<\/p>\n<\/li>\n<li>\n<h3>Pareiza e\u013c\u013co\u0161ana<\/h3>\n<p>Regul\u0101ri iee\u013c\u013cojiet cilindra kust\u012bg\u0101s da\u013cas, lai samazin\u0101tu berzi un nodilumu. \u0160\u012b prakse pagarina cilindra kalpo\u0161anas laiku un uzlabo t\u0101 veiktsp\u0113ju.<\/p>\n<\/li>\n<li>\n<h3>Bl\u012bv\u0113juma nomai\u0146a<\/h3>\n<p>Uzraugiet bl\u012bv\u0113jumu nodilumu un nomainiet tos p\u0113c nepiecie\u0161am\u012bbas, lai saglab\u0101tu hidraulisko integrit\u0101ti. Regul\u0101ra nomai\u0146a samazina nopl\u016b\u017eu risku un nodro\u0161ina vienm\u0113r\u012bgu darb\u012bbu.<\/p>\n<\/li>\n<\/ul>\n<p><img decoding=\"async\" src=\"https:\/\/www.hydraulic-cylinders.net\/wp-content\/uploads\/2025\/04\/songte-chushion-collar.webp\" alt=\"Spilvenu apkakle\"><\/p>\n<h2>Dro\u0161\u012bbas apsv\u0113rumi un vides faktori<\/h2>\n<p>Darbinot hidrauliskos cilindrus, ir svar\u012bgi ieviest dro\u0161\u012bbas pas\u0101kumus, lai aizsarg\u0101tu gan operatoru, gan apr\u012bkojumu. Dro\u0161\u012bbas funkcijas, piem\u0113ram, spiediena samazin\u0101\u0161anas v\u0101rsti, ir b\u016btiskas, lai nov\u0113rstu p\u0101rslodzi. Turkl\u0101t dro\u0161as darba vides uztur\u0113\u0161ana, nodro\u0161inot, ka viss apr\u012bkojums ir lab\u0101 darba k\u0101rt\u012bb\u0101, pal\u012bdz mazin\u0101t ar hidrauliskaj\u0101m darb\u012bb\u0101m saist\u012btos riskus. J\u0101\u0146em v\u0113r\u0101 ar\u012b vides apsv\u0113rumi, jo pareiza hidraulisko \u0161\u0137idrumu un materi\u0101lu utiliz\u0101cija var samazin\u0101t hidraulisko darb\u012bbu ekolo\u0123isko ietekmi.<\/p>\n<h2>Probl\u0113mu nov\u0113r\u0161ana un bie\u017ei sastopamas probl\u0113mas<\/h2>\n<ul>\n<li>\n<h3>Nopl\u016bde<\/h3>\n<p>Nopl\u016bdes bie\u017ei vien var b\u016bt saist\u012btas ar nolietotiem bl\u012bv\u0113jumiem vai nepareizu uzst\u0101d\u012b\u0161anu. Regul\u0101ras p\u0101rbaudes un savlaic\u012bga bl\u012bv\u0113jumu nomai\u0146a var nov\u0113rst \u0161o probl\u0113mu. Ja tiek nov\u0113rota nopl\u016bde, ir svar\u012bgi noteikt t\u0101s avotu un nekav\u0113joties to nov\u0113rst, lai izvair\u012btos no hidraulisk\u0101 \u0161\u0137idruma zuduma.<\/p>\n<\/li>\n<li>\n<h3>L\u0113na vai nek\u0101da kust\u012bba<\/h3>\n<p>Ja cilindrs kustas l\u0113ni vai nekustas visp\u0101r, tas var b\u016bt saist\u012bts ar zemu hidraulisk\u0101 \u0161\u0137idruma l\u012bmeni vai sist\u0113m\u0101 iesprostotu gaisu. \u0160\u0137idruma l\u012bme\u0146a p\u0101rbaude un sist\u0113mas atgaiso\u0161ana bie\u017ei vien var atrisin\u0101t \u0161o probl\u0113mu.<\/p>\n<\/li>\n<li>\n<h3>P\u0101rm\u0113r\u012bgs troksnis<\/h3>\n<p>Neparastas ska\u0146as darb\u012bbas laik\u0101 var liecin\u0101t par iek\u0161\u0113jiem boj\u0101jumiem vai pies\u0101r\u0146ojumu hidrauliskaj\u0101 \u0161\u0137idrum\u0101. Regul\u0101ra apkope un \u0161\u0137idruma kvalit\u0101tes uzraudz\u012bba var pal\u012bdz\u0113t nov\u0113rst \u0161\u012bs probl\u0113mas.<\/p>\n<\/li>\n<\/ul>\n<h2>Diagnostika un profilakses padomi<\/h2>\n<p>Lai efekt\u012bvi diagnostic\u0113tu probl\u0113mas ar str\u0113les cilindru, \u0146emiet v\u0113r\u0101 \u0161\u0101dus padomus:<\/p>\n<ul>\n<li>\n<h3>Monitora veiktsp\u0113ja<\/h3>\n<p>Sekojiet l\u012bdzi cilindra darb\u012bbai. P\u0113k\u0161\u0146as reakcijas vai jaudas izmai\u0146as var liecin\u0101t par pamat\u0101 eso\u0161\u0101m probl\u0113m\u0101m.<\/p>\n<\/li>\n<li>\n<h3>Veikt regul\u0101ru apkopi<\/h3>\n<p>Izveidojiet regul\u0101ru apkopes grafiku, kas ietver p\u0101rbaudes, e\u013c\u013co\u0161anu un bl\u012bvju nomai\u0146u, lai samazin\u0101tu probl\u0113mu risku.<\/p>\n<\/li>\n<li>\n<h3>Operatoru apm\u0101c\u012bba<\/h3>\n<p>P\u0101rliecinieties, ka operatori ir pien\u0101c\u012bgi apm\u0101c\u012bti apr\u012bkojuma lieto\u0161an\u0101. Hidraulisk\u0101s sist\u0113mas izpratne un probl\u0113mu paz\u012bmju atpaz\u012b\u0161ana var iev\u0113rojami samazin\u0101t probl\u0113mu iesp\u0113jam\u012bbu.<\/p>\n<\/li>\n<\/ul>\n<p><img decoding=\"async\" src=\"https:\/\/www.hydraulic-cylinders.net\/wp-content\/uploads\/2025\/04\/songte-bushings-with-all-kinds-of-excavator-models.webp\" alt=\"Ekskavatoru bukses\"><\/p>\n<h2>Par m\u016bsu uz\u0146\u0113mumu<\/h2>\n<p>M\u0113s esam vado\u0161ais hidraulisko cilindru ra\u017eot\u0101js, kas specializ\u0113jas da\u017e\u0101du mode\u013cu nomai\u0146\u0101. M\u016bsu pla\u0161ais produktu kl\u0101sts ir padar\u012bjis m\u016bs par vado\u0161o pieg\u0101d\u0101t\u0101ju gan viet\u0113j\u0101, gan starptautiskaj\u0101 tirg\u016b. M\u0113s iev\u0113rojam izcil\u012bbu kvalit\u0101t\u0113, pa\u013caujoties uz izsmalcin\u0101t\u0101m ra\u017eo\u0161anas strat\u0113\u0123ij\u0101m un progres\u012bvu r\u016bpniecisko vad\u012bbu. M\u016bsu ieguld\u012bjumi tehniskajos talantos, digit\u0101l\u0101s augstas klases ra\u017eo\u0161anas iek\u0101rt\u0101s un profesion\u0101l\u0101s test\u0113\u0161anas sist\u0113m\u0101s nep\u0101rtraukti uzlabo m\u016bsu ra\u017eo\u0161anas iesp\u0113jas. M\u016bsu ap\u0146em\u0161an\u0101s nodro\u0161in\u0101t augstu efektivit\u0101ti, precizit\u0101ti un kvalit\u0101ti \u013cauj mums apmierin\u0101t da\u017e\u0101das klientu vajadz\u012bbas.<\/p>\n<p><img decoding=\"async\" src=\"https:\/\/www.hydraulic-cylinders.net\/wp-content\/uploads\/2025\/04\/songte-company-4.webp\" alt=\"Uz\u0146\u0113muma att\u0113ls 4\"><br \/>\n<img decoding=\"async\" src=\"https:\/\/www.hydraulic-cylinders.net\/wp-content\/uploads\/2025\/04\/songte-company-3.webp\" alt=\"Uz\u0146\u0113muma att\u0113ls 3\"><\/p>\n<p>M\u0113s pied\u0101v\u0101jam profesion\u0101lus pakalpojumus, starptautiskus sertifik\u0101tus, piel\u0101gotus risin\u0101jumus, modern\u0101k\u0101s ra\u017eo\u0161anas iek\u0101rtas un uzticamu p\u0113cp\u0101rdo\u0161anas atbalstu, lai nodro\u0161in\u0101tu, ka m\u016bsu klienti sa\u0146em lab\u0101kos pieejamos hidrauliskos risin\u0101jumus.<\/p>\n<p>Autors: lil<\/p>","protected":false},"excerpt":{"rendered":"<p>Boom Cylinder For Doosan Small Excavator DH80-7 Product Overview The Boom Cylinder for Doosan Small Excavator DH80-7 is a specialized hydraulic cylinder designed for controlling the movement of the excavator&#8217;s boom. This essential component plays a pivotal role in hydraulic systems, allowing for precise lifting, lowering, and tilting of the boom, thus facilitating material handling [&hellip;]<\/p>","protected":false},"featured_media":17868,"comment_status":"open","ping_status":"closed","template":"","meta":{"_et_pb_use_builder":"","_et_pb_old_content":"","_et_gb_content_width":""},"product_brand":[],"product_cat":[1546],"product_tag":[1547,1496],"class_list":{"0":"post-18986","1":"product","2":"type-product","3":"status-publish","4":"has-post-thumbnail","6":"product_cat-boom-cylinders","7":"product_tag-boom-cylinders","8":"product_tag-hydraulic-cylinders","10":"first","11":"instock","12":"shipping-taxable","13":"product-type-simple"},"amp_enabled":true,"_links":{"self":[{"href":"https:\/\/www.hydraulic-cylinders.net\/lv\/wp-json\/wp\/v2\/product\/18986","targetHints":{"allow":["GET"]}}],"collection":[{"href":"https:\/\/www.hydraulic-cylinders.net\/lv\/wp-json\/wp\/v2\/product"}],"about":[{"href":"https:\/\/www.hydraulic-cylinders.net\/lv\/wp-json\/wp\/v2\/types\/product"}],"replies":[{"embeddable":true,"href":"https:\/\/www.hydraulic-cylinders.net\/lv\/wp-json\/wp\/v2\/comments?post=18986"}],"wp:featuredmedia":[{"embeddable":true,"href":"https:\/\/www.hydraulic-cylinders.net\/lv\/wp-json\/wp\/v2\/media\/17868"}],"wp:attachment":[{"href":"https:\/\/www.hydraulic-cylinders.net\/lv\/wp-json\/wp\/v2\/media?parent=18986"}],"wp:term":[{"taxonomy":"product_brand","embeddable":true,"href":"https:\/\/www.hydraulic-cylinders.net\/lv\/wp-json\/wp\/v2\/product_brand?post=18986"},{"taxonomy":"product_cat","embeddable":true,"href":"https:\/\/www.hydraulic-cylinders.net\/lv\/wp-json\/wp\/v2\/product_cat?post=18986"},{"taxonomy":"product_tag","embeddable":true,"href":"https:\/\/www.hydraulic-cylinders.net\/lv\/wp-json\/wp\/v2\/product_tag?post=18986"}],"curies":[{"name":"wp","href":"https:\/\/api.w.org\/{rel}","templated":true}]}}