{"id":18998,"date":"2025-04-07T06:06:26","date_gmt":"2025-04-07T06:06:26","guid":{"rendered":"https:\/\/www.hydraulic-cylinders.net\/product\/boom-cylinder-for-doosan-middle-excavator-dh215-9e-2\/"},"modified":"2025-04-07T06:06:29","modified_gmt":"2025-04-07T06:06:29","slug":"boom-cylinder-for-doosan-middle-excavator-dh215-9e-2","status":"publish","type":"product","link":"https:\/\/www.hydraulic-cylinders.net\/lv\/products\/boom-cylinder-for-doosan-middle-excavator-dh215-9e-2\/","title":{"rendered":"Doosan vid\u0113j\u0101 ekskavatora DH215-9E str\u0113les cilindrs"},"content":{"rendered":"<h1>Doosan vid\u0113j\u0101 ekskavatora DH215-9E str\u0113les cilindrs<\/h1>\n<h2>Ievads str\u0113les cilindros<\/h2>\n<p>Str\u0113les cilindrs ir hidraulisk\u0101 cilindra veids, kas \u012bpa\u0161i paredz\u0113ts, lai kontrol\u0113tu kausu kust\u012bbu da\u017e\u0101d\u0101s smagaj\u0101s ma\u0161\u012bn\u0101s, piem\u0113ram, ekskavatoros, iekr\u0101v\u0113ju ekskavatoros un front\u0101lajos iekr\u0101v\u0113jos. \u0160ie cilindri \u013cauj kausam pacelties, nolaisties un noliekties, t\u0101d\u0113j\u0101di atvieglojot efekt\u012bvus materi\u0101lu apstr\u0101des darbus. \u0160o cilindru darb\u012bba ir \u013coti svar\u012bga hidrauliskaj\u0101s sist\u0113m\u0101s, kur tie p\u0101rveido hidraulisk\u0101 \u0161\u0137idruma spiedienu meh\u0101nisk\u0101 sp\u0113k\u0101, nodro\u0161inot precizit\u0101ti rak\u0161anas darbos un slodzes p\u0101rvald\u012bb\u0101.<\/p>\n<p><img decoding=\"async\" src=\"https:\/\/www.hydraulic-cylinders.net\/wp-content\/uploads\/2025\/04\/songte-company-1.webp\" alt=\"Str\u0113les cilindra att\u0113ls\"><\/p>\n<h3>Funkcionalit\u0101te un pielietojums<\/h3>\n<p>Hidraulisk\u0101s sist\u0113mas kontekst\u0101 str\u0113les cilindriem ir b\u016btiska loma. Tie \u013cauj smago ma\u0161\u012bnu operatoriem viegli veikt sare\u017e\u0123\u012btus uzdevumus, piem\u0113ram, rakt, celt un p\u0101rvietot kravas pa da\u017e\u0101diem reljefiem. Hidrauliskie str\u0113les cilindri darbojas, \u013caujot \u0161\u0137idrumam p\u0101rvietoties tajos, radot kontrol\u0113tu kust\u012bbu, kas ir b\u016btiska rak\u0161anas procesu efektivit\u0101tei.<\/p>\n<h2>Str\u0113les cilindra \u012bpa\u0161\u012bbas<\/h2>\n<ul>\n<li><strong>Augsta iztur\u012bba un ilgm\u016b\u017e\u012bba:<\/strong> \u0160ie cilindri, kas izgatavoti no augstas stipr\u012bbas t\u0113rauda vai alum\u012bnija, var iztur\u0113t augstu spiedienu un lielas slodzes, padarot tos piem\u0113rotus skarbajiem darba apst\u0101k\u013ciem.<\/li>\n<li><strong>Efekt\u012bva hidraulisk\u0101 darb\u012bba:<\/strong> Izmantojot hidraulisk\u0101s e\u013c\u013cas spiedienu, cilindri nodro\u0161ina vienm\u0113r\u012bgu teleskopisko kust\u012bbu un \u0101tru rea\u0123\u0113\u0161anu uz operatora komand\u0101m.<\/li>\n<li><strong>Da\u017e\u0101di veidi:<\/strong> Pieejams vienk\u0101r\u0161\u0101s un divk\u0101r\u0161\u0101s darb\u012bbas konfigur\u0101cij\u0101s, lai apmierin\u0101tu da\u017e\u0101das ekspluat\u0101cijas pras\u012bbas, da\u017eiem mode\u013ciem ir teleskopiska konstrukcija liel\u0101kam sniedzam\u012bbas att\u0101lumam.<\/li>\n<li><strong>Korozijas iztur\u012bba:<\/strong> Izstr\u0101d\u0101ts no materi\u0101liem, kas ir iztur\u012bgi pret nodilumu un koroziju, pagarinot produkta kalpo\u0161anas laiku un nodro\u0161inot uzticamu veiktsp\u0113ju.<\/li>\n<li><strong>Vienk\u0101r\u0161a apkope:<\/strong> Izstr\u0101d\u0101ts, lai nodro\u0161in\u0101tu \u0113rtu apkopi, ilgm\u016b\u017e\u012bbu un ilgsto\u0161u darb\u012bbas efektivit\u0101ti.<\/li>\n<\/ul>\n<h2>Ra\u017eo\u0161anas jauda<\/h2>\n<p>M\u0113s izce\u013camies ar augst\u0101k\u0101s kvalit\u0101tes str\u0113les cilindru ra\u017eo\u0161anu, kas var lieliski aizst\u0101t eso\u0161os hidrauliskos cilindrus. M\u016bsu produkti ir izstr\u0101d\u0101ti, lai apmierin\u0101tu m\u016bsu klientu \u012bpa\u0161\u0101s vajadz\u012bbas, vienlaikus nodro\u0161inot augstu efektivit\u0101ti un uzticam\u012bbu.<\/p>\n<p><img decoding=\"async\" src=\"https:\/\/www.hydraulic-cylinders.net\/wp-content\/uploads\/2025\/04\/songte-cylinder-head-with-all-kinds-excavator-models.webp\" alt=\"Cilindru produkti\"><\/p>\n<h2>Lietojumprogrammu scen\u0101riji<\/h2>\n<h3>Celtniec\u012bbas apr\u012bkojums<\/h3>\n<p>Ekskavatoros str\u0113les cilindri ir vit\u0101li svar\u012bgi rak\u0161anai, iekrau\u0161anai un augsnes vai gru\u017eu p\u0101rvieto\u0161anai. Tie atvieglo dzi\u013cu rak\u0161anu zem\u0113, \u013caujot operatoriem efekt\u012bvi veikt uzdevumus. Ekskavatoros-iekr\u0101v\u0113jos \u0161ie cilindri pal\u012bdz gan rak\u0161an\u0101, gan cel\u0161an\u0101, kas ir b\u016btiski daudzpus\u012bg\u0101m b\u016bvniec\u012bbas oper\u0101cij\u0101m.<\/p>\n<h3>Lauksaimniec\u012bbas tehnika<\/h3>\n<p>Front\u0101lie iekr\u0101v\u0113ji izmanto str\u0113les cilindrus, lai paceltu, paceltu un transport\u0113tu augsni, sienu un citus materi\u0101lus. To iztur\u012bg\u0101 konstrukcija \u013cauj efekt\u012bvi apstr\u0101d\u0101t smagus lauksaimniec\u012bbas produktus, uzlabojot produktivit\u0101ti lauksaimniec\u012bbas darbos.<\/p>\n<h3>Ekskavatori<\/h3>\n<p>Str\u0113les cilindrs \u013cauj kausam iek\u013c\u016bt augsn\u0113, nodro\u0161inot efekt\u012bvas rak\u0161anas darb\u012bbas. \u0160\u012b sp\u0113ja ir kritiski svar\u012bga rak\u0161anas darbos, kur nepiecie\u0161ama precizit\u0101te un jauda, \u200b\u200blai p\u0101rvietotos da\u017e\u0101dos augsnes apst\u0101k\u013cos.<\/p>\n<h3>Iekr\u0101v\u0113ji<\/h3>\n<p>Front\u0101lajos iekr\u0101v\u0113jos str\u0113les cilindri pal\u012bdz pacelt un izkraut kravas, uzlabojot kravu apstr\u0101des efektivit\u0101ti. To konstrukcija nodro\u0161ina vienm\u0113r\u012bgu darb\u012bbu, padarot tos neaizst\u0101jamus iekrau\u0161anas un izkrau\u0161anas darbos.<\/p>\n<h2>Dizaina apsv\u0113rumi un atlases krit\u0113riji<\/h2>\n<h3>Kravnes\u012bba<\/h3>\n<p>Izv\u0113loties str\u0113les cilindru, ir svar\u012bgi \u0146emt v\u0113r\u0101 t\u0101 kravnes\u012bbu. Tas nosaka maksim\u0101lo svaru, ko cilindrs var iztur\u0113t, neapdraudot dro\u0161\u012bbu vai funkcionalit\u0101ti. Lielas kravnes\u012bbas cilindri ir b\u016btiski lieljaudas lietojumiem, nodro\u0161inot, ka tie var iztur\u0113t pace\u013camo kravu svaru.<\/p>\n<h3>Bl\u012bv\u0113juma veiktsp\u0113ja<\/h3>\n<p>Efekt\u012bva bl\u012bv\u0113\u0161ana ir \u013coti svar\u012bga, lai nov\u0113rstu hidraulisk\u0101 \u0161\u0137idruma nopl\u016bdes un uztur\u0113tu optim\u0101lu spiedienu cilindr\u0101. Kvalitat\u012bvas bl\u012bves, kas izgatavotas no t\u0101diem materi\u0101liem k\u0101 poliuret\u0101ns un nitrilgumija, nodro\u0161ina ilgm\u016b\u017e\u012bbu un efekt\u012bvu darb\u012bbu. Regul\u0101ra bl\u012bvju p\u0101rbaude ir svar\u012bga, lai izvair\u012btos no \u0161\u0137idruma zudumiem un saglab\u0101tu veiktsp\u0113ju.<\/p>\n<h3>Iztur\u012bba<\/h3>\n<p>Iztur\u012bba ir galvenais faktors, \u012bpa\u0161i skarbos darba apst\u0101k\u013cos. Labi konstru\u0113tam str\u0113les cilindram j\u0101b\u016bt iztur\u012bgam pret nodilumu, koroziju un vides faktoriem. Tas nodro\u0161ina cilindra ilgsto\u0161u darb\u012bbu, samazinot nepiecie\u0161am\u012bbu p\u0113c bie\u017eas nomai\u0146as.<\/p>\n<h3>Dro\u0161\u012bbas funkcijas<\/h3>\n<p>Dro\u0161\u012bbas meh\u0101nismi ir b\u016btiski, lai nov\u0113rstu negad\u012bjumus ekspluat\u0101cijas laik\u0101. Baloniem j\u0101b\u016bt t\u0101diem elementiem k\u0101 spiediena samazin\u0101\u0161anas v\u0101rsti, lai nov\u0113rstu p\u0101rslodzi, un sist\u0113mas, kas samazina katastrof\u0101lu boj\u0101jumu risku. Dro\u0161\u012bbai vienm\u0113r j\u0101b\u016bt priorit\u0101tei projekt\u0113\u0161anas apsv\u0113rumos.<\/p>\n<h3>Uzturam\u012bba<\/h3>\n<p>Izv\u0113loties viegli kopjamu cilindru, var iev\u0113rojami samazin\u0101t d\u012bkst\u0101ves laiku darb\u012bb\u0101. Funkcijas, kas \u013cauj veikt vienk\u0101r\u0161as p\u0101rbaudes, e\u013c\u013co\u0161anu un deta\u013cu nomai\u0146u, uzlabo darb\u012bbas efektivit\u0101ti un pagarina produkta kalpo\u0161anas laiku.<\/p>\n<p><img decoding=\"async\" src=\"https:\/\/www.hydraulic-cylinders.net\/wp-content\/uploads\/2025\/04\/songte-oil-pipes-and-spare-parts.webp\" alt=\"Hidraulisko cilindru deta\u013cas\"><\/p>\n<h2>Bl\u012bv\u0113\u0161ana un e\u013c\u013co\u0161ana<\/h2>\n<p>Da\u017e\u0101du bl\u012bv\u0113\u0161anas komponentu, piem\u0113ram, virzu\u013ca bl\u012bv\u0113jumu un stie\u0146a bl\u012bv\u0113jumu, izmanto\u0161ana ir \u013coti svar\u012bga, lai saglab\u0101tu str\u0113les cilindra integrit\u0101ti. Bl\u012bv\u0113jumi, kas izgatavoti no iztur\u012bgiem materi\u0101liem, piem\u0113ram, poliuret\u0101na un nitrila gumijas, nodro\u0161ina izcilu iztur\u012bbu pret nodilumu un nov\u0113r\u0161 nopl\u016bdes. Cilindra korpuss un v\u012bt\u0146otie gali tiek prec\u012bzi apstr\u0101d\u0101ti, lai uzlabotu nodilumiztur\u012bbu, nodro\u0161inot cilindra vienm\u0113r\u012bgu darb\u012bbu laika gait\u0101.<\/p>\n<p>Regul\u0101ra e\u013c\u013co\u0161ana ar atbilsto\u0161u hidraulisko e\u013c\u013cu ir b\u016btiska, lai nodro\u0161in\u0101tu vienm\u0113r\u012bgu darb\u012bbu un nov\u0113rstu nodilumu. Operatoriem j\u0101iev\u0113ro apkopes grafiks, lai p\u0113c nepiecie\u0161am\u012bbas uzpild\u012btu hidraulisko e\u013c\u013cu, t\u0101d\u0113j\u0101di nodro\u0161inot cilindru efekt\u012bvu darb\u012bbu.<\/p>\n<h2>Prevent\u012bvie apkopes pas\u0101kumi<\/h2>\n<ul>\n<li><strong>Regul\u0101ras p\u0101rbaudes:<\/strong> Lai nodro\u0161in\u0101tu dro\u0161u darb\u012bbu, veiciet regul\u0101ras str\u0113les cilindra p\u0101rbaudes, vai nav nodiluma, nopl\u016b\u017eu vai boj\u0101jumu paz\u012bmju.<\/li>\n<li><strong>Pareiza e\u013c\u013co\u0161ana:<\/strong> Uztur\u0113t regul\u0101rus e\u013c\u013co\u0161anas grafikus, lai nodro\u0161in\u0101tu hidraulisko komponentu nevainojamu darb\u012bbu un samazin\u0101tu nodilumu.<\/li>\n<li><strong>Bl\u012bv\u0113juma nomai\u0146a:<\/strong> Uzraugiet bl\u012bv\u0113juma veiktsp\u0113ju un nepiecie\u0161am\u012bbas gad\u012bjum\u0101 nomainiet bl\u012bves, lai nov\u0113rstu \u0161\u0137idruma nopl\u016bdes un uztur\u0113tu spiedienu.<\/li>\n<\/ul>\n<h2>Uzst\u0101d\u012b\u0161anas vadl\u012bnijas<\/h2>\n<p>Pareiza str\u0113les cilindra uzst\u0101d\u012b\u0161ana ir b\u016btiska optim\u0101lai veiktsp\u0113jai. Vispirms p\u0101rliecinieties, vai mont\u0101\u017eas kron\u0161teini ir pareizi izl\u012bdzin\u0101ti ar cilindru. Izmantojiet atbilsto\u0161us mont\u0101\u017eas elementus, lai nostiprin\u0101tu cilindru, nodro\u0161inot, ka tas ir stingri piestiprin\u0101ts bez br\u012bvkust\u012bbas. Ir svar\u012bgi prec\u012bzi izl\u012bdzin\u0101t cilindru, lai nov\u0113rstu p\u0101rm\u0113r\u012bgu slodzi hidrauliskajai sist\u0113mai.<\/p>\n<p>P\u0113c uzst\u0101d\u012b\u0161anas uzman\u012bgi pievienojiet hidraulisk\u0101s l\u012bnijas, p\u0101rliecinoties, ka nav loc\u012bjumu vai sav\u0113rp\u0161an\u0101s, kas var\u0113tu trauc\u0113t \u0161\u0137idruma pl\u016bsmu. P\u0113c pievieno\u0161anas atgaisojiet sist\u0113mu, lai izvad\u012btu iesprostoto gaisu, nodro\u0161inot netrauc\u0113tu darb\u012bbu. Lai izvair\u012btos no iesp\u0113jam\u0101m probl\u0113m\u0101m, vienm\u0113r skatiet ra\u017eot\u0101ja nor\u0101d\u012bjumus par konkr\u0113tiem uzst\u0101d\u012b\u0161anas nor\u0101d\u012bjumiem.<\/p>\n<h2>Apkopes uzdevumi<\/h2>\n<ul>\n<li><strong>Regul\u0101ras p\u0101rbaudes:<\/strong> P\u0101rliecinieties, vai str\u0113les cilindram nav nopl\u016b\u017eu un boj\u0101jumu. P\u0101rbaudiet, vai bl\u012bv\u0113m un cit\u0101m sast\u0101vda\u013c\u0101m nav nodiluma paz\u012bmju.<\/li>\n<li><strong>Piem\u0113rota e\u013c\u013co\u0161ana:<\/strong> Izveidojiet e\u013c\u013co\u0161anas rut\u012bnu, nodro\u0161inot, ka hidraulisk\u0101s e\u013c\u013cas l\u012bmenis vienm\u0113r ir atbilsto\u0161\u0101 l\u012bmen\u012b efekt\u012bvai darb\u012bbai.<\/li>\n<li><strong>Bl\u012bv\u0113juma nomai\u0146a:<\/strong> Uzraugiet bl\u012bv\u0113jumu integrit\u0101ti un nomainiet tos, ja nepiecie\u0161ams, lai saglab\u0101tu funkcionalit\u0101ti un nov\u0113rstu nopl\u016bdes.<\/li>\n<\/ul>\n<h2>Dro\u0161\u012bbas apsv\u0113rumi un vides faktori<\/h2>\n<p>Dro\u0161\u012bbas pas\u0101kumu ievie\u0161ana ekspluat\u0101cijas laik\u0101 ir \u013coti svar\u012bga, lietojot str\u0113les cilindrus. Operatoriem j\u0101b\u016bt apm\u0101c\u012btiem par dro\u0161u apie\u0161anos, tostarp par pareizu aizsargl\u012bdzek\u013cu lieto\u0161anu un izpratni par ar hidrauliskaj\u0101m sist\u0113m\u0101m saist\u012btajiem riskiem. Svar\u012bga loma ir ar\u012b vides apsv\u0113rumiem \u2014 nodro\u0161inot, ka hidrauliskie \u0161\u0137idrumi nenok\u013c\u016bst vid\u0113, pal\u012bdz aizsarg\u0101t ekosist\u0113mas.<\/p>\n<h2>K\u013c\u016bmju diagnostika un bie\u017e\u0101k sastopam\u0101s probl\u0113mas<\/h2>\n<ul>\n<li><strong>\u0160\u0137idruma nopl\u016bdes:<\/strong> P\u0101rbaudiet, vai nav hidraulisk\u0101 \u0161\u0137idruma nopl\u016b\u017eu paz\u012bmju, kas var liecin\u0101t par probl\u0113m\u0101m ar bl\u012bv\u0113m vai savienojumiem. Regul\u0101ri p\u0101rbaudiet bl\u012bves un nomainiet t\u0101s, kad t\u0101s ir nodilu\u0161as.<\/li>\n<li><strong>Slikta veiktsp\u0113ja:<\/strong> Ja cilindrs nerea\u0123\u0113 efekt\u012bvi, p\u0101rbaudiet hidraulisk\u0101 \u0161\u0137idruma l\u012bmeni un p\u0101rbaudiet, vai sist\u0113m\u0101 nav gaisa. Var b\u016bt nepiecie\u0161ams atgaisot sist\u0113mu.<\/li>\n<li><strong>Neparastas ska\u0146as:<\/strong> Darb\u012bbas laik\u0101 dzirdami trok\u0161\u0146i var liecin\u0101t par iek\u0161\u0113j\u0101m probl\u0113m\u0101m. P\u0101rbaudiet cilindru, vai nav boj\u0101jumu vai nodiluma, kas, iesp\u0113jams, j\u0101nov\u0113r\u0161.<\/li>\n<\/ul>\n<p>Regul\u0101ra apkope un savlaic\u012bga uzman\u012bbas piev\u0113r\u0161ana \u0161\u012bm probl\u0113m\u0101m var nov\u0113rst liel\u0101ku probl\u0113mu ra\u0161anos, nodro\u0161inot, ka str\u0113les cilindrs paliek lab\u0101 darba k\u0101rt\u012bb\u0101.<\/p>\n<p><img decoding=\"async\" src=\"https:\/\/www.hydraulic-cylinders.net\/wp-content\/uploads\/2025\/04\/songte-bushings-with-all-kinds-of-excavator-models.webp\" alt=\"Bukses produkti\"><\/p>\n<h2>Uz\u0146\u0113muma p\u0101rskats<\/h2>\n<p>M\u0113s esam vado\u0161ais rezerves hidraulisko cilindru ra\u017eot\u0101js un vairumtirgot\u0101js. M\u016bsu pla\u0161ais produktu kl\u0101sts ir pozicion\u0113jis m\u016bs k\u0101 galveno sp\u0113l\u0113t\u0101ju gan viet\u0113j\u0101, gan starptautiskaj\u0101 tirg\u016b. M\u0113s pie\u0161\u0137iram priorit\u0101ti kvalit\u0101tei, izmantojot r\u016bp\u012bgas ra\u017eo\u0161anas vad\u012bbas strat\u0113\u0123ijas, lai nodro\u0161in\u0101tu augst\u0101k\u0101s klases ra\u017eo\u0161anu.<\/p>\n<p>M\u016bsu ap\u0146em\u0161anos sasniegt izcil\u012bbu atbalsta modernas ra\u017eo\u0161anas iek\u0101rtas, kvalific\u0113ts tehniskais person\u0101ls un stingras test\u0113\u0161anas sist\u0113mas, kas \u013cauj mums nep\u0101rtraukti uzlabot m\u016bsu ra\u017eo\u0161anas jaudas. Koncentr\u0113joties uz augstu efektivit\u0101ti, precizit\u0101ti un kvalit\u0101ti, m\u0113s cen\u0161amies apmierin\u0101t m\u016bsu klientu da\u017e\u0101d\u0101s vajadz\u012bbas.<\/p>\n<p><img decoding=\"async\" src=\"https:\/\/www.hydraulic-cylinders.net\/wp-content\/uploads\/2025\/04\/songte-company-4.webp\" alt=\"Uz\u0146\u0113muma p\u0101rskata att\u0113ls\"><br \/>\n<img decoding=\"async\" src=\"https:\/\/www.hydraulic-cylinders.net\/wp-content\/uploads\/2025\/04\/songte-company-3.webp\" alt=\"Uz\u0146\u0113muma ra\u017eo\u0161anas att\u0113ls\"><\/p>\n<p>Autors: lil<\/p>","protected":false},"excerpt":{"rendered":"<p>Boom Cylinder For Doosan Middle Excavator DH215-9E Introduction to Boom Cylinders A boom cylinder is a type of hydraulic cylinder specifically designed to control the movement of buckets in various heavy machinery, such as excavators, backhoe loaders, and front loaders. These cylinders enable the bucket to lift, lower, and tilt, facilitating efficient material handling tasks. [&hellip;]<\/p>","protected":false},"featured_media":17880,"comment_status":"open","ping_status":"closed","template":"","meta":{"_et_pb_use_builder":"","_et_pb_old_content":"","_et_gb_content_width":""},"product_brand":[],"product_cat":[1546],"product_tag":[1547,1496],"class_list":{"0":"post-18998","1":"product","2":"type-product","3":"status-publish","4":"has-post-thumbnail","6":"product_cat-boom-cylinders","7":"product_tag-boom-cylinders","8":"product_tag-hydraulic-cylinders","10":"first","11":"instock","12":"shipping-taxable","13":"product-type-simple"},"amp_enabled":true,"_links":{"self":[{"href":"https:\/\/www.hydraulic-cylinders.net\/lv\/wp-json\/wp\/v2\/product\/18998","targetHints":{"allow":["GET"]}}],"collection":[{"href":"https:\/\/www.hydraulic-cylinders.net\/lv\/wp-json\/wp\/v2\/product"}],"about":[{"href":"https:\/\/www.hydraulic-cylinders.net\/lv\/wp-json\/wp\/v2\/types\/product"}],"replies":[{"embeddable":true,"href":"https:\/\/www.hydraulic-cylinders.net\/lv\/wp-json\/wp\/v2\/comments?post=18998"}],"wp:featuredmedia":[{"embeddable":true,"href":"https:\/\/www.hydraulic-cylinders.net\/lv\/wp-json\/wp\/v2\/media\/17880"}],"wp:attachment":[{"href":"https:\/\/www.hydraulic-cylinders.net\/lv\/wp-json\/wp\/v2\/media?parent=18998"}],"wp:term":[{"taxonomy":"product_brand","embeddable":true,"href":"https:\/\/www.hydraulic-cylinders.net\/lv\/wp-json\/wp\/v2\/product_brand?post=18998"},{"taxonomy":"product_cat","embeddable":true,"href":"https:\/\/www.hydraulic-cylinders.net\/lv\/wp-json\/wp\/v2\/product_cat?post=18998"},{"taxonomy":"product_tag","embeddable":true,"href":"https:\/\/www.hydraulic-cylinders.net\/lv\/wp-json\/wp\/v2\/product_tag?post=18998"}],"curies":[{"name":"wp","href":"https:\/\/api.w.org\/{rel}","templated":true}]}}