{"id":19006,"date":"2025-04-07T06:06:47","date_gmt":"2025-04-07T06:06:47","guid":{"rendered":"https:\/\/www.hydraulic-cylinders.net\/product\/boom-cylinder-for-doosan-large-excavator-dx300lc\/"},"modified":"2025-04-07T06:06:49","modified_gmt":"2025-04-07T06:06:49","slug":"boom-cylinder-for-doosan-large-excavator-dx300lc","status":"publish","type":"product","link":"https:\/\/www.hydraulic-cylinders.net\/lv\/products\/boom-cylinder-for-doosan-large-excavator-dx300lc\/","title":{"rendered":"Str\u0113les cilindrs Doosan lielajam ekskavatoram DX300LC"},"content":{"rendered":"<h1>Str\u0113les cilindrs Doosan lielajam ekskavatoram DX300LC<\/h1>\n<h2>Produkta p\u0101rskats<\/h2>\n<p>The Boom Cylinder for Doosan Large Excavator DX300LC is an essential hydraulic component designed to ensure the proper functioning of excavators. This hydraulic cylinder plays a crucial role in controlling the movement of the boom, allowing operators to lift, lower, and tilt the excavator&#8217;s arm with precision and efficiency. It is specifically engineered to withstand high pressures and heavy loads, which makes it suitable for demanding tasks in construction, mining, and other industrial applications.<\/p>\n<p><img decoding=\"async\" src=\"https:\/\/www.hydraulic-cylinders.net\/wp-content\/uploads\/2025\/04\/songte-company-1.webp\" alt=\"Str\u0113les cilindrs\" \/><\/p>\n<h3>Defin\u012bcija un funkcionalit\u0101te<\/h3>\n<p>The bucket cylinder, also known as a boom cylinder, is a type of hydraulic cylinder used to control the motion of heavy machinery&#8217;s bucket, such as excavators, backhoe loaders, and front loaders. It enables the bucket to perform essential material handling tasks by providing the necessary force to lift, lower, and tilt. The hydraulic system operates using pressurized hydraulic fluid, which moves the piston within the cylinder, allowing for smooth and efficient operation.<\/p>\n<h2>Str\u0113les cilindra \u012bpa\u0161\u012bbas<\/h2>\n<ul>\n<li><strong>Augsta iztur\u012bba un ilgm\u016b\u017e\u012bba:<\/strong> Izgatavots no augstas stipr\u012bbas t\u0113rauda vai alum\u012bnija, str\u0113les cilindrs ir paredz\u0113ts, lai iztur\u0113tu augstu spiedienu un lielas slodzes, piel\u0101gojoties skarbai darba videi, vienlaikus nodro\u0161inot ilgm\u016b\u017e\u012bbu.<\/li>\n<li><strong>Efekt\u012bva hidraulisk\u0101 darb\u012bba:<\/strong> Cilindrs izmanto hidraulisk\u0101s e\u013c\u013cas spiedienu, lai nodro\u0161in\u0101tu vienm\u0113r\u012bgu izvirz\u012b\u0161anu un ievilk\u0161anu, nodro\u0161inot \u0101tru reakciju uz vad\u012bbas komand\u0101m un radot sp\u0113c\u012bgus stum\u0161anas un vilk\u0161anas sp\u0113kus, kas ir vit\u0101li svar\u012bgi smagu un sare\u017e\u0123\u012btu uzdevumu veik\u0161anai.<\/li>\n<li><strong>Veidu da\u017e\u0101d\u012bba:<\/strong> Pieejams vienk\u0101r\u0161\u0101s darb\u012bbas (hidraulisk\u0101 darb\u012bba vien\u0101 virzien\u0101) vai divk\u0101r\u0161\u0101s darb\u012bbas (hidraulisk\u0101 darb\u012bba abos virzienos) variantos, da\u017ei mode\u013ci ir teleskopiski, lai nodro\u0161in\u0101tu liel\u0101ku pagarin\u0101jumu, nepalielinot \u0101r\u0113jos izm\u0113rus, kas ir ide\u0101li piem\u0113rots \u0161aur\u0101m telp\u0101m.<\/li>\n<li><strong>Piel\u0101gojami risin\u0101jumi:<\/strong> M\u016bsu uz\u0146\u0113mums var ra\u017eot produktus, kas lieliski aizst\u0101j \u0161os hidrauliskos cilindrus, nodro\u0161inot sader\u012bbu un veiktsp\u0113ju.<\/li>\n<li><strong>Kvalit\u0101tes nodro\u0161in\u0101\u0161ana:<\/strong> Ra\u017eo\u0161anas laik\u0101 m\u0113s iev\u0113rojam stingrus kvalit\u0101tes kontroles pas\u0101kumus, nodro\u0161inot, ka katrs str\u0113les cilindrs atbilst nozares standartiem un klientu cer\u012bb\u0101m.<\/li>\n<\/ul>\n<p><img decoding=\"async\" src=\"https:\/\/www.hydraulic-cylinders.net\/wp-content\/uploads\/2025\/04\/songte-cylinder-head-with-all-kinds-excavator-models.webp\" alt=\"Ekskavatoru mode\u013ci\" \/><\/p>\n<h2>Str\u0113les cilindra pielietojumi<\/h2>\n<h3>Celtniec\u012bbas apr\u012bkojums<\/h3>\n<p>Ekskavatoros str\u0113les cilindri ir vit\u0101li svar\u012bgi zemes vai gru\u017eu rak\u0161anai, iekrau\u0161anai un p\u0101rvieto\u0161anai. Tie \u013cauj operatoram kontrol\u0113t rak\u0161anas dzi\u013cumu un le\u0146\u0137i, optimiz\u0113jot veiktsp\u0113ju un efektivit\u0101ti darba viet\u0101s. Turkl\u0101t ekskavatoros-iekr\u0101v\u0113jos kausa cilindrs pal\u012bdz gan rak\u0161an\u0101, gan materi\u0101lu cel\u0161an\u0101, padarot to par b\u016btisku daudzpus\u012bgu celtniec\u012bbas ma\u0161\u012bnu sast\u0101vda\u013cu.<\/p>\n<h3>Lauksaimniec\u012bbas tehnika<\/h3>\n<p>Front\u0101lajos iekr\u0101v\u0113jos str\u0113les cilindri ir \u013coti svar\u012bgi augsnes, siena un citu materi\u0101lu sav\u0101k\u0161anai, cel\u0161anai un transport\u0113\u0161anai. To uzticama darb\u012bba palielina produktivit\u0101ti lauksaimniec\u012bbas darbos, \u013caujot lauksaimniekiem efekt\u012bvi p\u0101rvald\u012bt savu darba slodzi un samazin\u0101t darbasp\u0113ka izmaksas.<\/p>\n<h3>Ekskavatori<\/h3>\n<p>Ekskavatoros kausa cilindri atvieglo rak\u0161anas darb\u012bbu, \u013caujot kausam iek\u013c\u016bt augsn\u0113. \u0160o cilindru nodro\u0161in\u0101t\u0101 hidraulisk\u0101 jauda \u013cauj ekskavatoram veikt sp\u0113c\u012bgus rak\u0161anas uzdevumus, nodro\u0161inot, ka darb\u012bbas tiek veiktas efekt\u012bvi un lietder\u012bgi.<\/p>\n<h3>Iekr\u0101v\u0113ji<\/h3>\n<p>Front\u0101lajos iekr\u0101v\u0113jos str\u0113les cilindriem ir b\u016btiska loma kravu cel\u0161an\u0101 un izg\u0101\u0161an\u0101. Tie nodro\u0161ina vienm\u0113r\u012bgu darb\u012bbu, veicinot materi\u0101lu apstr\u0101des uzdevumu kop\u0113jo produktivit\u0101ti b\u016bvlaukumos un lauksaimniec\u012bbas objektos.<\/p>\n<h2>Dizaina apsv\u0113rumi un atlases krit\u0113riji<\/h2>\n<h3>Kravnes\u012bba<\/h3>\n<p>Izv\u0113loties str\u0113les cilindru, ir \u013coti svar\u012bgi izprast t\u0101 kravnes\u012bbu. Kravnes\u012bba nosaka, cik lielu svaru cilindrs var dro\u0161i iztur\u0113t. \u0160\u012bs robe\u017eas p\u0101rsnieg\u0161ana var izrais\u012bt iek\u0101rtu boj\u0101jumus vai dro\u0161\u012bbas apdraud\u0113jumus. T\u0101p\u0113c ir svar\u012bgi izv\u0113l\u0113ties cilindru, kas atbilst nepiecie\u0161amaj\u0101m specifik\u0101cij\u0101m ma\u0161\u012bn\u0101m, kur\u0101s tas tiks uzst\u0101d\u012bts. Ra\u017eot\u0101ji bie\u017ei sniedz detaliz\u0113tas kravnes\u012bbas diagrammas, lai pal\u012bdz\u0113tu pie\u0146emt pamatotus l\u0113mumus.<\/p>\n<h3>Bl\u012bv\u0113juma integrit\u0101te<\/h3>\n<p>Hidraulisko cilindru konstrukcij\u0101 herm\u0113tiskums ir \u0101rk\u0101rt\u012bgi svar\u012bgs. Cilindram j\u0101b\u016bt apr\u012bkotam ar efekt\u012bviem bl\u012bv\u0113jumiem, lai nov\u0113rstu hidraulisk\u0101 \u0161\u0137idruma nopl\u016bdi, kas var izrais\u012bt veiktsp\u0113jas probl\u0113mas un samazin\u0101t efektivit\u0101ti. Ir svar\u012bgi izmantot augstas kvalit\u0101tes bl\u012bv\u0113jumus, piem\u0113ram, virzu\u013ca un stie\u0146a bl\u012bv\u0113jumus, kas izgatavoti no iztur\u012bgiem materi\u0101liem, piem\u0113ram, poliuret\u0101na vai nitrila gumijas. \u0160ie materi\u0101li nodro\u0161ina izcilu nodilumiztur\u012bbu un ilgsto\u0161u darb\u012bbu da\u017e\u0101dos ekspluat\u0101cijas apst\u0101k\u013cos.<\/p>\n<h3>Iztur\u012bba<\/h3>\n<p>Str\u0113les cilindra iztur\u012bbu ietekm\u0113 t\u0101 konstrukcij\u0101 izmantotie materi\u0101li un ra\u017eo\u0161anas procesu kvalit\u0101te. Izv\u0113loties cilindrus, kas izgatavoti no augstas iztur\u012bbas materi\u0101liem, tiek nodro\u0161in\u0101ts, ka tie var iztur\u0113t lielas slodzes pielietojumu. Turkl\u0101t t\u0101das \u012bpa\u0161\u012bbas k\u0101 iztur\u012bba pret koroziju un nodilumiztur\u012bgi p\u0101rkl\u0101jumi var iev\u0113rojami pagarin\u0101t cilindra kalpo\u0161anas laiku, samazinot nomai\u0146as bie\u017eumu.<\/p>\n<h3>Dro\u0161\u012bbas funkcijas<\/h3>\n<p>Izv\u0113loties hidraulisko cilindru, nekad nedr\u012bkst aizmirst par dro\u0161\u012bbas apsv\u0113rumiem. Cilindriem j\u0101b\u016bt konstru\u0113tiem ar dro\u0161\u012bbas funkcij\u0101m, kas nov\u0113r\u0161 p\u0101rstiep\u0161anos un nodro\u0161ina av\u0101rijas aptur\u0113\u0161anas iesp\u0113jas. Dro\u0161\u012bbas v\u0101rstu un spiediena samazin\u0101\u0161anas meh\u0101nismu iek\u013cau\u0161ana uzlabo hidraulisk\u0101s sist\u0113mas visp\u0101r\u0113jo uzticam\u012bbu un dro\u0161\u012bbu, aizsarg\u0101jot gan operatoru, gan apr\u012bkojumu.<\/p>\n<h3>Apkope un izmantojam\u012bba<\/h3>\n<p>V\u0113l viens b\u016btisks faktors, kas j\u0101\u0146em v\u0113r\u0101, izv\u0113loties str\u0113les cilindru, ir apkopes vienk\u0101r\u0161\u012bba. Labi izstr\u0101d\u0101tam cilindram j\u0101nodro\u0161ina \u0113rta piek\u013cuve kritiski svar\u012bg\u0101m sast\u0101vda\u013c\u0101m p\u0101rbaudei, e\u013c\u013co\u0161anai un remontam. Ra\u017eot\u0101ji, kas savus produktus izstr\u0101d\u0101, \u0146emot v\u0113r\u0101 to \u0113rtu apkalpo\u0161anu, samazina d\u012bkst\u0101ves laiku un apkopes izmaksas, galu gal\u0101 dodot labumu operatoram.<\/p>\n<p><img decoding=\"async\" src=\"https:\/\/www.hydraulic-cylinders.net\/wp-content\/uploads\/2025\/04\/songte-oil-pipes-and-spare-parts.webp\" alt=\"Hidraulisk\u0101s da\u013cas\" \/><\/p>\n<h2>Bl\u012bv\u0113\u0161ana un e\u013c\u013co\u0161ana<\/h2>\n<p>Efekt\u012bva bl\u012bv\u0113\u0161ana un e\u013c\u013co\u0161ana ir \u013coti svar\u012bga hidraulisko cilindru optim\u0101lai darb\u012bbai. Lai nodro\u0161in\u0101tu cie\u0161u piegul\u0161anu un nov\u0113rstu hidraulisk\u0101 \u0161\u0137idruma nopl\u016bdes, j\u0101izmanto da\u017e\u0101di bl\u012bv\u0113\u0161anas komponenti, tostarp virzu\u013ca bl\u012bv\u0113jumi un stie\u0146a bl\u012bv\u0113jumi. \u0160ie bl\u012bv\u0113jumi bie\u017ei tiek izgatavoti no nodilumiztur\u012bgiem materi\u0101liem, piem\u0113ram, poliuret\u0101na un nitrila gumijas, kas nodro\u0161ina izcilu iztur\u012bbu.<\/p>\n<p>The cylinder body and threads should be carefully processed to enhance wear-resistant properties, ensuring longevity. Additionally, regular lubrication with hydraulic oil is essential to reduce friction and wear on moving parts, prolonging the cylinder&#8217;s lifespan. Maintaining the proper hydraulic oil level and quality is vital for efficient operation.<\/p>\n<h2>Prevent\u012bvie apkopes pas\u0101kumi<\/h2>\n<ul>\n<li><strong>Regul\u0101ras p\u0101rbaudes:<\/strong> Veiciet regul\u0101ras p\u0101rbaudes, lai identific\u0113tu jebk\u0101das nodiluma, nopl\u016bdes vai boj\u0101jumu paz\u012bmes. Agr\u012bna atkl\u0101\u0161ana var nov\u0113rst nopietn\u0101kas probl\u0113mas un d\u0101rgus remontdarbus.<\/li>\n<li><strong>Piem\u0113rota e\u013c\u013co\u0161ana:<\/strong> P\u0101rliecinieties, ka visas kust\u012bg\u0101s da\u013cas ir pien\u0101c\u012bgi iee\u013c\u013cotas ar pareiz\u0101 veida hidraulisko e\u013c\u013cu, lai samazin\u0101tu berzi un nodilumu.<\/li>\n<li><strong>Bl\u012bv\u0113juma nomai\u0146a:<\/strong> Periodiski p\u0101rbaudiet bl\u012bv\u0113jumu nodilumu un nomainiet tos, ja nepiecie\u0161ams, lai saglab\u0101tu hidraulisk\u0101s sist\u0113mas integrit\u0101ti.<\/li>\n<\/ul>\n<h2>Uzst\u0101d\u012b\u0161anas vadl\u012bnijas<\/h2>\n<p>Str\u0113les cilindra uzst\u0101d\u012b\u0161ana prasa r\u016bp\u012bgu uzman\u012bbu deta\u013c\u0101m, lai nodro\u0161in\u0101tu optim\u0101lu veiktsp\u0113ju. Vispirms p\u0101rbaudiet, vai cilindrs atbilst ekskavatora mode\u013ca specifik\u0101cij\u0101m. Pareiza izl\u012bdzin\u0101\u0161ana uzst\u0101d\u012b\u0161anas laik\u0101 ir kritiski svar\u012bga; nepareiza izl\u012bdzin\u0101\u0161ana var izrais\u012bt priek\u0161laic\u012bgu nodilumu un boj\u0101jumus.<\/p>\n<p>Use appropriate mounting brackets to secure the cylinder firmly in place. The hydraulic connections must be properly tightened to prevent leaks, and the hydraulic system should be purged of air to ensure smooth operation. Following the manufacturer&#8217;s installation instructions will help achieve the best results and enhance the cylinder&#8217;s performance.<\/p>\n<h2>Bie\u017ei sastopamie apkopes uzdevumi<\/h2>\n<h3>Regul\u0101ras p\u0101rbaudes<\/h3>\n<p>Regul\u0101ras str\u0113les cilindra p\u0101rbaudes ir b\u016btiskas, lai identific\u0113tu iesp\u0113jam\u0101s probl\u0113mas, pirms t\u0101s saasin\u0101s. P\u0101rbaudiet, vai nav nopl\u016b\u017eu, nodiluma paz\u012bmju, k\u0101 ar\u012b bl\u012bv\u0113jumu un hidraulisko savienojumu st\u0101vokli. Regul\u0101ras p\u0101rbaudes var ietaup\u012bt laiku un izmaksas, kas saist\u012btas ar negaid\u012btiem boj\u0101jumiem.<\/p>\n<h3>Pareiza e\u013c\u013co\u0161ana<\/h3>\n<p>Lubrication plays a vital role in maintaining the functionality of hydraulic cylinders. Ensure that hydraulic fluid levels are sufficient and appropriate for the operating conditions. Inadequate lubrication can lead to increased friction and wear, reducing the cylinder&#8217;s lifespan.<\/p>\n<h3>Bl\u012bv\u0113juma nomai\u0146a<\/h3>\n<p>Seals should be replaced regularly to prevent hydraulic fluid leaks and maintain performance. A worn seal can severely impact the efficiency of the hydraulic system. Follow the manufacturer&#8217;s guidelines for seal replacement intervals to ensure optimal performance.<\/p>\n<p><img decoding=\"async\" src=\"https:\/\/www.hydraulic-cylinders.net\/wp-content\/uploads\/2025\/04\/songte-chushion-collar.webp\" alt=\"Spilvenu apkakle\" \/><\/p>\n<h2>Dro\u0161\u012bbas apsv\u0113rumi un vides faktori<\/h2>\n<p>Izmantojot hidrauliskos cilindrus, dro\u0161\u012bbas pas\u0101kumi ir \u0101rk\u0101rt\u012bgi svar\u012bgi. Operatoriem j\u0101sa\u0146em atbilsto\u0161a apm\u0101c\u012bba par hidraulisko sist\u0113mu ekspluat\u0101ciju un apkopi. Turkl\u0101t dro\u0161\u012bbas protokolu iev\u0113ro\u0161ana var samazin\u0101t riskus, kas saist\u012bti ar hidraulisk\u0101 \u0161\u0137idruma nopl\u016bd\u0113m, kas var rad\u012bt draudus videi. Regul\u0101ru apkopes p\u0101rbau\u017eu ievie\u0161ana nodro\u0161ina visu komponentu pareizu darb\u012bbu, samazinot negad\u012bjumu iesp\u0113jam\u012bbu.<\/p>\n<h2>Bie\u017ei sastopamo probl\u0113mu nov\u0113r\u0161ana<\/h2>\n<ul>\n<li><strong>Nopl\u016bde:<\/strong> Ja no cilindra nopl\u016bst hidrauliskais \u0161\u0137idrums, p\u0101rbaudiet, vai nav nodilu\u0161as bl\u012bves vai va\u013c\u012bgi savienojumi. Nomainiet bl\u012bves p\u0113c nepiecie\u0161am\u012bbas un p\u0101rliecinieties, vai visi savienojumi ir dro\u0161i.<\/li>\n<li><strong>Slikta veiktsp\u0113ja:<\/strong> Ja cilindrs nerea\u0123\u0113, k\u0101 paredz\u0113ts, p\u0101rbaudiet hidraulisk\u0101 \u0161\u0137idruma l\u012bmeni un kvalit\u0101ti. Zems vai pies\u0101r\u0146ots \u0161\u0137idrums var trauc\u0113t darb\u012bbu.<\/li>\n<li><strong>Neparastas ska\u0146as:<\/strong> Ja darb\u012bbas laik\u0101 rodas neparastas ska\u0146as, tas var liecin\u0101t par iek\u0161\u0113jiem boj\u0101jumiem vai nepietiekamu e\u013c\u013co\u0161anu. Lai nov\u0113rstu turpm\u0101kus boj\u0101jumus, nepiecie\u0161ama t\u016bl\u012bt\u0113ja p\u0101rbaude.<\/li>\n<\/ul>\n<p>Prevent\u012bvu pas\u0101kumu ievie\u0161ana un regul\u0101ra apkope var iev\u0113rojami samazin\u0101t bie\u017ei sastopamu probl\u0113mu risku.<\/p>\n<p><img decoding=\"async\" src=\"https:\/\/www.hydraulic-cylinders.net\/wp-content\/uploads\/2025\/04\/songte-bushings-with-all-kinds-of-excavator-models.webp\" alt=\"Bukses\" \/><\/p>\n<h2>Uz\u0146\u0113muma p\u0101rskats<\/h2>\n<p>M\u0113s esam vado\u0161ais rezerves hidraulisko cilindru ra\u017eot\u0101js un vairumtirdzniec\u012bbas izplat\u012bt\u0101js ar pla\u0161u produktu kl\u0101stu, kas m\u016bs pozicion\u0113 k\u0101 vado\u0161o sp\u0113l\u0113t\u0101ju gan viet\u0113j\u0101, gan starptautiskaj\u0101 tirg\u016b. M\u016bsu ap\u0146em\u0161an\u0101s sasniegt izcil\u012bbu atspogu\u013cojas m\u016bsu r\u016bp\u012bgajos ra\u017eo\u0161anas procesos un augstajos kvalit\u0101tes standartos. M\u0113s izmantojam progres\u012bvas tehnolo\u0123ijas, prasm\u012bgu person\u0101lu un stingras test\u0113\u0161anas sist\u0113mas, lai nep\u0101rtraukti uzlabotu savas ra\u017eo\u0161anas iesp\u0113jas.<\/p>\n<p>M\u016bsu ap\u0146em\u0161an\u0101s nodro\u0161in\u0101t klientu apmierin\u0101t\u012bbu ir redzama m\u016bsu piel\u0101gojamajos risin\u0101jumos, starptautiskajos sertifik\u0101tos un izcilaj\u0101 p\u0113cp\u0101rdo\u0161anas apkalpo\u0161an\u0101. M\u016bsu modern\u0101kais ra\u017eo\u0161anas apr\u012bkojums \u013cauj mums ra\u017eot cilindrus ar precizit\u0101ti un efektivit\u0101ti, apmierinot da\u017e\u0101das klientu vajadz\u012bbas ar augstu veiktsp\u0113ju un uzticam\u012bbu.<\/p>\n<p><img decoding=\"async\" src=\"https:\/\/www.hydraulic-cylinders.net\/wp-content\/uploads\/2025\/04\/songte-company-4.webp\" alt=\"Uz\u0146\u0113muma telpas\" \/><br \/>\n<img decoding=\"async\" src=\"https:\/\/www.hydraulic-cylinders.net\/wp-content\/uploads\/2025\/04\/songte-company-3.webp\" alt=\"Ra\u017eo\u0161anas iek\u0101rtas\" \/><\/p>\n<p>Autors: lil<\/p>","protected":false},"excerpt":{"rendered":"<p>Boom Cylinder For Doosan Large Excavator DX300LC Product Overview The Boom Cylinder for Doosan Large Excavator DX300LC is an essential hydraulic component designed to ensure the proper functioning of excavators. This hydraulic cylinder plays a crucial role in controlling the movement of the boom, allowing operators to lift, lower, and tilt the excavator&#8217;s arm with [&hellip;]<\/p>","protected":false},"featured_media":17873,"comment_status":"open","ping_status":"closed","template":"","meta":{"_et_pb_use_builder":"","_et_pb_old_content":"","_et_gb_content_width":""},"product_brand":[],"product_cat":[1546],"product_tag":[1547,1496],"class_list":{"0":"post-19006","1":"product","2":"type-product","3":"status-publish","4":"has-post-thumbnail","6":"product_cat-boom-cylinders","7":"product_tag-boom-cylinders","8":"product_tag-hydraulic-cylinders","10":"first","11":"instock","12":"shipping-taxable","13":"product-type-simple"},"amp_enabled":true,"_links":{"self":[{"href":"https:\/\/www.hydraulic-cylinders.net\/lv\/wp-json\/wp\/v2\/product\/19006","targetHints":{"allow":["GET"]}}],"collection":[{"href":"https:\/\/www.hydraulic-cylinders.net\/lv\/wp-json\/wp\/v2\/product"}],"about":[{"href":"https:\/\/www.hydraulic-cylinders.net\/lv\/wp-json\/wp\/v2\/types\/product"}],"replies":[{"embeddable":true,"href":"https:\/\/www.hydraulic-cylinders.net\/lv\/wp-json\/wp\/v2\/comments?post=19006"}],"wp:featuredmedia":[{"embeddable":true,"href":"https:\/\/www.hydraulic-cylinders.net\/lv\/wp-json\/wp\/v2\/media\/17873"}],"wp:attachment":[{"href":"https:\/\/www.hydraulic-cylinders.net\/lv\/wp-json\/wp\/v2\/media?parent=19006"}],"wp:term":[{"taxonomy":"product_brand","embeddable":true,"href":"https:\/\/www.hydraulic-cylinders.net\/lv\/wp-json\/wp\/v2\/product_brand?post=19006"},{"taxonomy":"product_cat","embeddable":true,"href":"https:\/\/www.hydraulic-cylinders.net\/lv\/wp-json\/wp\/v2\/product_cat?post=19006"},{"taxonomy":"product_tag","embeddable":true,"href":"https:\/\/www.hydraulic-cylinders.net\/lv\/wp-json\/wp\/v2\/product_tag?post=19006"}],"curies":[{"name":"wp","href":"https:\/\/api.w.org\/{rel}","templated":true}]}}