{"id":19008,"date":"2025-04-07T06:06:52","date_gmt":"2025-04-07T06:06:52","guid":{"rendered":"https:\/\/www.hydraulic-cylinders.net\/product\/boom-cylinder-for-doosan-large-excavator-dh300-5\/"},"modified":"2025-04-07T06:06:54","modified_gmt":"2025-04-07T06:06:54","slug":"boom-cylinder-for-doosan-large-excavator-dh300-5","status":"publish","type":"product","link":"https:\/\/www.hydraulic-cylinders.net\/lv\/products\/boom-cylinder-for-doosan-large-excavator-dh300-5\/","title":{"rendered":"Doosan liel\u0101 ekskavatora DH300-5 str\u0113les cilindrs"},"content":{"rendered":"<h1>Doosan liel\u0101 ekskavatora DH300-5 str\u0113les cilindrs<\/h1>\n<h2>Produkta p\u0101rskats<\/h2>\n<p>Doosan liel\u0101 ekskavatora DH300-5 str\u0113les cilindrs ir kritiski svar\u012bga sast\u0101vda\u013ca, kas paredz\u0113ta, lai kontrol\u0113tu str\u0113les kust\u012bbu smagaj\u0101 ma\u0161\u012bn\u0101. \u0160is hidrauliskais cilindrs atvieglo ekskavatora str\u0113les pacel\u0161anu, nolai\u0161anu un noliek\u0161anu, nodro\u0161inot efekt\u012bvus materi\u0101lu apstr\u0101des uzdevumus. Tam ir iz\u0161\u0137iro\u0161a loma hidrauliskaj\u0101s sist\u0113m\u0101s, nodro\u0161inot nepiecie\u0161amo sp\u0113ku, lai dro\u0161i un efekt\u012bvi veiktu da\u017e\u0101das darb\u012bbas.<\/p>\n<p><img decoding=\"async\" src=\"https:\/\/www.hydraulic-cylinders.net\/wp-content\/uploads\/2025\/04\/songte-company-1.webp\" alt=\"Str\u0113les cilindrs\" \/><\/p>\n<h3>Izpratne par kausa cilindru<\/h3>\n<p>Kausa cilindrs ir hidraulisk\u0101 cilindra veids, kas \u012bpa\u0161i paredz\u0113ts kausu kust\u012bbas vad\u012bbai da\u017e\u0101d\u0101s smagaj\u0101s ma\u0161\u012bn\u0101s, piem\u0113ram, ekskavatoros, ekskavatoros-iekr\u0101v\u0113jos un front\u0101lajos iekr\u0101v\u0113jos. \u0160ie cilindri \u013cauj kausam veikt b\u016btiskas funkcijas, tostarp rak\u0161anu, cel\u0161anu un noliek\u0161anu, padarot tos neaizst\u0101jamus b\u016bvniec\u012bbas un lauksaimniec\u012bbas darbos. To funkcionalit\u0101te galvenok\u0101rt ir atkar\u012bga no hidraulisk\u0101 spiediena, kas nodro\u0161ina vienm\u0113r\u012bgu un jaud\u012bgu darb\u012bbu pat pie liel\u0101m slodz\u0113m.<\/p>\n<h2>Str\u0113les cilindra \u012bpa\u0161\u012bbas<\/h2>\n<ul>\n<li><strong>Augsta iztur\u012bba un ilgm\u016b\u017e\u012bba:<\/strong> \u0160ie cilindri, kas izgatavoti no augstas stipr\u012bbas t\u0113rauda vai alum\u012bnija, var iztur\u0113t augstu spiedienu un lielas slodzes, darbojoties skarbos apst\u0101k\u013cos. To konstrukcija ietver nodilumiztur\u012bbu un iztur\u012bbu pret koroziju, iev\u0113rojami pagarinot to kalpo\u0161anas laiku.<\/li>\n<li><strong>Efekt\u012bva hidraulisk\u0101 darb\u012bba:<\/strong> Hidraulisk\u0101s e\u013c\u013cas spiediena izmanto\u0161ana nodro\u0161ina vienm\u0113r\u012bgu izstiep\u0161anu un ievilk\u0161anu. Cilindri \u0101tri rea\u0123\u0113 uz vad\u012bbas komand\u0101m, nodro\u0161inot jaud\u012bgu stum\u0161anas un vilk\u0161anas sp\u0113ku, kas piem\u0113rots smagiem un sare\u017e\u0123\u012btiem uzdevumiem.<\/li>\n<li><strong>Da\u017e\u0101di veidi:<\/strong> Atkar\u012bb\u0101 no ekspluat\u0101cijas vajadz\u012bb\u0101m lietot\u0101ji var izv\u0113l\u0113ties starp vienas darb\u012bbas (izmanto hidraulisko sp\u0113ku vien\u0101 virzien\u0101) vai divk\u0101r\u0161as darb\u012bbas (izmanto hidraulisko sp\u0113ku abos virzienos) cilindriem. Da\u017ei mode\u013ci pied\u0101v\u0101 teleskopiskas konstrukcijas, kas nodro\u0161ina liel\u0101ku pagarin\u0101jumu, nepalielinot \u0101r\u0113jos izm\u0113rus, kas ir ide\u0101li piem\u0113rots lietojumiem ar ierobe\u017eotu vietu.<\/li>\n<\/ul>\n<h3>Ra\u017eo\u0161anas jauda<\/h3>\n<p>M\u0113s specializ\u0113jamies \u0161\u012b produkta ra\u017eo\u0161an\u0101, un m\u016bsu cilindri ir izstr\u0101d\u0101ti, lai perfekti aizst\u0101tu eso\u0161os hidrauliskos cilindrus tirg\u016b.<\/p>\n<p><img decoding=\"async\" src=\"https:\/\/www.hydraulic-cylinders.net\/wp-content\/uploads\/2025\/04\/songte-cylinder-head-with-all-kinds-excavator-models.webp\" alt=\"Ekskavatoru mode\u013ci\" \/><\/p>\n<h2>Str\u0113les cilindra pielietojumi<\/h2>\n<ul>\n<li><strong>Celtniec\u012bbas apr\u012bkojums:<\/strong> Ekskavatoros str\u0113les cilindri ir \u013coti svar\u012bgi rak\u0161anai, iekrau\u0161anai un augsnes vai gru\u017eu p\u0101rvieto\u0161anai. Tie ir svar\u012bgi gan rak\u0161anas, gan cel\u0161anas darbos, ko veic ekskavatori-iekr\u0101v\u0113ji.<\/li>\n<li><strong>Lauksaimniec\u012bbas tehnika:<\/strong> \u0160ie cilindri, ko izmanto front\u0101lajos iekr\u0101v\u0113jos, atvieglo augsnes, siena un citu materi\u0101lu sav\u0101k\u0161anu, cel\u0161anu un transport\u0113\u0161anu, t\u0101d\u0113j\u0101di uzlabojot lauksaimniec\u012bbas efektivit\u0101ti.<\/li>\n<li><strong>Ekskavatori:<\/strong> Str\u0113les cilindrs \u013cauj kausam efekt\u012bvi iek\u013c\u016bt augsn\u0113, padarot to par b\u016btisku rak\u0161anas darbiem.<\/li>\n<li><strong>Iekr\u0101v\u0113ji:<\/strong> Front\u0101lajos iekr\u0101v\u0113jos tie pal\u012bdz efekt\u012bvi pacelt un izkraut kravas, optimiz\u0113jot darb\u012bbas produktivit\u0101ti.<\/li>\n<\/ul>\n<h2>Dizaina apsv\u0113rumi un atlases krit\u0113riji<\/h2>\n<h3>Kravnes\u012bba<\/h3>\n<p>Hidraulisk\u0101 cilindra kravnes\u012bba ir b\u016btisks projekt\u0113\u0161anas apsv\u0113rums. Tam j\u0101sp\u0113j iztur\u0113t pace\u013camo un manipul\u0113jamo kravu svaru. Tas ietver cilindra urbuma izm\u0113ra, stie\u0146a izm\u0113ra un kop\u0113j\u0101s iztur\u012bbas nov\u0113rt\u0113\u0161anu, lai nodro\u0161in\u0101tu, ka tas atbilst vai p\u0101rsniedz apkalpoto iek\u0101rtu pras\u012bbas.<\/p>\n<h3>Bl\u012bv\u0113juma veiktsp\u0113ja<\/h3>\n<p>Bl\u012bv\u0113jums ir kritiski svar\u012bgs hidraulisko cilindru funkcionalit\u0101tei. Pareizs bl\u012bv\u0113jums nov\u0113r\u0161 hidraulisk\u0101 \u0161\u0137idruma nopl\u016bdi, kas var apdraud\u0113t veiktsp\u0113ju un dro\u0161\u012bbu. Bl\u012bv\u0113\u0161anas materi\u0101lu, piem\u0113ram, poliuret\u0101na vai nitrila gumijas, izv\u0113lei un bl\u012bv\u0113jumu konstrukcijai j\u0101\u0146em v\u0113r\u0101 ekspluat\u0101cijas apst\u0101k\u013ci, lai nodro\u0161in\u0101tu ilgm\u016b\u017e\u012bbu un uzticam\u012bbu.<\/p>\n<h3>Iztur\u012bba<\/h3>\n<p>Iztur\u012bba ir \u0101rk\u0101rt\u012bgi svar\u012bga hidraulisko cilindru konstrukcij\u0101. Izmantotajiem materi\u0101liem j\u0101iztur nodilums, korozija un nogurums, kas saist\u012bts ar intens\u012bvu darb\u012bbu sare\u017e\u0123\u012btos apst\u0101k\u013cos. Regul\u0101ra apkope un materi\u0101lu kvalit\u0101te ir b\u016btiska cilindra kalpo\u0161anas laika pagarin\u0101\u0161an\u0101.<\/p>\n<h3>Dro\u0161\u012bbas funkcijas<\/h3>\n<p>Dro\u0161\u012bbas apsv\u0113rumi hidraulisko cilindru konstrukcij\u0101 ietver spiediena samazin\u0101\u0161anas v\u0101rstu iek\u013cau\u0161anu un to, ka cilindri sp\u0113j iztur\u0113t negaid\u012btus spiediena l\u0113cienus. \u0160\u012bs funkcijas ir b\u016btiskas, lai nov\u0113rstu negad\u012bjumus un iek\u0101rtu boj\u0101jumus darb\u012bbas laik\u0101.<\/p>\n<h3>Uzturam\u012bba<\/h3>\n<p>Apkopes nodro\u0161in\u0101\u0161anas projekt\u0113\u0161ana ietver t\u0101du hidraulisko cilindru izveidi, kurus ir viegli p\u0101rbaud\u012bt, remont\u0113t un nomain\u012bt. Tas ietver piek\u013cuves atvieglo\u0161anu kritiski svar\u012bg\u0101m sast\u0101vda\u013c\u0101m un rezerves da\u013cu pieejam\u012bbas nodro\u0161in\u0101\u0161anu, samazinot d\u012bkst\u0101ves laiku apkopes laik\u0101.<\/p>\n<p><img decoding=\"async\" src=\"https:\/\/www.hydraulic-cylinders.net\/wp-content\/uploads\/2025\/04\/songte-oil-pipes-and-spare-parts.webp\" alt=\"Hidraulisk\u0101s da\u013cas\" \/><\/p>\n<h2>Bl\u012bv\u0113\u0161ana un e\u013c\u013co\u0161ana<\/h2>\n<p>Hidrauliskajos cilindros tiek izmantoti da\u017e\u0101di bl\u012bv\u0113\u0161anas komponenti, tostarp virzu\u013ca bl\u012bv\u0113jumi un stie\u0146a bl\u012bv\u0113jumi, kas ir svar\u012bgi spiediena uztur\u0113\u0161anai un nopl\u016b\u017eu nov\u0113r\u0161anai. Bl\u012bv\u0113jumi, kas izgatavoti no iztur\u012bgiem materi\u0101liem, piem\u0113ram, poliuret\u0101na un nitrila gumijas, parasti tiek izmantoti to nodilumiztur\u012bgo \u012bpa\u0161\u012bbu d\u0113\u013c. Cilindra korpuss un v\u012bt\u0146otie gali ir smalki apstr\u0101d\u0101ti, lai uzlabotu nodilumiztur\u012bbu. Lai nodro\u0161in\u0101tu vienm\u0113r\u012bgu darb\u012bbu un nov\u0113rstu berzes rad\u012btus boj\u0101jumus, ir nepiecie\u0161ama regul\u0101ra e\u013c\u013co\u0161ana ar atbilsto\u0161u hidraulisko e\u013c\u013cu.<\/p>\n<h2>Regul\u0101ras p\u0101rbaudes un profilaktisk\u0101 apkope<\/h2>\n<ul>\n<li><strong>Regul\u0101ras p\u0101rbaudes:<\/strong> Regul\u0101ras hidraulisko cilindru p\u0101rbaudes pal\u012bdz laikus identific\u0113t iesp\u0113jam\u0101s probl\u0113mas. Mekl\u0113jiet nopl\u016bdes, korozijas un nodiluma paz\u012bmes, kas var nor\u0101d\u012bt uz nepiecie\u0161am\u012bbu p\u0113c t\u016bl\u012bt\u0113ja remonta.<\/li>\n<li><strong>Prevent\u012bv\u0101 apkope:<\/strong> Ievie\u0161ot prevent\u012bv\u0101s apkopes programmu, tiek nodro\u0161in\u0101ts, ka visas kust\u012bg\u0101s da\u013cas tiek pien\u0101c\u012bgi iee\u013c\u013cotas un bl\u012bves tiek nomain\u012btas p\u0113c nepiecie\u0161am\u012bbas, lai pagarin\u0101tu hidraulisk\u0101 cilindra kalpo\u0161anas laiku.<\/li>\n<li><strong>Savlaic\u012bgi remonti:<\/strong> Jebkuru konstat\u0113to probl\u0113mu savlaic\u012bga risin\u0101\u0161ana nov\u0113r\u0161 nelielu probl\u0113mu p\u0101rv\u0113r\u0161anos nopietn\u0101s k\u013c\u016bm\u0113s, kas var\u0113tu izrais\u012bt d\u0101rgas d\u012bkst\u0101ves un remontu.<\/li>\n<\/ul>\n<h2>Uzst\u0101d\u012b\u0161anas vadl\u012bnijas<\/h2>\n<p>Pareiza str\u0113les cilindra uzst\u0101d\u012b\u0161ana ir \u013coti svar\u012bga optim\u0101lai veiktsp\u0113jai. Vispirms p\u0101rliecinieties, vai visas mont\u0101\u017eas virsmas ir t\u012bras un bez gru\u017eiem. Pareizi izl\u012bdziniet cilindru ar mont\u0101\u017eas punktiem, lai izvair\u012btos no p\u0101rm\u0113r\u012bgas slodzes uz cilindru. Ieteicams izmantot atbilsto\u0161us mont\u0101\u017eas kron\u0161teinus, lai nostiprin\u0101tu cilindru viet\u0101. Hidrauliskaj\u0101m l\u012bnij\u0101m j\u0101b\u016bt savienot\u0101m bez loc\u012bjumiem, un visi savienojumi j\u0101p\u0101rbauda attiec\u012bb\u0101 uz stingr\u012bbu. Visbeidzot, iev\u0113rojiet ra\u017eot\u0101ja specifik\u0101cijas attiec\u012bb\u0101 uz hidraulisk\u0101 \u0161\u0137idruma veidiem un uzpildes l\u012bme\u0146iem, p\u0101rliecinoties, ka pirms darba sist\u0113ma ir atgaisota.<\/p>\n<h2>Bie\u017ei sastopamie apkopes uzdevumi<\/h2>\n<ul>\n<li><strong>Regul\u0101ras p\u0101rbaudes:<\/strong> Regul\u0101ri veiciet p\u0101rbaudes, lai uzraudz\u012btu hidraulisk\u0101 cilindra st\u0101vokli. Mekl\u0113jiet nopl\u016bdes vai nodiluma paz\u012bmes, kas var\u0113tu liecin\u0101t par remonta nepiecie\u0161am\u012bbu.<\/li>\n<li><strong>Pareiza e\u013c\u013co\u0161ana:<\/strong> P\u0101rliecinieties, vai hidrauliskais cilindrs ir pien\u0101c\u012bgi iee\u013c\u013cots. Izmantojiet augstas kvalit\u0101tes hidraulisko e\u013c\u013cu, k\u0101 ieteikts, un regul\u0101ri p\u0101rbaudiet e\u013c\u013cas l\u012bmeni, lai uztur\u0113tu optim\u0101lu veiktsp\u0113ju.<\/li>\n<li><strong>Bl\u012bv\u0113juma nomai\u0146a:<\/strong> Nomainiet bl\u012bves p\u0113c nepiecie\u0161am\u012bbas, lai nov\u0113rstu nopl\u016bdes. P\u0101rbaudiet bl\u012bves p\u0101rbau\u017eu laik\u0101 un nomainiet t\u0101s, ja tiek paman\u012btas jebk\u0101das boj\u0101juma paz\u012bmes.<\/li>\n<\/ul>\n<h2>Dro\u0161\u012bbas apsv\u0113rumi un vides faktori<\/h2>\n<p>Dro\u0161\u012bbas pas\u0101kumu ievie\u0161ana, lietojot hidrauliskos cilindrus, ir \u013coti svar\u012bga, lai nov\u0113rstu negad\u012bjumus un nodro\u0161in\u0101tu operatoru un apkopes person\u0101la dro\u0161\u012bbu. Apkopes laik\u0101 vienm\u0113r iev\u0113rojiet dro\u0161\u012bbas vadl\u012bnijas, piem\u0113ram, lietojiet individu\u0101los aizsardz\u012bbas l\u012bdzek\u013cus un iev\u0113rojiet pareizas apstr\u0101des proced\u016bras. Turkl\u0101t \u0146emiet v\u0113r\u0101 vides faktorus, utiliz\u0113jot hidrauliskos \u0161\u0137idrumus saska\u0146\u0101 ar viet\u0113jiem noteikumiem, lai samazin\u0101tu ietekmi uz vidi.<\/p>\n<h2>K\u013c\u016bmju diagnostika un bie\u017e\u0101k sastopam\u0101s probl\u0113mas<\/h2>\n<ul>\n<li><strong>Nopl\u016bde:<\/strong> Viena no visbie\u017e\u0101k sastopamaj\u0101m probl\u0113m\u0101m ir nopl\u016bde, kas var rasties nolietotu bl\u012bv\u0113jumu vai boj\u0101tu cilindru korpusu d\u0113\u013c. Regul\u0101ras p\u0101rbaudes var pal\u012bdz\u0113t laikus atkl\u0101t un nov\u0113rst nopl\u016bdi.<\/li>\n<li><strong>Samazin\u0101ta veiktsp\u0113ja:<\/strong> Ja cilindrs ne\u0123ener\u0113 pietiekamu jaudu, tas var liecin\u0101t par zemu hidraulisk\u0101 \u0161\u0137idruma l\u012bmeni vai iek\u0161\u0113jiem boj\u0101jumiem. P\u0101rbaudiet \u0161\u0137idruma l\u012bmeni un p\u0101rbaudiet, vai nav iek\u0161\u0113ju probl\u0113mu.<\/li>\n<li><strong>Troksnis:<\/strong> Neparasti trok\u0161\u0146i darb\u012bbas laik\u0101 var liecin\u0101t par gaisu hidrauliskaj\u0101 sist\u0113m\u0101, nepietiekamu e\u013c\u013co\u0161anu vai meh\u0101nisku nodilumu. Nekav\u0113joties noskaidrojiet un nov\u0113rsiet trok\u0161\u0146a avotu.<\/li>\n<\/ul>\n<h2>Probl\u0113mu nov\u0113r\u0161anas padomi<\/h2>\n<p>Lai efekt\u012bvi diagnostic\u0113tu un nov\u0113rstu hidraulisko cilindru probl\u0113mas, vispirms p\u0101rbaudiet visus savienojumus, vai nav nopl\u016b\u017eu, un p\u0101rliecinieties, vai hidraulisk\u0101 \u0161\u0137idruma l\u012bmenis ir atbilsto\u0161s. Ja rodas probl\u0113mas ar veiktsp\u0113ju, p\u0101rbaudiet bl\u012bves un iek\u0161\u0113j\u0101s deta\u013cas, vai t\u0101s nav boj\u0101tas. Ieviesiet prevent\u012bvus pas\u0101kumus, piem\u0113ram, regul\u0101ru apkopi un savlaic\u012bgus remontdarbus, lai samazin\u0101tu iesp\u0113jam\u0101s probl\u0113mas un pagarin\u0101tu hidraulisko cilindru kalpo\u0161anas laiku.<\/p>\n<p><img decoding=\"async\" src=\"https:\/\/www.hydraulic-cylinders.net\/wp-content\/uploads\/2025\/04\/songte-bushings-with-all-kinds-of-excavator-models.webp\" alt=\"Ekskavatora bukses\" \/><\/p>\n<h2>Uz\u0146\u0113muma p\u0101rskats<\/h2>\n<p>M\u0113s esam vado\u0161ais rezerves hidraulisko cilindru ra\u017eot\u0101js, kas pied\u0101v\u0101 pla\u0161u produktu kl\u0101stu, kas apmierina gan viet\u0113jo, gan starptautisko tirgu vajadz\u012bbas. M\u016bsu ap\u0146em\u0161an\u0101s sasniegt izcil\u012bbu ir redzama m\u016bsu r\u016bp\u012bgaj\u0101s ra\u017eo\u0161anas strat\u0113\u0123ij\u0101s un koncentr\u0113\u0161an\u0101s uz kvalit\u0101ti. Izmantojot kvalific\u0113tu person\u0101lu, progres\u012bvas ra\u017eo\u0161anas tehnolo\u0123ijas un stabilas kvalit\u0101tes kontroles sist\u0113mas, m\u0113s nep\u0101rtraukti uzlabojam savas ra\u017eo\u0161anas iesp\u0113jas, lai apmierin\u0101tu da\u017e\u0101das klientu vajadz\u012bbas.<\/p>\n<p><img decoding=\"async\" src=\"https:\/\/www.hydraulic-cylinders.net\/wp-content\/uploads\/2025\/04\/songte-company-4.webp\" alt=\"Uz\u0146\u0113muma p\u0101rskats\" \/><br \/>\n<img decoding=\"async\" src=\"https:\/\/www.hydraulic-cylinders.net\/wp-content\/uploads\/2025\/04\/songte-company-3.webp\" alt=\"Uz\u0146\u0113muma r\u016bpn\u012bca\" \/><\/p>\n<p>M\u016bsu pieredze aptver starptautiskus sertifik\u0101tus, piel\u0101gotus pakalpojumus, modern\u0101k\u0101s ra\u017eo\u0161anas iek\u0101rtas un izcilu p\u0113cp\u0101rdo\u0161anas atbalstu, nodro\u0161inot, ka m\u016bsu klienti sa\u0146em augstas kvalit\u0101tes produktus, kas piel\u0101goti vi\u0146u \u012bpa\u0161aj\u0101m pras\u012bb\u0101m.<\/p>\n<p>Autors: lil<\/p>","protected":false},"excerpt":{"rendered":"<p>Boom Cylinder For Doosan Large Excavator DH300-5 Product Overview The Boom Cylinder for Doosan Large Excavator DH300-5 is a critical component designed to control the movement of the boom in heavy machinery. This hydraulic cylinder facilitates the lifting, lowering, and tilting of the excavator&#8217;s boom, enabling efficient material handling tasks. It plays a pivotal role [&hellip;]<\/p>","protected":false},"featured_media":17875,"comment_status":"open","ping_status":"closed","template":"","meta":{"_et_pb_use_builder":"","_et_pb_old_content":"","_et_gb_content_width":""},"product_brand":[],"product_cat":[1546],"product_tag":[1547,1496],"class_list":{"0":"post-19008","1":"product","2":"type-product","3":"status-publish","4":"has-post-thumbnail","6":"product_cat-boom-cylinders","7":"product_tag-boom-cylinders","8":"product_tag-hydraulic-cylinders","10":"first","11":"instock","12":"shipping-taxable","13":"product-type-simple"},"amp_enabled":true,"_links":{"self":[{"href":"https:\/\/www.hydraulic-cylinders.net\/lv\/wp-json\/wp\/v2\/product\/19008","targetHints":{"allow":["GET"]}}],"collection":[{"href":"https:\/\/www.hydraulic-cylinders.net\/lv\/wp-json\/wp\/v2\/product"}],"about":[{"href":"https:\/\/www.hydraulic-cylinders.net\/lv\/wp-json\/wp\/v2\/types\/product"}],"replies":[{"embeddable":true,"href":"https:\/\/www.hydraulic-cylinders.net\/lv\/wp-json\/wp\/v2\/comments?post=19008"}],"wp:featuredmedia":[{"embeddable":true,"href":"https:\/\/www.hydraulic-cylinders.net\/lv\/wp-json\/wp\/v2\/media\/17875"}],"wp:attachment":[{"href":"https:\/\/www.hydraulic-cylinders.net\/lv\/wp-json\/wp\/v2\/media?parent=19008"}],"wp:term":[{"taxonomy":"product_brand","embeddable":true,"href":"https:\/\/www.hydraulic-cylinders.net\/lv\/wp-json\/wp\/v2\/product_brand?post=19008"},{"taxonomy":"product_cat","embeddable":true,"href":"https:\/\/www.hydraulic-cylinders.net\/lv\/wp-json\/wp\/v2\/product_cat?post=19008"},{"taxonomy":"product_tag","embeddable":true,"href":"https:\/\/www.hydraulic-cylinders.net\/lv\/wp-json\/wp\/v2\/product_tag?post=19008"}],"curies":[{"name":"wp","href":"https:\/\/api.w.org\/{rel}","templated":true}]}}