{"id":19009,"date":"2025-04-07T06:06:54","date_gmt":"2025-04-07T06:06:54","guid":{"rendered":"https:\/\/www.hydraulic-cylinders.net\/product\/boom-cylinder-for-doosan-large-excavator-dh330-3\/"},"modified":"2025-04-07T06:06:57","modified_gmt":"2025-04-07T06:06:57","slug":"boom-cylinder-for-doosan-large-excavator-dh330-3","status":"publish","type":"product","link":"https:\/\/www.hydraulic-cylinders.net\/lv\/products\/boom-cylinder-for-doosan-large-excavator-dh330-3\/","title":{"rendered":"Doosan liel\u0101 ekskavatora DH330-3 str\u0113les cilindrs"},"content":{"rendered":"<h1>Doosan liel\u0101 ekskavatora DH330-3 str\u0113les cilindrs<\/h1>\n<h2>Kausa cilindra p\u0101rskats<\/h2>\n<p>Doosan liel\u0101 ekskavatora DH330-3 str\u0113les cilindrs ir kritiski svar\u012bga smago ma\u0161\u012bnu hidraulisk\u0101s sist\u0113mas sast\u0101vda\u013ca. \u0160is hidrauliskais cilindrs ir \u012bpa\u0161i izstr\u0101d\u0101ts, lai kontrol\u0113tu kausa kust\u012bbu da\u017e\u0101d\u0101s smagaj\u0101s iek\u0101rt\u0101s, piem\u0113ram, ekskavatoros, iekr\u0101v\u0113jos ar ekskavatoru un front\u0101lajos iekr\u0101v\u0113jos. Tas atvieglo kausa pacel\u0161anu, nolai\u0161anu un noliek\u0161anu, padarot to par b\u016btisku efekt\u012bviem materi\u0101lu apstr\u0101des uzdevumiem.<\/p>\n<p>Izmantojot hidraulisko spiedienu, str\u0113les cilindrs nodro\u0161ina vienm\u0113r\u012bgas un prec\u012bzas kausa kust\u012bbas, \u013caujot operatoriem viegli veikt sare\u017e\u0123\u012btus uzdevumus. Tas ir \u013coti svar\u012bgi lietojumos, kur nepiecie\u0161ama smaga cel\u0161ana, nodro\u0161inot nepiecie\u0161amo sp\u0113ku, lai manipul\u0113tu ar lieliem materi\u0101lu apjomiem, piem\u0113ram, augsni, granti un gru\u017eiem. \u0160\u012b hidraulisk\u0101 cilindra dizains un funkcionalit\u0101te b\u016btiski ietekm\u0113 to ma\u0161\u012bnu kop\u0113jo veiktsp\u0113ju un produktivit\u0101ti, kur\u0101s tas ir uzst\u0101d\u012bts.<\/p>\n<p><img decoding=\"async\" src=\"https:\/\/www.hydraulic-cylinders.net\/wp-content\/uploads\/2025\/04\/songte-company-1.webp\" alt=\"Ekskavatora str\u0113les cilindrs\" \/><\/p>\n<h2>Str\u0113les cilindra \u012bpa\u0161\u012bbas<\/h2>\n<ul>\n<li>\n<h3>Augsta iztur\u012bba un ilgm\u016b\u017e\u012bba<\/h3>\n<p>M\u016bsu str\u0113les cilindrs, kas izgatavots no augstas stipr\u012bbas t\u0113rauda vai alum\u012bnija, sp\u0113j iztur\u0113t augstu spiedienu un lielas slodzes, padarot to piem\u0113rotu skarbiem darba apst\u0101k\u013ciem. T\u0101 konstrukcij\u0101 uzsv\u0113rta nodilumiztur\u012bba un aizsardz\u012bba pret koroziju, iev\u0113rojami pagarinot t\u0101 kalpo\u0161anas laiku.<\/p>\n<\/li>\n<li>\n<h3>Efekt\u012bva hidraulisk\u0101 darb\u012bba<\/h3>\n<p>Cilindrs darbojas vienm\u0113r\u012bgi, pateicoties hidraulisk\u0101s e\u013c\u013cas spiedienam, \u013caujot \u0101tri rea\u0123\u0113t uz vad\u012bbas komand\u0101m. \u0160\u012b efektivit\u0101te nodro\u0161ina sp\u0113c\u012bgu vilk\u0161anas un stum\u0161anas sp\u0113ku, kas ir ide\u0101li piem\u0113rots smagu priek\u0161metu apstr\u0101dei un sare\u017e\u0123\u012btu uzdevumu veik\u0161anai.<\/p>\n<\/li>\n<li>\n<h3>Daudzpus\u012bgi veidi<\/h3>\n<p>Atkar\u012bb\u0101 no ekspluat\u0101cijas vajadz\u012bb\u0101m ir pieejamas vienas darb\u012bbas (hidrauliska darb\u012bba vien\u0101 virzien\u0101) vai divk\u0101r\u0161as darb\u012bbas (hidrauliska darb\u012bba abos virzienos) cilindri. Da\u017ei mode\u013ci ir teleskopiski, kas nodro\u0161ina liel\u0101ku pagarin\u0101jumu, nepalielinot \u0101r\u0113jos izm\u0113rus, kas ir izdev\u012bgi telp\u0101s ar ierobe\u017eotu vietu.<\/p>\n<\/li>\n<li>\n<h3>Sader\u012bba<\/h3>\n<p>M\u016bsu produkti ir izstr\u0101d\u0101ti t\u0101, lai tie b\u016btu ide\u0101li eso\u0161o hidraulisko cilindru aizvietot\u0101ji, nodro\u0161inot neman\u0101mu integr\u0101ciju ar da\u017e\u0101diem ekskavatoru mode\u013ciem.<\/p>\n<\/li>\n<li>\n<h3>Vienk\u0101r\u0161a apkope<\/h3>\n<p>Koncentr\u0113joties uz lietot\u0101ja \u0113rt\u012bb\u0101m, dizains nodro\u0161ina vienk\u0101r\u0161as apkopes proced\u016bras, nodro\u0161inot, ka operatori var uztur\u0113t apr\u012bkojumu optim\u0101l\u0101 darba st\u0101vokl\u012b ar minim\u0101lu piep\u016bli.<\/p>\n<\/li>\n<\/ul>\n<p><img decoding=\"async\" src=\"https:\/\/www.hydraulic-cylinders.net\/wp-content\/uploads\/2025\/04\/songte-cylinder-head-with-all-kinds-excavator-models.webp\" alt=\"Sader\u012bgi ekskavatoru mode\u013ci\" \/><\/p>\n<h2>Str\u0113les cilindra pielietojumi<\/h2>\n<ul>\n<li>\n<h3>Celtniec\u012bbas apr\u012bkojums<\/h3>\n<p>Ekskavatoros str\u0113les cilindri ir \u013coti svar\u012bgi zemes vai gru\u017eu rak\u0161anai, iekrau\u0161anai un p\u0101rvieto\u0161anai. To sp\u0113ja atvieglot gan rak\u0161anas, gan cel\u0161anas oper\u0101cijas padara tos neaizst\u0101jamus b\u016bvlaukumos, veicinot efektivit\u0101ti un produktivit\u0101ti.<\/p>\n<\/li>\n<li>\n<h3>Lauksaimniec\u012bbas tehnika<\/h3>\n<p>Front\u0101lo iekr\u0101v\u0113ju str\u0113les cilindri \u013cauj pacelt, sav\u0101kt un transport\u0113t augsni, sienu un da\u017e\u0101dus materi\u0101lus. To iztur\u012bg\u0101 konstrukcija \u013cauj efekt\u012bvi veikt lauksaimniec\u012bbas uzdevumus, nodro\u0161inot netrauc\u0113tu darb\u012bbu lauksaimniec\u012bbas darb\u012bb\u0101s.<\/p>\n<\/li>\n<li>\n<h3>Ekskavatori<\/h3>\n<p>Ekskavatoros str\u0113les cilindrs pal\u012bdz efekt\u012bvi iek\u013c\u016bt augsn\u0113, atvieglojot jaud\u012bgas rak\u0161anas darb\u012bbas. \u0160\u012b sp\u0113ja ir b\u016btiska da\u017e\u0101dos ainavu veido\u0161anas un b\u016bvniec\u012bbas projektos, kur nepiecie\u0161ama precizit\u0101te un jauda.<\/p>\n<\/li>\n<li>\n<h3>Iekr\u0101v\u0113ji<\/h3>\n<p>Front\u0101lajos iekr\u0101v\u0113jos str\u0113les cilindri pal\u012bdz efekt\u012bvi pacelt un izkraut kravas. \u0160\u012b funkcionalit\u0101te ir vit\u0101li svar\u012bga atkritumu apsaimnieko\u0161an\u0101, materi\u0101lu p\u0101rkrau\u0161an\u0101 un iekrau\u0161anas oper\u0101cij\u0101s, uzlabojot kop\u0113jo darb\u012bbas efektivit\u0101ti.<\/p>\n<\/li>\n<\/ul>\n<h2>Dizaina apsv\u0113rumi un atlases krit\u0113riji<\/h2>\n<ul>\n<li>\n<h3>Kravnes\u012bba<\/h3>\n<p>Izpratne par str\u0113les cilindra kravnes\u012bbu ir \u0101rk\u0101rt\u012bgi svar\u012bga. Cilindram j\u0101b\u016bt projekt\u0113tam t\u0101, lai tas dro\u0161i iztur\u0113tu maksim\u0101l\u0101s slodzes apst\u0101k\u013cus bez boj\u0101jumiem. \u0160o aspektu ietekm\u0113 t\u0101di faktori k\u0101 materi\u0101la iztur\u012bba, konstrukcijas konfigur\u0101cija un hidraulisk\u0101 spiediena v\u0113rt\u0113jums. In\u017eenieriem j\u0101veic r\u016bp\u012bgi apr\u0113\u0137ini, lai nodro\u0161in\u0101tu, ka cilindrs var iztur\u0113t darba slodzi vis\u0101s lieto\u0161anas f\u0101z\u0113s.<\/p>\n<\/li>\n<li>\n<h3>Bl\u012bv\u0113\u0161anas meh\u0101nismi<\/h3>\n<p>Efekt\u012bva bl\u012bv\u0113\u0161ana ir \u013coti svar\u012bga, lai nov\u0113rstu hidraulisk\u0101 \u0161\u0137idruma nopl\u016bdi un uztur\u0113tu spiedienu cilindr\u0101. Tiek izmantotas da\u017e\u0101das bl\u012bv\u0113\u0161anas tehnolo\u0123ijas, piem\u0113ram, virzu\u013ca bl\u012bv\u0113jumi un stie\u0146a bl\u012bv\u0113jumi. Materi\u0101lu, piem\u0113ram, poliuret\u0101na un nitrila gumijas, izv\u0113le nodro\u0161ina iztur\u012bbu un notur\u012bbu pret nodilumu un vides faktoriem, t\u0101d\u0113j\u0101di veicinot hidraulisk\u0101s sist\u0113mas ilgm\u016b\u017e\u012bbu.<\/p>\n<\/li>\n<li>\n<h3>Iztur\u012bba<\/h3>\n<p>Str\u0113les cilindra iztur\u012bba ir b\u016btiska ilgsto\u0161ai darb\u012bbai. Tas ietver iztur\u012bbu pret nodilumu, koroziju un nogurumu. Konstrukcij\u0101 j\u0101iek\u013cauj funkcijas, kas uzlabo ilgm\u016b\u017e\u012bbu, piem\u0113ram, virsmas apstr\u0101de un augstas kvalit\u0101tes materi\u0101li, lai iztur\u0113tu skarbos apst\u0101k\u013cus, ar kuriem bie\u017ei saskaras smago ma\u0161\u012bnu ekspluat\u0101cij\u0101.<\/p>\n<\/li>\n<li>\n<h3>Dro\u0161\u012bbas funkcijas<\/h3>\n<p>Str\u0113les cilindra konstrukcij\u0101 ir j\u0101iek\u013cauj dro\u0161\u012bbas apsv\u0113rumi. Tas ietver t\u0101das funkcijas k\u0101 p\u0101rslodzes aizsardz\u012bbas meh\u0101nismi, lai nov\u0113rstu boj\u0101jumus p\u0101rm\u0113r\u012bgas slodzes d\u0113\u013c, un av\u0101rijas dro\u0161as konstrukcijas, kas nodro\u0161ina sist\u0113mas darb\u012bbu pat komponentu atteices gad\u012bjum\u0101. Regul\u0101ras dro\u0161\u012bbas nov\u0113rt\u0113\u0161anas un nozares standartu iev\u0113ro\u0161ana ir \u013coti svar\u012bgas darb\u012bbas dro\u0161\u012bbas uztur\u0113\u0161anai.<\/p>\n<\/li>\n<li>\n<h3>Apkopes pieejam\u012bba<\/h3>\n<p>Str\u0113les cilindra projekt\u0113\u0161ana t\u0101, lai to b\u016btu viegli apkopt, ir \u013coti svar\u012bga, lai samazin\u0101tu d\u012bkst\u0101ves laiku. Funkcijas, kas atvieglo regul\u0101ras p\u0101rbaudes un apkopi, piem\u0113ram, viegli pieejamas bl\u012bves un e\u013c\u013co\u0161anas punkti, nodro\u0161ina, ka operatori var efekt\u012bvi veikt apkopi, t\u0101d\u0113j\u0101di pagarinot cilindra kalpo\u0161anas laiku un uzticam\u012bbu.<\/p>\n<\/li>\n<\/ul>\n<p><img decoding=\"async\" src=\"https:\/\/www.hydraulic-cylinders.net\/wp-content\/uploads\/2025\/04\/songte-oil-pipes-and-spare-parts.webp\" alt=\"Hidraulisk\u0101s sast\u0101vda\u013cas\" \/><\/p>\n<h2>Hidraulisk\u0101 cilindra bl\u012bv\u0113\u0161ana un e\u013c\u013co\u0161ana<\/h2>\n<p>Str\u0113les cilindra bl\u012bv\u0113jums un e\u013c\u013co\u0161ana ir \u013coti svar\u012bga optim\u0101lai veiktsp\u0113jai. Lai uztur\u0113tu hidraulisko integrit\u0101ti, tiek izmantoti da\u017e\u0101di bl\u012bv\u0113\u0161anas komponenti, piem\u0113ram, virzu\u013ca bl\u012bv\u0113jumi un stie\u0146a bl\u012bv\u0113jumi. Bl\u012bv\u0113jumi, kas izgatavoti no iztur\u012bgiem materi\u0101liem, piem\u0113ram, poliuret\u0101na un nitrila gumijas, tiek izv\u0113l\u0113ti, \u0146emot v\u0113r\u0101 to iztur\u012bbu pret nodilumu un vides ietekmi.<\/p>\n<p>Turkl\u0101t cilindra korpuss un v\u012bt\u0146otie gali tiek prec\u012bzi apstr\u0101d\u0101ti, lai uzlabotu nodilumiztur\u012bbu, nodro\u0161inot cie\u0161u piegul\u0161anu, kas samazina \u0161\u0137idruma nopl\u016bdi. Lai nodro\u0161in\u0101tu vienm\u0113r\u012bgu darb\u012bbu un nov\u0113rstu bl\u012bv\u0113jumu un kust\u012bgo da\u013cu nodilumu, ir nepiecie\u0161ama regul\u0101ra e\u013c\u013co\u0161ana ar atbilsto\u0161u hidraulisko e\u013c\u013cu. \u0160\u012b apkopes prakse ne tikai pagarina cilindra kalpo\u0161anas laiku, bet ar\u012b uzlabo t\u0101 kop\u0113jo efektivit\u0101ti, samazinot berzi hidrauliskaj\u0101 sist\u0113m\u0101.<\/p>\n<h2>Prevent\u012bvie apkopes pas\u0101kumi<\/h2>\n<ul>\n<li>\n<h3>Regul\u0101ras p\u0101rbaudes<\/h3>\n<p>Regul\u0101ru p\u0101rbau\u017eu veik\u0161ana ir \u013coti svar\u012bga, lai laikus identific\u0113tu iesp\u0113jam\u0101s probl\u0113mas. Tas ietver nodiluma paz\u012bmju, nopl\u016b\u017eu un neparastu trok\u0161\u0146u p\u0101rbaudi darb\u012bbas laik\u0101. Regul\u0101ras p\u0101rbaudes grafika izveide pal\u012bdz uztur\u0113t optim\u0101lu veiktsp\u0113ju un nov\u0113rst negaid\u012btus boj\u0101jumus.<\/p>\n<\/li>\n<li>\n<h3>Pareiza e\u013c\u013co\u0161ana<\/h3>\n<p>Hidraulisk\u0101 cilindra pien\u0101c\u012bga e\u013c\u013co\u0161ana ir b\u016btiska t\u0101 nevainojamai darb\u012bbai. Operatoriem j\u0101iev\u0113ro e\u013c\u013co\u0161anas grafiks, izmantojot ieteicamos hidraulisk\u0101s e\u013c\u013cas veidus, lai samazin\u0101tu bl\u012bv\u0113jumu un kust\u012bgo da\u013cu berzi un nodilumu. \u0160\u012b prakse ir \u013coti svar\u012bga, lai nov\u0113rstu priek\u0161laic\u012bgu boj\u0101jumu un nodro\u0161in\u0101tu ilgm\u016b\u017e\u012bbu.<\/p>\n<\/li>\n<li>\n<h3>Bl\u012bv\u0113juma nomai\u0146a<\/h3>\n<p>Regul\u0101ra bl\u012bvju nomai\u0146a ir nepiecie\u0161ama, lai uztur\u0113tu hidraulisk\u0101s sist\u0113mas integrit\u0101ti. Nolietotas vai boj\u0101tas bl\u012bves var izrais\u012bt nopl\u016bdes un spiediena zudumu, ietekm\u0113jot str\u0113les cilindra darb\u012bbu. Operatoriem j\u0101b\u016bt apm\u0101c\u012btiem atpaz\u012bt bl\u012bv\u0113jumu degrad\u0101cijas paz\u012bmes un iev\u0113rot nomai\u0146as grafiku, lai nodro\u0161in\u0101tu nep\u0101rtrauktu efekt\u012bvu darb\u012bbu.<\/p>\n<\/li>\n<\/ul>\n<p><img decoding=\"async\" src=\"https:\/\/www.hydraulic-cylinders.net\/wp-content\/uploads\/2025\/04\/songte-chushion-collar.webp\" alt=\"Spilvenu apkakle\" \/><\/p>\n<h2>Uzst\u0101d\u012b\u0161anas vadl\u012bnijas<\/h2>\n<p>Pareiza str\u0113les cilindra uzst\u0101d\u012b\u0161ana ir \u013coti svar\u012bga t\u0101 veiktsp\u0113jai un ilgm\u016b\u017e\u012bbai. \u0160eit ir nor\u0101d\u012btas galven\u0101s darb\u012bbas, kas j\u0101veic:<\/p>\n<ol>\n<li>\n<h3>Sagatavo\u0161ana<\/h3>\n<p>Pirms uzst\u0101d\u012b\u0161anas p\u0101rliecinieties, vai darba vieta ir t\u012bra un vai ir pieejami visi nepiecie\u0161amie instrumenti un komponenti. Lai iepaz\u012btos ar procesu, p\u0101rskatiet ra\u017eot\u0101ja specifik\u0101cijas un uzst\u0101d\u012b\u0161anas instrukcijas.<\/p>\n<\/li>\n<li>\n<h3>Izl\u012bdzin\u0101\u0161ana<\/h3>\n<p>Pareiza cilindra izl\u012bdzin\u0101\u0161ana ir b\u016btiska. P\u0101rliecinieties, vai stiprin\u0101juma punkti ir pareizi novietoti, lai izvair\u012btos no p\u0101rm\u0113r\u012bga sprieguma uz cilindru. Izmantojiet izl\u012bdzin\u0101\u0161anas instrumentus, ja nepiecie\u0161ams, lai pan\u0101ktu precizit\u0101ti.<\/p>\n<\/li>\n<li>\n<h3>Cilindra nostiprin\u0101\u0161ana<\/h3>\n<p>Izmantojiet atbilsto\u0161us mont\u0101\u017eas kron\u0161teinus, lai stingri nostiprin\u0101tu cilindru viet\u0101. Tas nov\u0113rs\u012bs kust\u012bbu, kas var izrais\u012bt priek\u0161laic\u012bgu nodilumu un boj\u0101jumus.<\/p>\n<\/li>\n<li>\n<h3>Hidrauliskie savienojumi<\/h3>\n<p>Pievienojiet hidraulisk\u0101s l\u012bnijas saska\u0146\u0101 ar sniegtaj\u0101m specifik\u0101cij\u0101m. P\u0101rliecinieties, vai visi savienojumi ir cie\u0161i pievilkti un bez nopl\u016bd\u0113m, lai uztur\u0113tu spiedienu sist\u0113m\u0101.<\/p>\n<\/li>\n<li>\n<h3>Test\u0113\u0161ana<\/h3>\n<p>P\u0113c uzst\u0101d\u012b\u0161anas veiciet r\u016bp\u012bgu hidraulisk\u0101s sist\u0113mas p\u0101rbaudi. P\u0101rbaudiet, vai nav nopl\u016b\u017eu, un p\u0101rliecinieties, vai str\u0113les cilindrs darbojas nevainojami visos kust\u012bbas diapazonos. Pirms iek\u0101rtas piln\u012bgas nodo\u0161anas ekspluat\u0101cij\u0101 nov\u0113rsiet visas probl\u0113mas.<\/p>\n<\/li>\n<\/ol>\n<h2>Apkopes uzdevumi<\/h2>\n<ul>\n<li>\n<h3>Regul\u0101ras p\u0101rbaudes<\/h3>\n<p>Ir svar\u012bgi veikt regul\u0101ras str\u0113les cilindra p\u0101rbaudes, lai nodro\u0161in\u0101tu t\u0101 pareizu darb\u012bbu. Mekl\u0113jiet nodiluma, nopl\u016b\u017eu vai boj\u0101jumu paz\u012bmes un nekav\u0113joties nov\u0113rsiet probl\u0113mas. Regul\u0101ras p\u0101rbaudes var nov\u0113rst liel\u0101kas probl\u0113mas un pagarin\u0101t hidraulisk\u0101s sist\u0113mas kalpo\u0161anas laiku.<\/p>\n<\/li>\n<li>\n<h3>Pareiza e\u013c\u013co\u0161ana<\/h3>\n<p>P\u0101rliecinieties, vai cilindrs ir pien\u0101c\u012bgi iee\u013c\u013cots saska\u0146\u0101 ar ra\u017eot\u0101ja vadl\u012bnij\u0101m. Regul\u0101ra e\u013c\u013co\u0161ana samazina berzi, nov\u0113r\u0161 bl\u012bv\u0113jumu nodilumu un pagarina str\u0113les cilindra kop\u0113jo kalpo\u0161anas laiku. Lai nodro\u0161in\u0101tu optim\u0101lu veiktsp\u0113ju, izmantojiet ieteicamo hidraulisko e\u013c\u013cu.<\/p>\n<\/li>\n<li>\n<h3>Bl\u012bv\u0113juma nomai\u0146a<\/h3>\n<p>Bl\u012bvju st\u0101vok\u013ca uzraudz\u012bba ir \u013coti svar\u012bga. Nolietotas bl\u012bves j\u0101nomaina savlaic\u012bgi, lai izvair\u012btos no nopl\u016bd\u0113m un nodro\u0161in\u0101tu, ka sist\u0113m\u0101 tiek uztur\u0113ts atbilsto\u0161s hidrauliskais spiediens. Operatoriem j\u0101b\u016bt apm\u0101c\u012btiem atpaz\u012bt bl\u012bv\u0113jumu nodiluma paz\u012bmes un iev\u0113rot nomai\u0146as grafiku.<\/p>\n<\/li>\n<\/ul>\n<h2>Dro\u0161\u012bbas apsv\u0113rumi un vides faktori<\/h2>\n<p>Str\u0101d\u0101jot ar hidrauliskaj\u0101m sist\u0113m\u0101m, dro\u0161\u012bbas pas\u0101kumi ir \u0101rk\u0101rt\u012bgi svar\u012bgi. Operatoriem j\u0101b\u016bt apm\u0101c\u012btiem pareiz\u0101s r\u012bc\u012bbas metod\u0113s, lai nov\u0113rstu negad\u012bjumus. Individu\u0101lo aizsardz\u012bbas l\u012bdzek\u013cu (IAL) lieto\u0161ana ir b\u016btiska, lai aizsarg\u0101tu pret hidraulisk\u0101 \u0161\u0137idruma un smago ma\u0161\u012bnu ekspluat\u0101cijas rad\u012btajiem apdraud\u0113jumiem. Turkl\u0101t j\u0101\u0146em v\u0113r\u0101 vides faktori, piem\u0113ram, j\u0101nodro\u0161ina hidraulisk\u0101 \u0161\u0137idruma pareiza utiliz\u0101cija, lai nov\u0113rstu augsnes un \u016bdens pies\u0101r\u0146ojumu. Regul\u0101ra apm\u0101c\u012bba par dro\u0161\u012bbas proced\u016br\u0101m un vides noteikumiem var mazin\u0101t riskus un uzlabot dro\u0161\u012bbu darba viet\u0101.<\/p>\n<h2>Bie\u017ei sastopamo probl\u0113mu nov\u0113r\u0161ana<\/h2>\n<ul>\n<li>\n<h3>Nopl\u016bde<\/h3>\n<p>Hidraulisk\u0101 \u0161\u0137idruma nopl\u016bdes var liecin\u0101t par bl\u012bv\u0113juma atteici vai cilindra boj\u0101jumu. P\u0101rbaudiet bl\u012bv\u0113jumu nodilumu un, ja nepiecie\u0161ams, nomainiet tos. P\u0101rliecinieties, vai visi savienojumi ir cie\u0161i un bez nopl\u016bd\u0113m.<\/p>\n<\/li>\n<li>\n<h3>Nepietiekama jauda<\/h3>\n<p>Ja str\u0113les cilindrs nedarbojas atbilsto\u0161i, p\u0101rbaudiet hidraulisk\u0101 \u0161\u0137idruma l\u012bmeni un p\u0101rliecinieties, ka sist\u0113m\u0101 nav gaisa. P\u0101rbaudiet, vai hidrauliskaj\u0101s l\u012bnij\u0101s nav aizsprostojumu vai ierobe\u017eojumu, kas var\u0113tu kav\u0113t pl\u016bsmu.<\/p>\n<\/li>\n<li>\n<h3>Neparastas ska\u0146as<\/h3>\n<p>Neparastas ska\u0146as darb\u012bbas laik\u0101 var liecin\u0101t par iek\u0161\u0113jiem boj\u0101jumiem vai nepietiekamu e\u013c\u013co\u0161anu. Nekav\u0113joties izsl\u0113dziet sist\u0113mu un veiciet r\u016bp\u012bgu p\u0101rbaudi, lai diagnostic\u0113tu probl\u0113mu.<\/p>\n<\/li>\n<\/ul>\n<p><img decoding=\"async\" src=\"https:\/\/www.hydraulic-cylinders.net\/wp-content\/uploads\/2025\/04\/songte-bushings-with-all-kinds-of-excavator-models.webp\" alt=\"Ekskavatoru bukses\" \/><\/p>\n<p>Lai efekt\u012bvi nov\u0113rstu probl\u0113mas, operatoriem j\u0101iev\u0113ro sistem\u0101tiska pieeja, identific\u0113jot simptomus un iesp\u0113jamos c\u0113lo\u0146us. Apkopes ierakstu \u017eurn\u0101la uztur\u0113\u0161ana var pal\u012bdz\u0113t diagnostic\u0113t atk\u0101rtotas probl\u0113mas un veikt prevent\u012bvus pas\u0101kumus.<\/p>\n<h2>Par m\u016bsu uz\u0146\u0113mumu<\/h2>\n<p>M\u0113s esam vado\u0161ais rezerves hidraulisko cilindru ra\u017eot\u0101js un vairumtirgot\u0101js, kas specializ\u0113jas pla\u0161a produktu kl\u0101sta nodro\u0161in\u0101\u0161an\u0101 gan viet\u0113jam, gan starptautiskajam tirgum. M\u016bsu ap\u0146em\u0161an\u0101s sasniegt izcil\u012bbu atspogu\u013cojas m\u016bsu prec\u012bz\u0101s ra\u017eo\u0161anas strat\u0113\u0123ij\u0101s un modernu digit\u0101lo ra\u017eo\u0161anas iek\u0101rtu izmanto\u0161an\u0101.<\/p>\n<p>M\u0113s past\u0101v\u012bgi uzlabojam savas ra\u017eo\u0161anas iesp\u0113jas, izmantojot tehniskos talantus un ievie\u0161ot profesion\u0101las test\u0113\u0161anas sist\u0113mas. M\u016bsu iztur\u012bg\u0101 ra\u017eo\u0161anas platforma ir izstr\u0101d\u0101ta, lai apmierin\u0101tu da\u017e\u0101das klientu vajadz\u012bbas ar augstu efektivit\u0101ti, precizit\u0101ti un kvalit\u0101ti. M\u016bsu pakalpojumi ietver piel\u0101gotus hidraulisko cilindru risin\u0101jumus, kas atbilst konkr\u0113tiem pielietojumiem, un tos apliecina starptautiski sertifik\u0101ti, kas nodro\u0161ina uzticam\u012bbu un dro\u0161\u012bbu.<\/p>\n<p>M\u0113s lepojamies ar savu p\u0113cp\u0101rdo\u0161anas atbalstu, pied\u0101v\u0101jot apkopes, remonta un nomai\u0146as pakalpojumus, lai nodro\u0161in\u0101tu m\u016bsu klientiem minim\u0101lu d\u012bkst\u0101ves laiku un maksim\u0101lu apmierin\u0101t\u012bbu.<\/p>\n<p><img decoding=\"async\" src=\"https:\/\/www.hydraulic-cylinders.net\/wp-content\/uploads\/2025\/04\/songte-company-4.webp\" alt=\"Uz\u0146\u0113muma p\u0101rskats\" \/><br \/>\n<img decoding=\"async\" src=\"https:\/\/www.hydraulic-cylinders.net\/wp-content\/uploads\/2025\/04\/songte-company-3.webp\" alt=\"Ra\u017eo\u0161anas process\" \/><\/p>\n<p>Autors: lil<\/p>","protected":false},"excerpt":{"rendered":"<p>Boom Cylinder For Doosan Large Excavator DH330-3 Overview of the Bucket Cylinder The Boom Cylinder for Doosan Large Excavator DH330-3 is a critical component in the hydraulic system of heavy machinery. This hydraulic cylinder is designed specifically to control the movement of the bucket in various heavy equipment, such as excavators, backhoe loaders, and front [&hellip;]<\/p>","protected":false},"featured_media":17876,"comment_status":"open","ping_status":"closed","template":"","meta":{"_et_pb_use_builder":"","_et_pb_old_content":"","_et_gb_content_width":""},"product_brand":[],"product_cat":[1546],"product_tag":[1547,1496],"class_list":{"0":"post-19009","1":"product","2":"type-product","3":"status-publish","4":"has-post-thumbnail","6":"product_cat-boom-cylinders","7":"product_tag-boom-cylinders","8":"product_tag-hydraulic-cylinders","10":"first","11":"instock","12":"shipping-taxable","13":"product-type-simple"},"amp_enabled":true,"_links":{"self":[{"href":"https:\/\/www.hydraulic-cylinders.net\/lv\/wp-json\/wp\/v2\/product\/19009","targetHints":{"allow":["GET"]}}],"collection":[{"href":"https:\/\/www.hydraulic-cylinders.net\/lv\/wp-json\/wp\/v2\/product"}],"about":[{"href":"https:\/\/www.hydraulic-cylinders.net\/lv\/wp-json\/wp\/v2\/types\/product"}],"replies":[{"embeddable":true,"href":"https:\/\/www.hydraulic-cylinders.net\/lv\/wp-json\/wp\/v2\/comments?post=19009"}],"wp:featuredmedia":[{"embeddable":true,"href":"https:\/\/www.hydraulic-cylinders.net\/lv\/wp-json\/wp\/v2\/media\/17876"}],"wp:attachment":[{"href":"https:\/\/www.hydraulic-cylinders.net\/lv\/wp-json\/wp\/v2\/media?parent=19009"}],"wp:term":[{"taxonomy":"product_brand","embeddable":true,"href":"https:\/\/www.hydraulic-cylinders.net\/lv\/wp-json\/wp\/v2\/product_brand?post=19009"},{"taxonomy":"product_cat","embeddable":true,"href":"https:\/\/www.hydraulic-cylinders.net\/lv\/wp-json\/wp\/v2\/product_cat?post=19009"},{"taxonomy":"product_tag","embeddable":true,"href":"https:\/\/www.hydraulic-cylinders.net\/lv\/wp-json\/wp\/v2\/product_tag?post=19009"}],"curies":[{"name":"wp","href":"https:\/\/api.w.org\/{rel}","templated":true}]}}