{"id":19016,"date":"2025-04-07T06:07:16","date_gmt":"2025-04-07T06:07:16","guid":{"rendered":"https:\/\/www.hydraulic-cylinders.net\/product\/boom-cylinder-for-doosan-large-excavator-dx380lc\/"},"modified":"2025-04-07T06:07:22","modified_gmt":"2025-04-07T06:07:22","slug":"boom-cylinder-for-doosan-large-excavator-dx380lc","status":"publish","type":"product","link":"https:\/\/www.hydraulic-cylinders.net\/lv\/products\/boom-cylinder-for-doosan-large-excavator-dx380lc\/","title":{"rendered":"Doosan liel\u0101 ekskavatora DX380LC str\u0113les cilindrs"},"content":{"rendered":"<h1>Doosan liel\u0101 ekskavatora DX380LC str\u0113les cilindrs<\/h1>\n<h2>Ievads str\u0113les cilindr\u0101<\/h2>\n<p>Str\u0113les cilindrs, kas \u012bpa\u0161i izstr\u0101d\u0101ts Doosan lielajam ekskavatoram DX380LC, sp\u0113l\u0113 b\u016btisku lomu smago ma\u0161\u012bnu darb\u012bb\u0101. \u0160is hidrauliskais cilindrs ir b\u016btisks ekskavatora str\u0113les kust\u012bbas kontrolei, \u013caujot tai prec\u012bzi pacelt, nolaist un noliekt. Hidrauliskaj\u0101s sist\u0113m\u0101s str\u0113les cilindrs p\u0101rveido hidraulisko spiedienu meh\u0101nisk\u0101 kust\u012bb\u0101, padarot to par neat\u0146emamu materi\u0101lu apstr\u0101des uzdevumu veik\u0161anas sast\u0101vda\u013cu. Tas ir specializ\u0113ts hidrauliskais cilindrs, kas nodro\u0161ina da\u017e\u0101du smago ma\u0161\u012bnu, tostarp ekskavatoru, univers\u0101lo iekr\u0101v\u0113ju un front\u0101lo iekr\u0101v\u0113ju, efekt\u012bvu darb\u012bbu.<\/p>\n<p><img decoding=\"async\" src=\"https:\/\/www.hydraulic-cylinders.net\/wp-content\/uploads\/2025\/04\/songte-company-1.webp\" alt=\"Str\u0113les cilindrs\"><\/p>\n<h2>Str\u0113les cilindra \u012bpa\u0161\u012bbas<\/h2>\n<ul>\n<li><strong>Augsta iztur\u012bba un ilgm\u016b\u017e\u012bba:<\/strong> Izgatavots no augstas stipr\u012bbas t\u0113rauda vai alum\u012bnija, str\u0113les cilindrs ir paredz\u0113ts, lai iztur\u0113tu augstu spiedienu un lielas slodzes, padarot to piem\u0113rotu skarbiem darba apst\u0101k\u013ciem. T\u0101 konstrukcija \u0146em v\u0113r\u0101 nodilumiztur\u012bbu un iztur\u012bbu pret koroziju, pagarinot t\u0101 kalpo\u0161anas laiku.<\/li>\n<li><strong>Efekt\u012bva hidraulisk\u0101 darb\u012bba:<\/strong> Cilindrs izmanto hidraulisk\u0101s e\u013c\u013cas spiedienu, lai nodro\u0161in\u0101tu vienm\u0113r\u012bgu izvilk\u0161anu un ievilk\u0161anu, \u0101tri rea\u0123\u0113jot uz vad\u012bbas komand\u0101m un nodro\u0161inot sp\u0113c\u012bgu stum\u0161anas un vilk\u0161anas sp\u0113ku, kas ir ide\u0101li piem\u0113rots smagu priek\u0161metu apstr\u0101dei un sare\u017e\u0123\u012btu uzdevumu veik\u0161anai.<\/li>\n<li><strong>Da\u017e\u0101di veidi:<\/strong> Str\u0113les cilindrs ir pieejams da\u017e\u0101dos veidos, tostarp vienas darb\u012bbas (izmantojot hidraulisko spiedienu vien\u0101 virzien\u0101) vai divk\u0101r\u0161as darb\u012bbas (darbojas abos virzienos), piel\u0101gojoties da\u017e\u0101d\u0101m ekspluat\u0101cijas vajadz\u012bb\u0101m. Da\u017ei mode\u013ci ir teleskopiski, kas \u013cauj veikt liel\u0101ku pagarin\u0101jumu, nepalielinot \u0101r\u0113jos izm\u0113rus, un ir piem\u0113roti darbam ar ierobe\u017eotu vietu.<\/li>\n<\/ul>\n<h2>Ra\u017eo\u0161anas iesp\u0113jas<\/h2>\n<p>M\u016bsu uz\u0146\u0113mums specializ\u0113jas \u0161\u012b produkta ra\u017eo\u0161an\u0101, pied\u0101v\u0101jot hidrauliskos cilindrus, kas lieliski aizst\u0101j eso\u0161os mode\u013cus.<\/p>\n<p><img decoding=\"async\" src=\"https:\/\/www.hydraulic-cylinders.net\/wp-content\/uploads\/2025\/04\/songte-cylinder-head-with-all-kinds-excavator-models.webp\" alt=\"Cilindra galva ekskavatoriem\"><\/p>\n<h2>Str\u0113les cilindra pielietojumi<\/h2>\n<h3>Celtniec\u012bbas apr\u012bkojums<\/h3>\n<p>Ekskavatoros str\u0113les cilindri ir \u013coti svar\u012bgi augsnes vai gru\u017eu rak\u0161anai, iekrau\u0161anai un p\u0101rvieto\u0161anai. To funkcionalit\u0101te \u013cauj ekskavatoram efekt\u012bvi darboties b\u016bvlaukumos, uzlabojot produktivit\u0101ti un samazinot darba laiku. Sp\u0113ja regul\u0113t str\u0113les le\u0146\u0137i un sniedzam\u012bbu \u013cauj operatoriem piek\u013c\u016bt gr\u016bti sasniedzam\u0101m viet\u0101m, padarot \u0161os cilindrus par nepiecie\u0161amiem jebkur\u0101 b\u016bvniec\u012bbas projekt\u0101.<\/p>\n<h3>Lauksaimniec\u012bbas tehnika<\/h3>\n<p>Front\u0101lo iekr\u0101v\u0113ju str\u0113les cilindri pal\u012bdz sav\u0101kt, pacelt un transport\u0113t augsni, sienu un citus materi\u0101lus. Lauksaimniec\u012bb\u0101 \u0161ie cilindri uzlabo efektivit\u0101ti s\u0113\u0161anas un ra\u017eas nov\u0101k\u0161anas laik\u0101, \u013caujot \u0101tri p\u0101rvietot materi\u0101lus un samazinot roku darbu. To iztur\u012bg\u0101 konstrukcija nodro\u0161ina to uzticamu darb\u012bbu pat sare\u017e\u0123\u012btos lauksaimniec\u012bbas apst\u0101k\u013cos.<\/p>\n<h3>Ekskavatori<\/h3>\n<p>Ekskavatoros str\u0113les cilindrs nodro\u0161ina rak\u0161anas darb\u012bbu, \u013caujot kausam efekt\u012bvi iek\u013c\u016bt zem\u0113. T\u0101 hidraulisk\u0101 jauda atvieglo dzi\u013cus izrakumus un prec\u012bzas kust\u012bbas, padarot to neaizst\u0101jamu da\u017e\u0101diem zemes p\u0101rvieto\u0161anas darbiem. \u0160\u012b sp\u0113ja ir \u013coti svar\u012bga projektiem, kuriem nepiecie\u0161ams dzi\u013cums un precizit\u0101te, piem\u0113ram, pamatu rak\u0161anai un tran\u0161eju rak\u0161anai.<\/p>\n<h3>Iekr\u0101v\u0113ji<\/h3>\n<p>Front\u0101lajos iekr\u0101v\u0113jos \u0161ie cilindri pal\u012bdz efekt\u012bvi pacelt un izg\u0101zt kravas. To sp\u0113c\u012bgais celtsp\u0113ja ir vit\u0101li svar\u012bga smagu materi\u0101lu apstr\u0101dei, nodro\u0161inot, ka t\u0101das darb\u012bbas k\u0101 kravas automa\u0161\u012bnu iekrau\u0161ana vai materi\u0101lu p\u0101rvieto\u0161ana starp objektiem tiek veiktas vienm\u0113r\u012bgi. Hidraulisk\u0101 vad\u012bba pied\u0101v\u0101 daudzpus\u012bbu da\u017e\u0101du veidu kravu p\u0101rvald\u012bb\u0101, uzlabojot iekr\u0101v\u0113ja funkcionalit\u0101ti.<\/p>\n<h2>Dizaina apsv\u0113rumi un atlases krit\u0113riji<\/h2>\n<h3>Kravnes\u012bba<\/h3>\n<p>Izv\u0113loties str\u0113les cilindru, galvenais apsv\u0113rums ir kravnes\u012bba. Ir svar\u012bgi nodro\u0161in\u0101t, lai cilindrs var\u0113tu iztur\u0113t maksim\u0101l\u0101s slodzes, kas paredzamas ekspluat\u0101cijas laik\u0101. Cilindra kravnes\u012bbu nosaka t\u0101 materi\u0101la iztur\u012bba, konstrukcija un izm\u0113rs, nodro\u0161inot, ka tas var efekt\u012bvi darboties bez atteices riska spiediena ietekm\u0113.<\/p>\n<h3>Bl\u012bv\u0113\u0161ana<\/h3>\n<p>Bl\u012bv\u0113jums ir \u013coti svar\u012bgs, lai uztur\u0113tu hidraulisko spiedienu cilindr\u0101. Pareizi bl\u012bv\u0113jumi nov\u0113r\u0161 nopl\u016bdes un nodro\u0161ina efekt\u012bvu darb\u012bbu. Bl\u012bv\u0113\u0161anas materi\u0101lu, piem\u0113ram, poliuret\u0101na vai nitrila gumijas, izv\u0113le ietekm\u0113 cilindra ilgm\u016b\u017e\u012bbu un veiktsp\u0113ju, t\u0101p\u0113c ir svar\u012bgi izv\u0113l\u0113ties augstas kvalit\u0101tes bl\u012bv\u0113jumus, kas iztur nodilumu un vides faktorus.<\/p>\n<h3>Iztur\u012bba<\/h3>\n<p>Iztur\u012bba ir b\u016btisks faktors str\u0113les cilindru konstrukcij\u0101. Sp\u0113ja pretoties hidraulisk\u0101 \u0161\u0137idruma un \u0101r\u0113jo apst\u0101k\u013cu rad\u012btajam nodilumam ietekm\u0113 cilindra kalpo\u0161anas laiku. Ra\u017eot\u0101ji bie\u017ei izmanto virsmas apstr\u0101di un p\u0101rkl\u0101jumus, lai uzlabotu iztur\u012bbu pret koroziju, nodro\u0161inot cilindra efekt\u012bvu darb\u012bbu da\u017e\u0101d\u0101s vid\u0113s.<\/p>\n<h3>Dro\u0161\u012bba<\/h3>\n<p>Dro\u0161\u012bbas apsv\u0113rumi ir \u0101rk\u0101rt\u012bgi svar\u012bgi, projekt\u0113jot str\u0113les cilindrus. Dro\u0161\u012bbas elementu, piem\u0113ram, spiediena samazin\u0101\u0161anas v\u0101rstu, un iztur\u012bgas konstrukcijas iek\u013cau\u0161ana pal\u012bdz nov\u0113rst negad\u012bjumus darb\u012bbas laik\u0101. Lai aizsarg\u0101tu operatorus un apr\u012bkojumu, ir svar\u012bgi nodro\u0161in\u0101t, lai cilindri atbilstu dro\u0161\u012bbas standartiem.<\/p>\n<h3>Uzturam\u012bba<\/h3>\n<p>Projekt\u0113\u0161anas posm\u0101 j\u0101\u0146em v\u0113r\u0101 ar\u012b apkopes iesp\u0113jas. Vienk\u0101r\u0161a piek\u013cuve komponentiem p\u0101rbaudei un apkopei samazina d\u012bkst\u0101ves laiku un remonta izmaksas. Ra\u017eot\u0101ji bie\u017ei projekt\u0113 cilindrus ar standartiz\u0113t\u0101m deta\u013c\u0101m, lai vienk\u0101r\u0161otu apkopes proced\u016bras, nodro\u0161inot, ka operatori var uztur\u0113t iek\u0101rtas optim\u0101l\u0101 st\u0101vokl\u012b.<\/p>\n<p><img decoding=\"async\" src=\"https:\/\/www.hydraulic-cylinders.net\/wp-content\/uploads\/2025\/04\/songte-oil-pipes-and-spare-parts.webp\" alt=\"E\u013c\u013cas caurules un rezerves da\u013cas\"><\/p>\n<h2>Str\u0113les cilindra bl\u012bv\u0113\u0161ana un e\u013c\u013co\u0161ana<\/h2>\n<p>Efekt\u012bva bl\u012bv\u0113\u0161ana un e\u013c\u013co\u0161ana ir b\u016btiska str\u0113les cilindra ilgm\u016b\u017e\u012bbai un veiktsp\u0113jai. Lai uztur\u0113tu hidraulisko spiedienu un nov\u0113rstu \u0161\u0137idruma nopl\u016bdi, tiek izmantoti da\u017e\u0101di bl\u012bv\u0113jumi, piem\u0113ram, virzu\u013ca bl\u012bv\u0113jumi un stie\u0146a bl\u012bv\u0113jumi. Bl\u012bv\u0113jumi, kas izgatavoti no nodilumiztur\u012bgiem materi\u0101liem, piem\u0113ram, poliuret\u0101na un nitrila gumijas, parasti tiek izmantoti to iztur\u012bbas un uzticam\u012bbas d\u0113\u013c. Cilindra korpusa virsma un v\u012bt\u0146otie gali ir prec\u012bzi apstr\u0101d\u0101ti, lai uzlabotu nodilumiztur\u012bbu, nodro\u0161inot bl\u012bv\u0113jumu pareizu darb\u012bbu laika gait\u0101.<\/p>\n<p>Regul\u0101ra apkope ietver hidraulisk\u0101s e\u013c\u013cas p\u0101rbaudi un papildin\u0101\u0161anu, lai nodro\u0161in\u0101tu atbilsto\u0161u e\u013c\u013co\u0161anu. Pareiza e\u013c\u013co\u0161ana ir \u013coti svar\u012bga, jo t\u0101 samazina berzi starp kust\u012bgaj\u0101m da\u013c\u0101m, nov\u0113r\u0161 p\u0101rkar\u0161anu un samazina bl\u012bv\u0113jumu un citu sast\u0101vda\u013cu nodilumu. Operatoriem j\u0101iev\u0113ro apkopes grafiks, kas ietver e\u013c\u013co\u0161anas l\u012bme\u0146a p\u0101rbaudi un e\u013c\u013cas nomai\u0146u p\u0113c nepiecie\u0161am\u012bbas, lai uztur\u0113tu optim\u0101lu veiktsp\u0113ju.<\/p>\n<h2>Prevent\u012bvie apkopes pas\u0101kumi<\/h2>\n<ul>\n<li><strong>Regul\u0101ras p\u0101rbaudes:<\/strong> Regul\u0101ru p\u0101rbau\u017eu veik\u0161ana pal\u012bdz noteikt nodiluma vai boj\u0101jumu paz\u012bmes, pirms t\u0101s rada nopietnas probl\u0113mas. Tas ietver bl\u012bv\u0113jumu, \u0161\u013c\u016bte\u0146u un cilindra korpusa p\u0101rbaudi, vai nav nopl\u016b\u017eu vai citu defektu.<\/li>\n<li><strong>Piem\u0113rota e\u013c\u013co\u0161ana:<\/strong> Nodro\u0161inot, ka cilindrs ir pien\u0101c\u012bgi iee\u013c\u013cots, samazin\u0101s t\u0101 deta\u013cu nodilums. Operatoriem j\u0101iev\u0113ro ra\u017eot\u0101ja vadl\u012bnijas par e\u013c\u013co\u0161anas interv\u0101liem un e\u013c\u013cas veidiem.<\/li>\n<li><strong>Bl\u012bv\u0113juma nomai\u0146a:<\/strong> Regul\u0101ra bl\u012bv\u0113jumu nomai\u0146a ir b\u016btiska, lai uztur\u0113tu hidraulisko spiedienu un nov\u0113rstu nopl\u016bdes. Operatoriem j\u0101uzrauga bl\u012bv\u0113jumu st\u0101voklis un j\u0101nomaina tie p\u0113c nepiecie\u0161am\u012bbas, lai nodro\u0161in\u0101tu optim\u0101lu veiktsp\u0113ju.<\/li>\n<\/ul>\n<h2>Str\u0113les cilindra uzst\u0101d\u012b\u0161anas vadl\u012bnijas<\/h2>\n<p>Pareiza str\u0113les cilindra uzst\u0101d\u012b\u0161ana ir \u013coti svar\u012bga t\u0101 veiksm\u012bgai darb\u012bbai. Pirms uzst\u0101d\u012b\u0161anas vispirms p\u0101rliecinieties, vai visas sast\u0101vda\u013cas ir t\u012bras un bez gru\u017eiem. Novietojiet cilindru vien\u0101 l\u012bnij\u0101 ar ekskavatora stiprin\u0101juma punktiem, p\u0101rliecinoties, ka t\u0101 nostiprin\u0101\u0161anai tiek izmantoti atbilsto\u0161i stiprin\u0101juma kron\u0161teini. Ir svar\u012bgi p\u0101rbaud\u012bt, vai cilindrs ir pareizi izl\u012bdzin\u0101ts, lai nov\u0113rstu p\u0101rm\u0113r\u012bgu nodilumu vai boj\u0101jumus darb\u012bbas laik\u0101.<\/p>\n<p>Uzst\u0101d\u012b\u0161anas laik\u0101, pievelkot skr\u016bves, iev\u0113rojiet ra\u017eot\u0101ja nor\u0101d\u012bjumus par griezes momenta iestat\u012bjumiem, lai nov\u0113rstu to atsl\u0101b\u0161anu lieto\u0161anas laik\u0101. Turkl\u0101t p\u0101rliecinieties, vai hidraulisk\u0101s l\u012bnijas ir pareizi pievienotas, izvairoties no loc\u012bjumiem vai asiem l\u012bkumiem. P\u0113c uzst\u0101d\u012b\u0161anas p\u0101rbaudiet sist\u0113mu, lai p\u0101rliecin\u0101tos, ka cilindrs darbojas nevainojami, p\u0101rbaudot, vai nav nopl\u016b\u017eu, un p\u0101rliecinoties, ka visas funkcijas darbojas, k\u0101 paredz\u0113ts.<\/p>\n<h2>Bie\u017ei sastopamie apkopes uzdevumi<\/h2>\n<h3>Regul\u0101ras p\u0101rbaudes<\/h3>\n<p>Regul\u0101ras p\u0101rbaudes ietver balona nodiluma paz\u012bmju p\u0101rbaudi. Operatoriem j\u0101p\u0101rbauda, \u200b\u200bvai balonam nav redzamu boj\u0101jumu, tostarp plaisu vai saliektu deta\u013cu, un j\u0101nov\u0113rt\u0113 bl\u012bv\u0113jumu un \u0161\u013c\u016bte\u0146u st\u0101voklis. Nodiluma agr\u012bna noteik\u0161ana var nov\u0113rst pla\u0161\u0101kus boj\u0101jumus un d\u0101rgus remontdarbus.<\/p>\n<h3>Piem\u0113rota e\u013c\u013co\u0161ana<\/h3>\n<p>Pareiza e\u013c\u013co\u0161ana ir \u013coti svar\u012bga str\u0113les cilindra funkcionalit\u0101tes uztur\u0113\u0161anai. Operatoriem j\u0101nodro\u0161ina pietiekams hidraulisk\u0101s e\u013c\u013cas l\u012bmenis un ka izmantot\u0101 e\u013c\u013ca atbilst ra\u017eot\u0101ja specifik\u0101cij\u0101m. Regul\u0101ra e\u013c\u013co\u0161ana samazina berzi un nodilumu, pagarinot cilindra kalpo\u0161anas laiku.<\/p>\n<h3>Bl\u012bvju nomai\u0146as un kalibr\u0113\u0161anas p\u0101rbaudes<\/h3>\n<p>Bl\u012bvju nomai\u0146a ir \u013coti svar\u012bga, lai nov\u0113rstu nopl\u016bdes un uztur\u0113tu hidraulisko spiedienu. Operatoriem ir j\u0101izveido regul\u0101rs bl\u012bvju p\u0101rbaudes un nomai\u0146as grafiks, pamatojoties uz lieto\u0161anu un ra\u017eot\u0101ja vadl\u012bnij\u0101m. Turkl\u0101t j\u0101veic kalibr\u0113\u0161anas p\u0101rbaudes, lai nodro\u0161in\u0101tu, ka cilindrs darbojas nor\u0101d\u012btajos spiediena diapazonos, pal\u012bdzot optimiz\u0113t veiktsp\u0113ju.<\/p>\n<p><img decoding=\"async\" src=\"https:\/\/www.hydraulic-cylinders.net\/wp-content\/uploads\/2025\/04\/songte-chushion-collar.webp\" alt=\"Spilvenu apkakle\"><\/p>\n<h2>Dro\u0161\u012bbas apsv\u0113rumi un vides faktori<\/h2>\n<p>Str\u0101d\u0101jot ar hidrauliskajiem cilindriem, dro\u0161\u012bbas pas\u0101kumi ir \u013coti svar\u012bgi. Operatoriem j\u0101b\u016bt apm\u0101c\u012btiem par pareizu apr\u012bkojuma lieto\u0161anu, tostarp izprast ar hidraulisko spiedienu saist\u012btos riskus. Apkopes un ekspluat\u0101cijas laik\u0101 vienm\u0113r j\u0101valk\u0101 dro\u0161\u012bbas apr\u012bkojums, piem\u0113ram, cimdi un aizsargbrilles, lai pasarg\u0101tu no iesp\u0113jamiem apdraud\u0113jumiem. Lai nov\u0113rstu nejau\u0161us savainojumus, j\u0101uzst\u0101da un regul\u0101ri j\u0101p\u0101rbauda atbilsto\u0161as \u200b\u200bdro\u0161\u012bbas funkcijas, piem\u0113ram, spiediena samazin\u0101\u0161anas v\u0101rsti.<\/p>\n<h2>K\u013c\u016bmju diagnostika un bie\u017e\u0101k sastopam\u0101s probl\u0113mas<\/h2>\n<ul>\n<li><strong>Nopl\u016bde:<\/strong> Viena no visbie\u017e\u0101k sastopamaj\u0101m probl\u0113m\u0101m, ar ko saskaras hidrauliskie cilindri, ir nopl\u016bde. To var izrais\u012bt nodilu\u0161as bl\u012bves, nepareiza uzst\u0101d\u012b\u0161ana vai cilindra boj\u0101jumi. Nopl\u016bdes avota identific\u0113\u0161ana ir \u013coti svar\u012bga efekt\u012bvam remontam.<\/li>\n<li><strong>Nekonsekventa kust\u012bba:<\/strong> Ja str\u0113les cilindrs kustas nevienm\u0113r\u012bgi vai saraust\u012bti, tas var liecin\u0101t par gaisu hidrauliskaj\u0101 sist\u0113m\u0101 vai zemu hidraulisk\u0101 \u0161\u0137idruma l\u012bmeni. \u0160o probl\u0113mu savlaic\u012bga nov\u0113r\u0161ana var atjaunot vienm\u0113r\u012bgu darb\u012bbu.<\/li>\n<li><strong>P\u0101rkar\u0161ana:<\/strong> P\u0101rkar\u0161anu var izrais\u012bt nepietiekama e\u013c\u013co\u0161ana vai p\u0101rm\u0113r\u012bga slodze. Darb\u012bbas apst\u0101k\u013cu uzraudz\u012bba un pareizas e\u013c\u013co\u0161anas nodro\u0161in\u0101\u0161ana var pal\u012bdz\u0113t nov\u0113rst p\u0101rkar\u0161anu.<\/li>\n<\/ul>\n<h2>Probl\u0113mu nov\u0113r\u0161anas padomi<\/h2>\n<p>Lai efekt\u012bvi diagnostic\u0113tu un nov\u0113rstu probl\u0113mas ar str\u0113les cilindru, operatoriem j\u0101s\u0101k ar probl\u0113mas simptomu identific\u0113\u0161anu. Lai noteiktu nopl\u016bdes, r\u016bp\u012bgi p\u0101rbaudiet bl\u012bves un savienojuma punktus, nomainot visas nolietot\u0101s vai boj\u0101t\u0101s deta\u013cas. Nevienm\u0113r\u012bgas kust\u012bbas gad\u012bjum\u0101 p\u0101rbaudiet hidraulisk\u0101 \u0161\u0137idruma l\u012bmeni un atgaisojiet sist\u0113mu, lai izvad\u012btu iesprostoto gaisu.<\/p>\n<p>Prevent\u012bvu pas\u0101kumu, piem\u0113ram, regul\u0101ras apkopes un r\u016bp\u012bgu p\u0101rbau\u017eu, ievie\u0161ana var iev\u0113rojami samazin\u0101t probl\u0113mu ra\u0161an\u0101s iesp\u0113jam\u012bbu. Regul\u0101ras apkopes grafika izveide ir b\u016btiska, lai nodro\u0161in\u0101tu balona efekt\u012bvu un dro\u0161u darb\u012bbu.<\/p>\n<p><img decoding=\"async\" src=\"https:\/\/www.hydraulic-cylinders.net\/wp-content\/uploads\/2025\/04\/songte-bushings-with-all-kinds-of-excavator-models.webp\" alt=\"Ekskavatoru bukses\"><\/p>\n<h2>Par m\u016bsu uz\u0146\u0113mumu<\/h2>\n<p>M\u0113s esam vado\u0161ais hidraulisko cilindru ra\u017eot\u0101js un vairumtirgot\u0101js, kas specializ\u0113jas augstas kvalit\u0101tes rezerves da\u013cu nodro\u0161in\u0101\u0161an\u0101. M\u016bsu produktu kl\u0101sts ir pla\u0161s, kas \u013cauj mums apkalpot gan viet\u0113jo, gan starptautisko tirgu. M\u0113s iev\u0113rojam izcil\u012bbu kvalit\u0101t\u0113, izmantojot izsmalcin\u0101tu ra\u017eo\u0161anas procesu un stingras ra\u017eo\u0161anas vad\u012bbas strat\u0113\u0123ijas. M\u016bsu uzman\u012bba uz progres\u012bv\u0101m ra\u017eo\u0161anas tehnolo\u0123ij\u0101m kop\u0101 ar kvalific\u0113tu speci\u0101listu komandu nodro\u0161ina, ka m\u0113s efekt\u012bvi un prec\u012bzi apmierin\u0101m da\u017e\u0101das klientu pras\u012bbas.<\/p>\n<p>M\u016bsu uz\u0146\u0113mums izce\u013cas ar starptautiskiem sertifik\u0101tiem, piel\u0101gotiem pakalpojumiem, modern\u0101m ra\u017eo\u0161anas iek\u0101rt\u0101m un \u012bpa\u0161u p\u0113cp\u0101rdo\u0161anas atbalstu. M\u0113s priorit\u0101ri r\u016bp\u0113jamies par klientu apmierin\u0101t\u012bbu, pied\u0101v\u0101jot piel\u0101gotus risin\u0101jumus un uzturot atv\u0113rtu komunik\u0101ciju, lai nekav\u0113joties risin\u0101tu visas probl\u0113mas.<\/p>\n<p><img decoding=\"async\" src=\"https:\/\/www.hydraulic-cylinders.net\/wp-content\/uploads\/2025\/04\/songte-company-4.webp\" alt=\"Uz\u0146\u0113muma p\u0101rskats\"><br \/>\n<img decoding=\"async\" src=\"https:\/\/www.hydraulic-cylinders.net\/wp-content\/uploads\/2025\/04\/songte-company-3.webp\" alt=\"Uz\u0146\u0113muma telpas\"><\/p>\n<p>Autors: lil<\/p>","protected":false},"excerpt":{"rendered":"<p>Boom Cylinder For Doosan Large Excavator DX380LC Introduction to Boom Cylinder The Boom Cylinder, specifically designed for the Doosan Large Excavator DX380LC, plays a vital role in the operation of heavy machinery. This hydraulic cylinder is essential for controlling the movement of the excavator&#8217;s boom, allowing it to lift, lower, and tilt with precision. In [&hellip;]<\/p>","protected":false},"featured_media":17868,"comment_status":"open","ping_status":"closed","template":"","meta":{"_et_pb_use_builder":"","_et_pb_old_content":"","_et_gb_content_width":""},"product_brand":[],"product_cat":[1546],"product_tag":[1547,1496],"class_list":{"0":"post-19016","1":"product","2":"type-product","3":"status-publish","4":"has-post-thumbnail","6":"product_cat-boom-cylinders","7":"product_tag-boom-cylinders","8":"product_tag-hydraulic-cylinders","10":"first","11":"instock","12":"shipping-taxable","13":"product-type-simple"},"amp_enabled":true,"_links":{"self":[{"href":"https:\/\/www.hydraulic-cylinders.net\/lv\/wp-json\/wp\/v2\/product\/19016","targetHints":{"allow":["GET"]}}],"collection":[{"href":"https:\/\/www.hydraulic-cylinders.net\/lv\/wp-json\/wp\/v2\/product"}],"about":[{"href":"https:\/\/www.hydraulic-cylinders.net\/lv\/wp-json\/wp\/v2\/types\/product"}],"replies":[{"embeddable":true,"href":"https:\/\/www.hydraulic-cylinders.net\/lv\/wp-json\/wp\/v2\/comments?post=19016"}],"wp:featuredmedia":[{"embeddable":true,"href":"https:\/\/www.hydraulic-cylinders.net\/lv\/wp-json\/wp\/v2\/media\/17868"}],"wp:attachment":[{"href":"https:\/\/www.hydraulic-cylinders.net\/lv\/wp-json\/wp\/v2\/media?parent=19016"}],"wp:term":[{"taxonomy":"product_brand","embeddable":true,"href":"https:\/\/www.hydraulic-cylinders.net\/lv\/wp-json\/wp\/v2\/product_brand?post=19016"},{"taxonomy":"product_cat","embeddable":true,"href":"https:\/\/www.hydraulic-cylinders.net\/lv\/wp-json\/wp\/v2\/product_cat?post=19016"},{"taxonomy":"product_tag","embeddable":true,"href":"https:\/\/www.hydraulic-cylinders.net\/lv\/wp-json\/wp\/v2\/product_tag?post=19016"}],"curies":[{"name":"wp","href":"https:\/\/api.w.org\/{rel}","templated":true}]}}