{"id":19020,"date":"2025-04-07T06:07:31","date_gmt":"2025-04-07T06:07:31","guid":{"rendered":"https:\/\/www.hydraulic-cylinders.net\/product\/boom-cylinder-for-doosan-large-excavator-dx500lc-g\/"},"modified":"2025-04-07T06:07:33","modified_gmt":"2025-04-07T06:07:33","slug":"boom-cylinder-for-doosan-large-excavator-dx500lc-g","status":"publish","type":"product","link":"https:\/\/www.hydraulic-cylinders.net\/lv\/products\/boom-cylinder-for-doosan-large-excavator-dx500lc-g\/","title":{"rendered":"Doosan liela ekskavatora DX500LC-G str\u0113les cilindrs"},"content":{"rendered":"<h1>Doosan liela ekskavatora DX500LC-G str\u0113les cilindrs<\/h1>\n<h2>Produkta p\u0101rskats<\/h2>\n<p>Doosan liel\u0101 ekskavatora DX500LC-G str\u0113les cilindrs ir b\u016btiska hidrauliska sast\u0101vda\u013ca, kas paredz\u0113ta ekskavatora str\u0113les kust\u012bbas vad\u012bbai. \u0160is hidrauliskais cilindrs \u013cauj str\u0113li pacelt, nolaist un noliekt, t\u0101d\u0113j\u0101di atvieglojot efekt\u012bvus materi\u0101lu apstr\u0101des uzdevumus. Str\u0113les cilindram, kam ir iz\u0161\u0137iro\u0161a loma da\u017e\u0101d\u0101s smagaj\u0101s ma\u0161\u012bn\u0101s, iev\u0113rojami uzlabojot t\u0101du iek\u0101rtu k\u0101 ekskavatoru, ekskavatoru un front\u0101lo iekr\u0101v\u0113ju ekspluat\u0101cijas iesp\u0113jas.<\/p>\n<p><img decoding=\"async\" src=\"https:\/\/www.hydraulic-cylinders.net\/wp-content\/uploads\/2025\/04\/songte-company-1.webp\" alt=\"Str\u0113les cilindrs\" \/><\/p>\n<h3>Defin\u012bcija un funkcionalit\u0101te<\/h3>\n<p>Kausa cilindrs, kas \u012bpa\u0161i paredz\u0113ts smagaj\u0101m ma\u0161\u012bn\u0101m, ir hidraulisk\u0101 cilindra veids, kas regul\u0113 pie apr\u012bkojuma piestiprin\u0101to kausu kust\u012bbu. \u0160ie cilindri ir svar\u012bgi t\u0101du uzdevumu veik\u0161anai k\u0101 rak\u0161ana, cel\u0161ana un noliek\u0161ana. Izmantojot hidraulisko \u0161\u0137idrumu zem spiediena, tie nodro\u0161ina vienm\u0113r\u012bgu un sp\u0113c\u012bgu kust\u012bbu, padarot tos neaizst\u0101jamus b\u016bvniec\u012bbas un lauksaimniec\u012bbas darbos.<\/p>\n<h2>Produkta funkcijas<\/h2>\n<ul>\n<li><strong>Augsta iztur\u012bba un ilgm\u016b\u017e\u012bba:<\/strong> \u0160ie cilindri ir izgatavoti no augstas stipr\u012bbas t\u0113rauda vai alum\u012bnija un iztur augstu spiedienu un lielas slodzes, padarot tos piem\u0113rotus skarbiem darba apst\u0101k\u013ciem. Tie ir izstr\u0101d\u0101ti t\u0101, lai b\u016btu iztur\u012bgi pret nodilumu un koroziju, nodro\u0161inot ilg\u0101ku kalpo\u0161anas laiku.<\/li>\n<li><strong>Efekt\u012bva hidraulisk\u0101 darb\u012bba:<\/strong> Tie izmanto hidraulisk\u0101s e\u013c\u013cas spiedienu, lai pan\u0101ktu vienm\u0113r\u012bgu izstiep\u0161anu un ievilk\u0161anu, \u013caujot \u0101tri rea\u0123\u0113t uz vad\u012bbas komand\u0101m un nodro\u0161inot sp\u0113c\u012bgu stum\u0161anas un vilk\u0161anas sp\u0113ku, kas ir ide\u0101li piem\u0113rots smagu un sare\u017e\u0123\u012btu uzdevumu veik\u0161anai.<\/li>\n<li><strong>Da\u017e\u0101di veidi:<\/strong> Str\u0113les cilindri ir pieejami vienvirziena (darbojas vien\u0101 virzien\u0101) vai divk\u0101r\u0161as darb\u012bbas (darbojas abos virzienos) konfigur\u0101cij\u0101s, un tos var piel\u0101got konkr\u0113t\u0101m ekspluat\u0101cijas pras\u012bb\u0101m. Da\u017eiem mode\u013ciem ir teleskopiska konstrukcija, kas nodro\u0161ina liel\u0101ku sasniedzam\u012bbu, nepalielinot \u0101r\u0113jos izm\u0113rus, kas ir ide\u0101li piem\u0113rots darbam sl\u0113gt\u0101s telp\u0101s.<\/li>\n<li><strong>Prec\u012bzijas in\u017eenierija:<\/strong> Ra\u017eots ar stingr\u0101m pielaid\u0113m un kvalit\u0101tes kontroli, nodro\u0161inot optim\u0101lu veiktsp\u0113ju un sader\u012bbu ar da\u017e\u0101diem ekskavatoru mode\u013ciem.<\/li>\n<li><strong>Piel\u0101gojamas opcijas:<\/strong> M\u016bsu cilindrus var piel\u0101got konkr\u0113t\u0101m vajadz\u012bb\u0101m, t\u0101d\u0113j\u0101di uzlabojot to daudzpus\u012bbu da\u017e\u0101dos pielietojumos.<\/li>\n<\/ul>\n<p><img decoding=\"async\" src=\"https:\/\/www.hydraulic-cylinders.net\/wp-content\/uploads\/2025\/04\/songte-cylinder-head-with-all-kinds-excavator-models.webp\" alt=\"Hidrauliskais cilindrs\" \/><\/p>\n<h2>Lietojumprogrammu scen\u0101riji<\/h2>\n<h3>Celtniec\u012bbas apr\u012bkojums<\/h3>\n<p>Ekskavatoros str\u0113les cilindri ir \u013coti svar\u012bgi zemes vai gru\u017eu rak\u0161anai, iekrau\u0161anai un p\u0101rvieto\u0161anai. Tie nodro\u0161ina nepiecie\u0161amo sp\u0113ku, lai efekt\u012bvi iek\u013c\u016btu augsn\u0113 un paceltu smagas kravas, nodro\u0161inot vienm\u0113r\u012bgu darb\u012bbu b\u016bvniec\u012bbas projektu laik\u0101.<\/p>\n<h3>Lauksaimniec\u012bbas tehnika<\/h3>\n<p>Front\u0101lajos iekr\u0101v\u0113jos str\u0113les cilindri pal\u012bdz gr\u0101bt, pacelt un transport\u0113t augsni, sienu un citus materi\u0101lus. To efekt\u012bva darb\u012bba ir \u013coti svar\u012bga da\u017e\u0101diem lauksaimniec\u012bbas darbiem, uzlabojot produktivit\u0101ti un lieto\u0161anas \u0113rtumu.<\/p>\n<h3>Ekskavatori<\/h3>\n<p>Ekskavatoros str\u0113les cilindrs \u013cauj kausam iek\u013c\u016bt augsn\u0113, atvieglojot rak\u0161anas darb\u012bbas. \u0160\u012b sp\u0113ja ir b\u016btiska uzdevumiem, kuriem nepiecie\u0161ama prec\u012bza zemes p\u0101rvieto\u0161ana, t\u0101d\u0113j\u0101di veicinot kop\u0113jo darb\u012bbas efektivit\u0101ti.<\/p>\n<h3>Iekr\u0101v\u0113ji<\/h3>\n<p>Front\u0101lajos iekr\u0101v\u0113jos str\u0113les cilindri pal\u012bdz efekt\u012bvi pacelt un izg\u0101zt kravas. To konstrukcija nodro\u0161ina optim\u0101lu sasniedzam\u012bbu un manevr\u0113tsp\u0113ju, padarot tos neaizst\u0101jamus materi\u0101lu apstr\u0101d\u0113 da\u017e\u0101d\u0101s nozar\u0113s.<\/p>\n<h2>Dizaina apsv\u0113rumi un atlases krit\u0113riji<\/h2>\n<h3>Kravnes\u012bba<\/h3>\n<p>Str\u0113les cilindra kravnes\u012bba ir \u0101rk\u0101rt\u012bgi svar\u012bga, jo t\u0101 nosaka maksim\u0101lo svaru, ko cilindrs var dro\u0161i iztur\u0113t. Ir svar\u012bgi izv\u0113l\u0113ties cilindru, kas var iztur\u0113t paredzam\u0101s slodzes bez boj\u0101juma riska.<\/p>\n<h3>Bl\u012bv\u0113\u0161anas meh\u0101nismi<\/h3>\n<p>Efekt\u012bva bl\u012bv\u0113\u0161ana ir \u013coti svar\u012bga, lai nov\u0113rstu hidraulisk\u0101 \u0161\u0137idruma nopl\u016bdes, kas var izrais\u012bt veiktsp\u0113jas pasliktin\u0101\u0161anos un vides probl\u0113mas. Augstas kvalit\u0101tes bl\u012bv\u0113jumu izv\u0113le nodro\u0161ina ilgsto\u0161u veiktsp\u0113ju un uzticam\u012bbu sare\u017e\u0123\u012btos pielietojumos.<\/p>\n<h3>Iztur\u012bba<\/h3>\n<p>Iztur\u012bba ir b\u016btisks faktors; cilindra ra\u017eo\u0161an\u0101 izmantotajiem materi\u0101liem j\u0101b\u016bt iztur\u012bgiem pret nodilumu, koroziju un ekstrem\u0101liem apst\u0101k\u013ciem. \u0160is apsv\u0113rums pagarina hidraulisk\u0101 cilindra kalpo\u0161anas laiku, laika gait\u0101 samazinot nomai\u0146as izmaksas.<\/p>\n<h3>Dro\u0161\u012bbas funkcijas<\/h3>\n<p>Dro\u0161\u012bbas meh\u0101nismi, piem\u0113ram, spiediena samazin\u0101\u0161anas v\u0101rsti un iztur\u012bgas mont\u0101\u017eas sist\u0113mas, ir vit\u0101li svar\u012bgi. \u0160o elementu integr\u0113\u0161ana konstrukcij\u0101 pal\u012bdz nov\u0113rst negad\u012bjumus un iek\u0101rtu boj\u0101jumus, aizsarg\u0101jot operatorus un iek\u0101rtas.<\/p>\n<h3>Uzturam\u012bba<\/h3>\n<p>Priek\u0161roka tiek dota konstrukcij\u0101m, kas atvieglo apkopi. Tas ietver piek\u013cuvi p\u0101rbaud\u0113m, e\u013c\u013co\u0161anas punktiem un iesp\u0113ju nomain\u012bt bl\u012bves un gult\u0146us bez pla\u0161as demont\u0101\u017eas, nodro\u0161inot minim\u0101lu d\u012bkst\u0101vi apkopes laik\u0101.<\/p>\n<p><img decoding=\"async\" src=\"https:\/\/www.hydraulic-cylinders.net\/wp-content\/uploads\/2025\/04\/songte-oil-pipes-and-spare-parts.webp\" alt=\"Hidraulisk\u0101s da\u013cas\" \/><\/p>\n<h2>Bl\u012bv\u0113\u0161ana un e\u013c\u013co\u0161ana<\/h2>\n<p>Efekt\u012bva bl\u012bv\u0113\u0161ana un e\u013c\u013co\u0161ana ir kritiski svar\u012bga hidraulisko cilindru darb\u012bbai. Lai nov\u0113rstu hidraulisk\u0101 \u0161\u0137idruma zudumus un pies\u0101r\u0146ojumu, tiek izmantoti da\u017e\u0101di bl\u012bv\u0113jumi, piem\u0113ram, virzu\u013ca bl\u012bv\u0113jumi un stie\u0146a bl\u012bv\u0113jumi. \u0160ie bl\u012bv\u0113jumi parasti ir izgatavoti no nodilumiztur\u012bgiem materi\u0101liem, piem\u0113ram, poliuret\u0101na un nitrila gumijas, un tie saglab\u0101 veiktsp\u0113ju sare\u017e\u0123\u012btos apst\u0101k\u013cos. Cilindra korpuss un v\u012bt\u0146ot\u0101s virsmas tiek prec\u012bzi apstr\u0101d\u0101tas, lai uzlabotu nodilumiztur\u012bbu. Regul\u0101ra e\u013c\u013co\u0161ana ar atbilsto\u0161u hidraulisko e\u013c\u013cu ir b\u016btiska, lai nodro\u0161in\u0101tu vienm\u0113r\u012bgu darb\u012bbu un nov\u0113rstu priek\u0161laic\u012bgu deta\u013cu nodilumu.<\/p>\n<h2>Regul\u0101ra apkope un prevent\u012bvie pas\u0101kumi<\/h2>\n<ul>\n<li><strong>Regul\u0101ras p\u0101rbaudes:<\/strong> Regul\u0101ras p\u0101rbaudes, lai noteiktu nopl\u016bdes un nodilumu, ir b\u016btiskas. Probl\u0113mu agr\u012bna atkl\u0101\u0161ana var nov\u0113rst d\u0101rgus remontdarbus un nodro\u0161in\u0101t darb\u012bbas dro\u0161\u012bbu.<\/li>\n<li><strong>Pareiza e\u013c\u013co\u0161ana:<\/strong> Nodro\u0161iniet, lai hidraulisk\u0101s e\u013c\u013cas l\u012bmenis b\u016btu atbilsto\u0161s, un nepiecie\u0161am\u012bbas gad\u012bjum\u0101 nomainiet to, lai sist\u0113ma darbotos nevainojami.<\/li>\n<li><strong>Bl\u012bv\u0113juma nomai\u0146a:<\/strong> Bl\u012bves regul\u0101ri j\u0101p\u0101rbauda, \u200b\u200bvai nav nodiluma, un nekav\u0113joties j\u0101nomaina, lai izvair\u012btos no \u0161\u0137idruma nopl\u016bd\u0113m, kas var pasliktin\u0101t cilindra darb\u012bbu.<\/li>\n<\/ul>\n<h2>Uzst\u0101d\u012b\u0161anas vadl\u012bnijas<\/h2>\n<p>Pareiza str\u0113les cilindra uzst\u0101d\u012b\u0161ana ir b\u016btiska optim\u0101lai veiktsp\u0113jai. Vispirms p\u0101rliecinieties, vai uzst\u0101d\u012b\u0161anas vieta ir t\u012bra un bez gru\u017eiem. Prec\u012bzi izl\u012bdziniet cilindru ar mont\u0101\u017eas kron\u0161teiniem un izmantojiet atbilsto\u0161us mont\u0101\u017eas balstus, lai to nostiprin\u0101tu viet\u0101. Ir svar\u012bgi iev\u0113rot ra\u017eot\u0101ja specifik\u0101cijas attiec\u012bb\u0101 uz griezes momenta iestat\u012bjumiem un izl\u012bdzin\u0101\u0161anu, lai izvair\u012btos no nepareizas izl\u012bdzin\u0101\u0161anas probl\u0113m\u0101m. P\u0113c uzst\u0101d\u012b\u0161anas veiciet r\u016bp\u012bgu p\u0101rbaudi, lai p\u0101rliecin\u0101tos, ka visi savienojumi ir dro\u0161i un nav nopl\u016b\u017eu. Visbeidzot, veiciet funkcionalit\u0101tes p\u0101rbaudi, lai p\u0101rliecin\u0101tos, ka hidraulisk\u0101 sist\u0113ma darbojas k\u0101 paredz\u0113ts.<\/p>\n<h2>Bie\u017ei sastopamie apkopes uzdevumi<\/h2>\n<ul>\n<li><strong>Regul\u0101ras p\u0101rbaudes:<\/strong> Ir \u013coti svar\u012bgi veikt regul\u0101ras p\u0101rbaudes, lai atkl\u0101tu nopl\u016bdes, nodilumu un citas iesp\u0113jamas probl\u0113mas. Agr\u012bna atkl\u0101\u0161ana var nov\u0113rst negaid\u012btus boj\u0101jumus un d\u0101rgas d\u012bkst\u0101ves.<\/li>\n<li><strong>Piem\u0113rota e\u013c\u013co\u0161ana:<\/strong> Hidraulisko komponentu laba iee\u013c\u013co\u0161ana ir \u013coti svar\u012bga netrauc\u0113tai darb\u012bbai. Regul\u0101ri p\u0101rbaudiet e\u013c\u013cas l\u012bmeni un nomainiet hidraulisko \u0161\u0137idrumu saska\u0146\u0101 ar ra\u017eot\u0101ja ieteikumiem.<\/li>\n<li><strong>Bl\u012bv\u0113juma nomai\u0146a:<\/strong> Savlaic\u012bga bl\u012bvju nomai\u0146a nov\u0113r\u0161 \u0161\u0137idruma nopl\u016bdes un uztur spiedienu hidrauliskaj\u0101 sist\u0113m\u0101. Regul\u0101ri p\u0101rbaudiet bl\u012bves, vai nav nodiluma paz\u012bmju, un nomainiet t\u0101s, ja nepiecie\u0161ams.<\/li>\n<\/ul>\n<h2>Dro\u0161\u012bbas apsv\u0113rumi un vides faktori<\/h2>\n<p>Izmantojot hidrauliskos cilindrus, dro\u0161\u012bbas pas\u0101kumu ievie\u0161ana ir \u013coti svar\u012bga, lai aizsarg\u0101tu operatorus un apr\u012bkojumu. Pareiza apm\u0101c\u012bba un dro\u0161\u012bbas protokolu iev\u0113ro\u0161ana samazina negad\u012bjumu risku. Ir svar\u012bgi izmantot aizsargl\u012bdzek\u013cus un nodro\u0161in\u0101t, lai darba zonas b\u016btu br\u012bvas no apdraud\u0113jumiem. Turkl\u0101t ir \u013coti svar\u012bgi \u0146emt v\u0113r\u0101 vides faktorus, piem\u0113ram, iesp\u0113jam\u0101s \u0161\u0137idruma nopl\u016bdes. Videi draudz\u012bgu hidraulisko \u0161\u0137idrumu izmanto\u0161ana un regul\u0101ra apr\u012bkojuma apkope var samazin\u0101t ietekmi uz vidi, nodro\u0161inot atbilst\u012bbu noteikumiem.<\/p>\n<h2>Probl\u0113mu nov\u0113r\u0161ana un bie\u017ei sastopamas probl\u0113mas<\/h2>\n<ul>\n<li><strong>Hidraulisk\u0101s nopl\u016bdes:<\/strong> Nopl\u016bdes bie\u017ei vien var izrais\u012bt nolietotas bl\u012bves vai va\u013c\u012bgi savienojumi. P\u0101rbaudiet, vai bl\u012bves nav boj\u0101tas, un p\u0101rliecinieties, vai visi savienojumi ir cie\u0161i.<\/li>\n<li><strong>Nekonsekventa veiktsp\u0113ja:<\/strong> Ja cilindrs nedarbojas vienm\u0113r\u012bgi, p\u0101rbaudiet, vai hidrauliskaj\u0101 sist\u0113m\u0101 nav gaisa, zema \u0161\u0137idruma l\u012bme\u0146a vai aizs\u0113r\u0113ju\u0161as \u0161\u013c\u016btenes.<\/li>\n<li><strong>P\u0101rkar\u0161ana:<\/strong> P\u0101rkar\u0161ana var liecin\u0101t par zemu hidraulisk\u0101 \u0161\u0137idruma l\u012bmeni vai p\u0101rm\u0113r\u012bgu slodzi. Regul\u0101ra \u0161\u0137idruma l\u012bme\u0146a uzraudz\u012bba un atbilsto\u0161u slodzes ierobe\u017eojumu nodro\u0161in\u0101\u0161ana var nov\u0113rst \u0161o probl\u0113mu.<\/li>\n<\/ul>\n<h2>Probl\u0113mu nov\u0113r\u0161anas padomi<\/h2>\n<p>Diagnostic\u0113jot probl\u0113mas ar str\u0113les cilindru, s\u0101ciet ar r\u016bp\u012bgu vizu\u0101lu p\u0101rbaudi, lai identific\u0113tu visas ac\u012bmredzam\u0101s probl\u0113mas. P\u0101rbaudiet \u0161\u0137idruma l\u012bmeni un mekl\u0113jiet nopl\u016bdes ap bl\u012bv\u0113m un savienot\u0101jiem. Veiciet jebk\u0101du darb\u012bbas trauc\u0113jumu re\u0123istr\u0113\u0161anu, lai noteiktu mode\u013cus, kas var pal\u012bdz\u0113t diagnostic\u0113t past\u0101v\u012bgas probl\u0113mas. Regul\u0101ra apkope var iev\u0113rojami samazin\u0101t probl\u0113mu iesp\u0113jam\u012bbu un uzlabot hidraulisk\u0101 cilindra kalpo\u0161anas laiku, nodro\u0161inot t\u0101 efekt\u012bvu darb\u012bbu turpm\u0101kajos gados.<\/p>\n<p><img decoding=\"async\" src=\"https:\/\/www.hydraulic-cylinders.net\/wp-content\/uploads\/2025\/04\/songte-bushings-with-all-kinds-of-excavator-models.webp\" alt=\"Ekskavatora bukses\" \/><\/p>\n<h2>Par m\u016bsu uz\u0146\u0113mumu<\/h2>\n<p>M\u0113s esam vado\u0161ais rezerves hidraulisko cilindru ra\u017eot\u0101js, kas ir atz\u012bts par m\u016bsu pla\u0161o produktu kl\u0101stu. M\u016bsu ap\u0146em\u0161an\u0101s sasniegt izcil\u012bbu ir nost\u0101d\u012bjusi m\u016bs starp vado\u0161ajiem hidraulisko cilindru ra\u017eot\u0101jiem un vairumtirgot\u0101jiem gan viet\u0113j\u0101, gan starptautiskaj\u0101 tirg\u016b. M\u0113s iev\u0113rojam izsmalcin\u0101tas ra\u017eo\u0161anas vad\u012bbas strat\u0113\u0123iju, izmantojot kvalific\u0113tu person\u0101lu, modernu digit\u0101lo ra\u017eo\u0161anas apr\u012bkojumu un profesion\u0101las test\u0113\u0161anas sist\u0113mas, lai uzlabotu m\u016bsu ra\u017eo\u0161anas platformu. M\u016bsu sp\u0113ja nodro\u0161in\u0101t augstu efektivit\u0101ti, precizit\u0101ti un kvalit\u0101ti \u013cauj mums efekt\u012bvi apmierin\u0101t da\u017e\u0101das klientu vajadz\u012bbas.<\/p>\n<p><img decoding=\"async\" src=\"https:\/\/www.hydraulic-cylinders.net\/wp-content\/uploads\/2025\/04\/songte-company-4.webp\" alt=\"Uz\u0146\u0113mums\" \/><br \/>\n<img decoding=\"async\" src=\"https:\/\/www.hydraulic-cylinders.net\/wp-content\/uploads\/2025\/04\/songte-company-3.webp\" alt=\"Uz\u0146\u0113mums\" \/><\/p>\n<p>M\u016bsu produktiem ir da\u017e\u0101di sertifik\u0101ti, kas nodro\u0161ina atbilst\u012bbu starptautiskajiem standartiem. M\u0113s pied\u0101v\u0101jam piel\u0101gojamus pakalpojumus, kas piel\u0101goti konkr\u0113t\u0101m pras\u012bb\u0101m, nodro\u0161inot, ka m\u016bsu klienti sa\u0146em produktus, kas piln\u012bb\u0101 atbilst vi\u0146u vajadz\u012bb\u0101m. M\u016bsu modern\u0101k\u0101s ra\u017eo\u0161anas iek\u0101rtas papildina sp\u0113c\u012bga p\u0113cp\u0101rdo\u0161anas servisa programma, kas klientiem sniedz atbalstu un pal\u012bdz\u012bbu ikreiz, kad tas nepiecie\u0161ams.<\/p>\n<p>Autors: lil<\/p>","protected":false},"excerpt":{"rendered":"<p>Boom Cylinder For Doosan Large Excavator DX500LC-G Product Overview The Boom Cylinder for Doosan Large Excavator DX500LC-G is an essential hydraulic component designed to control the movement of the excavator&#8217;s boom. This hydraulic cylinder enables the boom to lift, lower, and tilt, facilitating efficient material handling tasks. Serving a pivotal role in various heavy machinery, [&hellip;]<\/p>","protected":false},"featured_media":17872,"comment_status":"open","ping_status":"closed","template":"","meta":{"_et_pb_use_builder":"","_et_pb_old_content":"","_et_gb_content_width":""},"product_brand":[],"product_cat":[1546],"product_tag":[1547,1496],"class_list":{"0":"post-19020","1":"product","2":"type-product","3":"status-publish","4":"has-post-thumbnail","6":"product_cat-boom-cylinders","7":"product_tag-boom-cylinders","8":"product_tag-hydraulic-cylinders","10":"first","11":"instock","12":"shipping-taxable","13":"product-type-simple"},"amp_enabled":true,"_links":{"self":[{"href":"https:\/\/www.hydraulic-cylinders.net\/lv\/wp-json\/wp\/v2\/product\/19020","targetHints":{"allow":["GET"]}}],"collection":[{"href":"https:\/\/www.hydraulic-cylinders.net\/lv\/wp-json\/wp\/v2\/product"}],"about":[{"href":"https:\/\/www.hydraulic-cylinders.net\/lv\/wp-json\/wp\/v2\/types\/product"}],"replies":[{"embeddable":true,"href":"https:\/\/www.hydraulic-cylinders.net\/lv\/wp-json\/wp\/v2\/comments?post=19020"}],"wp:featuredmedia":[{"embeddable":true,"href":"https:\/\/www.hydraulic-cylinders.net\/lv\/wp-json\/wp\/v2\/media\/17872"}],"wp:attachment":[{"href":"https:\/\/www.hydraulic-cylinders.net\/lv\/wp-json\/wp\/v2\/media?parent=19020"}],"wp:term":[{"taxonomy":"product_brand","embeddable":true,"href":"https:\/\/www.hydraulic-cylinders.net\/lv\/wp-json\/wp\/v2\/product_brand?post=19020"},{"taxonomy":"product_cat","embeddable":true,"href":"https:\/\/www.hydraulic-cylinders.net\/lv\/wp-json\/wp\/v2\/product_cat?post=19020"},{"taxonomy":"product_tag","embeddable":true,"href":"https:\/\/www.hydraulic-cylinders.net\/lv\/wp-json\/wp\/v2\/product_tag?post=19020"}],"curies":[{"name":"wp","href":"https:\/\/api.w.org\/{rel}","templated":true}]}}