{"id":19045,"date":"2025-04-07T06:10:07","date_gmt":"2025-04-07T06:10:07","guid":{"rendered":"https:\/\/www.hydraulic-cylinders.net\/product\/boom-cylinder-for-hyundai-large-excavator-r37lc-7\/"},"modified":"2025-04-07T06:10:10","modified_gmt":"2025-04-07T06:10:10","slug":"boom-cylinder-for-hyundai-large-excavator-r37lc-7","status":"publish","type":"product","link":"https:\/\/www.hydraulic-cylinders.net\/lv\/products\/boom-cylinder-for-hyundai-large-excavator-r37lc-7\/","title":{"rendered":"Hyundai lielizm\u0113ra ekskavatora R37LC-7 str\u0113les cilindrs"},"content":{"rendered":"<h1>Hyundai lielizm\u0113ra ekskavatora R37LC-7 str\u0113les cilindrs<\/h1>\n<h2>Ievads str\u0113les cilindr\u0101<\/h2>\n<p>Str\u0113les cilindrs ir svar\u012bga hidrauliska sast\u0101vda\u013ca, ko izmanto \u012bpa\u0161i lielos ekskavatoros, piem\u0113ram, Hyundai R37LC-7. \u0160im hidrauliskajam cilindram ir b\u016btiska loma str\u0113les kust\u012bbas kontrol\u0113\u0161an\u0101, nodro\u0161inot prec\u012bzu pacel\u0161anu, nolai\u0161anu un noliek\u0161anu. Tas ir paredz\u0113ts, lai atvieglotu da\u017e\u0101dus materi\u0101lu apstr\u0101des uzdevumus, nodro\u0161inot, ka smag\u0101 tehnika darbojas efekt\u012bvi un lietder\u012bgi b\u016bvniec\u012bbas un rak\u0161anas projektos.<\/p>\n<p><img decoding=\"async\" src=\"https:\/\/www.hydraulic-cylinders.net\/wp-content\/uploads\/2025\/04\/songte-company-1.webp\" alt=\"Ekskavatoru str\u0113les cilindrs\" \/><\/p>\n<h3>Defin\u012bcija un p\u0101rskats<\/h3>\n<p>Str\u0113les cilindrs ir hidraulisk\u0101 cilindra veids, kas ir neat\u0146emama smago ma\u0161\u012bnu hidraulisko sist\u0113mu sast\u0101vda\u013ca. Ekskavatoros tas kontrol\u0113 str\u0113les kust\u012bbu, \u013caujot ma\u0161\u012bnai rakt, celt un transport\u0113t materi\u0101lus. Hidrauliskais cilindrs darbojas iev\u0113rojama spiediena ietekm\u0113, p\u0101rveidojot hidraulisko ener\u0123iju meh\u0101niskaj\u0101 ener\u0123ij\u0101, lai atvieglotu kust\u012bbu. \u0160\u012b funkcionalit\u0101te ir b\u016btiska da\u017e\u0101dos pielietojumos, piem\u0113ram, b\u016bvniec\u012bb\u0101, ieguves r\u016bpniec\u012bb\u0101 un lauksaimniec\u012bb\u0101, kur nepiecie\u0161ama smagu kravu cel\u0161ana un prec\u012bza manevr\u0113\u0161ana.<\/p>\n<h2>Str\u0113les cilindra \u012bpa\u0161\u012bbas<\/h2>\n<ul>\n<li><strong>Augsta iztur\u012bba un ilgm\u016b\u017e\u012bba:<\/strong> Izgatavots no augstas stipr\u012bbas t\u0113rauda vai alum\u012bnija, str\u0113les cilindrs ir paredz\u0113ts augsta spiediena un lielu kravu iztur\u0113\u0161anai, padarot to piem\u0113rotu skarbiem darba apst\u0101k\u013ciem.<\/li>\n<li><strong>Efekt\u012bva hidraulisk\u0101 darb\u012bba:<\/strong> Cilindrs izmanto hidraulisk\u0101 \u0161\u0137idruma spiedienu, lai nodro\u0161in\u0101tu vienm\u0113r\u012bgu izstiep\u0161anu un ievilk\u0161anu, nodro\u0161inot \u0101tru reakciju uz operatora komand\u0101m un sp\u0113c\u012bgu stum\u0161anas un vilk\u0161anas sp\u0113ku.<\/li>\n<li><strong>Veidu da\u017e\u0101d\u012bba:<\/strong> Str\u0113les cilindri var b\u016bt vienvirziena darb\u012bbas (izmantojot hidraulisko sp\u0113ku vien\u0101 virzien\u0101) vai divk\u0101r\u0161as darb\u012bbas (darbojas abos virzienos), lai apmierin\u0101tu da\u017e\u0101das ekspluat\u0101cijas vajadz\u012bbas. Da\u017ei mode\u013ci ir teleskopiski, kas \u013cauj veikt liel\u0101ku pagarin\u0101jumu, nepalielinot \u0101r\u0113jos izm\u0113rus.<\/li>\n<li><strong>Korozijas iztur\u012bba:<\/strong> \u0160ie cilindri, kas izstr\u0101d\u0101ti ar nodilumiztur\u012bg\u0101m un korozijiztur\u012bg\u0101m \u012bpa\u0161\u012bb\u0101m, pagarina to kalpo\u0161anas laiku pat sare\u017e\u0123\u012btos apst\u0101k\u013cos.<\/li>\n<li><strong>Piel\u0101gojamas opcijas:<\/strong> Cilindrus var piel\u0101got \u012bpa\u0161\u0101m pras\u012bb\u0101m, nodro\u0161inot sader\u012bbu ar da\u017e\u0101diem ekskavatoru mode\u013ciem un pielietojumiem.<\/li>\n<\/ul>\n<p>M\u016bsu produkti var lieliski aizst\u0101t eso\u0161os hidrauliskos cilindrus, nodro\u0161inot neman\u0101mu integr\u0101ciju un veiktsp\u0113ju.<\/p>\n<p><img decoding=\"async\" src=\"https:\/\/www.hydraulic-cylinders.net\/wp-content\/uploads\/2025\/04\/songte-cylinder-head-with-all-kinds-excavator-models.webp\" alt=\"Ekskavatoru mode\u013ci\" \/><\/p>\n<h2>Str\u0113les cilindra pielietojumi<\/h2>\n<h3>Celtniec\u012bbas apr\u012bkojums<\/h3>\n<p>Ekskavatoros str\u0113les cilindri ir b\u016btiski rak\u0161anas darbiem, iekrau\u0161anai un augsnes vai gru\u017eu p\u0101rvieto\u0161anai. Tie \u013cauj veikt prec\u012bzas rak\u0161anas un cel\u0161anas darb\u012bbas, kas ir \u013coti svar\u012bgi b\u016bvniec\u012bbas projektos, kur b\u016btiska ir precizit\u0101te un efektivit\u0101te.<\/p>\n<h3>Lauksaimniec\u012bbas tehnika<\/h3>\n<p>Front\u0101lajos iekr\u0101v\u0113jos str\u0113les cilindri atvieglo augsnes, siena un citu materi\u0101lu sav\u0101k\u0161anu, cel\u0161anu un transport\u0113\u0161anu. To iztur\u012bg\u0101 konstrukcija \u013cauj lauksaimniekiem \u0101tri un efekt\u012bvi apstr\u0101d\u0101t lielus materi\u0101la apjomus.<\/p>\n<h3>Ekskavatori<\/h3>\n<p>Ekskavatoros str\u0113les cilindrs \u013cauj kausam iek\u013c\u016bt zem\u0113, lai nodro\u0161in\u0101tu efekt\u012bvas rak\u0161anas darb\u012bbas. T\u0101 hidraulisk\u0101s iesp\u0113jas nodro\u0161ina vienm\u0113r\u012bgu p\u0101reju starp rak\u0161anas un cel\u0161anas uzdevumiem, kas ir \u013coti svar\u012bgi produktivit\u0101tei.<\/p>\n<h3>Iekr\u0101v\u0113ji<\/h3>\n<p>Front\u0101lajos iekr\u0101v\u0113jos str\u0113les cilindri pal\u012bdz efekt\u012bvi pacelt un izkraut kravas. To uzticam\u0101 darb\u012bba nodro\u0161ina, ka materi\u0101lus var \u0101tri p\u0101rvietot, uzlabojot kop\u0113jo darb\u012bbas efektivit\u0101ti darba viet\u0101s.<\/p>\n<h2>Dizaina apsv\u0113rumi un atlases krit\u0113riji<\/h2>\n<h3>Kravnes\u012bba<\/h3>\n<p>Izv\u0113loties str\u0113les cilindru, ir svar\u012bgi \u0146emt v\u0113r\u0101 j\u016bsu konkr\u0113tajam pielietojumam nepiecie\u0161amo kravnes\u012bbu. Cilindram j\u0101sp\u0113j bez atteices iztur\u0113t darb\u012bbas laik\u0101 rad\u012bto svaru un sp\u0113kus. Liel\u0101ka kravnes\u012bba var nodro\u0161in\u0101t papildu dro\u0161\u012bbas rezervi, \u012bpa\u0161i sare\u017e\u0123\u012btos apst\u0101k\u013cos.<\/p>\n<h3>Bl\u012bv\u0113\u0161anas efektivit\u0101te<\/h3>\n<p>Efekt\u012bva bl\u012bv\u0113\u0161ana ir kritiski svar\u012bga hidrauliskaj\u0101s sist\u0113m\u0101s, lai nov\u0113rstu \u0161\u0137idruma nopl\u016bdes un uztur\u0113tu spiedienu. Bl\u012bv\u0113jumu izv\u0113le un to uzst\u0101d\u012b\u0161ana tie\u0161i ietekm\u0113 cilindra veiktsp\u0113ju un ilgm\u016b\u017e\u012bbu. Augstas kvalit\u0101tes bl\u012bv\u0113jumi, kas izgatavoti no iztur\u012bgiem materi\u0101liem, var iev\u0113rojami uzlabot darb\u012bbas uzticam\u012bbu.<\/p>\n<h3>Iztur\u012bba<\/h3>\n<p>Iztur\u012bba ir galvenais faktors str\u0113les cilindru konstrukcij\u0101. \u0145emot v\u0113r\u0101 ekstrem\u0101los apst\u0101k\u013cus, k\u0101dos tie bie\u017ei darbojas, komponentiem j\u0101b\u016bt konstru\u0113tiem t\u0101, lai tie b\u016btu iztur\u012bgi pret nodilumu. Tas ietver korozijiztur\u012bgu materi\u0101lu un aizsargp\u0101rkl\u0101jumu izmanto\u0161anu, lai pagarin\u0101tu cilindra kalpo\u0161anas laiku.<\/p>\n<h3>Dro\u0161\u012bbas funkcijas<\/h3>\n<p>Dro\u0161\u012bba ir \u0101rk\u0101rt\u012bgi svar\u012bga, str\u0101d\u0101jot ar smag\u0101m ma\u0161\u012bn\u0101m. Str\u0113les cilindriem j\u0101b\u016bt apr\u012bkotiem ar dro\u0161\u012bbas meh\u0101nismiem un ierobe\u017eojuma sl\u0113d\u017eiem, lai nov\u0113rstu p\u0101rstiep\u0161anos un citas b\u012bstamas situ\u0101cijas. Pareizi dro\u0161\u012bbas meh\u0101nismi nodro\u0161ina, ka operatori var str\u0101d\u0101t p\u0101rliecino\u0161i un samazina negad\u012bjumu risku.<\/p>\n<h3>Apkopes pieejam\u012bba<\/h3>\n<p>Visbeidzot, svar\u012bgs konstrukcijas apsv\u0113rums ir apkopes vienk\u0101r\u0161\u012bba. Balonam j\u0101b\u016bt projekt\u0113tam t\u0101, lai to b\u016btu viegli p\u0101rbaud\u012bt un apkalpot, \u013caujot operatoriem \u0101tri risin\u0101t probl\u0113mas un veikt regul\u0101ru apkopi bez ilgsto\u0161as \u200b\u200bd\u012bkst\u0101ves.<\/p>\n<p><img decoding=\"async\" src=\"https:\/\/www.hydraulic-cylinders.net\/wp-content\/uploads\/2025\/04\/songte-oil-pipes-and-spare-parts.webp\" alt=\"Hidraulisk\u0101s da\u013cas\" \/><\/p>\n<h2>Bl\u012bv\u0113\u0161ana un e\u013c\u013co\u0161ana<\/h2>\n<p>Pareiza bl\u012bv\u0113\u0161ana un e\u013c\u013co\u0161ana ir b\u016btiska str\u0113les cilindru optim\u0101lai darb\u012bbai. Lai nov\u0113rstu hidraulisk\u0101 \u0161\u0137idruma nopl\u016bdes, tiek izmantoti da\u017e\u0101di bl\u012bv\u0113jumi, piem\u0113ram, virzu\u013ca bl\u012bv\u0113jumi un stie\u0146a bl\u012bv\u0113jumi. Augstas kvalit\u0101tes materi\u0101li, piem\u0113ram, poliuret\u0101ns un nitrilgumija, parasti tiek izv\u0113l\u0113ti to iztur\u012bbas pret nodilumu un \u0137\u012bmisko iedarb\u012bbu d\u0113\u013c.<\/p>\n<p>Cilindra korpuss un v\u012bt\u0146ot\u0101s gala virsmas tiek r\u016bp\u012bgi apstr\u0101d\u0101tas, lai uzlabotu nodilumiztur\u012bbu un nodro\u0161in\u0101tu ilgm\u016b\u017e\u012bbu. Regul\u0101ra e\u013c\u013co\u0161ana ar atbilsto\u0161u hidraulisko e\u013c\u013cu ir \u013coti svar\u012bga, lai saglab\u0101tu veiktsp\u0113ju un nov\u0113rstu boj\u0101jumus berzes un karstuma uzkr\u0101\u0161an\u0101s d\u0113\u013c.<\/p>\n<h2>Prevent\u012bvie apkopes pas\u0101kumi<\/h2>\n<ul>\n<li><strong>Regul\u0101ras p\u0101rbaudes:<\/strong> Veiciet regul\u0101ras p\u0101rbaudes, lai noteiktu nodiluma, nopl\u016b\u017eu un boj\u0101jumu paz\u012bmes, lai laikus identific\u0113tu iesp\u0113jam\u0101s probl\u0113mas.<\/li>\n<li><strong>Piem\u0113rota e\u013c\u013co\u0161ana:<\/strong> P\u0101rliecinieties, ka hidraulisk\u0101s e\u013c\u013cas l\u012bmenis ir pietiekams un ka e\u013c\u013co\u0161ana tiek veikta ieteicamajos interv\u0101los, lai samazin\u0101tu nodilumu.<\/li>\n<li><strong>Bl\u012bv\u0113juma nomai\u0146a:<\/strong> Uzraugiet bl\u012bv\u0113jumu nodilumu un nekav\u0113joties nomainiet tos, lai saglab\u0101tu hidraulisko integrit\u0101ti un nov\u0113rstu nopl\u016bdes.<\/li>\n<\/ul>\n<h2>Uzst\u0101d\u012b\u0161anas vadl\u012bnijas<\/h2>\n<p>Pareiza str\u0113les cilindra uzst\u0101d\u012b\u0161ana ir \u013coti svar\u012bga t\u0101 veiktsp\u0113jai un ilgm\u016b\u017e\u012bbai. Lai pareizi uzst\u0101d\u012btu, veiciet t\u0101l\u0101k nor\u0101d\u012bt\u0101s darb\u012bbas.<\/p>\n<ol>\n<li><strong>Izl\u012bdziniet cilindru:<\/strong> P\u0101rliecinieties, vai cilindrs ir pareizi izl\u012bdzin\u0101ts ar stiprin\u0101juma punktiem, lai darb\u012bbas laik\u0101 izvair\u012btos no nevajadz\u012bgas slodzes vai nepareizas izl\u012bdzin\u0101\u0161anas.<\/li>\n<li><strong>Izmantojiet atbilsto\u0161us mont\u0101\u017eas kron\u0161teinus:<\/strong> Izmantojiet piem\u0113rotus kron\u0161teinus, lai stingri nostiprin\u0101tu cilindru viet\u0101, nov\u0113r\u0161ot kust\u012bbas, kas var\u0113tu izrais\u012bt boj\u0101jumus.<\/li>\n<li><strong>P\u0101rbaudiet savienojumus:<\/strong> Pirms iek\u0101rtas iedarbin\u0101\u0161anas p\u0101rbaudiet visus hidrauliskos savienojumus, lai p\u0101rliecin\u0101tos, ka tie ir cie\u0161i un bez nopl\u016bd\u0113m.<\/li>\n<li><strong>Veiciet kalibr\u0113\u0161anas p\u0101rbaudes:<\/strong> P\u0113c instal\u0113\u0161anas kalibr\u0113jiet sist\u0113mu, lai nodro\u0161in\u0101tu optim\u0101lu veiktsp\u0113ju un atsauc\u012bbu.<\/li>\n<li><strong>Regul\u0101ra apkope:<\/strong> Iepl\u0101nojiet regul\u0101ras apkopes p\u0101rbaudes, lai nov\u0113rt\u0113tu cilindra un apk\u0101rt\u0113jo komponentu st\u0101vokli.<\/li>\n<\/ol>\n<p><img decoding=\"async\" src=\"https:\/\/www.hydraulic-cylinders.net\/wp-content\/uploads\/2025\/04\/songte-chushion-collar.webp\" alt=\"Str\u0113les cilindra uzst\u0101d\u012b\u0161ana\" \/><\/p>\n<h2>Dro\u0161\u012bbas apsv\u0113rumi un vides faktori<\/h2>\n<p>Str\u0101d\u0101jot ar hidrauliskaj\u0101m sist\u0113m\u0101m, dro\u0161\u012bbas pas\u0101kumi ir \u0101rk\u0101rt\u012bgi svar\u012bgi. Vienm\u0113r iev\u0113rojiet ra\u017eot\u0101ja vadl\u012bnijas un ekspluat\u0101cijas protokolus, lai nodro\u0161in\u0101tu str\u0113les cilindru dro\u0161u darb\u012bbu. Turkl\u0101t \u0146emiet v\u0113r\u0101 vides faktorus, kas var ietekm\u0113t cilindru darb\u012bbu, piem\u0113ram, ekstrem\u0101las temperat\u016bras un saskari ar kod\u012bg\u0101m viel\u0101m. Lai samazin\u0101tu riskus ekspluat\u0101cijas laik\u0101, ir svar\u012bga ar\u012b atbilsto\u0161a operatoru apm\u0101c\u012bba.<\/p>\n<h2>K\u013c\u016bmju diagnostika un bie\u017e\u0101k sastopam\u0101s probl\u0113mas<\/h2>\n<ul>\n<li><strong>\u0160\u0137idruma nopl\u016bde:<\/strong> Viena no visbie\u017e\u0101k sastopamaj\u0101m probl\u0113m\u0101m ir \u0161\u0137idruma nopl\u016bde, kas var liecin\u0101t par bl\u012bv\u0113juma atteici vai boj\u0101jumu. Regul\u0101ri p\u0101rbaudiet bl\u012bves un savienojumus, lai nov\u0113rstu darb\u012bbas neefektivit\u0101ti.<\/li>\n<li><strong>Nekonsekventa kust\u012bba:<\/strong> Ja str\u0113les cilindrs kustas saraust\u012bti vai nevienm\u0113r\u012bgi, tas var b\u016bt saist\u012bts ar nepietiekamu hidraulisk\u0101 \u0161\u0137idruma vai gaisa daudzumu sist\u0113m\u0101. P\u0101rliecinieties par pareizu \u0161\u0137idruma l\u012bmeni un nepiecie\u0161am\u012bbas gad\u012bjum\u0101 atgaisojiet sist\u0113mu.<\/li>\n<li><strong>P\u0101rkar\u0161ana:<\/strong> P\u0101rkar\u0161ana var izrais\u012bt nopietnus boj\u0101jumus. Uzraugiet darba temperat\u016bru un nodro\u0161iniet atbilsto\u0161u e\u013c\u013co\u0161anu, lai izvair\u012btos no p\u0101rkar\u0161anas.<\/li>\n<\/ul>\n<h2>Probl\u0113mu nov\u0113r\u0161anas padomi<\/h2>\n<p>Lai efekt\u012bvi diagnostic\u0113tu un nov\u0113rstu probl\u0113mas ar str\u0113les cilindriem, \u0146emiet v\u0113r\u0101 \u0161\u0101dus padomus:<\/p>\n<ul>\n<li>Veiciet regul\u0101ras apkopes p\u0101rbaudes, lai identific\u0113tu iesp\u0113jam\u0101s probl\u0113mas, pirms t\u0101s saasin\u0101s.<\/li>\n<li>Veiciet detaliz\u0113tu veiktsp\u0113jas un apkopes darb\u012bbu \u017eurn\u0101lu, lai izsekotu jebk\u0101d\u0101m izmai\u0146\u0101m vai anom\u0101lij\u0101m.<\/li>\n<li>Ja rodas simptomi, nekav\u0113joties iepaz\u012bstieties ar ra\u017eot\u0101ja probl\u0113mu nov\u0113r\u0161anas rokasgr\u0101matu, lai risin\u0101tu konkr\u0113tas probl\u0113mas.<\/li>\n<\/ul>\n<p><img decoding=\"async\" src=\"https:\/\/www.hydraulic-cylinders.net\/wp-content\/uploads\/2025\/04\/songte-bushings-with-all-kinds-of-excavator-models.webp\" alt=\"Ekskavatora bukses\" \/><\/p>\n<h2>Secin\u0101jums: M\u016bsu uz\u0146\u0113mums<\/h2>\n<p>M\u0113s esam vado\u0161ais rezerves hidraulisko cilindru ra\u017eot\u0101js, kas pied\u0101v\u0101 pla\u0161u produktu kl\u0101stu, kas atbilst viet\u0113j\u0101 un starptautisk\u0101 tirgus pras\u012bb\u0101m. M\u016bsu ap\u0146em\u0161an\u0101s sasniegt izcil\u012bbu atspogu\u013cojas m\u016bsu detaliz\u0113tajos ra\u017eo\u0161anas procesos un stingrajos kvalit\u0101tes kontroles pas\u0101kumos. M\u0113s izmantojam progres\u012bvas tehnolo\u0123ijas, prasm\u012bgu person\u0101lu un stabilu p\u0101rbaudes sist\u0113mu, lai uzlabotu m\u016bsu ra\u017eo\u0161anas iesp\u0113jas.<\/p>\n<p>M\u016bsu uzsvars uz kvalit\u0101ti nodro\u0161ina, ka m\u016bsu produkti atbilst da\u017e\u0101diem nozares standartiem un sertifik\u0101tiem. Turkl\u0101t m\u0113s pied\u0101v\u0101jam piel\u0101gotus risin\u0101jumus, lai apmierin\u0101tu \u012bpa\u0161as klientu vajadz\u012bbas, k\u0101 ar\u012b izcilu p\u0113cp\u0101rdo\u0161anas apkalpo\u0161anu, lai atbalst\u012btu m\u016bsu klientus hidraulisko sist\u0113mu efekt\u012bv\u0101 apkop\u0113.<\/p>\n<p><img decoding=\"async\" src=\"https:\/\/www.hydraulic-cylinders.net\/wp-content\/uploads\/2025\/04\/songte-company-4.webp\" alt=\"Uz\u0146\u0113muma p\u0101rskats\" \/><br \/>\n<img decoding=\"async\" src=\"https:\/\/www.hydraulic-cylinders.net\/wp-content\/uploads\/2025\/04\/songte-company-3.webp\" alt=\"Ra\u017eo\u0161anas iek\u0101rtas\" \/><\/p>\n<p>Autors: lil<\/p>","protected":false},"excerpt":{"rendered":"<p>Boom Cylinder For Hyundai Large Excavator R37LC-7 Introduction to Boom Cylinder The Boom Cylinder is a crucial hydraulic component used specifically in large excavators such as the Hyundai R37LC-7. This hydraulic cylinder plays a vital role in controlling the movement of the boom, allowing for precise lifting, lowering, and tilting actions. It is designed to [&hellip;]<\/p>","protected":false},"featured_media":17881,"comment_status":"open","ping_status":"closed","template":"","meta":{"_et_pb_use_builder":"","_et_pb_old_content":"","_et_gb_content_width":""},"product_brand":[],"product_cat":[1546],"product_tag":[1547,1496],"class_list":{"0":"post-19045","1":"product","2":"type-product","3":"status-publish","4":"has-post-thumbnail","6":"product_cat-boom-cylinders","7":"product_tag-boom-cylinders","8":"product_tag-hydraulic-cylinders","10":"first","11":"instock","12":"shipping-taxable","13":"product-type-simple"},"amp_enabled":true,"_links":{"self":[{"href":"https:\/\/www.hydraulic-cylinders.net\/lv\/wp-json\/wp\/v2\/product\/19045","targetHints":{"allow":["GET"]}}],"collection":[{"href":"https:\/\/www.hydraulic-cylinders.net\/lv\/wp-json\/wp\/v2\/product"}],"about":[{"href":"https:\/\/www.hydraulic-cylinders.net\/lv\/wp-json\/wp\/v2\/types\/product"}],"replies":[{"embeddable":true,"href":"https:\/\/www.hydraulic-cylinders.net\/lv\/wp-json\/wp\/v2\/comments?post=19045"}],"wp:featuredmedia":[{"embeddable":true,"href":"https:\/\/www.hydraulic-cylinders.net\/lv\/wp-json\/wp\/v2\/media\/17881"}],"wp:attachment":[{"href":"https:\/\/www.hydraulic-cylinders.net\/lv\/wp-json\/wp\/v2\/media?parent=19045"}],"wp:term":[{"taxonomy":"product_brand","embeddable":true,"href":"https:\/\/www.hydraulic-cylinders.net\/lv\/wp-json\/wp\/v2\/product_brand?post=19045"},{"taxonomy":"product_cat","embeddable":true,"href":"https:\/\/www.hydraulic-cylinders.net\/lv\/wp-json\/wp\/v2\/product_cat?post=19045"},{"taxonomy":"product_tag","embeddable":true,"href":"https:\/\/www.hydraulic-cylinders.net\/lv\/wp-json\/wp\/v2\/product_tag?post=19045"}],"curies":[{"name":"wp","href":"https:\/\/api.w.org\/{rel}","templated":true}]}}