{"id":19050,"date":"2025-04-07T06:10:22","date_gmt":"2025-04-07T06:10:22","guid":{"rendered":"https:\/\/www.hydraulic-cylinders.net\/product\/boom-cylinder-for-hyundai-large-excavator-r450lc-5\/"},"modified":"2025-04-07T06:10:24","modified_gmt":"2025-04-07T06:10:24","slug":"boom-cylinder-for-hyundai-large-excavator-r450lc-5","status":"publish","type":"product","link":"https:\/\/www.hydraulic-cylinders.net\/lv\/products\/boom-cylinder-for-hyundai-large-excavator-r450lc-5\/","title":{"rendered":"Hyundai lielizm\u0113ra ekskavatora R450LC-5 str\u0113les cilindrs"},"content":{"rendered":"<h1>Hyundai lielizm\u0113ra ekskavatora R450LC-5 str\u0113les cilindrs<\/h1>\n<h2>Ievads str\u0113les cilindros<\/h2>\n<p>Str\u0113les cilindrs ir kritiski svar\u012bga hidrauliska sast\u0101vda\u013ca, kas \u012bpa\u0161i paredz\u0113ta, lai kontrol\u0113tu str\u0113les sviras kust\u012bbu smagaj\u0101s ma\u0161\u012bn\u0101s, piem\u0113ram, ekskavatoros, univers\u0101lajos iekr\u0101v\u0113jos un front\u0101lajos iekr\u0101v\u0113jos. Tas \u013cauj str\u0113lei pacelt, nolaist un noliekt, t\u0101d\u0113j\u0101di atvieglojot efekt\u012bvus materi\u0101lu apstr\u0101des uzdevumus. \u0160ie hidrauliskie cilindri darbojas, izmantojot hidraulisk\u0101 \u0161\u0137idruma spiedienu, lai rad\u012btu kontrol\u0113tas kust\u012bbas, padarot tos par b\u016btiskiem pla\u0161am pielietojumu kl\u0101stam b\u016bvniec\u012bbas un lauksaimniec\u012bbas ma\u0161\u012bn\u0101s.<\/p>\n<p><img decoding=\"async\" src=\"https:\/\/www.hydraulic-cylinders.net\/wp-content\/uploads\/2025\/04\/songte-company-1.webp\" alt=\"Str\u0113les cilindrs\" \/><\/p>\n<h2>Str\u0113les cilindra galven\u0101s iez\u012bmes<\/h2>\n<ul>\n<li><strong>Augsta iztur\u012bba un ilgm\u016b\u017e\u012bba:<\/strong> \u0160ie cilindri, kas parasti ir izgatavoti no augstas stipr\u012bbas t\u0113rauda vai alum\u012bnija, var iztur\u0113t augstu spiedienu un lielas slodzes. Tie ir izstr\u0101d\u0101ti t\u0101, lai b\u016btu iztur\u012bgi pret nodilumu un koroziju, pagarinot to kalpo\u0161anas laiku pat skarbos darba apst\u0101k\u013cos.<\/li>\n<li><strong>Efekt\u012bva hidraulisk\u0101 darb\u012bba:<\/strong> Izmantojot hidraulisk\u0101s e\u013c\u013cas spiedienu, cilindri nodro\u0161ina vienm\u0113r\u012bgu ievilk\u0161anu un izstiep\u0161anu, \u013caujot \u0101tri rea\u0123\u0113t uz operatora komand\u0101m un rad\u012bt jaud\u012bgus stum\u0161anas un vilk\u0161anas sp\u0113kus, kas piem\u0113roti smagiem un sare\u017e\u0123\u012btiem uzdevumiem.<\/li>\n<li><strong>Da\u017e\u0101di veidi:<\/strong> Str\u0113les cilindri ir pieejami vienk\u0101r\u0161\u0101s darb\u012bbas (izmantojot hidraulisko sp\u0113ku vien\u0101 virzien\u0101) vai divk\u0101r\u0161\u0101s darb\u012bbas (izmantojot hidraulisko sp\u0113ku abos virzienos) konfigur\u0101cij\u0101s, kas atbilst da\u017e\u0101d\u0101m ekspluat\u0101cijas vajadz\u012bb\u0101m. Da\u017eiem mode\u013ciem ir teleskopiska konstrukcija, kas nodro\u0161ina liel\u0101ku pagarin\u0101jumu, nepalielinot \u0101r\u0113jos izm\u0113rus, kas ir ide\u0101li piem\u0113rots darbam ar ierobe\u017eotu vietu.<\/li>\n<li><strong>Sader\u012bba:<\/strong> M\u0113s ra\u017eojam \u0161os str\u0113les cilindrus, lai perfekti aizst\u0101tu eso\u0161os hidrauliskos cilindrus, kas atrodami da\u017e\u0101dos tehnikas mode\u013cos, nodro\u0161inot neman\u0101mu integr\u0101ciju un veiktsp\u0113ju.<\/li>\n<li><strong>Piel\u0101gojamas opcijas:<\/strong> Klientiem ir iesp\u0113ja piel\u0101got specifik\u0101cijas atbilsto\u0161i sav\u0101m unik\u0101laj\u0101m pras\u012bb\u0101m, uzlabojot elast\u012bbu un funkcionalit\u0101ti da\u017e\u0101dos darb\u012bbas scen\u0101rijos.<\/li>\n<\/ul>\n<p><img decoding=\"async\" src=\"https:\/\/www.hydraulic-cylinders.net\/wp-content\/uploads\/2025\/04\/songte-cylinder-head-with-all-kinds-excavator-models.webp\" alt=\"Ekskavatoru mode\u013ci\" \/><\/p>\n<h2>Str\u0113les cilindru pielietojuma scen\u0101riji<\/h2>\n<h3>1. Celtniec\u012bbas tehnika<\/h3>\n<p>Ekskavatoros str\u0113les cilindri ir \u013coti svar\u012bgi zemes vai gru\u017eu rak\u0161anai, iekrau\u0161anai un transport\u0113\u0161anai. Str\u0113les cilindra rad\u012btais hidrauliskais sp\u0113ks \u013cauj ekskavatoram veikt sp\u0113c\u012bgas rak\u0161anas darb\u012bbas, padarot to par neaizst\u0101jamu instrumentu b\u016bvniec\u012bbas projektos. Turkl\u0101t ekskavatoros-iekr\u0101v\u0113jos str\u0113les cilindri pal\u012bdz gan rak\u0161anas, gan cel\u0161anas darbos, nodro\u0161inot daudzpus\u012bbu da\u017e\u0101dos uzdevumos, piem\u0113ram, tran\u0161eju rak\u0161an\u0101 un materi\u0101lu iekrau\u0161an\u0101 kravas automa\u0161\u012bn\u0101s.<\/p>\n<h3>2. Lauksaimniec\u012bbas tehnika<\/h3>\n<p>Front\u0101lajos iekr\u0101v\u0113jos str\u0113les cilindriem ir b\u016btiska loma augsnes, siena un citu materi\u0101lu sav\u0101k\u0161an\u0101, cel\u0161an\u0101 un transport\u0113\u0161an\u0101. \u0160o cilindru efekt\u012bv\u0101 darb\u012bba \u013cauj \u0101tri un efekt\u012bvi veikt lauksaimniec\u012bbas uzdevumus, t\u0101d\u0113j\u0101di palielinot ra\u017e\u012bgumu saimniec\u012bb\u0101s. Nodro\u0161inot vienm\u0113r\u012bgas kust\u012bbas, str\u0113les cilindri uzlabo lauksaimniec\u012bbas tehnikas funkcionalit\u0101ti, padarot tos par b\u016btiskiem m\u016bsdienu lauksaimniec\u012bbas praks\u0113.<\/p>\n<h3>3. Ekskavatori<\/h3>\n<p>Str\u0113les cilindrs \u013cauj ekskavatora kausam efekt\u012bvi iek\u013c\u016bt augsn\u0113, pan\u0101kot v\u0113lamo rak\u0161anas darb\u012bbu. \u0160\u012b sp\u0113ja prec\u012bzi un jaud\u012bgi p\u0101rvietot kausu padara ekskavatorus par iecien\u012btu izv\u0113li zemes p\u0101rvieto\u0161anas un b\u016bvniec\u012bbas darbiem. Hidraulisk\u0101 sist\u0113ma, tostarp str\u0113les cilindrs, nodro\u0161ina, ka operatori var efekt\u012bvi veikt savu darbu pat sare\u017e\u0123\u012btos apst\u0101k\u013cos.<\/p>\n<h3>4. Iekr\u0101v\u0113ji<\/h3>\n<p>Front\u0101lajos iekr\u0101v\u0113jos str\u0113les cilindri pal\u012bdz efekt\u012bvi pacelt un izkraut kravas. \u0160o cilindru nodro\u0161in\u0101tais hidrauliskais sp\u0113ks \u013cauj operatoriem viegli apstr\u0101d\u0101t smagus materi\u0101lus, uzlabojot darb\u012bbas efektivit\u0101ti. Str\u0113les cilindru konstrukcija un funkcionalit\u0101te padara tos par iz\u0161\u0137iro\u0161iem iekrau\u0161anas tehnikas kop\u0113j\u0101s veiktsp\u0113jas uzlabo\u0161an\u0101, nodro\u0161inot, ka uzdevumi tiek paveikti \u0101tri un efekt\u012bvi.<\/p>\n<h2>Dizaina apsv\u0113rumi un atlases krit\u0113riji<\/h2>\n<h3>1. Kravnes\u012bba<\/h3>\n<p>Str\u0113les cilindra kravnes\u012bba ir \u0101rk\u0101rt\u012bgi svar\u012bga. Tam j\u0101sp\u0113j iztur\u0113t paredz\u0113to kravu svaru, neapdraudot dro\u0161\u012bbu vai veiktsp\u0113ju. Projekt\u0113jot j\u0101\u0146em v\u0113r\u0101 konkr\u0113t\u0101s tehnikas, kur\u0101 tas tiks izmantots, maksim\u0101l\u0101s kravnes\u012bbas pras\u012bbas, nodro\u0161inot, ka cilindrs var dro\u0161i darboties visos paredzamajos apst\u0101k\u013cos.<\/p>\n<h3>2. Bl\u012bv\u0113juma veiktsp\u0113ja<\/h3>\n<p>Efekt\u012bva bl\u012bv\u0113\u0161ana ir \u013coti svar\u012bga, lai uztur\u0113tu hidraulisko spiedienu un nov\u0113rstu \u0161\u0137idruma nopl\u016bdi. Bl\u012bv\u0113\u0161anas materi\u0101lu un konstrukciju izv\u0113lei j\u0101nodro\u0161ina iztur\u012bba un uzticam\u012bba pat augstspiediena pielietojumos. Pareiza bl\u012bv\u0113\u0161ana ne tikai uzlabo efektivit\u0101ti, bet ar\u012b pagarina cilindra kalpo\u0161anas laiku, laika gait\u0101 samazinot apkopes izmaksas.<\/p>\n<h3>3. Iztur\u012bba<\/h3>\n<p>Iztur\u012bba ir b\u016btiska str\u0113les cilindru konstrukcij\u0101, jo tie darbojas sare\u017e\u0123\u012btos apst\u0101k\u013cos. Lai nodro\u0161in\u0101tu uzticamu darb\u012bbu, ir nepiecie\u0161ami materi\u0101li, kas var iztur\u0113t nodilumu, koroziju un nogurumu. Turkl\u0101t ra\u017eo\u0161anas procesi, kas uzlabo cilindra struktur\u0101lo integrit\u0101ti, veicina t\u0101 ilgtermi\u0146a iztur\u012bbu un darb\u012bbas efektivit\u0101ti.<\/p>\n<h3>4. Dro\u0161\u012bbas funkcijas<\/h3>\n<p>Dro\u0161\u012bbas elementu iek\u013cau\u0161ana str\u0113les cilindru konstrukcij\u0101 ir \u013coti svar\u012bga. Tas ietver meh\u0101nismus p\u0101rslodzes nov\u0113r\u0161anai, k\u0101 ar\u012b dro\u0161\u012bbas v\u0101rstus, kas var atbr\u012bvot spiedienu darb\u012bbas trauc\u0113jumu gad\u012bjum\u0101. Nodro\u0161inot, ka \u0161\u012bs dro\u0161\u012bbas funkcijas ir efekt\u012bvas, tiek aizsarg\u0101ta ne tikai tehnika, bet ar\u012b operatori un apk\u0101rt\u0113jais person\u0101ls.<\/p>\n<h3>5. Apkopes pieejam\u012bba<\/h3>\n<p>Projekt\u0113jot j\u0101\u0146em v\u0113r\u0101 ar\u012b apkopes vienk\u0101r\u0161\u012bba. Funkcijas, kas \u013cauj veikt vienk\u0101r\u0161as p\u0101rbaudes, e\u013c\u013co\u0161anu un remontu, var iev\u0113rojami samazin\u0101t d\u012bkst\u0101ves laiku un pagarin\u0101t str\u0113les cilindra kalpo\u0161anas laiku. Piek\u013cuve apkopes uzdevumu veik\u0161anai uzlabo darb\u012bbas efektivit\u0101ti un samazina negaid\u012btu k\u013c\u016bmju iesp\u0113jam\u012bbu lieto\u0161anas laik\u0101.<\/p>\n<p><img decoding=\"async\" src=\"https:\/\/www.hydraulic-cylinders.net\/wp-content\/uploads\/2025\/04\/songte-oil-pipes-and-spare-parts.webp\" alt=\"E\u013c\u013cas caurules un rezerves da\u013cas\" \/><\/p>\n<h2>Str\u0113les cilindra bl\u012bv\u0113\u0161ana un e\u013c\u013co\u0161ana<\/h2>\n<p>Pareiza bl\u012bv\u0113\u0161ana un e\u013c\u013co\u0161ana ir b\u016btiska str\u0113les cilindru ilgm\u016b\u017e\u012bbai un veiktsp\u0113jai. Lai nov\u0113rstu hidraulisk\u0101 \u0161\u0137idruma nopl\u016bdi no cilindra, tiek izmantoti da\u017e\u0101di bl\u012bv\u0113\u0161anas elementi, piem\u0113ram, virzu\u013ca bl\u012bves un stie\u0146a bl\u012bves. Bl\u012bv\u0113\u0161anas materi\u0101lu, tostarp poliuret\u0101na un nitrila gumijas, izv\u0113le ir \u013coti svar\u012bga, jo \u0161ie materi\u0101li nodro\u0161ina izcilu nodilumiztur\u012bbu un var iztur\u0113t skarbus ekspluat\u0101cijas apst\u0101k\u013cus.<\/p>\n<p>Cilindra korpuss un v\u012bt\u0146otie gali ir r\u016bp\u012bgi j\u0101apstr\u0101d\u0101, lai uzlabotu nodilumiztur\u012bbu, nodro\u0161inot, ka bl\u012bv\u0113jumi laika gait\u0101 saglab\u0101 savu integrit\u0101ti. Nepiecie\u0161ama regul\u0101ra e\u013c\u013co\u0161ana; operatoriem regul\u0101ri j\u0101uzpilda hidraulisk\u0101 e\u013c\u013ca, lai nodro\u0161in\u0101tu vienm\u0113r\u012bgu darb\u012bbu un nov\u0113rstu bl\u012bv\u0113jumu un citu iek\u0161\u0113jo sast\u0101vda\u013cu priek\u0161laic\u012bgu nodilumu.<\/p>\n<h2>Regul\u0101ras p\u0101rbaudes un profilaktisk\u0101s apkopes pas\u0101kumi<\/h2>\n<ul>\n<li><strong>Regul\u0101ras p\u0101rbaudes:<\/strong> Ir svar\u012bgi veikt regul\u0101ras str\u0113les cilindra p\u0101rbaudes. Operatoriem j\u0101p\u0101rbauda, \u200b\u200bvai nav nodiluma, nopl\u016b\u017eu vai boj\u0101jumu paz\u012bmju. Probl\u0113mu agr\u012bna atkl\u0101\u0161ana var nov\u0113rst liel\u0101kas probl\u0113mas un nodro\u0161in\u0101t tehnikas nep\u0101rtrauktu dro\u0161u darb\u012bbu.<\/li>\n<li><strong>Piem\u0113rota e\u013c\u013co\u0161ana:<\/strong> Ir svar\u012bgi uztur\u0113t atbilsto\u0161u e\u013c\u013co\u0161anu hidrauliskaj\u0101 sist\u0113m\u0101. Regul\u0101ra hidraulisk\u0101s e\u013c\u013cas pievieno\u0161ana pal\u012bdz samazin\u0101t berzi, nodro\u0161inot vienm\u0113r\u012bgu darb\u012bbu un pagarinot cilindra kalpo\u0161anas laiku. Operatoriem j\u0101iev\u0113ro ieteicamie e\u013c\u013cas mai\u0146as un e\u013c\u013co\u0161anas grafiki.<\/li>\n<li><strong>Bl\u012bv\u0113juma nomai\u0146a:<\/strong> Laika gait\u0101 bl\u012bves var nolietoties un saboj\u0101ties. Regul\u0101ra bl\u012bvju st\u0101vok\u013ca p\u0101rbaude un nepiecie\u0161am\u012bbas gad\u012bjum\u0101 to nomai\u0146a ir \u013coti svar\u012bga, lai saglab\u0101tu hidraulisk\u0101s sist\u0113mas integrit\u0101ti. \u0160is prevent\u012bvais pas\u0101kums var iev\u0113rojami samazin\u0101t nopl\u016b\u017eu un sist\u0113mas k\u013c\u016bmju risku.<\/li>\n<\/ul>\n<h2>Pareizas uzst\u0101d\u012b\u0161anas vadl\u012bnijas<\/h2>\n<p>Pareiza str\u0113les cilindra uzst\u0101d\u012b\u0161ana ir b\u016btiska optim\u0101lai veiktsp\u0113jai. Vispirms p\u0101rliecinieties, ka darba vide ir dro\u0161a un ka visi nepiecie\u0161amie instrumenti un apr\u012bkojums ir pieejami. Pareizi izl\u012bdziniet cilindru ar tehnikas stiprin\u0101juma punktiem, p\u0101rliecinoties, ka nav nek\u0101du novir\u017eu, kas var\u0113tu izrais\u012bt priek\u0161laic\u012bgu nodilumu vai boj\u0101jumus. Ieteicams izmantot atbilsto\u0161us stiprin\u0101juma kron\u0161teinus, lai nostiprin\u0101tu cilindru viet\u0101.<\/p>\n<p>Uzst\u0101d\u012b\u0161anas laik\u0101 p\u0101rliecinieties, vai visi hidrauliskie savienojumi ir cie\u0161i un bez nopl\u016bd\u0113m. P\u0113c uzst\u0101d\u012b\u0161anas veiciet r\u016bp\u012bgu hidraulisk\u0101s sist\u0113mas p\u0101rbaudi, lai p\u0101rliecin\u0101tos, ka nav nopl\u016b\u017eu un ka cilindrs br\u012bvi kustas. P\u0113c uzst\u0101d\u012b\u0161anas ieteicams ar\u012b veikt iek\u0101rtas testa darb\u012bbu, lai p\u0101rliecin\u0101tos, ka viss darbojas, k\u0101 paredz\u0113ts.<\/p>\n<h2>Bie\u017ei sastopamie apkopes uzdevumi<\/h2>\n<h3>1. Regul\u0101ras p\u0101rbaudes<\/h3>\n<p>Regul\u0101r\u0101m p\u0101rbaud\u0113m ir iz\u0161\u0137iro\u0161a noz\u012bme str\u0113les cilindra funkcionalit\u0101tes un dro\u0161\u012bbas uztur\u0113\u0161an\u0101. Operatoriem j\u0101pl\u0101no regul\u0101ras p\u0101rbaudes, lai identific\u0113tu visas nodiluma paz\u012bmes, piem\u0113ram, plaisas vai nopl\u016bdes, un nodro\u0161in\u0101tu, ka visas sast\u0101vda\u013cas ir lab\u0101 st\u0101vokl\u012b. Potenci\u0101lo probl\u0113mu agr\u012bna atkl\u0101\u0161ana var samazin\u0101t atteices un d\u0101rgu remontu risku, nodro\u0161inot, ka tehnika darbojas nevainojami un efekt\u012bvi.<\/p>\n<h3>2. Atbilsto\u0161a e\u013c\u013co\u0161ana<\/h3>\n<p>Pareiza e\u013c\u013co\u0161ana ir b\u016btiska str\u0113les cilindra efekt\u012bvai darb\u012bbai. Operatoriem j\u0101iev\u0113ro regul\u0101rs e\u013c\u013co\u0161anas grafiks un j\u0101nodro\u0161ina pareizais hidraulisk\u0101s e\u013c\u013cas l\u012bmenis. Pareiza e\u013c\u013co\u0161ana samazina berzi un nodilumu, pagarinot cilindra kalpo\u0161anas laiku un uzlabojot kop\u0113jo veiktsp\u0113ju. Lai sasniegtu optim\u0101lus rezult\u0101tus, ir svar\u012bgi izmantot ieteicamo hidraulisk\u0101s e\u013c\u013cas veidu.<\/p>\n<h3>3. Bl\u012bv\u0113juma nomai\u0146as un kalibr\u0113\u0161anas p\u0101rbaudes<\/h3>\n<p>Laika gait\u0101 bl\u012bves var nolietoties un izrais\u012bt hidraulisk\u0101 \u0161\u0137idruma nopl\u016bdes. Regul\u0101ra bl\u012bvju st\u0101vok\u013ca p\u0101rbaude un nepiecie\u0161am\u012bbas gad\u012bjum\u0101 to nomai\u0146a ir \u013coti svar\u012bga, lai saglab\u0101tu sist\u0113mas integrit\u0101ti. Turkl\u0101t hidraulisk\u0101s sist\u0113mas kalibr\u0113\u0161anas p\u0101rbaudes nodro\u0161ina, ka komponenti darbojas noteiktos parametros, nov\u0113r\u0161ot negaid\u012btus boj\u0101jumus un uzlabojot darb\u012bbas efektivit\u0101ti.<\/p>\n<p><img decoding=\"async\" src=\"https:\/\/www.hydraulic-cylinders.net\/wp-content\/uploads\/2025\/04\/songte-chushion-collar.webp\" alt=\"Spilvenu apkakle\" \/><\/p>\n<h2>Dro\u0161\u012bbas apsv\u0113rumi un vides faktori<\/h2>\n<p>Str\u0101d\u0101jot ar hidrauliskajiem cilindriem, dro\u0161\u012bbas pas\u0101kumi ir \u0101rk\u0101rt\u012bgi svar\u012bgi. Operatoriem j\u0101b\u016bt apm\u0101c\u012btiem atpaz\u012bt potenci\u0101los apdraud\u0113jumus, kas saist\u012bti ar hidrauliskaj\u0101m sist\u0113m\u0101m, tostarp augstspiediena \u0161\u0137idruma nopl\u016bdes riskus. Dro\u0161\u012bbas protokolu ievie\u0161ana, piem\u0113ram, individu\u0101lo aizsardz\u012bbas l\u012bdzek\u013cu (IAL) lieto\u0161ana un atbilsto\u0161as \u200b\u200bapm\u0101c\u012bbas nodro\u0161in\u0101\u0161ana, pal\u012bdz samazin\u0101t negad\u012bjumu risku. Turkl\u0101t j\u0101\u0146em v\u0113r\u0101 vides apsv\u0113rumi, tostarp pareizas hidraulisko \u0161\u0137idrumu utiliz\u0101cijas metodes, lai nov\u0113rstu pies\u0101r\u0146ojumu.<\/p>\n<h2>K\u013c\u016bmju diagnostika un bie\u017e\u0101k sastopam\u0101s probl\u0113mas<\/h2>\n<h3>1. Hidraulisk\u0101 spiediena zudums<\/h3>\n<p>Viena no izplat\u012bt\u0101kaj\u0101m probl\u0113m\u0101m ar str\u0113les cilindriem ir hidraulisk\u0101 spiediena zudums, ko var izrais\u012bt nopl\u016bdes vai boj\u0101ti bl\u012bv\u0113jumi. Operatoriem j\u0101p\u0101rbauda hidraulisk\u0101s l\u012bnijas un savienojumi, vai nav nodiluma vai boj\u0101jumu paz\u012bmju, k\u0101 ar\u012b j\u0101p\u0101rliecin\u0101s, ka hidraulisk\u0101 \u0161\u0137idruma l\u012bmenis ir pietiekams.<\/p>\n<h3>2. Nerea\u0123\u0113jo\u0161a cilindra kust\u012bba<\/h3>\n<p>Ja str\u0113les cilindrs nerea\u0123\u0113, tas var nor\u0101d\u012bt uz probl\u0113m\u0101m ar hidraulisko s\u016bkni vai aizsprostojumiem hidrauliskaj\u0101s l\u012bnij\u0101s. \u0160\u012bs probl\u0113mas var efekt\u012bvi nov\u0113rst, p\u0101rbaudot, vai nav aizsprostojumu, un nodro\u0161inot, ka hidraulisk\u0101 sist\u0113ma ir lab\u0101 st\u0101vokl\u012b.<\/p>\n<h3>3. P\u0101rkar\u0161ana<\/h3>\n<p>P\u0101rkar\u0161ana var notikt, ja hidraulisk\u0101 sist\u0113ma ir p\u0101rslogota vai ja nav pietiekamas dzes\u0113\u0161anas. Regul\u0101ra hidraulisk\u0101 \u0161\u0137idruma temperat\u016bras apkope un uzraudz\u012bba var pal\u012bdz\u0113t nov\u0113rst p\u0101rkar\u0161anu, nodro\u0161inot vienm\u0113r\u012bgu darb\u012bbu.<\/p>\n<h2>Probl\u0113mu nov\u0113r\u0161anas padomi un risin\u0101jumi<\/h2>\n<p>Lai efekt\u012bvi diagnostic\u0113tu un nov\u0113rstu probl\u0113mas ar str\u0113les cilindriem, operatoriem j\u0101iev\u0113ro sistem\u0101tiska pieeja. S\u0101ciet ar redzamu nopl\u016b\u017eu p\u0101rbaudi un bl\u012bv\u0113jumu p\u0101rbaudi. Spiediena zuduma gad\u012bjum\u0101 p\u0101rliecinieties, vai hidraulisk\u0101 \u0161\u0137idruma l\u012bmenis ir pareizs un sist\u0113m\u0101 nav aizsprostojumu. P\u0101rkar\u0161anas gad\u012bjum\u0101 apsveriet iesp\u0113ju samazin\u0101t cilindra slodzi vai \u013caut tam atdzist, pirms ats\u0101kt darb\u012bbu. Prevent\u012bvie pas\u0101kumi, piem\u0113ram, regul\u0101ra apkope un uzraudz\u012bba, var iev\u0113rojami samazin\u0101t turpm\u0101ku probl\u0113mu risku, pagarinot hidraulisk\u0101s sist\u0113mas kalpo\u0161anas laiku.<\/p>\n<p><img decoding=\"async\" src=\"https:\/\/www.hydraulic-cylinders.net\/wp-content\/uploads\/2025\/04\/songte-bushings-with-all-kinds-of-excavator-models.webp\" alt=\"Ekskavatoru mode\u013cu bukses\" \/><\/p>\n<h2>Par m\u016bsu uz\u0146\u0113mumu<\/h2>\n<p>M\u0113s esam vado\u0161ais rezerves hidraulisko cilindru ra\u017eot\u0101js, kas pied\u0101v\u0101 pla\u0161u produktu kl\u0101stu, kas ir pozicion\u0113jis m\u016bs k\u0101 galveno sp\u0113l\u0113t\u0101ju gan viet\u0113j\u0101, gan starptautiskaj\u0101 tirg\u016b. M\u016bsu ap\u0146em\u0161anos nodro\u0161in\u0101t izcil\u012bbu kvalit\u0101t\u0113 atbalsta izsmalcin\u0101ta ra\u017eo\u0161anas strat\u0113\u0123ija, kas uzsver precizit\u0101ti un efektivit\u0101ti.<\/p>\n<p>M\u0113s izmantojam prasm\u012bgu tehnisko person\u0101lu, modernu digit\u0101lo ra\u017eo\u0161anas apr\u012bkojumu un stabilas test\u0113\u0161anas sist\u0113mas, lai nep\u0101rtraukti uzlabotu savas ra\u017eo\u0161anas iesp\u0113jas. Tas \u013cauj mums apmierin\u0101t klientu da\u017e\u0101d\u0101s vajadz\u012bbas ar augstu precizit\u0101ti un kvalit\u0101ti, nodro\u0161inot, ka m\u0113s joproj\u0101m esam uzticams partneris hidraulisko cilindru nozar\u0113.<\/p>\n<p>M\u016bsu pied\u0101v\u0101jums ietver starptautiskus sertifik\u0101tus, piel\u0101gotus pakalpojumus, kas piel\u0101goti konkr\u0113t\u0101m klientu pras\u012bb\u0101m, un izcilu p\u0113cp\u0101rdo\u0161anas atbalstu, kas nodro\u0161ina apmierin\u0101t\u012bbu un uzticam\u012bbu katr\u0101 m\u016bsu ra\u017eotaj\u0101 produkt\u0101.<\/p>\n<p><img decoding=\"async\" src=\"https:\/\/www.hydraulic-cylinders.net\/wp-content\/uploads\/2025\/04\/songte-company-4.webp\" alt=\"Uz\u0146\u0113muma p\u0101rskats\" \/><br \/>\n<img decoding=\"async\" src=\"https:\/\/www.hydraulic-cylinders.net\/wp-content\/uploads\/2025\/04\/songte-company-3.webp\" alt=\"Ra\u017eo\u0161anas iek\u0101rta\" \/><\/p>\n<p>Autors: lil<\/p>","protected":false},"excerpt":{"rendered":"<p>Boom Cylinder For Hyundai Large Excavator R450LC-5 Introduction to Boom Cylinders A boom cylinder is a critical hydraulic component specifically designed to control the movement of the boom arm in heavy machinery such as excavators, backhoes, and front loaders. It enables the boom to lift, lower, and tilt, facilitating efficient material handling tasks. These hydraulic [&hellip;]<\/p>","protected":false},"featured_media":17871,"comment_status":"open","ping_status":"closed","template":"","meta":{"_et_pb_use_builder":"","_et_pb_old_content":"","_et_gb_content_width":""},"product_brand":[],"product_cat":[1546],"product_tag":[1547,1496],"class_list":{"0":"post-19050","1":"product","2":"type-product","3":"status-publish","4":"has-post-thumbnail","6":"product_cat-boom-cylinders","7":"product_tag-boom-cylinders","8":"product_tag-hydraulic-cylinders","10":"first","11":"instock","12":"shipping-taxable","13":"product-type-simple"},"amp_enabled":true,"_links":{"self":[{"href":"https:\/\/www.hydraulic-cylinders.net\/lv\/wp-json\/wp\/v2\/product\/19050","targetHints":{"allow":["GET"]}}],"collection":[{"href":"https:\/\/www.hydraulic-cylinders.net\/lv\/wp-json\/wp\/v2\/product"}],"about":[{"href":"https:\/\/www.hydraulic-cylinders.net\/lv\/wp-json\/wp\/v2\/types\/product"}],"replies":[{"embeddable":true,"href":"https:\/\/www.hydraulic-cylinders.net\/lv\/wp-json\/wp\/v2\/comments?post=19050"}],"wp:featuredmedia":[{"embeddable":true,"href":"https:\/\/www.hydraulic-cylinders.net\/lv\/wp-json\/wp\/v2\/media\/17871"}],"wp:attachment":[{"href":"https:\/\/www.hydraulic-cylinders.net\/lv\/wp-json\/wp\/v2\/media?parent=19050"}],"wp:term":[{"taxonomy":"product_brand","embeddable":true,"href":"https:\/\/www.hydraulic-cylinders.net\/lv\/wp-json\/wp\/v2\/product_brand?post=19050"},{"taxonomy":"product_cat","embeddable":true,"href":"https:\/\/www.hydraulic-cylinders.net\/lv\/wp-json\/wp\/v2\/product_cat?post=19050"},{"taxonomy":"product_tag","embeddable":true,"href":"https:\/\/www.hydraulic-cylinders.net\/lv\/wp-json\/wp\/v2\/product_tag?post=19050"}],"curies":[{"name":"wp","href":"https:\/\/api.w.org\/{rel}","templated":true}]}}