{"id":19057,"date":"2025-04-07T06:10:50","date_gmt":"2025-04-07T06:10:50","guid":{"rendered":"https:\/\/www.hydraulic-cylinders.net\/product\/boom-cylinder-for-kobelco-small-excavator-sk70sr-2\/"},"modified":"2025-04-07T06:10:52","modified_gmt":"2025-04-07T06:10:52","slug":"boom-cylinder-for-kobelco-small-excavator-sk70sr-2","status":"publish","type":"product","link":"https:\/\/www.hydraulic-cylinders.net\/lv\/products\/boom-cylinder-for-kobelco-small-excavator-sk70sr-2\/","title":{"rendered":"Kobelco maz\u0101 ekskavatora SK70SR-2 str\u0113les cilindrs"},"content":{"rendered":"<h1>Kobelco maz\u0101 ekskavatora SK70SR-2 str\u0113les cilindrs<\/h1>\n<h2>Ievads str\u0113les cilindros<\/h2>\n<p>Str\u0113les cilindrs ir b\u016btiska celtniec\u012bbas tehnikas hidraulisk\u0101s sist\u0113mas sast\u0101vda\u013ca, kas \u012bpa\u0161i paredz\u0113ta str\u0113les, kas ir ekskavatora svira, kust\u012bbas vad\u012bbai. Sist\u0113m\u0101, piem\u0113ram, Kobelco SK70SR-2, str\u0113les cilindrs \u013cauj veikt prec\u012bzas darb\u012bbas, piem\u0113ram, str\u0113les pacel\u0161anu, nolai\u0161anu un noliek\u0161anu, atvieglojot da\u017e\u0101dus materi\u0101lu apstr\u0101des uzdevumus.<\/p>\n<p>\u0160is hidrauliskais cilindrs ir b\u016btisks smago ma\u0161\u012bnu, tostarp ekskavatoru, univers\u0101lo iekr\u0101v\u0113ju un front\u0101lo iekr\u0101v\u0113ju, funkcionalit\u0101tei. Tas darbojas, izmantojot hidraulisko spiedienu, lai izstieptu un ievilktu str\u0113li, nodro\u0161inot nepiecie\u0161amo sp\u0113ku efekt\u012bvai str\u0113les vad\u012b\u0161anai. Str\u0113les cilindra noz\u012bme sl\u0113pjas t\u0101 sp\u0113j\u0101 uzlabot darb\u012bbas efektivit\u0101ti, dro\u0161\u012bbu un produktivit\u0101ti darba viet\u0101s.<\/p>\n<p><img decoding=\"async\" src=\"https:\/\/www.hydraulic-cylinders.net\/wp-content\/uploads\/2025\/04\/songte-company-1.webp\" alt=\"Str\u0113les cilindrs\"><\/p>\n<h2>Str\u0113les cilindra \u012bpa\u0161\u012bbas<\/h2>\n<ul>\n<li>\n<h3>Augsta iztur\u012bba un ilgm\u016b\u017e\u012bba<\/h3>\n<p>\u0160is str\u0113les cilindrs, kas izgatavots no augstas stipr\u012bbas t\u0113rauda vai alum\u012bnija, ir paredz\u0113ts augsta spiediena un lielu kravu iztur\u0113\u0161anai, padarot to piem\u0113rotu skarbiem darba apst\u0101k\u013ciem. T\u0101 konstrukcij\u0101 priorit\u0101te ir nodilumiztur\u012bba un korozijas nov\u0113r\u0161ana, iev\u0113rojami pagarinot t\u0101 kalpo\u0161anas laiku.<\/p>\n<\/li>\n<li>\n<h3>Efekt\u012bva hidraulisk\u0101 darb\u012bba<\/h3>\n<p>Izmantojot hidraulisk\u0101s e\u013c\u013cas spiedienu, str\u0113les cilindrs nodro\u0161ina vienm\u0113r\u012bgu izstiep\u0161anu un ievilk\u0161anu, \u0101tri rea\u0123\u0113jot uz operatora komand\u0101m. Tas nodro\u0161ina sp\u0113c\u012bgu stum\u0161anas un vilk\u0161anas sp\u0113ku, padarot to ide\u0101li piem\u0113rotu smagu materi\u0101lu apstr\u0101dei un sare\u017e\u0123\u012btu uzdevumu veik\u0161anai.<\/p>\n<\/li>\n<li>\n<h3>Pieejami da\u017e\u0101di veidi<\/h3>\n<p>Atkar\u012bb\u0101 no ekspluat\u0101cijas vajadz\u012bb\u0101m m\u0113s pied\u0101v\u0101jam gan vienk\u0101r\u0161as darb\u012bbas (kas darbojas vien\u0101 virzien\u0101), gan divpus\u0113jas darb\u012bbas (kas darbojas abos virzienos) cilindrus. Da\u017ei mode\u013ci ir teleskopiski, kas \u013cauj tos pagarin\u0101t, nepalielinot \u0101r\u0113jos izm\u0113rus, kas ir ide\u0101li piem\u0113roti lieto\u0161anai ierobe\u017eot\u0101 telp\u0101.<\/p>\n<\/li>\n<li>\n<h3>Piel\u0101gotas ra\u017eo\u0161anas iesp\u0113jas<\/h3>\n<p>M\u016bsu produkti var lieliski aizst\u0101t eso\u0161os hidrauliskos cilindrus da\u017e\u0101diem ra\u017eot\u0101jiem, nodro\u0161inot sader\u012bbu un veiktsp\u0113ju.<\/p>\n<\/li>\n<\/ul>\n<p><img decoding=\"async\" src=\"https:\/\/www.hydraulic-cylinders.net\/wp-content\/uploads\/2025\/04\/songte-cylinder-head-with-all-kinds-excavator-models.webp\" alt=\"Hidraulisko cilindru varianti\"><\/p>\n<h2>Lietojumprogrammu scen\u0101riji<\/h2>\n<h3>Celtniec\u012bbas apr\u012bkojums<\/h3>\n<p>Ekskavatoros str\u0113les cilindri ir vit\u0101li svar\u012bgi zemes vai gru\u017eu rak\u0161anai, iekrau\u0161anai un p\u0101rvieto\u0161anai. To loma ir kritiski svar\u012bga efektivit\u0101tes un veiktsp\u0113jas uzlabo\u0161an\u0101 b\u016bvlaukumos. Ekskavatoros-iekr\u0101v\u0113jos tie pal\u012bdz gan rak\u0161anas, gan cel\u0161anas oper\u0101cij\u0101s, pier\u0101dot, ka tie ir neaizst\u0101jami da\u017e\u0101dos b\u016bvniec\u012bbas uzdevumos.<\/p>\n<h3>Lauksaimniec\u012bbas tehnika<\/h3>\n<p>Front\u0101lajos iekr\u0101v\u0113jos str\u0113les cilindri tiek izmantoti augsnes, siena un citu materi\u0101lu sav\u0101k\u0161anai, pacel\u0161anai un transport\u0113\u0161anai, atvieglojot lauksaimniec\u012bbas darbus. To iztur\u012bg\u0101 konstrukcija nodro\u0161ina, ka tie var efekt\u012bvi tikt gal\u0101 ar lauksaimniec\u012bbas darb\u012bbu pras\u012bb\u0101m.<\/p>\n<h3>Ekskavatori<\/h3>\n<p>Ekskavatoros str\u0113les cilindrs \u013cauj kausam iek\u013c\u016bt zem\u0113, nodro\u0161inot efekt\u012bvas rak\u0161anas darb\u012bbas. \u0160\u012b funkcija ir \u013coti svar\u012bga da\u017e\u0101diem rak\u0161anas darbiem, uzlabojot produktivit\u0101ti un samazinot darba laiku.<\/p>\n<h3>Iekr\u0101v\u0113ji<\/h3>\n<p>Front\u0101lajos iekr\u0101v\u0113jos str\u0113les cilindri pal\u012bdz efekt\u012bvi pacelt un izg\u0101zt kravas. To konstrukcija ir optimiz\u0113ta liel\u0101m celtsp\u0113j\u0101m, nodro\u0161inot vienm\u0113r\u012bgu darb\u012bbu materi\u0101lu p\u0101rvieto\u0161anas laik\u0101.<\/p>\n<h2>Dizaina apsv\u0113rumi un atlases krit\u0113riji<\/h2>\n<h3>Kravnes\u012bba<\/h3>\n<p>Izv\u0113loties str\u0113les cilindru, ir \u013coti svar\u012bgi izprast kravnes\u012bbu. \u0160is faktors nosaka maksim\u0101lo svaru, ko cilindrs var iztur\u0113t, neapdraudot dro\u0161\u012bbu vai veiktsp\u0113ju. In\u017eenieriem ir j\u0101nov\u0113rt\u0113 savu iek\u0101rtu \u012bpa\u0161\u0101s pras\u012bbas, lai nodro\u0161in\u0101tu optim\u0101lu funkcionalit\u0101ti.<\/p>\n<h3>Bl\u012bv\u0113juma integrit\u0101te<\/h3>\n<p>Efekt\u012bvs bl\u012bv\u0113jums ir \u0101rk\u0101rt\u012bgi svar\u012bgs, lai nov\u0113rstu hidraulisk\u0101 \u0161\u0137idruma nopl\u016bdes un uztur\u0113tu spiedienu. Augstas kvalit\u0101tes bl\u012bv\u0113jumi, piem\u0113ram, poliuret\u0101na vai nitrila gumijas, ir b\u016btiski ilgsto\u0161ai darb\u012bbai. Pareizs bl\u012bv\u0113jums nodro\u0161ina cilindra efekt\u012bvu darb\u012bbu, samazinot apkopes nepiecie\u0161am\u012bbu un uzlabojot uzticam\u012bbu.<\/p>\n<h3>Iztur\u012bba<\/h3>\n<p>Iztur\u012bba ir b\u016btisks faktors str\u0113les cilindriem, \u012bpa\u0161i skarbos apst\u0101k\u013cos. Sast\u0101vda\u013c\u0101m j\u0101b\u016bt konstru\u0113t\u0101m t\u0101, lai t\u0101s iztur\u0113tu nodilumu, un t\u0101m j\u0101b\u016bt apstr\u0101d\u0101t\u0101m pret koroziju un nogurumu. \u0160\u012b ilgm\u016b\u017e\u012bba galu gal\u0101 samazina ekspluat\u0101cijas izmaksas un uzlabo tehnikas darbsp\u0113jas laiku.<\/p>\n<h3>Dro\u0161\u012bbas funkcijas<\/h3>\n<p>Dro\u0161\u012bba ir kritiski svar\u012bgs apsv\u0113rums hidraulisko cilindru projekt\u0113\u0161an\u0101. T\u0101das funkcijas k\u0101 spiediena samazin\u0101\u0161anas v\u0101rsti, kas nov\u0113r\u0161 p\u0101rslodzi, ir b\u016btiskas gan iek\u0101rtas, gan operatora aizsardz\u012bbai. Dro\u0161\u012bbas protokolu un standartu izpratne ir b\u016btiska pareizai lieto\u0161anai.<\/p>\n<h3>Apkopes pieejam\u012bba<\/h3>\n<p>Ir \u013coti svar\u012bgi projekt\u0113t str\u0113les cilindrus, lai tos b\u016btu viegli apkopt. J\u0101\u0146em v\u0113r\u0101 piek\u013cuves punkti e\u013c\u013co\u0161anai, bl\u012bvju nomai\u0146ai un p\u0101rbaud\u0113m, lai samazin\u0101tu d\u012bkst\u0101ves laiku un atvieglotu regul\u0101ru apkopi. P\u0101rdom\u0101ta konstrukcija uzlabo cilindra kop\u0113jo kalpo\u0161anas laiku.<\/p>\n<p><img decoding=\"async\" src=\"https:\/\/www.hydraulic-cylinders.net\/wp-content\/uploads\/2025\/04\/songte-oil-pipes-and-spare-parts.webp\" alt=\"E\u013c\u013cas caurules un rezerves da\u013cas\"><\/p>\n<h2>Bl\u012bv\u0113\u0161ana un e\u013c\u013co\u0161ana<\/h2>\n<p>Str\u0113les cilindra ilgm\u016b\u017e\u012bba un veiktsp\u0113ja ir liel\u0101 m\u0113r\u0101 atkar\u012bga no t\u0101 bl\u012bv\u0113\u0161anas un e\u013c\u013co\u0161anas sist\u0113mas. Hidraulisk\u0101 \u0161\u0137idruma efekt\u012bvai satur\u0113\u0161anai tiek izmantoti da\u017e\u0101di bl\u012bv\u0113jumi, tostarp virzu\u013ca bl\u012bv\u0113jumi un stie\u0146a bl\u012bv\u0113jumi. Bl\u012bv\u0113jumi, kas izgatavoti no nodilumiztur\u012bgiem materi\u0101liem, piem\u0113ram, poliuret\u0101na un nitrila gumijas, ir ide\u0101li piem\u0113roti nopl\u016b\u017eu nov\u0113r\u0161anai un efektivit\u0101tes nodro\u0161in\u0101\u0161anai.<\/p>\n<p>Turkl\u0101t cilindra korpuss un v\u012bt\u0146ot\u0101s gala virsmas tiek r\u016bp\u012bgi apstr\u0101d\u0101tas, lai uzlabotu nodilumiztur\u012bbu. Regul\u0101ra e\u013c\u013co\u0161ana ar hidraulisko e\u013c\u013cu ir b\u016btiska, lai samazin\u0101tu berzi un nodilumu, nodro\u0161inot vienm\u0113r\u012bgu darb\u012bbu. Atbilsto\u0161a e\u013c\u013co\u0161ana pagarina cilindra kalpo\u0161anas laiku un samazina negaid\u012btu boj\u0101jumu iesp\u0113jam\u012bbu.<\/p>\n<h2>Regul\u0101ra p\u0101rbaude un profilaktisk\u0101 apkope<\/h2>\n<ul>\n<li>\n<h3>Regul\u0101ras p\u0101rbaudes<\/h3>\n<p>Regul\u0101ru str\u0113les cilindra p\u0101rbau\u017eu veik\u0161ana ir b\u016btiska, lai identific\u0113tu iesp\u0113jam\u0101s probl\u0113mas, pirms t\u0101s saasin\u0101s. P\u0101rbaudiet, vai nav nodiluma, nopl\u016bdes vai boj\u0101jumu paz\u012bmju. Regul\u0101ras p\u0101rbaudes var nov\u0113rst d\u0101rgus remontdarbus un nodro\u0161in\u0101t dro\u0161u ekspluat\u0101ciju.<\/p>\n<\/li>\n<li>\n<h3>Piem\u0113rota e\u013c\u013co\u0161ana<\/h3>\n<p>Pareizas e\u013c\u013co\u0161anas uztur\u0113\u0161ana ir \u013coti svar\u012bga. Nodro\u0161iniet, lai cilindrs tiktu regul\u0101ri uzpild\u012bts ar atbilsto\u0161u hidraulisko e\u013c\u013cu, lai nov\u0113rstu nodilumu un uztur\u0113tu optim\u0101lu veiktsp\u0113ju. Regul\u0101ri e\u013c\u013co\u0161anas interv\u0101li j\u0101nosaka atkar\u012bb\u0101 no darba apst\u0101k\u013ciem.<\/p>\n<\/li>\n<li>\n<h3>Bl\u012bvju nomai\u0146as un kalibr\u0113\u0161anas p\u0101rbaudes<\/h3>\n<p>Replacing worn seals promptly can prevent leaks and maintain pressure integrity. Additionally, routine calibration checks ensure that the cylinder operates within specified parameters. This practice enhances safety and prolongs the equipment&#8217;s life.<\/p>\n<\/li>\n<\/ul>\n<p>Pareiza izl\u012bdzin\u0101\u0161ana uzst\u0101d\u012b\u0161anas laik\u0101 ir \u013coti svar\u012bga, lai nodro\u0161in\u0101tu funkcionalit\u0101ti. Lai samazin\u0101tu slodzi uz komponentu, ieteicams izmantot piem\u0113rotus mont\u0101\u017eas kron\u0161teinus cilindra nostiprin\u0101\u0161anai.<\/p>\n<p><img decoding=\"async\" src=\"https:\/\/www.hydraulic-cylinders.net\/wp-content\/uploads\/2025\/04\/songte-chushion-collar.webp\" alt=\"Spilvenu apkakle\"><\/p>\n<h2>Dro\u0161\u012bbas apsv\u0113rumi un vides faktori<\/h2>\n<p>Izmantojot str\u0113les cilindrus, dro\u0161\u012bbas pas\u0101kumu ievie\u0161ana ir \u0101rk\u0101rt\u012bgi svar\u012bga. Operatoriem j\u0101b\u016bt apm\u0101c\u012btiem hidraulisko iek\u0101rtu dro\u0161\u0101 lieto\u0161an\u0101 un ekspluat\u0101cij\u0101, lai nov\u0113rstu negad\u012bjumus. Turkl\u0101t, lai nodro\u0161in\u0101tu atbilst\u012bbu noteikumiem un dro\u0161as darba vides veicin\u0101\u0161anu, ir svar\u012bgi piev\u0113rst uzman\u012bbu vides faktoriem, piem\u0113ram, trok\u0161\u0146a l\u012bmenim un hidraulisk\u0101 \u0161\u0137idruma p\u0101rvald\u012bbai.<\/p>\n<h2>Bie\u017ei sastopamo probl\u0113mu nov\u0113r\u0161ana<\/h2>\n<h3>Bie\u017ei sastopamas probl\u0113mas un risin\u0101jumi<\/h3>\n<ul>\n<li>\n<h3>Nopl\u016bde<\/h3>\n<p>Nopl\u016bde var rasties nolietotu bl\u012bv\u0113jumu vai cilindra korpusa boj\u0101jumu d\u0113\u013c. Regul\u0101ri p\u0101rbaudiet bl\u012bv\u0113jumus un nomainiet tos p\u0113c nepiecie\u0161am\u012bbas. Ja cilindra korpuss ir boj\u0101ts, tam var b\u016bt nepiecie\u0161ams profesion\u0101ls remonts vai nomai\u0146a.<\/p>\n<\/li>\n<li>\n<h3>Samazin\u0101ta veiktsp\u0113ja<\/h3>\n<p>Ja cilindrs nerea\u0123\u0113 efekt\u012bvi, p\u0101rbaudiet hidraulisk\u0101 \u0161\u0137idruma l\u012bmeni un p\u0101rliecinieties, ka hidrauliskaj\u0101s l\u012bnij\u0101s nav aizsprostojumu. Zems \u0161\u0137idruma l\u012bmenis vai gru\u017ei var trauc\u0113t veiktsp\u0113ju.<\/p>\n<\/li>\n<li>\n<h3>Trok\u0161\u0146aina darb\u012bba<\/h3>\n<p>P\u0101rm\u0113r\u012bgs troksnis darb\u012bbas laik\u0101 var liecin\u0101t par nepietiekamu e\u013c\u013co\u0161anas l\u012bmeni vai gaisu hidrauliskaj\u0101 sist\u0113m\u0101. Nodro\u0161iniet pareizu e\u013c\u013co\u0161anu un atgaisojiet sist\u0113mu, lai izvad\u012btu iesprostoto gaisu.<\/p>\n<\/li>\n<\/ul>\n<h2>Profilakses strat\u0113\u0123ijas probl\u0113mu mazin\u0101\u0161anai<\/h2>\n<p>Lai samazin\u0101tu probl\u0113mu iesp\u0113jam\u012bbu, j\u0101iev\u0113ro regul\u0101ras apkopes prakses. Tas ietver savlaic\u012bgas p\u0101rbaudes, e\u013c\u013co\u0161anas grafiku iev\u0113ro\u0161anu un t\u016bl\u012bt\u0113ju uzman\u012bbu jebk\u0101d\u0101m nodiluma vai boj\u0101jumu paz\u012bm\u0113m. Prevent\u012bv\u0101s apkopes pl\u0101na izveide var iev\u0113rojami samazin\u0101t ekspluat\u0101cijas riskus un uzlabot str\u0113les cilindra kalpo\u0161anas laiku.<\/p>\n<p><img decoding=\"async\" src=\"https:\/\/www.hydraulic-cylinders.net\/wp-content\/uploads\/2025\/04\/songte-bushings-with-all-kinds-of-excavator-models.webp\" alt=\"Ekskavatoru bukses\"><\/p>\n<h2>Uz\u0146\u0113muma p\u0101rskats<\/h2>\n<p>M\u0113s esam vado\u0161ais rezerves hidraulisko cilindru ra\u017eot\u0101js, kas pied\u0101v\u0101 pla\u0161u produktu kl\u0101stu, kas apmierina gan viet\u0113jo, gan starptautisko tirgu vajadz\u012bbas. M\u016bsu ap\u0146em\u0161an\u0101s sasniegt izcil\u012bbu atspogu\u013cojas m\u016bsu ra\u017eo\u0161anas strat\u0113\u0123ij\u0101s, kur\u0101s priorit\u0101te tiek pie\u0161\u0137irta kvalit\u0101tei, izmantojot prec\u012bzu in\u017eenieriju un stingrus test\u0113\u0161anas protokolus. M\u0113s nep\u0101rtraukti uzlabojam savas ra\u017eo\u0161anas iesp\u0113jas, izmantojot progres\u012bvas ra\u017eo\u0161anas tehnolo\u0123ijas un kvalific\u0113tu darbasp\u0113ku.<\/p>\n<p>Papildus m\u016bsu standarta pied\u0101v\u0101jumiem m\u0113s pied\u0101v\u0101jam ar\u012b piel\u0101gotus pakalpojumus, lai apmierin\u0101tu \u012bpa\u0161as klientu vajadz\u012bbas, nodro\u0161inot, ka varam piel\u0101goties da\u017e\u0101diem pielietojumiem. M\u016bsu iek\u0101rtas ir apr\u012bkotas ar modern\u0101kaj\u0101m iek\u0101rt\u0101m, lai ra\u017eotu augstas kvalit\u0101tes hidrauliskos cilindrus ar optim\u0101liem veiktsp\u0113jas standartiem.<\/p>\n<p><img decoding=\"async\" src=\"https:\/\/www.hydraulic-cylinders.net\/wp-content\/uploads\/2025\/04\/songte-company-4.webp\" alt=\"Uz\u0146\u0113muma ra\u017eo\u0161anas iek\u0101rta\"><br \/>\n<img decoding=\"async\" src=\"https:\/\/www.hydraulic-cylinders.net\/wp-content\/uploads\/2025\/04\/songte-company-3.webp\" alt=\"Uz\u0146\u0113muma ra\u017eo\u0161anas process\"><\/p>\n<p>M\u016bsu pieredze sniedz profesion\u0101lu p\u0113cp\u0101rdo\u0161anas atbalstu, pal\u012bdzot klientiem ar uzst\u0101d\u012b\u0161anas vadl\u012bnij\u0101m, probl\u0113mu nov\u0113r\u0161anu un apkopes ieteikumiem. M\u0113s lepojamies ar saviem starptautiskajiem sertifik\u0101tiem, kas apliecina m\u016bsu produktu kvalit\u0101ti un dro\u0161\u012bbu.<\/p>\n<p>Autors: lil<\/p>","protected":false},"excerpt":{"rendered":"<p>Boom Cylinder For Kobelco Small Excavator SK70SR-2 Introduction to Boom Cylinders The boom cylinder is a crucial component in the hydraulic system of construction machinery, specifically designed to control the movement of the boom, which is the arm of an excavator. In a system like the Kobelco SK70SR-2, the boom cylinder allows for precise actions [&hellip;]<\/p>","protected":false},"featured_media":17878,"comment_status":"open","ping_status":"closed","template":"","meta":{"_et_pb_use_builder":"","_et_pb_old_content":"","_et_gb_content_width":""},"product_brand":[],"product_cat":[1546],"product_tag":[1547,1496],"class_list":{"0":"post-19057","1":"product","2":"type-product","3":"status-publish","4":"has-post-thumbnail","6":"product_cat-boom-cylinders","7":"product_tag-boom-cylinders","8":"product_tag-hydraulic-cylinders","10":"first","11":"instock","12":"shipping-taxable","13":"product-type-simple"},"amp_enabled":true,"_links":{"self":[{"href":"https:\/\/www.hydraulic-cylinders.net\/lv\/wp-json\/wp\/v2\/product\/19057","targetHints":{"allow":["GET"]}}],"collection":[{"href":"https:\/\/www.hydraulic-cylinders.net\/lv\/wp-json\/wp\/v2\/product"}],"about":[{"href":"https:\/\/www.hydraulic-cylinders.net\/lv\/wp-json\/wp\/v2\/types\/product"}],"replies":[{"embeddable":true,"href":"https:\/\/www.hydraulic-cylinders.net\/lv\/wp-json\/wp\/v2\/comments?post=19057"}],"wp:featuredmedia":[{"embeddable":true,"href":"https:\/\/www.hydraulic-cylinders.net\/lv\/wp-json\/wp\/v2\/media\/17878"}],"wp:attachment":[{"href":"https:\/\/www.hydraulic-cylinders.net\/lv\/wp-json\/wp\/v2\/media?parent=19057"}],"wp:term":[{"taxonomy":"product_brand","embeddable":true,"href":"https:\/\/www.hydraulic-cylinders.net\/lv\/wp-json\/wp\/v2\/product_brand?post=19057"},{"taxonomy":"product_cat","embeddable":true,"href":"https:\/\/www.hydraulic-cylinders.net\/lv\/wp-json\/wp\/v2\/product_cat?post=19057"},{"taxonomy":"product_tag","embeddable":true,"href":"https:\/\/www.hydraulic-cylinders.net\/lv\/wp-json\/wp\/v2\/product_tag?post=19057"}],"curies":[{"name":"wp","href":"https:\/\/api.w.org\/{rel}","templated":true}]}}