{"id":19063,"date":"2025-04-07T06:11:04","date_gmt":"2025-04-07T06:11:04","guid":{"rendered":"https:\/\/www.hydraulic-cylinders.net\/product\/boom-cylinder-for-kobelco-small-excavator-sk75-8\/"},"modified":"2025-04-07T06:11:06","modified_gmt":"2025-04-07T06:11:06","slug":"boom-cylinder-for-kobelco-small-excavator-sk75-8","status":"publish","type":"product","link":"https:\/\/www.hydraulic-cylinders.net\/lv\/products\/boom-cylinder-for-kobelco-small-excavator-sk75-8\/","title":{"rendered":"Kobelco maz\u0101 ekskavatora SK75-8 str\u0113les cilindrs"},"content":{"rendered":"<h1>Kobelco maz\u0101 ekskavatora SK75-8 str\u0113les cilindrs<\/h1>\n<h2>Produkta p\u0101rskats<\/h2>\n<p>Kobelco maz\u0101 ekskavatora SK75-8 str\u0113les cilindrs ir specializ\u0113ts hidrauliskais cilindrs, kas paredz\u0113ts str\u0113les kust\u012bbas p\u0101rvald\u012bbai da\u017e\u0101d\u0101s smagaj\u0101s ma\u0161\u012bn\u0101s, tostarp ekskavatoros, ekskavatoros-iekr\u0101v\u0113jos un front\u0101lajos iekr\u0101v\u0113jos. \u0160im hidrauliskajam str\u0113les cilindram ir iz\u0161\u0137iro\u0161a noz\u012bme hidrauliskaj\u0101 sist\u0113m\u0101, \u013caujot str\u0113lei pacelt, nolaist un noliekt, kas atvieglo efekt\u012bvus materi\u0101lu apstr\u0101des uzdevumus.<\/p>\n<p>Hidrauliskie cilindri, piem\u0113ram, str\u0113les cilindrs, ir b\u016btiskas sast\u0101vda\u013cas, kas p\u0101rveido hidraulisko spiedienu no hidraulisk\u0101 \u0161\u0137idruma line\u0101r\u0101 kust\u012bb\u0101. Tas \u013cauj prec\u012bzi kontrol\u0113t str\u0113les kust\u012bbu, padarot to par neaizst\u0101jamu jebkuras celtniec\u012bbas tehnikas sast\u0101vda\u013cu. Str\u0113les cilindra dizains un funkcionalit\u0101te veicina smago iek\u0101rtu darb\u012bbas kop\u0113j\u0101s veiktsp\u0113jas un efektivit\u0101tes uzlabo\u0161anu.<\/p>\n<p><img decoding=\"async\" src=\"https:\/\/www.hydraulic-cylinders.net\/wp-content\/uploads\/2025\/04\/songte-company-1.webp\" alt=\"Str\u0113les cilindrs\"><\/p>\n<h2>Produkta funkcijas<\/h2>\n<ul>\n<li>\n<h3>Augsta iztur\u012bba un ilgm\u016b\u017e\u012bba<\/h3>\n<p>Izgatavots no augstas stipr\u012bbas t\u0113rauda vai alum\u012bnija, str\u0113les cilindrs ir paredz\u0113ts, lai iztur\u0113tu augstu spiedienu un lielas slodzes, padarot to piem\u0113rotu skarbiem darba apst\u0101k\u013ciem. T\u0101 konstrukcija \u0146em v\u0113r\u0101 nodilumiztur\u012bbu un korozijas iztur\u012bbu, t\u0101d\u0113j\u0101di pagarinot t\u0101 kalpo\u0161anas laiku.<\/p>\n<\/li>\n<li>\n<h3>Efekt\u012bva hidraulisk\u0101 darb\u012bba<\/h3>\n<p>Str\u0113les cilindrs izmanto hidraulisk\u0101s e\u013c\u013cas spiedienu, lai pan\u0101ktu vienm\u0113r\u012bgas izstiep\u0161anas un ievilk\u0161anas kust\u012bbas. Tas \u0101tri rea\u0123\u0113 uz darb\u012bbas komand\u0101m, nodro\u0161inot sp\u0113c\u012bgu stum\u0161anas un vilk\u0161anas sp\u0113ku, padarot to ide\u0101li piem\u0113rotu smagu kravu apstr\u0101dei un sare\u017e\u0123\u012btu uzdevumu veik\u0161anai.<\/p>\n<\/li>\n<li>\n<h3>Pieejami da\u017e\u0101di veidi<\/h3>\n<p>Klienti var izv\u0113l\u0113ties starp vienas darb\u012bbas (izmantojot hidraulisko sp\u0113ku vien\u0101 virzien\u0101) vai divk\u0101r\u0161as darb\u012bbas (izmantojot hidraulisko sp\u0113ku abos virzienos) cilindriem atbilsto\u0161i sav\u0101m ekspluat\u0101cijas vajadz\u012bb\u0101m. Da\u017eiem mode\u013ciem ir teleskopiska konstrukcija, kas nodro\u0161ina liel\u0101ku pagarin\u0101jumu, nepalielinot \u0101r\u0113jos izm\u0113rus, kas ir ide\u0101li piem\u0113rots lietojumiem ar ierobe\u017eotu vietu.<\/p>\n<\/li>\n<\/ul>\n<p>M\u0113s specializ\u0113jamies \u0161\u012b produkta ra\u017eo\u0161an\u0101, un m\u016bsu cilindri ir lieliski aizvietot\u0101ji j\u016bsu eso\u0161ajiem hidrauliskajiem cilindriem.<\/p>\n<p><img decoding=\"async\" src=\"https:\/\/www.hydraulic-cylinders.net\/wp-content\/uploads\/2025\/04\/songte-cylinder-head-with-all-kinds-excavator-models.webp\" alt=\"Kobelco ekskavatoru mode\u013ci\"><\/p>\n<h2>Str\u0113les cilindra pielietojumi<\/h2>\n<ul>\n<li>\n<h3>Celtniec\u012bbas apr\u012bkojums<\/h3>\n<p>Ekskavatoros str\u0113les cilindrs ir \u013coti svar\u012bgs augsnes vai gru\u017eu rak\u0161anai, iekrau\u0161anai un transport\u0113\u0161anai. Tas \u013cauj str\u0113lei sasniegt da\u017e\u0101dus le\u0146\u0137us, uzlabojot ma\u0161\u012bnas daudzpus\u012bbu un efektivit\u0101ti b\u016bvniec\u012bbas darbos. Hidrauliskais sp\u0113ks nodro\u0161ina jaud\u012bgas rak\u0161anas iesp\u0113jas, padarot to par b\u016btisku smagos b\u016bvniec\u012bbas projektos.<\/p>\n<\/li>\n<li>\n<h3>Lauksaimniec\u012bbas tehnika<\/h3>\n<p>Front\u0101lo iekr\u0101v\u0113ju str\u0113les cilindrs ir vit\u0101li svar\u012bgs augsnes, siena un citu materi\u0101lu sav\u0101k\u0161anai, cel\u0161anai un transport\u0113\u0161anai. Hidraulisko cilindru pied\u0101v\u0101t\u0101 prec\u012bz\u0101 vad\u012bba nodro\u0161ina efekt\u012bvu materi\u0101lu apstr\u0101di un sadali, kas ir \u013coti svar\u012bgi lauksaimniec\u012bbas darb\u012bb\u0101m un produktivit\u0101tei.<\/p>\n<\/li>\n<li>\n<h3>Ekskavatori<\/h3>\n<p>Str\u0113les cilindrs \u013cauj kausam iek\u013c\u016bt augsn\u0113, atvieglojot efekt\u012bvu rak\u0161anu. Tas nodro\u0161ina nepiecie\u0161amo sp\u0113ku, lai izlauztos cauri sare\u017e\u0123\u012btiem zemes apst\u0101k\u013ciem, padarot rak\u0161anas darbus \u0101tr\u0101kus un efekt\u012bv\u0101kus.<\/p>\n<\/li>\n<li>\n<h3>Iekr\u0101v\u0113ji<\/h3>\n<p>Front\u0101lajos iekr\u0101v\u0113jos str\u0113les cilindrs pal\u012bdz efekt\u012bvi pacelt un izg\u0101zt kravas. Hidraulisk\u0101 sist\u0113ma nodro\u0161ina, ka smagus materi\u0101lus var prec\u012bzi p\u0101rvietot un novietot, optimiz\u0113jot darbpl\u016bsmu darba viet\u0101s.<\/p>\n<\/li>\n<\/ul>\n<h2>Dizaina apsv\u0113rumi un atlases krit\u0113riji<\/h2>\n<ul>\n<li>\n<h3>Kravnes\u012bba<\/h3>\n<p>Izv\u0113loties str\u0113les cilindru, ir svar\u012bgi \u0146emt v\u0113r\u0101 kravnes\u012bbu. Cilindram j\u0101b\u016bt konstru\u0113tam t\u0101, lai tas iztur\u0113tu maksim\u0101l\u0101s paredzam\u0101s slodzes, neapdraudot veiktsp\u0113ju. T\u0101das \u012bpa\u0161\u012bbas k\u0101 pastiprin\u0101ti materi\u0101li un optimiz\u0113ti cilindra izm\u0113ri pal\u012bdz sasniegt nepiecie\u0161amo kravnes\u012bbu.<\/p>\n<\/li>\n<li>\n<h3>Bl\u012bv\u0113juma veiktsp\u0113ja<\/h3>\n<p>Str\u0113les cilindra bl\u012bv\u0113\u0161anas sist\u0113ma ir \u013coti svar\u012bga, lai nov\u0113rstu hidraulisk\u0101 \u0161\u0137idruma nopl\u016bdi. Augstas kvalit\u0101tes bl\u012bv\u0113jumi, kas izgatavoti no iztur\u012bgiem materi\u0101liem, piem\u0113ram, poliuret\u0101na un nitrila gumijas, nodro\u0161ina hidraulisk\u0101 \u0161\u0137idruma nopl\u016bdi, uzlabojot cilindra efektivit\u0101ti un ilgm\u016b\u017e\u012bbu. Bl\u012bv\u0113juma konstrukcijas uzb\u016bve samazina apkopes nepiecie\u0161am\u012bbu un darb\u012bbas trauc\u0113jumus.<\/p>\n<\/li>\n<li>\n<h3>Iztur\u012bba<\/h3>\n<p>Iztur\u012bba ir kritiski svar\u012bgs str\u0113les cilindra konstrukcijas aspekts. Tam j\u0101iztur skarbi vides apst\u0101k\u013ci un bie\u017eas ekspluat\u0101cijas slodzes. Iztur\u012bgu p\u0101rkl\u0101jumu un materi\u0101lu iek\u013cau\u0161ana pal\u012bdz nov\u0113rst nodilumu, nodro\u0161inot ilgu kalpo\u0161anas laiku.<\/p>\n<\/li>\n<li>\n<h3>Dro\u0161\u012bbas funkcijas<\/h3>\n<p>Dro\u0161\u012bba hidrauliskaj\u0101s sist\u0113m\u0101s ir \u0101rk\u0101rt\u012bgi svar\u012bga. Str\u0113les cilindriem j\u0101b\u016bt apr\u012bkotiem ar spiediena samazin\u0101\u0161anas v\u0101rstiem un dro\u0161\u012bbas sl\u0113dzen\u0113m, lai nov\u0113rstu negad\u012bjumus darb\u012bbas laik\u0101. \u0160\u012bs funkcijas nodro\u0161ina papildu aizsardz\u012bbu operatoriem un tehnikai, samazinot ar hidrauliskaj\u0101m k\u013c\u016bm\u0113m saist\u012btos riskus.<\/p>\n<\/li>\n<li>\n<h3>Apkopes pieejam\u012bba<\/h3>\n<p>Ir svar\u012bgi projekt\u0113t str\u0113les cilindru, lai tas b\u016btu viegli apkopjams. Komponenti j\u0101novieto t\u0101, lai tiem b\u016btu viegli piek\u013c\u016bt, t\u0101d\u0113j\u0101di samazinot d\u012bkst\u0101ves laiku apkopes darbu laik\u0101. Regul\u0101ras p\u0101rbaudes punkti un no\u0146emamas deta\u013cas uzlabo cilindra visp\u0101r\u0113jo apkalpojam\u012bbu.<\/p>\n<\/li>\n<\/ul>\n<p><img decoding=\"async\" src=\"https:\/\/www.hydraulic-cylinders.net\/wp-content\/uploads\/2025\/04\/songte-oil-pipes-and-spare-parts.webp\" alt=\"Hidraulisko cilindru deta\u013cas\"><\/p>\n<h2>Bl\u012bv\u0113\u0161ana un e\u013c\u013co\u0161ana<\/h2>\n<p>Efekt\u012bva bl\u012bv\u0113\u0161ana un e\u013c\u013co\u0161ana ir b\u016btiska str\u0113les cilindra optim\u0101lai darb\u012bbai. Lai nov\u0113rstu hidraulisk\u0101 \u0161\u0137idruma nopl\u016bdi, tiek izmantoti da\u017e\u0101di bl\u012bv\u0113\u0161anas komponenti, piem\u0113ram, virzu\u013ca bl\u012bv\u0113jumi un stie\u0146a bl\u012bv\u0113jumi. No nodilumiztur\u012bgiem materi\u0101liem, piem\u0113ram, poliuret\u0101na un nitrila gumijas, izgatavotu bl\u012bv\u0113jumu izv\u0113le nodro\u0161ina uzticam\u012bbu un ilgm\u016b\u017e\u012bbu.<\/p>\n<p>Cilindra korpuss un v\u012bt\u0146otie gali ir r\u016bp\u012bgi apstr\u0101d\u0101ti, lai uzlabotu nodilumiztur\u012bbu, kas ir \u013coti svar\u012bgi hidraulisk\u0101s sist\u0113mas integrit\u0101tes saglab\u0101\u0161anai. Regul\u0101ra e\u013c\u013co\u0161ana ar hidraulisko e\u013c\u013cu ir nepiecie\u0161ama, lai nodro\u0161in\u0101tu nevainojamu darb\u012bbu un samazin\u0101tu berzi starp kust\u012bgaj\u0101m da\u013c\u0101m. Laika gait\u0101 e\u013c\u013ca var no\u0101rd\u012bties, t\u0101p\u0113c ir nepiecie\u0161ama regul\u0101ra uzraudz\u012bba un nomai\u0146a, lai sist\u0113ma darbotos optim\u0101li.<\/p>\n<h2>Prevent\u012bvie apkopes pas\u0101kumi<\/h2>\n<ul>\n<li>\n<h3>Regul\u0101ras p\u0101rbaudes<\/h3>\n<p>Regul\u0101ras str\u0113les cilindra p\u0101rbaudes ir b\u016btiskas, lai noteiktu nodiluma, boj\u0101jumu vai nopl\u016bdes paz\u012bmes. Regul\u0101ras p\u0101rbaudes var pal\u012bdz\u0113t atkl\u0101t potenci\u0101l\u0101s probl\u0113mas, pirms t\u0101s saasin\u0101s, pagarinot cilindra kalpo\u0161anas laiku un nodro\u0161inot dro\u0161u darb\u012bbu.<\/p>\n<\/li>\n<li>\n<h3>Piem\u0113rota e\u013c\u013co\u0161ana<\/h3>\n<p>Pietiekama e\u013c\u013co\u0161ana ir \u013coti svar\u012bga str\u0113les cilindra veiktsp\u0113jai. Operatoriem j\u0101nodro\u0161ina, lai cilindrs regul\u0101ri tiktu uzpild\u012bts ar ieteicamo hidraulisko e\u013c\u013cu, lai samazin\u0101tu berzi un nov\u0113rstu bl\u012bv\u0113jumu un kust\u012bgo deta\u013cu nodilumu.<\/p>\n<\/li>\n<li>\n<h3>Bl\u012bv\u0113juma nomai\u0146a<\/h3>\n<p>Bl\u012bv\u0113jumiem ir b\u016btiska loma hidraulisk\u0101s sist\u0113mas darb\u012bb\u0101. Regul\u0101ra bl\u012bv\u0113jumu p\u0101rbaude un nepiecie\u0161am\u012bbas gad\u012bjum\u0101 to nomai\u0146a var nov\u0113rst nopl\u016bdes un uztur\u0113t cilindra efektivit\u0101ti. Lai nodro\u0161in\u0101tu savlaic\u012bgu nomai\u0146u, j\u0101izveido atbilsto\u0161i apkopes grafiki.<\/p>\n<\/li>\n<\/ul>\n<h2>Uzst\u0101d\u012b\u0161anas vadl\u012bnijas<\/h2>\n<p>Pareiza str\u0113les cilindra uzst\u0101d\u012b\u0161ana ir \u013coti svar\u012bga t\u0101 veiktsp\u0113jai un ilgm\u016b\u017e\u012bbai. Iev\u0113rojiet \u0161\u012bs vadl\u012bnijas:<\/p>\n<ul>\n<li>Nodro\u0161iniet prec\u012bzu cilindra izl\u012bdzin\u0101\u0161anu ar stiprin\u0101juma punktiem, lai darb\u012bbas laik\u0101 nov\u0113rstu p\u0101rm\u0113r\u012bgu slodzi uz deta\u013c\u0101m.<\/li>\n<li>Izmantojiet atbilsto\u0161us mont\u0101\u017eas kron\u0161teinus, lai stingri nostiprin\u0101tu cilindru viet\u0101, nodro\u0161inot stabilit\u0101ti un dro\u0161\u012bbu darb\u012bbas laik\u0101.<\/li>\n<li>P\u0101rbaudiet visu hidraulisko savienojumu stingr\u012bbu un herm\u0113tiskumu, lai nov\u0113rstu nopl\u016bdes.<\/li>\n<li>Pirms darba uzs\u0101k\u0161anas p\u0101rliecinieties, vai hidraulisk\u0101 \u0161\u0137idruma l\u012bmenis ir pietiekams un vai sist\u0113m\u0101 nav gaisa kabatu.<\/li>\n<li>Veiciet izm\u0113\u0123in\u0101juma darb\u012bbu, lai p\u0101rliecin\u0101tos, ka cilindrs pareizi rea\u0123\u0113 uz vad\u012bbas ievad\u0113m un darbojas, k\u0101 paredz\u0113ts.<\/li>\n<\/ul>\n<h2>Bie\u017ei sastopamie apkopes uzdevumi<\/h2>\n<ul>\n<li>\n<h3>Regul\u0101ras p\u0101rbaudes<\/h3>\n<p>Regul\u0101ras str\u0113les cilindra p\u0101rbaudes var pal\u012bdz\u0113t laikus atkl\u0101t anom\u0101lijas. Regul\u0101ras vizu\u0101las p\u0101rbaudes, lai noteiktu nopl\u016bdes, nodilumu un fiziskus boj\u0101jumus, var nov\u0113rst nopietn\u0101ku probl\u0113mu ra\u0161anos.<\/p>\n<\/li>\n<li>\n<h3>Piem\u0113rota e\u013c\u013co\u0161ana<\/h3>\n<p>Cilindra pien\u0101c\u012bga e\u013c\u013co\u0161ana ir \u013coti svar\u012bga t\u0101 darb\u012bbai. Operatoriem j\u0101iev\u0113ro e\u013c\u013co\u0161anas grafiki, kuros ieteikts izmantot augstas kvalit\u0101tes hidraulisk\u0101s e\u013c\u013cas, lai samazin\u0101tu nodilumu.<\/p>\n<\/li>\n<li>\n<h3>Bl\u012bvju nomai\u0146as un kalibr\u0113\u0161anas p\u0101rbaudes<\/h3>\n<p>Regul\u0101ra bl\u012bv\u0113jumu nomai\u0146a, pamatojoties uz nodiluma \u0101trumu un lieto\u0161anas mode\u013ciem, var nov\u0113rst nopl\u016bdes un saglab\u0101t efektivit\u0101ti. Kalibr\u0113\u0161anas p\u0101rbaudes nodro\u0161ina, ka hidraulisk\u0101 sist\u0113ma darbojas noteikto parametru robe\u017e\u0101s, uzlabojot kop\u0113jo veiktsp\u0113ju.<\/p>\n<\/li>\n<\/ul>\n<p><img decoding=\"async\" src=\"https:\/\/www.hydraulic-cylinders.net\/wp-content\/uploads\/2025\/04\/songte-chushion-collar.webp\" alt=\"Spilvenu apkakle\"><\/p>\n<h2>Dro\u0161\u012bbas apsv\u0113rumi un vides faktori<\/h2>\n<p>Dro\u0161\u012bbas pas\u0101kumu ievie\u0161ana, lietojot str\u0113les cilindrus, ir \u013coti svar\u012bga. Operatoriem vienm\u0113r j\u0101valk\u0101 atbilsto\u0161i individu\u0101lie aizsardz\u012bbas l\u012bdzek\u013ci (IAL) un j\u0101iev\u0113ro ekspluat\u0101cijas dro\u0161\u012bbas protokoli, lai samazin\u0101tu negad\u012bjumu risku. Regul\u0101ra apm\u0101c\u012bba par dro\u0161as r\u012bc\u012bbas proced\u016br\u0101m un \u0101rk\u0101rtas rea\u0123\u0113\u0161anas strat\u0113\u0123ij\u0101m pal\u012bdz nodro\u0161in\u0101t, ka viss person\u0101ls ir sagatavots iesp\u0113jamiem apdraud\u0113jumiem.<\/p>\n<h2>K\u013c\u016bmju diagnostika un bie\u017e\u0101k sastopam\u0101s probl\u0113mas<\/h2>\n<ul>\n<li>\n<h3>Nopl\u016bde<\/h3>\n<p>Nopl\u016bde ir izplat\u012bta probl\u0113ma hidrauliskajos cilindros. To var izrais\u012bt nolietoti bl\u012bv\u0113jumi, boj\u0101tas deta\u013cas vai nepareiza uzst\u0101d\u012b\u0161ana. Regul\u0101ras p\u0101rbaudes pal\u012bdz laikus identific\u0113t nopl\u016bdes, un savlaic\u012bga remonta vai bl\u012bv\u0113jumu nomai\u0146a var mazin\u0101t turpm\u0101kus boj\u0101jumus.<\/p>\n<\/li>\n<li>\n<h3>L\u0113na darb\u012bba<\/h3>\n<p>Ja cilindrs darbojas l\u0113ni, tas var liecin\u0101t par hidraulisk\u0101 \u0161\u0137idruma tr\u016bkumu, sist\u0113m\u0101 iesprostotu gaisu vai iek\u0161\u0113ju pies\u0101r\u0146ojumu. \u0160\u0137idruma l\u012bme\u0146a p\u0101rbaude un sist\u0113mas atgaiso\u0161ana bie\u017ei vien var atrisin\u0101t \u0161\u012bs probl\u0113mas.<\/p>\n<\/li>\n<li>\n<h3>P\u0101rkar\u0161ana<\/h3>\n<p>P\u0101rkar\u0161anu var izrais\u012bt p\u0101rm\u0113r\u012bga berze, e\u013c\u013co\u0161anas tr\u016bkums vai cilindra p\u0101rslodze. Pareizas e\u013c\u013co\u0161anas uztur\u0113\u0161ana un p\u0101rliecin\u0101\u0161an\u0101s, ka cilindrs netiek pak\u013cauts slodz\u0113m, kas p\u0101rsniedz t\u0101 kapacit\u0101ti, var nov\u0113rst p\u0101rkar\u0161anu.<\/p>\n<\/li>\n<\/ul>\n<p>Lai efekt\u012bvi diagnostic\u0113tu un nov\u0113rstu probl\u0113mas, operatoriem j\u0101iepaz\u012bstas ar simptomiem, kas saist\u012bti ar bie\u017ei sastopam\u0101m probl\u0113m\u0101m. \u0160\u012b izpratne \u013cauj savlaic\u012bgi iejaukties, kas var nov\u0113rst turpm\u0101kas komplik\u0101cijas un uzlabot darb\u012bbas efektivit\u0101ti.<\/p>\n<p><img decoding=\"async\" src=\"https:\/\/www.hydraulic-cylinders.net\/wp-content\/uploads\/2025\/04\/songte-bushings-with-all-kinds-of-excavator-models.webp\" alt=\"Ekskavatora bukses\"><\/p>\n<h2>Par m\u016bsu uz\u0146\u0113mumu<\/h2>\n<p>M\u0113s esam ra\u017eot\u0101js, kas specializ\u0113jas rezerves hidraulisko cilindru ra\u017eo\u0161an\u0101, k\u013c\u016bstot par vienu no vado\u0161ajiem hidraulisko cilindru ra\u017eot\u0101jiem un vairumtirgot\u0101jiem gan viet\u0113j\u0101, gan starptautiskaj\u0101 tirg\u016b. M\u0113s iev\u0113rojam izcil\u012bbas kvalit\u0101tes principu, pa\u013caujoties uz izsmalcin\u0101t\u0101m ra\u017eo\u0161anas darbn\u012bcu strat\u0113\u0123ij\u0101m un r\u016bpniecisk\u0101s ra\u017eo\u0161anas vad\u012bbas praksi.<\/p>\n<p>M\u016bsu komandu veido kvalific\u0113ti speci\u0101listi, un m\u0113s izmantojam modernu digit\u0101lo ra\u017eo\u0161anas apr\u012bkojumu un specializ\u0113tas test\u0113\u0161anas sist\u0113mas, lai nep\u0101rtraukti uzlabotu savu ra\u017eo\u0161anas platformu. M\u016bsu sp\u0113c\u012bg\u0101s rado\u0161\u0101s sp\u0113jas apvienojum\u0101 ar efekt\u012bviem, augstas precizit\u0101tes un augstas kvalit\u0101tes principiem \u013cauj mums apmierin\u0101t da\u017e\u0101das klientu vajadz\u012bbas.<\/p>\n<p>M\u0113s pied\u0101v\u0101jam pla\u0161u produktu un pakalpojumu kl\u0101stu, tostarp piel\u0101gotus risin\u0101jumus, kas piel\u0101goti konkr\u0113t\u0101m darb\u012bbas pras\u012bb\u0101m. M\u016bsu starptautiskie sertifik\u0101ti apliecina m\u016bsu ap\u0146em\u0161anos iev\u0113rot kvalit\u0101tes standartus, nodro\u0161inot, ka klienti sa\u0146em uzticamus un atbilsto\u0161us produktus.<\/p>\n<p>Turkl\u0101t m\u016bsu p\u0113cp\u0101rdo\u0161anas serviss ir nep\u0101rsp\u0113jams; m\u0113s sniedzam atbalstu uzst\u0101d\u012b\u0161anai, apkopei un visiem jaut\u0101jumiem, kas var\u0113tu rasties m\u016bsu klientiem, lai nodro\u0161in\u0101tu optim\u0101lu apmierin\u0101t\u012bbu ar m\u016bsu produktiem.<\/p>\n<p><img decoding=\"async\" src=\"https:\/\/www.hydraulic-cylinders.net\/wp-content\/uploads\/2025\/04\/songte-company-4.webp\" alt=\"Uz\u0146\u0113muma att\u0113ls 1\"><br \/>\n<img decoding=\"async\" src=\"https:\/\/www.hydraulic-cylinders.net\/wp-content\/uploads\/2025\/04\/songte-company-3.webp\" alt=\"Uz\u0146\u0113muma att\u0113ls 2\"><\/p>\n<p>Autors: lil<\/p>","protected":false},"excerpt":{"rendered":"<p>Boom Cylinder For Kobelco Small Excavator SK75-8 Product Overview The Boom Cylinder for Kobelco Small Excavator SK75-8 is a specialized hydraulic cylinder designed to manage the movement of the boom in various heavy machinery, including excavators, backhoe loaders, and front loaders. This hydraulic boom cylinder plays a critical role in the hydraulic system, enabling the [&hellip;]<\/p>","protected":false},"featured_media":17869,"comment_status":"open","ping_status":"closed","template":"","meta":{"_et_pb_use_builder":"","_et_pb_old_content":"","_et_gb_content_width":""},"product_brand":[],"product_cat":[1546],"product_tag":[1547,1496],"class_list":{"0":"post-19063","1":"product","2":"type-product","3":"status-publish","4":"has-post-thumbnail","6":"product_cat-boom-cylinders","7":"product_tag-boom-cylinders","8":"product_tag-hydraulic-cylinders","10":"first","11":"instock","12":"shipping-taxable","13":"product-type-simple"},"amp_enabled":true,"_links":{"self":[{"href":"https:\/\/www.hydraulic-cylinders.net\/lv\/wp-json\/wp\/v2\/product\/19063","targetHints":{"allow":["GET"]}}],"collection":[{"href":"https:\/\/www.hydraulic-cylinders.net\/lv\/wp-json\/wp\/v2\/product"}],"about":[{"href":"https:\/\/www.hydraulic-cylinders.net\/lv\/wp-json\/wp\/v2\/types\/product"}],"replies":[{"embeddable":true,"href":"https:\/\/www.hydraulic-cylinders.net\/lv\/wp-json\/wp\/v2\/comments?post=19063"}],"wp:featuredmedia":[{"embeddable":true,"href":"https:\/\/www.hydraulic-cylinders.net\/lv\/wp-json\/wp\/v2\/media\/17869"}],"wp:attachment":[{"href":"https:\/\/www.hydraulic-cylinders.net\/lv\/wp-json\/wp\/v2\/media?parent=19063"}],"wp:term":[{"taxonomy":"product_brand","embeddable":true,"href":"https:\/\/www.hydraulic-cylinders.net\/lv\/wp-json\/wp\/v2\/product_brand?post=19063"},{"taxonomy":"product_cat","embeddable":true,"href":"https:\/\/www.hydraulic-cylinders.net\/lv\/wp-json\/wp\/v2\/product_cat?post=19063"},{"taxonomy":"product_tag","embeddable":true,"href":"https:\/\/www.hydraulic-cylinders.net\/lv\/wp-json\/wp\/v2\/product_tag?post=19063"}],"curies":[{"name":"wp","href":"https:\/\/api.w.org\/{rel}","templated":true}]}}