{"id":19091,"date":"2025-04-07T06:12:23","date_gmt":"2025-04-07T06:12:23","guid":{"rendered":"https:\/\/www.hydraulic-cylinders.net\/product\/boom-cylinder-for-kobelco-large-excavator-sk4608\/"},"modified":"2025-04-07T06:12:25","modified_gmt":"2025-04-07T06:12:25","slug":"boom-cylinder-for-kobelco-large-excavator-sk4608","status":"publish","type":"product","link":"https:\/\/www.hydraulic-cylinders.net\/lv\/products\/boom-cylinder-for-kobelco-large-excavator-sk4608\/","title":{"rendered":"Kobelco liel\u0101 ekskavatora SK4608 str\u0113les cilindrs"},"content":{"rendered":"<h1>Kobelco liel\u0101 ekskavatora SK4608 str\u0113les cilindrs<\/h1>\n<h2>Produkta p\u0101rskats<\/h2>\n<p>The <strong>Str\u0113les cilindrs<\/strong> ir hidrauliska sast\u0101vda\u013ca, kas \u012bpa\u0161i paredz\u0113ta smagaj\u0101m ma\u0161\u012bn\u0101m, \u012bpa\u0161i <strong>Kobelco lielais ekskavators SK4608<\/strong>\u0160im cilindram ir iz\u0161\u0137iro\u0161a noz\u012bme ekskavatora str\u0113les kust\u012bbas kontrol\u0113\u0161an\u0101, \u013caujot veikt pacel\u0161anas, nolai\u0161anas un noliek\u0161anas darb\u012bbas. \u0160\u012bs kust\u012bbas ir b\u016btiskas efekt\u012bviem materi\u0101lu apstr\u0101des uzdevumiem, piem\u0113ram, da\u017e\u0101du materi\u0101lu rak\u0161anai, cel\u0161anai un transport\u0113\u0161anai b\u016bvlaukumos.<\/p>\n<p><img decoding=\"async\" src=\"https:\/\/www.hydraulic-cylinders.net\/wp-content\/uploads\/2025\/04\/songte-company-1.webp\" alt=\"Ekskavatoru str\u0113les cilindrs\"><\/p>\n<h3>Defin\u012bcija un funkcionalit\u0101te<\/h3>\n<p>Str\u0113les cilindrs ir hidraulisk\u0101 cilindra veids, kas kust\u012bbas rad\u012b\u0161anai izmanto hidraulisk\u0101s e\u013c\u013cas spiedienu. Tas ir piel\u0101gots ekskavatoru, ekskavatoru-iekr\u0101v\u0113ju un front\u0101lo iekr\u0101v\u0113ju vajadz\u012bb\u0101m, \u013caujot operatoriem prec\u012bzi veikt pla\u0161u uzdevumu kl\u0101stu. Cilindra konstrukcija \u013cauj tam iztur\u0113t augstu spiedienu un lielas slodzes, padarot to ide\u0101li piem\u0113rotu sare\u017e\u0123\u012bt\u0101m vid\u0113m. T\u0101 funkcionalit\u0101te nodro\u0161ina, ka str\u0113le var vienm\u0113r\u012bgi izstiepties un ievilkties, uzlabojot ekskavatora kop\u0113jo veiktsp\u0113ju.<\/p>\n<h2>Galven\u0101s iez\u012bmes<\/h2>\n<ul>\n<li><strong>Augsta iztur\u012bba un ilgm\u016b\u017e\u012bba:<\/strong> Izgatavots no augstas stipr\u012bbas t\u0113rauda vai alum\u012bnija, kas sp\u0113j iztur\u0113t augstu spiedienu un lielas slodzes. Paredz\u0113ts nodilumiztur\u012bbai un korozijas iztur\u012bbai, pagarinot t\u0101 kalpo\u0161anas laiku.<\/li>\n<li><strong>Efekt\u012bva hidraulisk\u0101 darb\u012bba:<\/strong> Izmanto hidraulisk\u0101s e\u013c\u013cas spiedienu vienm\u0113r\u012bgai izvilk\u0161anai un ievilk\u0161anai, \u0101tri rea\u0123\u0113jot uz vad\u012bbas komand\u0101m, nodro\u0161inot jaud\u012bgu stum\u0161anas un vilk\u0161anas sp\u0113ku, kas piem\u0113rots smagiem un sare\u017e\u0123\u012btiem uzdevumiem.<\/li>\n<li><strong>Da\u017e\u0101di veidi:<\/strong> Pieejams vienk\u0101r\u0161\u0101s darb\u012bbas (darbojas vien\u0101 virzien\u0101) vai divk\u0101r\u0161\u0101s darb\u012bbas (darbojas divos virzienos) konfigur\u0101cij\u0101s, lai apmierin\u0101tu da\u017e\u0101das ekspluat\u0101cijas vajadz\u012bbas. Da\u017ei mode\u013ci ir teleskopiski, kas \u013cauj veikt liel\u0101ku pagarin\u0101jumu, nepalielinot \u0101r\u0113jos izm\u0113rus, kas ir ide\u0101li piem\u0113rots lietojumiem ar ierobe\u017eotu vietu.<\/li>\n<li><strong>Piel\u0101gota ra\u017eo\u0161ana:<\/strong> M\u0113s ra\u017eojam \u0161o produktu, un m\u016bsu cilindri var lieliski aizst\u0101t eso\u0161os hidrauliskos cilindrus, nodro\u0161inot sader\u012bbu un veiktsp\u0113ju.<\/li>\n<li><strong>Daudzpus\u012bgi pielietojumi:<\/strong> Piem\u0113rots da\u017e\u0101d\u0101m smagaj\u0101m ma\u0161\u012bn\u0101m, uzlabojot darb\u012bbas efektivit\u0101ti da\u017e\u0101d\u0101s nozar\u0113s.<\/li>\n<\/ul>\n<p><img decoding=\"async\" src=\"https:\/\/www.hydraulic-cylinders.net\/wp-content\/uploads\/2025\/04\/songte-cylinder-head-with-all-kinds-excavator-models.webp\" alt=\"Ekskavatoru mode\u013ci\"><\/p>\n<h2>Pieteikumi<\/h2>\n<h3>Celtniec\u012bbas apr\u012bkojums<\/h3>\n<p>Ekskavatoros str\u0113les cilindri ir nepiecie\u0161ami rak\u0161anai, iekrau\u0161anai un augsnes vai gru\u017eu p\u0101rvieto\u0161anai. To sp\u0113ja kontrol\u0113t str\u0113les kust\u012bbu \u013cauj prec\u012bzi rakt un celt, padarot tos neaizst\u0101jamus b\u016bvniec\u012bbas projektos. Ekskavatoros-iekr\u0101v\u0113jos str\u0113les cilindrs pal\u012bdz gan rak\u0161anas, gan cel\u0161anas funkcij\u0101s, uzlabojot ma\u0161\u012bnas daudzpus\u012bbu objekt\u0101.<\/p>\n<h3>Lauksaimniec\u012bbas tehnika<\/h3>\n<p>Front\u0101lajos iekr\u0101v\u0113jos str\u0113les cilindri tiek izmantoti augsnes, siena un citu materi\u0101lu sav\u0101k\u0161anai, cel\u0161anai un transport\u0113\u0161anai. To iztur\u012bg\u0101 konstrukcija nodro\u0161ina efekt\u012bvu darb\u012bbu lauksaimniec\u012bbas vid\u0113, kur iztur\u012bba un uzticam\u012bba ir \u013coti svar\u012bga produktivit\u0101tei.<\/p>\n<h3>Ekskavatori<\/h3>\n<p>Ekskavatoriem str\u0113les cilindrs \u013cauj kausam dzi\u013ci iek\u013c\u016bt augsn\u0113, atvieglojot efekt\u012bvas rak\u0161anas darb\u012bbas. To konstrukcija optimiz\u0113 veiktsp\u0113ju da\u017e\u0101dos augsnes apst\u0101k\u013cos, uzlabojot operatora sp\u0113ju efekt\u012bvi veikt uzdevumus.<\/p>\n<h3>Iekr\u0101v\u0113ji<\/h3>\n<p>Front\u0101lajos iekr\u0101v\u0113jos str\u0113les cilindri pal\u012bdz efekt\u012bvi pacelt un izg\u0101zt materi\u0101lus. To uzticamai darb\u012bbai ir b\u016btiska loma iekrau\u0161anas uzdevumu produktivit\u0101tes uzlabo\u0161an\u0101, racionaliz\u0113jot darb\u012bbas da\u017e\u0101d\u0101s nozar\u0113s.<\/p>\n<h2>Dizaina apsv\u0113rumi<\/h2>\n<h3>Kravnes\u012bba<\/h3>\n<p>Izv\u0113loties str\u0113les cilindru, kravnes\u012bba ir iz\u0161\u0137iro\u0161s faktors. T\u0101 nosaka maksim\u0101lo svaru, ko cilindrs var dro\u0161i iztur\u0113t. Labi konstru\u0113tam cilindram b\u016bs kravnes\u012bba, kas atbilst ekskavatora ekspluat\u0101cijas pras\u012bb\u0101m, nodro\u0161inot dro\u0161u un efekt\u012bvu darb\u012bbu. J\u0101\u0146em v\u0113r\u0101 materi\u0101la iztur\u012bba, cilindra diametrs un izmantoto hidraulisko bl\u012bv\u0113jumu kvalit\u0101te, jo \u0161ie elementi kop\u0101 ietekm\u0113 nestsp\u0113ju.<\/p>\n<h3>Bl\u012bv\u0113juma veiktsp\u0113ja<\/h3>\n<p>Efekt\u012bva bl\u012bv\u0113\u0161ana ir b\u016btiska, lai nov\u0113rstu hidraulisk\u0101 \u0161\u0137idruma nopl\u016bdes, kas var apdraud\u0113t veiktsp\u0113ju un dro\u0161\u012bbu. Augstas kvalit\u0101tes bl\u012bv\u0113jumi samazina nodilumu un nodro\u0161ina, ka hidrauliskais \u0161\u0137idrums paliek cilindr\u0101. Bl\u012bv\u0113jumiem parasti tiek izmantoti t\u0101di materi\u0101li k\u0101 poliuret\u0101ns un nitrilgumija, pateicoties to iztur\u012bbai un nodilumiztur\u012bbai. Pareiza bl\u012bv\u0113\u0161ana ar\u012b veicina hidraulisk\u0101s sist\u0113mas kop\u0113jo efektivit\u0101ti, samazinot apkopes nepiecie\u0161am\u012bbu.<\/p>\n<h3>Iztur\u012bba<\/h3>\n<p>Hidrauliskajiem cilindriem, kas darbojas skarbos apst\u0101k\u013cos, iztur\u012bba ir \u0101rk\u0101rt\u012bgi svar\u012bga. Projekt\u0113jot j\u0101\u0146em v\u0113r\u0101 t\u0101di faktori k\u0101 iztur\u012bba pret koroziju un nodilumiztur\u012bba. Izmantojot augstas iztur\u012bbas materi\u0101lus un aizsargp\u0101rkl\u0101jumus, var iev\u0113rojami pagarin\u0101t cilindra kalpo\u0161anas laiku, samazinot nomai\u0146as un remonta bie\u017eumu. Regul\u0101ra apkope ir ar\u012b \u013coti svar\u012bga, lai saglab\u0101tu cilindra iztur\u012bbu, nodro\u0161inot t\u0101 optim\u0101lu darb\u012bbu laika gait\u0101.<\/p>\n<h3>Dro\u0161\u012bbas funkcijas<\/h3>\n<p>Dro\u0161\u012bbas apsv\u0113rumi ir \u013coti svar\u012bgi str\u0113les cilindru projekt\u0113\u0161an\u0101. T\u0101das funkcijas k\u0101 spiediena samazin\u0101\u0161anas v\u0101rsti un av\u0101rijas dro\u0161\u012bbas meh\u0101nismi var nov\u0113rst katastrof\u0101las k\u013c\u016bmes darb\u012bbas laik\u0101. Labi izstr\u0101d\u0101tai hidrauliskajai sist\u0113mai j\u0101ietver ar\u012b atbilsto\u0161i spiediena uzraudz\u012bbas r\u012bki, lai br\u012bdin\u0101tu operatorus par jebk\u0101d\u0101m neatbilst\u012bb\u0101m, kas var liecin\u0101t par potenci\u0101l\u0101m probl\u0113m\u0101m, \u013caujot savlaic\u012bgi iejaukties.<\/p>\n<h3>Uzturam\u012bba<\/h3>\n<p>Svar\u012bgs dizaina aspekts ir viegla apkope. Baloniem j\u0101b\u016bt konstru\u0113tiem t\u0101, lai b\u016btu viegli piek\u013c\u016bt deta\u013c\u0101m, kur\u0101m nepiecie\u0161ama regul\u0101ra p\u0101rbaude vai nomai\u0146a, piem\u0113ram, bl\u012bv\u0113m un bl\u012bv\u0113m. Lietot\u0101jam draudz\u012bgs dizains var iev\u0113rojami samazin\u0101t d\u012bkst\u0101ves laiku un apkopes izmaksas, \u013caujot \u0101tr\u0101k veikt remontu un apkopi. Regul\u0101ras apkopes grafika izveide pal\u012bdz nodro\u0161in\u0101t, ka visas sast\u0101vda\u013cas ir lab\u0101 darba st\u0101vokl\u012b, kas ir \u013coti svar\u012bgi balona ilgm\u016b\u017e\u012bbai.<\/p>\n<p><img decoding=\"async\" src=\"https:\/\/www.hydraulic-cylinders.net\/wp-content\/uploads\/2025\/04\/songte-oil-pipes-and-spare-parts.webp\" alt=\"Rezerves da\u013cas\"><\/p>\n<h2>Bl\u012bv\u0113\u0161ana un e\u013c\u013co\u0161ana<\/h2>\n<p>Pareiza bl\u012bv\u0113\u0161ana un e\u013c\u013co\u0161ana ir kritiski svar\u012bga str\u0113les cilindru efekt\u012bvai darb\u012bbai. Lai uztur\u0113tu hidraulisko spiedienu un nov\u0113rstu nopl\u016bdes, tiek izmantoti da\u017e\u0101di bl\u012bv\u0113jumi, tostarp virzu\u013ca bl\u012bv\u0113jumi un stie\u0146a bl\u012bv\u0113jumi. Bl\u012bv\u0113jumu materi\u0101lu, piem\u0113ram, poliuret\u0101na un nitrila gumijas, izv\u0113lei ir b\u016btiska loma to iztur\u012bb\u0101 un veiktsp\u0113j\u0101. Cilindra korpuss un v\u012bt\u0146ot\u0101s gala virsmas tiek r\u016bp\u012bgi apstr\u0101d\u0101tas, lai uzlabotu nodilumiztur\u012bbu, nodro\u0161inot ilgsto\u0161u funkcionalit\u0101ti.<\/p>\n<p>Regul\u0101ra e\u013c\u013co\u0161ana ar hidraulisko e\u013c\u013cu ir b\u016btiska, lai nodro\u0161in\u0101tu vienm\u0113r\u012bgu darb\u012bbu. Pietiekams hidraulisk\u0101s e\u013c\u013cas l\u012bmenis samazina berzi un nodilumu starp kust\u012bgaj\u0101m da\u013c\u0101m, pagarinot cilindra kalpo\u0161anas laiku. Operatoriem j\u0101b\u016bt modriem, uzraugot e\u013c\u013cas l\u012bmeni un nepiecie\u0161am\u012bbas gad\u012bjum\u0101 papildinot to, lai nov\u0113rstu sist\u0113mas k\u013c\u016bmes.<\/p>\n<h2>Prevent\u012bvie apkopes pas\u0101kumi<\/h2>\n<ul>\n<li><strong>Regul\u0101ras p\u0101rbaudes:<\/strong> Regul\u0101ru hidraulisk\u0101s sist\u0113mas p\u0101rbau\u017eu veik\u0161ana pal\u012bdz identific\u0113t potenci\u0101l\u0101s probl\u0113mas, pirms t\u0101s rada nopietnas probl\u0113mas. Mekl\u0113jiet jebk\u0101das nodiluma paz\u012bmes, nopl\u016bdes vai darb\u012bbas trauc\u0113jumus.<\/li>\n<li><strong>E\u013c\u013co\u0161ana:<\/strong> P\u0101rliecinieties, vai visas kust\u012bg\u0101s da\u013cas ir pien\u0101c\u012bgi iee\u013c\u013cotas, lai samazin\u0101tu berzi un nodilumu. Tas ietver hidraulisk\u0101s e\u013c\u013cas l\u012bme\u0146a p\u0101rbaudi un papildin\u0101\u0161anu p\u0113c nepiecie\u0161am\u012bbas, lai uztur\u0113tu optim\u0101lu veiktsp\u0113ju.<\/li>\n<li><strong>Bl\u012bv\u0113juma nomai\u0146a:<\/strong> Periodiski p\u0101rbaudiet bl\u012bves, vai t\u0101s nav nodilu\u0161as, un nomainiet t\u0101s, kad nepiecie\u0161ams. Tas var nov\u0113rst nopl\u016bdes un uztur\u0113t hidraulisk\u0101s sist\u0113mas efektivit\u0101ti.<\/li>\n<\/ul>\n<h2>Uzst\u0101d\u012b\u0161anas vadl\u012bnijas<\/h2>\n<p>Pareiza str\u0113les cilindra uzst\u0101d\u012b\u0161ana ir \u013coti svar\u012bga t\u0101 efekt\u012bvai darb\u012bbai. Vispirms p\u0101rliecinieties, vai visi stiprin\u0101juma kron\u0161teini un balsti ir dro\u0161i un pareizi izl\u012bdzin\u0101ti. Izmantojiet atbilsto\u0161us stiprin\u0101juma elementus, lai piestiprin\u0101tu cilindru pie ma\u0161\u012bnas, nodro\u0161inot cie\u0161us savienojumus, lai nov\u0113rstu kust\u012bbu darb\u012bbas laik\u0101.<\/p>\n<p>Piev\u0113rsiet \u012bpa\u0161u uzman\u012bbu cilindra prec\u012bzai izl\u012bdzin\u0101\u0161anai; nepareiza izl\u012bdzin\u0101\u0161ana var izrais\u012bt priek\u0161laic\u012bgu nodilumu un boj\u0101jumus. Izmantojiet l\u012bme\u0146r\u0101di, lai p\u0101rliecin\u0101tos, ka cilindrs ir pareizi novietots, un nepiecie\u0161am\u012bbas gad\u012bjum\u0101 noregul\u0113jiet. P\u0113c uzst\u0101d\u012b\u0161anas darbiniet ma\u0161\u012bnu ar mazu \u0101trumu, lai p\u0101rbaud\u012btu, vai cilindrs darbojas pareizi un vai nav nopl\u016b\u017eu vai neparastu trok\u0161\u0146u.<\/p>\n<p>Lai nodro\u0161in\u0101tu dro\u0161\u012bbu un uzticam\u012bbu, ieteicams iev\u0113rot ar\u012b ra\u017eot\u0101ja nor\u0101d\u012bjumus par uzst\u0101d\u012b\u0161anas proced\u016br\u0101m un skr\u016bvju un veidgabalu griezes momenta specifik\u0101cij\u0101m.<\/p>\n<h2>Apkopes uzdevumi<\/h2>\n<h3>Regul\u0101ras p\u0101rbaudes<\/h3>\n<p>Regul\u0101r\u0101m p\u0101rbaud\u0113m ir iz\u0161\u0137iro\u0161a noz\u012bme str\u0113les cilindra funkcionalit\u0101tes uztur\u0113\u0161an\u0101. P\u0101rbaudiet, vai nav nodiluma vai boj\u0101jumu paz\u012bmju, un p\u0101rliecinieties, vai visi savienojumi ir dro\u0161i. Regul\u0101ri uzraugiet hidraulisk\u0101 \u0161\u0137idruma l\u012bmeni un bl\u012bv\u0113jumu st\u0101vokli.<\/p>\n<h3>Pareiza e\u013c\u013co\u0161ana<\/h3>\n<p>Regul\u0101ra e\u013c\u013co\u0161ana ir \u013coti svar\u012bga hidraulisk\u0101s sist\u0113mas ilgm\u016b\u017e\u012bbai. P\u0101rliecinieties, vai visas kust\u012bg\u0101s sast\u0101vda\u013cas ir pien\u0101c\u012bgi iee\u013c\u013cotas ar atbilsto\u0161u hidraulisko \u0161\u0137idrumu. Laika gait\u0101 sm\u0113rvielas var saboj\u0101ties vai pies\u0101r\u0146oties, radot nepiecie\u0161am\u012bbu p\u0113c p\u0101rbaud\u0113m un nomai\u0146as.<\/p>\n<h3>Bl\u012bv\u0113juma nomai\u0146a un kalibr\u0113\u0161ana<\/h3>\n<p>Nodilu\u0161u bl\u012bv\u0113jumu nomai\u0146a ir \u013coti svar\u012bga, lai nov\u0113rstu nopl\u016bdes un uztur\u0113tu sist\u0113mas spiedienu. Turkl\u0101t kalibr\u0113\u0161anas p\u0101rbaudes nodro\u0161ina, ka hidraulisk\u0101 sist\u0113ma darbojas optim\u0101li efekt\u012bvi. Pareizi kalibr\u0113tas sist\u0113mas samazina atteices risku un uzlabo kop\u0113jo veiktsp\u0113ju.<\/p>\n<h2>Dro\u0161\u012bbas apsv\u0113rumi un vides faktori<\/h2>\n<p>Str\u0101d\u0101jot ar hidrauliskaj\u0101m sist\u0113m\u0101m, dro\u0161\u012bbas pas\u0101kumi ir \u0101rk\u0101rt\u012bgi svar\u012bgi. Operatoriem, str\u0101d\u0101jot ar hidrauliskaj\u0101m iek\u0101rt\u0101m, vienm\u0113r j\u0101valk\u0101 atbilsto\u0161i individu\u0101lie aizsardz\u012bbas l\u012bdzek\u013ci (IAL). Regul\u0101ra apm\u0101c\u012bba par dro\u0161\u012bbas protokoliem nodro\u0161ina, ka viss person\u0101ls ir inform\u0113ts par iesp\u0113jamiem apdraud\u0113jumiem, kas saist\u012bti ar hidrauliskaj\u0101m sist\u0113m\u0101m, un saprot, k\u0101 efekt\u012bvi mazin\u0101t riskus.<\/p>\n<p>Ar\u012b vides faktori ietekm\u0113 hidraulisko sist\u0113mu ilgm\u016b\u017e\u012bbu un efektivit\u0101ti. Izv\u0113loties komponentus, ir svar\u012bgi \u0146emt v\u0113r\u0101 darba vidi, jo ekstrem\u0101las temperat\u016bras vai saskare ar kod\u012bg\u0101m viel\u0101m var ietekm\u0113t veiktsp\u0113ju. Regul\u0101ri vides nov\u0113rt\u0113jumi var pal\u012bdz\u0113t izprast apst\u0101k\u013cus, k\u0101dos tehnika darbojas, un attiec\u012bgi izstr\u0101d\u0101t apkopes protokolus.<\/p>\n<h2>Probl\u0113mu nov\u0113r\u0161ana un bie\u017ei sastopamas probl\u0113mas<\/h2>\n<ul>\n<li><strong>Nopl\u016bde:<\/strong> Hidraulisk\u0101 \u0161\u0137idruma nopl\u016bdes var rasties nodilu\u0161u bl\u012bv\u0113jumu vai boj\u0101tu \u0161\u013c\u016bte\u0146u d\u0113\u013c. P\u0101rbaudiet bl\u012bv\u0113jumus un \u0161\u013c\u016btenes, vai t\u0101s nav nodilu\u0161as, un nomainiet t\u0101s, ja nepiecie\u0161ams.<\/li>\n<li><strong>L\u0113na darb\u012bba:<\/strong> Ja cilindrs darbojas l\u0113ni, tas var liecin\u0101t par zemu hidraulisk\u0101 \u0161\u0137idruma l\u012bmeni vai sist\u0113m\u0101 iesprostotu gaisu. P\u0101rbaudiet \u0161\u0137idruma l\u012bmeni un atgaisojiet sist\u0113mu, lai izvad\u012btu gaisu.<\/li>\n<li><strong>P\u0101rkar\u0161ana:<\/strong> P\u0101rkar\u0161anu var izrais\u012bt p\u0101rm\u0113r\u012bga slodze vai nepietiekama e\u013c\u013co\u0161ana. Uzraugiet darb\u012bbas apst\u0101k\u013cus un nodro\u0161iniet atbilsto\u0161u e\u013c\u013co\u0161anas l\u012bmeni.<\/li>\n<\/ul>\n<h2>Probl\u0113mu nov\u0113r\u0161anas padomi<\/h2>\n<p>Lai efekt\u012bvi diagnostic\u0113tu un nov\u0113rstu probl\u0113mas, vispirms r\u016bp\u012bgi p\u0101rbaudiet visas sast\u0101vda\u013cas. P\u0101rbaudiet, vai nav redzamu boj\u0101jumu vai nodiluma paz\u012bmju, un p\u0101rliecinieties, vai visi savienojumi ir dro\u0161i. Regul\u0101ra apkope var pal\u012bdz\u0113t nov\u0113rst daudzas bie\u017ei sastopamas probl\u0113mas.<\/p>\n<p>Lai samazin\u0101tu turpm\u0101ku probl\u0113mu risku, veiciet prevent\u012bvus pas\u0101kumus, piem\u0113ram, regul\u0101ru e\u013c\u013co\u0161anu un savlaic\u012bgu bl\u012bvju nomai\u0146u. Ja probl\u0113mas joproj\u0101m past\u0101v, konsult\u0113jieties ar speci\u0101listu, lai noteiktu pamatc\u0113lo\u0146us un izstr\u0101d\u0101tu atbilsto\u0161us risin\u0101jumus.<\/p>\n<p><img decoding=\"async\" src=\"https:\/\/www.hydraulic-cylinders.net\/wp-content\/uploads\/2025\/04\/songte-bushings-with-all-kinds-of-excavator-models.webp\" alt=\"Bukses veidi\"><\/p>\n<h2>Par m\u016bsu uz\u0146\u0113mumu<\/h2>\n<p>M\u0113s esam vado\u0161ais hidraulisko cilindru ra\u017eot\u0101js un vairumtirdzniec\u012bbas izplat\u012bt\u0101js, kas pied\u0101v\u0101 pla\u0161u produktu kl\u0101stu viet\u0113jam un starptautiskajam tirgum. M\u016bsu ap\u0146em\u0161an\u0101s sasniegt izcil\u012bbu atspogu\u013cojas m\u016bsu r\u016bp\u012bgaj\u0101s ra\u017eo\u0161anas strat\u0113\u0123ij\u0101s un augstu kvalit\u0101tes standartu iev\u0113ro\u0161an\u0101.<\/p>\n<p>M\u016bsu uz\u0146\u0113mums izmanto modernas ra\u017eo\u0161anas iek\u0101rtas un jaun\u0101k\u0101s tehnolo\u0123ijas, lai ra\u017eotu hidrauliskos cilindrus, kas atbilst m\u016bsu klientu da\u017e\u0101daj\u0101m vajadz\u012bb\u0101m. M\u016bsu kvalific\u0113to speci\u0101listu komanda nodro\u0161ina, ka katrs produkts tiek pak\u013cauts stingr\u0101m kvalit\u0101tes p\u0101rbaud\u0113m, garant\u0113jot veiktsp\u0113ju un uzticam\u012bbu. M\u0113s pied\u0101v\u0101jam ar\u012b piel\u0101go\u0161anas pakalpojumus, lai apmierin\u0101tu \u012bpa\u0161as klientu pras\u012bbas.<\/p>\n<p>Turkl\u0101t m\u0113s lepojamies ar to, ka sniedzam izcilu p\u0113cp\u0101rdo\u0161anas atbalstu, pal\u012bdzot klientiem ar uzst\u0101d\u012b\u0161anu, apkopi un visiem jaut\u0101jumiem, kas saist\u012bti ar m\u016bsu produktiem.<\/p>\n<p><img decoding=\"async\" src=\"https:\/\/www.hydraulic-cylinders.net\/wp-content\/uploads\/2025\/04\/songte-company-4.webp\" alt=\"Uz\u0146\u0113muma p\u0101rskats\"><br \/>\n<img decoding=\"async\" src=\"https:\/\/www.hydraulic-cylinders.net\/wp-content\/uploads\/2025\/04\/songte-company-3.webp\" alt=\"Ra\u017eo\u0161anas iek\u0101rta\"><\/p>\n<p>Autors: lil<\/p>","protected":false},"excerpt":{"rendered":"<p>Boom Cylinder For Kobelco Large Excavator SK4608 Product Overview The Boom Cylinder is a hydraulic component specifically designed for heavy machinery, particularly the Kobelco Large Excavator SK4608. This cylinder plays a crucial role in controlling the movement of the excavator&#8217;s boom, allowing for lifting, lowering, and tilting operations. These movements are essential for efficient material [&hellip;]<\/p>","protected":false},"featured_media":17867,"comment_status":"open","ping_status":"closed","template":"","meta":{"_et_pb_use_builder":"","_et_pb_old_content":"","_et_gb_content_width":""},"product_brand":[],"product_cat":[1546],"product_tag":[1547,1496],"class_list":{"0":"post-19091","1":"product","2":"type-product","3":"status-publish","4":"has-post-thumbnail","6":"product_cat-boom-cylinders","7":"product_tag-boom-cylinders","8":"product_tag-hydraulic-cylinders","10":"first","11":"instock","12":"shipping-taxable","13":"product-type-simple"},"amp_enabled":true,"_links":{"self":[{"href":"https:\/\/www.hydraulic-cylinders.net\/lv\/wp-json\/wp\/v2\/product\/19091","targetHints":{"allow":["GET"]}}],"collection":[{"href":"https:\/\/www.hydraulic-cylinders.net\/lv\/wp-json\/wp\/v2\/product"}],"about":[{"href":"https:\/\/www.hydraulic-cylinders.net\/lv\/wp-json\/wp\/v2\/types\/product"}],"replies":[{"embeddable":true,"href":"https:\/\/www.hydraulic-cylinders.net\/lv\/wp-json\/wp\/v2\/comments?post=19091"}],"wp:featuredmedia":[{"embeddable":true,"href":"https:\/\/www.hydraulic-cylinders.net\/lv\/wp-json\/wp\/v2\/media\/17867"}],"wp:attachment":[{"href":"https:\/\/www.hydraulic-cylinders.net\/lv\/wp-json\/wp\/v2\/media?parent=19091"}],"wp:term":[{"taxonomy":"product_brand","embeddable":true,"href":"https:\/\/www.hydraulic-cylinders.net\/lv\/wp-json\/wp\/v2\/product_brand?post=19091"},{"taxonomy":"product_cat","embeddable":true,"href":"https:\/\/www.hydraulic-cylinders.net\/lv\/wp-json\/wp\/v2\/product_cat?post=19091"},{"taxonomy":"product_tag","embeddable":true,"href":"https:\/\/www.hydraulic-cylinders.net\/lv\/wp-json\/wp\/v2\/product_tag?post=19091"}],"curies":[{"name":"wp","href":"https:\/\/api.w.org\/{rel}","templated":true}]}}