{"id":19094,"date":"2025-04-07T06:12:30","date_gmt":"2025-04-07T06:12:30","guid":{"rendered":"https:\/\/www.hydraulic-cylinders.net\/product\/boom-cylinder-for-yugong-wy15-7\/"},"modified":"2025-04-07T06:12:32","modified_gmt":"2025-04-07T06:12:32","slug":"boom-cylinder-for-yugong-wy15-7","status":"publish","type":"product","link":"https:\/\/www.hydraulic-cylinders.net\/lv\/products\/boom-cylinder-for-yugong-wy15-7\/","title":{"rendered":"Str\u0113les cilindrs Yugong WY15-7"},"content":{"rendered":"<h1>Str\u0113les cilindrs Yugong WY15-7<\/h1>\n<h2>Produkta p\u0101rskats<\/h2>\n<p>Yugong WY15-7 str\u0113les cilindrs ir specializ\u0113ts hidrauliskais cilindrs, kas paredz\u0113ts kausu kust\u012bbas vad\u012bbai da\u017e\u0101d\u0101s smagaj\u0101s ma\u0161\u012bn\u0101s. Hidrauliskie cilindri ir kritiski svar\u012bgas hidraulisko sist\u0113mu sast\u0101vda\u013cas, kas \u013cauj prec\u012bzi kontrol\u0113t iek\u0101rtu kust\u012bbu un pozicion\u0113\u0161anu. \u0160is konkr\u0113tais str\u0113les cilindrs ir neat\u0146emama ekskavatoru, ekskavatoru-iekr\u0101v\u0113ju un front\u0101lo iekr\u0101v\u0113ju funkcija, \u013caujot kausam efekt\u012bvi pacelt, nolaist un noliekt, t\u0101d\u0113j\u0101di atvieglojot materi\u0101lu apstr\u0101des uzdevumus.<\/p>\n<p>Kausa cilindri ir hidrauliskie cilindri, kas \u012bpa\u0161i tiek izmantoti, lai p\u0101rvald\u012btu rak\u0161anas un cel\u0161anas agreg\u0101tu darb\u012bbu, un tie ir daudzu b\u016bvniec\u012bbas un lauksaimniec\u012bbas tehnikas oper\u0101ciju mugurkauls. Hidraulisk\u0101s sist\u0113mas jauda apvienojum\u0101 ar cilindra sniegtaj\u0101m meh\u0101niskaj\u0101m priek\u0161roc\u012bb\u0101m \u013cauj viegli manevr\u0113t ar smag\u0101m krav\u0101m. Uzsverot uzticam\u012bbu un veiktsp\u0113ju, Yugong WY15-7 str\u0113les cilindrs nodro\u0161ina, ka operatori var dro\u0161i un efekt\u012bvi veikt uzdevumus.<\/p>\n<p><img decoding=\"async\" src=\"https:\/\/www.hydraulic-cylinders.net\/wp-content\/uploads\/2025\/04\/songte-company-1.webp\" alt=\"Str\u0113les cilindrs Yugong WY15-7\"><\/p>\n<h2>Yugong WY15-7 str\u0113les cilindra \u012bpa\u0161\u012bbas<\/h2>\n<ul>\n<li><strong>Augsta iztur\u012bba un ilgm\u016b\u017e\u012bba:<\/strong> \u0160is cilindrs ir izgatavots no augstas stipr\u012bbas t\u0113rauda vai alum\u012bnija, un tas var iztur\u0113t augstu spiedienu un lielas slodzes, padarot to piem\u0113rotu skarbiem darba apst\u0101k\u013ciem. Konstrukcij\u0101 \u0146emta v\u0113r\u0101 nodilumiztur\u012bba un iztur\u012bba pret koroziju, pagarinot t\u0101 kalpo\u0161anas laiku.<\/li>\n<li><strong>Efekt\u012bva hidraulisk\u0101 darb\u012bba:<\/strong> \u0160is cilindrs izmanto hidraulisk\u0101s e\u013c\u013cas spiedienu, lai pan\u0101ktu vienm\u0113r\u012bgu ievilk\u0161anu un izvirz\u012b\u0161anu, \u0101tri rea\u0123\u0113jot uz operatora komand\u0101m un nodro\u0161inot sp\u0113c\u012bgu stum\u0161anas un vilk\u0161anas sp\u0113ku, kas ir ide\u0101li piem\u0113rots smagu un sare\u017e\u0123\u012btu uzdevumu veik\u0161anai.<\/li>\n<li><strong>Da\u017e\u0101das iesp\u0113jas:<\/strong> Str\u0113les cilindrs ir pieejams vienk\u0101r\u0161\u0101s darb\u012bbas (izmantojot hidraulisku darb\u012bbu vien\u0101 virzien\u0101) vai divk\u0101r\u0161\u0101s darb\u012bbas (izmantojot hidraulisku darb\u012bbu abos virzienos) konfigur\u0101cij\u0101s, lai apmierin\u0101tu da\u017e\u0101das ekspluat\u0101cijas pras\u012bbas. Da\u017eiem mode\u013ciem ir teleskopiska konstrukcija, kas \u013cauj veikt liel\u0101ku pagarin\u0101jumu, nepalielinot \u0101r\u0113jos izm\u0113rus, kas ir ide\u0101li piem\u0113rots lietojumiem ar ierobe\u017eotu vietu.<\/li>\n<li><strong>Prec\u012bzijas in\u017eenierija:<\/strong> Katrs cilindrs ir izgatavots ar precizit\u0101ti, lai nodro\u0161in\u0101tu optim\u0101lu veiktsp\u0113ju un ilgm\u016b\u017e\u012bbu, ra\u017eo\u0161anas proces\u0101 iek\u013caujot progres\u012bvas tehnolo\u0123ijas.<\/li>\n<li><strong>Sader\u012bba:<\/strong> M\u016bsu produkti kalpo k\u0101 lieliski da\u017e\u0101du hidraulisko cilindru aizvietot\u0101ji, nodro\u0161inot neman\u0101mu integr\u0101ciju un darb\u012bbu da\u017e\u0101dos ma\u0161\u012bnu mode\u013cos.<\/li>\n<\/ul>\n<p><img decoding=\"async\" src=\"https:\/\/www.hydraulic-cylinders.net\/wp-content\/uploads\/2025\/04\/songte-cylinder-head-with-all-kinds-excavator-models.webp\" alt=\"Sader\u012bba ar ekskavatoru mode\u013ciem\"><\/p>\n<h2>Yugong WY15-7 str\u0113les cilindra pielietojums<\/h2>\n<h3>Celtniec\u012bbas apr\u012bkojums<\/h3>\n<p>Ekskavatoros str\u0113les cilindram ir b\u016btiska loma augsnes vai gru\u017eu rak\u0161an\u0101, iekrau\u0161an\u0101 un p\u0101rvieto\u0161an\u0101. Tas \u013cauj prec\u012bzi kontrol\u0113t kausa novietojumu, \u013caujot operatoriem str\u0101d\u0101t efekt\u012bvi un lietder\u012bgi. Ekskavatoros-iekr\u0101v\u0113jos kausa cilindrs pal\u012bdz ne tikai rak\u0161anas darbos, bet ar\u012b cel\u0161an\u0101, padarot to par b\u016btisku da\u017e\u0101du uzdevumu veik\u0161anai b\u016bvlaukumos.<\/p>\n<h3>Lauksaimniec\u012bbas tehnika<\/h3>\n<p>Front\u0101lajos iekr\u0101v\u0113jos str\u0113les cilindrs ir \u013coti svar\u012bgs augsnes, siena un citu materi\u0101lu sav\u0101k\u0161anai, cel\u0161anai un transport\u0113\u0161anai. \u0160\u012b hidraulisk\u0101 sast\u0101vda\u013ca nodro\u0161ina, ka lauksaimniec\u012bbas darbi tiek veikti \u0101tri un ar minim\u0101lu piep\u016bli, t\u0101d\u0113j\u0101di uzlabojot lauksaimniec\u012bbas darb\u012bbu produktivit\u0101ti.<\/p>\n<h3>Ekskavatori<\/h3>\n<p>Str\u0113les cilindrs atvieglo rak\u0161anas darb\u012bbu, \u013caujot kausam efekt\u012bvi iek\u013c\u016bt augsn\u0113. \u0160\u012b konstrukcija ir \u013coti svar\u012bga, lai pan\u0101ktu dzi\u013cu rak\u0161anu un nodro\u0161in\u0101tu, ka operatori var veikt savus uzdevumus, nep\u0101rslogojot tehniku.<\/p>\n<h3>Iekr\u0101v\u0113ji<\/h3>\n<p>Front\u0101lajos iekr\u0101v\u0113jos str\u0113les cilindrs ir atbild\u012bgs par efekt\u012bvu kravu cel\u0161anu un izg\u0101\u0161anu. T\u0101 uzticam\u0101 darb\u012bba nodro\u0161ina, ka materi\u0101lus var \u0101tri p\u0101rvietot, samazinot d\u012bkst\u0101ves laiku un palielinot kop\u0113jo produktivit\u0101ti darba viet\u0101.<\/p>\n<h2>Dizaina apsv\u0113rumi un atlases krit\u0113riji<\/h2>\n<h3>Kravnes\u012bba<\/h3>\n<p>Izv\u0113loties str\u0113les cilindru, viens no galvenajiem apsv\u0113rumiem ir t\u0101 kravnes\u012bba. Cilindram j\u0101sp\u0113j iztur\u0113t maksim\u0101lo svaru, ko tas iztur\u0113s darb\u012bbas laik\u0101. Tas ietver hidraulisk\u0101s sist\u0113mas specifik\u0101ciju nov\u0113rt\u0113\u0161anu un p\u0101rliecin\u0101\u0161anos, ka cilindrs var nodro\u0161in\u0101t nepiecie\u0161amo sp\u0113ku, neapdraudot dro\u0161\u012bbu vai veiktsp\u0113ju. Lai nov\u0113rstu cilindra boj\u0101jumus un nodro\u0161in\u0101tu dro\u0161u darb\u012bbu, ir svar\u012bgi veikt r\u016bp\u012bgu slodzes pras\u012bbu anal\u012bzi.<\/p>\n<h3>Bl\u012bv\u0113juma veiktsp\u0113ja<\/h3>\n<p>Bl\u012bv\u0113jums ir kritiski svar\u012bgs hidraulisk\u0101 cilindra konstrukcijas aspekts. Lai uztur\u0113tu optim\u0101lu veiktsp\u0113ju un efektivit\u0101ti, bl\u012bv\u0113jumiem ir j\u0101nov\u0113r\u0161 hidraulisk\u0101 \u0161\u0137idruma nopl\u016bde, vienlaikus nodro\u0161inot vienm\u0113r\u012bgu cilindra kust\u012bbu. Augstas kvalit\u0101tes bl\u012bv\u0113jumi (piem\u0113ram, virzu\u013ca bl\u012bv\u0113jumi un stie\u0146a bl\u012bv\u0113jumi), kas izgatavoti no iztur\u012bgiem materi\u0101liem, piem\u0113ram, poliuret\u0101na vai nitrila gumijas, ir b\u016btiski spiediena uztur\u0113\u0161anai un nodiluma samazin\u0101\u0161anai. Pareiza bl\u012bv\u0113\u0161ana veicina deta\u013cas un visas hidraulisk\u0101s sist\u0113mas ilgm\u016b\u017e\u012bbu.<\/p>\n<h3>Iztur\u012bba<\/h3>\n<p>Hidrauliskajiem cilindriem iztur\u012bba ir \u013coti svar\u012bga, \u012bpa\u0161i sare\u017e\u0123\u012btos apst\u0101k\u013cos. Konstrukcij\u0101 izmantotajiem materi\u0101liem j\u0101iztur nodilums, korozija un pak\u013cau\u0161ana ekstrem\u0101liem apst\u0101k\u013ciem. Parasti tiek izmantots augstas stipr\u012bbas t\u0113rauds vai alum\u012bnijs, kam tiek uzkl\u0101ta virsmas apstr\u0101de, lai uzlabotu iztur\u012bbu pret nodilumu un vides faktoriem. Iztur\u012bgu materi\u0101lu izv\u0113le nodro\u0161ina, ka cilindrs var dro\u0161i darboties vis\u0101 paredz\u0113taj\u0101 kalpo\u0161anas laik\u0101.<\/p>\n<h3>Dro\u0161\u012bbas funkcijas<\/h3>\n<p>Dro\u0161\u012bba ir \u0101rk\u0101rt\u012bgi svar\u012bga, str\u0101d\u0101jot ar smago tehniku. Str\u0113les cilindram j\u0101b\u016bt apr\u012bkotam ar dro\u0161\u012bbas funkcij\u0101m, piem\u0113ram, spiediena samazin\u0101\u0161anas v\u0101rstiem, lai nov\u0113rstu p\u0101rspiedienu, k\u0101 ar\u012b dro\u0161\u012bbas meh\u0101nismiem, kas var blo\u0137\u0113t cilindru viet\u0101, ja tiek zaud\u0113ts hidrauliskais spiediens. \u0160\u012bs funkcijas aizsarg\u0101 gan operatoru, gan apr\u012bkojumu no iesp\u0113jamiem negad\u012bjumiem vai traum\u0101m.<\/p>\n<h3>Uzturam\u012bba<\/h3>\n<p>V\u0113l viens svar\u012bgs apsv\u0113rums hidraulisko cilindru konstrukcij\u0101 ir viegla apkope. Cilindram j\u0101nodro\u0161ina vienk\u0101r\u0161u apkopes darbu, piem\u0113ram, e\u013c\u013cas mai\u0146as, bl\u012bv\u0113jumu nomai\u0146as un p\u0101rbaudes, veik\u0161ana. Pieejama konstrukcija var iev\u0113rojami samazin\u0101t d\u012bkst\u0101ves laiku un apkopes izmaksas, nodro\u0161inot, ka operatori var uztur\u0113t savas iek\u0101rtas optim\u0101l\u0101 darba st\u0101vokl\u012b ar minim\u0101lu piep\u016bli.<\/p>\n<p><img decoding=\"async\" src=\"https:\/\/www.hydraulic-cylinders.net\/wp-content\/uploads\/2025\/04\/songte-oil-pipes-and-spare-parts.webp\" alt=\"Hidraulisko cilindru rezerves da\u013cas\"><\/p>\n<h2>Bl\u012bv\u0113\u0161ana un e\u013c\u013co\u0161ana<\/h2>\n<p>Efekt\u012bva bl\u012bv\u0113\u0161ana un e\u013c\u013co\u0161ana ir b\u016btiska hidraulisko cilindru optim\u0101lai darb\u012bbai. Da\u017e\u0101diem bl\u012bv\u0113\u0161anas elementiem, piem\u0113ram, virzu\u013ca bl\u012bv\u0113m un stie\u0146a bl\u012bv\u0113m, ir iz\u0161\u0137iro\u0161a noz\u012bme spiediena uztur\u0113\u0161an\u0101 un nopl\u016b\u017eu nov\u0113r\u0161an\u0101. Bl\u012bv\u0113jumi, kas izgatavoti no nodilumiztur\u012bgiem materi\u0101liem, piem\u0113ram, poliuret\u0101na un nitrila gumijas, tiek pla\u0161i izmantoti to iztur\u012bbas un elast\u012bbas d\u0113\u013c.<\/p>\n<p>Cilindra korpuss un v\u012bt\u0146ot\u0101s gala virsmas tiek r\u016bp\u012bgi apstr\u0101d\u0101tas, lai uzlabotu nodilumiztur\u012bbu un nodro\u0161in\u0101tu pareizu piegul\u0161anu. Regul\u0101ra e\u013c\u013co\u0161ana ar hidraulisko e\u013c\u013cu ir b\u016btiska, lai samazin\u0101tu berzi un nodilumu, t\u0101d\u0113j\u0101di veicinot hidraulisk\u0101s sist\u0113mas ilgm\u016b\u017e\u012bbu un efektivit\u0101ti. Pareiza e\u013c\u013co\u0161anas prakse pal\u012bdz uztur\u0113t optim\u0101lu cilindra darb\u012bbu un nov\u0113rst priek\u0161laic\u012bgu boj\u0101jumu, galu gal\u0101 samazinot apkopes izmaksas.<\/p>\n<h2>Regul\u0101ra p\u0101rbaude un profilaktisk\u0101 apkope<\/h2>\n<ul>\n<li><strong>Vizu\u0101l\u0101s p\u0101rbaudes:<\/strong> Regul\u0101ri j\u0101veic vizu\u0101las p\u0101rbaudes, lai p\u0101rbaud\u012btu, vai nav nodiluma paz\u012bmju, nopl\u016b\u017eu vai fizisku boj\u0101jumu. Probl\u0113mu agr\u012bna atkl\u0101\u0161ana var nov\u0113rst turpm\u0101kus boj\u0101jumus un d\u0101rgus remontdarbus.<\/li>\n<li><strong>E\u013c\u013co\u0161anas apkope:<\/strong> Hidraulisk\u0101s e\u013c\u013cas pietiekama uzpilde un regul\u0101ra mai\u0146a ir \u013coti svar\u012bga, lai uztur\u0113tu cilindra efektivit\u0101ti. E\u013c\u013co\u0161anas neiev\u0113ro\u0161ana var izrais\u012bt palielin\u0101tu nodilumu.<\/li>\n<li><strong>Bl\u012bv\u0113juma nomai\u0146a:<\/strong> Laika gait\u0101 bl\u012bves var nolietoties un t\u0101s var b\u016bt j\u0101nomaina, lai saglab\u0101tu optim\u0101lu bl\u012bv\u0113\u0161anas veiktsp\u0113ju. Regul\u0101ras p\u0101rbaudes var pal\u012bdz\u0113t noteikt, kad bl\u012bves ir j\u0101nomaina.<\/li>\n<\/ul>\n<h2>Uzst\u0101d\u012b\u0161anas vadl\u012bnijas<\/h2>\n<p>Pareiza Yugong WY15-7 str\u0113les cilindra uzst\u0101d\u012b\u0161ana ir b\u016btiska t\u0101 veiktsp\u0113jai un ilgm\u016b\u017e\u012bbai. Vispirms p\u0101rliecinieties, ka darba zona ir t\u012bra un bez gru\u017eiem. Prec\u012bzi izl\u012bdziniet cilindru ar mont\u0101\u017eas kron\u0161teiniem, lai izvair\u012btos no nepareizas izl\u012bdzin\u0101\u0161anas, kas var izrais\u012bt priek\u0161laic\u012bgu nodilumu. Ieteicams izmantot atbilsto\u0161us mont\u0101\u017eas kron\u0161teinus, lai stingri nostiprin\u0101tu cilindru viet\u0101.<\/p>\n<p>Uzst\u0101d\u012b\u0161anas laik\u0101 p\u0101rliecinieties, vai visi hidrauliskie savienojumi ir cie\u0161i un bez nopl\u016bd\u0113m. P\u0101rbaudiet hidraulisk\u0101 \u0161\u0137idruma l\u012bmeni un p\u0101rliecinieties, vai sist\u0113m\u0101 nav gaisa. P\u0113c uzst\u0101d\u012b\u0161anas veiciet r\u016bp\u012bgu p\u0101rbaudi un darb\u012bbas testu, lai p\u0101rliecin\u0101tos, ka cilindrs darbojas nevainojami un efekt\u012bvi. Pareiza uzst\u0101d\u012b\u0161ana ne tikai uzlabo veiktsp\u0113ju, bet ar\u012b iev\u0113rojami pagarina hidraulisk\u0101 cilindra kalpo\u0161anas laiku.<\/p>\n<h2>Bie\u017ei sastopamie apkopes uzdevumi<\/h2>\n<h3>Regul\u0101ras p\u0101rbaudes<\/h3>\n<p>Regul\u0101ru p\u0101rbau\u017eu veik\u0161ana ir \u013coti svar\u012bga, lai identific\u0113tu potenci\u0101l\u0101s probl\u0113mas, pirms t\u0101s saasin\u0101s. Operatoriem regul\u0101ri j\u0101p\u0101rbauda, \u200b\u200bvai nav hidraulisk\u0101 \u0161\u0137idruma nopl\u016b\u017eu, nodiluma vai cilindra boj\u0101jumu paz\u012bmju. Probl\u0113mu agr\u012bna atkl\u0101\u0161ana var ietaup\u012bt laiku un remonta izmaksas, nodro\u0161inot, ka hidraulisk\u0101 sist\u0113ma joproj\u0101m darbojas un ir dro\u0161a.<\/p>\n<h3>Piem\u0113rota e\u013c\u013co\u0161ana<\/h3>\n<p>Hidraulisk\u0101 cilindra pareiza e\u013c\u013co\u0161ana ir b\u016btiska t\u0101 funkcionalit\u0101tei. Regul\u0101ri p\u0101rbaudiet hidraulisk\u0101 \u0161\u0137idruma l\u012bmeni un uzpildiet to p\u0113c nepiecie\u0161am\u012bbas. Pareiza veida hidraulisk\u0101s e\u013c\u013cas izmanto\u0161ana nodro\u0161in\u0101s cilindra vienm\u0113r\u012bgu un efekt\u012bvu darb\u012bbu, samazinot iek\u0161\u0113jo deta\u013cu nodilumu.<\/p>\n<h3>Bl\u012bvju nomai\u0146as un kalibr\u0113\u0161anas p\u0101rbaudes<\/h3>\n<p>Laika gait\u0101 bl\u012bves var nolietoties un t\u0101s var b\u016bt j\u0101nomaina, lai uztur\u0113tu optim\u0101lu veiktsp\u0113ju. Iek\u013caujiet regul\u0101ras p\u0101rbaudes, lai nov\u0113rt\u0113tu bl\u012bvju st\u0101vokli un veiktu nomai\u0146u p\u0113c nepiecie\u0161am\u012bbas. Turkl\u0101t periodiski kalibr\u0113jiet hidraulisko sist\u0113mu, lai nodro\u0161in\u0101tu, ka visas sast\u0101vda\u013cas darbojas pareizi un efekt\u012bvi, uzlabojot iek\u0101rtas kop\u0113jo veiktsp\u0113ju.<\/p>\n<p><img decoding=\"async\" src=\"https:\/\/www.hydraulic-cylinders.net\/wp-content\/uploads\/2025\/04\/songte-chushion-collar.webp\" alt=\"Hidraulisk\u0101 cilindra spilvena apkakle\"><\/p>\n<h2>Dro\u0161\u012bbas apsv\u0113rumi un vides faktori<\/h2>\n<p>Dro\u0161\u012bbas pas\u0101kumu ievie\u0161ana, lietojot hidrauliskos cilindrus, ir \u013coti svar\u012bga, lai nov\u0113rstu negad\u012bjumus un nodro\u0161in\u0101tu operatora dro\u0161\u012bbu. Operatori ir j\u0101apm\u0101ca, lai izprastu ar hidrauliskaj\u0101m sist\u0113m\u0101m saist\u012btos riskus, tostarp p\u0113k\u0161\u0146u k\u013c\u016bmju vai hidraulisk\u0101 \u0161\u0137idruma nopl\u016b\u017eu iesp\u0113jam\u012bbu. Pareiza hidraulisk\u0101s sist\u0113mas apkope ne tikai uzlabo veiktsp\u0113ju, bet ar\u012b samazina vides pies\u0101r\u0146ojuma risku no hidrauliskajiem \u0161\u0137idrumiem.<\/p>\n<h2>K\u013c\u016bmju diagnostika un bie\u017e\u0101k sastopam\u0101s probl\u0113mas<\/h2>\n<ul>\n<li><strong>Hidraulisk\u0101 \u0161\u0137idruma nopl\u016bdes:<\/strong> Viena no visbie\u017e\u0101k sastopamaj\u0101m hidraulisko cilindru probl\u0113m\u0101m ir \u0161\u0137idruma nopl\u016bde. T\u0101 var rasties nolietotu bl\u012bv\u0113jumu vai boj\u0101tu deta\u013cu d\u0113\u013c. Regul\u0101r\u0101m p\u0101rbaud\u0113m j\u0101koncentr\u0113jas uz bl\u012bv\u0113juma integrit\u0101ti un cilindra st\u0101vokli, lai nov\u0113rstu nopl\u016bdes.<\/li>\n<li><strong>Nekonsekventa kust\u012bba:<\/strong> Ja cilindrs neizvirz\u0101s vai neievelkas vienm\u0113r\u012bgi, tas var liecin\u0101t par zemu hidraulisk\u0101 \u0161\u0137idruma l\u012bmeni, gaisu sist\u0113m\u0101 vai iek\u0161\u0113ju nodilumu. \u0160\u0137idruma l\u012bme\u0146a p\u0101rbaude un gaisa izvad\u012b\u0161ana bie\u017ei vien var atrisin\u0101t \u0161o probl\u0113mu.<\/li>\n<li><strong>P\u0101rkar\u0161ana:<\/strong> P\u0101rkar\u0161ana var notikt p\u0101rm\u0113r\u012bgas slodzes vai nepietiekamas e\u013c\u013co\u0161anas d\u0113\u013c. Darb\u012bbas apst\u0101k\u013cu uzraudz\u012bba un pareizas e\u013c\u013co\u0161anas nodro\u0161in\u0101\u0161ana var pal\u012bdz\u0113t nov\u0113rst p\u0101rkar\u0161anu un sekojo\u0161us boj\u0101jumus.<\/li>\n<\/ul>\n<h2>Padomi probl\u0113mu nov\u0113r\u0161anai<\/h2>\n<p>Diagnostic\u0113jot probl\u0113mas ar str\u0113les cilindru, ir svar\u012bgi sistem\u0101tiski identific\u0113t potenci\u0101l\u0101s probl\u0113mas. S\u0101ciet ar \u0161\u0137idruma l\u012bme\u0146a p\u0101rbaudi un nopl\u016b\u017eu p\u0101rbaudi. Ja simptomi saglab\u0101jas, p\u0101rbaudiet hidraulisko sist\u0113mu, vai taj\u0101 nav gaisa kabatu vai spiediena neatbilst\u012bbu. Regul\u0101ra apkope un savlaic\u012bgi veikti remontdarbi ir \u013coti svar\u012bgi, lai samazin\u0101tu probl\u0113mas un nodro\u0161in\u0101tu efekt\u012bvu darb\u012bbu.<\/p>\n<p>Prevent\u012bvie pas\u0101kumi, piem\u0113ram, regul\u0101ru apkopes proced\u016bru iev\u0113ro\u0161ana un hidraulisk\u0101s sist\u0113mas t\u012br\u012bbas uztur\u0113\u0161ana, var iev\u0113rojami samazin\u0101t nopietnu probl\u0113mu ra\u0161an\u0101s iesp\u0113jam\u012bbu. Pareizi apkopjot cilindru, operatori var uzlabot t\u0101 kalpo\u0161anas laiku un uzticam\u012bbu.<\/p>\n<p><img decoding=\"async\" src=\"https:\/\/www.hydraulic-cylinders.net\/wp-content\/uploads\/2025\/04\/songte-bushings-with-all-kinds-of-excavator-models.webp\" alt=\"Ekskavatoru mode\u013cu bukses\"><\/p>\n<h2>Par m\u016bsu uz\u0146\u0113mumu<\/h2>\n<p>M\u0113s esam vado\u0161ais hidraulisko cilindru ra\u017eot\u0101js un vairumtirgot\u0101js, kas specializ\u0113jas augstas kvalit\u0101tes alternat\u012bvu nodro\u0161in\u0101\u0161an\u0101 da\u017e\u0101d\u0101m hidrauliskaj\u0101m komponent\u0113m. M\u016bsu pla\u0161ais produktu kl\u0101sts ir nostiprin\u0101jis m\u016bsu k\u0101 noz\u012bm\u012bga sp\u0113l\u0113t\u0101ja poz\u012bciju gan viet\u0113j\u0101, gan starptautiskaj\u0101 tirg\u016b. Ap\u0146\u0113mu\u0161ies sasniegt izcil\u012bbu, m\u0113s izmantojam izsmalcin\u0101tas ra\u017eo\u0161anas strat\u0113\u0123ijas un progres\u012bvas ra\u017eo\u0161anas vad\u012bbas prakses.<\/p>\n<p>M\u016bsu pied\u0101v\u0101jumus nodro\u0161ina kvalific\u0113ti tehni\u0137i, modern\u0101k\u0101s ra\u017eo\u0161anas iek\u0101rtas un visaptvero\u0161as test\u0113\u0161anas sist\u0113mas, kas uzlabo m\u016bsu ra\u017eo\u0161anas iesp\u0113jas. M\u0113s cen\u0161amies apmierin\u0101t da\u017e\u0101das klientu vajadz\u012bbas ar efektivit\u0101ti, precizit\u0101ti un kvalit\u0101ti, nodro\u0161inot, ka m\u016bsu produkti atbilst starptautiskajiem standartiem un sertifik\u0101tiem.<\/p>\n<p><img decoding=\"async\" src=\"https:\/\/www.hydraulic-cylinders.net\/wp-content\/uploads\/2025\/04\/songte-company-4.webp\" alt=\"M\u016bsu uz\u0146\u0113muma telpas\"><br \/>\n<img decoding=\"async\" src=\"https:\/\/www.hydraulic-cylinders.net\/wp-content\/uploads\/2025\/04\/songte-company-3.webp\" alt=\"Ra\u017eo\u0161anas process\"><\/p>\n<p>Autors: lil<\/p>","protected":false},"excerpt":{"rendered":"<p>Boom Cylinder For Yugong WY15-7 Product Overview The Boom Cylinder for Yugong WY15-7 is a specialized hydraulic cylinder designed for controlling the movement of buckets in various heavy machinery. Hydraulic cylinders are critical components in hydraulic systems, allowing for precise control of the movement and positioning of equipment. This particular boom cylinder is integral to [&hellip;]<\/p>","protected":false},"featured_media":17870,"comment_status":"open","ping_status":"closed","template":"","meta":{"_et_pb_use_builder":"","_et_pb_old_content":"","_et_gb_content_width":""},"product_brand":[],"product_cat":[1546],"product_tag":[1547,1496],"class_list":{"0":"post-19094","1":"product","2":"type-product","3":"status-publish","4":"has-post-thumbnail","6":"product_cat-boom-cylinders","7":"product_tag-boom-cylinders","8":"product_tag-hydraulic-cylinders","10":"first","11":"instock","12":"shipping-taxable","13":"product-type-simple"},"amp_enabled":true,"_links":{"self":[{"href":"https:\/\/www.hydraulic-cylinders.net\/lv\/wp-json\/wp\/v2\/product\/19094","targetHints":{"allow":["GET"]}}],"collection":[{"href":"https:\/\/www.hydraulic-cylinders.net\/lv\/wp-json\/wp\/v2\/product"}],"about":[{"href":"https:\/\/www.hydraulic-cylinders.net\/lv\/wp-json\/wp\/v2\/types\/product"}],"replies":[{"embeddable":true,"href":"https:\/\/www.hydraulic-cylinders.net\/lv\/wp-json\/wp\/v2\/comments?post=19094"}],"wp:featuredmedia":[{"embeddable":true,"href":"https:\/\/www.hydraulic-cylinders.net\/lv\/wp-json\/wp\/v2\/media\/17870"}],"wp:attachment":[{"href":"https:\/\/www.hydraulic-cylinders.net\/lv\/wp-json\/wp\/v2\/media?parent=19094"}],"wp:term":[{"taxonomy":"product_brand","embeddable":true,"href":"https:\/\/www.hydraulic-cylinders.net\/lv\/wp-json\/wp\/v2\/product_brand?post=19094"},{"taxonomy":"product_cat","embeddable":true,"href":"https:\/\/www.hydraulic-cylinders.net\/lv\/wp-json\/wp\/v2\/product_cat?post=19094"},{"taxonomy":"product_tag","embeddable":true,"href":"https:\/\/www.hydraulic-cylinders.net\/lv\/wp-json\/wp\/v2\/product_tag?post=19094"}],"curies":[{"name":"wp","href":"https:\/\/api.w.org\/{rel}","templated":true}]}}