{"id":19096,"date":"2025-04-07T06:12:34","date_gmt":"2025-04-07T06:12:34","guid":{"rendered":"https:\/\/www.hydraulic-cylinders.net\/product\/boom-cylinder-for-yugong-wy135-8\/"},"modified":"2025-04-07T06:12:40","modified_gmt":"2025-04-07T06:12:40","slug":"boom-cylinder-for-yugong-wy135-8","status":"publish","type":"product","link":"https:\/\/www.hydraulic-cylinders.net\/lv\/products\/boom-cylinder-for-yugong-wy135-8\/","title":{"rendered":"Str\u0113les cilindrs Yugong WY135-8"},"content":{"rendered":"<h1>Str\u0113les cilindrs Yugong WY135-8<\/h1>\n<h2>Produkta p\u0101rskats<\/h2>\n<p>Yugong WY135-8 str\u0113les cilindrs ir specializ\u0113ts hidrauliskais cilindrs, kas paredz\u0113ts str\u0113les sviras kust\u012bbas vad\u012bbai da\u017e\u0101d\u0101s smagaj\u0101s ma\u0161\u012bn\u0101s, piem\u0113ram, ekskavatoros, iekr\u0101v\u0113jos un front\u0101lajos iekr\u0101v\u0113jos. \u0160ie cilindri nodro\u0161ina prec\u012bzu apr\u012bkojuma pacel\u0161anu, nolai\u0161anu un noliek\u0161anu, t\u0101d\u0113j\u0101di atvieglojot efekt\u012bvus materi\u0101lu apstr\u0101des uzdevumus. Str\u0113les cilindrs, kas ir b\u016btiska hidraulisko sist\u0113mu sast\u0101vda\u013ca, darbojas, p\u0101rveidojot hidraulisko ener\u0123iju meh\u0101niskaj\u0101 ener\u0123ij\u0101, nodro\u0161inot jaud\u012bgas un kontrol\u0113tas kust\u012bbas.<\/p>\n<p><img decoding=\"async\" src=\"https:\/\/www.hydraulic-cylinders.net\/wp-content\/uploads\/2025\/04\/songte-company-1.webp\" alt=\"Str\u0113les cilindra att\u0113ls\" \/><\/p>\n<h2>Galven\u0101s iez\u012bmes<\/h2>\n<ul>\n<li>\n<h3>Augsta iztur\u012bba un ilgm\u016b\u017e\u012bba<\/h3>\n<p>Izgatavots no augstas stipr\u012bbas t\u0113rauda vai alum\u012bnija, str\u0113les cilindrs ir paredz\u0113ts augsta spiediena un lielu kravu iztur\u0113\u0161anai, padarot to piem\u0113rotu sare\u017e\u0123\u012bt\u0101m darba vid\u0113m. T\u0101 konstrukcij\u0101 ir iek\u013cauta nodilumiztur\u012bba un aizsardz\u012bba pret koroziju, lai pagarin\u0101tu produkta kalpo\u0161anas laiku.<\/p>\n<\/li>\n<li>\n<h3>Efekt\u012bva hidraulisk\u0101 darb\u012bba<\/h3>\n<p>Cilindrs izmanto hidraulisk\u0101s e\u013c\u013cas spiedienu, lai pan\u0101ktu vienm\u0113r\u012bgu izvirz\u012b\u0161anos un ievilk\u0161anos, \u0101tri rea\u0123\u0113jot uz operatora komand\u0101m un nodro\u0161inot sp\u0113c\u012bgu stum\u0161anas un vilk\u0161anas sp\u0113ku. \u0160\u012b efektivit\u0101te ir b\u016btiska smagu materi\u0101lu apstr\u0101dei un sare\u017e\u0123\u012btu ekspluat\u0101cijas uzdevumu veik\u0161anai.<\/p>\n<\/li>\n<li>\n<h3>Da\u017e\u0101das konfigur\u0101cijas<\/h3>\n<p>Pieejams gan vienas darb\u012bbas (darbojas vien\u0101 virzien\u0101), gan divk\u0101r\u0161as darb\u012bbas (darbojas divos virzienos) konstrukcij\u0101s, str\u0113les cilindrs var apmierin\u0101t da\u017e\u0101das ekspluat\u0101cijas pras\u012bbas. Da\u017eiem mode\u013ciem ir teleskopiska konstrukcija, kas \u013cauj veikt liel\u0101ku pagarin\u0101jumu, nepalielinot \u0101r\u0113jos izm\u0113rus, kas ir ide\u0101li piem\u0113rots lietojumiem ar ierobe\u017eotu vietu.<\/p>\n<\/li>\n<li>\n<h3>Piel\u0101gojama ra\u017eo\u0161ana<\/h3>\n<p>Mums ir iesp\u0113jas ra\u017eot \u0161o produktu, un m\u016bsu cilindri var neman\u0101mi aizst\u0101t eso\u0161os hidrauliskos cilindrus tirg\u016b.<\/p>\n<\/li>\n<\/ul>\n<p><img decoding=\"async\" src=\"https:\/\/www.hydraulic-cylinders.net\/wp-content\/uploads\/2025\/04\/songte-cylinder-head-with-all-kinds-excavator-models.webp\" alt=\"Ekskavatora modelis\" \/><\/p>\n<h2>Pieteikumi<\/h2>\n<ul>\n<li>\n<h3>Celtniec\u012bbas apr\u012bkojums<\/h3>\n<p>Ekskavatoros str\u0113les cilindri ir vit\u0101li svar\u012bgi zemes vai gru\u017eu rak\u0161anai, iekrau\u0161anai un p\u0101rvieto\u0161anai. Tie ne tikai pal\u012bdz rak\u0161anas darbos, bet ar\u012b pal\u012bdz materi\u0101lu cel\u0161an\u0101, iev\u0113rojami palielinot ma\u0161\u012bnas produktivit\u0101ti. To uzticam\u0101 veiktsp\u0113ja ir \u013coti svar\u012bga b\u016bvniec\u012bbas nozares ikdienas darb\u012bb\u0101.<\/p>\n<\/li>\n<li>\n<h3>Lauksaimniec\u012bbas tehnika<\/h3>\n<p>\u0160ie cilindri, ko izmanto front\u0101lajos iekr\u0101v\u0113jos, ir atbild\u012bgi par augsnes, siena un citu materi\u0101lu sav\u0101k\u0161anu, cel\u0161anu un transport\u0113\u0161anu. To konstrukcija \u013cauj efekt\u012bvi darboties da\u017e\u0101dos lauksaimniec\u012bbas uzdevumos, nodro\u0161inot, ka lauksaimnieki var efekt\u012bvi r\u012bkoties ar materi\u0101liem un uzlabot savu produktivit\u0101ti.<\/p>\n<\/li>\n<li>\n<h3>Ekskavatori<\/h3>\n<p>Str\u0113les cilindrs \u013cauj kausam iek\u013c\u016bt zem\u0113 rak\u0161anas laik\u0101, \u013caujot operatoriem efekt\u012bvi rakt. Prec\u012bza str\u0113les kust\u012bbas vad\u012bba nodro\u0161ina, ka ekskavatori var rakt dzi\u013c\u0101k un prec\u012bz\u0101k, padarot tos par neaizst\u0101jamu apr\u012bkojumu b\u016bvniec\u012bbas un ainavu veido\u0161anas projektos.<\/p>\n<\/li>\n<li>\n<h3>Iekr\u0101v\u0113ji<\/h3>\n<p>Front\u0101lajos iekr\u0101v\u0113jos str\u0113les cilindri pal\u012bdz efekt\u012bvi pacelt un izg\u0101zt kravas. To atsauc\u012bg\u0101 darb\u012bba un iztur\u012bba nodro\u0161ina, ka iekr\u0101v\u0113ji var viegli apstr\u0101d\u0101t da\u017e\u0101dus materi\u0101lus, s\u0101kot no zemes l\u012bdz agreg\u0101tiem, t\u0101d\u0113j\u0101di veicinot iekrau\u0161anas procesa kop\u0113jo efektivit\u0101ti.<\/p>\n<\/li>\n<\/ul>\n<h2>Dizaina apsv\u0113rumi un atlases krit\u0113riji<\/h2>\n<ul>\n<li>\n<h3>Kravnes\u012bba<\/h3>\n<p>Izv\u0113loties str\u0113les cilindru, ir svar\u012bgi \u0146emt v\u0113r\u0101 kravnes\u012bbu. Cilindram j\u0101sp\u0113j iztur\u0113t maksim\u0101lo paredzamo slodzi, neapdraudot dro\u0161\u012bbu vai veiktsp\u0113ju. Tas ietver p\u0101rvietojamo materi\u0101lu svara un tehnikas \u012bpa\u0161o pras\u012bbu nov\u0113rt\u0113\u0161anu.<\/p>\n<\/li>\n<li>\n<h3>Bl\u012bv\u0113juma veiktsp\u0113ja<\/h3>\n<p>Efekt\u012bvs bl\u012bv\u0113jums ir b\u016btisks hidraulisk\u0101 spiediena uztur\u0113\u0161anai un nopl\u016b\u017eu nov\u0113r\u0161anai. Augstas kvalit\u0101tes bl\u012bv\u0113jumi, kas izgatavoti no iztur\u012bgiem materi\u0101liem, ir vit\u0101li svar\u012bgi, lai nodro\u0161in\u0101tu cilindra ilgm\u016b\u017e\u012bbu un uzticam\u012bbu. Pareizs bl\u012bv\u0113jums samazina apkopes nepiecie\u0161am\u012bbu un uzlabo darb\u012bbas efektivit\u0101ti.<\/p>\n<\/li>\n<li>\n<h3>Iztur\u012bba<\/h3>\n<p>Iztur\u012bba ir b\u016btisks faktors hidraulisko cilindru konstrukcij\u0101. Cilindram ir j\u0101iztur skarbi darba apst\u0101k\u013ci, tostarp net\u012brumu, gru\u017eu un ekstrem\u0101lu temperat\u016bru iedarb\u012bba. Materi\u0101lu un apdares izv\u0113le, kas nodro\u0161ina iztur\u012bbu pret koroziju un aizsardz\u012bbu pret nodilumu, ir b\u016btiska, lai pagarin\u0101tu kalpo\u0161anas laiku.<\/p>\n<\/li>\n<li>\n<h3>Dro\u0161\u012bbas funkcijas<\/h3>\n<p>Hidraulisko cilindru konstrukcij\u0101 dro\u0161\u012bbai vienm\u0113r j\u0101b\u016bt priorit\u0101tei. Dro\u0161\u012bbas elementu, piem\u0113ram, spiediena samazin\u0101\u0161anas v\u0101rstu un aizsargapvalku, iek\u013cau\u0161ana nodro\u0161ina, ka sist\u0113ma var tikt gal\u0101 ar neparedz\u0113tiem apst\u0101k\u013ciem, neradot risku operatoriem vai apr\u012bkojumam.<\/p>\n<\/li>\n<li>\n<h3>Apkopes pieejam\u012bba<\/h3>\n<p>Projekt\u0113jot j\u0101\u0146em v\u0113r\u0101 ar\u012b apkopes vienk\u0101r\u0161\u012bba. Tam j\u0101nodro\u0161ina vienk\u0101r\u0161a deta\u013cu p\u0101rbaude, e\u013c\u013co\u0161ana un nomai\u0146a. Pieejam\u012bba ir galvenais, lai nodro\u0161in\u0101tu regul\u0101ras apkopes efekt\u012bvu veik\u0161anu, t\u0101d\u0113j\u0101di pagarinot balona kalpo\u0161anas laiku.<\/p>\n<\/li>\n<\/ul>\n<p><img decoding=\"async\" src=\"https:\/\/www.hydraulic-cylinders.net\/wp-content\/uploads\/2025\/04\/songte-oil-pipes-and-spare-parts.webp\" alt=\"Hidraulisk\u0101s da\u013cas\" \/><\/p>\n<h2>Bl\u012bv\u0113\u0161ana un e\u013c\u013co\u0161ana<\/h2>\n<p>Pareiza bl\u012bv\u0113\u0161ana un e\u013c\u013co\u0161ana ir kritiski svar\u012bga hidraulisko cilindru efekt\u012bvai darb\u012bbai. Lai uztur\u0113tu spiedienu sist\u0113m\u0101, tiek izmantoti da\u017e\u0101di bl\u012bv\u0113\u0161anas komponenti, piem\u0113ram, virzu\u013ca bl\u012bvsl\u0113gi \u200b\u200bun stie\u0146a bl\u012bvsl\u0113gi. Lai uzlabotu iztur\u012bbu, parasti tiek izmantoti bl\u012bvsl\u0113gi, kas izgatavoti no nodilumiztur\u012bgiem materi\u0101liem, piem\u0113ram, poliuret\u0101na un nitrila gumijas.<\/p>\n<p>Cilindra korpuss un v\u012bt\u0146otie gali ir r\u016bp\u012bgi apstr\u0101d\u0101ti, lai uzlabotu nodilumiztur\u012bbu, nodro\u0161inot, ka bl\u012bv\u0113jumi laika gait\u0101 saglab\u0101 savu integrit\u0101ti. Regul\u0101ra e\u013c\u013co\u0161ana ar hidraulisko e\u013c\u013cu ir nepiecie\u0161ama, lai samazin\u0101tu berzi un nov\u0113rstu nodilumu starp kust\u012bgaj\u0101m da\u013c\u0101m. Stingra e\u013c\u013co\u0161anas grafika iev\u0113ro\u0161ana pal\u012bdz uztur\u0113t darb\u012bbas efektivit\u0101ti un pagarin\u0101t cilindra kalpo\u0161anas laiku.<\/p>\n<h2>Regul\u0101ra p\u0101rbaude un profilaktisk\u0101 apkope<\/h2>\n<ul>\n<li>\n<h3>Regul\u0101ras p\u0101rbaudes<\/h3>\n<p>Regul\u0101ru p\u0101rbau\u017eu veik\u0161ana ir \u013coti svar\u012bga, lai identific\u0113tu iesp\u0113jam\u0101s probl\u0113mas, pirms t\u0101s saasin\u0101s. Operatoriem vizu\u0101li j\u0101p\u0101rbauda, \u200b\u200bvai cilindram un t\u0101 sast\u0101vda\u013c\u0101m nav nopl\u016b\u017eu, nodiluma un boj\u0101jumu, lai nodro\u0161in\u0101tu optim\u0101lu veiktsp\u0113ju.<\/p>\n<\/li>\n<li>\n<h3>Pareiza e\u013c\u013co\u0161ana<\/h3>\n<p>Lai nodro\u0161in\u0101tu netrauc\u0113tu darb\u012bbu, ir svar\u012bgi nodro\u0161in\u0101t, lai hidrauliskais cilindrs b\u016btu pien\u0101c\u012bgi iee\u013c\u013cots. Operatoriem j\u0101iev\u0113ro ra\u017eot\u0101ja nor\u0101d\u012bjumi par e\u013c\u013co\u0161anas interv\u0101liem un j\u0101izmanto ieteicam\u0101 hidraulisk\u0101 e\u013c\u013ca, lai nov\u0113rstu nodilumu.<\/p>\n<\/li>\n<li>\n<h3>Bl\u012bv\u0113juma nomai\u0146a<\/h3>\n<p>Lai saglab\u0101tu hidraulisko integrit\u0101ti, bl\u012bves regul\u0101ri j\u0101nomaina. Operatoriem j\u0101b\u016bt modriem, uzraugot bl\u012bv\u0113jumu darb\u012bbu un nekav\u0113joties nov\u0113r\u0161ot visas nodiluma vai nopl\u016b\u017eu paz\u012bmes, lai nov\u0113rstu sist\u0113mas k\u013c\u016bmes.<\/p>\n<\/li>\n<\/ul>\n<h2>Uzst\u0101d\u012b\u0161anas vadl\u012bnijas<\/h2>\n<p>Pareiza str\u0113les cilindra uzst\u0101d\u012b\u0161ana ir \u013coti svar\u012bga optim\u0101lai veiktsp\u0113jai. \u0160eit ir da\u017ei svar\u012bgi so\u013ci, kas j\u0101veic:<\/p>\n<ol>\n<li>P\u0101rliecinieties, vai mont\u0101\u017eas virsmas ir t\u012bras un bez gru\u017eiem.<\/li>\n<li>Pareizi noregul\u0113jiet cilindru, lai izvair\u012btos no nepareizas izl\u012bdzin\u0101\u0161anas, kas var\u0113tu izrais\u012bt priek\u0161laic\u012bgu nodilumu.<\/li>\n<li>Izmantojiet atbilsto\u0161us mont\u0101\u017eas kron\u0161teinus, lai nostiprin\u0101tu cilindru, nodro\u0161inot t\u0101 stabilit\u0101ti un prec\u012bzu novietojumu.<\/li>\n<li>P\u0113c uzst\u0101d\u012b\u0161anas p\u0101rbaudiet cilindra pareizu kust\u012bbu un veiciet nepiecie\u0161am\u0101s korekcijas.<\/li>\n<li>Pievelkot skr\u016bves un stiprin\u0101jumus, iev\u0113rojiet ra\u017eot\u0101ja nor\u0101d\u012bjumus par griezes momenta specifik\u0101cij\u0101m.<\/li>\n<\/ol>\n<h2>Bie\u017ei sastopamie apkopes uzdevumi<\/h2>\n<ul>\n<li>\n<h3>Regul\u0101ras p\u0101rbaudes<\/h3>\n<p>Regul\u0101ru hidraulisk\u0101s sist\u0113mas, tostarp str\u0113les cilindra, p\u0101rbau\u017eu veik\u0161ana ir \u013coti svar\u012bga, lai laikus identific\u0113tu visas probl\u0113mas. Operatoriem j\u0101nov\u0113rt\u0113 cilindra un apk\u0101rt\u0113jo komponentu visp\u0101r\u0113jais st\u0101voklis, lai p\u0101rliecin\u0101tos, ka viss darbojas pareizi.<\/p>\n<\/li>\n<li>\n<h3>Piem\u0113rota e\u013c\u013co\u0161ana<\/h3>\n<p>E\u013c\u013co\u0161ana ir \u013coti svar\u012bga, lai samazin\u0101tu berzi un nodilumu hidrauliskaj\u0101s sist\u0113m\u0101s. Operatoriem ir j\u0101iev\u0113ro e\u013c\u013co\u0161anas grafiki un j\u0101izmanto piem\u0113rotas hidraulisk\u0101s e\u013c\u013cas, lai nodro\u0161in\u0101tu str\u0113les cilindra ilgm\u016b\u017e\u012bbu un efektivit\u0101ti.<\/p>\n<\/li>\n<li>\n<h3>Bl\u012bvju nomai\u0146as un kalibr\u0113\u0161anas p\u0101rbaudes<\/h3>\n<p>Regul\u0101ra bl\u012bv\u0113jumu nomai\u0146a un balona kalibr\u0113\u0161anas p\u0101rbaude ir svar\u012bgi apkopes uzdevumi. Operatoriem j\u0101uzrauga bl\u012bv\u0113jumu darb\u012bba un j\u0101nomaina tie p\u0113c nepiecie\u0161am\u012bbas, lai nov\u0113rstu nopl\u016bdes un uztur\u0113tu spiedienu. Kalibr\u0113\u0161anas p\u0101rbaudes nodro\u0161ina, ka balons darbojas noteikto parametru robe\u017e\u0101s.<\/p>\n<\/li>\n<\/ul>\n<p><img decoding=\"async\" src=\"https:\/\/www.hydraulic-cylinders.net\/wp-content\/uploads\/2025\/04\/songte-chushion-collar.webp\" alt=\"Spilvenu apkakle\" \/><\/p>\n<h2>Dro\u0161\u012bbas un vides apsv\u0113rumi<\/h2>\n<p>Izmantojot hidrauliskos cilindrus, ir svar\u012bgi ieviest dro\u0161\u012bbas pas\u0101kumus, lai aizsarg\u0101tu operatorus un vidi. Pareiza apm\u0101c\u012bba par ekspluat\u0101cijas proced\u016br\u0101m un dro\u0161\u012bbas protokoliem samazina negad\u012bjumu risku. Turkl\u0101t videi draudz\u012bgu hidraulisko e\u013c\u013cu izmanto\u0161ana un pareizu atkritumu utiliz\u0101cijas meto\u017eu nodro\u0161in\u0101\u0161ana pal\u012bdz samazin\u0101t hidraulisko darb\u012bbu ietekmi uz vidi.<\/p>\n<h2>Probl\u0113mu nov\u0113r\u0161ana un bie\u017ei sastopamas probl\u0113mas<\/h2>\n<ul>\n<li>\n<h3>Nopl\u016bde<\/h3>\n<p>Viena no izplat\u012bt\u0101kaj\u0101m hidraulisko cilindru probl\u0113m\u0101m ir nopl\u016bde. Tas var rasties nolietotu bl\u012bv\u0113jumu vai boj\u0101tu deta\u013cu d\u0113\u013c. Operatoriem regul\u0101ri j\u0101p\u0101rbauda bl\u012bv\u0113jumi un j\u0101nomaina tie pie pirmaj\u0101m nodiluma paz\u012bm\u0113m, lai nov\u0113rstu turpm\u0101kus boj\u0101jumus.<\/p>\n<\/li>\n<li>\n<h3>L\u0113na kust\u012bba<\/h3>\n<p>Ja cilindrs darbojas l\u0113ni, tas var liecin\u0101t par zemu hidraulisk\u0101 \u0161\u0137idruma l\u012bmeni vai aizsprostojumiem sist\u0113m\u0101. \u0160\u0137idruma l\u012bme\u0146a p\u0101rbaude un p\u0101rliecin\u0101\u0161an\u0101s, ka hidrauliskaj\u0101s l\u012bnij\u0101s nav aizsprostojumu, var pal\u012bdz\u0113t atrisin\u0101t \u0161o probl\u0113mu.<\/p>\n<\/li>\n<li>\n<h3>Neparastas ska\u0146as<\/h3>\n<p>Neparastas ska\u0146as darb\u012bbas laik\u0101 var liecin\u0101t par iek\u0161\u0113ju nodilumu vai e\u013c\u013co\u0161anas tr\u016bkumu. Operatoriem j\u0101izp\u0113ta visas d\u012bvain\u0101s ska\u0146as un j\u0101veic nepiecie\u0161am\u0101 apkope, lai nov\u0113rstu nopietnus boj\u0101jumus.<\/p>\n<\/li>\n<\/ul>\n<p><img decoding=\"async\" src=\"https:\/\/www.hydraulic-cylinders.net\/wp-content\/uploads\/2025\/04\/songte-bushings-with-all-kinds-of-excavator-models.webp\" alt=\"Bukses\" \/><\/p>\n<h2>Secin\u0101jums<\/h2>\n<p>M\u016bsu uz\u0146\u0113mums specializ\u0113jas augstas kvalit\u0101tes hidraulisko cilindru, tostarp Yugong WY135-8 str\u0113les cilindra, ra\u017eo\u0161an\u0101. M\u0113s esam ap\u0146\u0113mu\u0161ies pieg\u0101d\u0101t daudzveid\u012bgus hidraulisko risin\u0101jumus, padarot m\u016bs par vado\u0161o ra\u017eot\u0101ju un vairumtirdzniec\u012bbas izplat\u012bt\u0101ju gan viet\u0113j\u0101, gan starptautiskaj\u0101 tirg\u016b. M\u016bsu uzman\u012bbas centr\u0101 ir izcil\u012bba apvienojum\u0101 ar progres\u012bv\u0101m ra\u017eo\u0161anas strat\u0113\u0123ij\u0101m, kas nodro\u0161ina, ka m\u0113s apmierin\u0101m m\u016bsu klientu da\u017e\u0101d\u0101s vajadz\u012bbas ar augstu efektivit\u0101ti, precizit\u0101ti un kvalit\u0101ti.<\/p>\n<p>Ar profesion\u0101lu pieredzi, starptautiskiem sertifik\u0101tiem, piel\u0101gotiem pakalpojumiem, modern\u0101m ra\u017eo\u0161anas iek\u0101rt\u0101m un uzticamu p\u0113cp\u0101rdo\u0161anas atbalstu m\u0113s esam ap\u0146\u0113mu\u0161ies nodro\u0161in\u0101t m\u016bsu klientiem augst\u0101k\u0101s klases produktus un pakalpojumus.<\/p>\n<p><img decoding=\"async\" src=\"https:\/\/www.hydraulic-cylinders.net\/wp-content\/uploads\/2025\/04\/songte-company-4.webp\" alt=\"Uz\u0146\u0113muma att\u0113ls 1\" \/><br \/>\n<img decoding=\"async\" src=\"https:\/\/www.hydraulic-cylinders.net\/wp-content\/uploads\/2025\/04\/songte-company-3.webp\" alt=\"Uz\u0146\u0113muma att\u0113ls 2\" \/><\/p>\n<p>Autors: lil<\/p>","protected":false},"excerpt":{"rendered":"<p>Boom Cylinder For Yugong WY135-8 Product Overview The Boom Cylinder for Yugong WY135-8 is a specialized hydraulic cylinder designed to control the movement of the boom arm in various heavy machinery such as excavators, backhoe loaders, and front loaders. These cylinders enable the precise lifting, lowering, and tilting of equipment, thus facilitating efficient material handling [&hellip;]<\/p>","protected":false},"featured_media":17872,"comment_status":"open","ping_status":"closed","template":"","meta":{"_et_pb_use_builder":"","_et_pb_old_content":"","_et_gb_content_width":""},"product_brand":[],"product_cat":[1546],"product_tag":[1547,1496],"class_list":{"0":"post-19096","1":"product","2":"type-product","3":"status-publish","4":"has-post-thumbnail","6":"product_cat-boom-cylinders","7":"product_tag-boom-cylinders","8":"product_tag-hydraulic-cylinders","10":"first","11":"instock","12":"shipping-taxable","13":"product-type-simple"},"amp_enabled":true,"_links":{"self":[{"href":"https:\/\/www.hydraulic-cylinders.net\/lv\/wp-json\/wp\/v2\/product\/19096","targetHints":{"allow":["GET"]}}],"collection":[{"href":"https:\/\/www.hydraulic-cylinders.net\/lv\/wp-json\/wp\/v2\/product"}],"about":[{"href":"https:\/\/www.hydraulic-cylinders.net\/lv\/wp-json\/wp\/v2\/types\/product"}],"replies":[{"embeddable":true,"href":"https:\/\/www.hydraulic-cylinders.net\/lv\/wp-json\/wp\/v2\/comments?post=19096"}],"wp:featuredmedia":[{"embeddable":true,"href":"https:\/\/www.hydraulic-cylinders.net\/lv\/wp-json\/wp\/v2\/media\/17872"}],"wp:attachment":[{"href":"https:\/\/www.hydraulic-cylinders.net\/lv\/wp-json\/wp\/v2\/media?parent=19096"}],"wp:term":[{"taxonomy":"product_brand","embeddable":true,"href":"https:\/\/www.hydraulic-cylinders.net\/lv\/wp-json\/wp\/v2\/product_brand?post=19096"},{"taxonomy":"product_cat","embeddable":true,"href":"https:\/\/www.hydraulic-cylinders.net\/lv\/wp-json\/wp\/v2\/product_cat?post=19096"},{"taxonomy":"product_tag","embeddable":true,"href":"https:\/\/www.hydraulic-cylinders.net\/lv\/wp-json\/wp\/v2\/product_tag?post=19096"}],"curies":[{"name":"wp","href":"https:\/\/api.w.org\/{rel}","templated":true}]}}