{"id":19097,"date":"2025-04-07T06:12:41","date_gmt":"2025-04-07T06:12:41","guid":{"rendered":"https:\/\/www.hydraulic-cylinders.net\/product\/boom-cylinder-for-yugong-wy150-8\/"},"modified":"2025-04-07T06:12:50","modified_gmt":"2025-04-07T06:12:50","slug":"boom-cylinder-for-yugong-wy150-8","status":"publish","type":"product","link":"https:\/\/www.hydraulic-cylinders.net\/lv\/products\/boom-cylinder-for-yugong-wy150-8\/","title":{"rendered":"Str\u0113les cilindrs Yugong WY150-8"},"content":{"rendered":"<h1>Str\u0113les cilindrs Yugong WY150-8<\/h1>\n<h2>Produkta p\u0101rskats<\/h2>\n<p>Str\u0113les cilindrs, kas \u012bpa\u0161i izstr\u0101d\u0101ts Yugong WY150-8 modelim, ir b\u016btiska hidraulisko sist\u0113mu sast\u0101vda\u013ca, ko izmanto smagaj\u0101 ma\u0161\u012bn\u0101. Kausa cilindrs jeb str\u0113les cilindrs ir hidraulisk\u0101 cilindra veids, kam ir iz\u0161\u0137iro\u0161a noz\u012bme kausu kust\u012bbas kontrol\u0113\u0161an\u0101 da\u017e\u0101d\u0101s smagaj\u0101s iek\u0101rt\u0101s, piem\u0113ram, ekskavatoros, ekskavatoros un front\u0101lajos iekr\u0101v\u0113jos. Tas \u013cauj kausam pacelt, nolaist un noliekt, atvieglojot efekt\u012bvus materi\u0101lu apstr\u0101des uzdevumus. \u0160ie hidrauliskie cilindri darbojas, p\u0101rveidojot hidraulisko ener\u0123iju meh\u0101niskaj\u0101 ener\u0123ij\u0101, nodro\u0161inot prec\u012bzas kust\u012bbas sare\u017e\u0123\u012btos apst\u0101k\u013cos.<\/p>\n<p><img decoding=\"async\" src=\"https:\/\/www.hydraulic-cylinders.net\/wp-content\/uploads\/2025\/04\/songte-company-1.webp\" alt=\"Hidrauliskais cilindrs\"><\/p>\n<h3>Str\u0113les cilindra galven\u0101s iez\u012bmes<\/h3>\n<ul>\n<li><strong>Augsta iztur\u012bba un ilgm\u016b\u017e\u012bba:<\/strong> \u0160is cilindrs ir izgatavots no augstas stipr\u012bbas t\u0113rauda vai alum\u012bnija, un tas ir izstr\u0101d\u0101ts, lai iztur\u0113tu augstu spiedienu un lielas slodzes, padarot to piem\u0113rotu skarbiem darba apst\u0101k\u013ciem. Konstrukcij\u0101 ir iek\u013cauta ar\u012b nodilumiztur\u012bba un aizsardz\u012bba pret koroziju, lai pagarin\u0101tu t\u0101 kalpo\u0161anas laiku.<\/li>\n<li><strong>Efekt\u012bva hidraulisk\u0101 darb\u012bba:<\/strong> Izmantojot hidraulisk\u0101s e\u013c\u013cas spiedienu, cilindrs pan\u0101k vienm\u0113r\u012bgu izvirz\u012b\u0161anos un ievilk\u0161anos, \u0101tri rea\u0123\u0113jot uz vad\u012bbas komand\u0101m un nodro\u0161inot sp\u0113c\u012bgus stum\u0161anas un vilk\u0161anas sp\u0113kus, kas nepiecie\u0161ami smagu un sare\u017e\u0123\u012btu darb\u012bbu veik\u0161anai.<\/li>\n<li><strong>Da\u017e\u0101di veidi:<\/strong> Str\u0113les cilindrs ir pieejams vienk\u0101r\u0161\u0101s darb\u012bbas (izmanto hidraulisko sp\u0113ku vien\u0101 virzien\u0101) vai divk\u0101r\u0161\u0101s darb\u012bbas (izmanto hidraulisko sp\u0113ku abos virzienos) konfigur\u0101cij\u0101s, piel\u0101gojoties da\u017e\u0101d\u0101m ekspluat\u0101cijas vajadz\u012bb\u0101m. Da\u017ei mode\u013ci ir teleskopiski, kas \u013cauj veikt liel\u0101ku pagarin\u0101jumu, nepalielinot \u0101r\u0113jos izm\u0113rus, kas ir ide\u0101li piem\u0113rots lietojumiem ar ierobe\u017eotu vietu.<\/li>\n<li><strong>Piel\u0101gota ra\u017eo\u0161ana:<\/strong> M\u016bsu uz\u0146\u0113mums ra\u017eo \u0161o produktu, perfekti aizst\u0101jot eso\u0161os hidrauliskos cilindrus ar prec\u012bziem in\u017eenierijas un piel\u0101gotiem risin\u0101jumiem.<\/li>\n<\/ul>\n<p><img decoding=\"async\" src=\"https:\/\/www.hydraulic-cylinders.net\/wp-content\/uploads\/2025\/04\/songte-cylinder-head-with-all-kinds-excavator-models.webp\" alt=\"Ekskavatoru mode\u013ci\"><\/p>\n<h2>Str\u0113les cilindra pielietojumi<\/h2>\n<h3>Celtniec\u012bbas apr\u012bkojums<\/h3>\n<p>Ekskavatoros str\u0113les cilindrs ir vit\u0101li svar\u012bgs rak\u0161anai, iekrau\u0161anai un augsnes vai gru\u017eu p\u0101rvieto\u0161anai. Tas \u013cauj kausam efekt\u012bvi iek\u013c\u016bt zem\u0113, padarot to par neaizst\u0101jamu rak\u0161anas procesa sast\u0101vda\u013cu. Turkl\u0101t ekskavatori str\u0113les cilindru izmanto ne tikai rak\u0161anai, bet ar\u012b cel\u0161anas darb\u012bb\u0101m, t\u0101d\u0113j\u0101di uzlabojot tehnikas kop\u0113jo produktivit\u0101ti un funkcionalit\u0101ti.<\/p>\n<h3>Lauksaimniec\u012bbas tehnika<\/h3>\n<p>Front\u0101lie iekr\u0101v\u0113ji, kas apr\u012bkoti ar str\u0113les cilindriem, sp\u0113l\u0113 iz\u0161\u0137iro\u0161u lomu lauksaimniec\u012bbas nozar\u0113. \u0160ie cilindri atvieglo augsnes, siena un da\u017e\u0101du materi\u0101lu sav\u0101k\u0161anu, cel\u0161anu un transport\u0113\u0161anu, iev\u0113rojami veicinot lauksaimniec\u012bbas efektivit\u0101ti. To iztur\u012bg\u0101 konstrukcija nodro\u0161ina uzticamu veiktsp\u0113ju da\u017e\u0101dos lauksaimniec\u012bbas uzdevumos, s\u0101kot no bar\u012bbas p\u0101rvieto\u0161anas l\u012bdz kult\u016braugu apstr\u0101dei.<\/p>\n<h3>Ekskavatora funkcionalit\u0101te<\/h3>\n<p>Ekskavatoros kausa cilindri nodro\u0161ina rak\u0161anas darb\u012bbu, \u013caujot kausam efekt\u012bvi iek\u013c\u016bt augsn\u0113. \u0160is hidrauliskais meh\u0101nisms uzlabo ma\u0161\u012bnas rak\u0161anas sp\u0113jas, nodro\u0161inot, ka t\u0101 var tikt gal\u0101 ar sare\u017e\u0123\u012btu reljefu un maksim\u0101li palielin\u0101t produktivit\u0101ti darb\u012bbas laik\u0101.<\/p>\n<h3>Iekr\u0101v\u0113ja darb\u012bbas<\/h3>\n<p>Front\u0101lajos iekr\u0101v\u0113jos str\u0113les cilindri pal\u012bdz efekt\u012bvi pacelt un izkraut kravas. \u0160\u012b funkcionalit\u0101te ir kritiski svar\u012bga da\u017e\u0101diem lietojumiem, tostarp b\u016bvniec\u012bb\u0101, ainavu veido\u0161an\u0101 un materi\u0101lu apstr\u0101d\u0113, kur nepiecie\u0161ama prec\u012bza kravas p\u0101rvald\u012bbas kontrole.<\/p>\n<h2>Dizaina apsv\u0113rumi un atlases krit\u0113riji<\/h2>\n<h3>Kravnes\u012bba<\/h3>\n<p>Projekt\u0113jot str\u0113les cilindru, kravnes\u012bba ir \u0101rk\u0101rt\u012bgi svar\u012bga. T\u0101 attiecas uz maksim\u0101lo svaru, ko cilindrs var pacelt vai atbalst\u012bt bez boj\u0101juma riska. Pareiza slodzes pras\u012bbu nov\u0113rt\u0113\u0161ana nodro\u0161ina, ka cilindrs darbojas efekt\u012bvi un dro\u0161i sav\u0101 darba vid\u0113.<\/p>\n<h3>Bl\u012bv\u0113\u0161anas meh\u0101nismi<\/h3>\n<p>Efekt\u012bvs bl\u012bv\u0113jums ir \u013coti svar\u012bgs hidraulisko cilindru darb\u012bbai. Bl\u012bv\u0113jumu, tostarp virzu\u013ca bl\u012bv\u0113jumu un stie\u0146a bl\u012bv\u0113jumu, izv\u0113le b\u016btiski ietekm\u0113 cilindra sp\u0113ju uztur\u0113t spiedienu un nov\u0113rst nopl\u016bdes. T\u0101di materi\u0101li k\u0101 poliuret\u0101ns un nitrilgumija bie\u017ei tiek izv\u0113l\u0113ti to nodilumiztur\u012bbas un ilgm\u016b\u017e\u012bbas d\u0113\u013c.<\/p>\n<h3>Iztur\u012bba<\/h3>\n<p>Iztur\u012bba ir kritisks faktors str\u0113les cilindra konstrukcij\u0101. Tam j\u0101iztur skarbi ekspluat\u0101cijas apst\u0101k\u013ci, tostarp pak\u013cau\u0161ana ekstrem\u0101l\u0101m temperat\u016br\u0101m, mitrumam un kod\u012bgiem materi\u0101liem. Augstas kvalit\u0101tes materi\u0101lu un aizsargp\u0101rkl\u0101jumu izmanto\u0161ana uzlabo cilindra iztur\u012bbu un ilgm\u016b\u017e\u012bbu.<\/p>\n<h3>Dro\u0161\u012bbas funkcijas<\/h3>\n<p>Dro\u0161\u012bba hidrauliskaj\u0101s sist\u0113m\u0101s ir \u0101rk\u0101rt\u012bgi svar\u012bga. Projekt\u0113\u0161anas apsv\u0113rumos j\u0101iek\u013cauj funkcijas, kas nov\u0113r\u0161 p\u0101rslodzi, p\u0113k\u0161\u0146as k\u013c\u016bmes un nodro\u0161ina dro\u0161u darb\u012bbu da\u017e\u0101dos apst\u0101k\u013cos. Dro\u0161\u012bbas v\u0101rstu un spiediena samazin\u0101\u0161anas meh\u0101nismu ievie\u0161ana uzlabo ekspluat\u0101cijas dro\u0161\u012bbu.<\/p>\n<h3>Apkope un izmantojam\u012bba<\/h3>\n<p>Str\u0113les cilindra projekt\u0113\u0161ana, \u0146emot v\u0113r\u0101 apkopi, vienk\u0101r\u0161o apkopi un pagarina t\u0101 kalpo\u0161anas laiku. T\u0101das funkcijas k\u0101 viegli pieejamas deta\u013cas un vienk\u0101r\u0161ots bl\u012bvju nomai\u0146as process ir b\u016btiskas, lai samazin\u0101tu d\u012bkst\u0101ves laiku un nodro\u0161in\u0101tu efekt\u012bvu darb\u012bbu.<\/p>\n<p><img decoding=\"async\" src=\"https:\/\/www.hydraulic-cylinders.net\/wp-content\/uploads\/2025\/04\/songte-oil-pipes-and-spare-parts.webp\" alt=\"Rezerves da\u013cas\"><\/p>\n<h2>Bl\u012bv\u0113\u0161ana un e\u013c\u013co\u0161ana<\/h2>\n<p>Bl\u012bv\u0113\u0161ana un e\u013c\u013co\u0161ana ir kritiski svar\u012bgas hidraulisk\u0101 cilindra apkopes sast\u0101vda\u013cas. Da\u017e\u0101di bl\u012bv\u0113jumi, piem\u0113ram, virzu\u013ca bl\u012bv\u0113jumi un stie\u0146a bl\u012bv\u0113jumi, ir b\u016btiski, lai saglab\u0101tu hidraulisk\u0101s sist\u0113mas integrit\u0101ti. Bl\u012bv\u0113jumi, kas izgatavoti no iztur\u012bgiem materi\u0101liem, piem\u0113ram, poliuret\u0101na un nitrila gumijas, nodro\u0161ina izcilu nodilumiztur\u012bbu, nodro\u0161inot ilgsto\u0161u darb\u012bbu. Cilindra korpuss un v\u012bt\u0146ot\u0101s gala virsmas tiek prec\u012bzi apstr\u0101d\u0101tas, lai uzlabotu nodilumiztur\u012bbu un uzticam\u012bbu. Regul\u0101ra e\u013c\u013co\u0161ana ar atbilsto\u0161u hidraulisko e\u013c\u013cu ir nepiecie\u0161ama, lai samazin\u0101tu berzi un nodilumu, nodro\u0161inot vienm\u0113r\u012bgu darb\u012bbu. Pareiza e\u013c\u013co\u0161anas prakse pagarina cilindra kalpo\u0161anas laiku un uztur nemain\u012bgu veiktsp\u0113ju.<\/p>\n<h2>Prevent\u012bvie apkopes pas\u0101kumi<\/h2>\n<ul>\n<li><strong>Regul\u0101ras p\u0101rbaudes:<\/strong> Ir \u013coti svar\u012bgi veikt regul\u0101ras str\u0113les cilindra p\u0101rbaudes, lai noteiktu nodiluma, nopl\u016b\u017eu vai boj\u0101jumu paz\u012bmes. Regul\u0101ras p\u0101rbaudes pal\u012bdz identific\u0113t potenci\u0101l\u0101s probl\u0113mas, pirms t\u0101s saasin\u0101s, nodro\u0161inot optim\u0101lu veiktsp\u0113ju.<\/li>\n<li><strong>Piem\u0113rota e\u013c\u013co\u0161ana:<\/strong> Pareiza e\u013c\u013co\u0161anas l\u012bme\u0146a uztur\u0113\u0161ana ir b\u016btiska hidraulisk\u0101s sist\u0113mas nevainojamai darb\u012bbai. Lietot\u0101jiem j\u0101iev\u0113ro ra\u017eot\u0101ja vadl\u012bnijas par e\u013c\u013co\u0161anas interv\u0101liem un daudzumiem, lai nov\u0113rstu nodilumu un sist\u0113mas boj\u0101jumus.<\/li>\n<li><strong>Bl\u012bv\u0113juma nomai\u0146a:<\/strong> Laika gait\u0101 bl\u012bves var nolietoties un t\u0101s var b\u016bt j\u0101nomaina. Regul\u0101ra bl\u012bvju st\u0101vok\u013ca uzraudz\u012bba un nepiecie\u0161am\u012bbas gad\u012bjum\u0101 to nomai\u0146a nov\u0113r\u0161 nopl\u016bdes un uztur hidraulisko spiedienu.<\/li>\n<\/ul>\n<h2>Uzst\u0101d\u012b\u0161anas vadl\u012bnijas<\/h2>\n<p>Pareiza str\u0113les cilindra uzst\u0101d\u012b\u0161ana ir \u013coti svar\u012bga t\u0101 funkcionalit\u0101tei un ilgm\u016b\u017e\u012bbai. Vispirms p\u0101rliecinieties, vai visas sast\u0101vda\u013cas ir t\u012bras un bez gru\u017eiem. Pareiza izl\u012bdzin\u0101\u0161ana ir \u013coti svar\u012bga; izmantojiet atbilsto\u0161us mont\u0101\u017eas kron\u0161teinus, lai nostiprin\u0101tu cilindru viet\u0101, izvairoties no nepareizas izl\u012bdzin\u0101\u0161anas, kas var\u0113tu izrais\u012bt priek\u0161laic\u012bgu nodilumu. Iev\u0113rojiet ra\u017eot\u0101ja specifik\u0101cijas attiec\u012bb\u0101 uz griezes momenta iestat\u012bjumiem un savienojuma pras\u012bb\u0101m. P\u0113c uzst\u0101d\u012b\u0161anas p\u0101rbaudiet sist\u0113mu zem\u0101 spiedien\u0101, lai p\u0101rbaud\u012btu, vai nav nopl\u016b\u017eu, un p\u0101rliecinieties par pareizu darb\u012bbu, pirms piln\u012bb\u0101 uzs\u0101kat darb\u012bbas. Visbeidzot, p\u0113c uzst\u0101d\u012b\u0161anas veiciet r\u016bp\u012bgu p\u0101rbaudi, lai p\u0101rliecin\u0101tos, ka visas sast\u0101vda\u013cas darbojas, k\u0101 paredz\u0113ts.<\/p>\n<h2>Bie\u017ei sastopamie apkopes uzdevumi<\/h2>\n<ul>\n<li><strong>Regul\u0101ras p\u0101rbaudes:<\/strong> Regul\u0101ru p\u0101rbau\u017eu veik\u0161ana pal\u012bdz laikus noteikt nodilumu un boj\u0101jumus. Mekl\u0113jiet nopl\u016bdes, plaisas un p\u0101rm\u0113r\u012bga nodiluma paz\u012bmes. Agr\u012bna atkl\u0101\u0161ana var nov\u0113rst d\u0101rgus remontdarbus un d\u012bkst\u0101ves.<\/li>\n<li><strong>Pareiza e\u013c\u013co\u0161ana:<\/strong> Hidraulisko komponentu e\u013c\u013co\u0161ana saska\u0146\u0101 ar ra\u017eot\u0101ja specifik\u0101cij\u0101m nodro\u0161ina vienm\u0113r\u012bgu darb\u012bbu un samazina nodilumu. Lai uztur\u0113tu optim\u0101lu veiktsp\u0113ju, ir nepiecie\u0161amas regul\u0101ras e\u013c\u013co\u0161anas l\u012bme\u0146a p\u0101rbaudes.<\/li>\n<li><strong>Bl\u012bv\u0113juma nomai\u0146a:<\/strong> Bl\u012bves regul\u0101ri j\u0101p\u0101rbauda un j\u0101nomaina, ja tiek paman\u012btas nodiluma paz\u012bmes. \u0160is uzdevums ir \u013coti svar\u012bgs, lai uztur\u0113tu hidraulisko spiedienu un sist\u0113mas efektivit\u0101ti.<\/li>\n<\/ul>\n<h2>Dro\u0161\u012bbas apsv\u0113rumi un vides faktori<\/h2>\n<p>Str\u0101d\u0101jot ar hidrauliskaj\u0101m sist\u0113m\u0101m, ir svar\u012bgi iev\u0113rot dro\u0161\u012bbas pas\u0101kumus. Operatoriem j\u0101b\u016bt apm\u0101c\u012btiem izprast ar hidrauliskajiem cilindriem saist\u012btos riskus, tostarp iesp\u0113jamos boj\u0101jumus un ar spiedienu saist\u012btos apdraud\u0113jumus. Apkopes laik\u0101 j\u0101valk\u0101 atbilsto\u0161i individu\u0101lie aizsardz\u012bbas l\u012bdzek\u013ci (IAL), lai mazin\u0101tu traumu risku. Turkl\u0101t j\u0101\u0146em v\u0113r\u0101 vides apsv\u0113rumi, piem\u0113ram, pareiza hidraulisko \u0161\u0137idrumu un nolietoto deta\u013cu utiliz\u0101cija, lai nov\u0113rstu pies\u0101r\u0146ojumu un iev\u0113rotu vides noteikumus.<\/p>\n<h2>Probl\u0113mu nov\u0113r\u0161ana un bie\u017ei sastopamas probl\u0113mas<\/h2>\n<ul>\n<li><strong>Nopl\u016bde:<\/strong> Nopl\u016bdi parasti izraisa nolietotas bl\u012bves vai boj\u0101ti savienojumi, un t\u0101 var rad\u012bt veiktsp\u0113jas probl\u0113mas. Regul\u0101ra bl\u012bvju un savienojumu p\u0101rbaude ir b\u016btiska agr\u012bnai atkl\u0101\u0161anai.<\/li>\n<li><strong>L\u0113na darb\u012bba:<\/strong> Ja str\u0113les cilindrs darbojas l\u0113n\u0101k nek\u0101 parasti, tas var liecin\u0101t par zemu hidraulisk\u0101 \u0161\u0137idruma l\u012bmeni vai aizs\u0113r\u0113ju\u0161u filtru. \u0160\u0137idruma l\u012bme\u0146a p\u0101rbaude un filtru nomai\u0146a var atrisin\u0101t \u0161o probl\u0113mu.<\/li>\n<li><strong>Neparastas ska\u0146as:<\/strong> Darb\u012bbas laik\u0101 dzirdami trok\u0161\u0146i var liecin\u0101t par iek\u0161\u0113jiem boj\u0101jumiem vai nepietiekamu e\u013c\u013co\u0161anu. Lai nov\u0113rstu turpm\u0101kus boj\u0101jumus, ieteicams nekav\u0113joties p\u0101rtraukt darb\u012bbu un p\u0101rbaud\u012bt cilindru.<\/li>\n<\/ul>\n<h2>Probl\u0113mu nov\u0113r\u0161anas padomi<\/h2>\n<p>Lai efekt\u012bvi diagnostic\u0113tu un nov\u0113rstu probl\u0113mas ar str\u0113les cilindru, veiciet \u0161\u0101das darb\u012bbas: identific\u0113jiet simptomus un skatiet iepriek\u0161 aprakst\u012bt\u0101s bie\u017ei sastopam\u0101s probl\u0113mas. Veiciet r\u016bp\u012bgu vizu\u0101lu p\u0101rbaudi, vai nav nopl\u016b\u017eu vai boj\u0101jumu, un p\u0101rbaudiet hidraulisk\u0101 \u0161\u0137idruma l\u012bmeni. P\u0101rliecinieties, vai visi bl\u012bv\u0113jumi un savienojumi ir dro\u0161i. Ieviesiet prevent\u012bvus pas\u0101kumus, piem\u0113ram, regul\u0101ru apkopi un savlaic\u012bgu nolietoto deta\u013cu nomai\u0146u, lai samazin\u0101tu iesp\u0113jam\u0101s probl\u0113mas. Apkopes \u017eurn\u0101la uztur\u0113\u0161ana var pal\u012bdz\u0113t izsekot probl\u0113m\u0101m laika gait\u0101, \u013caujot veikt prevent\u012bvus pas\u0101kumus p\u0113c nepiecie\u0161am\u012bbas.<\/p>\n<p><img decoding=\"async\" src=\"https:\/\/www.hydraulic-cylinders.net\/wp-content\/uploads\/2025\/04\/songte-bushings-with-all-kinds-of-excavator-models.webp\" alt=\"Ekskavatoru mode\u013ci\"><\/p>\n<h2>Par m\u016bsu uz\u0146\u0113mumu<\/h2>\n<p>M\u0113s esam vado\u0161ais rezerves hidraulisko cilindru ra\u017eot\u0101js un vairumtirdzniec\u012bbas izplat\u012bt\u0101js, kas pied\u0101v\u0101 pla\u0161u produktu kl\u0101stu gan viet\u0113jam, gan starptautiskajam tirgum. M\u016bsu ap\u0146em\u0161an\u0101s sasniegt izcil\u012bbu ir redzama m\u016bsu pilnveidotajos ra\u017eo\u0161anas procesos, ko atbalsta progres\u012bvas tehnolo\u0123ijas un kvalific\u0113ti speci\u0101listi. M\u0113s past\u0101v\u012bgi uzlabojam savas ra\u017eo\u0161anas iesp\u0113jas, integr\u0113jot modern\u0101k\u0101s iek\u0101rtas un stabilu kvalit\u0101tes kontroles sist\u0113mu. M\u016bsu uzman\u012bbas centr\u0101 ir augsta efektivit\u0101te, precizit\u0101te un kvalit\u0101te, kas \u013cauj mums apmierin\u0101t klientu da\u017e\u0101d\u0101s vajadz\u012bbas. M\u0113s pied\u0101v\u0101jam ar\u012b piel\u0101gotus risin\u0101jumus, kas piel\u0101goti konkr\u0113t\u0101m darb\u012bbas pras\u012bb\u0101m, nodro\u0161inot, ka m\u016bsu klienti sa\u0146em vislab\u0101kos iesp\u0113jamos produktus un pakalpojumus.<\/p>\n<p><img decoding=\"async\" src=\"https:\/\/www.hydraulic-cylinders.net\/wp-content\/uploads\/2025\/04\/songte-company-4.webp\" alt=\"Uz\u0146\u0113muma p\u0101rskats\"><br \/>\n<img decoding=\"async\" src=\"https:\/\/www.hydraulic-cylinders.net\/wp-content\/uploads\/2025\/04\/songte-company-3.webp\" alt=\"Uz\u0146\u0113muma ra\u017eo\u0161ana\"><\/p>\n<p>Autors: lil<\/p>","protected":false},"excerpt":{"rendered":"<p>Boom Cylinder For Yugong WY150-8 Product Overview The Boom Cylinder, specifically designed for the Yugong WY150-8, is an essential component in hydraulic systems utilized in heavy machinery. A bucket cylinder, or boom cylinder, is a type of hydraulic cylinder that is crucial in controlling the movement of buckets in various heavy equipment such as excavators, [&hellip;]<\/p>","protected":false},"featured_media":17873,"comment_status":"open","ping_status":"closed","template":"","meta":{"_et_pb_use_builder":"","_et_pb_old_content":"","_et_gb_content_width":""},"product_brand":[],"product_cat":[1546],"product_tag":[1547,1496],"class_list":{"0":"post-19097","1":"product","2":"type-product","3":"status-publish","4":"has-post-thumbnail","6":"product_cat-boom-cylinders","7":"product_tag-boom-cylinders","8":"product_tag-hydraulic-cylinders","10":"first","11":"instock","12":"shipping-taxable","13":"product-type-simple"},"amp_enabled":true,"_links":{"self":[{"href":"https:\/\/www.hydraulic-cylinders.net\/lv\/wp-json\/wp\/v2\/product\/19097","targetHints":{"allow":["GET"]}}],"collection":[{"href":"https:\/\/www.hydraulic-cylinders.net\/lv\/wp-json\/wp\/v2\/product"}],"about":[{"href":"https:\/\/www.hydraulic-cylinders.net\/lv\/wp-json\/wp\/v2\/types\/product"}],"replies":[{"embeddable":true,"href":"https:\/\/www.hydraulic-cylinders.net\/lv\/wp-json\/wp\/v2\/comments?post=19097"}],"wp:featuredmedia":[{"embeddable":true,"href":"https:\/\/www.hydraulic-cylinders.net\/lv\/wp-json\/wp\/v2\/media\/17873"}],"wp:attachment":[{"href":"https:\/\/www.hydraulic-cylinders.net\/lv\/wp-json\/wp\/v2\/media?parent=19097"}],"wp:term":[{"taxonomy":"product_brand","embeddable":true,"href":"https:\/\/www.hydraulic-cylinders.net\/lv\/wp-json\/wp\/v2\/product_brand?post=19097"},{"taxonomy":"product_cat","embeddable":true,"href":"https:\/\/www.hydraulic-cylinders.net\/lv\/wp-json\/wp\/v2\/product_cat?post=19097"},{"taxonomy":"product_tag","embeddable":true,"href":"https:\/\/www.hydraulic-cylinders.net\/lv\/wp-json\/wp\/v2\/product_tag?post=19097"}],"curies":[{"name":"wp","href":"https:\/\/api.w.org\/{rel}","templated":true}]}}