{"id":1910,"date":"2023-10-19T07:38:46","date_gmt":"2023-10-19T07:38:46","guid":{"rendered":"https:\/\/hydraulic-cylinders.net\/?post_type=product&#038;p=1910"},"modified":"2025-04-11T02:51:46","modified_gmt":"2025-04-11T02:51:46","slug":"double-shield-tbm-main-thrust-cylinder","status":"publish","type":"product","link":"https:\/\/www.hydraulic-cylinders.net\/lv\/products\/double-shield-tbm-main-thrust-cylinder\/","title":{"rendered":"Divk\u0101r\u0161\u0101 vairoga TBM galvenais vilces cilindrs"},"content":{"rendered":"<h1 style=\"text-align: center;\"><strong>Divk\u0101r\u0161\u0101 vairoga TBM galvenais vilces cilindrs<\/strong><\/h1>\n<p><img loading=\"lazy\" decoding=\"async\" class=\"aligncenter wp-image-1911\" src=\"https:\/\/hydraulic-cylinders.net\/wp-content\/uploads\/2023\/10\/main-thrust-cylinder-1-300x300.webp\" alt=\"\" width=\"400\" height=\"401\" \/><\/p>\n<p>Divk\u0101r\u0161\u0101 aizsarga TBM galvenais vilces cilindrs ir moderna hidrauliska sast\u0101vda\u013ca, kas paredz\u0113ta tune\u013cu urb\u0161anas iek\u0101rtu veiktsp\u0113jas un efektivit\u0101tes optimiz\u0113\u0161anai. \u0160is specializ\u0113tais cilindrs ir \u013coti svar\u012bgs, lai nodro\u0161in\u0101tu nepiecie\u0161amo vilces sp\u0113ku tune\u013ca virz\u012b\u0161anai cauri nogurdino\u0161ajam procesam. \u0160aj\u0101 informat\u012bvaj\u0101 rakst\u0101 tiks izp\u0113t\u012btas divk\u0101r\u0161\u0101 aizsarga TBM galven\u0101 vilces cilindra galven\u0101s \u012bpa\u0161\u012bbas, lieto\u0161anas metodes un apkopes vadl\u012bnijas.<\/p>\n<p>Divk\u0101r\u0161\u0101 aizsarga TBM galvenais vilces cilindrs ir b\u016btiska sast\u0101vda\u013ca, kas \u013cauj tune\u013cu urb\u0161anas ma\u0161\u012bn\u0101m sasniegt jaunu veiktsp\u0113jas un efektivit\u0101tes l\u012bmeni. Ar savu sp\u0113c\u012bgo jaudu, prec\u012bzo in\u017eenieriju, divk\u0101r\u0161\u0101s darb\u012bbas konstrukciju un izcilo nestsp\u0113ju \u0161is cilindrs nodro\u0161ina veiksm\u012bgu tune\u013cu rak\u0161anas oper\u0101ciju att\u012bst\u012bbu. Iev\u0113rojot ieteicam\u0101s lieto\u0161anas metodes un regul\u0101ras apkopes praksi, divk\u0101r\u0161\u0101 aizsarga TBM galvenais vilces cilindrs turpin\u0101s nodro\u0161in\u0101t izcilu veiktsp\u0113ju, veicinot tune\u013cu rak\u0161anas projektu pan\u0101kumus. Izbaudiet divk\u0101r\u0161\u0101 aizsarga TBM galven\u0101 vilces cilindra jaudu un uzticam\u012bbu, kas revolucioniz\u0113 tune\u013cu urb\u0161anu ar nep\u0101rsp\u0113jamu veiktsp\u0113ju un efektivit\u0101ti.<\/p>\n<p>Divk\u0101r\u0161\u0101 vairoga TBM galven\u0101 vilces cilindra galven\u0101s \u012bpa\u0161\u012bbas:<\/p>\n<ol>\n<li>Iztur\u012bga jauda un veiktsp\u0113ja: Divk\u0101r\u0161\u0101 vairoga TBM galvenais vilces cilindrs ir izstr\u0101d\u0101ts, lai nodro\u0161in\u0101tu izcilu jaudu un veiktsp\u0113ju. Ar savu augstspiediena hidraulisko sist\u0113mu un prec\u012bziem vad\u012bbas meh\u0101nismiem tas \u0123ener\u0113 nepiecie\u0161amo vilces sp\u0113ku, lai efekt\u012bvi virz\u012btu tunel\u0113\u0161anas procesu uz priek\u0161u.<\/li>\n<li>Prec\u012bza in\u017eenierija: \u0160is cilindrs ir r\u016bp\u012bgi izstr\u0101d\u0101ts, izmantojot prec\u012bzas in\u017eenierijas metodes, nodro\u0161inot optim\u0101lu izl\u012bdzin\u0101\u0161anu un veiktsp\u0113ju. T\u0101 konstrukcij\u0101 ir iek\u013cauti augstas kvalit\u0101tes materi\u0101li un uzlaboti ra\u017eo\u0161anas procesi, lai iztur\u0113tu sare\u017e\u0123\u012btos apst\u0101k\u013cus tune\u013cu urb\u0161anas oper\u0101ciju laik\u0101.<\/li>\n<li>Divk\u0101r\u0161as darb\u012bbas konstrukcija: Divk\u0101r\u0161\u0101 vairoga TBM galvenajam vilces cilindram ir divk\u0101r\u0161as darb\u012bbas konstrukcija, kas \u013cauj tam rad\u012bt sp\u0113ku gan pagarin\u0101\u0161anas, gan ievilk\u0161anas virzien\u0101. \u0160\u012b sp\u0113ja nodro\u0161ina daudzpus\u012bgu un kontrol\u0113tu TBM kust\u012bbu, uzlabojot elast\u012bbu un piel\u0101gojam\u012bbu tunel\u0113\u0161anas proces\u0101.<\/li>\n<li>Nestsp\u0113ja: Divk\u0101r\u0161\u0101 vairoga TBM galvenajam vilces cilindram ir izcila nestsp\u0113ja, pateicoties t\u0101 iztur\u012bgajai konstrukcijai. Tas var iztur\u0113t iev\u0113rojamus sp\u0113kus un spiedienus, nodro\u0161inot stabilit\u0101ti un dro\u0161\u012bbu tunel\u0113\u0161anas laik\u0101.<\/li>\n<\/ol>\n<h2><strong>Divk\u0101r\u0161\u0101 vairoga TBM galven\u0101 vilces cilindra parametrs:<\/strong><\/h2>\n<table border=\"1\" cellspacing=\"0\" cellpadding=\"0\">\n<tbody>\n<tr>\n<td>Produkta nosaukums<\/td>\n<td>Divk\u0101r\u0161\u0101 vairoga tune\u013ca urb\u0161anas ma\u0161\u012bnas galvenais vilces cilindrs<\/td>\n<\/tr>\n<tr>\n<td>Funkcijas:<\/td>\n<td>Nodro\u0161in\u0101t TBM priek\u0161\u0113j\u0101s tunel\u0113\u0161anas virz\u012bbu<\/td>\n<\/tr>\n<tr>\n<td>Urbuma diametrs:<\/td>\n<td>220 mm\uff5e380 mm<\/td>\n<\/tr>\n<tr>\n<td>Stie\u0146a diametrs:<\/td>\n<td>150 mm\uff5e280 mm<br \/>\nG\u0101jiens: 1100 mm\uff5e1700 mm<\/td>\n<\/tr>\n<tr>\n<td>Spiediens:<\/td>\n<td>l\u012bdz 35 MPa<\/td>\n<\/tr>\n<tr>\n<td>Lietojumi:<\/td>\n<td>Dubult\u0101 vairoga tune\u013ca urb\u0161anas ma\u0161\u012bna<\/td>\n<\/tr>\n<\/tbody>\n<\/table>\n<h2><strong>Divk\u0101r\u0161\u0101 vairoga TBM cilindra pielietojums:<\/strong><\/h2>\n<p><img loading=\"lazy\" decoding=\"async\" class=\"alignnone wp-image-1909 size-full\" src=\"https:\/\/hydraulic-cylinders.net\/wp-content\/uploads\/2023\/10\/double-shield-tbm-cylinder-1.webp\" alt=\"\" width=\"709\" height=\"473\" srcset=\"https:\/\/hydraulic-cylinders.net\/wp-content\/uploads\/2023\/10\/double-shield-tbm-cylinder-1.webp 709w, https:\/\/hydraulic-cylinders.net\/wp-content\/uploads\/2023\/10\/double-shield-tbm-cylinder-1-480x320.webp 480w\" sizes=\"(min-width: 0px) and (max-width: 480px) 480px, (min-width: 481px) 709px, 100vw\" \/><\/p>\n<h2><strong>Divk\u0101r\u0161\u0101 vairoga TBM galven\u0101 vilces cilindra lieto\u0161anas metode<\/strong><strong>:<\/strong><\/h2>\n<ul>\n<li>Cylinder Installation: Install the double shield tbm main thrust cylinder according to the manufacturer&#8217;s guidelines and specifications. Ensure proper alignment and secure attachment to the TBM&#8217;s structure using suitable mounting brackets or accessories.<\/li>\n<li>Hydraulic System Integration: Connect the cylinder to the TBM&#8217;s hydraulic system using compatible hoses and fittings. Ensure all connections are secure, leak-free, and adequately tightened for optimal hydraulic performance.<\/li>\n<li>Control and Operation: Familiarize yourself with the TBM&#8217;s control system and the specific rules associated with the double shield TBM main thrust cylinder. Use these controls to activate and regulate the thrust force generated by the cylinder, adjusting it according to the required excavation speed and ground conditions.<\/li>\n<li>Monitoring and Adjustment: Continuously monitor the TBM&#8217;s performance and the behavior of the double shield TBM main thrust cylinder. Make necessary adjustments to the thrust force, considering the ground conditions, geological variations, and other factors affecting the tunneling process.<\/li>\n<\/ul>\n<h2><strong>K\u0101 izveidot hidraulisk\u0101 cilindra soli\u0146u?<\/strong><\/h2>\n<p>Building a hydraulic cylinder bench requires a basic understanding of hydraulic systems, access to the necessary tools and materials, and adherence to safety protocols. Here&#8217;s a step-by-step guide on how to build a hydraulic cylinder bench:<\/p>\n<ol>\n<li><strong>Apkopojiet nepiecie\u0161amos materi\u0101lus un instrumentus:<\/strong>\n<ul>\n<li>T\u0113rauda vai alum\u012bnija caurules soli\u0146a r\u0101mim<\/li>\n<li>Hidraulisko cilindru mont\u0101\u017eas kron\u0161teini<\/li>\n<li>Metin\u0101\u0161anas iek\u0101rtas (ja nepiecie\u0161ama metin\u0101\u0161ana)<\/li>\n<li>Hidraulisk\u0101s \u0161\u013c\u016btenes un savienojumi<\/li>\n<li>Hidrauliskais s\u016bknis un vad\u012bbas v\u0101rsts<\/li>\n<li>Spiediena m\u0113r\u012bt\u0101js<\/li>\n<li>Uzgrie\u017e\u0146u atsl\u0113gas, ligzdas un citi rokas instrumenti<\/li>\n<li>Dro\u0161\u012bbas apr\u012bkojums (cimdi, aizsargbrilles utt.)<\/li>\n<\/ul>\n<\/li>\n<li><strong>Dizains un pl\u0101ns:<\/strong>\n<ul>\n<li>Nosakiet v\u0113lamo hidraulisk\u0101 cilindra stenda izm\u0113ru un izm\u0113rus, pamatojoties uz cilindru veidiem, ar kuriem pl\u0101nojat str\u0101d\u0101t.<\/li>\n<li>Uzz\u012bm\u0113jiet projektu, kur\u0101 iek\u013cauta r\u0101mja konstrukcija, mont\u0101\u017eas kron\u0161teini un vieta hidrauliskajam s\u016bknim un vad\u012bbas komponentiem.<\/li>\n<\/ul>\n<\/li>\n<li><strong>Izveidojiet r\u0101mi:<\/strong>\n<ul>\n<li>Sagrieziet t\u0113rauda vai alum\u012bnija caurules v\u0113lamaj\u0101 garum\u0101 soli\u0146a r\u0101mim.<\/li>\n<li>Metiniet vai saskr\u016bv\u0113jiet caurules kop\u0101, lai izveidotu r\u0101mja konstrukciju atbilsto\u0161i savam projektam.<\/li>\n<li>P\u0101rliecinieties, vai r\u0101mis ir iztur\u012bgs un stabils, sp\u0113jot iztur\u0113t hidraulisko cilindru svaru test\u0113\u0161anas un apkopes laik\u0101.<\/li>\n<\/ul>\n<\/li>\n<li><strong>Mont\u0101\u017eas kron\u0161teini:<\/strong>\n<ul>\n<li>Piestipriniet hidraulisk\u0101 cilindra mont\u0101\u017eas kron\u0161teinus pie r\u0101mja, izmantojot metin\u0101\u0161anas vai skr\u016bv\u0113\u0161anas metodes.<\/li>\n<li>P\u0101rliecinieties, vai kron\u0161teini ir dro\u0161i nostiprin\u0101ti un pareizi izl\u012bdzin\u0101ti, lai tie atbilstu da\u017e\u0101du izm\u0113ru un veidu hidrauliskajiem cilindriem.<\/li>\n<\/ul>\n<\/li>\n<li><strong>Hidraulisk\u0101s sist\u0113mas uzst\u0101d\u012b\u0161ana:<\/strong>\n<ul>\n<li>Following the manufacturer&#8217;s instructions, install the hydraulic pump and control valve onto the bench frame.<\/li>\n<li>Pievienojiet hidraulisk\u0101s \u0161\u013c\u016btenes un savienojumus s\u016bknim un vad\u012bbas v\u0101rstam, nodro\u0161inot pareizu bl\u012bv\u0113jumu un stingr\u012bbu.<\/li>\n<li>Balona p\u0101rbaudes un apkopes laik\u0101 pievienojiet manometru, lai uzraudz\u012btu hidraulisko spiedienu.<\/li>\n<\/ul>\n<\/li>\n<li><strong>Dro\u0161\u012bbas pas\u0101kumi:<\/strong>\n<ul>\n<li>P\u0101rliecinieties, vai hidraulisk\u0101 sist\u0113ma ir pareizi iezem\u0113ta un vai visi elektriskie savienojumi ir dro\u0161i.<\/li>\n<li>Novietojiet dro\u0161\u012bbas aizsargus vai vairogus ap kust\u012bgaj\u0101m da\u013c\u0101m vai iesp\u0113jam\u0101m saspie\u0161anas viet\u0101m, lai nov\u0113rstu negad\u012bjumus vai traumas.<\/li>\n<li>Str\u0101d\u0101jot ar hidrauliskaj\u0101m sist\u0113m\u0101m, valk\u0101jiet atbilsto\u0161u dro\u0161\u012bbas apr\u012bkojumu, tostarp cimdus un aizsargbrilles.<\/li>\n<\/ul>\n<\/li>\n<li><strong>Test\u0113\u0161ana un kalibr\u0113\u0161ana:<\/strong>\n<ul>\n<li>Pirms hidraulisk\u0101 cilindra darbagalda lieto\u0161anas r\u016bp\u012bgi p\u0101rbaudiet visus savienojumus un veidgabalus, lai p\u0101rliecin\u0101tos, ka nav nopl\u016b\u017eu vai va\u013c\u012bgu deta\u013cu.<\/li>\n<li>Pievienojiet hidraulisko cilindru pie darbagalda, izmantojot mont\u0101\u017eas kron\u0161teinus un hidraulisk\u0101s \u0161\u013c\u016btenes.<\/li>\n<li>Darbiniet hidraulisko s\u016bkni un vad\u012bbas v\u0101rstu, lai izb\u012bd\u012btu un ievilktu cilindru, p\u0101rbaudot, vai kust\u012bba ir vienm\u0113r\u012bga un kontrol\u0113ta.<\/li>\n<li>Izmantojiet manometru, lai p\u0101rbaud\u012btu hidraulisk\u0101 spiediena precizit\u0101ti.<\/li>\n<\/ul>\n<\/li>\n<\/ol>\n<h2><strong>R\u016bpn\u012bcas iesp\u0113jas un jauda:<\/strong><\/h2>\n<h3>(1) Mont\u0101\u017ea<\/h3>\n<p>Mums ir pirmklas\u012bga neatkar\u012bga p\u0113tniec\u012bbas un att\u012bst\u012bbas mont\u0101\u017eas platforma. Hidraulisko cilindru ra\u017eo\u0161anas darbn\u012bc\u0101 ir \u010detras pusautom\u0101tiskas pacel\u0161anas cilindru mont\u0101\u017eas l\u012bnijas un viena autom\u0101tisk\u0101 sl\u012bpuma cilindru mont\u0101\u017eas l\u012bnija ar projekt\u0113to gada ra\u017eo\u0161anas jaudu 1 miljons vien\u012bbu. Speci\u0101lo cilindru darbn\u012bca ir apr\u012bkota ar da\u017e\u0101du specifik\u0101ciju pusautom\u0101tisku t\u012br\u012b\u0161anas mont\u0101\u017eas sist\u0113mu ar projekt\u0113to gada ra\u017eo\u0161anas jaudu 200 000 vien\u012bbu un apr\u012bkota ar slaven\u0101m CNC apstr\u0101des iek\u0101rt\u0101m, apstr\u0101des centru, augstas precizit\u0101tes cilindru apstr\u0101des speci\u0101lo apr\u012bkojumu, robotiz\u0113tu metin\u0101\u0161anas iek\u0101rtu, autom\u0101tisku t\u012br\u012b\u0161anas iek\u0101rtu, autom\u0101tisku cilindru mont\u0101\u017eas iek\u0101rtu un autom\u0101tisku kr\u0101so\u0161anas ra\u017eo\u0161anas l\u012bniju. Eso\u0161ais kritiskais apr\u012bkojums ir vair\u0101k nek\u0101 300 komplektu (komplektu). Optim\u0101la iek\u0101rtu resursu sadale un efekt\u012bva izmanto\u0161ana nodro\u0161ina produktu precizit\u0101tes pras\u012bbas un apmierina produktu augst\u0101s kvalit\u0101tes pras\u012bbas.<\/p>\n<p><img loading=\"lazy\" decoding=\"async\" class=\"alignnone wp-image-626\" src=\"https:\/\/hydraulic-cylinders.net\/wp-content\/uploads\/2023\/08\/hydraulic-cylinder-product-1-300x158.webp\" alt=\"\" width=\"495\" height=\"260\" srcset=\"https:\/\/hydraulic-cylinders.net\/wp-content\/uploads\/2023\/08\/hydraulic-cylinder-product-1-300x158.webp 495w, https:\/\/hydraulic-cylinders.net\/wp-content\/uploads\/2023\/08\/hydraulic-cylinder-product-1-480x252.webp 480w\" sizes=\"(min-width: 0px) and (max-width: 480px) 480px, (min-width: 481px) 495px, 100vw\" \/> <img loading=\"lazy\" decoding=\"async\" class=\"alignnone wp-image-627\" src=\"https:\/\/hydraulic-cylinders.net\/wp-content\/uploads\/2023\/08\/hydraulic-cylinder-product-2-300x189.webp\" alt=\"\" width=\"413\" height=\"260\" \/><\/p>\n<h3>(2) Apstr\u0101de<\/h3>\n<p>Apstr\u0101des cehs ir apr\u012bkots ar piel\u0101gotu sl\u012bpo slie\u017eu virpo\u0161anas centru, apstr\u0101des centru, \u0101trgaitas asin\u0101\u0161anas ma\u0161\u012bnu, metin\u0101\u0161anas robotu un citu saist\u012btu apr\u012bkojumu, kas var apstr\u0101d\u0101t cilindriskas caurules ar maksim\u0101lo iek\u0161\u0113jo diametru 400 mm un maksim\u0101lo garumu 6 metri.<\/p>\n<p><img loading=\"lazy\" decoding=\"async\" class=\"alignnone wp-image-628 size-large\" src=\"https:\/\/hydraulic-cylinders.net\/wp-content\/uploads\/2023\/08\/hydraulic-cylinder-product-3-1024x391.webp\" alt=\"\" width=\"1024\" height=\"391\" srcset=\"https:\/\/hydraulic-cylinders.net\/wp-content\/uploads\/2023\/08\/hydraulic-cylinder-product-3-980x374.webp 980w, https:\/\/hydraulic-cylinders.net\/wp-content\/uploads\/2023\/08\/hydraulic-cylinder-product-3-480x183.webp 480w\" sizes=\"(min-width: 0px) and (max-width: 480px) 480px, (min-width: 481px) and (max-width: 980px) 980px, (min-width: 981px) 1024px, 100vw\" \/><\/p>\n<h3>(3) Metin\u0101\u0161ana<\/h3>\n<p><img loading=\"lazy\" decoding=\"async\" class=\"alignnone wp-image-629 size-large\" src=\"https:\/\/hydraulic-cylinders.net\/wp-content\/uploads\/2023\/08\/hydraulic-cylinder-product-4-1024x510.webp\" alt=\"\" width=\"1024\" height=\"510\" srcset=\"https:\/\/hydraulic-cylinders.net\/wp-content\/uploads\/2023\/08\/hydraulic-cylinder-product-4-980x488.webp 980w, https:\/\/hydraulic-cylinders.net\/wp-content\/uploads\/2023\/08\/hydraulic-cylinder-product-4-480x239.webp 480w\" sizes=\"(min-width: 0px) and (max-width: 480px) 480px, (min-width: 481px) and (max-width: 980px) 980px, (min-width: 981px) 1024px, 100vw\" \/><\/p>\n<h3>(4) Kr\u0101so\u0161ana un p\u0101rkl\u0101\u0161ana<\/h3>\n<p>Ar maz\u0101m un vid\u0113ja izm\u0113ra cilindrisk\u0101m autom\u0101tisk\u0101m \u016bdens b\u0101zes kr\u0101su p\u0101rkl\u0101\u0161anas l\u012bnij\u0101m, lai pan\u0101ktu autom\u0101tisku robotu iekrau\u0161anu un izkrau\u0161anu un autom\u0101tisku izsmidzin\u0101\u0161anu, projekt\u0113t\u0101 jauda ir 4000 gabali mai\u0146\u0101;<br \/>\nMums ir ar\u012b pusautom\u0101tiska kr\u0101su ra\u017eo\u0161anas l\u012bnija lieliem baloniem, ko darbina \u0137\u0113des piedzi\u0146a, ar 60 kastu konstrukcijas jaudu vien\u0101 mai\u0146\u0101.<\/p>\n<p><img loading=\"lazy\" decoding=\"async\" class=\"alignnone wp-image-630\" src=\"https:\/\/hydraulic-cylinders.net\/wp-content\/uploads\/2023\/08\/hydraulic-cylinder-product-5-300x213.webp\" alt=\"\" width=\"366\" height=\"260\" \/> <img loading=\"lazy\" decoding=\"async\" class=\"alignnone wp-image-631\" src=\"https:\/\/hydraulic-cylinders.net\/wp-content\/uploads\/2023\/08\/hydraulic-cylinder-product-6-300x225.webp\" alt=\"\" width=\"347\" height=\"260\" \/><\/p>\n<h3>(5) Test\u0113\u0161ana<\/h3>\n<p>Mums ir augst\u0101k\u0101s klases p\u0101rbaudes iek\u0101rtas un test\u0113\u0161anas stendi, lai nodro\u0161in\u0101tu, ka balona veiktsp\u0113ja atbilst pras\u012bb\u0101m.<\/p>\n<p><img loading=\"lazy\" decoding=\"async\" class=\"alignnone wp-image-632\" src=\"https:\/\/hydraulic-cylinders.net\/wp-content\/uploads\/2023\/08\/hydraulic-cylinder-product-8-300x200.webp\" alt=\"\" width=\"389\" height=\"260\" \/><\/p>\n<p>&nbsp;<\/p>\n<p>&nbsp;<\/p>\n<p>M\u0113s esam viens no lab\u0101kajiem hidraulisko cilindru ra\u017eot\u0101jiem. M\u0113s varam pied\u0101v\u0101t visaptvero\u0161us hidrauliskos cilindrus. M\u0113s nodro\u0161in\u0101m ar\u012b atbilsto\u0161us <a href=\"https:\/\/hzpt.com\/agricultural-pto-gearbox\/\" target=\"_blank\" rel=\"noopener\">lauksaimniec\u012bbas p\u0101rnesumk\u0101rbas<\/a>. M\u0113s esam eksport\u0113ju\u0161i savus produktus klientiem vis\u0101 pasaul\u0113 un esam ieguvu\u0161i labu reput\u0101ciju, pateicoties m\u016bsu izcilajai produktu kvalit\u0101tei un p\u0113cp\u0101rdo\u0161anas servisam. M\u0113s aicin\u0101m klientus no valsts un \u0101rvalst\u012bm sazin\u0101ties ar mums, lai risin\u0101tu biznesa sarunas, apmain\u012btos ar inform\u0101ciju un... <a href=\"https:\/\/www.hydraulic-cylinders.net\/lv\/contact-us\/\">sadarboties ar mums<\/a>!<\/p>\n<p>&nbsp;<\/p>","protected":false},"excerpt":{"rendered":"<p>Double Shield TBM Main Thrust Cylinder The double shield TBM main thrust cylinder is a cutting-edge hydraulic component designed to optimize the performance and efficiency of tunnel boring machines. This specialized cylinder is crucial in providing the necessary thrust force to propel the tunnel through a tedious process. This informative article will explore the key [&hellip;]<\/p>","protected":false},"featured_media":1912,"comment_status":"open","ping_status":"closed","template":"","meta":{"_et_pb_use_builder":"","_et_pb_old_content":"","_et_gb_content_width":""},"product_brand":[],"product_cat":[1519,1549],"product_tag":[],"class_list":{"0":"post-1910","1":"product","2":"type-product","3":"status-publish","4":"has-post-thumbnail","6":"product_cat-shield-machine-hydraulic-cylinders","7":"product_cat-single-acting-hydraulic-cylinder","9":"first","10":"instock","11":"shipping-taxable","12":"product-type-simple"},"amp_enabled":true,"_links":{"self":[{"href":"https:\/\/www.hydraulic-cylinders.net\/lv\/wp-json\/wp\/v2\/product\/1910","targetHints":{"allow":["GET"]}}],"collection":[{"href":"https:\/\/www.hydraulic-cylinders.net\/lv\/wp-json\/wp\/v2\/product"}],"about":[{"href":"https:\/\/www.hydraulic-cylinders.net\/lv\/wp-json\/wp\/v2\/types\/product"}],"replies":[{"embeddable":true,"href":"https:\/\/www.hydraulic-cylinders.net\/lv\/wp-json\/wp\/v2\/comments?post=1910"}],"wp:featuredmedia":[{"embeddable":true,"href":"https:\/\/www.hydraulic-cylinders.net\/lv\/wp-json\/wp\/v2\/media\/1912"}],"wp:attachment":[{"href":"https:\/\/www.hydraulic-cylinders.net\/lv\/wp-json\/wp\/v2\/media?parent=1910"}],"wp:term":[{"taxonomy":"product_brand","embeddable":true,"href":"https:\/\/www.hydraulic-cylinders.net\/lv\/wp-json\/wp\/v2\/product_brand?post=1910"},{"taxonomy":"product_cat","embeddable":true,"href":"https:\/\/www.hydraulic-cylinders.net\/lv\/wp-json\/wp\/v2\/product_cat?post=1910"},{"taxonomy":"product_tag","embeddable":true,"href":"https:\/\/www.hydraulic-cylinders.net\/lv\/wp-json\/wp\/v2\/product_tag?post=1910"}],"curies":[{"name":"wp","href":"https:\/\/api.w.org\/{rel}","templated":true}]}}