{"id":1913,"date":"2023-10-19T07:48:03","date_gmt":"2023-10-19T07:48:03","guid":{"rendered":"https:\/\/hydraulic-cylinders.net\/?post_type=product&#038;p=1913"},"modified":"2025-04-11T02:51:43","modified_gmt":"2025-04-11T02:51:43","slug":"double-shield-tbm-auxiliary-thrust-cylinder","status":"publish","type":"product","link":"https:\/\/www.hydraulic-cylinders.net\/lv\/products\/double-shield-tbm-auxiliary-thrust-cylinder\/","title":{"rendered":"Divk\u0101r\u0161\u0101 vairoga TBM pal\u012bgvilces cilindrs"},"content":{"rendered":"<h1 style=\"text-align: center;\"><strong>Divk\u0101r\u0161\u0101 vairoga TBM pal\u012bgvilces cilindrs<\/strong><\/h1>\n<p><img loading=\"lazy\" decoding=\"async\" class=\"aligncenter wp-image-1914\" src=\"https:\/\/hydraulic-cylinders.net\/wp-content\/uploads\/2023\/10\/auxiliary-thrust-cylinder-1-300x300.webp\" alt=\"\" width=\"400\" height=\"400\" \/><\/p>\n<p>Divk\u0101r\u0161\u0101 aizsarga TBM pal\u012bgvilces cilindrs ir moderna hidrauliska sast\u0101vda\u013ca, kas ir vit\u0101li svar\u012bga tune\u013cu urb\u0161anas iek\u0101rtu veiktsp\u0113jas optimiz\u0113\u0161anai. \u0160is specializ\u0113tais cilindrs ir paredz\u0113ts, lai nodro\u0161in\u0101tu papildu vilces sp\u0113ku, atbalstot galveno vilces cilindru un uzlabojot tune\u013cu rak\u0161anas procesa efektivit\u0101ti. \u0160aj\u0101 visaptvero\u0161aj\u0101 rakst\u0101 tiks detaliz\u0113ti apl\u016bkotas galven\u0101s divk\u0101r\u0161\u0101 aizsarga TBM pal\u012bgvilces cilindra \u012bpa\u0161\u012bbas, lieto\u0161anas metodes un apkopes vadl\u012bnijas.<\/p>\n<p>Divk\u0101r\u0161\u0101 aizsarga TBM pal\u012bgvilces cilindrs ir b\u016btiska sast\u0101vda\u013ca, kas \u013cauj tune\u013cu urb\u0161anas ma\u0161\u012bn\u0101m sasniegt nep\u0101rsp\u0113jamu efektivit\u0101ti un produktivit\u0101ti. Ar uzlabotu vilces atbalstu, iztur\u012bgu konstrukciju, kompakto dizainu un prec\u012bziem vad\u012bbas meh\u0101nismiem \u0161is cilindrs nodro\u0161ina tune\u013cu urb\u0161anas oper\u0101ciju vienm\u0113r\u012bgu un efekt\u012bvu virz\u012bbu. Iev\u0113rojot ieteicam\u0101s lieto\u0161anas metodes un regul\u0101ras apkopes praksi, divk\u0101r\u0161\u0101 aizsarga TBM pal\u012bgvilces cilindrs turpin\u0101s nodro\u0161in\u0101t izcilu veiktsp\u0113ju, veicinot tune\u013cu urb\u0161anas projektu pan\u0101kumus. Izmantojiet divk\u0101r\u0161\u0101 aizsarga TBM pal\u012bgvilces cilindra jaudu un uzticam\u012bbu, revolucioniz\u0113jot tune\u013cu urb\u0161anu ar nep\u0101rsp\u0113jamu efektivit\u0101ti un lietder\u012bbu.<\/p>\n<p>Divk\u0101r\u0161\u0101 vairoga TBM pal\u012bgvilces cilindra galven\u0101s \u012bpa\u0161\u012bbas:<\/p>\n<ul>\n<li>Uzlabots vilces atbalsts: Divk\u0101r\u0161\u0101 vairoga pal\u012bgvilces cilindrs ir konstru\u0113ts, lai nodro\u0161in\u0101tu izcilu pal\u012bgvilces atbalstu galvenajam vilces cilindram. Nodro\u0161inot papildu sp\u0113ku, tas nodro\u0161ina tune\u013ca urb\u0161anas iek\u0101rtas stabilu un efekt\u012bvu virz\u012bbu pat sare\u017e\u0123\u012btos grunts apst\u0101k\u013cos.<\/li>\n<li>Iztur\u012bga konstrukcija: \u0160im cilindram ir iztur\u012bga un ilgm\u016b\u017e\u012bga konstrukcija, kas paredz\u0113ta, lai iztur\u0113tu sare\u017e\u0123\u012btos apst\u0101k\u013cus tune\u013cu rak\u0161anas laik\u0101. T\u0101 augstas kvalit\u0101tes materi\u0101li un r\u016bp\u012bg\u0101 meistar\u012bba nodro\u0161ina ilgm\u016b\u017e\u012bbu un uzticam\u012bbu pat vissmag\u0101kajos apst\u0101k\u013cos.<\/li>\n<li>Kompakts dizains: Divk\u0101r\u0161\u0101 aizsarga TBM pal\u012bgcilindram ir kompakts dizains, kas \u013cauj to viegli integr\u0113t tune\u013ca urb\u0161anas ma\u0161\u012bn\u0101. T\u0101 telpu taupo\u0161\u0101 konstrukcija nodro\u0161ina minim\u0101lu mijiedarb\u012bbu ar cit\u0101m sast\u0101vda\u013c\u0101m, maksim\u0101li palielinot tunel\u0113\u0161anas procesa kop\u0113jo efektivit\u0101ti.<\/li>\n<li>Prec\u012bzi vad\u012bbas meh\u0101nismi: \u0160is cilindrs ir apr\u012bkots ar moderniem vad\u012bbas meh\u0101nismiem, kas nodro\u0161ina prec\u012bzu un atsauc\u012bgu darb\u012bbu. Operatori var piel\u0101got papildu vilces sp\u0113ku atbilsto\u0161i konkr\u0113tiem zemes apst\u0101k\u013ciem, nodro\u0161inot optim\u0101lu veiktsp\u0113ju un samazinot trauc\u0113jumu risku.<\/li>\n<\/ul>\n<h2><strong>Divk\u0101r\u0161\u0101 vairoga TBM pal\u012bgvilces cilindra parametrs:<\/strong><\/h2>\n<table border=\"1\" cellspacing=\"0\" cellpadding=\"0\">\n<tbody>\n<tr>\n<td>Produkta nosaukums<\/td>\n<td>Divk\u0101r\u0161\u0101 vairoga tune\u013ca urb\u0161anas ma\u0161\u012bnas pal\u012bgvilces cilindrs<\/td>\n<\/tr>\n<tr>\n<td>Funkcijas:<\/td>\n<td>Pa\u013caujoties uz pal\u012bgcilindra reakcijas sp\u0113ku, lai stumtu caurules gabalu un TBM virz\u012btos uz priek\u0161u<\/td>\n<\/tr>\n<tr>\n<td>Urbuma diametrs:<\/td>\n<td>220 mm\uff5e320 mm<\/td>\n<\/tr>\n<tr>\n<td>Stie\u0146a diametrs:<\/td>\n<td>180 mm\uff5e240 mm<br \/>\nG\u0101jiens: 2100 mm\uff5e2600 mm<\/td>\n<\/tr>\n<tr>\n<td>Spiediens:<\/td>\n<td>l\u012bdz 35 MPa<br \/>\n\u012apa\u0161as pras\u012bbas l\u012bdz 45 MPa<\/td>\n<\/tr>\n<tr>\n<td>Lietojumi:<\/td>\n<td>Dubult\u0101 vairoga tune\u013ca urb\u0161anas ma\u0161\u012bna<\/td>\n<\/tr>\n<\/tbody>\n<\/table>\n<h2><strong>Divk\u0101r\u0161\u0101 vairoga TBM cilindra pielietojums:<\/strong><\/h2>\n<p><img loading=\"lazy\" decoding=\"async\" class=\"alignnone wp-image-1909 size-full\" src=\"https:\/\/hydraulic-cylinders.net\/wp-content\/uploads\/2023\/10\/double-shield-tbm-cylinder-1.webp\" alt=\"\" width=\"709\" height=\"473\" srcset=\"https:\/\/hydraulic-cylinders.net\/wp-content\/uploads\/2023\/10\/double-shield-tbm-cylinder-1.webp 709w, https:\/\/hydraulic-cylinders.net\/wp-content\/uploads\/2023\/10\/double-shield-tbm-cylinder-1-480x320.webp 480w\" sizes=\"(min-width: 0px) and (max-width: 480px) 480px, (min-width: 481px) 709px, 100vw\" \/><\/p>\n<h2><strong>Divk\u0101r\u0161\u0101 vairoga TBM pal\u012bgvilces cilindra lieto\u0161anas metode<\/strong><strong>:<\/strong><\/h2>\n<ol>\n<li><strong>Cilindru integr\u0101cija:<\/strong> Uzst\u0101diet dubult\u0101 aizsarga tune\u013ca urb\u0161anas iek\u0101rtas pal\u012bgvilces cilindru paredz\u0113taj\u0101 viet\u0101, iev\u0113rojot ra\u017eot\u0101ja vadl\u012bnijas un specifik\u0101cijas. Nodro\u0161iniet pareizu izl\u012bdzin\u0101\u0161anu un dro\u0161u stiprin\u0101jumu pie tune\u013ca urb\u0161anas iek\u0101rtas konstrukcijas, izmantojot piem\u0113rotus mont\u0101\u017eas kron\u0161teinus vai piederumus.<\/li>\n<li><strong>Hidraulisk\u0101s sist\u0113mas integr\u0101cija:<\/strong> Pievienojiet cilindru TBM hidrauliskajai sist\u0113mai, izmantojot sader\u012bgas \u0161\u013c\u016btenes un savienojumus. P\u0101rliecinieties, vai visi savienojumi ir dro\u0161i, bez nopl\u016bd\u0113m un pareizi pievilkti, lai nodro\u0161in\u0101tu optim\u0101lu hidraulisko veiktsp\u0113ju.<\/li>\n<li><strong>Vad\u012bba un darb\u012bba:<\/strong>\u00a0 Iepaz\u012bstieties ar TBM vad\u012bbas sist\u0113mu un \u012bpa\u0161aj\u0101m vad\u012bbas ier\u012bc\u0113m, kas saist\u012btas ar dubult\u0101 vairoga TBM pal\u012bgvilces cilindru. Izmantojiet \u0161\u012bs vad\u012bbas ier\u012bces, lai aktiviz\u0113tu, regul\u0113tu un uzraudz\u012btu pal\u012bgvilces sp\u0113ku, piel\u0101gojot to atbilsto\u0161i tunel\u0113\u0161anas procesa pras\u012bb\u0101m un grunts apst\u0101k\u013ciem.<\/li>\n<li><strong>Uzraudz\u012bba un piel\u0101go\u0161ana:<\/strong>\u00a0 Nep\u0101rtraukti uzraudz\u012bt dubult\u0101 aizsarga tbm pal\u012bgvilces cilindra darb\u012bbu un tune\u013ca urb\u0161anas iek\u0101rtas visp\u0101r\u0113jo darb\u012bbu. Veiciet nepiecie\u0161am\u0101s papildu vilces sp\u0113ka korekcijas, \u0146emot v\u0113r\u0101 grunts apst\u0101k\u013cus, \u0123eolo\u0123isk\u0101s vari\u0101cijas un citus faktorus, kas var ietekm\u0113t tunel\u0113\u0161anas procesu.<\/li>\n<\/ol>\n<h2><strong>K\u0101 nomain\u012bt hidraulisk\u0101 cilindra bl\u012bv\u0113jumu?<\/strong><\/h2>\n<p>Pirms darba s\u0101k\u0161anas p\u0101rliecinieties, ka jums ir nepiecie\u0161amie instrumenti, rezerves bl\u012bves un t\u012bra darba zona. Turkl\u0101t iev\u0113rojiet dro\u0161\u012bbas pas\u0101kumus, lai izvair\u012btos no negad\u012bjumiem, piem\u0113ram, sist\u0113mas spiediena samazin\u0101\u0161anas.<\/p>\n<ol>\n<li><strong>Sagatavojiet cilindru:<\/strong>\n<ul>\n<li>Atvienojiet hidraulisko cilindru no sist\u0113mas un p\u0101rliecinieties, ka taj\u0101 nav spiediena.<\/li>\n<li>Not\u012briet cilindra \u0101rpusi, lai demont\u0101\u017eas laik\u0101 nov\u0113rstu net\u012brumu vai gru\u017eu iek\u013c\u016b\u0161anu.<\/li>\n<li>Novietojiet cilindru uz stabilas darba virsmas un nostipriniet to, izmantojot skavas vai skr\u016bvsp\u012bles.<\/li>\n<\/ul>\n<\/li>\n<li><strong>No\u0146emiet stiprin\u0101juma komponentus:<\/strong>\n<ul>\n<li>Identific\u0113jiet stiprin\u0101juma komponentus, kas nostiprina cilindra galvu vai v\u0101ci\u0146u, piem\u0113ram, skr\u016bves vai fiks\u0101cijas gredzenus.<\/li>\n<li>Izmantojiet atbilsto\u0161us instrumentus (atsl\u0113gas, uzgrie\u017e\u0146u atsl\u0113gas, knaibles), lai atbr\u012bvotu un no\u0146emtu \u0161\u012bs stiprin\u0101juma deta\u013cas.<\/li>\n<li>Novietojiet komponentus dro\u0161\u0101 viet\u0101, lai tos var\u0113tu salikt atpaka\u013c.<\/li>\n<\/ul>\n<\/li>\n<li><strong>Atdaliet cilindra sast\u0101vda\u013cas:<\/strong>\n<ul>\n<li>Viegli uzsitiet pa cilindra galvu vai v\u0101ci\u0146u, izmantojot m\u012bkstu \u0101muru, lai p\u0101rrautu jebk\u0101du bl\u012bv\u0113jumu vai l\u012bmes saiti.<\/li>\n<li>L\u0113n\u0101m un uzman\u012bgi no\u0146emiet cilindra galvu vai v\u0101ci\u0146u, atsedzot virzuli un bl\u012bv\u0113jumu.<\/li>\n<li>Piev\u0113rsiet uzman\u012bbu vis\u0101m eso\u0161aj\u0101m starplik\u0101m, starplik\u0101m vai cit\u0101m sast\u0101vda\u013c\u0101m un no\u0146emiet t\u0101s v\u0113l\u0101kai mont\u0101\u017eai.<\/li>\n<\/ul>\n<\/li>\n<li><strong>No\u0146emiet veco z\u012bmogu:<\/strong>\n<ul>\n<li>P\u0101rbaudiet veco bl\u012bv\u0113jumu, vai taj\u0101 nav boj\u0101jumu vai nodiluma, un nosakiet izmantot\u0101 bl\u012bv\u0113juma veidu.<\/li>\n<li>Atkar\u012bb\u0101 no bl\u012bv\u0113juma veida, iesp\u0113jams, b\u016bs j\u0101izmanto bl\u012bv\u0113juma no\u0146em\u0161anas instrumenti (irbul\u012b\u0161i, \u0101\u0137i) vai uzman\u012bgi j\u0101izlau\u017e tas, izmantojot plakanu skr\u016bvgriezi.<\/li>\n<li>Lai pareizi uzst\u0101d\u012btu jauno bl\u012bvi, \u0146emiet v\u0113r\u0101 bl\u012bv\u0113juma orient\u0101ciju.<\/li>\n<\/ul>\n<\/li>\n<li><strong>T\u012br\u012bt un p\u0101rbaud\u012bt:<\/strong>\n<ul>\n<li>R\u016bp\u012bgi not\u012briet cilindra urbumu, virzuli un apk\u0101rt\u0113j\u0101s deta\u013cas, izmantojot bezpl\u016bksnu dr\u0101nu vai \u0161\u0137\u012bdin\u0101t\u0101ju, kas piem\u0113rots j\u016bsu hidrauliskajai sist\u0113mai.<\/li>\n<li>P\u0101rbaudiet visas deta\u013cas, vai nav boj\u0101jumu, nodiluma vai iespiedumu paz\u012bmju. Ja nepiecie\u0161ams, nomainiet visas nolietot\u0101s vai boj\u0101t\u0101s deta\u013cas.<\/li>\n<\/ul>\n<\/li>\n<li><strong>Jaun\u0101 bl\u012bv\u0113juma uzst\u0101d\u012b\u0161ana:<\/strong>\n<ul>\n<li>Iee\u013c\u013cojiet jauno bl\u012bvi ar hidraulisko \u0161\u0137idrumu vai sader\u012bgu bl\u012bv\u0113juma sm\u0113rvielu.<\/li>\n<li>Uzman\u012bgi novietojiet jauno bl\u012bvi bl\u012bv\u0113juma riev\u0101 vai uz virzu\u013ca, p\u0101rliecinoties, ka t\u0101 ir pareizi orient\u0113ta, k\u0101 nor\u0101d\u012bts bl\u012bv\u0113juma no\u0146em\u0161anas laik\u0101.<\/li>\n<li>Izmantojiet bl\u012bv\u0113juma uzst\u0101d\u012b\u0161anas instrumentu vai m\u012bkstu \u0101muru, lai viegli iespiestu bl\u012bv\u0113jumu viet\u0101, p\u0101rliecinoties, ka tas ir pareizi un vienm\u0113r\u012bgi ievietots.<\/li>\n<\/ul>\n<\/li>\n<li><strong>Cilindra salik\u0161ana atpaka\u013c:<\/strong>\n<ul>\n<li>Atkal uzst\u0101diet bl\u012bves, starplikas vai citas sast\u0101vda\u013cas, kas tika no\u0146emtas demont\u0101\u017eas laik\u0101.<\/li>\n<li>Uzman\u012bgi izl\u012bdziniet cilindra galvu vai v\u0101ci\u0146u ar cilindra korpusu un virziet virzuli caur to.<\/li>\n<li>Uz stiprin\u0101juma deta\u013c\u0101m uzkl\u0101jiet piem\u0113rotu v\u012bt\u0146u herm\u0113ti\u0137i vai v\u012bt\u0146u fiks\u0101cijas pastu un dro\u0161i piestipriniet t\u0101s atpaka\u013c.<\/li>\n<li>Pievelkot stiprin\u0101juma komponentus, iev\u0113rojiet ra\u017eot\u0101ja nor\u0101d\u012btos griezes momenta nor\u0101d\u012bjumus, lai nodro\u0161in\u0101tu pareizu bl\u012bv\u0113jumu un izl\u012bdzin\u0101\u0161anu.<\/li>\n<\/ul>\n<\/li>\n<li><strong>P\u0101rbaude un verifik\u0101cija:<\/strong>\n<ul>\n<li>Pievienojiet hidraulisko cilindru sist\u0113mai un p\u0101rliecinieties, vai visi savienojumi ir dro\u0161i.<\/li>\n<li>Pak\u0101peniski atjaunojiet spiedienu sist\u0113m\u0101, p\u0101rbaudot, vai nav nopl\u016b\u017eu vai citu anom\u0101liju.<\/li>\n<li>Piln\u012bb\u0101 aktiviz\u0113jiet hidraulisko cilindru, lai p\u0101rliecin\u0101tos par pareizu darb\u012bbu un bl\u012bv\u0113juma integrit\u0101ti.<\/li>\n<\/ul>\n<\/li>\n<\/ol>\n<h2><strong>R\u016bpn\u012bcas iesp\u0113jas un jauda:<\/strong><\/h2>\n<h3>(1) Mont\u0101\u017ea<\/h3>\n<p>Mums ir pirmklas\u012bga neatkar\u012bga p\u0113tniec\u012bbas un att\u012bst\u012bbas mont\u0101\u017eas platforma. Hidraulisko cilindru ra\u017eo\u0161anas darbn\u012bc\u0101 ir \u010detras pusautom\u0101tiskas pacel\u0161anas cilindru mont\u0101\u017eas l\u012bnijas un viena autom\u0101tisk\u0101 sl\u012bpuma cilindru mont\u0101\u017eas l\u012bnija ar projekt\u0113to gada ra\u017eo\u0161anas jaudu 1 miljons vien\u012bbu. Speci\u0101lo cilindru darbn\u012bca ir apr\u012bkota ar da\u017e\u0101du specifik\u0101ciju pusautom\u0101tisku t\u012br\u012b\u0161anas mont\u0101\u017eas sist\u0113mu ar projekt\u0113to gada ra\u017eo\u0161anas jaudu 200 000 vien\u012bbu un apr\u012bkota ar slaven\u0101m CNC apstr\u0101des iek\u0101rt\u0101m, apstr\u0101des centru, augstas precizit\u0101tes cilindru apstr\u0101des speci\u0101lo apr\u012bkojumu, robotiz\u0113tu metin\u0101\u0161anas iek\u0101rtu, autom\u0101tisku t\u012br\u012b\u0161anas iek\u0101rtu, autom\u0101tisku cilindru mont\u0101\u017eas iek\u0101rtu un autom\u0101tisku kr\u0101so\u0161anas ra\u017eo\u0161anas l\u012bniju. Eso\u0161ais kritiskais apr\u012bkojums ir vair\u0101k nek\u0101 300 komplektu (komplektu). Optim\u0101la iek\u0101rtu resursu sadale un efekt\u012bva izmanto\u0161ana nodro\u0161ina produktu precizit\u0101tes pras\u012bbas un apmierina produktu augst\u0101s kvalit\u0101tes pras\u012bbas.<\/p>\n<p><img loading=\"lazy\" decoding=\"async\" class=\"alignnone wp-image-626\" src=\"https:\/\/hydraulic-cylinders.net\/wp-content\/uploads\/2023\/08\/hydraulic-cylinder-product-1-300x158.webp\" alt=\"\" width=\"495\" height=\"260\" srcset=\"https:\/\/hydraulic-cylinders.net\/wp-content\/uploads\/2023\/08\/hydraulic-cylinder-product-1-300x158.webp 495w, https:\/\/hydraulic-cylinders.net\/wp-content\/uploads\/2023\/08\/hydraulic-cylinder-product-1-480x252.webp 480w\" sizes=\"(min-width: 0px) and (max-width: 480px) 480px, (min-width: 481px) 495px, 100vw\" \/> <img loading=\"lazy\" decoding=\"async\" class=\"alignnone wp-image-627\" src=\"https:\/\/hydraulic-cylinders.net\/wp-content\/uploads\/2023\/08\/hydraulic-cylinder-product-2-300x189.webp\" alt=\"\" width=\"413\" height=\"260\" \/><\/p>\n<h3>(2) Apstr\u0101de<\/h3>\n<p>Apstr\u0101des cehs ir apr\u012bkots ar piel\u0101gotu sl\u012bpo slie\u017eu virpo\u0161anas centru, apstr\u0101des centru, \u0101trgaitas asin\u0101\u0161anas ma\u0161\u012bnu, metin\u0101\u0161anas robotu un citu saist\u012btu apr\u012bkojumu, kas var apstr\u0101d\u0101t cilindriskas caurules ar maksim\u0101lo iek\u0161\u0113jo diametru 400 mm un maksim\u0101lo garumu 6 metri.<\/p>\n<p><img loading=\"lazy\" decoding=\"async\" class=\"alignnone wp-image-628 size-large\" src=\"https:\/\/hydraulic-cylinders.net\/wp-content\/uploads\/2023\/08\/hydraulic-cylinder-product-3-1024x391.webp\" alt=\"\" width=\"1024\" height=\"391\" srcset=\"https:\/\/hydraulic-cylinders.net\/wp-content\/uploads\/2023\/08\/hydraulic-cylinder-product-3-980x374.webp 980w, https:\/\/hydraulic-cylinders.net\/wp-content\/uploads\/2023\/08\/hydraulic-cylinder-product-3-480x183.webp 480w\" sizes=\"(min-width: 0px) and (max-width: 480px) 480px, (min-width: 481px) and (max-width: 980px) 980px, (min-width: 981px) 1024px, 100vw\" \/><\/p>\n<h3>(3) Metin\u0101\u0161ana<\/h3>\n<p><img loading=\"lazy\" decoding=\"async\" class=\"alignnone wp-image-629 size-large\" src=\"https:\/\/hydraulic-cylinders.net\/wp-content\/uploads\/2023\/08\/hydraulic-cylinder-product-4-1024x510.webp\" alt=\"\" width=\"1024\" height=\"510\" srcset=\"https:\/\/hydraulic-cylinders.net\/wp-content\/uploads\/2023\/08\/hydraulic-cylinder-product-4-980x488.webp 980w, https:\/\/hydraulic-cylinders.net\/wp-content\/uploads\/2023\/08\/hydraulic-cylinder-product-4-480x239.webp 480w\" sizes=\"(min-width: 0px) and (max-width: 480px) 480px, (min-width: 481px) and (max-width: 980px) 980px, (min-width: 981px) 1024px, 100vw\" \/><\/p>\n<h3>(4) Kr\u0101so\u0161ana un p\u0101rkl\u0101\u0161ana<\/h3>\n<p>Ar maz\u0101m un vid\u0113ja izm\u0113ra cilindrisk\u0101m autom\u0101tisk\u0101m \u016bdens b\u0101zes kr\u0101su p\u0101rkl\u0101\u0161anas l\u012bnij\u0101m, lai pan\u0101ktu autom\u0101tisku robotu iekrau\u0161anu un izkrau\u0161anu un autom\u0101tisku izsmidzin\u0101\u0161anu, projekt\u0113t\u0101 jauda ir 4000 gabali mai\u0146\u0101;<br \/>\nMums ir ar\u012b pusautom\u0101tiska kr\u0101su ra\u017eo\u0161anas l\u012bnija lieliem baloniem, ko darbina \u0137\u0113des piedzi\u0146a, ar 60 kastu konstrukcijas jaudu vien\u0101 mai\u0146\u0101.<\/p>\n<p><img loading=\"lazy\" decoding=\"async\" class=\"alignnone wp-image-630\" src=\"https:\/\/hydraulic-cylinders.net\/wp-content\/uploads\/2023\/08\/hydraulic-cylinder-product-5-300x213.webp\" alt=\"\" width=\"366\" height=\"260\" \/> <img loading=\"lazy\" decoding=\"async\" class=\"alignnone wp-image-631\" src=\"https:\/\/hydraulic-cylinders.net\/wp-content\/uploads\/2023\/08\/hydraulic-cylinder-product-6-300x225.webp\" alt=\"\" width=\"347\" height=\"260\" \/><\/p>\n<h3>(5) Test\u0113\u0161ana<\/h3>\n<p>Mums ir augst\u0101k\u0101s klases p\u0101rbaudes iek\u0101rtas un test\u0113\u0161anas stendi, lai nodro\u0161in\u0101tu, ka balona veiktsp\u0113ja atbilst pras\u012bb\u0101m.<\/p>\n<p><img loading=\"lazy\" decoding=\"async\" class=\"alignnone wp-image-632\" src=\"https:\/\/hydraulic-cylinders.net\/wp-content\/uploads\/2023\/08\/hydraulic-cylinder-product-8-300x200.webp\" alt=\"\" width=\"389\" height=\"260\" \/><\/p>\n<p>&nbsp;<\/p>\n<p>&nbsp;<\/p>\n<p>M\u0113s esam viens no lab\u0101kajiem hidraulisko cilindru ra\u017eot\u0101jiem. M\u0113s varam pied\u0101v\u0101t visaptvero\u0161us hidrauliskos cilindrus. M\u0113s nodro\u0161in\u0101m ar\u012b atbilsto\u0161us <a href=\"https:\/\/hzpt.com\/agricultural-pto-gearbox\/\" target=\"_blank\" rel=\"noopener\">lauksaimniec\u012bbas p\u0101rnesumk\u0101rbas<\/a>. M\u0113s esam eksport\u0113ju\u0161i savus produktus klientiem vis\u0101 pasaul\u0113 un esam ieguvu\u0161i labu reput\u0101ciju, pateicoties m\u016bsu izcilajai produktu kvalit\u0101tei un p\u0113cp\u0101rdo\u0161anas servisam. M\u0113s aicin\u0101m klientus no valsts un \u0101rvalst\u012bm sazin\u0101ties ar mums, lai risin\u0101tu biznesa sarunas, apmain\u012btos ar inform\u0101ciju un... <a href=\"https:\/\/www.hydraulic-cylinders.net\/lv\/contact-us\/\">sadarboties ar mums<\/a>!<\/p>\n<p>&nbsp;<\/p>","protected":false},"excerpt":{"rendered":"<p>Double Shield TBM Auxiliary Thrust Cylinder The double shield TBM auxiliary thrust cylinder is a cutting-edge hydraulic component that is vital in optimizing tunnel boring machines&#8217; performance. This specialized cylinder is designed to provide auxiliary thrust force, supporting the main thrust cylinder and enhancing the efficiency of the tunneling process. This comprehensive article will delve [&hellip;]<\/p>","protected":false},"featured_media":1915,"comment_status":"open","ping_status":"closed","template":"","meta":{"_et_pb_use_builder":"","_et_pb_old_content":"","_et_gb_content_width":""},"product_brand":[],"product_cat":[1519,1549],"product_tag":[1380],"class_list":{"0":"post-1913","1":"product","2":"type-product","3":"status-publish","4":"has-post-thumbnail","6":"product_cat-shield-machine-hydraulic-cylinders","7":"product_cat-single-acting-hydraulic-cylinder","8":"product_tag-hydraulic-cylinder","10":"first","11":"instock","12":"shipping-taxable","13":"product-type-simple"},"amp_enabled":true,"_links":{"self":[{"href":"https:\/\/www.hydraulic-cylinders.net\/lv\/wp-json\/wp\/v2\/product\/1913","targetHints":{"allow":["GET"]}}],"collection":[{"href":"https:\/\/www.hydraulic-cylinders.net\/lv\/wp-json\/wp\/v2\/product"}],"about":[{"href":"https:\/\/www.hydraulic-cylinders.net\/lv\/wp-json\/wp\/v2\/types\/product"}],"replies":[{"embeddable":true,"href":"https:\/\/www.hydraulic-cylinders.net\/lv\/wp-json\/wp\/v2\/comments?post=1913"}],"wp:featuredmedia":[{"embeddable":true,"href":"https:\/\/www.hydraulic-cylinders.net\/lv\/wp-json\/wp\/v2\/media\/1915"}],"wp:attachment":[{"href":"https:\/\/www.hydraulic-cylinders.net\/lv\/wp-json\/wp\/v2\/media?parent=1913"}],"wp:term":[{"taxonomy":"product_brand","embeddable":true,"href":"https:\/\/www.hydraulic-cylinders.net\/lv\/wp-json\/wp\/v2\/product_brand?post=1913"},{"taxonomy":"product_cat","embeddable":true,"href":"https:\/\/www.hydraulic-cylinders.net\/lv\/wp-json\/wp\/v2\/product_cat?post=1913"},{"taxonomy":"product_tag","embeddable":true,"href":"https:\/\/www.hydraulic-cylinders.net\/lv\/wp-json\/wp\/v2\/product_tag?post=1913"}],"curies":[{"name":"wp","href":"https:\/\/api.w.org\/{rel}","templated":true}]}}