{"id":19134,"date":"2025-04-07T06:14:29","date_gmt":"2025-04-07T06:14:29","guid":{"rendered":"https:\/\/www.hydraulic-cylinders.net\/product\/boom-cylinder-for-volvo-wheel-excavator-ew145bp\/"},"modified":"2025-04-07T06:14:33","modified_gmt":"2025-04-07T06:14:33","slug":"boom-cylinder-for-volvo-wheel-excavator-ew145bp","status":"publish","type":"product","link":"https:\/\/www.hydraulic-cylinders.net\/lv\/products\/boom-cylinder-for-volvo-wheel-excavator-ew145bp\/","title":{"rendered":"Volvo rite\u0146u ekskavatora EW145BP str\u0113les cilindrs"},"content":{"rendered":"<h1>Volvo rite\u0146u ekskavatora EW145BP str\u0113les cilindrs<\/h1>\n<h2>Produkta p\u0101rskats<\/h2>\n<p>Volvo rite\u0146u ekskavatora EW145BP str\u0113les cilindrs ir svar\u012bga hidrauliska sast\u0101vda\u013ca, kas paredz\u0113ta ekskavatora str\u0113les kust\u012bbas vad\u012bbai. \u0160is hidrauliskais cilindrs ir izstr\u0101d\u0101ts, lai nodro\u0161in\u0101tu nepiecie\u0161amo sp\u0113ku str\u0113les pacel\u0161anai, nolai\u0161anai un noliek\u0161anai, atvieglojot efekt\u012bvus materi\u0101lu apstr\u0101des darbus. Smagaj\u0101s ma\u0161\u012bn\u0101s, piem\u0113ram, ekskavatoros, ekskavatoros un front\u0101lajos iekr\u0101v\u0113jos, kausa cilindri nodro\u0161ina prec\u012bzu kausa kust\u012bbas kontroli, padarot tos par neat\u0146emamu sast\u0101vda\u013cu da\u017e\u0101d\u0101s b\u016bvniec\u012bbas un lauksaimniec\u012bbas oper\u0101cij\u0101s.<\/p>\n<p><img decoding=\"async\" src=\"https:\/\/www.hydraulic-cylinders.net\/wp-content\/uploads\/2025\/04\/songte-company-1.webp\" alt=\"Ekskavatoru str\u0113les cilindrs\"\/><\/p>\n<h2>Galven\u0101s iez\u012bmes<\/h2>\n<ul>\n<li><strong>Augsta iztur\u012bba un ilgm\u016b\u017e\u012bba:<\/strong> Izgatavots no augstas stipr\u012bbas t\u0113rauda vai alum\u012bnija, str\u0113les cilindrs var iztur\u0113t augstu spiedienu un lielas slodzes, padarot to piem\u0113rotu skarbiem darba apst\u0101k\u013ciem.<\/li>\n<li><strong>Efekt\u012bva hidraulisk\u0101 darb\u012bba:<\/strong> Cilindrs izmanto hidraulisk\u0101s e\u013c\u013cas spiedienu, lai nodro\u0161in\u0101tu vienm\u0113r\u012bgu izvilk\u0161anu un ievilk\u0161anu, nodro\u0161inot \u0101tru rea\u0123\u0113\u0161anu uz vad\u012bbas komand\u0101m un iev\u0113rojamu stum\u0161anas un vilk\u0161anas jaudu.<\/li>\n<li><strong>Pieejami da\u017e\u0101di veidi:<\/strong> Pieejamas ar\u012b vienk\u0101r\u0161as darb\u012bbas (izmantojot hidraulisko sp\u0113ku vien\u0101 virzien\u0101) un divk\u0101r\u0161as darb\u012bbas (izmantojot hidraulisko sp\u0113ku abos virzienos) cilindri, lai apmierin\u0101tu da\u017e\u0101das ekspluat\u0101cijas pras\u012bbas. Da\u017ei mode\u013ci ir teleskopiski, kas \u013cauj sasniegt liel\u0101ku sniedzam\u012bbu, nepalielinot \u0101r\u0113jos izm\u0113rus.<\/li>\n<\/ul>\n<p>M\u016bsu produkti ir izstr\u0101d\u0101ti, lai perfekti aizst\u0101tu hidrauliskos cilindrus, nodro\u0161inot sader\u012bbu un veiktsp\u0113jas nemain\u012bgumu.<\/p>\n<p><img decoding=\"async\" src=\"https:\/\/www.hydraulic-cylinders.net\/wp-content\/uploads\/2025\/04\/songte-cylinder-head-with-all-kinds-excavator-models.webp\" alt=\"Hidraulisk\u0101 cilindra nomai\u0146a\"\/><\/p>\n<h2>Pieteikumi<\/h2>\n<h3>Celtniec\u012bbas apr\u012bkojums<\/h3>\n<p>Ekskavatoros str\u0113les cilindri ir b\u016btiski zemes vai gru\u017eu rak\u0161anai, iekrau\u0161anai un p\u0101rvieto\u0161anai. Tie atvieglo str\u0113les pacel\u0161anas un nolai\u0161anas darb\u012bbas, \u013caujot operatoriem efekt\u012bvi veikt uzdevumus. \u0160\u012b funkcionalit\u0101te ir kritiski svar\u012bga b\u016bvlaukumos, kur savlaic\u012bga projekta pabeig\u0161ana ir atkar\u012bga no smago ma\u0161\u012bnu efekt\u012bvas darb\u012bbas.<\/p>\n<h3>Lauksaimniec\u012bbas tehnika<\/h3>\n<p>Front\u0101lajiem iekr\u0101v\u0113jiem str\u0113les cilindri pal\u012bdz augsnes, siena un citu materi\u0101lu sav\u0101k\u0161an\u0101, cel\u0161an\u0101 un transport\u0113\u0161an\u0101. To iztur\u012bg\u0101 konstrukcija \u013cauj lauksaimniekiem viegli tikt gal\u0101 ar smag\u0101m krav\u0101m, uzlabojot produktivit\u0101ti da\u017e\u0101du lauksaimniec\u012bbas darbu laik\u0101.<\/p>\n<h3>Ekskavatori<\/h3>\n<p>Ekskavatoros str\u0113les cilindri \u013cauj kausam iek\u013c\u016bt zem\u0113, nodro\u0161inot efekt\u012bvas rak\u0161anas darb\u012bbas. \u0160\u012b sp\u0113ja ir vit\u0101li svar\u012bga zemes p\u0101rvieto\u0161anas darbos, kur nepiecie\u0161ama kontrol\u0113ta rak\u0161ana, lai sasniegtu v\u0113lam\u0101s objekta specifik\u0101cijas.<\/p>\n<h3>Iekr\u0101v\u0113ji<\/h3>\n<p>Front\u0101lajos iekr\u0101v\u0113jos str\u0113les cilindri pal\u012bdz efekt\u012bvi pacelt un izg\u0101zt materi\u0101lus. To uzticam\u0101 darb\u012bba nodro\u0161ina, ka materi\u0101lu apstr\u0101des uzdevumi tiek paveikti \u0101tri, t\u0101d\u0113j\u0101di veicinot kop\u0113jo objekta produktivit\u0101ti.<\/p>\n<h2>Dizaina apsv\u0113rumi<\/h2>\n<h3>Kravnes\u012bba<\/h3>\n<p>Izv\u0113loties str\u0113les cilindru, ir \u013coti svar\u012bgi izprast t\u0101 kravnes\u012bbu. Tam j\u0101sp\u0113j iztur\u0113t maksim\u0101lo svaru, ar kuru tas saskarsies, neapdraudot dro\u0161\u012bbu vai veiktsp\u0113ju. Tas ietver darb\u012bbas laik\u0101 rad\u012bto sp\u0113ku apr\u0113\u0137in\u0101\u0161anu un cilindra specifik\u0101ciju atbilst\u012bbu \u0161\u012bm pras\u012bb\u0101m.<\/p>\n<h3>Bl\u012bv\u0113\u0161anas meh\u0101nismi<\/h3>\n<p>Pareiza bl\u012bv\u0113\u0161ana ir b\u016btiska, lai uztur\u0113tu hidraulisko spiedienu un nov\u0113rstu nopl\u016bdes. Augstas kvalit\u0101tes bl\u012bves, kas izgatavotas no iztur\u012bgiem materi\u0101liem, piem\u0113ram, poliuret\u0101na vai nitrila gumijas, nodro\u0161ina ilgsto\u0161u darb\u012bbu un samazina apkopes nepiecie\u0161am\u012bbu. Konstrukcij\u0101 j\u0101iek\u013cauj funkcijas, kas uzlabo bl\u012bv\u0113juma integrit\u0101ti, lai iztur\u0113tu da\u017e\u0101du spiedienu un apst\u0101k\u013cus.<\/p>\n<h3>Iztur\u012bba<\/h3>\n<p>Iztur\u012bba ir galvenais faktors str\u0113les cilindru konstrukcij\u0101. Tiem j\u0101b\u016bt iztur\u012bgiem pret nodilumu, ko rada past\u0101v\u012bga lieto\u0161ana sare\u017e\u0123\u012btos apst\u0101k\u013cos. Izmantojot materi\u0101lus un p\u0101rkl\u0101jumus, kas uzlabo nodilumiztur\u012bbu un aizsardz\u012bbu pret koroziju, var iev\u0113rojami pagarin\u0101t cilindra kalpo\u0161anas laiku, samazinot d\u012bkst\u0101ves laiku un apkopes izmaksas.<\/p>\n<h3>Dro\u0161\u012bbas funkcijas<\/h3>\n<p>Ir svar\u012bgi iek\u013caut dro\u0161\u012bbas elementus, piem\u0113ram, spiediena samazin\u0101\u0161anas v\u0101rstus un av\u0101rijas aptur\u0113\u0161anas meh\u0101nismus. \u0160ie elementi aizsarg\u0101 operatorus un iek\u0101rtas no iesp\u0113jam\u0101m k\u013c\u016bm\u0113m, nodro\u0161inot dro\u0161u darb\u012bbu pat ekstrem\u0101los apst\u0101k\u013cos.<\/p>\n<h3>Apkopes pieejam\u012bba<\/h3>\n<p>Hidraulisko cilindru kalpo\u0161anas laika pagarin\u0101\u0161anai ir \u013coti svar\u012bgi projekt\u0113t, lai atvieglotu apkopi. J\u0101\u0146em v\u0113r\u0101 deta\u013cu pieejam\u012bba p\u0101rbaudei, e\u013c\u013co\u0161anai un nomai\u0146ai, \u013caujot operatoriem efekt\u012bvi veikt ikdienas apkopi.<\/p>\n<p><img decoding=\"async\" src=\"https:\/\/www.hydraulic-cylinders.net\/wp-content\/uploads\/2025\/04\/songte-oil-pipes-and-spare-parts.webp\" alt=\"Hidraulisk\u0101 cilindra konstrukcijas apsv\u0113rumi\"\/><\/p>\n<h2>Bl\u012bv\u0113\u0161ana un e\u013c\u013co\u0161ana<\/h2>\n<p>Efekt\u012bva bl\u012bv\u0113\u0161ana un e\u013c\u013co\u0161ana ir b\u016btiska hidraulisko cilindru optim\u0101lai darb\u012bbai. Hidraulisk\u0101s integrit\u0101tes uztur\u0113\u0161anai tiek izmantoti da\u017e\u0101di bl\u012bv\u0113jumi, piem\u0113ram, virzu\u013ca bl\u012bv\u0113jumi un stie\u0146a bl\u012bv\u0113jumi. Bl\u012bv\u0113jumi, kas izgatavoti no nodilumiztur\u012bgiem materi\u0101liem, piem\u0113ram, poliuret\u0101na un nitrila gumijas, nodro\u0161ina iztur\u012bbu pat skarbos apst\u0101k\u013cos. Turkl\u0101t cilindra korpuss un v\u012bt\u0146otie gali ir r\u016bp\u012bgi j\u0101apstr\u0101d\u0101, lai uzlabotu nodilumiztur\u012bbu. Regul\u0101ra hidraulisk\u0101s e\u013c\u013cas papildin\u0101\u0161ana ir nepiecie\u0161ama e\u013c\u013co\u0161anai, nodro\u0161inot sist\u0113mas nevainojamu darb\u012bbu un samazinot nodiluma risku.<\/p>\n<h2>Prevent\u012bvie apkopes pas\u0101kumi<\/h2>\n<ul>\n<li><strong>Regul\u0101ras p\u0101rbaudes:<\/strong> Veiciet regul\u0101ras p\u0101rbaudes, lai noteiktu nodiluma, nopl\u016b\u017eu vai boj\u0101jumu paz\u012bmes. \u0160\u012b proakt\u012bv\u0101 pieeja pal\u012bdz laikus atkl\u0101t potenci\u0101las probl\u0113mas un nov\u0113r\u0161 pla\u0161\u0101kus remontdarbus.<\/li>\n<li><strong>E\u013c\u013co\u0161ana:<\/strong> P\u0101rliecinieties, vai visas kust\u012bg\u0101s da\u013cas ir pien\u0101c\u012bgi iee\u013c\u013cotas, lai samazin\u0101tu berzi un nodilumu. Pareiza hidraulisk\u0101s e\u013c\u013cas veida izmanto\u0161ana ir \u013coti svar\u012bga optim\u0101lai veiktsp\u0113jai.<\/li>\n<li><strong>Bl\u012bvju nomai\u0146a:<\/strong> Regul\u0101ri p\u0101rbaudiet bl\u012bv\u0113jumu nodilumu un nomainiet tos p\u0113c nepiecie\u0161am\u012bbas, lai saglab\u0101tu hidraulisko integrit\u0101ti un nov\u0113rstu nopl\u016bdes.<\/li>\n<\/ul>\n<h2>Uzst\u0101d\u012b\u0161anas vadl\u012bnijas<\/h2>\n<p>Pareiza str\u0113les cilindra uzst\u0101d\u012b\u0161ana ir \u013coti svar\u012bga t\u0101 veiktsp\u0113jai un ilgm\u016b\u017e\u012bbai. Vispirms p\u0101rliecinieties, vai mont\u0101\u017eas virsmas ir t\u012bras, bez gru\u017eiem un pareizi izl\u012bdzin\u0101tas. Izmantojiet atbilsto\u0161us mont\u0101\u017eas kron\u0161teinus, lai dro\u0161i nostiprin\u0101tu cilindru viet\u0101, nov\u0113r\u0161ot nepareizu izl\u012bdzin\u0101\u0161anu darb\u012bbas laik\u0101. Ir \u013coti svar\u012bgi izl\u012bdzin\u0101t cilindru, lai izvair\u012btos no p\u0101rm\u0113r\u012bga sprieguma uz bl\u012bv\u0113m un stiprin\u0101juma punktiem. P\u0113c uzst\u0101d\u012b\u0161anas p\u0101rbaudiet, vai hidrauliskie savienojumi ir cie\u0161i un bez nopl\u016bd\u0113m. P\u0113c uzst\u0101d\u012b\u0161anas veiciet testa darb\u012bbu, lai p\u0101rliecin\u0101tos, ka cilindrs darbojas nevainojami un efekt\u012bvi.<\/p>\n<h2>Apkopes uzdevumi<\/h2>\n<ul>\n<li><strong>Regul\u0101ras p\u0101rbaudes:<\/strong> Regul\u0101ras nopl\u016b\u017eu un nodiluma p\u0101rbaudes var pal\u012bdz\u0113t identific\u0113t probl\u0113mas, pirms t\u0101s k\u013c\u016bst par nopietn\u0101m probl\u0113m\u0101m. Pareizi p\u0101rbaudes protokoli var nodro\u0161in\u0101t ilgtermi\u0146a uzticam\u012bbu.<\/li>\n<li><strong>Piem\u0113rota e\u013c\u013co\u0161ana:<\/strong> Pareizu e\u013c\u013co\u0161anas meto\u017eu izmanto\u0161ana pagarina hidraulisk\u0101s sist\u0113mas kalpo\u0161anas laiku, nodro\u0161inot vienm\u0113r\u012bgu darb\u012bbu un samazinot atteices iesp\u0113jam\u012bbu.<\/li>\n<li><strong>Bl\u012bvju nomai\u0146a un kalibr\u0113\u0161anas p\u0101rbaudes:<\/strong> Nodilu\u0161o bl\u012bv\u0113jumu nomai\u0146a un kalibr\u0113\u0161anas p\u0101rbau\u017eu veik\u0161ana var uztur\u0113t cilindra darb\u012bbas efektivit\u0101ti un dro\u0161\u012bbu.<\/li>\n<\/ul>\n<h2>Dro\u0161\u012bbas apsv\u0113rumi un vides faktori<\/h2>\n<p>Dro\u0161\u012bbas nodro\u0161in\u0101\u0161ana, lietojot hidrauliskos cilindrus, ir kritiski svar\u012bga. Operatoriem j\u0101b\u016bt apm\u0101c\u012btiem par pareizu lieto\u0161anu un dro\u0161\u012bbas protokoliem, lai nov\u0113rstu negad\u012bjumus. Turkl\u0101t operatoriem j\u0101apzin\u0101s vides faktori, kas var ietekm\u0113t cilindra darb\u012bbu, piem\u0113ram, ekstrem\u0101las temperat\u016bras vai saskare ar kod\u012bg\u0101m viel\u0101m. Iek\u0101rtu un person\u0101la aizsardz\u012bbas pas\u0101kumu ievie\u0161ana var uzlabot visp\u0101r\u0113jo dro\u0161\u012bbu darba viet\u0101.<\/p>\n<h2>Probl\u0113mu nov\u0113r\u0161ana un bie\u017ei sastopamas probl\u0113mas<\/h2>\n<ul>\n<li><strong>Nopl\u016bde:<\/strong> Nosakiet nopl\u016bdes avotu, kas var b\u016bt saist\u012bts ar nodilu\u0161iem bl\u012bv\u0113jumiem vai boj\u0101tiem savienojumiem. Nekav\u0113joties nomainiet bl\u012bves un p\u0101rbaudiet, vai nav nob\u012bdes, kas var\u0113tu rad\u012bt slodzi sist\u0113mai.<\/li>\n<li><strong>L\u0113na darb\u012bba:<\/strong> Ja hidrauliskais cilindrs rea\u0123\u0113 l\u0113ni, p\u0101rbaudiet, vai sist\u0113m\u0101 nav zems hidraulisk\u0101 \u0161\u0137idruma l\u012bmenis vai gaiss. Sist\u0113mas atgaiso\u0161ana vai \u0161\u0137idruma l\u012bme\u0146a papildin\u0101\u0161ana var atrisin\u0101t \u0161\u012bs probl\u0113mas.<\/li>\n<li><strong>Nevienm\u0113r\u012bga kust\u012bba:<\/strong> Tas var notikt hidraulisk\u0101 nel\u012bdzsvarot\u012bbas d\u0113\u013c. P\u0101rbaudiet, vai hidrauliskaj\u0101s l\u012bnij\u0101s nav aizsprostojumu vai boj\u0101jumu, un p\u0101rliecinieties, vai vis\u0101 sist\u0113m\u0101 tiek uztur\u0113ts vien\u0101ds spiediens.<\/li>\n<\/ul>\n<p>Prevent\u012bvu pas\u0101kumu, piem\u0113ram, regul\u0101ras apkopes un p\u0101rbau\u017eu, ievie\u0161ana var samazin\u0101t iesp\u0113jam\u0101s probl\u0113mas un veicin\u0101t str\u0113les cilindra ilg\u0101ku kalpo\u0161anas laiku.<\/p>\n<p><img decoding=\"async\" src=\"https:\/\/www.hydraulic-cylinders.net\/wp-content\/uploads\/2025\/04\/songte-bushings-with-all-kinds-of-excavator-models.webp\" alt=\"Hidraulisko cilindru probl\u0113mu nov\u0113r\u0161ana\"\/><\/p>\n<h2>Par m\u016bsu uz\u0146\u0113mumu<\/h2>\n<p>M\u0113s esam vado\u0161ais rezerves hidraulisko cilindru ra\u017eot\u0101js, kas pied\u0101v\u0101 pla\u0161u produktu kl\u0101stu gan viet\u0113j\u0101, gan starptautiskaj\u0101 tirg\u016b. M\u016bsu ap\u0146em\u0161anos nodro\u0161in\u0101t kvalit\u0101ti nodro\u0161ina r\u016bp\u012bgs ra\u017eo\u0161anas process, izmantojot progres\u012bvas tehnolo\u0123ijas un pieredzi hidraulisko sist\u0113mu jom\u0101. Koncentr\u0113joties uz augstu efektivit\u0101ti, precizit\u0101ti un kvalit\u0101ti, m\u0113s apmierin\u0101m da\u017e\u0101das klientu vajadz\u012bbas un nep\u0101rtraukti uzlabojam savas ra\u017eo\u0161anas iesp\u0113jas.<\/p>\n<p>M\u016bsu pieredze aptver starptautiskus sertifik\u0101tus, piel\u0101gotus pakalpojumus atbilsto\u0161i konkr\u0113t\u0101m pras\u012bb\u0101m, modern\u0101k\u0101s ra\u017eo\u0161anas iek\u0101rtas un lielisku p\u0113cp\u0101rdo\u0161anas atbalstu. M\u0113s priorit\u0101ri r\u016bp\u0113jamies par klientu apmierin\u0101t\u012bbu, nodro\u0161inot uzticamus produktus un risin\u0101jumus, kas uzlabo hidraulisko sist\u0113mu veiktsp\u0113ju.<\/p>\n<p><img decoding=\"async\" src=\"https:\/\/www.hydraulic-cylinders.net\/wp-content\/uploads\/2025\/04\/songte-company-4.webp\" alt=\"Uz\u0146\u0113muma p\u0101rskats\"\/><br \/>\n<img decoding=\"async\" src=\"https:\/\/www.hydraulic-cylinders.net\/wp-content\/uploads\/2025\/04\/songte-company-3.webp\" alt=\"Ra\u017eo\u0161anas process\"\/><\/p>\n<p>Autors: lil<\/p>","protected":false},"excerpt":{"rendered":"<p>Boom Cylinder For Volvo Wheel Excavator EW145BP Product Overview The Boom Cylinder for Volvo Wheel Excavator EW145BP is a crucial hydraulic component designed to control the movement of the excavator&#8217;s boom. This hydraulic cylinder is engineered to provide the necessary force to lift, lower, and tilt the boom, facilitating efficient material handling tasks. In heavy [&hellip;]<\/p>","protected":false},"featured_media":17880,"comment_status":"open","ping_status":"closed","template":"","meta":{"_et_pb_use_builder":"","_et_pb_old_content":"","_et_gb_content_width":""},"product_brand":[],"product_cat":[1546],"product_tag":[1547,1496],"class_list":{"0":"post-19134","1":"product","2":"type-product","3":"status-publish","4":"has-post-thumbnail","6":"product_cat-boom-cylinders","7":"product_tag-boom-cylinders","8":"product_tag-hydraulic-cylinders","10":"first","11":"instock","12":"shipping-taxable","13":"product-type-simple"},"amp_enabled":true,"_links":{"self":[{"href":"https:\/\/www.hydraulic-cylinders.net\/lv\/wp-json\/wp\/v2\/product\/19134","targetHints":{"allow":["GET"]}}],"collection":[{"href":"https:\/\/www.hydraulic-cylinders.net\/lv\/wp-json\/wp\/v2\/product"}],"about":[{"href":"https:\/\/www.hydraulic-cylinders.net\/lv\/wp-json\/wp\/v2\/types\/product"}],"replies":[{"embeddable":true,"href":"https:\/\/www.hydraulic-cylinders.net\/lv\/wp-json\/wp\/v2\/comments?post=19134"}],"wp:featuredmedia":[{"embeddable":true,"href":"https:\/\/www.hydraulic-cylinders.net\/lv\/wp-json\/wp\/v2\/media\/17880"}],"wp:attachment":[{"href":"https:\/\/www.hydraulic-cylinders.net\/lv\/wp-json\/wp\/v2\/media?parent=19134"}],"wp:term":[{"taxonomy":"product_brand","embeddable":true,"href":"https:\/\/www.hydraulic-cylinders.net\/lv\/wp-json\/wp\/v2\/product_brand?post=19134"},{"taxonomy":"product_cat","embeddable":true,"href":"https:\/\/www.hydraulic-cylinders.net\/lv\/wp-json\/wp\/v2\/product_cat?post=19134"},{"taxonomy":"product_tag","embeddable":true,"href":"https:\/\/www.hydraulic-cylinders.net\/lv\/wp-json\/wp\/v2\/product_tag?post=19134"}],"curies":[{"name":"wp","href":"https:\/\/api.w.org\/{rel}","templated":true}]}}