{"id":19135,"date":"2025-04-07T06:14:33","date_gmt":"2025-04-07T06:14:33","guid":{"rendered":"https:\/\/www.hydraulic-cylinders.net\/product\/boom-cylinder-for-volvo-wheel-excavator-ew205d\/"},"modified":"2025-04-07T06:14:35","modified_gmt":"2025-04-07T06:14:35","slug":"boom-cylinder-for-volvo-wheel-excavator-ew205d","status":"publish","type":"product","link":"https:\/\/www.hydraulic-cylinders.net\/lv\/products\/boom-cylinder-for-volvo-wheel-excavator-ew205d\/","title":{"rendered":"Volvo rite\u0146u ekskavatora EW205D str\u0113les cilindrs"},"content":{"rendered":"<h1>Volvo rite\u0146u ekskavatora EW205D str\u0113les cilindrs<\/h1>\n<h2>Produkta p\u0101rskats<\/h2>\n<p>Str\u0113les cilindrs ir b\u016btiska hidraulisko sist\u0113mu sast\u0101vda\u013ca smago ma\u0161\u012bnu, piem\u0113ram, ekskavatoru, univers\u0101lo iekr\u0101v\u0113ju un front\u0101lo iekr\u0101v\u0113ju, ma\u0161\u012bn\u0101s. Tas ir \u012bpa\u0161i izstr\u0101d\u0101ts, lai kontrol\u0113tu kausa kust\u012bbu, \u013caujot tam efekt\u012bvi pacelt, nolaist un sasv\u0113rt materi\u0101lu apstr\u0101des uzdevumu laik\u0101. Str\u0113les cilindram ir iz\u0161\u0137iro\u0161a noz\u012bme ma\u0161\u012bnas visp\u0101r\u0113j\u0101 darb\u012bb\u0101, \u013caujot operatoriem prec\u012bzi un viegli veikt da\u017e\u0101dus uzdevumus, piem\u0113ram, rak\u0161anu, cel\u0161anu un materi\u0101lu transport\u0113\u0161anu.<\/p>\n<p><img decoding=\"async\" src=\"https:\/\/www.hydraulic-cylinders.net\/wp-content\/uploads\/2025\/04\/songte-company-1.webp\" alt=\"Str\u0113les cilindrs Volvo EW205D\" \/><\/p>\n<h3>Defin\u012bcija un funkcionalit\u0101te<\/h3>\n<p>Kausa cilindrs ir hidraulisk\u0101 cilindra veids, kas darbojas, izmantojot hidraulisko \u0161\u0137idrumu sp\u0113ka \u0123ener\u0113\u0161anai. \u0160is sp\u0113ks tiek izmantots meh\u0101niska darba veik\u0161anai, \u013caujot ma\u0161\u012bnas kausam saskarties ar p\u0101rvietojamo materi\u0101lu. Hidraulisk\u0101 sist\u0113ma nodro\u0161ina, ka kauss var kust\u0113ties vienm\u0113r\u012bgi un \u0101tri rea\u0123\u0113t uz operatora komand\u0101m, padarot to neaizst\u0101jamu da\u017e\u0101dos lieljaudas pielietojumos.<\/p>\n<h2>Str\u0113les cilindra galven\u0101s iez\u012bmes<\/h2>\n<ul>\n<li><strong>Augsta iztur\u012bba un ilgm\u016b\u017e\u012bba:<\/strong> Izgatavots no augstas stipr\u012bbas t\u0113rauda vai alum\u012bnija, str\u0113les cilindrs ir paredz\u0113ts augsta spiediena un lielu kravu iztur\u0113\u0161anai, padarot to piem\u0113rotu skarbajiem darba apst\u0101k\u013ciem.<\/li>\n<li><strong>Efekt\u012bva hidraulisk\u0101 darb\u012bba:<\/strong> Cilindrs darbojas, izmantojot hidraulisk\u0101s e\u013c\u013cas spiedienu, lai nodro\u0161in\u0101tu vienm\u0113r\u012bgu izstiep\u0161anu un ievilk\u0161anu, radot sp\u0113c\u012bgu stum\u0161anas un vilk\u0161anas sp\u0113ku, kas nepiecie\u0161ams sare\u017e\u0123\u012btu uzdevumu veik\u0161anai.<\/li>\n<li><strong>Veidu da\u017e\u0101d\u012bba:<\/strong> Pieejami vienk\u0101r\u0161\u0101s darb\u012bbas (hidraulisk\u0101 darb\u012bba vien\u0101 virzien\u0101) vai divk\u0101r\u0161\u0101s darb\u012bbas (hidraulisk\u0101 darb\u012bba abos virzienos) konfigur\u0101cij\u0101s, da\u017ei mode\u013ci ir teleskopiski, kas \u013cauj pan\u0101kt liel\u0101ku pagarin\u0101jumu, nepalielinot \u0101r\u0113jos izm\u0113rus.<\/li>\n<li><strong>Piel\u0101gojamas opcijas:<\/strong> Str\u0113les cilindru var piel\u0101got konkr\u0113t\u0101m ekspluat\u0101cijas vajadz\u012bb\u0101m, nodro\u0161inot, ka tas neman\u0101mi integr\u0113jas ar da\u017e\u0101da veida tehniku.<\/li>\n<li><strong>Korozijas iztur\u012bba:<\/strong> Str\u0113les cilindra materi\u0101li, kas izstr\u0101d\u0101ti, \u0146emot v\u0113r\u0101 nodilumiztur\u012bbu, bie\u017ei tiek apstr\u0101d\u0101ti, lai iztur\u0113tu pret koroziju, t\u0101d\u0113j\u0101di pagarinot t\u0101 kalpo\u0161anas laiku.<\/li>\n<\/ul>\n<h2>Ra\u017eo\u0161anas iesp\u0113jas<\/h2>\n<p>M\u0113s specializ\u0113jamies str\u0113les cilindru ra\u017eo\u0161an\u0101, nodro\u0161inot, ka m\u016bsu produkti ir perfekta eso\u0161o hidraulisko cilindru nomai\u0146a. M\u016bsu ra\u017eo\u0161anas process atbilst stingriem kvalit\u0101tes standartiem, lai garant\u0113tu uzticam\u012bbu un veiktsp\u0113ju.<\/p>\n<p><img decoding=\"async\" src=\"https:\/\/www.hydraulic-cylinders.net\/wp-content\/uploads\/2025\/04\/songte-cylinder-head-with-all-kinds-excavator-models.webp\" alt=\"Ekskavatora cilindru mode\u013ci\" \/><\/p>\n<h2>Str\u0113les cilindra pielietojumi<\/h2>\n<ul>\n<li><strong>Celtniec\u012bbas apr\u012bkojums:<\/strong> Ekskavatoros svar\u012bgi str\u0113les cilindri atvieglo t\u0101das svar\u012bgas darb\u012bbas k\u0101 rak\u0161ana, iekrau\u0161ana un zemes vai gru\u017eu p\u0101rvieto\u0161ana. Ekskavatoros-iekr\u0101v\u0113jos tie pal\u012bdz gan rak\u0161anas, gan cel\u0161anas darbos.<\/li>\n<li><strong>Lauksaimniec\u012bbas tehnika:<\/strong> Front\u0101lajos iekr\u0101v\u0113jos str\u0113les cilindrs \u013cauj operatoriem efekt\u012bvi pacelt, gr\u0101bt un transport\u0113t materi\u0101lus, piem\u0113ram, augsni, sienu un citus beramkravus.<\/li>\n<li><strong>Ekskavatori:<\/strong> Str\u0113les cilindrs \u013cauj kausam iek\u013c\u016bt zem\u0113, atvieglojot efekt\u012bvas rak\u0161anas darb\u012bbas, padarot to par galveno sast\u0101vda\u013cu rak\u0161anas darbos.<\/li>\n<li><strong>Iekr\u0101v\u0113ji:<\/strong> Front\u0101lajos iekr\u0101v\u0113jos str\u0113les cilindri pal\u012bdz pacelt un izg\u0101zt kravas, uzlabojot materi\u0101lu apstr\u0101des oper\u0101ciju kop\u0113jo efektivit\u0101ti.<\/li>\n<\/ul>\n<h2>Dizaina apsv\u0113rumi<\/h2>\n<ul>\n<li><strong>Kravnes\u012bba:<\/strong> Str\u0113les cilindram j\u0101b\u016bt projekt\u0113tam t\u0101, lai tas iztur\u0113tu maksim\u0101lo slodzi, kas paredzama ekspluat\u0101cijas laik\u0101. Tas ietver r\u016bp\u012bgu izmantoto materi\u0101lu apr\u0113\u0137inu un konstrukcijas struktur\u0101lo integrit\u0101ti.<\/li>\n<li><strong>Bl\u012bv\u0113juma veiktsp\u0113ja:<\/strong> Efekt\u012bva bl\u012bv\u0113\u0161ana ir \u013coti svar\u012bga, lai nov\u0113rstu hidraulisk\u0101 \u0161\u0137idruma nopl\u016bdi. Lai nodro\u0161in\u0101tu ilgm\u016b\u017e\u012bbu un uzticam\u012bbu, samazinot apkopes probl\u0113mu risku, j\u0101izmanto augstas kvalit\u0101tes bl\u012bves.<\/li>\n<li><strong>Iztur\u012bba:<\/strong> Projekt\u0113jum\u0101 j\u0101iek\u013cauj materi\u0101li un apdares materi\u0101li, kas aizsarg\u0101 pret nodilumu, koroziju un nogurumu, nodro\u0161inot balona efekt\u012bvu darb\u012bbu vis\u0101 t\u0101 kalpo\u0161anas laik\u0101.<\/li>\n<li><strong>Dro\u0161\u012bbas funkcijas:<\/strong> Ir svar\u012bgi iek\u013caut dro\u0161\u012bbas meh\u0101nismus, lai nov\u0113rstu k\u013c\u016bmes un negad\u012bjumus ekspluat\u0101cijas laik\u0101, nodro\u0161inot operatoru un apk\u0101rt\u0113j\u0101 person\u0101la dro\u0161\u012bbu.<\/li>\n<li><strong>Apkalpojam\u012bba:<\/strong> Projektam j\u0101nodro\u0161ina \u0113rta piek\u013cuve komponentiem apkopes un remonta veik\u0161anai, samazinot d\u012bkst\u0101ves laiku un palielinot produktivit\u0101ti.<\/li>\n<\/ul>\n<p><img decoding=\"async\" src=\"https:\/\/www.hydraulic-cylinders.net\/wp-content\/uploads\/2025\/04\/songte-oil-pipes-and-spare-parts.webp\" alt=\"Hidraulisk\u0101s sast\u0101vda\u013cas\" \/><\/p>\n<h2>Bl\u012bv\u0113\u0161ana un e\u013c\u013co\u0161ana<\/h2>\n<p>Da\u017e\u0101du bl\u012bv\u0113\u0161anas elementu, piem\u0113ram, virzu\u013ca bl\u012bv\u0113jumu un stie\u0146a bl\u012bv\u0113jumu, izmanto\u0161ana ir b\u016btiska str\u0113les cilindra efekt\u012bvai darb\u012bbai. Bl\u012bv\u0113jumi, kas izgatavoti no iztur\u012bgiem materi\u0101liem, piem\u0113ram, poliuret\u0101na un nitrila gumijas, nodro\u0161ina ilgsto\u0161u darb\u012bbu. Turkl\u0101t cilindra korpuss un v\u012bt\u0146otie gali ir r\u016bp\u012bgi j\u0101apstr\u0101d\u0101, lai uzlabotu nodilumiztur\u012bbu. Lai nodro\u0161in\u0101tu vienm\u0113r\u012bgu darb\u012bbu un nov\u0113rstu boj\u0101jumus, ir nepiecie\u0161ama ar\u012b regul\u0101ra e\u013c\u013co\u0161ana ar hidraulisko e\u013c\u013cu.<\/p>\n<h2>Prevent\u012bvie apkopes pas\u0101kumi<\/h2>\n<ul>\n<li><strong>Regul\u0101ras p\u0101rbaudes:<\/strong> Regul\u0101ri p\u0101rbaudiet, vai nav nodiluma vai boj\u0101jumu paz\u012bmju. Probl\u0113mu agr\u012bna atkl\u0101\u0161ana var nov\u0113rst nopietn\u0101kas probl\u0113mas n\u0101kotn\u0113.<\/li>\n<li><strong>Pareiza e\u013c\u013co\u0161ana:<\/strong> Nodro\u0161iniet regul\u0101ru hidraulisk\u0101s e\u013c\u013cas papildin\u0101\u0161anu, lai uztur\u0113tu optim\u0101lu veiktsp\u0113ju un nov\u0113rstu kust\u012bgo da\u013cu p\u0101rm\u0113r\u012bgu nodilumu.<\/li>\n<li><strong>Bl\u012bv\u0113juma nomai\u0146a:<\/strong> Uzraugiet bl\u012bv\u0113jumu st\u0101vokli un nomainiet tos p\u0113c nepiecie\u0161am\u012bbas, lai nov\u0113rstu nopl\u016bdes un uztur\u0113tu hidraulisko spiedienu.<\/li>\n<\/ul>\n<h2>Uzst\u0101d\u012b\u0161anas vadl\u012bnijas<\/h2>\n<p>Pareiza str\u0113les cilindra uzst\u0101d\u012b\u0161ana ir \u013coti svar\u012bga optim\u0101lai darb\u012bbai. Vispirms p\u0101rliecinieties, vai cilindrs ir pareizi izl\u012bdzin\u0101ts ar stiprin\u0101juma punktiem. Izmantojiet atbilsto\u0161us stiprin\u0101juma kron\u0161teinus, lai nostiprin\u0101tu cilindru viet\u0101, nodro\u0161inot elast\u012bbu un kust\u012bbu bez liekas slodzes. Iev\u0113rojiet ra\u017eot\u0101ja specifik\u0101cijas hidraulisko l\u012bniju pievieno\u0161anai, p\u0101rliecinoties, ka nav loc\u012bjumu vai \u0161\u0137\u0113r\u0161\u013cu. P\u0113c uzst\u0101d\u012b\u0161anas p\u0101rbaudiet, vai sist\u0113m\u0101 nav nopl\u016b\u017eu, un veiciet funkcion\u0101lo p\u0101rbaudi, lai p\u0101rliecin\u0101tos, ka viss darbojas nevainojami.<\/p>\n<h2>Apkopes uzdevumi<\/h2>\n<ul>\n<li><strong>Regul\u0101ras p\u0101rbaudes:<\/strong> Iepl\u0101nojiet regul\u0101ras p\u0101rbaudes, lai nov\u0113rt\u0113tu balona un apk\u0101rt\u0113jo komponentu st\u0101vokli, mekl\u0113jot nodiluma vai boj\u0101jumu paz\u012bmes.<\/li>\n<li><strong>Pareiza e\u013c\u013co\u0161ana:<\/strong> Uztur\u0113t atbilsto\u0161u hidraulisk\u0101s e\u013c\u013cas l\u012bmeni, lai nodro\u0161in\u0101tu vienm\u0113r\u012bgu darb\u012bbu un samazin\u0101tu berzi starp kust\u012bgaj\u0101m da\u013c\u0101m.<\/li>\n<li><strong>Bl\u012bv\u0113juma nomai\u0146a un kalibr\u0113\u0161ana:<\/strong> Nekav\u0113joties nomainiet nolietot\u0101s bl\u012bves un kalibr\u0113jiet hidraulisko sist\u0113mu p\u0113c nepiecie\u0161am\u012bbas, lai nodro\u0161in\u0101tu nemain\u012bgu veiktsp\u0113ju un nov\u0113rstu nopl\u016bdes.<\/li>\n<\/ul>\n<h2>Dro\u0161\u012bbas apsv\u0113rumi un vides faktori<\/h2>\n<p>Str\u0101d\u0101jot ar smago tehniku, dro\u0161\u012bbas pas\u0101kumi ir \u0101rk\u0101rt\u012bgi svar\u012bgi. Operatoriem vienm\u0113r j\u0101valk\u0101 atbilsto\u0161s dro\u0161\u012bbas apr\u012bkojums un j\u0101iev\u0113ro atbilsto\u0161i ekspluat\u0101cijas protokoli, lai samazin\u0101tu riskus. Turkl\u0101t j\u0101iev\u0113ro vides apsv\u0113rumi, piem\u0113ram, hidraulisk\u0101 \u0161\u0137idruma nopl\u016b\u017eu p\u0101rvald\u012bba un pareizas atkritumu utiliz\u0101cijas metodes, lai aizsarg\u0101tu apk\u0101rt\u0113jo vidi un iev\u0113rotu noteikumus.<\/p>\n<h2>Bie\u017ei sastopamo probl\u0113mu nov\u0113r\u0161ana<\/h2>\n<ul>\n<li><strong>Spiediena zudums:<\/strong> Tas var liecin\u0101t par nopl\u016bdi hidrauliskaj\u0101 sist\u0113m\u0101. P\u0101rbaudiet visus savienojumus un bl\u012bves, vai nav \u0161\u0137idruma zuduma paz\u012bmju.<\/li>\n<li><strong>Neefekt\u012bva kust\u012bba:<\/strong> Ja cilindrs neizvirz\u0101s vai neievelkas vienm\u0113r\u012bgi, p\u0101rbaudiet, vai hidrauliskaj\u0101 \u0161\u0137idrum\u0101 nav aizsprostojumu vai pies\u0101r\u0146ojuma.<\/li>\n<li><strong>Neparastas ska\u0146as:<\/strong> Sl\u012bp\u0113\u0161anas vai klab\u0113\u0161anas ska\u0146as darb\u012bbas laik\u0101 var liecin\u0101t par meh\u0101nisku k\u013c\u016bmi vai nepietiekamu e\u013c\u013co\u0161anu.<\/li>\n<\/ul>\n<h2>Probl\u0113mu risin\u0101\u0161anas padomi<\/h2>\n<p>Lai efekt\u012bvi diagnostic\u0113tu un nov\u0113rstu probl\u0113mas, uzturiet veiktsp\u0113jas un visu darb\u012bbas laik\u0101 nov\u0113roto neatbilst\u012bbu \u017eurn\u0101lu. Regul\u0101ra apkope var nov\u0113rst potenci\u0101las probl\u0113mas, piem\u0113ram, nomainot bl\u012bves, pirms t\u0101s saboj\u0101jas, vai nodro\u0161inot atbilsto\u0161u hidraulisk\u0101 \u0161\u0137idruma l\u012bmeni. Operatoru mudin\u0101\u0161ana nekav\u0113joties zi\u0146ot par jebk\u0101du neparastu darb\u012bbu var ar\u012b pal\u012bdz\u0113t saglab\u0101t str\u0113les cilindra ilgm\u016b\u017e\u012bbu un efektivit\u0101ti.<\/p>\n<p><img decoding=\"async\" src=\"https:\/\/www.hydraulic-cylinders.net\/wp-content\/uploads\/2025\/04\/songte-bushings-with-all-kinds-of-excavator-models.webp\" alt=\"Ekskavatoru mode\u013cu bukses\" \/><\/p>\n<h2>Uz\u0146\u0113muma p\u0101rskats<\/h2>\n<p>M\u0113s esam vado\u0161ais hidraulisko cilindru ra\u017eot\u0101js, kas specializ\u0113jas augstas kvalit\u0101tes da\u017e\u0101du ma\u0161\u012bnu rezerves da\u013cu nodro\u0161in\u0101\u0161an\u0101. M\u016bsu pla\u0161ais produktu kl\u0101sts ir pozicion\u0113jis m\u016bs k\u0101 vado\u0161o vairumtirgot\u0101ju gan viet\u0113j\u0101, gan starptautiskaj\u0101 tirg\u016b. M\u0113s priorit\u0101ri izvirz\u0101m izcil\u012bbu kvalit\u0101t\u0113, izmantojot izsmalcin\u0101tas ra\u017eo\u0161anas strat\u0113\u0123ijas, kas ietver progres\u012bvas tehnolo\u0123ijas un kvalific\u0113tu person\u0101lu. M\u016bsu ap\u0146em\u0161an\u0101s ieviest inov\u0101cijas nodro\u0161ina, ka m\u0113s efekt\u012bvi un lietder\u012bgi apmierin\u0101m m\u016bsu klientu da\u017e\u0101d\u0101s vajadz\u012bbas.<\/p>\n<p><img decoding=\"async\" src=\"https:\/\/www.hydraulic-cylinders.net\/wp-content\/uploads\/2025\/04\/songte-company-4.webp\" alt=\"Uz\u0146\u0113muma ra\u017eo\u0161ana\" \/><br \/>\n<img decoding=\"async\" src=\"https:\/\/www.hydraulic-cylinders.net\/wp-content\/uploads\/2025\/04\/songte-company-3.webp\" alt=\"Hidraulisko cilindru ra\u017eo\u0161ana\" \/><\/p>\n<p>M\u016bsu pieredze sniedzas t\u0101l\u0101k par ra\u017eo\u0161anu, ietverot profesion\u0101lu sertifik\u0101ciju, piel\u0101gotus pakalpojumus un stabilu p\u0113cp\u0101rdo\u0161anas atbalstu, nodro\u0161inot, ka m\u016bsu klienti sa\u0146em ne tikai augst\u0101k\u0101s kvalit\u0101tes produktus, bet ar\u012b izcilu apkalpo\u0161anu visas pieredzes laik\u0101.<\/p>\n<p>Autors: lil<\/p>","protected":false},"excerpt":{"rendered":"<p>Boom Cylinder For Volvo Wheel Excavator EW205D Product Overview The boom cylinder is an essential component of hydraulic systems in heavy machinery such as excavators, backhoe loaders, and front loaders. It is specifically designed to control the movement of the bucket, enabling it to lift, lower, and tilt efficiently during material handling tasks. The boom [&hellip;]<\/p>","protected":false},"featured_media":17881,"comment_status":"open","ping_status":"closed","template":"","meta":{"_et_pb_use_builder":"","_et_pb_old_content":"","_et_gb_content_width":""},"product_brand":[],"product_cat":[1546],"product_tag":[1547,1496],"class_list":{"0":"post-19135","1":"product","2":"type-product","3":"status-publish","4":"has-post-thumbnail","6":"product_cat-boom-cylinders","7":"product_tag-boom-cylinders","8":"product_tag-hydraulic-cylinders","10":"first","11":"instock","12":"shipping-taxable","13":"product-type-simple"},"amp_enabled":true,"_links":{"self":[{"href":"https:\/\/www.hydraulic-cylinders.net\/lv\/wp-json\/wp\/v2\/product\/19135","targetHints":{"allow":["GET"]}}],"collection":[{"href":"https:\/\/www.hydraulic-cylinders.net\/lv\/wp-json\/wp\/v2\/product"}],"about":[{"href":"https:\/\/www.hydraulic-cylinders.net\/lv\/wp-json\/wp\/v2\/types\/product"}],"replies":[{"embeddable":true,"href":"https:\/\/www.hydraulic-cylinders.net\/lv\/wp-json\/wp\/v2\/comments?post=19135"}],"wp:featuredmedia":[{"embeddable":true,"href":"https:\/\/www.hydraulic-cylinders.net\/lv\/wp-json\/wp\/v2\/media\/17881"}],"wp:attachment":[{"href":"https:\/\/www.hydraulic-cylinders.net\/lv\/wp-json\/wp\/v2\/media?parent=19135"}],"wp:term":[{"taxonomy":"product_brand","embeddable":true,"href":"https:\/\/www.hydraulic-cylinders.net\/lv\/wp-json\/wp\/v2\/product_brand?post=19135"},{"taxonomy":"product_cat","embeddable":true,"href":"https:\/\/www.hydraulic-cylinders.net\/lv\/wp-json\/wp\/v2\/product_cat?post=19135"},{"taxonomy":"product_tag","embeddable":true,"href":"https:\/\/www.hydraulic-cylinders.net\/lv\/wp-json\/wp\/v2\/product_tag?post=19135"}],"curies":[{"name":"wp","href":"https:\/\/api.w.org\/{rel}","templated":true}]}}