{"id":19138,"date":"2025-04-07T06:14:41","date_gmt":"2025-04-07T06:14:41","guid":{"rendered":"https:\/\/www.hydraulic-cylinders.net\/product\/boom-cylinder-for-sany-small-excavator-sy65-9\/"},"modified":"2025-04-07T06:14:43","modified_gmt":"2025-04-07T06:14:43","slug":"boom-cylinder-for-sany-small-excavator-sy65-9","status":"publish","type":"product","link":"https:\/\/www.hydraulic-cylinders.net\/lv\/products\/boom-cylinder-for-sany-small-excavator-sy65-9\/","title":{"rendered":"Sany maz\u0101 ekskavatora SY65-9 str\u0113les cilindrs"},"content":{"rendered":"<h1>Sany maz\u0101 ekskavatora SY65-9 str\u0113les cilindrs<\/h1>\n<h2>Produkta p\u0101rskats<\/h2>\n<p>Sany maz\u0101 ekskavatora SY65-9 str\u0113les cilindrs ir hidrauliskais cilindrs, kas \u012bpa\u0161i paredz\u0113ts ekskavatora str\u0113les kust\u012bbas vad\u012bbai. \u0160iem cilindriem ir iz\u0161\u0137iro\u0161a noz\u012bme hidrauliskaj\u0101s sist\u0113m\u0101s, nodro\u0161inot nepiecie\u0161amo sp\u0113ku str\u0113les pacel\u0161anai, nolai\u0161anai un noliek\u0161anai. \u0160\u012b sp\u0113ja \u013cauj efekt\u012bvi apstr\u0101d\u0101t materi\u0101lus da\u017e\u0101dos pielietojumos, tostarp b\u016bvniec\u012bbas un rak\u0161anas darbos. Kausa cilindrs ir b\u016btisks smagaj\u0101m ma\u0161\u012bn\u0101m, piem\u0113ram, ekskavatoriem, ekskavatoriem-iekr\u0101v\u0113jiem un front\u0101lajiem iekr\u0101v\u0113jiem. T\u0101 hidraulisk\u0101 konstrukcija nodro\u0161ina vienm\u0113r\u012bgu darb\u012bbu un sp\u0113ju iztur\u0113t augstu spiedienu, padarot to neaizst\u0101jamu lieljaudas uzdevumu veik\u0161an\u0101.<\/p>\n<p><img decoding=\"async\" src=\"https:\/\/www.hydraulic-cylinders.net\/wp-content\/uploads\/2025\/04\/songte-company-1.webp\" alt=\"Ekskavatoru str\u0113les cilindrs\"><\/p>\n<h2>Str\u0113les cilindra galven\u0101s iez\u012bmes<\/h2>\n<ul>\n<li><strong>Augsta iztur\u012bba un ilgm\u016b\u017e\u012bba:<\/strong> \u0160ie cilindri, kas izgatavoti no augstas stipr\u012bbas t\u0113rauda vai alum\u012bnija, var iztur\u0113t augstu spiedienu un lielas slodzes, vienlaikus piel\u0101gojoties skarbajai darba videi. To konstrukcij\u0101 ir \u0146emta v\u0113r\u0101 nodilumiztur\u012bba un aizsardz\u012bba pret koroziju, pagarinot to kalpo\u0161anas laiku.<\/li>\n<li><strong>Efekt\u012bva hidraulisk\u0101 darb\u012bba:<\/strong> Izmantojot hidraulisk\u0101s e\u013c\u013cas spiedienu, str\u0113les cilindrs nodro\u0161ina vienm\u0113r\u012bgu izstiep\u0161anu un ievilk\u0161anu, \u0101tri rea\u0123\u0113jot uz vad\u012bbas komand\u0101m un nodro\u0161inot sp\u0113c\u012bgu stum\u0161anas un vilk\u0161anas sp\u0113ku, kas ir ide\u0101li piem\u0113rots smagu un sare\u017e\u0123\u012btu uzdevumu veik\u0161anai.<\/li>\n<li><strong>Da\u017e\u0101di veidi:<\/strong> Pieejams gan vienas darb\u012bbas (hidrauliska lieto\u0161ana vien\u0101 virzien\u0101), gan divk\u0101r\u0161as darb\u012bbas (hidrauliska lieto\u0161ana abos virzienos) konstrukcij\u0101s, da\u017eiem mode\u013ciem ir teleskopiskas iesp\u0113jas liel\u0101kam pagarin\u0101jumam, nepalielinot \u0101r\u0113jos izm\u0113rus, kas ir piem\u0113rots lietojumiem ar ierobe\u017eotu vietu.<\/li>\n<li><strong>Piel\u0101gota ra\u017eo\u0161ana:<\/strong> M\u0113s varam izgatavot \u0161o produktu, nodro\u0161inot, ka tas perfekti aizst\u0101j eso\u0161os hidrauliskos cilindrus da\u017e\u0101d\u0101s ma\u0161\u012bn\u0101s, uzlabojot sader\u012bbu un veiktsp\u0113ju.<\/li>\n<\/ul>\n<p><img decoding=\"async\" src=\"https:\/\/www.hydraulic-cylinders.net\/wp-content\/uploads\/2025\/04\/songte-cylinder-head-with-all-kinds-excavator-models.webp\" alt=\"Ekskavatora cilindra galva\"><\/p>\n<h2>Lietojumprogrammu scen\u0101riji<\/h2>\n<h3>Celtniec\u012bbas apr\u012bkojums<\/h3>\n<p>Ekskavatoros str\u0113les cilindri ir kritiski svar\u012bgi zemes vai gru\u017eu rak\u0161anai, iekrau\u0161anai un p\u0101rvieto\u0161anai. To sp\u0113ja \u0101tri izstiepties un ievilkties \u013cauj operatoriem efekt\u012bvi veikt uzdevumus bez kav\u0113\u0161an\u0101s. Ekskavatoros-iekr\u0101v\u0113jos \u0161ie cilindri pal\u012bdz ne tikai rak\u0161an\u0101, bet ar\u012b cel\u0161an\u0101, padarot tos par daudzpus\u012bgiem instrumentiem b\u016bvlaukumos.<\/p>\n<h3>Lauksaimniec\u012bbas tehnika<\/h3>\n<p>Front\u0101lajos iekr\u0101v\u0113jos str\u0113les cilindri tiek izmantoti augsnes, siena un citu materi\u0101lu sav\u0101k\u0161anai, cel\u0161anai un transport\u0113\u0161anai. To iztur\u012bg\u0101 konstrukcija un atsauc\u012bg\u0101 darb\u012bba padara tos par neaizst\u0101jamu elementu da\u017e\u0101diem lauksaimniec\u012bbas darbiem, uzlabojot produktivit\u0101ti un efektivit\u0101ti.<\/p>\n<h3>Ekskavatori<\/h3>\n<p>Ekskavatori liel\u0101 m\u0113r\u0101 pa\u013caujas uz str\u0113les cilindriem, lai iek\u013c\u016btu zem\u0113, atvieglojot rak\u0161anas procesu. \u0160o cilindru konstrukcija \u013cauj prec\u012bzi kontrol\u0113t str\u0113les kust\u012bbu, nodro\u0161inot, ka operatori var viegli p\u0101rvietoties pa sare\u017e\u0123\u012btu reljefu.<\/p>\n<h3>Iekr\u0101v\u0113ji<\/h3>\n<p>Front\u0101lajos iekr\u0101v\u0113jos str\u0113les cilindriem ir b\u016btiska loma kravu efekt\u012bv\u0101 cel\u0161an\u0101 un izg\u0101\u0161an\u0101. To sp\u0113ja apstr\u0101d\u0101t iev\u0113rojamu svaru nodro\u0161ina, ka operatori var \u0101tri un efekt\u012bvi veikt iekrau\u0161anas uzdevumus, maksim\u0101li palielinot produktivit\u0101ti darba viet\u0101.<\/p>\n<h2>Dizaina apsv\u0113rumi un atlases krit\u0113riji<\/h2>\n<h3>Kravnes\u012bba<\/h3>\n<p>Izv\u0113loties str\u0113les cilindru, ir \u0101rk\u0101rt\u012bgi svar\u012bgi izprast t\u0101 kravnes\u012bbu. Cilindram j\u0101sp\u0113j iztur\u0113t maksim\u0101lo svaru, kam tas tiks pak\u013cauts ekspluat\u0101cijas laik\u0101. Tas ietver gan statisko, gan dinamisko slod\u017eu nov\u0113rt\u0113\u0161anu, lai nodro\u0161in\u0101tu dro\u0161\u012bbu un uzticam\u012bbu darb\u012bb\u0101. Cilindra p\u0101rslodze var izrais\u012bt boj\u0101jumus, k\u0101 rezult\u0101t\u0101 rodas d\u0101rgas d\u012bkst\u0101ves un remonts.<\/p>\n<h3>Bl\u012bv\u0113\u0161ana<\/h3>\n<p>Bl\u012bv\u0113jums ir \u013coti svar\u012bgs hidraulisko cilindru efekt\u012bvai darb\u012bbai. Augstas kvalit\u0101tes bl\u012bv\u0113jumi nov\u0113r\u0161 hidraulisk\u0101 \u0161\u0137idruma nopl\u016bdi, vienlaikus nodro\u0161inot efekt\u012bvu darb\u012bbu. Izv\u0113loties bl\u012bv\u0113jumus, kas izgatavoti no t\u0101diem materi\u0101liem k\u0101 poliuret\u0101ns un nitrilgumija, tiek uzlabota iztur\u012bba un nodilumiztur\u012bba, t\u0101d\u0113j\u0101di pagarinot cilindra kalpo\u0161anas laiku.<\/p>\n<h3>Iztur\u012bba<\/h3>\n<p>Iztur\u012bba ir galvenais apsv\u0113rums str\u0113les cilindriem, \u012bpa\u0161i \u0146emot v\u0113r\u0101 sare\u017e\u0123\u012bto vidi, kur\u0101 tie darbojas. Izv\u0113loties cilindrus ar aizsargp\u0101rkl\u0101jumiem un iztur\u012bgiem materi\u0101liem, var iev\u0113rojami samazin\u0101t nodilumu un vides kait\u0113jumu, t\u0101d\u0113j\u0101di pagarinot kalpo\u0161anas laiku un samazinot apkopes izmaksas.<\/p>\n<h3>Dro\u0161\u012bba<\/h3>\n<p>Dro\u0161\u012bbas funkcijas ir b\u016btiskas hidraulisko cilindru konstrukcij\u0101. Dro\u0161\u012bbas v\u0101rstu un spiediena samazin\u0101\u0161anas meh\u0101nismu iek\u013cau\u0161ana var nov\u0113rst negad\u012bjumus un traumas darba viet\u0101. Regul\u0101ra \u0161o funkciju nov\u0113rt\u0113\u0161ana apkopes laik\u0101 var nodro\u0161in\u0101t, ka t\u0101s darbojas pareizi, kad tas nepiecie\u0161ams.<\/p>\n<h3>Uzturam\u012bba<\/h3>\n<p>Konstrukcija, kas atvieglo apkopi, ir \u013coti svar\u012bga, lai pagarin\u0101tu str\u0113les cilindru kalpo\u0161anas laiku. T\u0101das funkcijas k\u0101 viegli nomain\u0101mas bl\u012bves un vienk\u0101r\u0161as piek\u013cuves vietas e\u013c\u013co\u0161anai un p\u0101rbaudei var ietaup\u012bt laiku un darbasp\u0113ka izmaksas. Prevent\u012bv\u0101s apkopes grafika ievie\u0161ana var iev\u0113rojami uzlabot cilindra veiktsp\u0113ju un uzticam\u012bbu.<\/p>\n<p><img decoding=\"async\" src=\"https:\/\/www.hydraulic-cylinders.net\/wp-content\/uploads\/2025\/04\/songte-oil-pipes-and-spare-parts.webp\" alt=\"Hidraulisk\u0101s deta\u013cas un piederumi\"><\/p>\n<h2>Bl\u012bv\u0113\u0161ana un e\u013c\u013co\u0161ana<\/h2>\n<p>Pareiza bl\u012bv\u0113\u0161ana un e\u013c\u013co\u0161ana ir \u013coti svar\u012bga str\u0113les cilindru efekt\u012bvai darb\u012bbai. Izmantojot da\u017e\u0101dus bl\u012bv\u0113\u0161anas elementus, piem\u0113ram, virzu\u013ca bl\u012bv\u0113jumus un stie\u0146a bl\u012bv\u0113jumus, tiek nodro\u0161in\u0101ts, ka hidrauliskais \u0161\u0137idrums paliek nosl\u0113gts, nov\u0113r\u0161ot nopl\u016bdes. Materi\u0101li, piem\u0113ram, poliuret\u0101ns un nitrila gumija, ir priek\u0161roka dodama to nodilumiztur\u012bbas d\u0113\u013c. Cilindra korpuss un v\u012bt\u0146ot\u0101s gala virsmas ir r\u016bp\u012bgi j\u0101apstr\u0101d\u0101, lai uzlabotu iztur\u012bbu. Lai uztur\u0113tu optim\u0101lu veiktsp\u0113ju un nov\u0113rstu nodilumu, ir nepiecie\u0161ams ar\u012b regul\u0101ri pievienot atbilsto\u0161u hidraulisk\u0101s e\u013c\u013cas daudzumu e\u013c\u013co\u0161anai.<\/p>\n<h2>Regul\u0101ras p\u0101rbaudes un profilaktisk\u0101s apkopes pas\u0101kumi<\/h2>\n<ul>\n<li><strong>Regul\u0101ras p\u0101rbaudes:<\/strong> Regul\u0101ri p\u0101rbaudiet str\u0113les cilindru, vai nav nodiluma, nopl\u016b\u017eu vai boj\u0101jumu paz\u012bmju. Probl\u0113mu agr\u012bna atkl\u0101\u0161ana var nov\u0113rst d\u0101rgus remontdarbus un pagarin\u0101t cilindra kalpo\u0161anas laiku.<\/li>\n<li><strong>Piem\u0113rota e\u013c\u013co\u0161ana:<\/strong> Lai nodro\u0161in\u0101tu nevainojamu darb\u012bbu, nodro\u0161iniet regul\u0101ru e\u013c\u013co\u0161anu. Izmantojiet ieteicamo hidraulisko e\u013c\u013cu un iev\u0113rojiet ra\u017eot\u0101ja nor\u0101d\u012bjumus par e\u013c\u013co\u0161anas interv\u0101liem.<\/li>\n<li><strong>Bl\u012bv\u0113juma nomai\u0146a:<\/strong> Uzraugiet bl\u012bv\u0113jumu st\u0101vokli un nomainiet tos p\u0113c nepiecie\u0161am\u012bbas, lai nov\u0113rstu nopl\u016bdes un saglab\u0101tu efektivit\u0101ti. Bl\u012bvju nomai\u0146as pl\u0101no\u0161ana regul\u0101ras apkopes laik\u0101 var uzlabot cilindra veiktsp\u0113ju un uzticam\u012bbu.<\/li>\n<\/ul>\n<h2>Uzst\u0101d\u012b\u0161anas vadl\u012bnijas<\/h2>\n<p>Lai pareizi uzst\u0101d\u012btu str\u0113les cilindru, vispirms prec\u012bzi izl\u012bdziniet cilindru ar ekskavatora stiprin\u0101juma punktiem. Izmantojot atbilsto\u0161us stiprin\u0101juma kron\u0161teinus, var nostiprin\u0101t cilindru viet\u0101. Noteikti iev\u0113rojiet ra\u017eot\u0101ja specifik\u0101cijas attiec\u012bb\u0101 uz griezes momenta iestat\u012bjumiem, lai nodro\u0161in\u0101tu cie\u0161u pievilk\u0161anu. P\u0113c novieto\u0161anas p\u0101rbaudiet, vai nav \u0161\u0137\u0113r\u0161\u013cu, kas var\u0113tu trauc\u0113t cilindra kust\u012bbu. P\u0113c uzst\u0101d\u012b\u0161anas ir svar\u012bgi p\u0101rbaud\u012bt cilindra darb\u012bbu dro\u0161os apst\u0101k\u013cos, lai p\u0101rliecin\u0101tos, ka tas darbojas pareizi, pirms s\u0101kat pilnu darb\u012bbu. Vienm\u0113r skatiet tehnisko rokasgr\u0101matu, lai ieg\u016btu konkr\u0113tus nor\u0101d\u012bjumus, kas attiecas uz j\u016bsu modeli.<\/p>\n<h2>Bie\u017ei sastopamie apkopes uzdevumi<\/h2>\n<h3>Regul\u0101ras p\u0101rbaudes<\/h3>\n<p>Regul\u0101ras p\u0101rbaudes ir b\u016btiskas, lai identific\u0113tu iesp\u0113jam\u0101s probl\u0113mas, pirms t\u0101s saasin\u0101s. Darb\u012bbas laik\u0101 mekl\u0113jiet nodiluma paz\u012bmes, \u0161\u0137idruma nopl\u016bdes vai jebk\u0101dus neparastus trok\u0161\u0146us. Detaliz\u0113tu p\u0101rbau\u017eu un visu konstat\u0113to probl\u0113mu uzskaite var pal\u012bdz\u0113t uztur\u0113t balona veiktsp\u0113ju un uzticam\u012bbu.<\/p>\n<h3>Pareiza e\u013c\u013co\u0161ana<\/h3>\n<p>Pareiza e\u013c\u013co\u0161ana ir \u013coti svar\u012bga hidraulisko komponentu ilgm\u016b\u017e\u012bbai. Izmantojiet ra\u017eot\u0101ja ieteikto hidraulisko e\u013c\u013cu un p\u0101rliecinieties, ka t\u0101 tiek uzkl\u0101ta noteiktos interv\u0101los. Regul\u0101ra e\u013c\u013co\u0161ana pal\u012bdz samazin\u0101t berzi starp kust\u012bgaj\u0101m deta\u013c\u0101m un nov\u0113r\u0161 priek\u0161laic\u012bgu nodilumu, nodro\u0161inot vienm\u0113r\u012bgu darb\u012bbu.<\/p>\n<h3>Bl\u012bvju nomai\u0146as un kalibr\u0113\u0161anas p\u0101rbaudes<\/h3>\n<p>Lai uztur\u0113tu hidraulisko integrit\u0101ti, nepiecie\u0161ama periodiska bl\u012bv\u0113jumu nomai\u0146a. Bl\u012bvju nodiluma uzraudz\u012bba un savlaic\u012bga nomai\u0146a var nov\u0113rst d\u0101rgas nopl\u016bdes. Turkl\u0101t kalibr\u0113\u0161anas p\u0101rbau\u017eu veik\u0161ana nodro\u0161ina, ka hidrauliskais cilindrs darbojas atbilsto\u0161i noteiktajiem parametriem, uzlabojot dro\u0161\u012bbu un efektivit\u0101ti.\n<\/p>\n<p><img decoding=\"async\" src=\"https:\/\/www.hydraulic-cylinders.net\/wp-content\/uploads\/2025\/04\/songte-chushion-collar.webp\" alt=\"Spilvenu apkakle ekskavatoriem\"><\/p>\n<h2>Dro\u0161\u012bbas apsv\u0113rumi un vides faktori<\/h2>\n<p>R\u012bkojoties ar hidrauliskajiem cilindriem, ir \u013coti svar\u012bgi ieviest dro\u0161\u012bbas pas\u0101kumus. Operatoriem j\u0101b\u016bt apm\u0101c\u012btiem dro\u0161as r\u012bc\u012bbas proced\u016br\u0101s, lai mazin\u0101tu t\u0101dus riskus k\u0101 \u0161\u0137idruma nopl\u016bdes vai iek\u0101rtu boj\u0101jumi. Turkl\u0101t, izmantojot videi draudz\u012bgus hidrauliskos \u0161\u0137idrumus, var samazin\u0101t ietekmi uz vidi un veicin\u0101t ilgtsp\u0113j\u012bbu darb\u012bb\u0101s.<\/p>\n<h2>Probl\u0113mu nov\u0113r\u0161ana un bie\u017ei sastopamas probl\u0113mas<\/h2>\n<ul>\n<li><strong>\u0160\u0137idruma nopl\u016bdes:<\/strong> Bie\u017eas nopl\u016bdes var rasties nodilu\u0161u bl\u012bv\u0113jumu vai boj\u0101tu savienojumu d\u0113\u013c. Bl\u012bvju p\u0101rbaude un nomai\u0146a bie\u017ei vien var atrisin\u0101t \u0161o probl\u0113mu.<\/li>\n<li><strong>Nekonsekventa veiktsp\u0113ja:<\/strong> Ja str\u0113les cilindrs kustas nevienm\u0113r\u012bgi, p\u0101rbaudiet, vai hidrauliskaj\u0101 sist\u0113m\u0101 nav gaisa nopl\u016b\u017eu. Var b\u016bt nepiecie\u0161ama sist\u0113mas atgaiso\u0161ana.<\/li>\n<li><strong>P\u0101rm\u0113r\u012bgs troksnis:<\/strong> Trok\u0161\u0146aina darb\u012bba var liecin\u0101t par zemu hidraulisk\u0101 \u0161\u0137idruma l\u012bmeni vai iek\u0161\u0113jiem boj\u0101jumiem. Regul\u0101ras apkopes p\u0101rbaudes var pal\u012bdz\u0113t diagnostic\u0113t un nov\u0113rst \u0161\u012bs probl\u0113mas.<\/li>\n<\/ul>\n<h2>Probl\u0113mu nov\u0113r\u0161anas padomi<\/h2>\n<p>Lai efekt\u012bvi diagnostic\u0113tu un risin\u0101tu probl\u0113mas ar str\u0113les cilindru, vispirms ir j\u0101identific\u0113 simptomi un j\u0101p\u0101rbauda, \u200b\u200bvai cilindram nav boj\u0101jumu vai nopl\u016b\u017eu. Regul\u0101ri apkopes protokoli var nov\u0113rst daudzas izplat\u012btas probl\u0113mas, piem\u0113ram, \u0161\u0137idruma nopl\u016bdes un nevienm\u0113r\u012bgu darb\u012bbu. R\u016bp\u012bga hidraulisk\u0101 \u0161\u0137idruma l\u012bme\u0146a uzraudz\u012bba un bl\u012bv\u0113jumu lab\u0101 st\u0101vok\u013ca nodro\u0161in\u0101\u0161ana var iev\u0113rojami samazin\u0101t nopietn\u0101ku probl\u0113mu ra\u0161an\u0101s iesp\u0113jam\u012bbu.<\/p>\n<p><img decoding=\"async\" src=\"https:\/\/www.hydraulic-cylinders.net\/wp-content\/uploads\/2025\/04\/songte-bushings-with-all-kinds-of-excavator-models.webp\" alt=\"Ekskavatoru bukses\"><\/p>\n<h2>Uz\u0146\u0113muma p\u0101rskats<\/h2>\n<p>M\u0113s esam vado\u0161ais rezerves hidraulisko cilindru ra\u017eot\u0101js un vairumtirdzniec\u012bbas izplat\u012bt\u0101js, kas pied\u0101v\u0101 pla\u0161u produktu kl\u0101stu. M\u016bsu ap\u0146em\u0161an\u0101s sasniegt izcil\u012bbu atspogu\u013cojas m\u016bsu r\u016bp\u012bgi izstr\u0101d\u0101tajos ra\u017eo\u0161anas procesos un vad\u012bbas strat\u0113\u0123ij\u0101s. Izmantojot progres\u012bvas ra\u017eo\u0161anas tehnolo\u0123ijas un stabilu kvalit\u0101tes kontroles sist\u0113mu, m\u0113s past\u0101v\u012bgi uzlabojam savas ra\u017eo\u0161anas iesp\u0113jas. M\u016bsu koncentr\u0113\u0161an\u0101s uz augstu efektivit\u0101ti, precizit\u0101ti un kvalit\u0101ti \u013cauj mums efekt\u012bvi apmierin\u0101t da\u017e\u0101das klientu vajadz\u012bbas.<\/p>\n<h3>Ekspert\u012bze un sertifik\u0101ti<\/h3>\n<p>M\u016bsu uz\u0146\u0113mums uzsver profesionalit\u0101ti un starptautisko sertifik\u0101ciju, nodro\u0161inot, ka m\u016bsu produkti atbilst glob\u0101lajiem kvalit\u0101tes standartiem. M\u0113s pied\u0101v\u0101jam piel\u0101gotus risin\u0101jumus, kas piel\u0101goti m\u016bsu klientu \u012bpa\u0161aj\u0101m pras\u012bb\u0101m, uzlabojot vi\u0146u darb\u012bbas efektivit\u0101ti.<\/p>\n<h3>Ra\u017eo\u0161anas iek\u0101rtas<\/h3>\n<p>Izmantojot modern\u0101k\u0101s ra\u017eo\u0161anas iek\u0101rtas, m\u0113s varam efekt\u012bvi ra\u017eot augstas kvalit\u0101tes hidrauliskos cilindrus. M\u016bsu ra\u017eotnes ir apr\u012bkotas ar modern\u0101m tehnolo\u0123ij\u0101m, kas atbalsta prec\u012bzu in\u017eenieriju un lielapjoma ra\u017eo\u0161anu.<\/p>\n<h3>P\u0113cp\u0101rdo\u0161anas serviss<\/h3>\n<p>M\u0113s lepojamies ar savu izcilo p\u0113cp\u0101rdo\u0161anas apkalpo\u0161anu, sniedzot past\u0101v\u012bgu atbalstu un apkopes pal\u012bdz\u012bbu, lai nodro\u0161in\u0101tu, ka m\u016bsu klienti var pa\u013cauties uz m\u016bsu produktiem savu ekspluat\u0101cijas vajadz\u012bbu apmierin\u0101\u0161anai. M\u016bsu \u012bpa\u0161i atlas\u012bt\u0101 komanda vienm\u0113r ir pieejama, lai atbild\u0113tu uz visiem jaut\u0101jumiem vai sa\u0146emtu nepiecie\u0161amo atbalstu.<\/p>\n<p><img decoding=\"async\" src=\"https:\/\/www.hydraulic-cylinders.net\/wp-content\/uploads\/2025\/04\/songte-company-4.webp\" alt=\"Hidraulisko cilindru ra\u017eo\u0161anas iek\u0101rta\"><br \/>\n<img decoding=\"async\" src=\"https:\/\/www.hydraulic-cylinders.net\/wp-content\/uploads\/2025\/04\/songte-company-3.webp\" alt=\"Hidraulisk\u0101 cilindra ra\u017eo\u0161anas l\u012bnija\"><\/p>\n<p>Autors: lil<\/p>","protected":false},"excerpt":{"rendered":"<p>Boom Cylinder For Sany Small Excavator SY65-9 Product Overview The Boom Cylinder for the Sany Small Excavator SY65-9 is a hydraulic cylinder specifically designed to control the movement of the boom on excavators. These cylinders play a crucial role in hydraulic systems, providing the necessary force to lift, lower, and tilt the boom. This ability [&hellip;]<\/p>","protected":false},"featured_media":17869,"comment_status":"open","ping_status":"closed","template":"","meta":{"_et_pb_use_builder":"","_et_pb_old_content":"","_et_gb_content_width":""},"product_brand":[],"product_cat":[1546],"product_tag":[1547,1496],"class_list":{"0":"post-19138","1":"product","2":"type-product","3":"status-publish","4":"has-post-thumbnail","6":"product_cat-boom-cylinders","7":"product_tag-boom-cylinders","8":"product_tag-hydraulic-cylinders","10":"first","11":"instock","12":"shipping-taxable","13":"product-type-simple"},"amp_enabled":true,"_links":{"self":[{"href":"https:\/\/www.hydraulic-cylinders.net\/lv\/wp-json\/wp\/v2\/product\/19138","targetHints":{"allow":["GET"]}}],"collection":[{"href":"https:\/\/www.hydraulic-cylinders.net\/lv\/wp-json\/wp\/v2\/product"}],"about":[{"href":"https:\/\/www.hydraulic-cylinders.net\/lv\/wp-json\/wp\/v2\/types\/product"}],"replies":[{"embeddable":true,"href":"https:\/\/www.hydraulic-cylinders.net\/lv\/wp-json\/wp\/v2\/comments?post=19138"}],"wp:featuredmedia":[{"embeddable":true,"href":"https:\/\/www.hydraulic-cylinders.net\/lv\/wp-json\/wp\/v2\/media\/17869"}],"wp:attachment":[{"href":"https:\/\/www.hydraulic-cylinders.net\/lv\/wp-json\/wp\/v2\/media?parent=19138"}],"wp:term":[{"taxonomy":"product_brand","embeddable":true,"href":"https:\/\/www.hydraulic-cylinders.net\/lv\/wp-json\/wp\/v2\/product_brand?post=19138"},{"taxonomy":"product_cat","embeddable":true,"href":"https:\/\/www.hydraulic-cylinders.net\/lv\/wp-json\/wp\/v2\/product_cat?post=19138"},{"taxonomy":"product_tag","embeddable":true,"href":"https:\/\/www.hydraulic-cylinders.net\/lv\/wp-json\/wp\/v2\/product_tag?post=19138"}],"curies":[{"name":"wp","href":"https:\/\/api.w.org\/{rel}","templated":true}]}}