{"id":19178,"date":"2025-04-07T06:16:41","date_gmt":"2025-04-07T06:16:41","guid":{"rendered":"https:\/\/www.hydraulic-cylinders.net\/product\/boom-cylinder-for-xcmg-small-excavator-xe15\/"},"modified":"2025-04-07T06:16:44","modified_gmt":"2025-04-07T06:16:44","slug":"boom-cylinder-for-xcmg-small-excavator-xe15","status":"publish","type":"product","link":"https:\/\/www.hydraulic-cylinders.net\/lv\/products\/boom-cylinder-for-xcmg-small-excavator-xe15\/","title":{"rendered":"XCMG maz\u0101 ekskavatora XE15 str\u0113les cilindrs"},"content":{"rendered":"<h1>XCMG maz\u0101 ekskavatora XE15 str\u0113les cilindrs<\/h1>\n<h2>Ievads str\u0113les cilindr\u0101<\/h2>\n<p>Str\u0113les cilindrs ir b\u016btiska smago ma\u0161\u012bnu hidraulisko sist\u0113mu sast\u0101vda\u013ca, \u012bpa\u0161i mazos ekskavatoros, piem\u0113ram, XCMG XE15. \u0160is hidrauliskais cilindrs ir \u012bpa\u0161i izstr\u0101d\u0101ts, lai kontrol\u0113tu str\u0113les kust\u012bbu, \u013caujot tai efekt\u012bvi pacelt, nolaist un noliekt da\u017e\u0101du darb\u012bbu laik\u0101. \u0160\u012bs darb\u012bbas ir b\u016btiskas materi\u0101lu apstr\u0101des uzdevumos, padarot str\u0113les cilindru par b\u016btisku elementu ekskavatoru, ekskavatoru un front\u0101lo iekr\u0101v\u0113ju funkcionalit\u0101t\u0113.<\/p>\n<p><img decoding=\"async\" src=\"https:\/\/www.hydraulic-cylinders.net\/wp-content\/uploads\/2025\/04\/songte-company-1.webp\" alt=\"Str\u0113les cilindrs\" \/><\/p>\n<h3>Str\u0113les cilindru funkcija un pielietojums<\/h3>\n<p>Str\u0113les cilindrs ir hidraulisk\u0101 cilindra veids, kas darbojas, pateicoties tehnikas rad\u012btajam hidrauliskajam spiedienam. Tas \u013cauj rak\u0161anas apr\u012bkojumam prec\u012bzi veikt t\u0101dus uzdevumus k\u0101 rak\u0161ana, cel\u0161ana un materi\u0101lu p\u0101rvieto\u0161ana. Hidraulisk\u0101 sist\u0113ma izmanto spiediena ietekm\u0113 eso\u0161a \u0161\u0137idruma sp\u0113ku, lai pan\u0101ktu vienm\u0113r\u012bgas un sp\u0113c\u012bgas kust\u012bbas, padarot to piem\u0113rotu lieljaudas lietojumiem.<\/p>\n<h2>Str\u0113les cilindra \u012bpa\u0161\u012bbas<\/h2>\n<ul>\n<li><strong>Augsta iztur\u012bba un ilgm\u016b\u017e\u012bba:<\/strong> \u0160ie cilindri ir izgatavoti no augstas stipr\u012bbas t\u0113rauda vai alum\u012bnija, un tie var iztur\u0113t augstu spiedienu un lielas slodzes, padarot tos piem\u0113rotus skarbajiem darba apst\u0101k\u013ciem.<\/li>\n<li><strong>Efekt\u012bva hidraulisk\u0101 darb\u012bba:<\/strong> Konstrukcija nodro\u0161ina vienm\u0113r\u012bgas un atsauc\u012bgas hidraulisk\u0101s darb\u012bbas, nodro\u0161inot jaud\u012bgus stum\u0161anas un vilk\u0161anas sp\u0113kus, kas nepiecie\u0161ami sare\u017e\u0123\u012btu ekspluat\u0101cijas uzdevumu veik\u0161anai.<\/li>\n<li><strong>Da\u017e\u0101di veidi:<\/strong> Pieejams vienk\u0101r\u0161\u0101s un divk\u0101r\u0161\u0101s darb\u012bbas variantos, \u013caujot lietot\u0101jiem izv\u0113l\u0113ties atbilsto\u0161i ekspluat\u0101cijas vajadz\u012bb\u0101m, da\u017eiem mode\u013ciem ir teleskopiska konstrukcija liel\u0101kam sniedzam\u012bbas att\u0101lumam.<\/li>\n<li><strong>Viegli kopjams:<\/strong> Izstr\u0101d\u0101ts, lai atvieglotu p\u0101rbaudi un apkopi, nodro\u0161inot ilgm\u016b\u017e\u012bbu un samazinot tehnikas d\u012bkst\u0101ves laiku.<\/li>\n<li><strong>Korozijas iztur\u012bba:<\/strong> Izgatavots no materi\u0101liem, kas iztur\u012bgi pret koroziju, uzlabojot cilindra kalpo\u0161anas laiku un uzticam\u012bbu da\u017e\u0101dos vides apst\u0101k\u013cos.<\/li>\n<\/ul>\n<h2>M\u016bsu ra\u017eo\u0161anas iesp\u0113jas<\/h2>\n<p>M\u0113s specializ\u0113jamies augstas kvalit\u0101tes str\u0113les cilindru ra\u017eo\u0161an\u0101, kas lieliski aizst\u0101j eso\u0161os hidrauliskos cilindrus. M\u016bsu produkti ir prec\u012bzi izstr\u0101d\u0101ti, lai atbilstu nozares standartiem.<\/p>\n<p><img decoding=\"async\" src=\"https:\/\/www.hydraulic-cylinders.net\/wp-content\/uploads\/2025\/04\/songte-cylinder-head-with-all-kinds-excavator-models.webp\" alt=\"Hidraulisko cilindru ra\u017eo\u0161ana\" \/><\/p>\n<h2>Lietojumprogrammu scen\u0101riji<\/h2>\n<h3>Celtniec\u012bbas apr\u012bkojums<\/h3>\n<p>Ekskavatoros str\u0113les cilindriem ir iz\u0161\u0137iro\u0161a noz\u012bme augsnes vai gru\u017eu rak\u0161an\u0101, iekrau\u0161an\u0101 un transport\u0113\u0161an\u0101. Tie nodro\u0161ina nepiecie\u0161amo jaudu un kontroli, lai efekt\u012bvi manevr\u0113tu str\u0113li. Ekskavatoros-iekr\u0101v\u0113jos str\u0113les cilindri pal\u012bdz ne tikai rak\u0161anas darbos, bet ar\u012b smagu kravu cel\u0161an\u0101, demonstr\u0113jot to daudzpus\u012bbu b\u016bvniec\u012bbas darbos.<\/p>\n<h3>Lauksaimniec\u012bbas tehnika<\/h3>\n<p>Front\u0101lajos iekr\u0101v\u0113jos str\u0113les cilindri tiek izmantoti da\u017e\u0101du materi\u0101lu, tostarp augsnes, siena un citu lauksaimniec\u012bbas produktu, sav\u0101k\u0161anai, pacel\u0161anai un transport\u0113\u0161anai. To sp\u0113ja nodro\u0161in\u0101t jaud\u012bgu celtsp\u0113ju padara tos neaizst\u0101jamus lauksaimniec\u012bbas darbos, kur efektivit\u0101te un precizit\u0101te ir \u013coti svar\u012bgas.<\/p>\n<h3>Ekskavatori<\/h3>\n<p>Standarta ekskavatoros str\u0113les cilindri \u013cauj kausam efekt\u012bvi iek\u013c\u016bt zem\u0113. \u0160\u012b funkcija ir b\u016btiska rak\u0161anas darbiem, \u013caujot veikt dzi\u013c\u0101kas izrak\u0161anas darbus bez iev\u0113rojamas piep\u016bles. Hidraulisk\u0101 darb\u012bba nodro\u0161ina prec\u012bzu kausa vad\u012bbu, uzlabojot produktivit\u0101ti b\u016bvlaukumos.<\/p>\n<h3>Iekr\u0101v\u0113ji<\/h3>\n<p>Front\u0101lajos iekr\u0101v\u0113jos str\u0113les cilindri pal\u012bdz efekt\u012bvi pacelt un izg\u0101zt materi\u0101lus. Tie nodro\u0161ina nepiecie\u0161amo iztur\u012bbu, lai apstr\u0101d\u0101tu smagas kravas, nodro\u0161inot, ka t\u0101das darb\u012bbas k\u0101 kravas automa\u0161\u012bnu iekrau\u0161ana vai materi\u0101lu p\u0101rvieto\u0161ana tiek veiktas viegli un efekt\u012bvi.<\/p>\n<h2>Dizaina apsv\u0113rumi<\/h2>\n<h3>Kravnes\u012bba<\/h3>\n<p>Projekt\u0113jot str\u0113les cilindrus, kravnes\u012bba ir galvenais apsv\u0113rums. Cilindram j\u0101sp\u0113j iztur\u0113t maksim\u0101lo slodzi, neapdraudot konstrukcijas integrit\u0101ti. Tas ietver detaliz\u0113tus apr\u0113\u0137inus un test\u0113\u0161anu, lai p\u0101rliecin\u0101tos, ka izmantotie materi\u0101li var iztur\u0113t ekspluat\u0101cijas slodzes.<\/p>\n<h3>Bl\u012bv\u0113\u0161ana<\/h3>\n<p>Efekt\u012bva bl\u012bv\u0113\u0161ana ir \u013coti svar\u012bga, lai nov\u0113rstu hidraulisk\u0101 \u0161\u0137idruma nopl\u016bdes, kas var izrais\u012bt iev\u0113rojamus darb\u012bbas trauc\u0113jumus. Bl\u012bv\u0113jumi j\u0101izv\u0113las atkar\u012bb\u0101 no darba vides un \u0161\u0137idruma veida, izmantojot augstas kvalit\u0101tes materi\u0101lus, lai nodro\u0161in\u0101tu ilgm\u016b\u017e\u012bbu un uzticam\u012bbu.<\/p>\n<h3>Iztur\u012bba<\/h3>\n<p>Iztur\u012bba ir v\u0113l viens svar\u012bgs faktors, jo str\u0113les cilindri bie\u017ei darbojas skarbos apst\u0101k\u013cos. Projekt\u0113jot, j\u0101\u0146em v\u0113r\u0101 nodilums, izmantojot apstr\u0101des metodes un p\u0101rkl\u0101jumus, kas uzlabo iztur\u012bbu pret nodilumu un koroziju, t\u0101d\u0113j\u0101di pagarinot produkta kalpo\u0161anas laiku.<\/p>\n<h3>Dro\u0161\u012bbas funkcijas<\/h3>\n<p>Dro\u0161\u012bbas funkciju iek\u013cau\u0161ana ir b\u016btiska gan iek\u0101rtas, gan operatora aizsardz\u012bbai. Tas ietver dro\u0161\u012bbas v\u0101rstus un spiediena samazin\u0101\u0161anas meh\u0101nismus, lai nov\u0113rstu p\u0101rslodzi, nodro\u0161inot dro\u0161u darb\u012bbu jebkuros apst\u0101k\u013cos.<\/p>\n<h3>Uzturam\u012bba<\/h3>\n<p>Projekt\u0113jot t\u0101, lai sist\u0113ma b\u016btu viegli apkopjama, operatori var viegli piek\u013c\u016bt str\u0113les cilindram un to apkalpot. Tas ietver komponenta projekt\u0113\u0161anu, lai to b\u016btu viegli e\u013c\u013cot, p\u0101rbaud\u012bt un nomain\u012bt, t\u0101d\u0113j\u0101di samazinot d\u012bkst\u0101ves laiku un apkopes izmaksas.<\/p>\n<p><img decoding=\"async\" src=\"https:\/\/www.hydraulic-cylinders.net\/wp-content\/uploads\/2025\/04\/songte-oil-pipes-and-spare-parts.webp\" alt=\"Hidraulisk\u0101s sast\u0101vda\u013cas\" \/><\/p>\n<h2>Bl\u012bv\u0113\u0161ana un e\u013c\u013co\u0161ana<\/h2>\n<p>Pareiza bl\u012bv\u0113\u0161ana un e\u013c\u013co\u0161ana ir b\u016btiska, lai saglab\u0101tu str\u0113les cilindru efektivit\u0101ti un ilgm\u016b\u017e\u012bbu. Da\u017e\u0101di bl\u012bv\u0113\u0161anas komponenti, piem\u0113ram, virzu\u013ca bl\u012bv\u0113jumi un stie\u0146u bl\u012bv\u0113jumi, ir iz\u0161\u0137iro\u0161i svar\u012bgi, lai nov\u0113rstu hidraulisk\u0101 \u0161\u0137idruma nopl\u016bdes. Materi\u0101li, piem\u0113ram, poliuret\u0101ns un nitrilgumija, parasti tiek izmantoti to nodilumiztur\u012bgo \u012bpa\u0161\u012bbu d\u0113\u013c. Turkl\u0101t cilindra korpuss un v\u012bt\u0146otie gali tiek pak\u013cauti prec\u012bzai apstr\u0101des procesiem, lai uzlabotu iztur\u012bbu un samazin\u0101tu berzi. Regul\u0101ra e\u013c\u013co\u0161ana ar hidraulisko e\u013c\u013cu ir nepiecie\u0161ama, lai uztur\u0113tu vienm\u0113r\u012bgu darb\u012bbu un nov\u0113rstu nodilumu.<\/p>\n<h2>Prevent\u012bvie apkopes pas\u0101kumi<\/h2>\n<ul>\n<li><strong>Regul\u0101ras p\u0101rbaudes:<\/strong> Regul\u0101ru p\u0101rbau\u017eu veik\u0161ana, lai p\u0101rliecin\u0101tos, ka visas sast\u0101vda\u013cas darbojas pareizi, pal\u012bdz identific\u0113t iesp\u0113jam\u0101s probl\u0113mas, pirms t\u0101s saasin\u0101s.<\/li>\n<li><strong>E\u013c\u013co\u0161ana:<\/strong> Nodro\u0161inot, ka hidraulisk\u0101 sist\u0113ma ir pien\u0101c\u012bgi iee\u013c\u013cota, tiek nov\u0113rsts nodilums un uzlabota cilindra darb\u012bbas efektivit\u0101te.<\/li>\n<li><strong>Bl\u012bv\u0113juma nomai\u0146a:<\/strong> Regul\u0101ra bl\u012bv\u0113jumu nomai\u0146a var nov\u0113rst nopl\u016bdes un uztur\u0113t hidraulisko spiedienu, nodro\u0161inot nemain\u012bgu veiktsp\u0113ju.<\/li>\n<\/ul>\n<h2>Uzst\u0101d\u012b\u0161anas vadl\u012bnijas<\/h2>\n<p>Str\u0113les cilindra uzst\u0101d\u012b\u0161ana prasa r\u016bp\u012bgu uzman\u012bbu deta\u013c\u0101m, lai nodro\u0161in\u0101tu optim\u0101lu veiktsp\u0113ju. S\u0101ciet ar cilindra pareizu izl\u012bdzin\u0101\u0161anu ar mont\u0101\u017eas kron\u0161teiniem, p\u0101rliecinoties, ka tas ir taisns un dro\u0161i nostiprin\u0101ts. Ir \u013coti svar\u012bgi izmantot atbilsto\u0161us mont\u0101\u017eas stiprin\u0101jumus, lai notur\u0113tu cilindru viet\u0101. P\u0101rliecinieties, vai visi hidrauliskie savienojumi ir bez nopl\u016bd\u0113m un vai sist\u0113ma ir piepild\u012bta ar pareiz\u0101 veida hidraulisko \u0161\u0137idrumu. P\u0113c uzst\u0101d\u012b\u0161anas veiciet virkni testa darb\u012bbu, lai p\u0101rliecin\u0101tos, ka cilindrs darbojas pareizi slodzes laik\u0101.<\/p>\n<h2>Apkopes uzdevumi<\/h2>\n<ul>\n<li><strong>Regul\u0101ras p\u0101rbaudes:<\/strong> Iepl\u0101nojiet regul\u0101ras p\u0101rbaudes, lai laikus atkl\u0101tu jebk\u0101das nodiluma vai boj\u0101jumu paz\u012bmes. \u0160\u012b proakt\u012bv\u0101 pieeja \u013cauj savlaic\u012bgi veikt remontdarbus, samazinot boj\u0101jumu risku.<\/li>\n<li><strong>Pareiza e\u013c\u013co\u0161ana:<\/strong> P\u0101rliecinieties, ka e\u013c\u013co\u0161ana tiek veikta ieteicamajos interv\u0101los, izmantojot nor\u0101d\u012bto hidraulisko e\u013c\u013cu. \u0160is solis ir \u013coti svar\u012bgs, lai uztur\u0113tu cilindra veiktsp\u0113ju un nov\u0113rstu priek\u0161laic\u012bgu nodilumu.<\/li>\n<li><strong>Bl\u012bv\u0113juma nomai\u0146a:<\/strong> P\u0101rbaudiet bl\u012bves, vai nav nodiluma vai nopl\u016b\u017eu paz\u012bmju. Regul\u0101ra bl\u012bvju nomai\u0146a ir b\u016btiska, lai saglab\u0101tu hidraulisko integrit\u0101ti un darb\u012bbas efektivit\u0101ti.<\/li>\n<\/ul>\n<h2>Dro\u0161\u012bbas apsv\u0113rumi un vides faktori<\/h2>\n<p>Str\u0101d\u0101jot ar hidrauliskaj\u0101m sist\u0113m\u0101m, dro\u0161\u012bbas pas\u0101kumi ir \u0101rk\u0101rt\u012bgi svar\u012bgi. Operatoriem j\u0101b\u016bt apm\u0101c\u012btiem par pareizu hidraulisko iek\u0101rtu lieto\u0161anu, lai nov\u0113rstu negad\u012bjumus. Turkl\u0101t, projekt\u0113jot un lietojot str\u0113les cilindrus, j\u0101\u0146em v\u0113r\u0101 t\u0101di vides faktori k\u0101 pak\u013cau\u0161ana ekstrem\u0101l\u0101m temperat\u016br\u0101m vai kod\u012bg\u0101m viel\u0101m, lai izvair\u012btos no k\u013c\u016bm\u0113m.<\/p>\n<h2>Probl\u0113mu nov\u0113r\u0161ana un bie\u017ei sastopamas probl\u0113mas<\/h2>\n<ul>\n<li><strong>Hidraulisk\u0101 spiediena zudums:<\/strong> Tas var liecin\u0101t par nopl\u016bdi hidrauliskaj\u0101 sist\u0113m\u0101 vai boj\u0101tu s\u016bkni. Regul\u0101ras p\u0101rbaudes un remonts var nov\u0113rst \u0161o probl\u0113mu.<\/li>\n<li><strong>L\u0113na darb\u012bba:<\/strong> Ja str\u0113les cilindrs darbojas l\u0113ni, tas var b\u016bt saist\u012bts ar nepietiekamu hidraulisk\u0101 \u0161\u0137idruma daudzumu vai aizsprostojumu l\u012bnij\u0101s. \u0160\u0137idruma l\u012bme\u0146a un l\u012bniju p\u0101rbaude var pal\u012bdz\u0113t to nov\u0113rst.<\/li>\n<li><strong>Neparastas ska\u0146as:<\/strong> Trok\u0161\u0146i var liecin\u0101t par iek\u0161\u0113ju nodilumu vai nepiecie\u0161am\u012bbu p\u0113c e\u013c\u013co\u0161anas. Lai nov\u0113rstu turpm\u0101kus boj\u0101jumus, ieteicams veikt t\u016bl\u012bt\u0113ju p\u0101rbaudi un apkopi.<\/li>\n<\/ul>\n<h2>Padomi k\u013c\u016bmju nov\u0113r\u0161anai<\/h2>\n<p>Lai efekt\u012bvi diagnostic\u0113tu un risin\u0101tu probl\u0113mas, operatoriem ir j\u0101uztur detaliz\u0113ti apr\u012bkojuma darb\u012bbas \u017eurn\u0101li. Probl\u0113mu mode\u013cu noteik\u0161ana var pal\u012bdz\u0113t probl\u0113mu nov\u0113r\u0161an\u0101. Regul\u0101ra apm\u0101c\u012bba par ekspluat\u0101cijas proced\u016br\u0101m un apkopi var v\u0113l vair\u0101k samazin\u0101t probl\u0113mas. Prevent\u012bv\u0101s apkopes grafika ievie\u0161ana ir b\u016btiska, lai samazin\u0101tu iesp\u0113jamos boj\u0101jumus un uzlabotu str\u0113les cilindra kalpo\u0161anas laiku.<\/p>\n<p><img decoding=\"async\" src=\"https:\/\/www.hydraulic-cylinders.net\/wp-content\/uploads\/2025\/04\/songte-bushings-with-all-kinds-of-excavator-models.webp\" alt=\"Hidraulisk\u0101s sast\u0101vda\u013cas\" \/><\/p>\n<h2>Uz\u0146\u0113muma p\u0101rskats<\/h2>\n<p>M\u0113s esam vado\u0161ais hidraulisko cilindru ra\u017eot\u0101js, kas specializ\u0113jas augstas kvalit\u0101tes rezerves da\u013cu ra\u017eo\u0161an\u0101. M\u016bsu pla\u0161ais produktu kl\u0101sts ir pozicion\u0113jis m\u016bs k\u0101 galveno sp\u0113l\u0113t\u0101ju gan viet\u0113j\u0101, gan starptautiskaj\u0101 tirg\u016b. M\u0113s koncentr\u0113jamies uz izcil\u012bbu, izmantojot uzlabotus ra\u017eo\u0161anas procesus un progres\u012bvas ra\u017eo\u0161anas vad\u012bbas strat\u0113\u0123ijas. M\u016bsu ap\u0146em\u0161anos nodro\u0161in\u0101t kvalit\u0101ti pastiprina augsti kvalific\u0113ta person\u0101la, modernu ra\u017eo\u0161anas iek\u0101rtu un stingru test\u0113\u0161anas sist\u0113mu izmanto\u0161ana. M\u0113s cen\u0161amies apmierin\u0101t da\u017e\u0101das klientu vajadz\u012bbas ar augstu efektivit\u0101ti, precizit\u0101ti un kvalit\u0101ti.<\/p>\n<p><img decoding=\"async\" src=\"https:\/\/www.hydraulic-cylinders.net\/wp-content\/uploads\/2025\/04\/songte-company-4.webp\" alt=\"Ra\u017eo\u0161anas iek\u0101rta\" \/><br \/>\n<img decoding=\"async\" src=\"https:\/\/www.hydraulic-cylinders.net\/wp-content\/uploads\/2025\/04\/songte-company-3.webp\" alt=\"Ra\u017eo\u0161anas iek\u0101rtas\" \/><\/p>\n<p>M\u016bsu pied\u0101v\u0101jums ietver specializ\u0113tus pakalpojumus, starptautiskus sertifik\u0101tus un stabilu p\u0113cp\u0101rdo\u0161anas atbalstu. M\u0113s pie\u0161\u0137iram priorit\u0101ti klientu apmierin\u0101t\u012bbai un esam ap\u0146\u0113mu\u0161ies sniegt piel\u0101gotus risin\u0101jumus, lai apmierin\u0101tu \u012bpa\u0161as pras\u012bbas.<\/p>\n<p>Autors: lil<\/p>","protected":false},"excerpt":{"rendered":"<p>Boom Cylinder For XCMG Small Excavator XE15 Introduction to Boom Cylinder The Boom Cylinder is a vital component in the hydraulic systems of heavy machinery, particularly in small excavators like the XCMG XE15. This hydraulic cylinder is specifically designed to control the motion of the boom, enabling it to lift, lower, and tilt effectively during [&hellip;]<\/p>","protected":false},"featured_media":17879,"comment_status":"open","ping_status":"closed","template":"","meta":{"_et_pb_use_builder":"","_et_pb_old_content":"","_et_gb_content_width":""},"product_brand":[],"product_cat":[1546],"product_tag":[1547,1496],"class_list":{"0":"post-19178","1":"product","2":"type-product","3":"status-publish","4":"has-post-thumbnail","6":"product_cat-boom-cylinders","7":"product_tag-boom-cylinders","8":"product_tag-hydraulic-cylinders","10":"first","11":"instock","12":"shipping-taxable","13":"product-type-simple"},"amp_enabled":true,"_links":{"self":[{"href":"https:\/\/www.hydraulic-cylinders.net\/lv\/wp-json\/wp\/v2\/product\/19178","targetHints":{"allow":["GET"]}}],"collection":[{"href":"https:\/\/www.hydraulic-cylinders.net\/lv\/wp-json\/wp\/v2\/product"}],"about":[{"href":"https:\/\/www.hydraulic-cylinders.net\/lv\/wp-json\/wp\/v2\/types\/product"}],"replies":[{"embeddable":true,"href":"https:\/\/www.hydraulic-cylinders.net\/lv\/wp-json\/wp\/v2\/comments?post=19178"}],"wp:featuredmedia":[{"embeddable":true,"href":"https:\/\/www.hydraulic-cylinders.net\/lv\/wp-json\/wp\/v2\/media\/17879"}],"wp:attachment":[{"href":"https:\/\/www.hydraulic-cylinders.net\/lv\/wp-json\/wp\/v2\/media?parent=19178"}],"wp:term":[{"taxonomy":"product_brand","embeddable":true,"href":"https:\/\/www.hydraulic-cylinders.net\/lv\/wp-json\/wp\/v2\/product_brand?post=19178"},{"taxonomy":"product_cat","embeddable":true,"href":"https:\/\/www.hydraulic-cylinders.net\/lv\/wp-json\/wp\/v2\/product_cat?post=19178"},{"taxonomy":"product_tag","embeddable":true,"href":"https:\/\/www.hydraulic-cylinders.net\/lv\/wp-json\/wp\/v2\/product_tag?post=19178"}],"curies":[{"name":"wp","href":"https:\/\/api.w.org\/{rel}","templated":true}]}}