{"id":19179,"date":"2025-04-07T06:16:44","date_gmt":"2025-04-07T06:16:44","guid":{"rendered":"https:\/\/www.hydraulic-cylinders.net\/product\/boom-cylinder-for-xcmg-small-excavator-xe6oca\/"},"modified":"2025-04-07T06:16:46","modified_gmt":"2025-04-07T06:16:46","slug":"boom-cylinder-for-xcmg-small-excavator-xe6oca","status":"publish","type":"product","link":"https:\/\/www.hydraulic-cylinders.net\/lv\/products\/boom-cylinder-for-xcmg-small-excavator-xe6oca\/","title":{"rendered":"XCMG maz\u0101 ekskavatora XE6OCA str\u0113les cilindrs"},"content":{"rendered":"<h1>XCMG maz\u0101 ekskavatora XE6OCA str\u0113les cilindrs<\/h1>\n<h2>Str\u0113les cilindra izpratne<\/h2>\n<p>Str\u0113les cilindrs ir kritiski svar\u012bga hidrauliska sast\u0101vda\u013ca, ko izmanto smagaj\u0101s ma\u0161\u012bn\u0101s, \u012bpa\u0161i ekskavatoros. T\u0101 galven\u0101 funkcija ir kontrol\u0113t str\u0113les kust\u012bbu, kas ir b\u016btiska da\u017e\u0101diem uzdevumiem, piem\u0113ram, rak\u0161anai, cel\u0161anai un materi\u0101lu transport\u0113\u0161anai. Str\u0113les cilindrs \u013cauj str\u0113lei izstiepties un savilkties, nodro\u0161inot elast\u012bbu un precizit\u0101ti darb\u012bb\u0101s. \u0160is hidrauliskais cilindrs, kas paredz\u0113ts iev\u0113rojama spiediena un slodzes iztur\u0113\u0161anai, sp\u0113l\u0113 b\u016btisku lomu ekskavatoru un cita smag\u0101 apr\u012bkojuma kop\u0113j\u0101s efektivit\u0101tes uzlabo\u0161an\u0101.<\/p>\n<p><img decoding=\"async\" src=\"https:\/\/www.hydraulic-cylinders.net\/wp-content\/uploads\/2025\/04\/songte-company-1.webp\" alt=\"Ekskavatora str\u0113les cilindrs\"><\/p>\n<h2>Str\u0113les cilindra \u012bpa\u0161\u012bbas<\/h2>\n<ul>\n<li><strong>Augsta iztur\u012bba un ilgm\u016b\u017e\u012bba:<\/strong> Izgatavots no augstas stipr\u012bbas t\u0113rauda vai alum\u012bnija, str\u0113les cilindrs var iztur\u0113t augstu spiedienu un lielas slodzes, padarot to piem\u0113rotu skarbiem darba apst\u0101k\u013ciem.<\/li>\n<li><strong>Efekt\u012bva hidraulisk\u0101 darb\u012bba:<\/strong> Tas izmanto hidraulisk\u0101s e\u013c\u013cas spiedienu, lai veiktu vienm\u0113r\u012bgu izstiep\u0161anu un ievilk\u0161anu, \u0101tri rea\u0123\u0113jot uz vad\u012bbas komand\u0101m un nodro\u0161inot iev\u0113rojamu stum\u0161anas un vilk\u0161anas sp\u0113ku.<\/li>\n<li><strong>Da\u017e\u0101di veidi:<\/strong> Pieejami vienk\u0101r\u0161\u0101s darb\u012bbas (hidrauliska darb\u012bba vien\u0101 virzien\u0101) vai divk\u0101r\u0161\u0101s darb\u012bbas (hidrauliska darb\u012bba abos virzienos) mode\u013ci, kas atbilst da\u017e\u0101d\u0101m ekspluat\u0101cijas vajadz\u012bb\u0101m.<\/li>\n<li><strong>Telpu taupo\u0161i dizaini:<\/strong> Da\u017eiem mode\u013ciem ir teleskopiska konstrukcija, kas \u013cauj veikt liel\u0101ku pagarin\u0101jumu, nepalielinot \u0101r\u0113jos izm\u0113rus, kas ir ide\u0101li piem\u0113rots ierobe\u017eotas vietas lietojumprogramm\u0101m.<\/li>\n<li><strong>Korozijas iztur\u012bba:<\/strong> Izstr\u0101d\u0101ts ar \u012bpa\u0161\u012bb\u0101m, kas uzlabo iztur\u012bbu pret nodilumu un koroziju, t\u0101d\u0113j\u0101di pagarinot ekspluat\u0101cijas laiku.<\/li>\n<\/ul>\n<p>M\u016bsu produkti lieliski aizst\u0101j da\u017e\u0101dus hidrauliskos cilindrus, nodro\u0161inot uzticam\u012bbu un veiktsp\u0113ju.<\/p>\n<p><img decoding=\"async\" src=\"https:\/\/www.hydraulic-cylinders.net\/wp-content\/uploads\/2025\/04\/songte-cylinder-head-with-all-kinds-excavator-models.webp\" alt=\"Hidraulisk\u0101 cilindra galva\"><\/p>\n<h2>Str\u0113les cilindra pielietojumi<\/h2>\n<h3>Celtniec\u012bbas apr\u012bkojums<\/h3>\n<p>Ekskavatoros str\u0113les cilindrs ir neat\u0146emama augsnes vai gru\u017eu rak\u0161anas, iekrau\u0161anas un p\u0101rvieto\u0161anas sast\u0101vda\u013ca. Tas \u013cauj str\u0113lei sasniegt da\u017e\u0101dus augstumus un le\u0146\u0137us, \u013caujot operatoriem efekt\u012bvi veikt sare\u017e\u0123\u012btus uzdevumus. Ekskavatoros-iekr\u0101v\u0113jos str\u0113les cilindrs pal\u012bdz gan rak\u0161anas, gan cel\u0161anas oper\u0101cij\u0101s, nodro\u0161inot daudzpus\u012bbu da\u017e\u0101dos b\u016bvniec\u012bbas scen\u0101rijos.<\/p>\n<h3>Lauksaimniec\u012bbas tehnika<\/h3>\n<p>Front\u0101lajos iekr\u0101v\u0113jos str\u0113les cilindrs ir b\u016btisks augsnes, siena un citu materi\u0101lu sav\u0101k\u0161anai, cel\u0161anai un transport\u0113\u0161anai. Sp\u0113ja kontrol\u0113t str\u0113les poz\u012bciju \u013cauj lauksaimniekiem efekt\u012bv\u0101k veikt uzdevumus, t\u0101d\u0113j\u0101di palielinot produktivit\u0101ti un samazinot darbasp\u0113ka izmaksas.<\/p>\n<h3>Ekskavatori<\/h3>\n<p>Str\u0113les cilindrs atvieglo rak\u0161anas darb\u012bbu, \u013caujot kausam iek\u013c\u016bt augsn\u0113. \u0160\u012b sp\u0113ja ir \u013coti svar\u012bga rak\u0161anas darbos, jo t\u0101 nodro\u0161ina, ka operators var sasniegt dzi\u013c\u0101ku vietu un viegli apstr\u0101d\u0101t liel\u0101ku materi\u0101la daudzumu.<\/p>\n<h3>Iekr\u0101v\u0113ji<\/h3>\n<p>Front\u0101lajos iekr\u0101v\u0113jos str\u0113les cilindrs veicina materi\u0101lu efekt\u012bvu pacel\u0161anu un izg\u0101\u0161anu. T\u0101 prec\u012bz\u0101 vad\u012bba \u013cauj operatoriem p\u0101rvald\u012bt smagas kravas, neapdraudot stabilit\u0101ti vai dro\u0161\u012bbu.<\/p>\n<h2>Dizaina apsv\u0113rumi un atlases krit\u0113riji<\/h2>\n<h3>Kravnes\u012bba<\/h3>\n<p>Izv\u0113loties str\u0113les cilindru, ir svar\u012bgi \u0146emt v\u0113r\u0101 j\u016bsu konkr\u0113tajam pielietojumam nepiecie\u0161amo kravnes\u012bbu. Cilindram j\u0101sp\u0113j iztur\u0113t maksim\u0101lo svaru, ar kuru tas saskarsies darb\u012bbas laik\u0101. Tas ietver hidraulisk\u0101 spiediena robe\u017eu un cilindra materi\u0101la konstrukcijas integrit\u0101tes nov\u0113rt\u0113\u0161anu.<\/p>\n<h3>Bl\u012bv\u0113juma veiktsp\u0113ja<\/h3>\n<p>Bl\u012bv\u0113jumiem ir b\u016btiska noz\u012bme hidraulisk\u0101 \u0161\u0137idruma nopl\u016bdes nov\u0113r\u0161an\u0101 un optim\u0101las cilindra darb\u012bbas nodro\u0161in\u0101\u0161an\u0101. Lai uztur\u0113tu spiedienu un darb\u012bbas efektivit\u0101ti, j\u0101izmanto augstas kvalit\u0101tes bl\u012bv\u0113jumi, kas izgatavoti no iztur\u012bgiem materi\u0101liem. \u012apa\u0161a uzman\u012bba j\u0101piev\u0113r\u0161 bl\u012bv\u0113juma konstrukcijai, lai t\u0101 iztur\u0113tu da\u017e\u0101dus ekspluat\u0101cijas apst\u0101k\u013cus.<\/p>\n<h3>Iztur\u012bba<\/h3>\n<p>Iztur\u012bba ir kritiski svar\u012bgs faktors; str\u0113les cilindram ir j\u0101iztur ekstrem\u0101li vides apst\u0101k\u013ci, tostarp temperat\u016bras sv\u0101rst\u012bbas un da\u017e\u0101du \u0137\u012bmisku vielu iedarb\u012bba. Izv\u0113loties materi\u0101lus, kas nodro\u0161ina iztur\u012bbu pret nodilumu un koroziju, tiek pagarin\u0101ts cilindra kalpo\u0161anas laiks.<\/p>\n<h3>Dro\u0161\u012bbas funkcijas<\/h3>\n<p>Dro\u0161\u012bba hidrauliskaj\u0101s sist\u0113m\u0101s ir \u0101rk\u0101rt\u012bgi svar\u012bga. Projekt\u0113\u0161an\u0101 j\u0101iek\u013cauj funkcijas, kas nov\u0113r\u0161 nejau\u0161as kust\u012bbas, piem\u0113ram, p\u0101rslodzes aizsardz\u012bba un dro\u0161\u012bbas v\u0101rsti. \u0160\u012bs funkcijas pal\u012bdz mazin\u0101t riskus ekspluat\u0101cijas laik\u0101 un palielina lietot\u0101ja p\u0101rliec\u012bbu.<\/p>\n<h3>Apkopes pieejam\u012bba<\/h3>\n<p>Visbeidzot, ir svar\u012bgi nodro\u0161in\u0101t \u0113rtu piek\u013cuvi apkopes darbu veik\u0161anai. Labi izstr\u0101d\u0101tam str\u0113les cilindram j\u0101nodro\u0161ina vienk\u0101r\u0161a p\u0101rbaude, bl\u012bv\u0113juma nomai\u0146a un e\u013c\u013co\u0161ana, neprasot pla\u0161u demont\u0101\u017eu.<\/p>\n<p><img decoding=\"async\" src=\"https:\/\/www.hydraulic-cylinders.net\/wp-content\/uploads\/2025\/04\/songte-oil-pipes-and-spare-parts.webp\" alt=\"Hidraulisko cilindru deta\u013cas\"><\/p>\n<h2>Bl\u012bv\u0113\u0161ana un e\u013c\u013co\u0161ana<\/h2>\n<p>Str\u0113les cilindra efektivit\u0101te ir b\u016btiski atkar\u012bga no pareiza bl\u012bv\u0113juma un e\u013c\u013co\u0161anas. Da\u017e\u0101di bl\u012bv\u0113jumi, piem\u0113ram, virzu\u013ca bl\u012bv\u0113jumi un stie\u0146a bl\u012bv\u0113jumi, ir \u013coti svar\u012bgi, lai uztur\u0113tu hidraulisko spiedienu un nov\u0113rstu nopl\u016bdes. Materi\u0101li, piem\u0113ram, poliuret\u0101ns un nitrilgumija, parasti tiek izmantoti to lielisk\u0101s nodilumiztur\u012bbas d\u0113\u013c. Cilindra korpuss un v\u012bt\u0146otie gali ir smalki apstr\u0101d\u0101ti, lai uzlabotu iztur\u012bbu un nov\u0113rstu nodilumu. Regul\u0101ra e\u013c\u013co\u0161ana ar hidraulisko e\u013c\u013cu ir b\u016btiska, lai nodro\u0161in\u0101tu vienm\u0113r\u012bgu darb\u012bbu un pagarin\u0101tu cilindra kalpo\u0161anas laiku.<\/p>\n<h2>Regul\u0101ra p\u0101rbaude un profilaktisk\u0101 apkope<\/h2>\n<ul>\n<li><strong>Regul\u0101ras p\u0101rbaudes:<\/strong> Regul\u0101ri j\u0101veic p\u0101rbaudes, lai laikus identific\u0113tu jebk\u0101das nodiluma vai boj\u0101jumu paz\u012bmes, \u013caujot savlaic\u012bgi veikt remontu un izvair\u012bties no nopietn\u0101m k\u013c\u016bm\u0113m.<\/li>\n<li><strong>Piem\u0113rota e\u013c\u013co\u0161ana:<\/strong> Nodro\u0161inot atbilsto\u0161u e\u013c\u013co\u0161anu, tiek samazin\u0101ts kust\u012bgo deta\u013cu berzes un nodiluma l\u012bmenis, t\u0101d\u0113j\u0101di veicinot vienm\u0113r\u012bg\u0101ku darb\u012bbu.<\/li>\n<li><strong>Bl\u012bv\u0113juma nomai\u0146a:<\/strong> Regul\u0101ra bl\u012bv\u0113jumu nomai\u0146a ir b\u016btiska, lai uztur\u0113tu hidraulisko efektivit\u0101ti un nov\u0113rstu nopl\u016bdes.<\/li>\n<\/ul>\n<h2>Pareizas uzst\u0101d\u012b\u0161anas vadl\u012bnijas<\/h2>\n<p>Pareiza str\u0113les cilindra uzst\u0101d\u012b\u0161ana ir \u013coti svar\u012bga optim\u0101lai veiktsp\u0113jai. Vispirms p\u0101rliecinieties, vai darba vieta ir t\u012bra un bez gru\u017eiem. Prec\u012bzi izl\u012bdziniet cilindru ar mont\u0101\u017eas kron\u0161teiniem, lai izvair\u012btos no nepareizas izl\u012bdzin\u0101\u0161anas, kas var izrais\u012bt priek\u0161laic\u012bgu nodilumu. Izmantojiet atbilsto\u0161us mont\u0101\u017eas kron\u0161teinus, lai stingri nostiprin\u0101tu cilindru. R\u016bp\u012bgi noregul\u0113jiet visus hidrauliskos savienojumus, p\u0101rliecinoties, ka nav nopl\u016b\u017eu. Visbeidzot, p\u0113c uzst\u0101d\u012b\u0161anas veiciet r\u016bp\u012bgu darb\u012bbas p\u0101rbaudi, lai p\u0101rliecin\u0101tos, ka visas kust\u012bbas darbojas pareizi un dro\u0161i.<\/p>\n<h2>Bie\u017ei sastopamie apkopes uzdevumi<\/h2>\n<h3>Regul\u0101ras p\u0101rbaudes<\/h3>\n<p>Regul\u0101ru p\u0101rbau\u017eu veik\u0161ana \u013cauj identific\u0113t potenci\u0101las probl\u0113mas, piem\u0113ram, nopl\u016bdes vai nevienm\u0113r\u012bgu nodilumu. \u0160\u012bm p\u0101rbaud\u0113m j\u0101b\u016bt sistem\u0101tisk\u0101m, aptverot visus balona darb\u012bbas aspektus.<\/p>\n<h3>Pareiza e\u013c\u013co\u0161ana<\/h3>\n<p>Lai nov\u0113rstu nodilumu, ir svar\u012bgi nodro\u0161in\u0101t, lai str\u0113les cilindrs b\u016btu pien\u0101c\u012bgi iee\u013c\u013cots. Regul\u0101ri p\u0101rbaudiet e\u013c\u013co\u0161anas sist\u0113mu un p\u0101rliecinieties, ka hidraulisk\u0101s e\u013c\u013cas l\u012bmenis ir nemain\u012bgs, p\u0113c nepiecie\u0161am\u012bbas uzkl\u0101jot sm\u0113rvielu.<\/p>\n<h3>Bl\u012bvju nomai\u0146as un kalibr\u0113\u0161anas p\u0101rbaudes<\/h3>\n<p>Bl\u012bv\u0113jumu nomai\u0146a j\u0101veic k\u0101 da\u013ca no regul\u0101ras apkopes, lai nov\u0113rstu nopl\u016bdes. Kalibr\u0113\u0161anas p\u0101rbaudes nodro\u0161ina, ka cilindrs darbojas noteikto parametru robe\u017e\u0101s, uzlabojot efektivit\u0101ti un dro\u0161\u012bbu darb\u012bbas laik\u0101.<\/p>\n<p><img decoding=\"async\" src=\"https:\/\/www.hydraulic-cylinders.net\/wp-content\/uploads\/2025\/04\/songte-chushion-collar.webp\" alt=\"Hidraulisk\u0101 cilindra spilvena apkakle\"><\/p>\n<h2>Dro\u0161\u012bbas apsv\u0113rumi un vides faktori<\/h2>\n<p>Izmantojot hidrauliskos cilindrus, ir \u013coti svar\u012bgi ieviest dro\u0161\u012bbas pas\u0101kumus. Operatoriem j\u0101b\u016bt apm\u0101c\u012btiem dro\u0161\u0101 ekspluat\u0101cijas praks\u0113, lai mazin\u0101tu ar hidrauliskaj\u0101m sist\u0113m\u0101m saist\u012btos riskus. Regul\u0101ras dro\u0161\u012bbas p\u0101rbaudes un ekspluat\u0101cijas vadl\u012bniju iev\u0113ro\u0161ana pal\u012bdz nodro\u0161in\u0101t dro\u0161u darba vidi. Turkl\u0101t, lai pagarin\u0101tu hidraulisko komponentu kalpo\u0161anas laiku, j\u0101p\u0101rvalda t\u0101di vides faktori k\u0101 saskare ar kod\u012bgiem elementiem.<\/p>\n<h2>K\u013c\u016bmju diagnostika un bie\u017e\u0101k sastopam\u0101s probl\u0113mas<\/h2>\n<ul>\n<li><strong>Nopl\u016bde:<\/strong> Nopl\u016bde var liecin\u0101t par bl\u012bv\u0113juma boj\u0101jumu; p\u0101rbaudiet, vai nav boj\u0101jumu, un nepiecie\u0161am\u012bbas gad\u012bjum\u0101 nomainiet bl\u012bves.<\/li>\n<li><strong>Slikta veiktsp\u0113ja:<\/strong> Ja cilindrs neizvirz\u0101s vai neievelkas vienm\u0113r\u012bgi, p\u0101rbaudiet, vai nav aizsprostojumu vai zema hidraulisk\u0101 \u0161\u0137idruma l\u012bme\u0146a.<\/li>\n<li><strong>Neparastas ska\u0146as:<\/strong> Trok\u0161\u0146i var liecin\u0101t par meh\u0101nisk\u0101m probl\u0113m\u0101m vai nepietiekamu e\u013c\u013co\u0161anu; nekav\u0113joties izmekl\u0113jiet un nov\u0113rsiet.<\/li>\n<\/ul>\n<h2>Probl\u0113mu nov\u0113r\u0161anas padomi un risin\u0101jumi<\/h2>\n<p>Lai efekt\u012bvi diagnostic\u0113tu un nov\u0113rstu probl\u0113mas, operatoriem ir j\u0101uztur veiktsp\u0113jas un visu darb\u012bbas laik\u0101 nov\u0113roto neatbilst\u012bbu \u017eurn\u0101ls. Regul\u0101ra apm\u0101c\u012bba un atjaunin\u0101jumi par apkopes praksi var v\u0113l vair\u0101k samazin\u0101t potenci\u0101l\u0101s probl\u0113mas. Izmantojiet prevent\u012bvus pas\u0101kumus, piem\u0113ram, savlaic\u012bgu apkopi un p\u0101rbaudes, lai uzlabotu str\u0113les cilindra kalpo\u0161anas laiku.<\/p>\n<p><img decoding=\"async\" src=\"https:\/\/www.hydraulic-cylinders.net\/wp-content\/uploads\/2025\/04\/songte-bushings-with-all-kinds-of-excavator-models.webp\" alt=\"Ekskavatoru mode\u013cu bukses\"><\/p>\n<h2>Uz\u0146\u0113muma p\u0101rskats<\/h2>\n<p>M\u0113s esam vado\u0161ais hidraulisko cilindru ra\u017eot\u0101js, kas specializ\u0113jas augstas kvalit\u0101tes rezerves da\u013cu ra\u017eo\u0161an\u0101. M\u016bsu pla\u0161ais produktu kl\u0101sts ir nostiprin\u0101jis m\u016bsu poz\u012bciju k\u0101 iev\u0113rojamam sp\u0113l\u0113t\u0101jam gan viet\u0113j\u0101, gan starptautiskaj\u0101 tirg\u016b. Ap\u0146\u0113mu\u0161ies sasniegt izcil\u012bbu, m\u0113s izmantojam izsmalcin\u0101tu ra\u017eo\u0161anas praksi un jaun\u0101k\u0101s tehnolo\u0123ijas, lai uzlabotu produktu kvalit\u0101ti. Pateicoties prasm\u012bgam person\u0101lam, modern\u0101m ra\u017eo\u0161anas iek\u0101rt\u0101m un robust\u0101m test\u0113\u0161anas sist\u0113m\u0101m, m\u0113s past\u0101v\u012bgi apmierin\u0101m da\u017e\u0101das klientu vajadz\u012bbas ar efektivit\u0101ti un precizit\u0101ti. M\u016bsu uzman\u012bbas centr\u0101 ir kvalit\u0101te, kas nodro\u0161ina, ka m\u0113s pieg\u0101d\u0101jam uzticamus risin\u0101jumus hidrauliskaj\u0101m sist\u0113m\u0101m.<\/p>\n<p>M\u016bsu specializ\u0101cija aptver starptautiskas sertifik\u0101cijas, piel\u0101gotus pakalpojumus, modernas ra\u017eo\u0161anas iek\u0101rtas un izcilu p\u0113cp\u0101rdo\u0161anas atbalstu.<\/p>\n<p><img decoding=\"async\" src=\"https:\/\/www.hydraulic-cylinders.net\/wp-content\/uploads\/2025\/04\/songte-company-4.webp\" alt=\"Uz\u0146\u0113muma p\u0101rskata 1. att\u0113ls\"><\/p>\n<p><img decoding=\"async\" src=\"https:\/\/www.hydraulic-cylinders.net\/wp-content\/uploads\/2025\/04\/songte-company-3.webp\" alt=\"Uz\u0146\u0113muma p\u0101rskata 2. att\u0113ls\"><\/p>\n<p>Autors: lil<\/p>","protected":false},"excerpt":{"rendered":"<p>Boom Cylinder For XCMG Small Excavator XE6OCA Understanding the Boom Cylinder The boom cylinder is a critical hydraulic component used in heavy machinery, particularly in excavators. Its primary function is to control the movement of the boom, which is essential for various tasks such as digging, lifting, and transporting materials. The boom cylinder allows the [&hellip;]<\/p>","protected":false},"featured_media":17880,"comment_status":"open","ping_status":"closed","template":"","meta":{"_et_pb_use_builder":"","_et_pb_old_content":"","_et_gb_content_width":""},"product_brand":[],"product_cat":[1546],"product_tag":[1547,1496],"class_list":{"0":"post-19179","1":"product","2":"type-product","3":"status-publish","4":"has-post-thumbnail","6":"product_cat-boom-cylinders","7":"product_tag-boom-cylinders","8":"product_tag-hydraulic-cylinders","10":"first","11":"instock","12":"shipping-taxable","13":"product-type-simple"},"amp_enabled":true,"_links":{"self":[{"href":"https:\/\/www.hydraulic-cylinders.net\/lv\/wp-json\/wp\/v2\/product\/19179","targetHints":{"allow":["GET"]}}],"collection":[{"href":"https:\/\/www.hydraulic-cylinders.net\/lv\/wp-json\/wp\/v2\/product"}],"about":[{"href":"https:\/\/www.hydraulic-cylinders.net\/lv\/wp-json\/wp\/v2\/types\/product"}],"replies":[{"embeddable":true,"href":"https:\/\/www.hydraulic-cylinders.net\/lv\/wp-json\/wp\/v2\/comments?post=19179"}],"wp:featuredmedia":[{"embeddable":true,"href":"https:\/\/www.hydraulic-cylinders.net\/lv\/wp-json\/wp\/v2\/media\/17880"}],"wp:attachment":[{"href":"https:\/\/www.hydraulic-cylinders.net\/lv\/wp-json\/wp\/v2\/media?parent=19179"}],"wp:term":[{"taxonomy":"product_brand","embeddable":true,"href":"https:\/\/www.hydraulic-cylinders.net\/lv\/wp-json\/wp\/v2\/product_brand?post=19179"},{"taxonomy":"product_cat","embeddable":true,"href":"https:\/\/www.hydraulic-cylinders.net\/lv\/wp-json\/wp\/v2\/product_cat?post=19179"},{"taxonomy":"product_tag","embeddable":true,"href":"https:\/\/www.hydraulic-cylinders.net\/lv\/wp-json\/wp\/v2\/product_tag?post=19179"}],"curies":[{"name":"wp","href":"https:\/\/api.w.org\/{rel}","templated":true}]}}