{"id":19180,"date":"2025-04-07T06:16:46","date_gmt":"2025-04-07T06:16:46","guid":{"rendered":"https:\/\/www.hydraulic-cylinders.net\/product\/boom-cylinder-for-xcmg-small-excavator-xe75\/"},"modified":"2025-04-07T06:16:48","modified_gmt":"2025-04-07T06:16:48","slug":"boom-cylinder-for-xcmg-small-excavator-xe75","status":"publish","type":"product","link":"https:\/\/www.hydraulic-cylinders.net\/lv\/products\/boom-cylinder-for-xcmg-small-excavator-xe75\/","title":{"rendered":"XCMG maz\u0101 ekskavatora XE75 str\u0113les cilindrs"},"content":{"rendered":"<h1>XCMG maz\u0101 ekskavatora XE75 str\u0113les cilindrs<\/h1>\n<h2>Str\u0113les cilindra izpratne<\/h2>\n<p>Str\u0113les cilindrs ir b\u016btiska sast\u0101vda\u013ca da\u017e\u0101d\u0101s smagaj\u0101s ma\u0161\u012bn\u0101s, \u012bpa\u0161i ekskavatoros, univers\u0101lajos iekr\u0101v\u0113jos un front\u0101lajos iekr\u0101v\u0113jos. Tas ir hidraulisk\u0101 cilindra veids, kas \u012bpa\u0161i paredz\u0113ts kausa kust\u012bbas vad\u012bbai, \u013caujot tam efekt\u012bvi pacelt, nolaist un noliekt. \u0160\u012b funkcionalit\u0101te ir b\u016btiska materi\u0101lu apstr\u0101des uzdevumiem, \u013caujot operatoriem prec\u012bzi veikt rak\u0161anas, iekrau\u0161anas un p\u0101rvieto\u0161anas darb\u012bbas.<\/p>\n<p><img decoding=\"async\" src=\"https:\/\/www.hydraulic-cylinders.net\/wp-content\/uploads\/2025\/04\/songte-company-1.webp\" alt=\"Hidrauliskais cilindrs\"><\/p>\n<h3>Loma un pielietojums hidrauliskaj\u0101s sist\u0113m\u0101s<\/h3>\n<p>Hidrauliskaj\u0101s sist\u0113m\u0101s str\u0113les cilindram ir b\u016btiska loma, p\u0101rveidojot hidraulisko ener\u0123iju meh\u0101niskaj\u0101 ener\u0123ij\u0101. Kad hidrauliskais \u0161\u0137idrums tiek ies\u016bkn\u0113ts cilindr\u0101, tas rada spiedienu, kas izstiepj vai ievelk cilindru, k\u0101 rezult\u0101t\u0101 tiek pan\u0101kta v\u0113lam\u0101 kausa kust\u012bba. \u0160is meh\u0101nisms ir ne tikai efekt\u012bvs, bet ar\u012b nodro\u0161ina vienm\u0113r\u012bgu un kontrol\u0113tu darb\u012bbu, padarot to par neaizst\u0101jamu m\u016bsdienu ekskavatoru sast\u0101vda\u013cu.<\/p>\n<h2>Str\u0113les cilindra \u012bpa\u0161\u012bbas<\/h2>\n<ul>\n<li><strong>Augsta iztur\u012bba un ilgm\u016b\u017e\u012bba:<\/strong> Parasti izgatavoti no augstas stipr\u012bbas t\u0113rauda vai alum\u012bnija, tie var iztur\u0113t augstu spiedienu un lielas slodzes, ir paredz\u0113ti, lai iztur\u0113tu skarbas darba vides, ar nodilumiztur\u012bg\u0101m un korozijiztur\u012bg\u0101m \u012bpa\u0161\u012bb\u0101m, lai pagarin\u0101tu to kalpo\u0161anas laiku.<\/li>\n<li><strong>Efekt\u012bva hidraulisk\u0101 darb\u012bba:<\/strong> Str\u0113les cilindrs izmanto hidraulisk\u0101s e\u013c\u013cas spiedienu, lai nodro\u0161in\u0101tu vienm\u0113r\u012bgu izstiep\u0161anu un ievilk\u0161anu, \u013caujot \u0101tri rea\u0123\u0113t uz operatora komand\u0101m un nodro\u0161inot jaud\u012bgu stum\u0161anas un vilk\u0161anas sp\u0113ku, kas piem\u0113rots smagu materi\u0101lu apstr\u0101dei un sare\u017e\u0123\u012btu uzdevumu veik\u0161anai.<\/li>\n<li><strong>Da\u017e\u0101di veidi:<\/strong> \u0160ie cilindri ir pieejami vienk\u0101r\u0161\u0101s darb\u012bbas (hidrauliska darb\u012bba vien\u0101 virzien\u0101) vai divk\u0101r\u0161\u0101s darb\u012bbas (hidrauliska darb\u012bba abos virzienos) konfigur\u0101cij\u0101s, lai atbilstu da\u017e\u0101d\u0101m ekspluat\u0101cijas pras\u012bb\u0101m, un da\u017ei mode\u013ci ir konstru\u0113ti k\u0101 teleskopiski, kas \u013cauj tos pla\u0161\u0101k izstiept, nepalielinot \u0101r\u0113jos izm\u0113rus, kas ir ide\u0101li piem\u0113rots lietojumiem ar ierobe\u017eotu vietu.<\/li>\n<li><strong>Sader\u012bba:<\/strong> M\u016bsu produkti var lieliski aizst\u0101t eso\u0161os hidrauliskos cilindrus, nodro\u0161inot neman\u0101mu integr\u0101ciju ar da\u017e\u0101diem ekskavatoru mode\u013ciem.<\/li>\n<\/ul>\n<p><img decoding=\"async\" src=\"https:\/\/www.hydraulic-cylinders.net\/wp-content\/uploads\/2025\/04\/songte-cylinder-head-with-all-kinds-excavator-models.webp\" alt=\"Ekskavatoru mode\u013ci\"><\/p>\n<h2>Str\u0113les cilindru pielietojums<\/h2>\n<ul>\n<li><strong>Celtniec\u012bbas apr\u012bkojums:<\/strong> Ekskavatoros str\u0113les cilindri ir b\u016btiski augsnes vai gru\u017eu rak\u0161anai, iekrau\u0161anai un p\u0101rvieto\u0161anai. To prec\u012bz\u0101 vad\u012bba nodro\u0161ina efekt\u012bvu rak\u0161anu un materi\u0101lu apstr\u0101di, kas ir \u013coti svar\u012bgi jebkur\u0101 b\u016bvlaukum\u0101.<\/li>\n<li><strong>Lauksaimniec\u012bbas tehnika:<\/strong> Izmantojot front\u0101los iekr\u0101v\u0113jus, str\u0113les cilindri atvieglo augsnes, siena un citu materi\u0101lu sav\u0101k\u0161anu, cel\u0161anu un transport\u0113\u0161anu, padarot tos nenov\u0113rt\u0113jamus lauksaimniec\u012bbas darbos.<\/li>\n<li><strong>Ekskavatori:<\/strong> \u0160ie cilindri \u013cauj kausam efekt\u012bvi iek\u013c\u016bt augsn\u0113, uzlabojot rak\u0161anas procesu un palielinot produktivit\u0101ti darba viet\u0101s.<\/li>\n<li><strong>Iekr\u0101v\u0113ji:<\/strong> Front\u0101lajos iekr\u0101v\u0113jos str\u0113les cilindri pal\u012bdz efekt\u012bvi pacelt un izg\u0101zt materi\u0101lus, demonstr\u0113jot to daudzpus\u012bbu da\u017e\u0101dos tehnikas veidos.<\/li>\n<\/ul>\n<h2>Dizaina apsv\u0113rumi un atlases krit\u0113riji<\/h2>\n<ul>\n<li><strong>Kravnes\u012bba:<\/strong> Projekt\u0113jot j\u0101\u0146em v\u0113r\u0101 maksim\u0101l\u0101 slodzes iztur\u012bba, lai nov\u0113rstu boj\u0101jumus ekspluat\u0101cijas laik\u0101. Pareiza in\u017eenierija nodro\u0161ina, ka cilindrs var iztur\u0113t p\u0101rvietojamo materi\u0101lu svaru, neapdraudot dro\u0161\u012bbu vai veiktsp\u0113ju.<\/li>\n<li><strong>Bl\u012bv\u0113juma integrit\u0101te:<\/strong> Efekt\u012bva bl\u012bv\u0113\u0161ana ir \u013coti svar\u012bga, lai nov\u0113rstu hidraulisk\u0101 \u0161\u0137idruma nopl\u016bdi, kas var izrais\u012bt veiktsp\u0113jas probl\u0113mas un vides probl\u0113mas. Augstas kvalit\u0101tes bl\u012bv\u0113jumu izmanto\u0161ana, kas iztur spiedienu un nodilumu, ir b\u016btiska cilindru funkcionalit\u0101tes uztur\u0113\u0161anai.<\/li>\n<li><strong>Iztur\u012bba:<\/strong> B\u016bvniec\u012bb\u0101 izmantotajiem materi\u0101liem j\u0101b\u016bt iztur\u012bgiem pret nodilumu un koroziju, \u012bpa\u0161i sare\u017e\u0123\u012btos apst\u0101k\u013cos. \u0160is apsv\u0113rums attiecas ar\u012b uz virsmas apstr\u0101di, kas pagarina kalpo\u0161anas laiku un samazina apkopes nepiecie\u0161am\u012bbu.<\/li>\n<li><strong>Dro\u0161\u012bbas funkcijas:<\/strong> Dro\u0161\u012bbas meh\u0101nismi, piem\u0113ram, spiediena samazin\u0101\u0161anas v\u0101rsti, ir svar\u012bgi, lai aizsarg\u0101tu sist\u0113mu no p\u0101rm\u0113r\u012bga spiediena, nodro\u0161inot dro\u0161u darb\u012bbu pat pie liel\u0101m slodz\u0113m.<\/li>\n<li><strong>Apkopes pieejam\u012bba:<\/strong> Konstrukcijai j\u0101nodro\u0161ina vienk\u0101r\u0161a apkope un remonts, \u013caujot operatoriem veikt regul\u0101ras p\u0101rbaudes un apkopi bez ilgsto\u0161as \u200b\u200bd\u012bkst\u0101ves.<\/li>\n<\/ul>\n<p><img decoding=\"async\" src=\"https:\/\/www.hydraulic-cylinders.net\/wp-content\/uploads\/2025\/04\/songte-oil-pipes-and-spare-parts.webp\" alt=\"E\u013c\u013cas caurules un rezerves da\u013cas\"><\/p>\n<h2>Bl\u012bv\u0113\u0161ana un e\u013c\u013co\u0161ana<\/h2>\n<p>Pareiza bl\u012bv\u0113\u0161ana un e\u013c\u013co\u0161ana ir kritiski svar\u012bga str\u0113les cilindru veiktsp\u0113jai un ilgm\u016b\u017e\u012bbai. Lai nodro\u0161in\u0101tu hidraulisk\u0101 \u0161\u0137idruma palik\u0161anu cilindr\u0101, tiek izmantoti da\u017e\u0101di bl\u012bv\u0113jumi, piem\u0113ram, virzu\u013ca bl\u012bv\u0113jumi un stie\u0146a bl\u012bv\u0113jumi. Bl\u012bv\u0113jumi bie\u017ei tiek izgatavoti no iztur\u012bgiem materi\u0101liem, piem\u0113ram, poliuret\u0101na un nitrilgumijas, kas ir iztur\u012bgi pret nodilumu un vides boj\u0101jumiem.<\/p>\n<p>Turkl\u0101t cilindra korpuss un v\u012bt\u0146ot\u0101s gala virsmas tiek prec\u012bzi apstr\u0101d\u0101tas, lai uzlabotu nodilumiztur\u012bbu. Lai uztur\u0113tu vienm\u0113r\u012bgu darb\u012bbu un nov\u0113rstu berzes izrais\u012btu nodilumu un boj\u0101jumus, ir nepiecie\u0161ama regul\u0101ra e\u013c\u013co\u0161ana ar hidraulisko e\u013c\u013cu. Pl\u0101notaj\u0101 apkop\u0113 j\u0101iek\u013cauj e\u013c\u013cas l\u012bme\u0146a un bl\u012bv\u0113jumu integrit\u0101tes p\u0101rbaudes.<\/p>\n<h2>Regul\u0101ras p\u0101rbaudes un profilaktisk\u0101s apkopes pas\u0101kumi<\/h2>\n<ul>\n<li><strong>Rut\u012bnas p\u0101rbaudes:<\/strong> Regul\u0101ras str\u0113les cilindra p\u0101rbaudes ir j\u0101pl\u0101no, lai noteiktu nodiluma, nopl\u016b\u017eu vai boj\u0101jumu paz\u012bmes. Probl\u0113mu agr\u012bna atkl\u0101\u0161ana var nov\u0113rst d\u0101rgus remontdarbus un d\u012bkst\u0101ves.<\/li>\n<li><strong>E\u013c\u013co\u0161ana:<\/strong> Lai nodro\u0161in\u0101tu vienm\u0113r\u012bgu darb\u012bbu un nov\u0113rstu nodilumu, ir nepiecie\u0161ama atbilsto\u0161a e\u013c\u013co\u0161ana. Operatoriem j\u0101nodro\u0161ina, lai hidraulisk\u0101s e\u013c\u013cas l\u012bmenis b\u016btu ieteicamaj\u0101 l\u012bmen\u012b, un j\u0101papildina t\u0101 p\u0113c nepiecie\u0161am\u012bbas atkar\u012bb\u0101 no lieto\u0161anas.<\/li>\n<li><strong>Bl\u012bv\u0113juma nomai\u0146a:<\/strong> Laika gait\u0101 bl\u012bves var nolietoties un izrais\u012bt nopl\u016bdes. Bl\u012bvju p\u0101rbau\u017eu un nomai\u0146as grafika ievie\u0161ana nodro\u0161in\u0101s balona integrit\u0101ti un veiktsp\u0113ju.<\/li>\n<\/ul>\n<h2>Uzst\u0101d\u012b\u0161anas vadl\u012bnijas<\/h2>\n<p>Pareiza str\u0113les cilindra uzst\u0101d\u012b\u0161ana ir \u013coti svar\u012bga optim\u0101lai veiktsp\u0113jai. S\u0101ciet ar cilindra pareizu izl\u012bdzin\u0101\u0161anu ar mont\u0101\u017eas kron\u0161teiniem, p\u0101rliecinoties, ka tas ir dro\u0161i nostiprin\u0101ts. Uzst\u0101d\u012b\u0161anas laik\u0101 izmantojiet atbilsto\u0161us mont\u0101\u017eas balstus, lai notur\u0113tu cilindru viet\u0101.<\/p>\n<p>Pirms cilindra nostiprin\u0101\u0161anas p\u0101rbaudiet, vai visas hidraulisk\u0101s l\u012bnijas nav samezgloju\u0161\u0101s vai boj\u0101tas. P\u0113c uzst\u0101d\u012b\u0161anas p\u0101rbaudiet cilindra darb\u012bbu, cikliski iesl\u0113dzot to piln\u0101 kust\u012bbas diapazon\u0101 un p\u0101rbaudot, vai nav nopl\u016b\u017eu vai neparastu trok\u0161\u0146u. Lai nodro\u0161in\u0101tu pareizu izl\u012bdzin\u0101\u0161anu un funkcionalit\u0101ti, var b\u016bt nepiecie\u0161ama regul\u0113\u0161ana.<\/p>\n<h2>Bie\u017ei sastopamie apkopes uzdevumi<\/h2>\n<ul>\n<li><strong>Regul\u0101ras p\u0101rbaudes:<\/strong> Regul\u0101ri p\u0101rbaudiet nodilumu, nopl\u016bdes un visp\u0101r\u0113jo cilindra st\u0101vokli, lai atkl\u0101tu nelielas probl\u0113mas, pirms t\u0101s k\u013c\u016bst par nopietn\u0101m probl\u0113m\u0101m.<\/li>\n<li><strong>Pareiza e\u013c\u013co\u0161ana:<\/strong> P\u0101rliecinieties, ka hidraulisk\u0101s e\u013c\u013cas l\u012bmenis tiek papildin\u0101ts un uztur\u0113ts pareizaj\u0101 l\u012bmen\u012b, lai nodro\u0161in\u0101tu optim\u0101lu veiktsp\u0113ju.<\/li>\n<li><strong>Bl\u012bv\u0113juma nomai\u0146a:<\/strong> Uzraugiet bl\u012bves, vai nav nodiluma paz\u012bmju, un pl\u0101nojiet nomai\u0146u, lai nov\u0113rstu \u0161\u0137idruma nopl\u016bdes un saglab\u0101tu efektivit\u0101ti.<\/li>\n<\/ul>\n<p>Uzst\u0101d\u012b\u0161anas laik\u0101 ir svar\u012bgi pareizi izl\u012bdzin\u0101t cilindru, lai izvair\u012btos no p\u0101rm\u0113r\u012bga sprieguma un iesp\u0113jamiem boj\u0101jumiem. Pareizu uzst\u0101d\u012b\u0161anas kron\u0161teinu un aparat\u016bras izmanto\u0161ana nodro\u0161in\u0101s stabilit\u0101ti. Ieteicam\u0101s p\u0101rbaudes, remonta un nomai\u0146as proced\u016bras pal\u012bdz\u0113s pagarin\u0101t str\u0113les cilindra kalpo\u0161anas laiku.<\/p>\n<p><img decoding=\"async\" src=\"https:\/\/www.hydraulic-cylinders.net\/wp-content\/uploads\/2025\/04\/songte-chushion-collar.webp\" alt=\"Spilvenu apkakle\"><\/p>\n<h2>Dro\u0161\u012bbas apsv\u0113rumi un vides faktori<\/h2>\n<p>Str\u0101d\u0101jot ar str\u0113les cilindriem, dro\u0161\u012bbas pas\u0101kumi ir \u0101rk\u0101rt\u012bgi svar\u012bgi. Operatoriem vienm\u0113r j\u0101iev\u0113ro ieteicamie dro\u0161\u012bbas protokoli, tostarp j\u0101valk\u0101 atbilsto\u0161i individu\u0101lie aizsardz\u012bbas l\u012bdzek\u013ci (IAL) un j\u0101nodro\u0161ina, lai darba zona b\u016btu br\u012bva no apdraud\u0113jumiem. Lai nov\u0113rstu negad\u012bjumus, ir nepiecie\u0161ama atbilsto\u0161a apm\u0101c\u012bba par hidraulisko cilindru ekspluat\u0101ciju un apkopi.<\/p>\n<p>Ar\u012b vides apsv\u0113rumiem ir noz\u012bme. Ar hidrauliskajiem \u0161\u0137idrumiem j\u0101r\u012bkojas uzman\u012bgi, lai izvair\u012btos no nopl\u016bd\u0113m, un jebkura izlietot\u0101 e\u013c\u013ca j\u0101izn\u012bcina saska\u0146\u0101 ar viet\u0113jiem noteikumiem, lai samazin\u0101tu ietekmi uz vidi.<\/p>\n<h2>K\u013c\u016bmju diagnostika un bie\u017e\u0101k sastopam\u0101s probl\u0113mas<\/h2>\n<ul>\n<li><strong>Nopl\u016bde:<\/strong> Bie\u017ei sastopama probl\u0113ma ir \u0161\u0137idruma nopl\u016bde no bl\u012bv\u0113m, ko bie\u017ei izraisa nodilums vai boj\u0101jumi. Lai savlaic\u012bgi veiktu remontu, ir \u013coti svar\u012bgi noteikt nopl\u016bdes avotu.<\/li>\n<li><strong>Samazin\u0101ta veiktsp\u0113ja:<\/strong> Ja cilindrs neizvelkas vai neievelkas vienm\u0113r\u012bgi, tas var liecin\u0101t par zemu hidraulisk\u0101 \u0161\u0137idruma l\u012bmeni vai iek\u0161\u0113jiem boj\u0101jumiem.<\/li>\n<li><strong>Troksnis darb\u012bbas laik\u0101:<\/strong> Neparastas ska\u0146as var liecin\u0101t par probl\u0113m\u0101m ar e\u013c\u013co\u0161anu vai meh\u0101nisku nodilumu, kas prasa t\u016bl\u012bt\u0113ju izmekl\u0113\u0161anu.<\/li>\n<\/ul>\n<h2>Probl\u0113mu nov\u0113r\u0161anas padomi<\/h2>\n<p>Lai efekt\u012bvi diagnostic\u0113tu un nov\u0113rstu probl\u0113mas ar str\u0113les cilindriem, operatoriem regul\u0101ri j\u0101uzrauga veiktsp\u0113ja un proakt\u012bvi j\u0101risina jebk\u0101das neatbilst\u012bbas. Lai samazin\u0101tu probl\u0113mu iesp\u0113jam\u012bbu, j\u0101ievie\u0161 prevent\u012bvi pas\u0101kumi, piem\u0113ram, pl\u0101nota apkope. Detaliz\u0113ta apkopes \u017eurn\u0101la uztur\u0113\u0161ana var pal\u012bdz\u0113t izsekot cilindru veiktsp\u0113jai un identific\u0113t mode\u013cus, kas var liecin\u0101t par jaun\u0101m probl\u0113m\u0101m.<\/p>\n<p><img decoding=\"async\" src=\"https:\/\/www.hydraulic-cylinders.net\/wp-content\/uploads\/2025\/04\/songte-bushings-with-all-kinds-of-excavator-models.webp\" alt=\"Bukses ar ekskavatora mode\u013ciem\"><\/p>\n<h2>Par m\u016bsu uz\u0146\u0113mumu<\/h2>\n<p>M\u0113s esam vado\u0161ais alternat\u012bvo hidraulisko cilindru ra\u017eot\u0101js un vairumtirgot\u0101js, kas ir paz\u012bstams ar savu pla\u0161o produktu kl\u0101stu. M\u016bsu ap\u0146em\u0161anos sasniegt izcil\u012bbu vada sare\u017e\u0123\u012bta ra\u017eo\u0161anas vad\u012bbas strat\u0113\u0123ija, kas uzsver precizit\u0101ti un kvalit\u0101ti. Koncentr\u0113joties uz tehnolo\u0123iskajiem sasniegumiem, m\u0113s izmantojam augsti att\u012bst\u012btas ra\u017eo\u0161anas iek\u0101rtas un profesion\u0101las test\u0113\u0161anas sist\u0113mas, lai uzlabotu m\u016bsu ra\u017eo\u0161anas iesp\u0113jas.<\/p>\n<p>M\u016bsu uz\u0146\u0113mums lepojas ar savu sp\u0113c\u012bgo inov\u0101ciju kapacit\u0101ti, kas \u013cauj mums apmierin\u0101t da\u017e\u0101das klientu vajadz\u012bbas, izmantojot piel\u0101gotus pakalpojumus. M\u0113s esam starptautiski sertific\u0113ti, kas nodro\u0161ina, ka m\u016bsu produkti atbilst glob\u0101lajiem kvalit\u0101tes standartiem. M\u016bsu specializ\u0113tais p\u0113cp\u0101rdo\u0161anas serviss v\u0113l vair\u0101k nostiprina m\u016bsu ap\u0146em\u0161anos nodro\u0161in\u0101t klientu apmierin\u0101t\u012bbu.<\/p>\n<p><img decoding=\"async\" src=\"https:\/\/www.hydraulic-cylinders.net\/wp-content\/uploads\/2025\/04\/songte-company-4.webp\" alt=\"Uz\u0146\u0113muma p\u0101rskats\"><br \/>\n<img decoding=\"async\" src=\"https:\/\/www.hydraulic-cylinders.net\/wp-content\/uploads\/2025\/04\/songte-company-3.webp\" alt=\"Uz\u0146\u0113muma ra\u017eo\u0161anas iek\u0101rta\"><\/p>\n<p>Autors: lil<\/p>","protected":false},"excerpt":{"rendered":"<p>Boom Cylinder For XCMG Small Excavator XE75 Understanding the Boom Cylinder The boom cylinder is a crucial component in various heavy machinery, particularly in excavators, backhoe loaders, and front loaders. It is a type of hydraulic cylinder designed specifically to control the movement of the bucket, allowing it to lift, lower, and tilt efficiently. This [&hellip;]<\/p>","protected":false},"featured_media":17881,"comment_status":"open","ping_status":"closed","template":"","meta":{"_et_pb_use_builder":"","_et_pb_old_content":"","_et_gb_content_width":""},"product_brand":[],"product_cat":[1546],"product_tag":[1547,1496],"class_list":{"0":"post-19180","1":"product","2":"type-product","3":"status-publish","4":"has-post-thumbnail","6":"product_cat-boom-cylinders","7":"product_tag-boom-cylinders","8":"product_tag-hydraulic-cylinders","10":"first","11":"instock","12":"shipping-taxable","13":"product-type-simple"},"amp_enabled":true,"_links":{"self":[{"href":"https:\/\/www.hydraulic-cylinders.net\/lv\/wp-json\/wp\/v2\/product\/19180","targetHints":{"allow":["GET"]}}],"collection":[{"href":"https:\/\/www.hydraulic-cylinders.net\/lv\/wp-json\/wp\/v2\/product"}],"about":[{"href":"https:\/\/www.hydraulic-cylinders.net\/lv\/wp-json\/wp\/v2\/types\/product"}],"replies":[{"embeddable":true,"href":"https:\/\/www.hydraulic-cylinders.net\/lv\/wp-json\/wp\/v2\/comments?post=19180"}],"wp:featuredmedia":[{"embeddable":true,"href":"https:\/\/www.hydraulic-cylinders.net\/lv\/wp-json\/wp\/v2\/media\/17881"}],"wp:attachment":[{"href":"https:\/\/www.hydraulic-cylinders.net\/lv\/wp-json\/wp\/v2\/media?parent=19180"}],"wp:term":[{"taxonomy":"product_brand","embeddable":true,"href":"https:\/\/www.hydraulic-cylinders.net\/lv\/wp-json\/wp\/v2\/product_brand?post=19180"},{"taxonomy":"product_cat","embeddable":true,"href":"https:\/\/www.hydraulic-cylinders.net\/lv\/wp-json\/wp\/v2\/product_cat?post=19180"},{"taxonomy":"product_tag","embeddable":true,"href":"https:\/\/www.hydraulic-cylinders.net\/lv\/wp-json\/wp\/v2\/product_tag?post=19180"}],"curies":[{"name":"wp","href":"https:\/\/api.w.org\/{rel}","templated":true}]}}