{"id":19182,"date":"2025-04-07T06:16:59","date_gmt":"2025-04-07T06:16:59","guid":{"rendered":"https:\/\/www.hydraulic-cylinders.net\/product\/boom-cylinder-for-xcmg-small-excavator-xe150d\/"},"modified":"2025-04-07T06:17:01","modified_gmt":"2025-04-07T06:17:01","slug":"boom-cylinder-for-xcmg-small-excavator-xe150d","status":"publish","type":"product","link":"https:\/\/www.hydraulic-cylinders.net\/lv\/products\/boom-cylinder-for-xcmg-small-excavator-xe150d\/","title":{"rendered":"XCMG maz\u0101 ekskavatora XE150D str\u0113les cilindrs"},"content":{"rendered":"<h1>XCMG maz\u0101 ekskavatora XE150D str\u0113les cilindrs<\/h1>\n<h2>Ievads str\u0113les cilindr\u0101<\/h2>\n<p>Str\u0113les cilindrs ir svar\u012bga hidrauliska sast\u0101vda\u013ca, kas \u012bpa\u0161i paredz\u0113ta str\u0113les kust\u012bbas vad\u012bbai smagaj\u0101s ma\u0161\u012bn\u0101s, piem\u0113ram, ekskavatoros, iekr\u0101v\u0113jos ar ekskavatoru un front\u0101lajos iekr\u0101v\u0113jos. \u0160is hidrauliskais cilindrs \u013cauj kausam pacelt, nolaist un noliekt, t\u0101d\u0113j\u0101di atvieglojot efekt\u012bvus materi\u0101lu apstr\u0101des uzdevumus. B\u016bt\u012bb\u0101 str\u0113les cilindram ir iz\u0161\u0137iro\u0161a loma \u0161o ma\u0161\u012bnu hidrauliskaj\u0101s sist\u0113m\u0101s, \u013caujot operatoriem veikt da\u017e\u0101das funkcijas ar precizit\u0101ti un vieglumu.<\/p>\n<p><img decoding=\"async\" src=\"https:\/\/www.hydraulic-cylinders.net\/wp-content\/uploads\/2025\/04\/songte-company-1.webp\" alt=\"Str\u0113les cilindra att\u0113ls\"><\/p>\n<h2>M\u016bsu str\u0113les cilindra galven\u0101s iez\u012bmes<\/h2>\n<ul>\n<li><strong>Augsta iztur\u012bba un ilgm\u016b\u017e\u012bba:<\/strong> \u0160ie cilindri ir izgatavoti no augstas stipr\u012bbas t\u0113rauda vai alum\u012bnija, un tie sp\u0113j iztur\u0113t augstu spiedienu un lielas slodzes, padarot tos ide\u0101li piem\u0113rotus skarbajiem darba apst\u0101k\u013ciem.<\/li>\n<li><strong>Efekt\u012bva hidraulisk\u0101 darb\u012bba:<\/strong> Izmantojot hidraulisk\u0101s e\u013c\u013cas spiedienu, m\u016bsu str\u0113les cilindri nodro\u0161ina vienm\u0113r\u012bgu izstiep\u0161anu un ievilk\u0161anu, \u0101tri rea\u0123\u0113jot uz operatora komand\u0101m un radot sp\u0113c\u012bgu stum\u0161anas un vilk\u0161anas sp\u0113ku.<\/li>\n<li><strong>Pieejami da\u017e\u0101di veidi:<\/strong> Klienti var izv\u0113l\u0113ties starp vienk\u0101r\u0161as darb\u012bbas (darbojas vien\u0101 virzien\u0101) vai divk\u0101r\u0161as darb\u012bbas (darbojas abos virzienos) cilindriem, un da\u017eiem mode\u013ciem ir teleskopiska konstrukcija, kas nodro\u0161ina liel\u0101ku pagarin\u0101jumu, nepalielinot \u0101r\u0113jos izm\u0113rus.<\/li>\n<li><strong>Piel\u0101gota ra\u017eo\u0161ana:<\/strong> M\u0113s ra\u017eojam \u0161os cilindrus, kas ir \u012bpa\u0161i piel\u0101goti eso\u0161o hidraulisko cilindru nomai\u0146ai, nodro\u0161inot sader\u012bbu un veiktsp\u0113ju.<\/li>\n<li><strong>Paredz\u0113ts smagaj\u0101m ma\u0161\u012bn\u0101m:<\/strong> M\u016bsu str\u0113les cilindri, kas rad\u012bti, lai atbilstu stingraj\u0101m b\u016bvniec\u012bbas un rak\u0161anas darbu pras\u012bb\u0101m, ir nepiecie\u0161ami da\u017e\u0101diem pielietojumiem.<\/li>\n<\/ul>\n<p><img decoding=\"async\" src=\"https:\/\/www.hydraulic-cylinders.net\/wp-content\/uploads\/2025\/04\/songte-cylinder-head-with-all-kinds-excavator-models.webp\" alt=\"Str\u0113les cilindra galvas att\u0113ls\"><\/p>\n<h2>Str\u0113les cilindra pielietojumi<\/h2>\n<h3>Celtniec\u012bbas apr\u012bkojums<\/h3>\n<p>Ekskavatoros str\u0113les cilindri ir \u013coti svar\u012bgi zemes vai gru\u017eu rak\u0161anai, iekrau\u0161anai un p\u0101rvieto\u0161anai. Tie \u013cauj kausam efekt\u012bvi iek\u013c\u016bt zem\u0113, uzlabojot ma\u0161\u012bnas kop\u0113jo veiktsp\u0113ju. Str\u0113les cilindrs nodro\u0161ina nepiecie\u0161amo sp\u0113ku smagu kravu pacel\u0161anai, padarot to neaizst\u0101jamu b\u016bvniec\u012bbas projektos.<\/p>\n<h3>Lauksaimniec\u012bbas tehnika<\/h3>\n<p>Front\u0101lajos iekr\u0101v\u0113jos str\u0113les cilindri tiek izmantoti augsnes, siena un citu materi\u0101lu sav\u0101k\u0161anai, cel\u0161anai un transport\u0113\u0161anai. To iztur\u012bg\u0101 konstrukcija nodro\u0161ina, ka tie sp\u0113j tikt gal\u0101 ar lauksaimniec\u012bbas darbu pras\u012bb\u0101m, nodro\u0161inot uzticamu veiktsp\u0113ju da\u017e\u0101dos apst\u0101k\u013cos.<\/p>\n<h3>Ekskavatori<\/h3>\n<p>Ekskavatoros str\u0113les cilindrs \u013cauj kausam iek\u013c\u016bt augsn\u0113, atvieglojot efekt\u012bvas rak\u0161anas darb\u012bbas. T\u0101 hidraulisk\u0101 jauda \u013cauj operatoriem viegli veikt sare\u017e\u0123\u012btus uzdevumus, nodro\u0161inot produktivit\u0101ti objekt\u0101.<\/p>\n<h3>Iekr\u0101v\u0113ji<\/h3>\n<p>Front\u0101lajos iekr\u0101v\u0113jos str\u0113les cilindri pal\u012bdz efekt\u012bvi pacelt un izg\u0101zt materi\u0101lus. Tie ir paredz\u0113ti smagu svaru apstr\u0101dei, t\u0101d\u0113j\u0101di nodro\u0161inot vienm\u0113r\u012bgu darb\u012bbu iekrau\u0161anas darbu laik\u0101 da\u017e\u0101d\u0101s nozar\u0113s.<\/p>\n<h2>Dizaina apsv\u0113rumi un atlases krit\u0113riji<\/h2>\n<h3>Kravnes\u012bba<\/h3>\n<p>Projekt\u0113jot str\u0113les cilindru, kravnes\u012bba ir \u0101rk\u0101rt\u012bgi svar\u012bgs apsv\u0113rums. In\u017eenieriem ir j\u0101nodro\u0161ina, lai cilindrs var\u0113tu dro\u0161i iztur\u0113t maksim\u0101lo svaru, ar ko tas saskarsies ekspluat\u0101cijas laik\u0101. Kravnes\u012bbas noteik\u0161an\u0101 iz\u0161\u0137iro\u0161a noz\u012bme ir t\u0101diem faktoriem k\u0101 materi\u0101la izv\u0113le, sienas biezums un diametrs. Hidrauliskie cilindri parasti tiek pak\u013cauti iev\u0113rojamai slodzei, t\u0101p\u0113c ir nepiecie\u0161ami iztur\u012bgi materi\u0101li. Ra\u017eot\u0101ji bie\u017ei veic stingras p\u0101rbaudes, lai apstiprin\u0101tu, ka vi\u0146u produkti atbilst nozares standartiem attiec\u012bb\u0101 uz kravnes\u012bbu.<\/p>\n<h3>Bl\u012bv\u0113jums un iztur\u012bba<\/h3>\n<p>Bl\u012bv\u0113jums ir v\u0113l viens svar\u012bgs hidraulisk\u0101 cilindra konstrukcijas aspekts, jo tas nov\u0113r\u0161 \u0161\u0137idruma nopl\u016bdi un pies\u0101r\u0146ojumu. Lai uzlabotu iztur\u012bbu, tiek izmantoti augstas kvalit\u0101tes bl\u012bv\u0113jumi, kas izgatavoti no t\u0101diem materi\u0101liem k\u0101 poliuret\u0101ns un nitrilgumija. Efekt\u012bvi bl\u012bv\u0113\u0161anas meh\u0101nismi ar\u012b samazina apkopes nepiecie\u0161am\u012bbu un pagarina cilindra kalpo\u0161anas laiku. Projekt\u0113\u0161an\u0101 j\u0101\u0146em v\u0113r\u0101 gan dinamiskie, gan statiskie bl\u012bv\u0113\u0161anas pielietojumi, lai nodro\u0161in\u0101tu optim\u0101lu veiktsp\u0113ju.<\/p>\n<h3>Dro\u0161\u012bbas funkcijas<\/h3>\n<p>Dro\u0161\u012bba ir \u0101rk\u0101rt\u012bgi svar\u012bga, jo \u012bpa\u0161i smago ma\u0161\u012bnu pielietojumos. Projekt\u0113t\u0101jiem j\u0101iek\u013cauj dro\u0161\u012bbas elementi, piem\u0113ram, spiediena samazin\u0101\u0161anas v\u0101rsti un p\u0101rslodzes aizsardz\u012bba, lai nov\u0113rstu katastrof\u0101las k\u013c\u016bmes. \u0160o elementu ievie\u0161ana nodro\u0161ina, ka iek\u0101rta darbojas dro\u0161i jebkuros apst\u0101k\u013cos, samazinot negad\u012bjumu risku un uzlabojot lietot\u0101ju p\u0101rliec\u012bbu.<\/p>\n<p><img decoding=\"async\" src=\"https:\/\/www.hydraulic-cylinders.net\/wp-content\/uploads\/2025\/04\/songte-oil-pipes-and-spare-parts.webp\" alt=\"Hidraulisko deta\u013cu att\u0113ls\"><\/p>\n<h2>Str\u0113les cilindra bl\u012bv\u0113\u0161ana un e\u013c\u013co\u0161ana<\/h2>\n<p>Str\u0113les cilindra ilgm\u016b\u017e\u012bba un veiktsp\u0113ja liel\u0101 m\u0113r\u0101 ir atkar\u012bga no efekt\u012bva bl\u012bv\u0113juma un e\u013c\u013co\u0161anas. Lai nodro\u0161in\u0101tu hidraulisk\u0101 \u0161\u0137idruma notur\u0113\u0161anu cilindr\u0101, vienlaikus nov\u0113r\u0161ot \u0101r\u0113jo pies\u0101r\u0146ot\u0101ju iek\u013c\u016b\u0161anu, tiek izmantoti da\u017e\u0101di bl\u012bv\u0113jumi, tostarp virzu\u013ca bl\u012bv\u0113jumi un stie\u0146a bl\u012bv\u0113jumi. Iztur\u012bgu materi\u0101lu, piem\u0113ram, poliuret\u0101na un nitrilgumijas, izv\u0113le ir \u013coti svar\u012bga, jo \u0161ie materi\u0101li nodro\u0161ina iztur\u012bbu pret nodilumu un degrad\u0101ciju.<\/p>\n<p>Turkl\u0101t cilindra korpuss un v\u012bt\u0146ot\u0101s gala virsmas tiek r\u016bp\u012bgi apstr\u0101d\u0101tas, lai uzlabotu nodilumiztur\u012bbu un bl\u012bv\u0113\u0161anas \u012bpa\u0161\u012bbas. Regul\u0101ra e\u013c\u013co\u0161ana ar atbilsto\u0161u hidraulisko e\u013c\u013cu ir b\u016btiska, lai nodro\u0161in\u0101tu vienm\u0113r\u012bgu darb\u012bbu. Operatoriem j\u0101iev\u0113ro e\u013c\u013co\u0161anas grafiks, lai nodro\u0161in\u0101tu optim\u0101lu cilindra darb\u012bbu, samazinot bl\u012bv\u0113jumu berzi un nodilumu.<\/p>\n<h2>Regul\u0101ra p\u0101rbaude un profilaktisk\u0101 apkope<\/h2>\n<ul>\n<li><strong>Regul\u0101ras p\u0101rbaudes:<\/strong> Regul\u0101ra balona p\u0101rbaude, vai nav nodiluma, nopl\u016bdes un boj\u0101jumu paz\u012bmju, ir \u013coti svar\u012bga, lai nov\u0113rstu negaid\u012btus boj\u0101jumus. P\u0101rbaud\u0113m j\u0101koncentr\u0113jas uz bl\u012bv\u0113m, stiprin\u0101juma punktiem un balona korpusu.<\/li>\n<li><strong>E\u013c\u013co\u0161ana:<\/strong> Lai samazin\u0101tu nodilumu, nepiecie\u0161ama regul\u0101ra e\u013c\u013co\u0161ana ar kvalitat\u012bvu hidraulisko e\u013c\u013cu. Operatoriem j\u0101nodro\u0161ina pietiekams e\u013c\u013cas l\u012bmenis un e\u013c\u013ca bez piemais\u012bjumiem.<\/li>\n<li><strong>Bl\u012bv\u0113juma nomai\u0146a:<\/strong> Regul\u0101ra bl\u012bv\u0113jumu nomai\u0146a ir b\u016btiska, lai uztur\u0113tu optim\u0101lu veiktsp\u0113ju. T\u0101das paz\u012bmes k\u0101 nopl\u016bde vai samazin\u0101ta efektivit\u0101te nor\u0101da, ka bl\u012bv\u0113jumi dr\u012bzum\u0101, iesp\u0113jams, b\u016bs j\u0101nomaina.<\/li>\n<\/ul>\n<h2>Str\u0113les cilindra uzst\u0101d\u012b\u0161anas vadl\u012bnijas<\/h2>\n<p>Pareiza str\u0113les cilindra uzst\u0101d\u012b\u0161ana ir \u013coti svar\u012bga, lai nodro\u0161in\u0101tu funkcionalit\u0101ti un dro\u0161\u012bbu. S\u0101ciet ar nepiecie\u0161amo instrumentu un apr\u012bkojuma, tostarp atbilsto\u0161u mont\u0101\u017eas kron\u0161teinu, sav\u0101k\u0161anu. Pirms cilindra nostiprin\u0101\u0161anas viet\u0101 r\u016bp\u012bgi izl\u012bdziniet to ar ma\u0161\u012bnas mont\u0101\u017eas punktiem, lai p\u0101rliecin\u0101tos, ka tas ir pareizi novietots. Ir \u013coti svar\u012bgi saglab\u0101t pareizu izl\u012bdzin\u0101jumu, lai nov\u0113rstu p\u0101rm\u0113r\u012bgu slodzi uz cilindru un t\u0101 sast\u0101vda\u013c\u0101m.<\/p>\n<p>Kad cilindrs ir izl\u012bdzin\u0101ts, dro\u0161i piestipriniet to, izmantojot atbilsto\u0161os stiprin\u0101jumus, p\u0101rliecinoties, ka tie ir pievilkti atbilsto\u0161i ra\u017eot\u0101ja specifik\u0101cij\u0101m. P\u0113c uzst\u0101d\u012b\u0161anas p\u0101rbaudiet, vai hidrauliskajos savienojumos nav nopl\u016b\u017eu, un p\u0101rliecinieties, vai visas sast\u0101vda\u013cas darbojas pareizi. Lai apstiprin\u0101tu veiksm\u012bgu uzst\u0101d\u012b\u0161anu, ir nepiecie\u0161ams ar\u012b p\u0101rbaud\u012bt cilindru, vienlaikus uzraugot, vai nav nek\u0101du neatbilst\u012bbu.<\/p>\n<h2>Bie\u017ei sastopamie apkopes uzdevumi<\/h2>\n<h3>Regul\u0101ras p\u0101rbaudes<\/h3>\n<p>Regul\u0101ru p\u0101rbau\u017eu veik\u0161ana ir \u013coti svar\u012bga, lai identific\u0113tu potenci\u0101l\u0101s probl\u0113mas, pirms t\u0101s saasin\u0101s. Operatoriem vajadz\u0113tu padar\u012bt par ieradumu p\u0101rbaud\u012bt nodiluma paz\u012bmes, piem\u0113ram, plaisas vai nopl\u016bdes, un p\u0101rliecin\u0101ties, ka visas sast\u0101vda\u013cas darbojas pareizi. Agr\u012bna atkl\u0101\u0161ana var ietaup\u012bt d\u0101rgus remontdarbus un pagarin\u0101t balona kalpo\u0161anas laiku.<\/p>\n<h3>Pareiza e\u013c\u013co\u0161ana<\/h3>\n<p>E\u013c\u013co\u0161ana ir b\u016btiska, lai samazin\u0101tu berzi un nodilumu uz bl\u012bv\u0113m un kust\u012bgaj\u0101m da\u013c\u0101m cilindr\u0101. Operatoriem j\u0101iev\u0113ro e\u013c\u013co\u0161anas grafiks un j\u0101izmanto augstas kvalit\u0101tes hidraulisk\u0101 e\u013c\u013ca, lai uztur\u0113tu optim\u0101lu veiktsp\u0113ju. Pareiza e\u013c\u013co\u0161ana ne tikai uzlabo efektivit\u0101ti, bet ar\u012b samazina priek\u0161laic\u012bgas atteices risku.<\/p>\n<h3>Bl\u012bvju nomai\u0146as un kalibr\u0113\u0161anas p\u0101rbaudes<\/h3>\n<p>Bl\u012bv\u0113jumi ir kritiski svar\u012bgas sast\u0101vda\u013cas, kas periodiski j\u0101maina, lai nov\u0113rstu nopl\u016bdes un uztur\u0113tu veiktsp\u0113ju. Operatoriem j\u0101seko l\u012bdzi bl\u012bv\u0113jumu nodiluma paz\u012bm\u0113m un j\u0101nomaina tie p\u0113c nepiecie\u0161am\u012bbas. Turkl\u0101t kalibr\u0113\u0161anas p\u0101rbaudes nodro\u0161ina, ka cilindrs darbojas paredz\u0113tajos parametros, t\u0101d\u0113j\u0101di veicinot visp\u0101r\u0113jo dro\u0161\u012bbu un uzticam\u012bbu.<\/p>\n<p><img decoding=\"async\" src=\"https:\/\/www.hydraulic-cylinders.net\/wp-content\/uploads\/2025\/04\/songte-chushion-collar.webp\" alt=\"Spilvenu apkakles att\u0113ls\"><\/p>\n<h2>Dro\u0161\u012bbas apsv\u0113rumi un vides faktori<\/h2>\n<p>Dro\u0161\u012bbas pas\u0101kumu ievie\u0161ana str\u0113les cilindru darb\u012bbas laik\u0101 ir \u0101rk\u0101rt\u012bgi svar\u012bga. Operatoriem j\u0101b\u016bt apm\u0101c\u012btiem r\u012bkoties ar hidraulisko apr\u012bkojumu, un j\u0101iev\u0113ro dro\u0161\u012bbas protokoli, lai nov\u0113rstu negad\u012bjumus. Tas ietver izpratni par tehnikas ierobe\u017eojumiem un dro\u0161\u012bbas funkciju, piem\u0113ram, spiediena samazin\u0101\u0161anas v\u0101rstu, funkcion\u0113\u0161anas nodro\u0161in\u0101\u0161anu. Turkl\u0101t ekspluat\u0101cijas un apkopes laik\u0101 j\u0101\u0146em v\u0113r\u0101 vides apsv\u0113rumi, lai samazin\u0101tu hidraulisk\u0101 \u0161\u0137idruma nopl\u016bdes un pies\u0101r\u0146ojumu.<\/p>\n<h2>Bie\u017ei sastopamo probl\u0113mu nov\u0113r\u0161ana<\/h2>\n<ul>\n<li><strong>Nopl\u016bde:<\/strong> Ja cilindram ir nopl\u016bdes paz\u012bmes, p\u0101rbaudiet bl\u012bves, vai t\u0101s nav nodilu\u0161as vai boj\u0101tas, un nomainiet t\u0101s, ja nepiecie\u0161ams.<\/li>\n<li><strong>Neparastas ska\u0146as:<\/strong> Trok\u0161\u0146i darb\u012bbas laik\u0101 var liecin\u0101t par iek\u0161\u0113ju nodilumu vai hidraulisk\u0101 \u0161\u0137idruma probl\u0113m\u0101m; nekav\u0113joties izmekl\u0113jiet un nov\u0113rsiet \u0161\u012bs probl\u0113mas.<\/li>\n<li><strong>Veiktsp\u0113jas probl\u0113mas:<\/strong> Ja cilindrs nerea\u0123\u0113 pareizi, p\u0101rbaudiet hidraulisk\u0101 \u0161\u0137idruma l\u012bmeni un p\u0101rliecinieties, vai hidraulisk\u0101 sist\u0113ma darbojas pareizi.<\/li>\n<\/ul>\n<p>Saglab\u0101jot proakt\u012bvu pieeju probl\u0113mu nov\u0113r\u0161anai, operatori var efekt\u012bvi diagnostic\u0113t un risin\u0101t potenci\u0101l\u0101s probl\u0113mas, pirms t\u0101s noved pie nopietniem trauc\u0113jumiem.<\/p>\n<p><img decoding=\"async\" src=\"https:\/\/www.hydraulic-cylinders.net\/wp-content\/uploads\/2025\/04\/songte-bushings-with-all-kinds-of-excavator-models.webp\" alt=\"Bukses att\u0113ls\"><\/p>\n<h2>Par m\u016bsu uz\u0146\u0113mumu<\/h2>\n<p>M\u0113s esam vado\u0161ais hidraulisko cilindru ra\u017eot\u0101js un vairumtirgot\u0101js, kas specializ\u0113jas augstas kvalit\u0101tes alternat\u012bvu ra\u017eo\u0161an\u0101 da\u017e\u0101diem hidrauliskiem pielietojumiem. M\u016bsu pla\u0161ais produktu kl\u0101sts pozicion\u0113 m\u016bs k\u0101 iev\u0113rojamu sp\u0113l\u0113t\u0101ju gan viet\u0113j\u0101, gan starptautiskaj\u0101 tirg\u016b. M\u0113s iev\u0113rojam izcil\u012bbas principus un izmantojam izsmalcin\u0101tu r\u016bpniecisk\u0101s ra\u017eo\u0161anas vad\u012bbas strat\u0113\u0123iju, kas integr\u0113 progres\u012bvas tehnolo\u0123ijas un kvalific\u0113tu person\u0101lu.<\/p>\n<p>M\u016bsu ra\u017eo\u0161anas jauda tiek nep\u0101rtraukti uzlabota, izmantojot augst\u0101k\u0101s klases digit\u0101lo apr\u012bkojumu un profesion\u0101las test\u0113\u0161anas sist\u0113mas. \u0160\u012b ap\u0146em\u0161an\u0101s \u013cauj mums pied\u0101v\u0101t produktus, kas atbilst da\u017e\u0101d\u0101m klientu vajadz\u012bb\u0101m ar augstu efektivit\u0101ti, precizit\u0101ti un kvalit\u0101ti. M\u0113s pied\u0101v\u0101jam ar\u012b piel\u0101gotus risin\u0101jumus, kas piel\u0101goti klientu specifik\u0101cij\u0101m, nodro\u0161inot, ka m\u016bsu klienti sa\u0146em lab\u0101kos produktus sav\u0101m vajadz\u012bb\u0101m.<\/p>\n<p><img decoding=\"async\" src=\"https:\/\/www.hydraulic-cylinders.net\/wp-content\/uploads\/2025\/04\/songte-company-4.webp\" alt=\"Uz\u0146\u0113muma t\u0113ls\"><br \/>\n<img decoding=\"async\" src=\"https:\/\/www.hydraulic-cylinders.net\/wp-content\/uploads\/2025\/04\/songte-company-3.webp\" alt=\"Uz\u0146\u0113muma t\u0113ls\"><\/p>\n<p>Autors: lil<\/p>","protected":false},"excerpt":{"rendered":"<p>Boom Cylinder For XCMG Small Excavator XE150D Introduction to Boom Cylinder The boom cylinder is a vital hydraulic component designed specifically for controlling the movement of the boom in heavy machinery such as excavators, backhoe loaders, and front loaders. This hydraulic cylinder allows the bucket to lift, lower, and tilt, facilitating efficient material handling tasks. [&hellip;]<\/p>","protected":false},"featured_media":17868,"comment_status":"open","ping_status":"closed","template":"","meta":{"_et_pb_use_builder":"","_et_pb_old_content":"","_et_gb_content_width":""},"product_brand":[],"product_cat":[1546],"product_tag":[1547,1496],"class_list":{"0":"post-19182","1":"product","2":"type-product","3":"status-publish","4":"has-post-thumbnail","6":"product_cat-boom-cylinders","7":"product_tag-boom-cylinders","8":"product_tag-hydraulic-cylinders","10":"first","11":"instock","12":"shipping-taxable","13":"product-type-simple"},"amp_enabled":true,"_links":{"self":[{"href":"https:\/\/www.hydraulic-cylinders.net\/lv\/wp-json\/wp\/v2\/product\/19182","targetHints":{"allow":["GET"]}}],"collection":[{"href":"https:\/\/www.hydraulic-cylinders.net\/lv\/wp-json\/wp\/v2\/product"}],"about":[{"href":"https:\/\/www.hydraulic-cylinders.net\/lv\/wp-json\/wp\/v2\/types\/product"}],"replies":[{"embeddable":true,"href":"https:\/\/www.hydraulic-cylinders.net\/lv\/wp-json\/wp\/v2\/comments?post=19182"}],"wp:featuredmedia":[{"embeddable":true,"href":"https:\/\/www.hydraulic-cylinders.net\/lv\/wp-json\/wp\/v2\/media\/17868"}],"wp:attachment":[{"href":"https:\/\/www.hydraulic-cylinders.net\/lv\/wp-json\/wp\/v2\/media?parent=19182"}],"wp:term":[{"taxonomy":"product_brand","embeddable":true,"href":"https:\/\/www.hydraulic-cylinders.net\/lv\/wp-json\/wp\/v2\/product_brand?post=19182"},{"taxonomy":"product_cat","embeddable":true,"href":"https:\/\/www.hydraulic-cylinders.net\/lv\/wp-json\/wp\/v2\/product_cat?post=19182"},{"taxonomy":"product_tag","embeddable":true,"href":"https:\/\/www.hydraulic-cylinders.net\/lv\/wp-json\/wp\/v2\/product_tag?post=19182"}],"curies":[{"name":"wp","href":"https:\/\/api.w.org\/{rel}","templated":true}]}}