{"id":19188,"date":"2025-04-07T06:17:13","date_gmt":"2025-04-07T06:17:13","guid":{"rendered":"https:\/\/www.hydraulic-cylinders.net\/product\/boom-cylinder-for-xcmg-middle-excavator-xe215ca\/"},"modified":"2025-04-07T06:17:15","modified_gmt":"2025-04-07T06:17:15","slug":"boom-cylinder-for-xcmg-middle-excavator-xe215ca","status":"publish","type":"product","link":"https:\/\/www.hydraulic-cylinders.net\/lv\/products\/boom-cylinder-for-xcmg-middle-excavator-xe215ca\/","title":{"rendered":"XCMG vid\u0113j\u0101 ekskavatora XE215CA str\u0113les cilindrs"},"content":{"rendered":"<h1>XCMG vid\u0113j\u0101 ekskavatora XE215CA str\u0113les cilindrs<\/h1>\n<h2>Str\u0113les cilindra izpratne<\/h2>\n<p>Str\u0113les cilindrs ir svar\u012bga hidrauliska sast\u0101vda\u013ca, kas \u012bpa\u0161i paredz\u0113ta kausa kust\u012bbas vad\u012bbai uz smag\u0101m ma\u0161\u012bn\u0101m, piem\u0113ram, ekskavatoriem, ekskavatoriem un front\u0101lajiem iekr\u0101v\u0113jiem. Tas \u013cauj kausam pacelt, nolaist un noliekt, t\u0101d\u0113j\u0101di atvieglojot efekt\u012bvus materi\u0101lu apstr\u0101des uzdevumus. Hidrauliskaj\u0101s sist\u0113m\u0101s str\u0113les cilindriem ir iz\u0161\u0137iro\u0161a noz\u012bme, p\u0101rveidojot hidraulisko spiedienu meh\u0101nisk\u0101 kust\u012bb\u0101, \u013caujot prec\u012bzi kontrol\u0113t smag\u0101 apr\u012bkojuma darb\u012bbu. \u0160is hidrauliskais cilindrs ir paredz\u0113ts, lai iztur\u0113tu augstu spiedienu un lielas slodzes, padarot to labi piem\u0113rotu pras\u012bg\u0101m darba vid\u0113m.<\/p>\n<p><img decoding=\"async\" src=\"https:\/\/www.hydraulic-cylinders.net\/wp-content\/uploads\/2025\/04\/songte-company-1.webp\" alt=\"Ekskavatoru str\u0113les cilindrs\"><\/p>\n<h2>Str\u0113les cilindra \u012bpa\u0161\u012bbas<\/h2>\n<ul>\n<li><strong>Augsta iztur\u012bba un ilgm\u016b\u017e\u012bba:<\/strong> Parasti izgatavots no augstas stipr\u012bbas t\u0113rauda vai alum\u012bnija, \u0161is cilindrs var iztur\u0113t augstu spiedienu un lielas slodzes. T\u0101 konstrukcija \u0146em v\u0113r\u0101 nodilumiztur\u012bbu un korozijas iztur\u012bbu, pagarinot t\u0101 kalpo\u0161anas laiku.<\/li>\n<li><strong>Efekt\u012bva hidraulisk\u0101 darb\u012bba:<\/strong> Izmanto hidraulisk\u0101s e\u013c\u013cas spiedienu, lai pan\u0101ktu vienm\u0113r\u012bgu izstiep\u0161anu un ievilk\u0161anu, \u0101tri rea\u0123\u0113jot uz vad\u012bbas komand\u0101m un nodro\u0161inot sp\u0113c\u012bgus stum\u0161anas un vilk\u0161anas sp\u0113kus, kas ir piem\u0113roti smagu priek\u0161metu apstr\u0101dei un sare\u017e\u0123\u012btu uzdevumu veik\u0161anai.<\/li>\n<li><strong>Da\u017e\u0101di veidi:<\/strong> Pieejami ar vienas darb\u012bbas (hidrauliski darbojas vien\u0101 virzien\u0101) vai divk\u0101r\u0161as darb\u012bbas (hidrauliski darbojas abos virzienos) cilindriem, lai apmierin\u0101tu da\u017e\u0101das ekspluat\u0101cijas vajadz\u012bbas; da\u017ei mode\u013ci ir teleskopiski, kas \u013cauj pagarin\u0101t korpusu, nepalielinot \u0101r\u0113jos izm\u0113rus, kas ir ide\u0101li piem\u0113rots ierobe\u017eotas vietas lietojumiem.<\/li>\n<li><strong>Vienk\u0101r\u0161a uzst\u0101d\u012b\u0161ana:<\/strong> Paredz\u0113ts vienk\u0101r\u0161ai uzst\u0101d\u012b\u0161anai da\u017e\u0101du veidu ma\u0161\u012bn\u0101s, nodro\u0161inot sader\u012bbu un samazinot d\u012bkst\u0101ves laiku iek\u0101rtu uzst\u0101d\u012b\u0161anas laik\u0101.<\/li>\n<li><strong>Izmaksu zi\u0146\u0101 efekt\u012bvi risin\u0101jumi:<\/strong> M\u016bsu produkti var lieliski aizst\u0101t eso\u0161os hidrauliskos cilindrus, nodro\u0161inot uzticamu alternat\u012bvu, kas neapdraud veiktsp\u0113ju.<\/li>\n<\/ul>\n<p><img decoding=\"async\" src=\"https:\/\/www.hydraulic-cylinders.net\/wp-content\/uploads\/2025\/04\/songte-cylinder-head-with-all-kinds-excavator-models.webp\" alt=\"Hidraulisko cilindru mode\u013ci\"><\/p>\n<h2>Str\u0113les cilindra pielietojumi<\/h2>\n<h3>Celtniec\u012bbas apr\u012bkojums<\/h3>\n<p>In excavators, boom cylinders are crucial for digging, loading, and moving dirt or debris. They enable the machine&#8217;s bucket to penetrate the ground effectively, allowing for efficient excavation operations. In backhoes, these cylinders assist in both digging and lifting tasks, enhancing the versatility of the machine for various construction projects.<\/p>\n<h3>Lauksaimniec\u012bbas tehnika<\/h3>\n<p>Front\u0101lo iekr\u0101v\u0113ju str\u0113les cilindri atvieglo augsnes, siena un citu materi\u0101lu sav\u0101k\u0161anu, cel\u0161anu un transport\u0113\u0161anu. To iztur\u012bg\u0101 konstrukcija nodro\u0161ina, ka tie var iztur\u0113t smag\u0101s slodzes, ar kur\u0101m saskaras lauksaimniec\u012bbas vid\u0113, padarot tos neaizst\u0101jamus lauksaimniec\u012bbas darb\u012bb\u0101s.<\/p>\n<h3>Ekskavatori<\/h3>\n<p>Str\u0113les cilindrs \u013cauj kausam iek\u013c\u016bt augsn\u0113 rak\u0161anas darbu laik\u0101. \u0160\u012b funkcija ir \u013coti svar\u012bga, lai pan\u0101ktu dzi\u013cu rak\u0161anu un efekt\u012bvi p\u0101rvald\u012btu augsnes p\u0101rvieto\u0161anos, t\u0101d\u0113j\u0101di optimiz\u0113jot rak\u0161anas procesu.<\/p>\n<h3>Iekr\u0101v\u0113ji<\/h3>\n<p>Front\u0101lajos iekr\u0101v\u0113jos str\u0113les cilindri pal\u012bdz efekt\u012bvi pacelt un izg\u0101zt kravas. To uzticam\u012bba ir b\u016btiska, lai nodro\u0161in\u0101tu materi\u0101lu \u0101tru p\u0101rvieto\u0161anu, samazinot d\u012bkst\u0101ves laiku un uzlabojot produktivit\u0101ti darba viet\u0101s.<\/p>\n<h2>Dizaina apsv\u0113rumi un atlases krit\u0113riji<\/h2>\n<h3>Kravnes\u012bba<\/h3>\n<p>Izv\u0113loties str\u0113les cilindru, kravnes\u012bba ir kritisks faktors. Cilindram j\u0101b\u016bt konstru\u0113tam t\u0101, lai tas iztur\u0113tu maksim\u0101l\u0101s paredzam\u0101s slodzes ekspluat\u0101cijas laik\u0101. Tas ietver ne tikai pace\u013camo materi\u0101lu svaru, bet ar\u012b visus dinamiskos sp\u0113kus, kas var rasties ekspluat\u0101cijas laik\u0101, piem\u0113ram, p\u0113k\u0161\u0146u apst\u0101\u0161anos vai iedarbin\u0101\u0161anu. Nodro\u0161inot, ka cilindram ir pietiekama kravnes\u012bba, var nov\u0113rst boj\u0101jumus un uzlabot dro\u0161\u012bbu.<\/p>\n<h3>Bl\u012bv\u0113\u0161anas \u012bpa\u0161\u012bbas<\/h3>\n<p>Effective sealing is vital for maintaining hydraulic pressure and preventing fluid leaks. High-quality seals prevent contamination from external elements and ensure the longevity of the hydraulic system. The selection of appropriate seal materials, such as polyurethane and nitrile rubber, plays a significant role in the cylinder&#8217;s performance, especially in harsh operating conditions.<\/p>\n<h3>Iztur\u012bba<\/h3>\n<p>Labi izstr\u0101d\u0101tam str\u0113les cilindram j\u0101b\u016bt pietiekami iztur\u012bgam, lai iztur\u0113tu ikdienas lieto\u0161anas slodzi. Tas ietver iztur\u012bbu pret nodilumu bie\u017eas darb\u012bbas un skarbu vides apst\u0101k\u013cu iedarb\u012bbas d\u0113\u013c. Pareiza materi\u0101lu izv\u0113le un virsmas apstr\u0101de var uzlabot iztur\u012bbu, nodro\u0161inot, ka cilindrs ilg\u0101k saglab\u0101 funkcionalit\u0101ti.<\/p>\n<h3>Dro\u0161\u012bbas funkcijas<\/h3>\n<p>Projekt\u0113jot hidrauliskos cilindrus, dro\u0161\u012bbai vienm\u0113r j\u0101b\u016bt priorit\u0101tei. T\u0101das funkcijas k\u0101 spiediena samazin\u0101\u0161anas v\u0101rsti un dro\u0161\u012bbas sl\u0113dzenes var nov\u0113rst negad\u012bjumus un iek\u0101rtu boj\u0101jumus. \u0160ie dro\u0161\u012bbas meh\u0101nismi nodro\u0161ina, ka hidraulisk\u0101 sist\u0113ma darbojas dro\u0161\u0101s robe\u017e\u0101s, aizsarg\u0101jot gan operatoru, gan iek\u0101rtas.<\/p>\n<h3>Apkopes pieejam\u012bba<\/h3>\n<p>Str\u0113les cilindra konstrukcijai j\u0101b\u016bt t\u0101dai, lai nodro\u0161in\u0101tu \u0113rtu apkopi un apkalpo\u0161anu. Tas ietver funkcijas, kas atvieglo regul\u0101ras p\u0101rbaudes, remontu un deta\u013cu nomai\u0146u. Pieejam\u012bba vienk\u0101r\u0161o apkopes uzdevumus, samazinot d\u012bkst\u0101ves laiku un nodro\u0161inot, ka apr\u012bkojums turpina darboties.<\/p>\n<p><img decoding=\"async\" src=\"https:\/\/www.hydraulic-cylinders.net\/wp-content\/uploads\/2025\/04\/songte-oil-pipes-and-spare-parts.webp\" alt=\"Hidraulisko cilindru deta\u013cas\"><\/p>\n<h2>Cilindra bl\u012bv\u0113\u0161ana un e\u013c\u013co\u0161ana<\/h2>\n<p>Pareiza bl\u012bv\u0113\u0161ana un e\u013c\u013co\u0161ana ir \u013coti svar\u012bga str\u0113les cilindru efekt\u012bvai darb\u012bbai. Da\u017e\u0101di bl\u012bv\u0113\u0161anas komponenti, piem\u0113ram, virzu\u013ca bl\u012bv\u0113jumi un stie\u0146a bl\u012bv\u0113jumi, darbojas, lai uztur\u0113tu hidraulisk\u0101s sist\u0113mas integrit\u0101ti. Izv\u0113loties bl\u012bv\u0113jumus, kas izgatavoti no nodilumiztur\u012bgiem materi\u0101liem, piem\u0113ram, poliuret\u0101na un nitrila gumijas, tiek uzlabota \u0161o komponentu iztur\u012bba, nov\u0113r\u0161ot nopl\u016bdes un nodro\u0161inot vienm\u0113r\u012bgu darb\u012bbu.<\/p>\n<p>Cilindra korpusam un v\u012bt\u0146otaj\u0101m gala virsm\u0101m nepiecie\u0161ama r\u016bp\u012bga apdare, lai uzlabotu nodilumiztur\u012bbu un kop\u0113jo veiktsp\u0113ju. Regul\u0101ra e\u013c\u013co\u0161ana ar atbilsto\u0161u hidraulisko e\u013c\u013cu ir nepiecie\u0161ama, lai samazin\u0101tu kust\u012bgo da\u013cu berzi un nodilumu, nodro\u0161inot cilindra ilgm\u016b\u017e\u012bbu.<\/p>\n<h2>Prevent\u012bvie apkopes pas\u0101kumi<\/h2>\n<ul>\n<li><strong>Regul\u0101ras p\u0101rbaudes:<\/strong> Regul\u0101ru p\u0101rbau\u017eu veik\u0161ana \u013cauj operatoriem identific\u0113t potenci\u0101l\u0101s probl\u0113mas, pirms t\u0101s saasin\u0101s. Nopl\u016b\u017eu, nodiluma un pareizas darb\u012bbas p\u0101rbaude var nov\u0113rst d\u0101rgus remontdarbus v\u0113l\u0101k.<\/li>\n<li><strong>E\u013c\u013co\u0161ana:<\/strong> Cilindra pien\u0101c\u012bga e\u013c\u013co\u0161ana ir \u013coti svar\u012bga t\u0101 darb\u012bbai. Regul\u0101ra atbilsto\u0161as \u200b\u200bhidraulisk\u0101s e\u013c\u013cas pievieno\u0161ana samazina berzi un nodilumu, pagarinot cilindra kalpo\u0161anas laiku.<\/li>\n<li><strong>Bl\u012bv\u0113juma nomai\u0146a:<\/strong> Laika gait\u0101 bl\u012bves var nolietoties un t\u0101s var b\u016bt j\u0101nomaina. Bl\u012bvju st\u0101vok\u013ca uzraudz\u012bba un nomai\u0146a p\u0113c nepiecie\u0161am\u012bbas pal\u012bdz\u0113s uztur\u0113t hidraulisk\u0101s sist\u0113mas efektivit\u0101ti.<\/li>\n<\/ul>\n<h2>Uzst\u0101d\u012b\u0161anas vadl\u012bnijas<\/h2>\n<p>Pareiza str\u0113les cilindru uzst\u0101d\u012b\u0161ana ir b\u016btiska optim\u0101lai veiktsp\u0113jai. Iev\u0113rojiet \u0161\u012bs vadl\u012bnijas:<\/p>\n<ul>\n<li><strong>Izl\u012bdziniet cilindru:<\/strong> P\u0101rliecinieties, vai str\u0113les cilindrs ir pareizi izl\u012bdzin\u0101ts ar tehnikas stiprin\u0101juma punktiem. Nepareiza izl\u012bdzin\u0101\u0161ana var izrais\u012bt priek\u0161laic\u012bgu nodilumu un darb\u012bbas probl\u0113mas.<\/li>\n<li><strong>Izmantojiet atbilsto\u0161us mont\u0101\u017eas kron\u0161teinus:<\/strong> Izmantojiet piem\u0113rotus mont\u0101\u017eas kron\u0161teinus, lai nostiprin\u0101tu cilindru viet\u0101. Tas nov\u0113r\u0161 kust\u012bbu, kas var\u0113tu izrais\u012bt darb\u012bbas trauc\u0113jumus.<\/li>\n<li><strong>Hidrauliskie savienojumi:<\/strong> Uzman\u012bgi pievienojiet hidraulisk\u0101s l\u012bnijas, p\u0101rliecinoties, ka nav nopl\u016b\u017eu un ka savienojumi ir dro\u0161i. P\u0101rbaudiet, vai l\u012bnij\u0101s nav samezglojumu vai aizsprostojumu.<\/li>\n<li><strong>Testa darb\u012bba:<\/strong> After installation, test the cylinder&#8217;s operation thoroughly. Check for smooth movement and proper function before putting the machinery back to work.<\/li>\n<\/ul>\n<h2>Bie\u017ei sastopamie apkopes uzdevumi<\/h2>\n<ul>\n<li><strong>Regul\u0101ras p\u0101rbaudes:<\/strong> Regul\u0101ras p\u0101rbaudes var atkl\u0101t nelielas probl\u0113mas, pirms t\u0101s k\u013c\u016bst par nopietn\u0101m. Mekl\u0113jiet nodiluma vai boj\u0101jumu paz\u012bmes un nekav\u0113joties t\u0101s nov\u0113rsiet.<\/li>\n<li><strong>Pareiza e\u013c\u013co\u0161ana:<\/strong> Regul\u0101ra e\u013c\u013co\u0161ana ir \u013coti svar\u012bga funkcionalit\u0101tes uztur\u0113\u0161anai. P\u0101rliecinieties, ka tiek izmantots pareizais hidraulisk\u0101s e\u013c\u013cas veids un tas tiek regul\u0101ri uzkl\u0101ts.<\/li>\n<li><strong>Bl\u012bv\u0113juma nomai\u0146a:<\/strong> Uzraugiet bl\u012bves, vai nav nodiluma paz\u012bmju, un nomainiet t\u0101s p\u0113c nepiecie\u0161am\u012bbas. Tas pal\u012bdz uztur\u0113t hidraulisko integrit\u0101ti un veiktsp\u0113ju.<\/li>\n<\/ul>\n<h2>Dro\u0161\u012bbas apsv\u0113rumi un vides faktori<\/h2>\n<p>Izmantojot str\u0113les cilindrus, dro\u0161\u012bbas pas\u0101kumi ir \u0101rk\u0101rt\u012bgi svar\u012bgi. Operatoriem j\u0101b\u016bt apm\u0101c\u012btiem par pareizu hidraulisko sist\u0113mu lieto\u0161anu un dro\u0161\u012bbas protokolu iev\u0113ro\u0161anas noz\u012bmi. Tas ietver atbilsto\u0161u individu\u0101lo aizsardz\u012bbas l\u012bdzek\u013cu (IAL) lieto\u0161anu un visu ma\u0161\u012bnu dro\u0161\u012bbas funkciju funkcion\u0113\u0161anas nodro\u0161in\u0101\u0161anu. Svar\u012bgi ir ar\u012b vides apsv\u0113rumi, jo ir svar\u012bgi ierobe\u017eot jebk\u0101das hidraulisk\u0101 \u0161\u0137idruma nopl\u016bdes, lai nov\u0113rstu vides pies\u0101r\u0146ojumu.<\/p>\n<h2>Probl\u0113mu nov\u0113r\u0161ana un bie\u017ei sastopamas probl\u0113mas<\/h2>\n<h3>Bie\u017ei sastopamas probl\u0113mas<\/h3>\n<ul>\n<li><strong>Nopl\u016bdes:<\/strong> Hidraulisk\u0101 \u0161\u0137idruma nopl\u016bdes var liecin\u0101t par nolietotiem bl\u012bv\u0113jumiem vai boj\u0101t\u0101m \u0161\u013c\u016bten\u0113m. Lai nov\u0113rstu hidraulisk\u0101 spiediena zudumu, ir \u013coti svar\u012bgi t\u0101s \u0101tri identific\u0113t un salabot.<\/li>\n<li><strong>Neregul\u0101ra kust\u012bba:<\/strong> Ja str\u0113les cilindrs kustas nevienm\u0113r\u012bgi, tas var b\u016bt saist\u012bts ar gaisu hidrauliskaj\u0101s l\u012bnij\u0101s vai nepareizi funkcion\u0113jo\u0161u vad\u012bbas v\u0101rstu.<\/li>\n<li><strong>Samazin\u0101ta jauda:<\/strong> Cel\u0161anas jaudas samazin\u0101\u0161an\u0101s var liecin\u0101t par probl\u0113mu ar hidraulisk\u0101 \u0161\u0137idruma l\u012bmeni vai aizsprostojumu sist\u0113m\u0101.<\/li>\n<\/ul>\n<h3>Probl\u0113mu nov\u0113r\u0161anas padomi<\/h3>\n<p>Lai efekt\u012bvi diagnostic\u0113tu un nov\u0113rstu probl\u0113mas ar str\u0113les cilindru:<\/p>\n<ul>\n<li><strong>P\u0101rbaudiet \u0161\u0137idruma l\u012bmeni:<\/strong> P\u0101rliecinieties, ka hidraulisk\u0101 \u0161\u0137idruma l\u012bmenis ir pareizs, lai nodro\u0161in\u0101tu pareizu darb\u012bbu.<\/li>\n<li><strong>P\u0101rbaudiet bl\u012bves un \u0161\u013c\u016btenes:<\/strong> Mekl\u0113jiet bl\u012bv\u0113jumu un \u0161\u013c\u016bte\u0146u nodiluma vai boj\u0101jumu paz\u012bmes un, ja nepiecie\u0161ams, nomainiet t\u0101s.<\/li>\n<li><strong>Sist\u0113mas spiediena p\u0101rskat\u012b\u0161ana:<\/strong> P\u0101rliecinieties, vai hidraulisk\u0101 sist\u0113ma darbojas noteiktaj\u0101 spiediena diapazon\u0101.<\/li>\n<\/ul>\n<p><img decoding=\"async\" src=\"https:\/\/www.hydraulic-cylinders.net\/wp-content\/uploads\/2025\/04\/songte-bushings-with-all-kinds-of-excavator-models.webp\" alt=\"Ekskavatora komponenti\"><\/p>\n<h2>Uz\u0146\u0113muma p\u0101rskats<\/h2>\n<p>M\u016bsu uz\u0146\u0113mums specializ\u0113jas rezerves hidraulisko cilindru ra\u017eo\u0161an\u0101, pied\u0101v\u0101jot pla\u0161u produktu kl\u0101stu, kas ir nostiprin\u0101jis m\u016bsu k\u0101 viena no vado\u0161ajiem ra\u017eot\u0101jiem un vairumtirgot\u0101jiem gan viet\u0113j\u0101, gan starptautiskaj\u0101 tirg\u016b. M\u0113s iev\u0113rojam izcil\u012bbas standartu, ko atbalsta izsmalcin\u0101ta ra\u017eo\u0161anas darbn\u012bca un r\u016bpniecisk\u0101s ra\u017eo\u0161anas vad\u012bbas strat\u0113\u0123ijas. M\u016bsu uzman\u012bbas centr\u0101 ir tehnolo\u0123iskie talanti, augst\u0101k\u0101s klases digit\u0101l\u0101s ra\u017eo\u0161anas iek\u0101rtas un profesion\u0101las test\u0113\u0161anas sist\u0113mas, kas nep\u0101rtraukti uzlabo m\u016bsu ra\u017eo\u0161anas platformu, nodro\u0161inot uz kvalit\u0101ti orient\u0113tu ra\u017eo\u0161anas ce\u013cu.<\/p>\n<p>Ar sp\u0113c\u012bg\u0101m rado\u0161\u0101m sp\u0113j\u0101m m\u0113s darbojamies, iev\u0113rojot augstas efektivit\u0101tes, precizit\u0101tes un augstas kvalit\u0101tes principus, lai apmierin\u0101tu m\u016bsu klientu da\u017e\u0101d\u0101s vajadz\u012bbas. M\u0113s pied\u0101v\u0101jam profesion\u0101lus pakalpojumus, starptautiskus sertifik\u0101tus, piel\u0101gotus risin\u0101jumus un visaptvero\u0161u p\u0113cp\u0101rdo\u0161anas atbalstu, nodro\u0161inot, ka m\u016bsu klienti sa\u0146em vislab\u0101kos iesp\u0113jamos produktus un pakalpojumus.<\/p>\n<p><img decoding=\"async\" src=\"https:\/\/www.hydraulic-cylinders.net\/wp-content\/uploads\/2025\/04\/songte-company-4.webp\" alt=\"Uz\u0146\u0113muma att\u0113ls 1\"><\/p>\n<p><img decoding=\"async\" src=\"https:\/\/www.hydraulic-cylinders.net\/wp-content\/uploads\/2025\/04\/songte-company-3.webp\" alt=\"Uz\u0146\u0113muma att\u0113ls 2\"><\/p>\n<p>Autors: lil<\/p>","protected":false},"excerpt":{"rendered":"<p>Boom Cylinder For XCMG Middle Excavator XE215CA Understanding the Boom Cylinder The Boom Cylinder is a vital hydraulic component specifically designed for controlling the movement of a bucket on heavy machinery such as excavators, backhoes, and front loaders. It enables the bucket to lift, lower, and tilt, facilitating efficient material handling tasks. In hydraulic systems, [&hellip;]<\/p>","protected":false},"featured_media":17874,"comment_status":"open","ping_status":"closed","template":"","meta":{"_et_pb_use_builder":"","_et_pb_old_content":"","_et_gb_content_width":""},"product_brand":[],"product_cat":[1546],"product_tag":[1547,1496],"class_list":{"0":"post-19188","1":"product","2":"type-product","3":"status-publish","4":"has-post-thumbnail","6":"product_cat-boom-cylinders","7":"product_tag-boom-cylinders","8":"product_tag-hydraulic-cylinders","10":"first","11":"instock","12":"shipping-taxable","13":"product-type-simple"},"amp_enabled":true,"_links":{"self":[{"href":"https:\/\/www.hydraulic-cylinders.net\/lv\/wp-json\/wp\/v2\/product\/19188","targetHints":{"allow":["GET"]}}],"collection":[{"href":"https:\/\/www.hydraulic-cylinders.net\/lv\/wp-json\/wp\/v2\/product"}],"about":[{"href":"https:\/\/www.hydraulic-cylinders.net\/lv\/wp-json\/wp\/v2\/types\/product"}],"replies":[{"embeddable":true,"href":"https:\/\/www.hydraulic-cylinders.net\/lv\/wp-json\/wp\/v2\/comments?post=19188"}],"wp:featuredmedia":[{"embeddable":true,"href":"https:\/\/www.hydraulic-cylinders.net\/lv\/wp-json\/wp\/v2\/media\/17874"}],"wp:attachment":[{"href":"https:\/\/www.hydraulic-cylinders.net\/lv\/wp-json\/wp\/v2\/media?parent=19188"}],"wp:term":[{"taxonomy":"product_brand","embeddable":true,"href":"https:\/\/www.hydraulic-cylinders.net\/lv\/wp-json\/wp\/v2\/product_brand?post=19188"},{"taxonomy":"product_cat","embeddable":true,"href":"https:\/\/www.hydraulic-cylinders.net\/lv\/wp-json\/wp\/v2\/product_cat?post=19188"},{"taxonomy":"product_tag","embeddable":true,"href":"https:\/\/www.hydraulic-cylinders.net\/lv\/wp-json\/wp\/v2\/product_tag?post=19188"}],"curies":[{"name":"wp","href":"https:\/\/api.w.org\/{rel}","templated":true}]}}