{"id":1919,"date":"2023-10-20T02:18:26","date_gmt":"2023-10-20T02:18:26","guid":{"rendered":"https:\/\/hydraulic-cylinders.net\/?post_type=product&#038;p=1919"},"modified":"2023-10-20T02:30:27","modified_gmt":"2023-10-20T02:30:27","slug":"hp5v-series-axial-piston-variable-displacement-hydraulic-pump","status":"publish","type":"product","link":"https:\/\/www.hydraulic-cylinders.net\/lv\/products\/hp5v-series-axial-piston-variable-displacement-hydraulic-pump\/","title":{"rendered":"HP5V s\u0113rijas aksi\u0101l\u0101 virzu\u013ca main\u012bga darba tilpuma hidrauliskais s\u016bknis"},"content":{"rendered":"<h1 style=\"text-align: center;\"><strong>HP5V s\u0113rijas aksi\u0101l\u0101 virzu\u013ca main\u012bga darba tilpuma hidrauliskais s\u016bknis<\/strong><\/h1>\n<p><img loading=\"lazy\" decoding=\"async\" class=\"aligncenter wp-image-1927\" src=\"https:\/\/hydraulic-cylinders.net\/wp-content\/uploads\/2023\/10\/hp5v-series-axial-piston-variable-displacement-hydraulic-pump-1-300x300.webp\" alt=\"\" width=\"400\" height=\"400\" \/><\/p>\n<p>HP5V s\u0113rijas aksi\u0101l\u0101 virzu\u013ca main\u012bg\u0101 darba tilpuma hidrauliskais s\u016bknis ir moderna hidraulisk\u0101 sast\u0101vda\u013ca, kas pied\u0101v\u0101 nep\u0101rsp\u0113jamu efektivit\u0101ti un veiktsp\u0113ju da\u017e\u0101dos r\u016bpnieciskos pielietojumos. \u0160is s\u016bknis ir izstr\u0101d\u0101ts, izmantojot prec\u012bzu in\u017eenieriju un progres\u012bvas tehnolo\u0123ijas, un tas nodro\u0161ina uzticamu un prec\u012bzu hidraulisko jaudu, padarot to par b\u016btisku izv\u0113li pras\u012bg\u0101m hidrauliskaj\u0101m sist\u0113m\u0101m. \u0160aj\u0101 visaptvero\u0161aj\u0101 rakst\u0101 tiks detaliz\u0113ti apl\u016bkotas HP5V s\u0113rijas aksi\u0101l\u0101 virzu\u013ca main\u012bg\u0101 darba tilpuma hidraulisk\u0101 s\u016bk\u0146a galven\u0101s \u012bpa\u0161\u012bbas, lieto\u0161anas metodes un apkopes vadl\u012bnijas.<\/p>\n<p>HP5V s\u0113rijas aksi\u0101l\u0101 virzu\u013ca main\u012bg\u0101 darba tilpuma hidrauliskais s\u016bknis ir augstas veiktsp\u0113jas un efekt\u012bvs risin\u0101jums hidrauliskaj\u0101m sist\u0113m\u0101m. Pateicoties t\u0101 main\u012bg\u0101 darba tilpuma tehnolo\u0123ijai, kompaktajam dizainam un klusajai darb\u012bbai, \u0161is s\u016bknis nodro\u0161ina uzticamu un prec\u012bzu hidraulisko jaudu. Iev\u0113rojot ieteicam\u0101s lieto\u0161anas metodes un regul\u0101ras apkopes praksi, HP5V s\u0113rijas s\u016bknis turpin\u0101s nodro\u0161in\u0101t izcilu veiktsp\u0113ju, veicinot pla\u0161a r\u016bpniecisko pielietojumu kl\u0101sta pan\u0101kumus. Izmantojiet hp5v s\u0113rijas aksi\u0101l\u0101 virzu\u013ca main\u012bg\u0101 darba tilpuma hidraulisk\u0101 s\u016bk\u0146a efektivit\u0101ti un veiktsp\u0113ju un piln\u012bb\u0101 atkl\u0101jiet savas hidraulisk\u0101s sist\u0113mas potenci\u0101lu.<\/p>\n<p>HP5V s\u0113rijas aksi\u0101l\u0101 virzu\u013ca main\u012bga darba tilpuma hidraulisk\u0101 s\u016bk\u0146a galven\u0101s \u012bpa\u0161\u012bbas:<\/p>\n<ul>\n<li>Main\u012bgas tilpuma tehnolo\u0123ija: HP5V s\u0113rijas s\u016bknim ir main\u012bgas tilpuma tehnolo\u0123ija, kas \u013cauj piel\u0101got izejas apjomu atkar\u012bb\u0101 no sist\u0113mas pras\u012bb\u0101m. \u0160\u012b iesp\u0113ja maksim\u0101li palielina energoefektivit\u0101ti, samazina siltuma veido\u0161anos un optimiz\u0113 kop\u0113jo sist\u0113mas veiktsp\u0113ju.<\/li>\n<li>Augsta efektivit\u0101te un veiktsp\u0113ja: HP5V s\u0113rijas s\u016bknis nodro\u0161ina izcilu efektivit\u0101ti un veiktsp\u0113ju, pateicoties t\u0101 uzlabotajam aksi\u0101l\u0101 virzu\u013ca dizainam. Tas nodro\u0161ina prec\u012bzu un uzticamu hidraulisko jaudu, garant\u0113jot vienm\u0113r\u012bgu darb\u012bbu un \u0113rtu augstspiediena pielietojumu apstr\u0101di.<\/li>\n<li>Kompakts un vietu taupo\u0161s dizains: S\u016bk\u0146a kompaktais dizains optimiz\u0113 vietas izmanto\u0161anu hidrauliskaj\u0101s sist\u0113m\u0101s. T\u0101 mazais izm\u0113rs \u013cauj to viegli integr\u0113t pat \u0161aur\u0101s telp\u0101s, vienlaikus saglab\u0101jot izcilu veiktsp\u0113ju un funkcionalit\u0101ti.<\/li>\n<li>Klusa darb\u012bba: HP5V s\u0113rijas s\u016bknis ir konstru\u0113ts ar trok\u0161\u0146u samazin\u0101\u0161anas funkcij\u0101m, kas nodro\u0161ina klusu darb\u012bbu da\u017e\u0101d\u0101s r\u016bpniecisk\u0101s vid\u0113s. \u0160\u012b \u012bpa\u0161\u012bba ir \u013coti svar\u012bga lietojumos, kuros nepiecie\u0161ams zems trok\u0161\u0146u l\u012bmenis, veicinot \u0113rtu un produkt\u012bvu darba vidi.<\/li>\n<\/ul>\n<h2><strong>HP5V s\u0113rijas aksi\u0101l\u0101 virzu\u013ca main\u012bg\u0101 darba tilpuma hidraulisk\u0101 s\u016bk\u0146a parametrs:<\/strong><\/h2>\n<table class=\"table table-bordered table-hover table-colored\" data-sort=\"sortDisabled\">\n<tbody>\n<tr class=\"firstRow\">\n<td colspan=\"2\" align=\"left\" valign=\"middle\">Izm\u0113rs<\/td>\n<td align=\"center\" valign=\"middle\">HP5VS28<\/td>\n<td align=\"center\" valign=\"middle\">HP5V28<\/td>\n<td align=\"center\" valign=\"middle\">HP5V45<\/td>\n<td align=\"center\" valign=\"middle\">HP5V60<\/td>\n<td align=\"center\" valign=\"middle\">HP5V76<\/td>\n<td align=\"center\" valign=\"middle\">HP5V85<\/td>\n<td align=\"center\" valign=\"middle\">HP5V105<\/td>\n<\/tr>\n<tr>\n<td colspan=\"2\" align=\"left\" valign=\"middle\">Darba tilpums (cm\u00b3\/apgr.)<\/td>\n<td align=\"center\" valign=\"middle\">28<\/td>\n<td align=\"center\" valign=\"middle\">28<\/td>\n<td align=\"center\" valign=\"middle\">45<\/td>\n<td align=\"center\" valign=\"middle\">60<\/td>\n<td align=\"center\" valign=\"middle\">76<\/td>\n<td align=\"center\" valign=\"middle\">85<\/td>\n<td align=\"center\" valign=\"middle\">104.3<\/td>\n<\/tr>\n<tr>\n<td rowspan=\"2\" align=\"left\" valign=\"middle\">Spiediens<\/td>\n<td align=\"center\" valign=\"middle\">Nomin\u0101lais spiediens (b\u0101ri)<\/td>\n<td align=\"center\" valign=\"middle\">250<\/td>\n<td align=\"center\" valign=\"middle\">320<\/td>\n<td align=\"center\" valign=\"middle\">320<\/td>\n<td align=\"center\" valign=\"middle\">250<\/td>\n<td align=\"center\" valign=\"middle\">320<\/td>\n<td align=\"center\" valign=\"middle\">280<\/td>\n<td align=\"center\" valign=\"middle\">350<\/td>\n<\/tr>\n<tr>\n<td align=\"left\" valign=\"middle\">Maksim\u0101lais spiediens (bar)<\/td>\n<td align=\"center\" valign=\"middle\">315<\/td>\n<td align=\"center\" valign=\"middle\">350<\/td>\n<td align=\"center\" valign=\"middle\">350<\/td>\n<td align=\"center\" valign=\"middle\">280<\/td>\n<td align=\"center\" valign=\"middle\">350<\/td>\n<td align=\"center\" valign=\"middle\">320<\/td>\n<td align=\"center\" valign=\"middle\">400<\/td>\n<\/tr>\n<tr>\n<td rowspan=\"2\" align=\"left\" valign=\"middle\">Rot\u0101cijas \u0101trums apgr.\/min<\/td>\n<td align=\"center\" valign=\"middle\">Maks. pa\u0161uzs\u016bco\u0161ai\u00a0<sup>*1<\/sup>\u00a0(b\u0101rs)<\/td>\n<td align=\"center\" valign=\"middle\">3000<\/td>\n<td align=\"center\" valign=\"middle\">3000<\/td>\n<td align=\"center\" valign=\"middle\">2700<\/td>\n<td align=\"center\" valign=\"middle\">2400<\/td>\n<td align=\"center\" valign=\"middle\">2400<\/td>\n<td align=\"center\" valign=\"middle\">2400<\/td>\n<td align=\"center\" valign=\"middle\">2200<\/td>\n<\/tr>\n<tr>\n<td align=\"center\" valign=\"middle\">Makss<sup>*2\u00a0<\/sup>\u00a0(b\u0101rs)<\/td>\n<td align=\"center\" valign=\"middle\">3600<\/td>\n<td align=\"center\" valign=\"middle\">3600<\/td>\n<td align=\"center\" valign=\"middle\">3250<\/td>\n<td align=\"center\" valign=\"middle\">3000<\/td>\n<td align=\"center\" valign=\"middle\">3000<\/td>\n<td align=\"center\" valign=\"middle\">3000<\/td>\n<td align=\"center\" valign=\"middle\">2600<\/td>\n<\/tr>\n<tr>\n<td colspan=\"2\" align=\"left\" valign=\"middle\">Svars (kg)<\/td>\n<td align=\"center\" valign=\"middle\">17.2<\/td>\n<td align=\"center\" valign=\"middle\">20<\/td>\n<td align=\"center\" valign=\"middle\">24<\/td>\n<td align=\"center\" valign=\"middle\">24<\/td>\n<td align=\"center\" valign=\"middle\">28<\/td>\n<td align=\"center\" valign=\"middle\">28<\/td>\n<td align=\"center\" valign=\"middle\">45<\/td>\n<\/tr>\n<tr>\n<td colspan=\"2\" align=\"left\" valign=\"middle\">E\u013c\u013cas daudzums s\u016bk\u0146a korpusa uzpild\u012b\u0161anai (L)<\/td>\n<td align=\"center\" valign=\"middle\">0.55<\/td>\n<td align=\"center\" valign=\"middle\">0.6<\/td>\n<td align=\"center\" valign=\"middle\">0.6<\/td>\n<td align=\"center\" valign=\"middle\">0.6<\/td>\n<td align=\"center\" valign=\"middle\">0.8<\/td>\n<td align=\"center\" valign=\"middle\">0.8<\/td>\n<td align=\"center\" valign=\"middle\">1<\/td>\n<\/tr>\n<tr>\n<td colspan=\"2\" align=\"left\" valign=\"middle\">Temperat\u016bras diapazons (\u2103)<\/td>\n<td colspan=\"7\" align=\"center\" valign=\"middle\">-20~95<\/td>\n<\/tr>\n<tr>\n<td colspan=\"2\" rowspan=\"1\" align=\"left\" valign=\"middle\">Temperat\u016bras diapazons (mm)<sup>2<\/sup>\/s)<\/td>\n<td colspan=\"7\" align=\"center\" valign=\"middle\">10-1000<sup>*3<\/sup>(Vislab\u0101k izmantot viskozit\u0101tes diapazonu 16\u201336 mm<sup>2<\/sup>\/s)<\/td>\n<\/tr>\n<\/tbody>\n<\/table>\n<h2><strong>HP5V s\u0113rijas aksi\u0101l\u0101 virzu\u013ca main\u012bg\u0101 darba tilpuma hidraulisk\u0101 s\u016bk\u0146a priek\u0161roc\u012bbas:<\/strong><\/h2>\n<p>\u2022 Main\u0101ma tilpuma s\u016bknis ar sl\u012bdpl\u0101ksnes konstrukciju atv\u0113rtai \u0137\u0113dei.<br \/>\n\u2022 Sal\u012bdzinot ar eso\u0161ajiem tirg\u016b pieejamajiem produktiem, tiek izmantota pastiprin\u0101ta piedzi\u0146as v\u0101rpsta un augstas iztur\u012bbas cilindru materi\u0101ls, kas nodro\u0161ina nep\u0101rtrauktu spiedienu virs 320 b\u0101riem.<br \/>\n\u2022 Lai uzlabotu nestsp\u0113ju un ilgu kalpo\u0161anas laiku, tiek izmantoti \u012bpa\u0161i iztur\u012bgi gult\u0146i, piem\u0113ram, cilindriski rull\u012b\u0161i.<br \/>\n\u2022 Augsta jaudas un svara attiec\u012bba.<br \/>\n\u2022 Pieejams ar amerik\u0101\u0146u (SAE) un jap\u0101\u0146u (JIS) mont\u0101\u017eas flan\u010diem un v\u0101rpst\u0101m.<br \/>\n\u2022 Lieliska uzticam\u012bba un ilgs kalpo\u0161anas laiks.<br \/>\n\u2022 Da\u017e\u0101das vad\u012bbas iesp\u0113jas.<br \/>\n\u2022 P\u0113c izv\u0113les caurejo\u0161a piedzi\u0146a.<br \/>\n\u2022 \u0100tra vad\u012bbas reakcija.<br \/>\n\u2022 Zema spiediena puls\u0101cija un zems trok\u0161\u0146a l\u012bmenis.<br \/>\n\u2022 Izstr\u0101d\u0101ts in\u017eenierzin\u0101tn\u0113m, mobilajiem transportl\u012bdzek\u013ciem, r\u016bpnieciskiem, citiem r\u016bpnieciskiem lietojumiem un lauksaimniec\u012bbas tehnikai.<\/p>\n<h2><strong>HP5V s\u0113rijas aksi\u0101l\u0101 virzu\u013ca main\u012bga darba tilpuma hidrauliskais s\u016bknis <\/strong><strong>Pielietojums:<\/strong><\/h2>\n<p><img loading=\"lazy\" decoding=\"async\" class=\"alignnone wp-image-1930 size-full\" src=\"https:\/\/hydraulic-cylinders.net\/wp-content\/uploads\/2023\/10\/hp5v-series-axial-piston-variable-displacement-hydraulic-pump-2.webp\" alt=\"\" width=\"1147\" height=\"586\" srcset=\"https:\/\/hydraulic-cylinders.net\/wp-content\/uploads\/2023\/10\/hp5v-series-axial-piston-variable-displacement-hydraulic-pump-2.webp 1147w, https:\/\/hydraulic-cylinders.net\/wp-content\/uploads\/2023\/10\/hp5v-series-axial-piston-variable-displacement-hydraulic-pump-2-980x501.webp 980w, https:\/\/hydraulic-cylinders.net\/wp-content\/uploads\/2023\/10\/hp5v-series-axial-piston-variable-displacement-hydraulic-pump-2-480x245.webp 480w\" sizes=\"(min-width: 0px) and (max-width: 480px) 480px, (min-width: 481px) and (max-width: 980px) 980px, (min-width: 981px) 1147px, 100vw\" \/><\/p>\n<h2><strong>Lieto\u0161anas metode <\/strong><strong>HP5V s\u0113rijas aksi\u0101l\u0101 virzu\u013ca main\u012bga darba tilpuma hidrauliskais s\u016bknis<\/strong><strong>:<\/strong><\/h2>\n<ul>\n<li><strong>S\u016bk\u0146a uzst\u0101d\u012b\u0161ana:<\/strong>\u00a0 Uzst\u0101diet HP5V s\u0113rijas aksi\u0101l\u0101 virzu\u013ca main\u012bg\u0101 darba tilpuma hidraulisko s\u016bkni paredz\u0113taj\u0101 viet\u0101 hidrauliskaj\u0101 sist\u0113m\u0101. Lai nodro\u0161in\u0101tu pareizu izl\u012bdzin\u0101\u0161anu un dro\u0161u piestiprin\u0101\u0161anu pie sist\u0113mas konstrukcijas, izmantojot piem\u0113rotus mont\u0101\u017eas kron\u0161teinus vai piederumus, skatiet ra\u017eot\u0101ja vadl\u012bnijas un specifik\u0101cijas.<\/li>\n<li><strong>Hidraulisk\u0101s sist\u0113mas integr\u0101cija:<\/strong> Pievienojiet s\u016bkni hidrauliskajai sist\u0113mai, izmantojot sader\u012bgas \u0161\u013c\u016btenes, savienojumus un v\u0101rstus. P\u0101rliecinieties, vai visi savienojumi ir dro\u0161i, bez nopl\u016bd\u0113m un pareizi pievilkti, lai garant\u0113tu optim\u0101lu hidraulisko veiktsp\u0113ju.<\/li>\n<li><strong>\u0160\u0137idrumu sader\u012bba:<\/strong> P\u0101rliecinieties, vai sist\u0113m\u0101 izmantotais hidrauliskais \u0161\u0137idrums ir sader\u012bgs ar HP5V s\u0113rijas s\u016bkni. Skatiet ra\u017eot\u0101ja ieteikumus par atbilsto\u0161o \u0161\u0137idruma veidu, viskozit\u0101ti un temperat\u016bras diapazonu. Regul\u0101ri uzraugiet un apkopiet hidraulisko \u0161\u0137idrumu, lai nodro\u0161in\u0101tu pareizu s\u016bk\u0146a darb\u012bbu un ilgm\u016b\u017e\u012bbu.<\/li>\n<li><strong>Darb\u012bbas parametri:<\/strong> Iepaz\u012bstieties ar s\u016bk\u0146a vad\u012bbas iesp\u0113j\u0101m un piel\u0101gojiet darb\u012bbas parametrus atbilsto\u0161i hidraulisk\u0101s sist\u0113mas \u012bpa\u0161aj\u0101m pras\u012bb\u0101m. Uzraugiet un piel\u0101gojiet s\u016bk\u0146a p\u0101rvieto\u0161an\u0101s iestat\u012bjumus, lai optimiz\u0113tu veiktsp\u0113ju un energoefektivit\u0101ti.<\/li>\n<\/ul>\n<h2><strong>K\u0101 nomain\u012bt hidraulisk\u0101 cilindra bl\u012bv\u0113jumu?<\/strong><\/h2>\n<p>Hidraulisk\u0101 cilindra bl\u012bv\u0113juma nomai\u0146a prasa r\u016bp\u012bgu uzman\u012bbu deta\u013c\u0101m un pareizu proced\u016bru iev\u0113ro\u0161anu. \u0160eit ir sniegts soli pa solim sniegts ce\u013cvedis, kas pal\u012bdz\u0113s jums veikt \u0161o procesu:<\/p>\n<ol>\n<li><strong>Sagatavo\u0161an\u0101s un dro\u0161\u012bba:<\/strong>\n<ul>\n<li>P\u0101rliecinieties, ka hidrauliskais cilindrs ir bez spiediena un atvienots no sist\u0113mas.<\/li>\n<li>Not\u012briet cilindra \u0101rpusi, lai procesa laik\u0101 nov\u0113rstu net\u012brumu vai gru\u017eu iek\u013c\u016b\u0161anu.<\/li>\n<li>Novietojiet cilindru uz stabilas darba virsmas un nostipriniet to, izmantojot skavas vai skr\u016bvsp\u012bles.<\/li>\n<\/ul>\n<\/li>\n<li><strong>Identific\u0113jiet z\u012bmogu:<\/strong>\n<ul>\n<li>Nosakiet nomain\u0101m\u0101 bl\u012bv\u0113juma veidu (piem\u0113ram, stie\u0146a bl\u012bv\u0113jums, virzu\u013ca bl\u012bv\u0113jums, stikla t\u012br\u012bt\u0101ja bl\u012bv\u0113jums).<\/li>\n<li>Lai ieg\u016btu pareizas bl\u012bv\u0113juma specifik\u0101cijas, skatiet balona tehnisko dokument\u0101ciju vai sazinieties ar ra\u017eot\u0101ju.<\/li>\n<\/ul>\n<\/li>\n<li><strong>Demont\u0101\u017ea:<\/strong>\n<ul>\n<li>No\u0146emiet visus stiprin\u0101juma elementus, piem\u0113ram, skr\u016bves, fiks\u0101cijas gredzenus vai fiks\u0101cijas gredzenus, kas nostiprina cilindra galvu vai v\u0101ci\u0146u.<\/li>\n<li>Uzman\u012bgi no\u0146emiet cilindra galvu vai v\u0101ci\u0146u, atsedzot virzuli, stieni un veco bl\u012bvi.<\/li>\n<\/ul>\n<\/li>\n<li><strong>No\u0146emiet veco z\u012bmogu:<\/strong>\n<ul>\n<li>Izmantojiet piem\u0113rotu instrumentu, piem\u0113ram, bl\u012bv\u0113juma atv\u0101\u017eamu instrumentu, \u0101\u0137i vai mazu skr\u016bvgriezi, lai uzman\u012bgi iz\u0146emtu veco bl\u012bv\u0113jumu.<\/li>\n<li>\u0160\u012bs proced\u016bras laik\u0101 uzmanieties, lai nesaboj\u0101tu cilindru virsmas.<\/li>\n<li>P\u0101rbaudiet cilindra urbumu un stieni, vai nav boj\u0101jumu vai nodiluma paz\u012bmju. Ja ir iev\u0113rojami boj\u0101jumi, apsveriet profesion\u0101las p\u0101rbaudes veik\u0161anu vai visa cilindra nomai\u0146u.<\/li>\n<\/ul>\n<\/li>\n<li><strong>T\u012br\u012bt un iee\u013c\u013cot:<\/strong>\n<ul>\n<li>R\u016bp\u012bgi not\u012briet cilindra urbumu, stieni un apk\u0101rt\u0113j\u0101s deta\u013cas, izmantojot bezpl\u016bksnu dr\u0101nu vai piem\u0113rotu \u0161\u0137\u012bdin\u0101t\u0101ju.<\/li>\n<li>Uzkl\u0101jiet uz jaun\u0101 bl\u012bv\u0113juma pl\u0101nu hidraulisk\u0101s e\u013c\u013cas vai bl\u012bv\u0113juma sm\u0113rvielas k\u0101rtu, lai atvieglotu uzst\u0101d\u012b\u0161anu un nodro\u0161in\u0101tu pareizu bl\u012bv\u0113jumu.<\/li>\n<\/ul>\n<\/li>\n<li><strong>Jaun\u0101 bl\u012bv\u0113juma uzst\u0101d\u012b\u0161ana:<\/strong>\n<ul>\n<li>Uzman\u012bgi novietojiet jauno bl\u012bvi t\u0101 riev\u0101, p\u0101rliecinoties, ka t\u0101 ir pareizi orient\u0113ta.<\/li>\n<li>Izmantojiet bl\u012bv\u0113juma uzst\u0101d\u012b\u0161anas instrumentu vai m\u012bkstu \u0101muru, lai viegli iespiestu bl\u012bv\u0113jumu viet\u0101, vienm\u0113r\u012bgi pielietojot spiedienu pa t\u0101 perimetru.<\/li>\n<li>P\u0101rliecinieties, ka bl\u012bv\u0113jums ir pareizi novietots un piln\u012bb\u0101 ievietots riev\u0101.<\/li>\n<\/ul>\n<\/li>\n<li><strong>Salik\u0161ana:<\/strong>\n<ul>\n<li>Uzst\u0101diet atpaka\u013c visas atliku\u0161\u0101s deta\u013cas, kas no\u0146emtas demont\u0101\u017eas laik\u0101, piem\u0113ram, skr\u016bves, fiks\u0101cijas gredzenus vai fiks\u0101cijas gredzenus.<\/li>\n<li>Lai nodro\u0161in\u0101tu pareizu bl\u012bv\u0113jumu un izl\u012bdzin\u0101\u0161anu, iev\u0113rojiet ra\u017eot\u0101ja nor\u0101d\u012bt\u0101s griezes momenta v\u0113rt\u012bbas un pievilk\u0161anas sec\u012bbas specifik\u0101cijas.<\/li>\n<\/ul>\n<\/li>\n<li><strong>Test\u0113\u0161ana un p\u0101rbaude:<\/strong>\n<ul>\n<li>Pievienojiet hidraulisko cilindru sist\u0113mai un p\u0101rliecinieties, vai visi savienojumi ir dro\u0161i.<\/li>\n<li>Pak\u0101peniski atjaunojiet sist\u0113mas spiedienu un p\u0101rbaudiet, vai nav nopl\u016b\u017eu vai citu anom\u0101liju.<\/li>\n<li>Lai p\u0101rbaud\u012btu bl\u012bv\u0113juma pareizu darb\u012bbu, veiciet pilnu hidraulisk\u0101 cilindra kust\u012bbas diapazonu.<\/li>\n<\/ul>\n<\/li>\n<\/ol>\n<h2><strong>R\u016bpn\u012bcas iesp\u0113jas un jauda:<\/strong><\/h2>\n<h3>(1) Mont\u0101\u017ea<\/h3>\n<p>Mums ir pirmklas\u012bga neatkar\u012bga p\u0113tniec\u012bbas un att\u012bst\u012bbas mont\u0101\u017eas platforma. Hidraulisko cilindru ra\u017eo\u0161anas darbn\u012bc\u0101 ir \u010detras pusautom\u0101tiskas pacel\u0161anas cilindru mont\u0101\u017eas l\u012bnijas un viena autom\u0101tisk\u0101 sl\u012bpuma cilindru mont\u0101\u017eas l\u012bnija ar projekt\u0113to gada ra\u017eo\u0161anas jaudu 1 miljons vien\u012bbu. Speci\u0101lo cilindru darbn\u012bca ir apr\u012bkota ar da\u017e\u0101du specifik\u0101ciju pusautom\u0101tisku t\u012br\u012b\u0161anas mont\u0101\u017eas sist\u0113mu ar projekt\u0113to gada ra\u017eo\u0161anas jaudu 200 000 vien\u012bbu un apr\u012bkota ar slaven\u0101m CNC apstr\u0101des iek\u0101rt\u0101m, apstr\u0101des centru, augstas precizit\u0101tes cilindru apstr\u0101des speci\u0101lo apr\u012bkojumu, robotiz\u0113tu metin\u0101\u0161anas iek\u0101rtu, autom\u0101tisku t\u012br\u012b\u0161anas iek\u0101rtu, autom\u0101tisku cilindru mont\u0101\u017eas iek\u0101rtu un autom\u0101tisku kr\u0101so\u0161anas ra\u017eo\u0161anas l\u012bniju. Eso\u0161ais kritiskais apr\u012bkojums ir vair\u0101k nek\u0101 300 komplektu (komplektu). Optim\u0101la iek\u0101rtu resursu sadale un efekt\u012bva izmanto\u0161ana nodro\u0161ina produktu precizit\u0101tes pras\u012bbas un apmierina produktu augst\u0101s kvalit\u0101tes pras\u012bbas.<\/p>\n<p><img loading=\"lazy\" decoding=\"async\" class=\"alignnone wp-image-626\" src=\"https:\/\/hydraulic-cylinders.net\/wp-content\/uploads\/2023\/08\/hydraulic-cylinder-product-1-300x158.webp\" alt=\"\" width=\"495\" height=\"260\" srcset=\"https:\/\/hydraulic-cylinders.net\/wp-content\/uploads\/2023\/08\/hydraulic-cylinder-product-1-300x158.webp 495w, https:\/\/hydraulic-cylinders.net\/wp-content\/uploads\/2023\/08\/hydraulic-cylinder-product-1-480x252.webp 480w\" sizes=\"(min-width: 0px) and (max-width: 480px) 480px, (min-width: 481px) 495px, 100vw\" \/> <img loading=\"lazy\" decoding=\"async\" class=\"alignnone wp-image-627\" src=\"https:\/\/hydraulic-cylinders.net\/wp-content\/uploads\/2023\/08\/hydraulic-cylinder-product-2-300x189.webp\" alt=\"\" width=\"413\" height=\"260\" \/><\/p>\n<h3>(2) Apstr\u0101de<\/h3>\n<p>Apstr\u0101des cehs ir apr\u012bkots ar piel\u0101gotu sl\u012bpo slie\u017eu virpo\u0161anas centru, apstr\u0101des centru, \u0101trgaitas asin\u0101\u0161anas ma\u0161\u012bnu, metin\u0101\u0161anas robotu un citu saist\u012btu apr\u012bkojumu, kas var apstr\u0101d\u0101t cilindriskas caurules ar maksim\u0101lo iek\u0161\u0113jo diametru 400 mm un maksim\u0101lo garumu 6 metri.<\/p>\n<p><img loading=\"lazy\" decoding=\"async\" class=\"alignnone wp-image-628 size-large\" src=\"https:\/\/hydraulic-cylinders.net\/wp-content\/uploads\/2023\/08\/hydraulic-cylinder-product-3-1024x391.webp\" alt=\"\" width=\"1024\" height=\"391\" srcset=\"https:\/\/hydraulic-cylinders.net\/wp-content\/uploads\/2023\/08\/hydraulic-cylinder-product-3-980x374.webp 980w, https:\/\/hydraulic-cylinders.net\/wp-content\/uploads\/2023\/08\/hydraulic-cylinder-product-3-480x183.webp 480w\" sizes=\"(min-width: 0px) and (max-width: 480px) 480px, (min-width: 481px) and (max-width: 980px) 980px, (min-width: 981px) 1024px, 100vw\" \/><\/p>\n<h3>(3) Metin\u0101\u0161ana<\/h3>\n<p><img loading=\"lazy\" decoding=\"async\" class=\"alignnone wp-image-629 size-large\" src=\"https:\/\/hydraulic-cylinders.net\/wp-content\/uploads\/2023\/08\/hydraulic-cylinder-product-4-1024x510.webp\" alt=\"\" width=\"1024\" height=\"510\" srcset=\"https:\/\/hydraulic-cylinders.net\/wp-content\/uploads\/2023\/08\/hydraulic-cylinder-product-4-980x488.webp 980w, https:\/\/hydraulic-cylinders.net\/wp-content\/uploads\/2023\/08\/hydraulic-cylinder-product-4-480x239.webp 480w\" sizes=\"(min-width: 0px) and (max-width: 480px) 480px, (min-width: 481px) and (max-width: 980px) 980px, (min-width: 981px) 1024px, 100vw\" \/><\/p>\n<h3>(4) Kr\u0101so\u0161ana un p\u0101rkl\u0101\u0161ana<\/h3>\n<p>Ar maz\u0101m un vid\u0113ja izm\u0113ra cilindrisk\u0101m autom\u0101tisk\u0101m \u016bdens b\u0101zes kr\u0101su p\u0101rkl\u0101\u0161anas l\u012bnij\u0101m, lai pan\u0101ktu autom\u0101tisku robotu iekrau\u0161anu un izkrau\u0161anu un autom\u0101tisku izsmidzin\u0101\u0161anu, projekt\u0113t\u0101 jauda ir 4000 gabali mai\u0146\u0101;<br \/>\nMums ir ar\u012b pusautom\u0101tiska kr\u0101su ra\u017eo\u0161anas l\u012bnija lieliem baloniem, ko darbina \u0137\u0113des piedzi\u0146a, ar 60 kastu konstrukcijas jaudu vien\u0101 mai\u0146\u0101.<\/p>\n<p><img loading=\"lazy\" decoding=\"async\" class=\"alignnone wp-image-630\" src=\"https:\/\/hydraulic-cylinders.net\/wp-content\/uploads\/2023\/08\/hydraulic-cylinder-product-5-300x213.webp\" alt=\"\" width=\"366\" height=\"260\" \/> <img loading=\"lazy\" decoding=\"async\" class=\"alignnone wp-image-631\" src=\"https:\/\/hydraulic-cylinders.net\/wp-content\/uploads\/2023\/08\/hydraulic-cylinder-product-6-300x225.webp\" alt=\"\" width=\"347\" height=\"260\" \/><\/p>\n<h3>(5) Test\u0113\u0161ana<\/h3>\n<p>Mums ir augst\u0101k\u0101s klases p\u0101rbaudes iek\u0101rtas un test\u0113\u0161anas stendi, lai nodro\u0161in\u0101tu, ka balona veiktsp\u0113ja atbilst pras\u012bb\u0101m.<\/p>\n<p><img loading=\"lazy\" decoding=\"async\" class=\"alignnone wp-image-632\" src=\"https:\/\/hydraulic-cylinders.net\/wp-content\/uploads\/2023\/08\/hydraulic-cylinder-product-8-300x200.webp\" alt=\"\" width=\"389\" height=\"260\" \/><\/p>\n<p>&nbsp;<\/p>\n<p>&nbsp;<\/p>\n<p>M\u0113s esam viens no lab\u0101kajiem hidraulisko cilindru ra\u017eot\u0101jiem. M\u0113s varam pied\u0101v\u0101t visaptvero\u0161us hidrauliskos cilindrus. M\u0113s nodro\u0161in\u0101m ar\u012b atbilsto\u0161us <a href=\"https:\/\/hzpt.com\/agricultural-pto-gearbox\/\" target=\"_blank\" rel=\"noopener\">lauksaimniec\u012bbas p\u0101rnesumk\u0101rbas<\/a>. M\u0113s esam eksport\u0113ju\u0161i savus produktus klientiem vis\u0101 pasaul\u0113 un esam ieguvu\u0161i labu reput\u0101ciju, pateicoties m\u016bsu izcilajai produktu kvalit\u0101tei un p\u0113cp\u0101rdo\u0161anas servisam. M\u0113s aicin\u0101m klientus no valsts un \u0101rvalst\u012bm sazin\u0101ties ar mums, lai risin\u0101tu biznesa sarunas, apmain\u012btos ar inform\u0101ciju un... <a href=\"https:\/\/www.hydraulic-cylinders.net\/lv\/contact-us\/\">sadarboties ar mums<\/a>!<\/p>\n<p>&nbsp;<\/p>","protected":false},"excerpt":{"rendered":"<p>HP5V Series Axial Piston Variable Displacement Hydraulic Pump The HP5V series axial piston variable displacement hydraulic pump is a cutting-edge hydraulic component that offers unmatched efficiency and performance in various industrial applications. Designed with precision engineering and advanced technology, this pump delivers reliable and precise hydraulic power, making it an essential choice for demanding hydraulic [&hellip;]<\/p>","protected":false},"featured_media":1928,"comment_status":"open","ping_status":"closed","template":"","meta":{"_et_pb_use_builder":"","_et_pb_old_content":"","_et_gb_content_width":""},"product_brand":[],"product_cat":[1425],"product_tag":[1380],"class_list":{"0":"post-1919","1":"product","2":"type-product","3":"status-publish","4":"has-post-thumbnail","6":"product_cat-piston-pump","7":"product_tag-hydraulic-cylinder","9":"first","10":"instock","11":"shipping-taxable","12":"product-type-simple"},"amp_enabled":true,"_links":{"self":[{"href":"https:\/\/www.hydraulic-cylinders.net\/lv\/wp-json\/wp\/v2\/product\/1919","targetHints":{"allow":["GET"]}}],"collection":[{"href":"https:\/\/www.hydraulic-cylinders.net\/lv\/wp-json\/wp\/v2\/product"}],"about":[{"href":"https:\/\/www.hydraulic-cylinders.net\/lv\/wp-json\/wp\/v2\/types\/product"}],"replies":[{"embeddable":true,"href":"https:\/\/www.hydraulic-cylinders.net\/lv\/wp-json\/wp\/v2\/comments?post=1919"}],"wp:featuredmedia":[{"embeddable":true,"href":"https:\/\/www.hydraulic-cylinders.net\/lv\/wp-json\/wp\/v2\/media\/1928"}],"wp:attachment":[{"href":"https:\/\/www.hydraulic-cylinders.net\/lv\/wp-json\/wp\/v2\/media?parent=1919"}],"wp:term":[{"taxonomy":"product_brand","embeddable":true,"href":"https:\/\/www.hydraulic-cylinders.net\/lv\/wp-json\/wp\/v2\/product_brand?post=1919"},{"taxonomy":"product_cat","embeddable":true,"href":"https:\/\/www.hydraulic-cylinders.net\/lv\/wp-json\/wp\/v2\/product_cat?post=1919"},{"taxonomy":"product_tag","embeddable":true,"href":"https:\/\/www.hydraulic-cylinders.net\/lv\/wp-json\/wp\/v2\/product_tag?post=1919"}],"curies":[{"name":"wp","href":"https:\/\/api.w.org\/{rel}","templated":true}]}}