{"id":19192,"date":"2025-04-07T06:17:24","date_gmt":"2025-04-07T06:17:24","guid":{"rendered":"https:\/\/www.hydraulic-cylinders.net\/product\/boom-cylinder-for-xcmg-middle-excavator-xe210\/"},"modified":"2025-04-07T06:17:26","modified_gmt":"2025-04-07T06:17:26","slug":"boom-cylinder-for-xcmg-middle-excavator-xe210","status":"publish","type":"product","link":"https:\/\/www.hydraulic-cylinders.net\/lv\/products\/boom-cylinder-for-xcmg-middle-excavator-xe210\/","title":{"rendered":"XCMG vid\u0113j\u0101 ekskavatora XE210 str\u0113les cilindrs"},"content":{"rendered":"<h1>XCMG vid\u0113j\u0101 ekskavatora XE210 str\u0113les cilindrs<\/h1>\n<h2>Produkta p\u0101rskats<\/h2>\n<p>XCMG vid\u0113j\u0101 ekskavatora XE210 str\u0113les cilindrs ir svar\u012bga sast\u0101vda\u013ca, kas paredz\u0113ta, lai uzlabotu ekskavatoru ekspluat\u0101cijas iesp\u0113jas. \u0160im hidrauliskajam cilindram ir iz\u0161\u0137iro\u0161a noz\u012bme ekskavatora str\u0113les kust\u012bbas kontrol\u0113\u0161an\u0101, \u013caujot tam efekt\u012bvi pacelt, nolaist un noliekt. Atvieglojot \u0161\u012bs kust\u012bbas, str\u0113les cilindrs ir b\u016btisks da\u017e\u0101diem materi\u0101lu apstr\u0101des uzdevumiem, nodro\u0161inot, ka smagas kravas var tikt p\u0101rvald\u012btas efekt\u012bvi un dro\u0161i.<\/p>\n<p><img decoding=\"async\" src=\"https:\/\/www.hydraulic-cylinders.net\/wp-content\/uploads\/2025\/04\/songte-company-1.webp\" alt=\"Str\u0113les cilindrs\"><\/p>\n<h3>Defin\u012bcija un funkcija<\/h3>\n<p>Kausa cilindrs ir specializ\u0113ts hidrauliskais cilindrs, ko izmanto, lai kontrol\u0113tu kausa kust\u012bbas smagaj\u0101s ma\u0161\u012bn\u0101s, piem\u0113ram, ekskavatoros, univers\u0101lajos iekr\u0101v\u0113jos un front\u0101lajos iekr\u0101v\u0113jos. \u0160\u0101da veida cilindrs \u013cauj kausam veikt svar\u012bgas funkcijas, piem\u0113ram, pacel\u0161anu, nolai\u0161anu un noliek\u0161anu, t\u0101d\u0113j\u0101di pal\u012bdzot materi\u0101lu apstr\u0101des uzdevumos. Hidraulisk\u0101 sist\u0113ma izmanto spiediena \u0161\u0137idrumu, lai rad\u012btu kust\u012bbu, \u013caujot prec\u012bzi un viegli vad\u012bt smag\u0101s ma\u0161\u012bnas. Ekskavatora efektivit\u0101te un lietder\u012bba liel\u0101 m\u0113r\u0101 ir atkar\u012bga no t\u0101 str\u0113les cilindra veiktsp\u0113jas, kas nodro\u0161ina, ka ma\u0161\u012bna var darboties da\u017e\u0101dos apst\u0101k\u013cos un uzdevumos.<\/p>\n<h2>Str\u0113les cilindra \u012bpa\u0161\u012bbas<\/h2>\n<ul>\n<li><strong>Augsta iztur\u012bba un ilgm\u016b\u017e\u012bba:<\/strong> Izgatavots no augstas stipr\u012bbas t\u0113rauda vai alum\u012bnija, \u0161is cilindrs var iztur\u0113t augstu spiedienu un lielas slodzes, padarot to piem\u0113rotu skarbiem darba apst\u0101k\u013ciem. Konstrukcij\u0101 \u0146emta v\u0113r\u0101 nodilumiztur\u012bba un iztur\u012bba pret koroziju, t\u0101d\u0113j\u0101di pagarinot t\u0101 kalpo\u0161anas laiku.<\/li>\n<li><strong>Efekt\u012bva hidraulisk\u0101 darb\u012bba:<\/strong> Cilindrs izmanto hidraulisk\u0101s e\u013c\u013cas spiedienu, lai pan\u0101ktu vienm\u0113r\u012bgu izstiep\u0161anu un ievilk\u0161anu, \u013caujot \u0101tri rea\u0123\u0113t uz operatora komand\u0101m un nodro\u0161inot iev\u0113rojamu stum\u0161anas vai vilk\u0161anas sp\u0113ku, kas nepiecie\u0161ams smagu materi\u0101lu apstr\u0101dei un sare\u017e\u0123\u012btu uzdevumu veik\u0161anai.<\/li>\n<li><strong>Da\u017e\u0101di veidi:<\/strong> Atkar\u012bb\u0101 no ekspluat\u0101cijas vajadz\u012bb\u0101m cilindru var izv\u0113l\u0113ties k\u0101 vienk\u0101r\u0161as darb\u012bbas (iedarbojas vien\u0101 virzien\u0101) vai divpus\u0113jas darb\u012bbas (darbojas abos virzienos). Da\u017ei mode\u013ci ir teleskopiski, kas \u013cauj to liel\u0101ku pagarin\u0101jumu, nepalielinot \u0101r\u0113jos izm\u0113rus, kas ir ide\u0101li piem\u0113rots \u0161aur\u0101m telp\u0101m.<\/li>\n<\/ul>\n<h2>Ra\u017eo\u0161anas jauda<\/h2>\n<p>Mums ir iesp\u0113jas ra\u017eot str\u0113les cilindrus, kas nodro\u0161ina perfektu eso\u0161o hidraulisko cilindru aizvietot\u0101ju tirg\u016b. M\u016bsu produkti saglab\u0101 augstu kvalit\u0101ti un precizit\u0101ti, nodro\u0161inot sader\u012bbu ar da\u017e\u0101diem ekskavatoru mode\u013ciem.<\/p>\n<p><img decoding=\"async\" src=\"https:\/\/www.hydraulic-cylinders.net\/wp-content\/uploads\/2025\/04\/songte-cylinder-head-with-all-kinds-excavator-models.webp\" alt=\"Cilindra galva\"><\/p>\n<h2>Lietojumprogrammu scen\u0101riji<\/h2>\n<h3>Celtniec\u012bbas apr\u012bkojums<\/h3>\n<p>Ekskavatoros str\u0113les cilindri ir kritiski svar\u012bgi augsnes vai gru\u017eu rak\u0161anai, iekrau\u0161anai un p\u0101rvieto\u0161anai. Tie nodro\u0161ina efekt\u012bvas rak\u0161anas darb\u012bbas un ir b\u016btiski, lai paceltu kausu pietiekami augstu materi\u0101lu transport\u0113\u0161anai. \u0160\u012b funkcionalit\u0101te ir vit\u0101li svar\u012bga b\u016bvlaukumos, kur materi\u0101li ir j\u0101p\u0101rvieto efekt\u012bvi.<\/p>\n<h3>Lauksaimniec\u012bbas tehnika<\/h3>\n<p>Front\u0101lajos iekr\u0101v\u0113jos kausa cilindri atvieglo augsnes, siena un citu materi\u0101lu sav\u0101k\u0161anu, cel\u0161anu un transport\u0113\u0161anu. Cilindra sp\u0113ja efekt\u012bvi darboties veicina \u0101tr\u0101ku un efekt\u012bv\u0101ku lauksaimniec\u012bbas darb\u012bbu, samazinot darba laiku un palielinot produktivit\u0101ti.<\/p>\n<h3>Ekskavatori<\/h3>\n<p>Ekskavatoros kausa cilindrs \u013cauj kausam efekt\u012bvi iek\u013c\u016bt augsn\u0113, padarot to neaizst\u0101jamu rak\u0161anas darbos. T\u0101 iztur\u012bg\u0101 konstrukcija nodro\u0161ina, ka tas var tikt gal\u0101 ar rak\u0161anas slodzi ciet\u0101 zem\u0113, nodro\u0161inot uzticamu veiktsp\u0113ju sare\u017e\u0123\u012btos apst\u0101k\u013cos.<\/p>\n<h3>Iekr\u0101v\u0113ji<\/h3>\n<p>Front\u0101lajos iekr\u0101v\u0113jos tie pal\u012bdz efekt\u012bvi pacelt un izkraut kravu. Hidraulisk\u0101 sist\u0113ma nodro\u0161ina, ka kausu var pacelt l\u012bdz materi\u0101la izkrau\u0161anai nepiecie\u0161amajam augstumam, nerisk\u0113jot to saboj\u0101t vai nestabili izkraut.<\/p>\n<h2>Dizaina apsv\u0113rumi un atlases krit\u0113riji<\/h2>\n<h3>Kravnes\u012bba<\/h3>\n<p>Viens no galvenajiem apsv\u0113rumiem, projekt\u0113jot str\u0113les cilindru, ir t\u0101 kravnes\u012bba. Cilindram j\u0101sp\u0113j iztur\u0113t maksim\u0101lo slodzi, ar kuru ekskavators saskarsies ekspluat\u0101cijas laik\u0101. In\u017eenieri nov\u0113rt\u0113 cilindra konstrukcij\u0101 izmantoto materi\u0101lu iztur\u012bbu, lai nodro\u0161in\u0101tu, ka tas var iztur\u0113t lielu svaru bez boj\u0101jumiem. \u0160is apsv\u0113rums ir b\u016btisks ekspluat\u0101cijas dro\u0161\u012bbai un efektivit\u0101tei, jo p\u0101rslodze var izrais\u012bt katastrof\u0101las k\u013c\u016bmes, saboj\u0101jot apr\u012bkojumu un radot dro\u0161\u012bbas riskus operatoriem.<\/p>\n<h3>Bl\u012bv\u0113juma veiktsp\u0113ja<\/h3>\n<p>Efekt\u012bvs bl\u012bv\u0113jums ir \u013coti svar\u012bgs hidraulisk\u0101 cilindra darb\u012bbai. Labs bl\u012bv\u0113jums nov\u0113r\u0161 hidraulisk\u0101 \u0161\u0137idruma nopl\u016bdes, kas var apdraud\u0113t sist\u0113mas funkcionalit\u0101ti. Tiek izmantoti da\u017e\u0101di bl\u012bv\u0113jumu veidi, tostarp virzu\u013ca bl\u012bv\u0113jumi un stie\u0146a bl\u012bv\u0113jumi, kas j\u0101izv\u0113las atkar\u012bb\u0101 no ekskavatora ekspluat\u0101cijas apst\u0101k\u013ciem. Pareizs bl\u012bv\u0113jums uzlabo efektivit\u0101ti, uzturot spiedienu cilindr\u0101, nodro\u0161inot t\u0101 vienm\u0113r\u012bgu un uzticamu darb\u012bbu laika gait\u0101.<\/p>\n<h3>Iztur\u012bba<\/h3>\n<p>Iztur\u012bba ir b\u016btisks hidraulisko cilindru konstrukcijas aspekts. Materi\u0101liem j\u0101b\u016bt iztur\u012bgiem pret nodilumu un koroziju, jo hidrauliskie cilindri darbojas skarbos apst\u0101k\u013cos. Ra\u017eot\u0101ji bie\u017ei izmanto uzlabotus p\u0101rkl\u0101jumus un apstr\u0101des metodes, lai uzlabotu cilindru deta\u013cu iztur\u012bbu. \u0160is apsv\u0113rums nodro\u0161ina ilg\u0101ku kalpo\u0161anas laiku un samazina nepiecie\u0161am\u012bbu p\u0113c bie\u017eas nomai\u0146as, galu gal\u0101 ietaupot izmaksas un uzlabojot produktivit\u0101ti.<\/p>\n<h2>Bl\u012bv\u0113\u0161ana un e\u013c\u013co\u0161ana<\/h2>\n<p>Bl\u012bv\u0113\u0161anas un e\u013c\u013co\u0161anas efektivit\u0101te liel\u0101 m\u0113r\u0101 ietekm\u0113 str\u0113les cilindru darb\u012bbu. Lai nov\u0113rstu hidraulisk\u0101 \u0161\u0137idruma nopl\u016bdi, tiek izmantoti da\u017e\u0101di bl\u012bv\u0113\u0161anas komponenti, piem\u0113ram, virzu\u013ca bl\u012bves un stie\u0146a bl\u012bves. Lai nodro\u0161in\u0101tu ilgsto\u0161u darb\u012bbu, parasti tiek izmantoti bl\u012bv\u0113jumi, kas izgatavoti no iztur\u012bgiem materi\u0101liem, piem\u0113ram, poliuret\u0101na un nitrila gumijas. Cilindra korpuss un v\u012bt\u0146ot\u0101s gala virsmas tiek r\u016bp\u012bgi apstr\u0101d\u0101tas, lai uzlabotu nodilumiztur\u012bbu. Regul\u0101ra e\u013c\u013co\u0161ana ar atbilsto\u0161u hidraulisko e\u013c\u013cu ir b\u016btiska, lai uztur\u0113tu optim\u0101lu darb\u012bbu un nov\u0113rstu kust\u012bgo da\u013cu boj\u0101jumus. Atbilsto\u0161a e\u013c\u013co\u0161ana samazina berzi, nodro\u0161inot vienm\u0113r\u012bgu darb\u012bbu un pagarinot hidraulisk\u0101 cilindra kalpo\u0161anas laiku.<\/p>\n<h2>Regul\u0101ra p\u0101rbaude un profilaktisk\u0101 apkope<\/h2>\n<ul>\n<li><strong>Regul\u0101ras p\u0101rbaudes:<\/strong> Regul\u0101ras hidraulisk\u0101s sist\u0113mas p\u0101rbaudes pal\u012bdz noteikt nodilumu, pirms tas noved pie nopietniem boj\u0101jumiem. Vizu\u0101las p\u0101rbaudes, lai noteiktu nopl\u016bdes, neparastus trok\u0161\u0146us un veiktsp\u0113jas probl\u0113mas, j\u0101iek\u013cauj regul\u0101r\u0101 apkopes grafik\u0101.<\/li>\n<li><strong>Piem\u0113rota e\u013c\u013co\u0161ana:<\/strong> Pareiza hidraulisk\u0101s sist\u0113mas e\u013c\u013co\u0161ana pal\u012bdz nov\u0113rst p\u0101rm\u0113r\u012bgu bl\u012bv\u0113jumu un kust\u012bgo deta\u013cu nodilumu. Regul\u0101ri p\u0101rbaudiet \u0161\u0137idruma l\u012bmeni un, ja nepiecie\u0161ams, papildiniet to, lai uztur\u0113tu optim\u0101lu veiktsp\u0113ju.<\/li>\n<li><strong>Bl\u012bv\u0113juma nomai\u0146a:<\/strong> Bl\u012bves regul\u0101ri j\u0101p\u0101rbauda un j\u0101nomaina, ja par\u0101d\u0101s nodiluma paz\u012bmes. Pareiza bl\u012bv\u0113\u0161ana ir \u013coti svar\u012bga hidraulisk\u0101 spiediena uztur\u0113\u0161anai un nopl\u016b\u017eu nov\u0113r\u0161anai.<\/li>\n<\/ul>\n<h2>Uzst\u0101d\u012b\u0161anas vadl\u012bnijas<\/h2>\n<p>Pareiza str\u0113les cilindra uzst\u0101d\u012b\u0161ana ir b\u016btiska t\u0101 efekt\u012bvai darb\u012bbai. Vispirms p\u0101rliecinieties, vai visas sast\u0101vda\u013cas ir t\u012bras un bez gru\u017eiem. Pareizi izl\u012bdziniet cilindru ar stiprin\u0101juma punktiem, izmantojot atbilsto\u0161us uzst\u0101d\u012b\u0161anas kron\u0161teinus, lai to nostiprin\u0101tu viet\u0101. Pirms lieto\u0161anas ir svar\u012bgi p\u0101rbaud\u012bt, vai hidrauliskie savienojumi ir cie\u0161i un bez nopl\u016bd\u0113m. Iev\u0113rojiet ra\u017eot\u0101ja specifik\u0101cijas attiec\u012bb\u0101 uz griezes momenta iestat\u012bjumiem un izl\u012bdzin\u0101\u0161anu, lai izvair\u012btos no nepareizas izl\u012bdzin\u0101\u0161anas, kas var\u0113tu izrais\u012bt priek\u0161laic\u012bgu nodilumu vai boj\u0101jumus. P\u0113c uzst\u0101d\u012b\u0161anas veiciet r\u016bp\u012bgu visu savienojumu p\u0101rbaudi un p\u0101rbaudiet cilindru darba apst\u0101k\u013cos, lai p\u0101rliecin\u0101tos, ka tas darbojas pareizi.<\/p>\n<h2>Bie\u017ei sastopamie apkopes uzdevumi<\/h2>\n<h3>Regul\u0101ras p\u0101rbaudes<\/h3>\n<p>Regul\u0101ru hidraulisko cilindru p\u0101rbau\u017eu veik\u0161ana ir \u013coti svar\u012bga, lai identific\u0113tu un risin\u0101tu potenci\u0101l\u0101s probl\u0113mas, pirms t\u0101s saasin\u0101s. Operatoriem regul\u0101ru p\u0101rbau\u017eu laik\u0101 j\u0101mekl\u0113 nodiluma paz\u012bmes, nopl\u016bdes vai neparasti trok\u0161\u0146i. Regul\u0101ras p\u0101rbaudes grafika izveide pal\u012bdz nodro\u0161in\u0101t, ka visas neliel\u0101s probl\u0113mas tiek \u0101tri atrisin\u0101tas, saglab\u0101jot cilindra efektivit\u0101ti un dro\u0161\u012bbu.<\/p>\n<h3>Pareiza e\u013c\u013co\u0161ana<\/h3>\n<p>Pareiza hidraulisko komponentu e\u013c\u013co\u0161ana ir \u013coti svar\u012bga, lai samazin\u0101tu berzi un nodilumu. Operatoriem j\u0101nodro\u0161ina, lai hidraulisk\u0101s e\u013c\u013cas l\u012bmenis tiktu uztur\u0113ts atbilsto\u0161\u0101 l\u012bmen\u012b, un j\u0101nomaina t\u0101 saska\u0146\u0101 ar ra\u017eot\u0101ja ieteikumiem. Regul\u0101ra e\u013c\u013co\u0161ana nov\u0113r\u0161 p\u0101rkar\u0161anu un pagarina hidraulisk\u0101 cilindra kalpo\u0161anas laiku, nodro\u0161inot vienm\u0113r\u012bgu darb\u012bbu.<\/p>\n<h3>Bl\u012bvju nomai\u0146as un kalibr\u0113\u0161anas p\u0101rbaudes<\/h3>\n<p>Regul\u0101ra bl\u012bv\u0113jumu nomai\u0146a ir \u013coti svar\u012bga, lai saglab\u0101tu hidraulisk\u0101s sist\u0113mas integrit\u0101ti. Operatoriem j\u0101uzrauga nopl\u016bdes un j\u0101nomaina bl\u012bv\u0113jumi, pirms tie saboj\u0101jas. Kalibr\u0113\u0161anas p\u0101rbaudes nodro\u0161ina, ka cilindrs darbojas noteikto parametru robe\u017e\u0101s, uzlabojot veiktsp\u0113ju un dro\u0161\u012bbu. Struktur\u0113tas apkopes programmas ievie\u0161ana pal\u012bdz samazin\u0101t d\u012bkst\u0101ves laiku un pagarin\u0101t hidraulisk\u0101 apr\u012bkojuma kalpo\u0161anas laiku.<\/p>\n<p><img decoding=\"async\" src=\"https:\/\/www.hydraulic-cylinders.net\/wp-content\/uploads\/2025\/04\/songte-chushion-collar.webp\" alt=\"Spilvenu apkakle\"><\/p>\n<h2>Dro\u0161\u012bbas apsv\u0113rumi un vides faktori<\/h2>\n<p>Izmantojot hidrauliskos cilindrus, ir svar\u012bgi iev\u0113rot dro\u0161\u012bbas pas\u0101kumus, lai aizsarg\u0101tu operatorus un vidi. Pareiza apm\u0101c\u012bba hidraulisko sist\u0113mu lieto\u0161an\u0101 var samazin\u0101t negad\u012bjumu risku. Pirms iek\u0101rtas lieto\u0161anas p\u0101rliecinieties, vai visi dro\u0161\u012bbas aizsargi ir sav\u0101s viet\u0101s un darbojas. Operatoriem j\u0101apzin\u0101s hidraulisk\u0101 \u0161\u0137idruma ietekme uz vidi un j\u0101nodro\u0161ina pareizu utiliz\u0101cijas meto\u017eu iev\u0113ro\u0161ana, lai nov\u0113rstu pies\u0101r\u0146ojumu un kait\u0113jumu ekosist\u0113mai.<\/p>\n<h2>K\u013c\u016bmju diagnostika un bie\u017e\u0101k sastopam\u0101s probl\u0113mas<\/h2>\n<ul>\n<li><strong>Hidraulisk\u0101 \u0161\u0137idruma nopl\u016bde:<\/strong> Viena no visbie\u017e\u0101k sastopamaj\u0101m hidraulisko cilindru probl\u0113m\u0101m ir nopl\u016bde. T\u0101 var rasties nolietotu bl\u012bv\u0113jumu vai boj\u0101tu deta\u013cu d\u0113\u013c. Regul\u0101ras p\u0101rbaudes var pal\u012bdz\u0113t laikus identific\u0113t nopl\u016bdes, nov\u0113r\u0161ot turpm\u0101kus boj\u0101jumus.<\/li>\n<li><strong>Samazin\u0101ta veiktsp\u0113ja:<\/strong> Ja hidrauliskais cilindrs nerea\u0123\u0113, k\u0101 paredz\u0113ts, tas var liecin\u0101t par zemu hidraulisk\u0101 \u0161\u0137idruma l\u012bmeni vai iek\u0161\u0113jiem boj\u0101jumiem. P\u0101rbaudiet \u0161\u0137idruma l\u012bmeni un apskatiet cilindru, vai nav nodiluma vai boj\u0101jumu paz\u012bmju.<\/li>\n<li><strong>P\u0101rkar\u0161ana:<\/strong> P\u0101rkar\u0161ana var rasties nepietiekamas e\u013c\u013co\u0161anas vai p\u0101rm\u0113r\u012bgas slodzes apst\u0101k\u013cu d\u0113\u013c. Nodro\u0161inot atbilsto\u0161u \u0161\u0137idruma l\u012bmeni un izvairoties no sist\u0113mas p\u0101rslodzes, var nov\u0113rst \u0161o probl\u0113mu.<\/li>\n<\/ul>\n<h2>Probl\u0113mu nov\u0113r\u0161anas padomi<\/h2>\n<p>Lai efekt\u012bvi diagnostic\u0113tu un nov\u0113rstu probl\u0113mas ar hidrauliskajiem cilindriem, operatoriem j\u0101iev\u0113ro sistem\u0101tiska pieeja. S\u0101ciet ar hidraulisk\u0101 \u0161\u0137idruma l\u012bme\u0146a p\u0101rbaudi un nopl\u016b\u017eu p\u0101rbaudi. Ja ir nopl\u016bdes, nomainiet bl\u012bves un komponentus p\u0113c nepiecie\u0161am\u012bbas. Nov\u0113rsiet visas meh\u0101nisk\u0101s probl\u0113mas, p\u0101rbaudot visas kust\u012bg\u0101s da\u013cas, vai t\u0101s nav nodilu\u0161as vai boj\u0101tas. Ieviesiet prevent\u012bvus pas\u0101kumus, piem\u0113ram, regul\u0101ru apkopi un p\u0101rbaudes, lai samazin\u0101tu turpm\u0101ku probl\u0113mu risku.<\/p>\n<p><img decoding=\"async\" src=\"https:\/\/www.hydraulic-cylinders.net\/wp-content\/uploads\/2025\/04\/songte-bushings-with-all-kinds-of-excavator-models.webp\" alt=\"Bukses\"><\/p>\n<h2>Par m\u016bsu uz\u0146\u0113mumu<\/h2>\n<p>M\u0113s esam vado\u0161ais rezerves hidraulisko cilindru ra\u017eot\u0101js, kas pied\u0101v\u0101 pla\u0161u produktu kl\u0101stu viet\u0113jam un starptautiskajam tirgum. M\u016bsu ap\u0146em\u0161an\u0101s sasniegt izcil\u012bbu atspogu\u013cojas m\u016bsu pilnveidotaj\u0101 ra\u017eo\u0161anas vad\u012bbas strat\u0113\u0123ij\u0101 un modernaj\u0101s ra\u017eo\u0161anas iek\u0101rt\u0101s. Koncentr\u0113joties uz augstas kvalit\u0101tes meistar\u012bbu, m\u0113s izmantojam kvalific\u0113tu person\u0101lu, modern\u0101k\u0101s digit\u0101l\u0101s ra\u017eo\u0161anas iek\u0101rtas un profesion\u0101las test\u0113\u0161anas sist\u0113mas, lai uzlabotu m\u016bsu ra\u017eo\u0161anas iesp\u0113jas. M\u016bsu pla\u0161\u0101s inov\u0101ciju iesp\u0113jas \u013cauj mums apmierin\u0101t da\u017e\u0101das klientu vajadz\u012bbas ar augstu efektivit\u0101ti un precizit\u0101ti.<\/p>\n<p><img decoding=\"async\" src=\"https:\/\/www.hydraulic-cylinders.net\/wp-content\/uploads\/2025\/04\/songte-company-4.webp\" alt=\"Uz\u0146\u0113muma p\u0101rskats\"><br \/>\n<img decoding=\"async\" src=\"https:\/\/www.hydraulic-cylinders.net\/wp-content\/uploads\/2025\/04\/songte-company-3.webp\" alt=\"Ra\u017eo\u0161anas iek\u0101rta\"><\/p>\n<p>M\u016bsu uz\u0146\u0113mums lepojas ar profesionalit\u0101ti, starptautiskiem sertifik\u0101tiem, piel\u0101gotiem pakalpojumiem, modern\u0101m ra\u017eo\u0161anas iek\u0101rt\u0101m un izcilu p\u0113cp\u0101rdo\u0161anas atbalstu. M\u0113s esam ap\u0146\u0113mu\u0161ies nodro\u0161in\u0101t saviem klientiem vislab\u0101kos iesp\u0113jamos produktus un pakalpojumus, garant\u0113jot apmierin\u0101t\u012bbu un uzticam\u012bbu katr\u0101 mijiedarb\u012bb\u0101.<\/p>\n<p>Autors: lil<\/p>","protected":false},"excerpt":{"rendered":"<p>Boom Cylinder For XCMG Middle Excavator XE210 Product Overview The Boom Cylinder for XCMG Middle Excavator XE210 is a vital component designed to enhance the operational capabilities of excavators. This hydraulic cylinder plays a crucial role in controlling the movement of the excavator\u2019s boom, enabling it to lift, lower, and tilt efficiently. By facilitating these [&hellip;]<\/p>","protected":false},"featured_media":17878,"comment_status":"open","ping_status":"closed","template":"","meta":{"_et_pb_use_builder":"","_et_pb_old_content":"","_et_gb_content_width":""},"product_brand":[],"product_cat":[1546],"product_tag":[1547,1496],"class_list":{"0":"post-19192","1":"product","2":"type-product","3":"status-publish","4":"has-post-thumbnail","6":"product_cat-boom-cylinders","7":"product_tag-boom-cylinders","8":"product_tag-hydraulic-cylinders","10":"first","11":"instock","12":"shipping-taxable","13":"product-type-simple"},"amp_enabled":true,"_links":{"self":[{"href":"https:\/\/www.hydraulic-cylinders.net\/lv\/wp-json\/wp\/v2\/product\/19192","targetHints":{"allow":["GET"]}}],"collection":[{"href":"https:\/\/www.hydraulic-cylinders.net\/lv\/wp-json\/wp\/v2\/product"}],"about":[{"href":"https:\/\/www.hydraulic-cylinders.net\/lv\/wp-json\/wp\/v2\/types\/product"}],"replies":[{"embeddable":true,"href":"https:\/\/www.hydraulic-cylinders.net\/lv\/wp-json\/wp\/v2\/comments?post=19192"}],"wp:featuredmedia":[{"embeddable":true,"href":"https:\/\/www.hydraulic-cylinders.net\/lv\/wp-json\/wp\/v2\/media\/17878"}],"wp:attachment":[{"href":"https:\/\/www.hydraulic-cylinders.net\/lv\/wp-json\/wp\/v2\/media?parent=19192"}],"wp:term":[{"taxonomy":"product_brand","embeddable":true,"href":"https:\/\/www.hydraulic-cylinders.net\/lv\/wp-json\/wp\/v2\/product_brand?post=19192"},{"taxonomy":"product_cat","embeddable":true,"href":"https:\/\/www.hydraulic-cylinders.net\/lv\/wp-json\/wp\/v2\/product_cat?post=19192"},{"taxonomy":"product_tag","embeddable":true,"href":"https:\/\/www.hydraulic-cylinders.net\/lv\/wp-json\/wp\/v2\/product_tag?post=19192"}],"curies":[{"name":"wp","href":"https:\/\/api.w.org\/{rel}","templated":true}]}}