{"id":19193,"date":"2025-04-07T06:17:26","date_gmt":"2025-04-07T06:17:26","guid":{"rendered":"https:\/\/www.hydraulic-cylinders.net\/product\/boom-cylinder-for-xcmg-middle-excavator-xe215cll\/"},"modified":"2025-04-07T06:17:29","modified_gmt":"2025-04-07T06:17:29","slug":"boom-cylinder-for-xcmg-middle-excavator-xe215cll","status":"publish","type":"product","link":"https:\/\/www.hydraulic-cylinders.net\/lv\/products\/boom-cylinder-for-xcmg-middle-excavator-xe215cll\/","title":{"rendered":"XCMG vid\u0113j\u0101 ekskavatora XE215CLL str\u0113les cilindrs"},"content":{"rendered":"<h1>XCMG vid\u0113j\u0101 ekskavatora XE215CLL str\u0113les cilindrs<\/h1>\n<h2>Produkta p\u0101rskats<\/h2>\n<p>XCMG vid\u0113j\u0101 ekskavatora XE215CLL str\u0113les cilindrs ir specializ\u0113ts hidrauliskais cilindrs, kas paredz\u0113ts ekskavatora str\u0113les kust\u012bbas vad\u012bbai. \u0160\u012b b\u016btisk\u0101 sast\u0101vda\u013ca \u013cauj str\u0113lei pacelt, nolaist un noliekt, atvieglojot efekt\u012bvus materi\u0101lu apstr\u0101des uzdevumus. K\u0101 hidrauliskais cilindrs kausa cilindrs ir \u013coti svar\u012bgs da\u017e\u0101d\u0101s smagaj\u0101s ma\u0161\u012bn\u0101s, piem\u0113ram, ekskavatoros, iekr\u0101v\u0113jos un front\u0101lajos iekr\u0101v\u0113jos, nodro\u0161inot prec\u012bzu un jaud\u012bgu darb\u012bbu.<\/p>\n<p><img decoding=\"async\" src=\"https:\/\/www.hydraulic-cylinders.net\/wp-content\/uploads\/2025\/04\/songte-company-1.webp\" alt=\"Str\u0113les cilindrs\"><\/p>\n<h3>Defin\u012bcija un funkcija<\/h3>\n<p>Kausa cilindrs ir hidraulisk\u0101 cilindra veids, ko \u012bpa\u0161i izmanto, lai kontrol\u0113tu kausa kust\u012bbu smagaj\u0101s ma\u0161\u012bn\u0101s. Tas darbojas, izmantojot hidraulisk\u0101 \u0161\u0137idruma spiedienu, lai nodro\u0161in\u0101tu vienm\u0113r\u012bgas un kontrol\u0113tas kust\u012bbas. Tas \u013cauj efekt\u012bvi rakt, celt un transport\u0113t materi\u0101lus, padarot to par galveno sast\u0101vda\u013cu b\u016bvniec\u012bb\u0101 un cit\u0101s lieljaudas lietojumprogramm\u0101s. Kausa cilindra konstrukcija nodro\u0161ina augstu iztur\u012bbu un funkcionalit\u0101ti, kas ir vit\u0101li svar\u012bgi pras\u012bgaj\u0101 darba vid\u0113, kur\u0101 \u0161\u012bs ma\u0161\u012bnas darbojas.<\/p>\n<h2>Produkta funkcijas<\/h2>\n<ul>\n<li><strong>Augsta iztur\u012bba un ilgm\u016b\u017e\u012bba:<\/strong> \u0160is cilindrs, kas izgatavots no augstas stipr\u012bbas t\u0113rauda vai alum\u012bnija, var iztur\u0113t augstu spiedienu un lielas slodzes, padarot to piem\u0113rotu skarbajiem darba apst\u0101k\u013ciem, vienlaikus pagarinot t\u0101 kalpo\u0161anas laiku, pateicoties nodilumiztur\u012bgaj\u0101m un korozijiztur\u012bgaj\u0101m \u012bpa\u0161\u012bb\u0101m.<\/li>\n<li><strong>Efekt\u012bva hidraulisk\u0101 darb\u012bba:<\/strong> Cilindra vienm\u0113r\u012bgu izstiep\u0161anu un ievilk\u0161anu pan\u0101k ar hidraulisk\u0101 \u0161\u0137idruma spiediena pal\u012bdz\u012bbu, nodro\u0161inot \u0101tru reakciju uz vad\u012bbas komand\u0101m un jaud\u012bgu stum\u0161anas un vilk\u0161anas sp\u0113ku, kas ir ide\u0101li piem\u0113rots smagu un sare\u017e\u0123\u012btu uzdevumu veik\u0161anai.<\/li>\n<li><strong>Pieejami da\u017e\u0101di veidi:<\/strong> Atkar\u012bb\u0101 no ekspluat\u0101cijas vajadz\u012bb\u0101m lietot\u0101ji var izv\u0113l\u0113ties starp vienas darb\u012bbas (hidrauliski tiek izmantota vien\u0101 virzien\u0101) vai divk\u0101r\u0161as darb\u012bbas (hidrauliski tiek izmantota abos virzienos) cilindriem. Da\u017ei mode\u013ci ir teleskopiski, kas \u013cauj tos pla\u0161\u0101k izstiept, nepalielinot \u0101r\u0113jos izm\u0113rus, kas ir ide\u0101li piem\u0113rots \u0161aur\u0101m telp\u0101m.<\/li>\n<li><strong>Piel\u0101gota ra\u017eo\u0161ana:<\/strong> M\u0113s varam izgatavot \u0161o produktu, kas piel\u0101gots \u012bpa\u0161\u0101m pras\u012bb\u0101m, nodro\u0161inot prec\u012bzu da\u017e\u0101du hidraulisko cilindru nomai\u0146u.<\/li>\n<li><strong>Daudzpus\u012bba lietojumprogramm\u0101s:<\/strong> Str\u0113les cilindrs ir piel\u0101gojams daudziem pielietojumiem, uzlabojot t\u0101 lietojam\u012bbu da\u017e\u0101da veida smagaj\u0101s ma\u0161\u012bn\u0101s.<\/li>\n<\/ul>\n<p><img decoding=\"async\" src=\"https:\/\/www.hydraulic-cylinders.net\/wp-content\/uploads\/2025\/04\/songte-cylinder-head-with-all-kinds-excavator-models.webp\" alt=\"Ekskavatoru mode\u013ci\"><\/p>\n<h2>Pieteikumi<\/h2>\n<h3>Celtniec\u012bbas apr\u012bkojums<\/h3>\n<p>Ekskavatoros str\u0113les cilindri ir kritiski svar\u012bgi augsnes vai gru\u017eu rak\u0161anai, iekrau\u0161anai un p\u0101rvieto\u0161anai. Tie nodro\u0161ina nepiecie\u0161amo sp\u0113ku, lai iek\u013c\u016btu zem\u0113 un paceltu smagus materi\u0101lus, padarot rak\u0161anas procesus efekt\u012bvus un lietder\u012bgus. Ekskavatoros-iekr\u0101v\u0113jos \u0161ie cilindri atvieglo gan rak\u0161anas, gan cel\u0161anas darb\u012bbas, nodro\u0161inot daudzpus\u012bgu funkcionalit\u0101ti b\u016bvlaukumos.<\/p>\n<h3>Lauksaimniec\u012bbas tehnika<\/h3>\n<p>Front\u0101lajos iekr\u0101v\u0113jos str\u0113les cilindri ir b\u016btiski augsnes, siena un citu materi\u0101lu sav\u0101k\u0161anai, cel\u0161anai un transport\u0113\u0161anai. Tie \u013cauj operatoriem neman\u0101mi veikt da\u017e\u0101dus uzdevumus, uzlabojot efektivit\u0101ti un produktivit\u0101ti lauksaimniec\u012bbas darbos. To iztur\u012bg\u0101 konstrukcija nodro\u0161ina uzticam\u012bbu pat sare\u017e\u0123\u012btos lauksaimniec\u012bbas apst\u0101k\u013cos.<\/p>\n<h3>Ekskavatori<\/h3>\n<p>Kausa cilindrs \u013cauj ekskavatoriem efekt\u012bvi iek\u013c\u016bt augsn\u0113, uzlabojot to rak\u0161anas sp\u0113jas. T\u0101 konstrukcija nodro\u0161ina, ka cilindrs var tikt gal\u0101 ar stingraj\u0101m rak\u0161anas darbu pras\u012bb\u0101m, vienlaikus saglab\u0101jot veiktsp\u0113ju un dro\u0161\u012bbu ekspluat\u0101cijas laik\u0101.<\/p>\n<h3>Iekr\u0101v\u0113ji<\/h3>\n<p>Front\u0101lajos iekr\u0101v\u0113jos str\u0113les cilindri pal\u012bdz efekt\u012bvi pacelt un izg\u0101zt kravas. Tiem ir iz\u0161\u0137iro\u0161a noz\u012bme materi\u0101lu apstr\u0101d\u0113, \u013caujot operatoriem \u0101tri un dro\u0161i p\u0101rvietot lielus materi\u0101lu daudzumus, t\u0101d\u0113j\u0101di optimiz\u0113jot darbpl\u016bsmu darba objektos.<\/p>\n<h2>Dizaina apsv\u0113rumi un atlases krit\u0113riji<\/h2>\n<h3>Kravnes\u012bba<\/h3>\n<p>Str\u0113les cilindra kravnes\u012bba ir kritiski svar\u012bgs apsv\u0113rums t\u0101 konstrukcij\u0101. Tam j\u0101b\u016bt konstru\u0113tam t\u0101, lai iztur\u0113tu noteiktu svaru, nerisk\u0113jot ar boj\u0101jumiem vai darb\u012bbas trauc\u0113jumiem. Tas ietver atbilsto\u0161u materi\u0101lu un izm\u0113ru izv\u0113li, kas var iztur\u0113t ekspluat\u0101cijas slodzi, vienlaikus nodro\u0161inot dro\u0161\u012bbu un funkcionalit\u0101ti.<\/p>\n<h3>Bl\u012bv\u0113\u0161anas meh\u0101nismi<\/h3>\n<p>Efekt\u012bvs bl\u012bv\u0113jums ir vit\u0101li svar\u012bgs hidrauliskajiem cilindriem, lai uztur\u0113tu spiedienu un nov\u0113rstu nopl\u016bdes. Konstrukcij\u0101 ir iek\u013cauti augstas kvalit\u0101tes bl\u012bv\u0113jumi, kas iztur nodilumu, nodro\u0161inot ilgm\u016b\u017e\u012bbu un darb\u012bbas efektivit\u0101ti. Bl\u012bv\u0113jumi j\u0101izv\u0113las atkar\u012bb\u0101 no konkr\u0113t\u0101 pielietojuma un vides, lai garant\u0113tu optim\u0101lu veiktsp\u0113ju.<\/p>\n<h3>Iztur\u012bba<\/h3>\n<p>Iztur\u012bba ir str\u0113les cilindra konstrukcijas pamatelements, jo tam j\u0101iztur skarbi apst\u0101k\u013ci un intens\u012bva lieto\u0161ana. Konstrukcij\u0101 izmantotie materi\u0101li ir izv\u0113l\u0113ti, \u0146emot v\u0113r\u0101 to sp\u0113ju pretoties korozijai un nodilumam, pagarinot cilindra kalpo\u0161anas laiku un samazinot apkopes nepiecie\u0161am\u012bbu.<\/p>\n<h3>Dro\u0161\u012bbas funkcijas<\/h3>\n<p>Dro\u0161\u012bba ir \u0101rk\u0101rt\u012bgi svar\u012bga hidraulisko cilindru konstrukcij\u0101. T\u0101das funkcijas k\u0101 spiediena samazin\u0101\u0161anas v\u0101rsti un iztur\u012bga konstrukcija pal\u012bdz nov\u0113rst negad\u012bjumus ekspluat\u0101cijas laik\u0101. Turkl\u0101t konstrukcijai j\u0101nodro\u0161ina atbilsto\u0161a apkope un p\u0101rbaude, nodro\u0161inot dro\u0161\u012bbas standartu past\u0101v\u012bgu iev\u0113ro\u0161anu.<\/p>\n<h3>Apkopes pieejam\u012bba<\/h3>\n<p>Projektam j\u0101nodro\u0161ina \u0113rta piek\u013cuve apkopes un remonta veik\u0161anai. Tas ietver strat\u0113\u0123isku komponentu izvietojumu un regul\u0101ru apkopes p\u0101rbau\u017eu veik\u0161anu, kas var pal\u012bdz\u0113t pagarin\u0101t balona kalpo\u0161anas laiku un samazin\u0101t d\u012bkst\u0101ves laiku.<\/p>\n<p><img decoding=\"async\" src=\"https:\/\/www.hydraulic-cylinders.net\/wp-content\/uploads\/2025\/04\/songte-oil-pipes-and-spare-parts.webp\" alt=\"E\u013c\u013cas caurules un rezerves da\u013cas\"><\/p>\n<h2>Bl\u012bv\u0113\u0161ana un e\u013c\u013co\u0161ana<\/h2>\n<p>Efekt\u012bva bl\u012bv\u0113\u0161ana un e\u013c\u013co\u0161ana ir b\u016btiska hidraulisko cilindru optim\u0101lai darb\u012bbai. Da\u017e\u0101das bl\u012bv\u0113\u0161anas sast\u0101vda\u013cas, tostarp virzu\u013ca bl\u012bves un stie\u0146a bl\u012bves, ir izgatavotas no iztur\u012bgiem materi\u0101liem, piem\u0113ram, poliuret\u0101na un nitrila gumijas, kas ir iztur\u012bgas pret nodilumu un vides faktoriem. Cilindra korpuss un v\u012bt\u0146otie gali ir smalki apstr\u0101d\u0101ti, lai uzlabotu nodilumiztur\u012bbu. Lai saglab\u0101tu funkcionalit\u0101ti un nov\u0113rstu sast\u0101vda\u013cu degrad\u0101ciju, ir nepiecie\u0161ama regul\u0101ra e\u013c\u013co\u0161ana ar atbilsto\u0161u hidraulisko e\u013c\u013cu.<\/p>\n<h2>Prevent\u012bvie apkopes pas\u0101kumi<\/h2>\n<ul>\n<li><strong>Regul\u0101ras p\u0101rbaudes:<\/strong> Regul\u0101ru p\u0101rbau\u017eu veik\u0161ana var identific\u0113t potenci\u0101l\u0101s probl\u0113mas, pirms t\u0101s k\u013c\u016bst par nopietn\u0101m probl\u0113m\u0101m. Mekl\u0113jiet nodiluma paz\u012bmes, nopl\u016bdes un p\u0101rliecinieties, ka visas sast\u0101vda\u013cas darbojas pareizi.<\/li>\n<li><strong>E\u013c\u013co\u0161anas p\u0101rbaudes:<\/strong> Regul\u0101ri p\u0101rbaudiet un uzturiet atbilsto\u0161u e\u013c\u013co\u0161anas l\u012bmeni. P\u0101rliecinieties, ka hidraulisk\u0101 e\u013c\u013ca ir t\u012bra un uzpild\u012bta atbilsto\u0161\u0101 l\u012bmen\u012b, lai garant\u0113tu nevainojamu darb\u012bbu.<\/li>\n<li><strong>Bl\u012bv\u0113juma nomai\u0146a:<\/strong> Bl\u012bves j\u0101p\u0101rbauda, \u200b\u200bvai nav boj\u0101tas, un j\u0101nomaina p\u0113c nepiecie\u0161am\u012bbas, lai nov\u0113rstu nopl\u016bdes un uztur\u0113tu spiedienu. Regul\u0101ri j\u0101uzrauga to st\u0101voklis, lai izvair\u012btos no negaid\u012btiem boj\u0101jumiem.<\/li>\n<\/ul>\n<h2>Uzst\u0101d\u012b\u0161anas vadl\u012bnijas<\/h2>\n<p>Pareiza str\u0113les cilindra uzst\u0101d\u012b\u0161ana ir \u013coti svar\u012bga optim\u0101lai veiktsp\u0113jai. Vispirms p\u0101rliecinieties, vai visas sast\u0101vda\u013cas ir t\u012bras un bez gru\u017eiem. Izmantojiet atbilsto\u0161us mont\u0101\u017eas kron\u0161teinus, lai nostiprin\u0101tu cilindru viet\u0101, saglab\u0101jot pareizu izl\u012bdzin\u0101jumu ar apr\u012bkojumu. Ir svar\u012bgi iev\u0113rot ra\u017eot\u0101ja specifik\u0101cijas attiec\u012bb\u0101 uz griezes momenta iestat\u012bjumiem un hidrauliskajiem savienojumiem, lai nov\u0113rstu darb\u012bbas probl\u0113mas. P\u0113c uzst\u0101d\u012b\u0161anas veiciet r\u016bp\u012bgu p\u0101rbaudi, vai nav nopl\u016b\u017eu, un pirms pilna m\u0113roga lieto\u0161anas p\u0101rliecinieties, vai cilindrs darbojas nevainojami.<\/p>\n<h2>Bie\u017ei sastopamie apkopes uzdevumi<\/h2>\n<ul>\n<li><strong>Regul\u0101ras p\u0101rbaudes:<\/strong> Regul\u0101ras p\u0101rbaudes \u013cauj laikus atkl\u0101t nodilumu vai boj\u0101jumus. Regul\u0101ri p\u0101rbaudiet, vai nav nopl\u016b\u017eu paz\u012bmju, un p\u0101rliecinieties, vai visas kust\u012bg\u0101s da\u013cas darbojas pareizi.<\/li>\n<li><strong>Pareiza e\u013c\u013co\u0161ana:<\/strong> P\u0101rliecinieties, ka cilindrs ir pien\u0101c\u012bgi iee\u013c\u013cots, izmantojot augstas kvalit\u0101tes hidraulisko e\u013c\u013cu. Regul\u0101ra e\u013c\u013co\u0161ana samazina berzi un nodilumu, pagarinot cilindra kalpo\u0161anas laiku.<\/li>\n<li><strong>Bl\u012bv\u0113juma nomai\u0146a:<\/strong> Uzraugiet bl\u012bv\u0113jumu st\u0101vokli un nekav\u0113joties nomainiet tos, lai nov\u0113rstu nopl\u016bdes un uztur\u0113tu spiedienu. Regul\u0101ras bl\u012bv\u0113jumu p\u0101rbaudes pal\u012bdz nodro\u0161in\u0101t efekt\u012bvu darb\u012bbu un izvair\u012bties no d\u0101rgiem remontiem.<\/li>\n<\/ul>\n<p>Turkl\u0101t ir \u013coti svar\u012bgi pareizi izl\u012bdzin\u0101t cilindru uzst\u0101d\u012b\u0161anas laik\u0101. Pareizu atbalsta kron\u0161teinu izmanto\u0161ana nodro\u0161ina stabilit\u0101ti un samazina cilindra deta\u013cu slodzi. Ieteicamo p\u0101rbaudes un apkopes grafiku iev\u0113ro\u0161ana ar\u012b pal\u012bdz\u0113s optimiz\u0113t cilindra kalpo\u0161anas laiku un veiktsp\u0113ju.<\/p>\n<p><img decoding=\"async\" src=\"https:\/\/www.hydraulic-cylinders.net\/wp-content\/uploads\/2025\/04\/songte-chushion-collar.webp\" alt=\"Spilvenu apkakle\"><\/p>\n<h2>Dro\u0161\u012bbas un vides apsv\u0113rumi<\/h2>\n<p>Darbinot hidrauliskos cilindrus, dro\u0161\u012bbas pas\u0101kumiem j\u0101pie\u0161\u0137ir priorit\u0101te, lai nov\u0113rstu negad\u012bjumus. Operatoriem j\u0101b\u016bt apm\u0101c\u012btiem atpaz\u012bt ar hidrauliskaj\u0101m sist\u0113m\u0101m saist\u012btos iesp\u0113jamos riskus un iev\u0113rot dro\u0161\u012bbas protokolus. Turkl\u0101t hidraulisko \u0161\u0137idrumu un atkritumu pareiza utiliz\u0101cija ir b\u016btiska, lai samazin\u0101tu ietekmi uz vidi. Izlie\u0161anas nov\u0113r\u0161anas pas\u0101kumu ievie\u0161ana un videi draudz\u012bgu \u0161\u0137idrumu izmanto\u0161ana, kur iesp\u0113jams, var veicin\u0101t dro\u0161\u0101ku un ilgtsp\u0113j\u012bg\u0101ku darb\u012bbu.<\/p>\n<h2>Probl\u0113mu nov\u0113r\u0161ana un bie\u017ei sastopamas probl\u0113mas<\/h2>\n<ul>\n<li><strong>Nopl\u016bde:<\/strong> Viena no visbie\u017e\u0101k sastopamaj\u0101m probl\u0113m\u0101m ir nopl\u016bde, ko var izrais\u012bt nolietotas bl\u012bves vai nepareiza uzst\u0101d\u012b\u0161ana. Regul\u0101ras p\u0101rbaudes var pal\u012bdz\u0113t savlaic\u012bgi atkl\u0101t nopl\u016bdes.<\/li>\n<li><strong>Samazin\u0101ta veiktsp\u0113ja:<\/strong> Ja cilindrs darbojas l\u0113ni, tas var liecin\u0101t par zemu hidraulisk\u0101 \u0161\u0137idruma l\u012bmeni vai pies\u0101r\u0146ojumu. Regul\u0101ra apkope var nov\u0113rst \u0161\u012bs probl\u0113mas.<\/li>\n<li><strong>Neparastas ska\u0146as:<\/strong> Darb\u012bbas laik\u0101 dzirdami trok\u0161\u0146i var liecin\u0101t par iek\u0161\u0113ju nodilumu vai nepietiekamu e\u013c\u013co\u0161anu. Nekav\u0113joties p\u0101rbaudiet, lai nov\u0113rstu turpm\u0101kus boj\u0101jumus.<\/li>\n<\/ul>\n<p>\u0160o bie\u017ei sastopamo probl\u0113mu savlaic\u012bga nov\u0113r\u0161ana pal\u012bdz\u0113s uztur\u0113t hidraulisko sist\u0113mu funkcionalit\u0101ti un nov\u0113rs\u012bs pla\u0161\u0101kus boj\u0101jumus. Operatoriem j\u0101b\u016bt apm\u0101c\u012btiem izprast darb\u012bbas trauc\u0113jumu paz\u012bmes un attiec\u012bgi rea\u0123\u0113t.<\/p>\n<p><img decoding=\"async\" src=\"https:\/\/www.hydraulic-cylinders.net\/wp-content\/uploads\/2025\/04\/songte-bushings-with-all-kinds-of-excavator-models.webp\" alt=\"Bukses ar ekskavatora mode\u013ciem\"><\/p>\n<h2>Uz\u0146\u0113muma ievads<\/h2>\n<p>M\u0113s esam vado\u0161ais rezerves hidraulisko cilindru ra\u017eot\u0101js, kas specializ\u0113jas pla\u0161\u0101 produktu kl\u0101st\u0101 viet\u0113jam un starptautiskajam tirgum. M\u016bsu ap\u0146em\u0161anos sasniegt izcil\u012bbu virza detaliz\u0113ta ra\u017eo\u0161anas strat\u0113\u0123ija, izmantojot progres\u012bvas tehnolo\u0123ijas, kvalific\u0113tu person\u0101lu un stabilu kvalit\u0101tes kontroles sist\u0113mu. M\u0113s past\u0101v\u012bgi uzlabojam savas ra\u017eo\u0161anas iesp\u0113jas, lai apmierin\u0101tu da\u017e\u0101das klientu pras\u012bbas ar augstu efektivit\u0101ti, precizit\u0101ti un kvalit\u0101ti.<\/p>\n<p><img decoding=\"async\" src=\"https:\/\/www.hydraulic-cylinders.net\/wp-content\/uploads\/2025\/04\/songte-company-4.webp\" alt=\"Uz\u0146\u0113muma p\u0101rskats\"><br \/>\n<img decoding=\"async\" src=\"https:\/\/www.hydraulic-cylinders.net\/wp-content\/uploads\/2025\/04\/songte-company-3.webp\" alt=\"Ra\u017eo\u0161anas iek\u0101rta\"><\/p>\n<p>M\u016bsu pieredze aptver starptautiskus sertifik\u0101tus, piel\u0101gotus pakalpojumus, modern\u0101k\u0101s ra\u017eo\u0161anas iek\u0101rtas un \u012bpa\u0161u p\u0113cp\u0101rdo\u0161anas atbalstu. M\u0113s cen\u0161amies nodro\u0161in\u0101t uzticamus risin\u0101jumus, kas piel\u0101goti m\u016bsu klientu \u012bpa\u0161aj\u0101m vajadz\u012bb\u0101m, vienlaikus nodro\u0161inot augst\u0101kos produktu veiktsp\u0113jas un klientu apmierin\u0101t\u012bbas standartus.<\/p>\n<p>Autors: lil<\/p>","protected":false},"excerpt":{"rendered":"<p>Boom Cylinder For XCMG Middle Excavator XE215CLL Product Overview The Boom Cylinder for XCMG Middle Excavator XE215CLL is a specialized hydraulic cylinder designed for controlling the movement of the excavator&#8217;s boom. This essential component enables the boom to lift, lower, and tilt, facilitating efficient material handling tasks. As a hydraulic cylinder, the bucket cylinder is [&hellip;]<\/p>","protected":false},"featured_media":17879,"comment_status":"open","ping_status":"closed","template":"","meta":{"_et_pb_use_builder":"","_et_pb_old_content":"","_et_gb_content_width":""},"product_brand":[],"product_cat":[1546],"product_tag":[1547,1496],"class_list":{"0":"post-19193","1":"product","2":"type-product","3":"status-publish","4":"has-post-thumbnail","6":"product_cat-boom-cylinders","7":"product_tag-boom-cylinders","8":"product_tag-hydraulic-cylinders","10":"first","11":"instock","12":"shipping-taxable","13":"product-type-simple"},"amp_enabled":true,"_links":{"self":[{"href":"https:\/\/www.hydraulic-cylinders.net\/lv\/wp-json\/wp\/v2\/product\/19193","targetHints":{"allow":["GET"]}}],"collection":[{"href":"https:\/\/www.hydraulic-cylinders.net\/lv\/wp-json\/wp\/v2\/product"}],"about":[{"href":"https:\/\/www.hydraulic-cylinders.net\/lv\/wp-json\/wp\/v2\/types\/product"}],"replies":[{"embeddable":true,"href":"https:\/\/www.hydraulic-cylinders.net\/lv\/wp-json\/wp\/v2\/comments?post=19193"}],"wp:featuredmedia":[{"embeddable":true,"href":"https:\/\/www.hydraulic-cylinders.net\/lv\/wp-json\/wp\/v2\/media\/17879"}],"wp:attachment":[{"href":"https:\/\/www.hydraulic-cylinders.net\/lv\/wp-json\/wp\/v2\/media?parent=19193"}],"wp:term":[{"taxonomy":"product_brand","embeddable":true,"href":"https:\/\/www.hydraulic-cylinders.net\/lv\/wp-json\/wp\/v2\/product_brand?post=19193"},{"taxonomy":"product_cat","embeddable":true,"href":"https:\/\/www.hydraulic-cylinders.net\/lv\/wp-json\/wp\/v2\/product_cat?post=19193"},{"taxonomy":"product_tag","embeddable":true,"href":"https:\/\/www.hydraulic-cylinders.net\/lv\/wp-json\/wp\/v2\/product_tag?post=19193"}],"curies":[{"name":"wp","href":"https:\/\/api.w.org\/{rel}","templated":true}]}}