{"id":19197,"date":"2025-04-07T06:17:36","date_gmt":"2025-04-07T06:17:36","guid":{"rendered":"https:\/\/www.hydraulic-cylinders.net\/product\/boom-cylinder-for-xcmg-large-excavator-xe470ck\/"},"modified":"2025-04-07T06:17:38","modified_gmt":"2025-04-07T06:17:38","slug":"boom-cylinder-for-xcmg-large-excavator-xe470ck","status":"publish","type":"product","link":"https:\/\/www.hydraulic-cylinders.net\/lv\/products\/boom-cylinder-for-xcmg-large-excavator-xe470ck\/","title":{"rendered":"XCMG liela ekskavatora XE470CK str\u0113les cilindrs"},"content":{"rendered":"<h1>XCMG liela ekskavatora XE470CK str\u0113les cilindrs<\/h1>\n<h2>Produkta p\u0101rskats<\/h2>\n<p>XCMG liel\u0101 ekskavatora XE470CK str\u0113les cilindrs ir specializ\u0113ts hidrauliskais cilindrs, kas paredz\u0113ts ekskavatora str\u0113les kust\u012bbas p\u0101rvald\u012b\u0161anai. \u0160im cilindram ir iz\u0161\u0137iro\u0161a noz\u012bme hidrauliskaj\u0101s sist\u0113m\u0101s, atvieglojot str\u0113les pacel\u0161anu, nolai\u0161anu un noliek\u0161anu, kas ir svar\u012bgi da\u017e\u0101diem materi\u0101lu apstr\u0101des uzdevumiem.<\/p>\n<p><img decoding=\"async\" src=\"https:\/\/www.hydraulic-cylinders.net\/wp-content\/uploads\/2025\/04\/songte-company-1.webp\" alt=\"Ekskavatora str\u0113les cilindrs\" \/><\/p>\n<h3>Defin\u012bcija un m\u0113r\u0137is<\/h3>\n<p>Str\u0113les cilindrs ir hidraulisk\u0101 cilindra veids, ko \u012bpa\u0161i izmanto kausa kust\u012bbas vad\u012bbai smagaj\u0101s ma\u0161\u012bn\u0101s, piem\u0113ram, ekskavatoros, univers\u0101lajos iekr\u0101v\u0113jos un front\u0101lajos iekr\u0101v\u0113jos. Tas \u013cauj veikt prec\u012bzas darb\u012bbas, \u013caujot str\u0113lei veikt t\u0101das funkcijas k\u0101 rak\u0161ana, cel\u0161ana un materi\u0101lu p\u0101rvieto\u0161ana. T\u0101 integr\u0101cija hidrauliskaj\u0101s sist\u0113m\u0101s ir \u013coti svar\u012bga, jo t\u0101 nodro\u0161ina vienm\u0113r\u012bgu darb\u012bbu augsta spiediena un slodzes apst\u0101k\u013cos. Str\u0113les cilindra konstrukcij\u0101 ir \u0146emti v\u0113r\u0101 t\u0101di faktori k\u0101 iztur\u012bba, ilgm\u016b\u017e\u012bba un iztur\u012bba pret nodilumu, pagarinot t\u0101 kalpo\u0161anas laiku skarbos darba apst\u0101k\u013cos.<\/p>\n<h2>Str\u0113les cilindra \u012bpa\u0161\u012bbas<\/h2>\n<ul>\n<li><strong>Augsta iztur\u012bba un ilgm\u016b\u017e\u012bba:<\/strong> Izgatavots no augstas stipr\u012bbas t\u0113rauda vai alum\u012bnija, str\u0113les cilindrs var iztur\u0113t augstu spiedienu un lielas slodzes, vienlaikus esot iztur\u012bgs pret nodilumu un koroziju.<\/li>\n<li><strong>Efekt\u012bva hidraulisk\u0101 darb\u012bba:<\/strong> Izmanto hidraulisk\u0101s e\u013c\u013cas spiedienu vienm\u0113r\u012bgai izvilk\u0161anai un ievilk\u0161anai, \u0101tri rea\u0123\u0113jot uz vad\u012bbas komand\u0101m, nodro\u0161inot sp\u0113c\u012bgus stum\u0161anas un vilk\u0161anas sp\u0113kus, kas ir ide\u0101li piem\u0113roti smagu un sare\u017e\u0123\u012btu uzdevumu veik\u0161anai.<\/li>\n<li><strong>Da\u017e\u0101di veidi:<\/strong> Pieejams vienk\u0101r\u0161\u0101s darb\u012bbas (izmantojot hidraulisko jaudu vien\u0101 virzien\u0101) vai divk\u0101r\u0161\u0101s darb\u012bbas (izmantojot hidraulisko jaudu abos virzienos) konfigur\u0101cij\u0101s, lai apmierin\u0101tu da\u017e\u0101das ekspluat\u0101cijas vajadz\u012bbas, da\u017eiem mode\u013ciem ir teleskopiska konstrukcija, kas nodro\u0161ina papla\u0161in\u0101tu sniedzam\u012bbu, nepalielinot \u0101r\u0113jos izm\u0113rus.<\/li>\n<\/ul>\n<h2>Ra\u017eo\u0161anas jauda<\/h2>\n<p>M\u0113s specializ\u0113jamies str\u0113les cilindru ra\u017eo\u0161an\u0101, nodro\u0161inot, ka m\u016bsu produkti var perfekti aizst\u0101t eso\u0161os hidrauliskos cilindrus, neapdraudot kvalit\u0101ti vai veiktsp\u0113ju.<\/p>\n<p><img decoding=\"async\" src=\"https:\/\/www.hydraulic-cylinders.net\/wp-content\/uploads\/2025\/04\/songte-cylinder-head-with-all-kinds-excavator-models.webp\" alt=\"Ekskavatora mode\u013ca sader\u012bba\" \/><\/p>\n<h2>Str\u0113les cilindra pielietojumi<\/h2>\n<h3>Celtniec\u012bbas apr\u012bkojums<\/h3>\n<p>Ekskavatoros str\u0113les cilindri ir svar\u012bgi augsnes vai gru\u017eu rak\u0161anai, iekrau\u0161anai un transport\u0113\u0161anai. Tie atvieglo efekt\u012bvu rak\u0161anu, \u013caujot kausam iek\u013c\u016bt zem\u0113 un efekt\u012bvi pacelt materi\u0101lus. Ekskavatoros-iekr\u0101v\u0113jos str\u0113les cilindrs pal\u012bdz gan rak\u0161anas, gan cel\u0161anas oper\u0101cij\u0101s, palielinot produktivit\u0101ti b\u016bvlaukumos.<\/p>\n<h3>Lauksaimniec\u012bbas tehnika<\/h3>\n<p>Front\u0101lajos iekr\u0101v\u0113jos str\u0113les cilindri tiek izmantoti augsnes, siena un citu materi\u0101lu sav\u0101k\u0161anai, pacel\u0161anai un transport\u0113\u0161anai. To sp\u0113ja iztur\u0113t smagas kravas padara tos nenov\u0113rt\u0113jamus lauksaimniec\u012bbas darbos, kur efektivit\u0101te ir \u013coti svar\u012bga t\u0101dos uzdevumos k\u0101 st\u0101d\u012b\u0161ana, ra\u017eas nov\u0101k\u0161ana un materi\u0101lu p\u0101rvieto\u0161ana.<\/p>\n<h3>Ekskavatori<\/h3>\n<p>Ekskavatoros str\u0113les cilindrs \u013cauj kausam efekt\u012bvi iek\u013c\u016bt augsn\u0113, nodro\u0161inot \u0101tru un efekt\u012bvu rak\u0161anu. \u0160\u012b funkcionalit\u0101te ir vit\u0101li svar\u012bga b\u016bvniec\u012bbas un zemes p\u0101rvieto\u0161anas projektos, kur laiks un efektivit\u0101te tie\u0161i ietekm\u0113 produktivit\u0101ti un izmaksas.<\/p>\n<h3>Iekr\u0101v\u0113ji<\/h3>\n<p>Front\u0101lajos iekr\u0101v\u0113jos str\u0113les cilindri pal\u012bdz efekt\u012bvi pacelt un izg\u0101zt kravas. To konstrukcija nodro\u0161ina, ka tie var iztur\u0113t smagu materi\u0101lu cel\u0161anas slodzi, vienlaikus saglab\u0101jot stabilit\u0101ti un kontroli darb\u012bbas laik\u0101.<\/p>\n<h2>Dizaina apsv\u0113rumi<\/h2>\n<ul>\n<li><strong>Kravnes\u012bba:<\/strong> Konstrukcijai ir j\u0101iztur maksim\u0101l\u0101 slodze, ko cilindrs iztur\u0113s re\u0101los apst\u0101k\u013cos, nodro\u0161inot dro\u0161\u012bbu un uzticam\u012bbu.<\/li>\n<li><strong>Bl\u012bv\u0113jums:<\/strong> Efekt\u012bvi bl\u012bv\u0113\u0161anas meh\u0101nismi ir \u013coti svar\u012bgi, lai nov\u0113rstu hidraulisk\u0101 \u0161\u0137idruma nopl\u016bdi, kas var apdraud\u0113t sist\u0113mas efektivit\u0101ti un izrais\u012bt k\u013c\u016bmes.<\/li>\n<li><strong>Iztur\u012bba:<\/strong> Izmantotajiem materi\u0101liem un ra\u017eo\u0161anas metod\u0113m j\u0101uzlabo balona iztur\u012bba pret nodilumu un vides faktoriem, t\u0101d\u0113j\u0101di palielinot produkta kalpo\u0161anas laiku.<\/li>\n<li><strong>Dro\u0161\u012bba:<\/strong> J\u0101iek\u013cauj dro\u0161\u012bbas funkcijas, lai aizsarg\u0101tu gan iek\u0101rtas, gan operatorus, samazinot negad\u012bjumu risku darb\u012bbas laik\u0101.<\/li>\n<li><strong>Uzturam\u012bba:<\/strong> Projekt\u0113\u0161anai j\u0101nodro\u0161ina \u0113rta apkope un remonts, tostarp piek\u013cuve p\u0101rbaud\u0113m un bl\u012bv\u0113jumu un citu sast\u0101vda\u013cu nomai\u0146ai.<\/li>\n<\/ul>\n<p><img decoding=\"async\" src=\"https:\/\/www.hydraulic-cylinders.net\/wp-content\/uploads\/2025\/04\/songte-oil-pipes-and-spare-parts.webp\" alt=\"Hidraulisk\u0101s sist\u0113mas komponenti\" \/><\/p>\n<h2>Bl\u012bv\u0113\u0161ana un e\u013c\u013co\u0161ana<\/h2>\n<p>Pareiza bl\u012bv\u0113\u0161ana un e\u013c\u013co\u0161ana ir \u013coti svar\u012bga str\u0113les cilindra efekt\u012bvai darb\u012bbai. Lai nov\u0113rstu hidraulisk\u0101 \u0161\u0137idruma nopl\u016bdi, tiek izmantoti da\u017e\u0101di bl\u012bv\u0113\u0161anas elementi, piem\u0113ram, virzu\u013ca bl\u012bves un stie\u0146a bl\u012bves. Bl\u012bves parasti tiek izgatavotas no iztur\u012bgiem materi\u0101liem, piem\u0113ram, poliuret\u0101na un nitrila gumijas, kas ir iztur\u012bgas pret nodilumu un vides degrad\u0101ciju. Cilindra korpuss un v\u012bt\u0146otie gali ir smalki apstr\u0101d\u0101ti, lai uzlabotu iztur\u012bbu. Regul\u0101ra e\u013c\u013co\u0161ana ar hidraulisko e\u013c\u013cu ir nepiecie\u0161ama, lai uztur\u0113tu vienm\u0113r\u012bgu darb\u012bbu un pagarin\u0101tu cilindra kalpo\u0161anas laiku.<\/p>\n<h2>Prevent\u012bvie apkopes pas\u0101kumi<\/h2>\n<ul>\n<li><strong>Regul\u0101ras p\u0101rbaudes:<\/strong> Regul\u0101ru p\u0101rbau\u017eu veik\u0161ana pal\u012bdz noteikt nodilumu un iesp\u0113jamos boj\u0101jumus, pirms tie saasin\u0101s, nodro\u0161inot optim\u0101lu veiktsp\u0113ju un dro\u0161\u012bbu.<\/li>\n<li><strong>Pareiza e\u013c\u013co\u0161ana:<\/strong> Kust\u012bgo da\u013cu regul\u0101ra e\u013c\u013co\u0161ana ir b\u016btiska, lai samazin\u0101tu berzi, nov\u0113rstu nodilumu un uztur\u0113tu optim\u0101lu hidraulisk\u0101s sist\u0113mas darb\u012bbu.<\/li>\n<li><strong>Bl\u012bv\u0113juma nomai\u0146a:<\/strong> Regul\u0101ra nodilu\u0161o bl\u012bv\u0113jumu nomai\u0146a var nov\u0113rst nopl\u016bdes un uztur\u0113t hidraulisk\u0101s sist\u0113mas efektivit\u0101ti.<\/li>\n<\/ul>\n<h2>Uzst\u0101d\u012b\u0161anas vadl\u012bnijas<\/h2>\n<p>Uzst\u0101dot str\u0113les cilindru, optim\u0101lai veiktsp\u0113jai iev\u0113rojiet \u0161\u012bs darb\u012bbas:<\/p>\n<ol>\n<li><strong>Sagatavo\u0161ana:<\/strong> Not\u012briet uzst\u0101d\u012b\u0161anas vietu un p\u0101rliecinieties, ka visas virsmas ir t\u012bras no gru\u017eiem.<\/li>\n<li><strong>Izl\u012bdzin\u0101\u0161ana:<\/strong> Pareizi izl\u012bdziniet cilindru ar mont\u0101\u017eas kron\u0161teiniem, lai nov\u0113rstu p\u0101rm\u0113r\u012bgu slodzi uz cilindru.<\/li>\n<li><strong>Dro\u0161a mont\u0101\u017ea:<\/strong> Izmantojiet atbilsto\u0161us mont\u0101\u017eas kron\u0161teinus, lai stingri nostiprin\u0101tu cilindru viet\u0101, nov\u0113r\u0161ot jebk\u0101du kust\u012bbu darb\u012bbas laik\u0101.<\/li>\n<li><strong>Hidrauliskie savienojumi:<\/strong> Pievienojiet hidraulisk\u0101s l\u012bnijas, p\u0101rliecinoties, ka nav nopl\u016b\u017eu, un iev\u0113rojiet ra\u017eot\u0101ja nor\u0101d\u012bjumus par griezes momenta iestat\u012bjumiem.<\/li>\n<li><strong>Test\u0113\u0161ana:<\/strong> P\u0113c instal\u0113\u0161anas veiciet r\u016bp\u012bgu p\u0101rbaudi, lai p\u0101rliecin\u0101tos par pareizu darb\u012bbu, un nepiecie\u0161am\u012bbas gad\u012bjum\u0101 piel\u0101gojiet iestat\u012bjumus.<\/li>\n<\/ol>\n<h2>Bie\u017ei sastopamie apkopes uzdevumi<\/h2>\n<ul>\n<li><strong>Regul\u0101ras p\u0101rbaudes:<\/strong> Regul\u0101ras p\u0101rbaudes nodro\u0161ina cilindra efekt\u012bvu darb\u012bbu un pal\u012bdz atkl\u0101t probl\u0113mas, pirms t\u0101s k\u013c\u016bst par nopietn\u0101m probl\u0113m\u0101m.<\/li>\n<li><strong>Piem\u0113rota e\u013c\u013co\u0161ana:<\/strong> Nodro\u0161inot labu cilindra e\u013c\u013co\u0161anu, samazin\u0101s nodilums un pagarin\u0101s t\u0101 kalpo\u0161anas laiks, t\u0101p\u0113c regul\u0101ra e\u013c\u013co\u0161ana ir priorit\u0101te.<\/li>\n<li><strong>Bl\u012bv\u0113juma nomai\u0146a:<\/strong> Regul\u0101ras bl\u012bv\u0113jumu nodiluma p\u0101rbaudes un savlaic\u012bga nomai\u0146a pal\u012bdz uztur\u0113t hidraulisko efektivit\u0101ti un nov\u0113rst nopl\u016bdes.<\/li>\n<\/ul>\n<h2>Dro\u0161\u012bbas apsv\u0113rumi<\/h2>\n<p>Dro\u0161\u012bbas pas\u0101kumi ir \u013coti svar\u012bgi, str\u0101d\u0101jot ar hidrauliskajiem cilindriem. Pareiza apie\u0161an\u0101s, tostarp individu\u0101lo aizsardz\u012bbas l\u012bdzek\u013cu (IAL) lieto\u0161ana un ekspluat\u0101cijas dro\u0161\u012bbas protokolu iev\u0113ro\u0161ana, var mazin\u0101t riskus. Nodro\u0161iniet, lai visi operatori b\u016btu apm\u0101c\u012bti dro\u0161as ekspluat\u0101cijas praks\u0113, lai nov\u0113rstu negad\u012bjumus un traumas.<\/p>\n<h2>K\u013c\u016bmju diagnostika un bie\u017e\u0101k sastopam\u0101s probl\u0113mas<\/h2>\n<ul>\n<li><strong>Hidraulisk\u0101 \u0161\u0137idruma nopl\u016bdes:<\/strong> Mekl\u0113jiet nopl\u016bdes paz\u012bmes ap bl\u012bv\u0113m un savienojumiem; tas var liecin\u0101t par nolietotiem bl\u012bv\u0113jumiem vai va\u013c\u012bgiem savienojumiem.<\/li>\n<li><strong>L\u0113na darb\u012bba:<\/strong> Ja cilindrs darbojas l\u0113ni, tas var b\u016bt saist\u012bts ar zemu hidraulisk\u0101 \u0161\u0137idruma l\u012bmeni vai \u0161\u0137idruma pies\u0101r\u0146ojumu.<\/li>\n<li><strong>Negaid\u012btas kust\u012bbas:<\/strong> Nekonsekventas cilindru kust\u012bbas var liecin\u0101t par iek\u0161\u0113jiem boj\u0101jumiem vai hidrauliskaj\u0101 sist\u0113m\u0101 iesprostotu gaisu.<\/li>\n<\/ul>\n<h2>Probl\u0113mu nov\u0113r\u0161anas padomi<\/h2>\n<p>Lai efekt\u012bvi diagnostic\u0113tu un risin\u0101tu probl\u0113mas:<\/p>\n<ol>\n<li>P\u0101rbaudiet hidraulisk\u0101 \u0161\u0137idruma l\u012bmeni un kvalit\u0101ti, nepiecie\u0161am\u012bbas gad\u012bjum\u0101 nomainot pies\u0101r\u0146oto \u0161\u0137idrumu.<\/li>\n<li>P\u0101rbaudiet bl\u012bves un savienojumus, vai tie nav nodilu\u0161i, un nomainiet tos, lai nov\u0113rstu nopl\u016bdes n\u0101kotn\u0113.<\/li>\n<li>Atgaisojiet hidraulisko sist\u0113mu, lai izvad\u012btu iesprostoto gaisu, kas var ietekm\u0113t veiktsp\u0113ju.<\/li>\n<\/ol>\n<p><img decoding=\"async\" src=\"https:\/\/www.hydraulic-cylinders.net\/wp-content\/uploads\/2025\/04\/songte-bushings-with-all-kinds-of-excavator-models.webp\" alt=\"Ekskavatora bukses mode\u013ci\" \/><\/p>\n<h2>Uz\u0146\u0113muma p\u0101rskats<\/h2>\n<p>M\u0113s esam hidraulisko cilindru rezerves da\u013cu ra\u017eot\u0101js, pied\u0101v\u0101jot pla\u0161u produktu kl\u0101stu, kas padara m\u016bs par vienu no vado\u0161ajiem ra\u017eot\u0101jiem un vairumtirgot\u0101jiem viet\u0113j\u0101 un starptautiskaj\u0101 tirg\u016b. M\u0113s iev\u0113rojam izcil\u012bbas strat\u0113\u0123iju, izmantojot prec\u012bzu ra\u017eo\u0161anas vad\u012bbu, un nep\u0101rtraukti uzlabojam savu ra\u017eo\u0161anas platformu. M\u016bsu ap\u0146em\u0161an\u0101s nodro\u0161in\u0101t augstu efektivit\u0101ti, precizit\u0101ti un kvalit\u0101ti nodro\u0161ina, ka m\u0113s apmierin\u0101m da\u017e\u0101das klientu vajadz\u012bbas.<\/p>\n<h3>Profesionalit\u0101te un sertifik\u0101ti<\/h3>\n<p>M\u016bsu produkti atbilst starptautiskajiem standartiem, un m\u0113s pied\u0101v\u0101jam piel\u0101go\u0161anas pakalpojumus, lai apmierin\u0101tu \u012bpa\u0161as pras\u012bbas. M\u016bsu modern\u0101s ra\u017eo\u0161anas iek\u0101rtas kop\u0101 ar r\u016bp\u012bgo p\u0113cp\u0101rdo\u0161anas servisu nodro\u0161ina klientu apmierin\u0101t\u012bbu.<\/p>\n<p><img decoding=\"async\" src=\"https:\/\/www.hydraulic-cylinders.net\/wp-content\/uploads\/2025\/04\/songte-company-4.webp\" alt=\"Uz\u0146\u0113muma telpas\" \/><br \/>\n<img decoding=\"async\" src=\"https:\/\/www.hydraulic-cylinders.net\/wp-content\/uploads\/2025\/04\/songte-company-3.webp\" alt=\"Uz\u0146\u0113muma ra\u017eo\u0161ana\" \/><\/p>\n<p>Autors: lil<\/p>","protected":false},"excerpt":{"rendered":"<p>Boom Cylinder For XCMG Large Excavator XE470CK Product Overview The Boom Cylinder for the XCMG Large Excavator XE470CK is a specialized hydraulic cylinder designed to manage the motion of the excavator&#8217;s boom. This cylinder plays a crucial role in hydraulic systems, facilitating the lifting, lowering, and tilting of the boom, which is essential for various [&hellip;]<\/p>","protected":false},"featured_media":17868,"comment_status":"open","ping_status":"closed","template":"","meta":{"_et_pb_use_builder":"","_et_pb_old_content":"","_et_gb_content_width":""},"product_brand":[],"product_cat":[1546],"product_tag":[1547,1496],"class_list":{"0":"post-19197","1":"product","2":"type-product","3":"status-publish","4":"has-post-thumbnail","6":"product_cat-boom-cylinders","7":"product_tag-boom-cylinders","8":"product_tag-hydraulic-cylinders","10":"first","11":"instock","12":"shipping-taxable","13":"product-type-simple"},"amp_enabled":true,"_links":{"self":[{"href":"https:\/\/www.hydraulic-cylinders.net\/lv\/wp-json\/wp\/v2\/product\/19197","targetHints":{"allow":["GET"]}}],"collection":[{"href":"https:\/\/www.hydraulic-cylinders.net\/lv\/wp-json\/wp\/v2\/product"}],"about":[{"href":"https:\/\/www.hydraulic-cylinders.net\/lv\/wp-json\/wp\/v2\/types\/product"}],"replies":[{"embeddable":true,"href":"https:\/\/www.hydraulic-cylinders.net\/lv\/wp-json\/wp\/v2\/comments?post=19197"}],"wp:featuredmedia":[{"embeddable":true,"href":"https:\/\/www.hydraulic-cylinders.net\/lv\/wp-json\/wp\/v2\/media\/17868"}],"wp:attachment":[{"href":"https:\/\/www.hydraulic-cylinders.net\/lv\/wp-json\/wp\/v2\/media?parent=19197"}],"wp:term":[{"taxonomy":"product_brand","embeddable":true,"href":"https:\/\/www.hydraulic-cylinders.net\/lv\/wp-json\/wp\/v2\/product_brand?post=19197"},{"taxonomy":"product_cat","embeddable":true,"href":"https:\/\/www.hydraulic-cylinders.net\/lv\/wp-json\/wp\/v2\/product_cat?post=19197"},{"taxonomy":"product_tag","embeddable":true,"href":"https:\/\/www.hydraulic-cylinders.net\/lv\/wp-json\/wp\/v2\/product_tag?post=19197"}],"curies":[{"name":"wp","href":"https:\/\/api.w.org\/{rel}","templated":true}]}}