{"id":19200,"date":"2025-04-07T06:17:44","date_gmt":"2025-04-07T06:17:44","guid":{"rendered":"https:\/\/www.hydraulic-cylinders.net\/product\/boom-cylinder-for-xcmg-large-excavator-xe370ca\/"},"modified":"2025-04-07T06:17:46","modified_gmt":"2025-04-07T06:17:46","slug":"boom-cylinder-for-xcmg-large-excavator-xe370ca","status":"publish","type":"product","link":"https:\/\/www.hydraulic-cylinders.net\/lv\/products\/boom-cylinder-for-xcmg-large-excavator-xe370ca\/","title":{"rendered":"XCMG liela ekskavatora XE370CA str\u0113les cilindrs"},"content":{"rendered":"<h1>XCMG liela ekskavatora XE370CA str\u0113les cilindrs<\/h1>\n<h2>Produkta p\u0101rskats<\/h2>\n<p>XCMG liel\u0101 ekskavatora XE370CA str\u0113les cilindrs ir specializ\u0113ts hidrauliskais cilindrs, kas paredz\u0113ts str\u0113les kust\u012bbas p\u0101rvald\u012bbai lielos ekskavatoros. \u0160\u012b kritiski svar\u012bg\u0101 sast\u0101vda\u013ca nodro\u0161ina prec\u012bzu str\u0113les pacel\u0161anu, nolai\u0161anu un noliek\u0161anu, atvieglojot pla\u0161u materi\u0101lu apstr\u0101des uzdevumu kl\u0101stu. Hidrauliskajiem cilindriem, \u012bpa\u0161i str\u0113les cilindriem, ir b\u016btiska loma smago ma\u0161\u012bnu hidrauliskaj\u0101s sist\u0113m\u0101s, nodro\u0161inot efekt\u012bvu t\u0101du agreg\u0101tu k\u0101 kausu un sp\u012b\u013cu darb\u012bbu.<\/p>\n<p>\u0160ie cilindri ir izstr\u0101d\u0101ti, lai nodro\u0161in\u0101tu uzticamu darb\u012bbu pat sare\u017e\u0123\u012btos apst\u0101k\u013cos, padarot tos neaizst\u0101jamus b\u016bvniec\u012bb\u0101, ieguves r\u016bpniec\u012bb\u0101 un cit\u0101s lieljaudas lietojumprogramm\u0101s. Izgatavoti no augstas kvalit\u0101tes materi\u0101liem, tie nodro\u0161ina iztur\u012bbu un ilgm\u016b\u017e\u012bbu, samazinot apkopes nepiecie\u0161am\u012bbu un d\u012bkst\u0101ves laiku.<\/p>\n<p><img decoding=\"async\" src=\"https:\/\/www.hydraulic-cylinders.net\/wp-content\/uploads\/2025\/04\/songte-company-1.webp\" alt=\"Hidrauliskais cilindrs ekskavatoriem\"><\/p>\n<h3>Galven\u0101s iez\u012bmes<\/h3>\n<ul>\n<li><strong>Augsta iztur\u012bba un ilgm\u016b\u017e\u012bba:<\/strong> \u0160ie cilindri, kas izgatavoti no augstas stipr\u012bbas t\u0113rauda vai alum\u012bnija, var iztur\u0113t augstu spiedienu un lielas slodzes, padarot tos piem\u0113rotus skarbiem darba apst\u0101k\u013ciem.<\/li>\n<li><strong>Efekt\u012bva hidraulisk\u0101 darb\u012bba:<\/strong> Tie izmanto hidraulisk\u0101s e\u013c\u013cas spiedienu, lai nodro\u0161in\u0101tu vienm\u0113r\u012bgas izstiep\u0161anas un ievilk\u0161anas kust\u012bbas, \u0101tri rea\u0123\u0113jot uz operatora komand\u0101m un nodro\u0161inot sp\u0113c\u012bgu stum\u0161anas un vilk\u0161anas sp\u0113ku, kas ir ide\u0101li piem\u0113rots smagu priek\u0161metu p\u0101rvieto\u0161anai.<\/li>\n<li><strong>Da\u017e\u0101di veidi:<\/strong> \u0160ie cilindri ir pieejami vienk\u0101r\u0161\u0101s un divk\u0101r\u0161\u0101s darb\u012bbas konstrukcij\u0101s, un tos var piel\u0101got konkr\u0113t\u0101m ekspluat\u0101cijas vajadz\u012bb\u0101m. Da\u017eiem mode\u013ciem ir teleskopiska konstrukcija, kas nodro\u0161ina liel\u0101ku pagarin\u0101jumu, nepalielinot \u0101r\u0113jo izm\u0113ru.<\/li>\n<li><strong>Piel\u0101gota ra\u017eo\u0161ana:<\/strong> M\u0113s specializ\u0113jamies hidraulisko cilindru ra\u017eo\u0161an\u0101, kas lieliski aizst\u0101j eso\u0161os mode\u013cus, nodro\u0161inot sader\u012bbu un veiktsp\u0113ju.<\/li>\n<li><strong>Lietojumprogrammu daudzpus\u012bba:<\/strong> Ide\u0101li piem\u0113rots da\u017e\u0101diem smag\u0101s tehnikas pielietojumiem, tostarp ekskavatoriem, ekskavatoriem-iekr\u0101v\u0113jiem un front\u0101lajiem iekr\u0101v\u0113jiem.<\/li>\n<\/ul>\n<p><img decoding=\"async\" src=\"https:\/\/www.hydraulic-cylinders.net\/wp-content\/uploads\/2025\/04\/songte-cylinder-head-with-all-kinds-excavator-models.webp\" alt=\"Ekskavatora mode\u013cu cilindra galva\"><\/p>\n<h2>Pieteikumi<\/h2>\n<h3>Celtniec\u012bbas apr\u012bkojums<\/h3>\n<p>Ekskavatoros str\u0113les cilindri ir \u013coti svar\u012bgi augsnes vai gru\u017eu rak\u0161anai, iekrau\u0161anai un p\u0101rvieto\u0161anai. Tie nodro\u0161ina nepiecie\u0161amo sp\u0113ku, lai iek\u013c\u016btu ciet\u0101 zem\u0113, \u013caujot operatoriem efekt\u012bvi veikt rak\u0161anas darbus. Ekskavatoros-iekr\u0101v\u0113jos str\u0113les cilindrs pal\u012bdz ne tikai rak\u0161an\u0101, bet ar\u012b smagu kravu cel\u0161an\u0101, uzlabojot ma\u0161\u012bnas visp\u0101r\u0113jo funkcionalit\u0101ti b\u016bvlaukumos.<\/p>\n<h3>Lauksaimniec\u012bbas tehnika<\/h3>\n<p>Front\u0101lajos iekr\u0101v\u0113jos str\u0113les cilindri ir b\u016btiski t\u0101du materi\u0101lu k\u0101 augsnes, siena un citu lauksaimniec\u012bbas produktu sav\u0101k\u0161anai, cel\u0161anai un transport\u0113\u0161anai. To jaud\u012bg\u0101 veiktsp\u0113ja \u013cauj lauksaimniekiem apstr\u0101d\u0101t smagas kravas, veicinot efekt\u012bv\u0101ku lauksaimniec\u012bbas darb\u012bbu un produktivit\u0101ti.<\/p>\n<h3>Ekskavatori<\/h3>\n<p>\u0160ie cilindri \u013cauj ekskavatora kausam efekt\u012bvi iek\u013c\u016bt augsn\u0113, atvieglojot rak\u0161anas darb\u012bbu, kas nepiecie\u0161ama pamatu un tran\u0161eju izrak\u0161anai. To uzticam\u012bba nodro\u0161ina, ka rak\u0161anas darbi var norit\u0113t bez p\u0101rtraukumiem, kas ir \u013coti svar\u012bgi projekta termi\u0146u iev\u0113ro\u0161anai.<\/p>\n<h3>Iekr\u0101v\u0113ji<\/h3>\n<p>Front\u0101lajos iekr\u0101v\u0113jos str\u0113les cilindri pal\u012bdz efekt\u012bvi pacelt un izg\u0101zt kravas. \u0160\u012b iesp\u0113ja ir b\u016btiska b\u016bvniec\u012bbas un ainavu veido\u0161anas projektos, kur savlaic\u012bga materi\u0101lu apstr\u0101de ir kritiski svar\u012bga. \u0160o cilindru iztur\u012bg\u0101 konstrukcija nodro\u0161ina, ka tie sp\u0113j tikt gal\u0101 ar smagu materi\u0101lu cel\u0161anas un transport\u0113\u0161anas pras\u012bb\u0101m.<\/p>\n<h2>Dizaina apsv\u0113rumi<\/h2>\n<h3>Kravnes\u012bba<\/h3>\n<p>Str\u0113les cilindra kravnes\u012bba ir kritiski svar\u012bgs apsv\u0113rums t\u0101 konstrukcij\u0101. Tam j\u0101sp\u0113j iztur\u0113t maksim\u0101lo svaru, ko str\u0113le pacels, nodro\u0161inot dro\u0161\u012bbu un darb\u012bbas efektivit\u0101ti. In\u017eenieri r\u016bp\u012bgi apr\u0113\u0137ina cilindra izm\u0113rus un materi\u0101la iztur\u012bbu, lai sasniegtu nepiecie\u0161amo kravnes\u012bbu.<\/p>\n<h3>Bl\u012bv\u0113juma veiktsp\u0113ja<\/h3>\n<p>Efekt\u012bvs bl\u012bv\u0113jums hidrauliskajos cilindros ir \u0101rk\u0101rt\u012bgi svar\u012bgs, lai nov\u0113rstu nopl\u016bdes un uztur\u0113tu spiedienu. Tiek izmantotas progres\u012bvas bl\u012bv\u0113\u0161anas tehnolo\u0123ijas, tostarp bl\u012bv\u0113jumi, kas izgatavoti no iztur\u012bgiem materi\u0101liem, piem\u0113ram, poliuret\u0101na un nitrilgumijas. \u0160ie bl\u012bv\u0113jumi nodro\u0161ina ilgm\u016b\u017e\u012bbu un uzticam\u012bbu pat ekstrem\u0101los spiediena un vides apst\u0101k\u013cos.<\/p>\n<h3>Iztur\u012bba<\/h3>\n<p>Iztur\u012bba ir galvenais faktors str\u0113les cilindru konstrukcij\u0101. Tiem j\u0101iztur lielas slodzes pielietojumi, tostarp abraz\u012bvu un kod\u012bgu materi\u0101lu iedarb\u012bba. Augstas iztur\u012bbas materi\u0101lu un aizsargp\u0101rkl\u0101jumu izv\u0113le iev\u0113rojami uzlabo cilindra kalpo\u0161anas laiku un veiktsp\u0113ju.<\/p>\n<h3>Dro\u0161\u012bba<\/h3>\n<p>Dro\u0161\u012bbas funkcijas ir neat\u0146emama str\u0113les cilindru konstrukcijas sast\u0101vda\u013ca, kas nodro\u0161ina to darb\u012bbu bez atteices riska. Tas ietver dro\u0161\u012bbas v\u0101rstu un spiediena samazin\u0101\u0161anas meh\u0101nismu iek\u013cau\u0161anu, lai nov\u0113rstu p\u0101rslodzi un iesp\u0113jamus negad\u012bjumus darb\u012bbas laik\u0101.<\/p>\n<h3>Apkopes pieejam\u012bba<\/h3>\n<p>Hidraulisko cilindru projekt\u0113\u0161ana t\u0101, lai tos b\u016btu viegli apkopt. Tas ietver piek\u013cuvi p\u0101rbaud\u0113m, e\u013c\u013co\u0161anai un bl\u012bv\u0113jumu nomai\u0146ai. Konstrukcija, kas atvieglo apkopi, pagarina cilindra kalpo\u0161anas laiku un nodro\u0161ina t\u0101 darb\u012bbu ar maksim\u0101lu efektivit\u0101ti.<\/p>\n<p><img decoding=\"async\" src=\"https:\/\/www.hydraulic-cylinders.net\/wp-content\/uploads\/2025\/04\/songte-oil-pipes-and-spare-parts.webp\" alt=\"Hidraulisko cilindru deta\u013cas\"><\/p>\n<h2>Bl\u012bv\u0113jumi un e\u013c\u013co\u0161ana<\/h2>\n<p>Lai nodro\u0161in\u0101tu optim\u0101lu veiktsp\u0113ju, str\u0113les cilindros tiek izmantoti da\u017e\u0101di bl\u012bv\u0113jumi, tostarp virzu\u013ca bl\u012bv\u0113jumi un stie\u0146a bl\u012bv\u0113jumi. To iztur\u012bbas d\u0113\u013c priek\u0161roka tiek dota bl\u012bv\u0113jumiem, kas izgatavoti no nodilumiztur\u012bgiem materi\u0101liem, piem\u0113ram, poliuret\u0101na un nitrila gumijas. Cilindra korpuss un v\u012bt\u0146ot\u0101s gala virsmas tiek prec\u012bzi apstr\u0101d\u0101tas, lai uzlabotu nodilumiztur\u012bbu un bl\u012bv\u0113juma veiktsp\u0113ju.<\/p>\n<p>Regul\u0101ra e\u013c\u013co\u0161ana ir b\u016btiska, lai uztur\u0113tu hidraulisk\u0101s sist\u0113mas funkcionalit\u0101ti. Periodiski j\u0101pievieno pietiekams hidraulisk\u0101s e\u013c\u013cas daudzums, lai nodro\u0161in\u0101tu vienm\u0113r\u012bgu darb\u012bbu un nov\u0113rstu bl\u012bv\u0113jumu un iek\u0161\u0113jo komponentu nodilumu. Pareiza e\u013c\u013co\u0161ana ne tikai uzlabo veiktsp\u0113ju, bet ar\u012b pagarina cilindra kalpo\u0161anas laiku.<\/p>\n<h2>Apkopes pas\u0101kumi<\/h2>\n<ul>\n<li><strong>Regul\u0101ras p\u0101rbaudes:<\/strong> Veiciet regul\u0101ras p\u0101rbaudes, lai noteiktu nodiluma, boj\u0101jumu vai nopl\u016b\u017eu paz\u012bmes. Tas pal\u012bdz identific\u0113t potenci\u0101l\u0101s probl\u0113mas, pirms t\u0101s saasin\u0101s, nodro\u0161inot darb\u012bbas dro\u0161\u012bbu un efektivit\u0101ti.<\/li>\n<li><strong>Pareiza e\u013c\u013co\u0161ana:<\/strong> P\u0101rliecinieties, ka hidraulisk\u0101s e\u013c\u013cas l\u012bmenis ir uztur\u0113ts nemain\u012bgs un ka bl\u012bves ir pien\u0101c\u012bgi iee\u013c\u013cotas, lai nov\u0113rstu p\u0101rkar\u0161anu un nodilumu.<\/li>\n<li><strong>Bl\u012bv\u0113juma nomai\u0146a:<\/strong> Regul\u0101ri p\u0101rbaudiet bl\u012bv\u0113jumu st\u0101vokli un nomainiet tos p\u0113c nepiecie\u0161am\u012bbas, lai nov\u0113rstu hidraulisk\u0101 \u0161\u0137idruma nopl\u016bdes, kas var pasliktin\u0101t sist\u0113mas darb\u012bbu.<\/li>\n<\/ul>\n<h2>Uzst\u0101d\u012b\u0161anas vadl\u012bnijas<\/h2>\n<p>Str\u0113les cilindra uzst\u0101d\u012b\u0161ana prasa r\u016bp\u012bgu uzman\u012bbu deta\u013c\u0101m, lai nodro\u0161in\u0101tu pareizu izl\u012bdzin\u0101\u0161anu un funkcionalit\u0101ti. Vispirms p\u0101rliecinieties, vai mont\u0101\u017eas virsmas ir t\u012bras un bez gru\u017eiem. Izmantojiet atbilsto\u0161us mont\u0101\u017eas kron\u0161teinus, lai nostiprin\u0101tu cilindru viet\u0101. Izl\u012bdziniet cilindru vajadz\u012bgaj\u0101 le\u0146\u0137\u012b un nepiecie\u0161am\u012bbas gad\u012bjum\u0101 noregul\u0113jiet to pirms mont\u0101\u017eas aparat\u016bras pievilk\u0161anas.<\/p>\n<p>P\u0113c tam pievienojiet hidraulisk\u0101s l\u012bnijas, p\u0101rliecinoties, ka t\u0101s nav samezgloju\u0161\u0101s vai boj\u0101tas. P\u0101rbaudiet, vai t\u0101s ir pareizi izvietotas, lai nov\u0113rstu kust\u012bgo da\u013cu nodilumu. P\u0113c pievieno\u0161anas piepildiet hidraulisko sist\u0113mu ar ieteicamo e\u013c\u013cu un izlaidiet no sist\u0113mas gaisu, lai nodro\u0161in\u0101tu optim\u0101lu veiktsp\u0113ju. P\u0113c uzst\u0101d\u012b\u0161anas p\u0101rbaudiet cilindru zem slodzes, lai apstiprin\u0101tu pareizu darb\u012bbu, un veiciet nepiecie\u0161amos piel\u0101gojumus.<\/p>\n<h2>Bie\u017ei sastopamie apkopes uzdevumi<\/h2>\n<h3>Regul\u0101ras p\u0101rbaudes<\/h3>\n<p>Regul\u0101ras p\u0101rbaudes ir b\u016btiskas hidraulisko cilindru ilgm\u016b\u017e\u012bbai. Mekl\u0113jiet nodiluma paz\u012bmes, tostarp plaisas, izliekumus vai nopl\u016bdes. Potenci\u0101lo probl\u0113mu agr\u012bna atkl\u0101\u0161ana var nov\u0113rst nopietn\u0101kas probl\u0113mas un d\u0101rgas d\u012bkst\u0101ves. Regul\u0101ri veiciet vizu\u0101las p\u0101rbaudes un detaliz\u0113tas p\u0101rbaudes pl\u0101not\u0101s apkopes laik\u0101.<\/p>\n<h3>Piem\u0113rota e\u013c\u013co\u0161ana<\/h3>\n<p>P\u0101rliecinieties, vai hidraulisk\u0101 sist\u0113ma ir pien\u0101c\u012bgi iee\u013c\u013cota, lai nov\u0113rstu berzi un nodilumu. Regul\u0101ri p\u0101rbaudiet e\u013c\u013cas l\u012bmeni un nomainiet e\u013c\u013cu saska\u0146\u0101 ar ra\u017eot\u0101ja ieteikumiem. Pareiza e\u013c\u013co\u0161ana nodro\u0161ina vienm\u0113r\u012bgu darb\u012bbu un samazina boj\u0101jumu risku sausu deta\u013cu d\u0113\u013c.<\/p>\n<h3>Bl\u012bvju nomai\u0146as un kalibr\u0113\u0161anas p\u0101rbaudes<\/h3>\n<p>Laika gait\u0101 bl\u012bves var nolietoties hidraulisk\u0101 \u0161\u0137idruma un vides apst\u0101k\u013cu iedarb\u012bbas d\u0113\u013c. Regul\u0101ri p\u0101rbaudiet un nomainiet bl\u012bves p\u0113c nepiecie\u0161am\u012bbas, lai saglab\u0101tu sist\u0113mas integrit\u0101ti. J\u0101veic ar\u012b kalibr\u0113\u0161anas p\u0101rbaudes, lai nodro\u0161in\u0101tu, ka cilindrs darbojas noteiktos parametros, nov\u0113r\u0161ot darb\u012bbas probl\u0113mas.<\/p>\n<p><img decoding=\"async\" src=\"https:\/\/www.hydraulic-cylinders.net\/wp-content\/uploads\/2025\/04\/songte-chushion-collar.webp\" alt=\"Spilvenu apkakle\"><\/p>\n<h2>Dro\u0161\u012bbas apsv\u0113rumi<\/h2>\n<p>Str\u0101d\u0101jot ar hidrauliskajiem cilindriem, dro\u0161\u012bbas pas\u0101kumi ir \u0101rk\u0101rt\u012bgi svar\u012bgi. P\u0101rliecinieties, ka viss person\u0101ls ir apm\u0101c\u012bts pareiz\u0101 hidraulisko iek\u0101rtu lieto\u0161an\u0101 un izprot ar t\u0101m saist\u012btos riskus. Izmantojiet atbilsto\u0161us individu\u0101los aizsardz\u012bbas l\u012bdzek\u013cus (IAL) un p\u0101rliecinieties, ka visas iek\u0101rtas dro\u0161\u012bbas funkcijas darbojas. Regul\u0101ras dro\u0161\u012bbas p\u0101rbaudes var pal\u012bdz\u0113t identific\u0113t iesp\u0113jamos apdraud\u0113jumus un nodro\u0161in\u0101t atbilst\u012bbu dro\u0161\u012bbas standartiem.<\/p>\n<h2>Bie\u017ei sastopamo probl\u0113mu nov\u0113r\u0161ana<\/h2>\n<ul>\n<li><strong>Nopl\u016bde:<\/strong> P\u0101rbaudiet, vai nav boj\u0101tu bl\u012bv\u0113jumu vai va\u013c\u012bgu savienojumu k\u0101 iesp\u0113jamos c\u0113lo\u0146us. Nomainiet bl\u012bves p\u0113c nepiecie\u0161am\u012bbas un p\u0101rliecinieties, vai visi savienojumi ir pievilkti.<\/li>\n<li><strong>L\u0113na darb\u012bba:<\/strong> Tas var liecin\u0101t par zemu hidraulisk\u0101 \u0161\u0137idruma l\u012bmeni vai sist\u0113m\u0101 iesprostotu gaisu. P\u0101rliecinieties, vai \u0161\u0137idrums ir papildin\u0101ts, un atgaisojiet sist\u0113mu, lai izvad\u012btu gaisu.<\/li>\n<li><strong>Nekonsekventa veiktsp\u0113ja:<\/strong> Veiktsp\u0113jas sv\u0101rst\u012bbas var izrais\u012bt hidraulisk\u0101 \u0161\u0137idruma pies\u0101r\u0146ojums. Regul\u0101ri p\u0101rbaudiet un nomainiet hidraulisko \u0161\u0137idrumu, lai uztur\u0113tu sist\u0113mas veiktsp\u0113ju.<\/li>\n<\/ul>\n<h2>Probl\u0113mu nov\u0113r\u0161anas padomi<\/h2>\n<p>Lai efekt\u012bvi risin\u0101tu probl\u0113mas ar hidrauliskajiem cilindriem, vispirms veiciet r\u016bp\u012bgu p\u0101rbaudi, lai identific\u0113tu redzamas probl\u0113mas. Lai noteiktu nopl\u016bdes, p\u0101rbaudiet visu \u0161\u013c\u016bte\u0146u un savienojumu herm\u0113tiskumu un integrit\u0101ti. L\u0113nas darb\u012bbas gad\u012bjum\u0101 p\u0101rbaudiet, vai hidraulisk\u0101 \u0161\u0137idruma l\u012bmenis ir atbilsto\u0161\u0101 l\u012bmen\u012b un vai l\u012bnij\u0101s nav aizsprostojumu. Regul\u0101ra profilaktisk\u0101 apkope, tostarp savlaic\u012bga \u0161\u0137idruma mai\u0146a un bl\u012bv\u0113jumu p\u0101rbaudes, var samazin\u0101t \u0161o probl\u0113mu ra\u0161anos.<\/p>\n<p><img decoding=\"async\" src=\"https:\/\/www.hydraulic-cylinders.net\/wp-content\/uploads\/2025\/04\/songte-bushings-with-all-kinds-of-excavator-models.webp\" alt=\"Ekskavatora bukses\"><\/p>\n<h2>Par m\u016bsu uz\u0146\u0113mumu<\/h2>\n<p>M\u0113s esam vado\u0161ais hidraulisko cilindru ra\u017eot\u0101js, kas specializ\u0113jas augstas kvalit\u0101tes rezerves hidraulisko cilindru ra\u017eo\u0161an\u0101 da\u017e\u0101d\u0101m ma\u0161\u012bn\u0101m. Ar pla\u0161u produktu kl\u0101stu m\u0113s esam k\u013cuvu\u0161i par vienu no vado\u0161ajiem ra\u017eot\u0101jiem un vairumtirgot\u0101jiem gan viet\u0113j\u0101, gan starptautiskaj\u0101 tirg\u016b. M\u016bsu ap\u0146em\u0161anos sasniegt izcil\u012bbu pamato sare\u017e\u0123\u012bts ra\u017eo\u0161anas process, kas apvieno kvalific\u0113tu darbasp\u0113ku, modernu digit\u0101lo ra\u017eo\u0161anas apr\u012bkojumu un stingras kvalit\u0101tes kontroles sist\u0113mas.<\/p>\n<p>M\u016bsu uz\u0146\u0113mums koncentr\u0113jas uz ra\u017eo\u0161anas jaudu uzlabo\u0161anu, izmantojot nep\u0101rtrauktus uzlabojumus un inov\u0101cijas. M\u0113s priorit\u0101ri izvirz\u0101m augstu efektivit\u0101ti, precizit\u0101ti un kvalit\u0101ti visos m\u016bsu produktos, nodro\u0161inot, ka m\u0113s apmierin\u0101m m\u016bsu klientu da\u017e\u0101d\u0101s vajadz\u012bbas.<\/p>\n<h3>Profesion\u0101l\u0101 kompetence<\/h3>\n<p>M\u016bsu komand\u0101 ir pieredz\u0113ju\u0161i in\u017eenieri un tehni\u0137i, kas ir ap\u0146\u0113mu\u0161ies sniegt m\u016bsu klientiem piel\u0101gotus risin\u0101jumus. M\u0113s pied\u0101v\u0101jam piel\u0101gotus pakalpojumus, lai izpild\u012btu \u012bpa\u0161as hidraulisko cilindru pras\u012bbas, nodro\u0161inot sader\u012bbu un optim\u0101lu veiktsp\u0113ju.<\/p>\n<h3>Starptautisk\u0101s sertifik\u0101cijas<\/h3>\n<p>M\u0113s iev\u0113rojam starptautiskos ra\u017eo\u0161anas standartus un mums ir da\u017e\u0101di sertifik\u0101ti, kas apliecina m\u016bsu ap\u0146em\u0161anos nodro\u0161in\u0101t kvalit\u0101ti un dro\u0161\u012bbu. Tas nodro\u0161ina, ka m\u016bsu klienti sa\u0146em uzticamus produktus, kas atbilst pasaules nozares standartiem.<\/p>\n<h3>Ra\u017eo\u0161anas iek\u0101rtas<\/h3>\n<p>M\u016bsu modern\u0101k\u0101s ra\u017eo\u0161anas iek\u0101rtas ir apr\u012bkotas ar jaun\u0101kaj\u0101m tehnolo\u0123ij\u0101m, lai nodro\u0161in\u0101tu augst\u0101kos ra\u017eo\u0161anas standartus. Tas ietver automatiz\u0113tas iek\u0101rtas un prec\u012bzijas instrumentus, kas uzlabo ra\u017eo\u0161anas efektivit\u0101ti un produktu kvalit\u0101ti.<\/p>\n<h3>P\u0113cp\u0101rdo\u0161anas serviss<\/h3>\n<p>M\u0113s saviem klientiem pied\u0101v\u0101jam visaptvero\u0161u p\u0113cp\u0101rdo\u0161anas atbalstu, tostarp servisa un apkopes pal\u012bdz\u012bbu. M\u016bsu \u012bpa\u0161i izveidot\u0101 klientu apkalpo\u0161anas komanda ir pieejama, lai atbild\u0113tu uz jaut\u0101jumiem, sniegtu tehnisko atbalstu un nodro\u0161in\u0101tu klientu apmierin\u0101t\u012bbu.<\/p>\n<p><img decoding=\"async\" src=\"https:\/\/www.hydraulic-cylinders.net\/wp-content\/uploads\/2025\/04\/songte-company-4.webp\" alt=\"Uz\u0146\u0113muma att\u0113ls 1\"><br \/>\n<img decoding=\"async\" src=\"https:\/\/www.hydraulic-cylinders.net\/wp-content\/uploads\/2025\/04\/songte-company-3.webp\" alt=\"Uz\u0146\u0113muma att\u0113ls 2\"><\/p>\n<p>Autors: lil<\/p>","protected":false},"excerpt":{"rendered":"<p>Boom Cylinder For XCMG Large Excavator XE370CA Product Overview The Boom Cylinder for XCMG Large Excavator XE370CA is a specialized hydraulic cylinder designed to manage the movement of the boom on large excavators. This critical component enables the precise lifting, lowering, and tilting of the boom, facilitating a wide range of material handling tasks. Hydraulic [&hellip;]<\/p>","protected":false},"featured_media":17871,"comment_status":"open","ping_status":"closed","template":"","meta":{"_et_pb_use_builder":"","_et_pb_old_content":"","_et_gb_content_width":""},"product_brand":[],"product_cat":[1546],"product_tag":[1547,1496],"class_list":{"0":"post-19200","1":"product","2":"type-product","3":"status-publish","4":"has-post-thumbnail","6":"product_cat-boom-cylinders","7":"product_tag-boom-cylinders","8":"product_tag-hydraulic-cylinders","10":"first","11":"instock","12":"shipping-taxable","13":"product-type-simple"},"amp_enabled":true,"_links":{"self":[{"href":"https:\/\/www.hydraulic-cylinders.net\/lv\/wp-json\/wp\/v2\/product\/19200","targetHints":{"allow":["GET"]}}],"collection":[{"href":"https:\/\/www.hydraulic-cylinders.net\/lv\/wp-json\/wp\/v2\/product"}],"about":[{"href":"https:\/\/www.hydraulic-cylinders.net\/lv\/wp-json\/wp\/v2\/types\/product"}],"replies":[{"embeddable":true,"href":"https:\/\/www.hydraulic-cylinders.net\/lv\/wp-json\/wp\/v2\/comments?post=19200"}],"wp:featuredmedia":[{"embeddable":true,"href":"https:\/\/www.hydraulic-cylinders.net\/lv\/wp-json\/wp\/v2\/media\/17871"}],"wp:attachment":[{"href":"https:\/\/www.hydraulic-cylinders.net\/lv\/wp-json\/wp\/v2\/media?parent=19200"}],"wp:term":[{"taxonomy":"product_brand","embeddable":true,"href":"https:\/\/www.hydraulic-cylinders.net\/lv\/wp-json\/wp\/v2\/product_brand?post=19200"},{"taxonomy":"product_cat","embeddable":true,"href":"https:\/\/www.hydraulic-cylinders.net\/lv\/wp-json\/wp\/v2\/product_cat?post=19200"},{"taxonomy":"product_tag","embeddable":true,"href":"https:\/\/www.hydraulic-cylinders.net\/lv\/wp-json\/wp\/v2\/product_tag?post=19200"}],"curies":[{"name":"wp","href":"https:\/\/api.w.org\/{rel}","templated":true}]}}