{"id":19202,"date":"2025-04-07T06:17:49","date_gmt":"2025-04-07T06:17:49","guid":{"rendered":"https:\/\/www.hydraulic-cylinders.net\/product\/boom-cylinder-for-xcmg-large-excavator-xe500m\/"},"modified":"2025-04-07T06:17:59","modified_gmt":"2025-04-07T06:17:59","slug":"boom-cylinder-for-xcmg-large-excavator-xe500m","status":"publish","type":"product","link":"https:\/\/www.hydraulic-cylinders.net\/lv\/products\/boom-cylinder-for-xcmg-large-excavator-xe500m\/","title":{"rendered":"XCMG liela ekskavatora XE500M str\u0113les cilindrs"},"content":{"rendered":"<h1>XCMG liela ekskavatora XE500M str\u0113les cilindrs<\/h1>\n<h2>Str\u0113les cilindra izpratne<\/h2>\n<p>Str\u0113les cilindrs ir b\u016btiska smago ma\u0161\u012bnu, \u012bpa\u0161i ekskavatoru, hidraulisk\u0101s sist\u0113mas sast\u0101vda\u013ca. Tas ir paredz\u0113ts, lai kontrol\u0113tu str\u0113les kust\u012bbu, \u013caujot tai izstiepties, ievilkties un noliekties. \u0160\u012b funkcionalit\u0101te ir b\u016btiska da\u017e\u0101diem materi\u0101lu apstr\u0101des uzdevumiem, piem\u0113ram, rak\u0161anai, cel\u0161anai un materi\u0101lu efekt\u012bvai transport\u0113\u0161anai. Ekskavatoros str\u0113les cilindrs nodro\u0161ina prec\u012bzu str\u0113les poz\u012bcijas kontroli, nodro\u0161inot optim\u0101lu veiktsp\u0113ju b\u016bvniec\u012bbas un rak\u0161anas projektos.<\/p>\n<p><img decoding=\"async\" src=\"https:\/\/www.hydraulic-cylinders.net\/wp-content\/uploads\/2025\/04\/songte-company-1.webp\" alt=\"Str\u0113les cilindrs\"><\/p>\n<h3>Str\u0113les cilindra galven\u0101s iez\u012bmes<\/h3>\n<ul>\n<li><strong>Augsta iztur\u012bba un ilgm\u016b\u017e\u012bba:<\/strong> Izgatavots no augstas stipr\u012bbas t\u0113rauda vai alum\u012bnija, cilindrs iztur augstu spiedienu un lielas slodzes, padarot to piem\u0113rotu skarbajiem darba apst\u0101k\u013ciem.<\/li>\n<li><strong>Efekt\u012bva hidraulisk\u0101 darb\u012bba:<\/strong> Izmanto hidraulisk\u0101s e\u013c\u013cas spiedienu vienm\u0113r\u012bgai izb\u012bd\u012b\u0161anai un ievilk\u0161anai, nodro\u0161inot \u0101tru rea\u0123\u0113\u0161anu uz operatora komand\u0101m un jaud\u012bgu stum\u0161anas un vilk\u0161anas sp\u0113ku.<\/li>\n<li><strong>Da\u017e\u0101di veidi:<\/strong> Pieejamie varianti ietver vienk\u0101r\u0161as darb\u012bbas (hidraulika tiek izmantota vien\u0101 virzien\u0101) vai divk\u0101r\u0161as darb\u012bbas (hidraulika tiek izmantota abos virzienos) cilindrus, kas atbilst da\u017e\u0101d\u0101m ekspluat\u0101cijas vajadz\u012bb\u0101m.<\/li>\n<li><strong>Kompakts dizains:<\/strong> Da\u017eiem mode\u013ciem ir teleskopiskas konstrukcijas, kas \u013cauj veikt liel\u0101ku pagarin\u0101jumu, nepalielinot \u0101r\u0113jos izm\u0113rus, kas ir ide\u0101li piem\u0113rots sl\u0113gt\u0101m telp\u0101m.<\/li>\n<li><strong>Korozijas iztur\u012bba:<\/strong> Izstr\u0101d\u0101ts no materi\u0101liem un p\u0101rkl\u0101jumiem, kas iztur\u012bgi pret koroziju, pagarinot cilindra kalpo\u0161anas laiku sare\u017e\u0123\u012btos vides apst\u0101k\u013cos.<\/li>\n<\/ul>\n<h2>Ra\u017eo\u0161anas izcil\u012bba<\/h2>\n<p>M\u0113s specializ\u0113jamies augstas kvalit\u0101tes str\u0113les cilindru ra\u017eo\u0161an\u0101, kas perfekti aizst\u0101j eso\u0161os hidrauliskos cilindrus, nodro\u0161inot neman\u0101mu integr\u0101ciju j\u016bsu ma\u0161\u012bn\u0101s.<\/p>\n<p><img decoding=\"async\" src=\"https:\/\/www.hydraulic-cylinders.net\/wp-content\/uploads\/2025\/04\/songte-cylinder-head-with-all-kinds-excavator-models.webp\" alt=\"Cilindra galva ekskavatoriem\"><\/p>\n<h2>Str\u0113les cilindra pielietojumi<\/h2>\n<h3>Celtniec\u012bbas apr\u012bkojums<\/h3>\n<p>Ekskavatoros str\u0113les cilindrs ir kritiski svar\u012bgs rak\u0161anai, iekrau\u0161anai un augsnes vai gru\u017eu p\u0101rvieto\u0161anai. \u0160o darb\u012bbu efektivit\u0101te liel\u0101 m\u0113r\u0101 ir atkar\u012bga no str\u0113les cilindra nodro\u0161in\u0101t\u0101s prec\u012bz\u0101s vad\u012bbas, kas \u013cauj operatoriem \u0101tri un prec\u012bzi veikt uzdevumus.<\/p>\n<h3>Lauksaimniec\u012bbas tehnika<\/h3>\n<p>Front\u0101lajiem iekr\u0101v\u0113jiem str\u0113les cilindrs atvieglo augsnes, siena un da\u017e\u0101du citu materi\u0101lu nokas\u012b\u0161anu, cel\u0161anu un transport\u0113\u0161anu. Tam ir iz\u0161\u0137iro\u0161a noz\u012bme produktivit\u0101tes uzlabo\u0161an\u0101 un uzdevumu efekt\u012bvas izpildes nodro\u0161in\u0101\u0161an\u0101 saimniec\u012bb\u0101s.<\/p>\n<h3>Ekskavatori<\/h3>\n<p>Ekskavatoros str\u0113les cilindrs \u013cauj kausam iek\u013c\u016bt zem\u0113 rak\u0161anas darbu laik\u0101. T\u0101 uzticam\u0101 darb\u012bba ir neaizst\u0101jama, lai sasniegtu nepiecie\u0161amo dzi\u013cumu un precizit\u0101ti rak\u0161anas darbu laik\u0101, kas b\u016btiski ietekm\u0113 projekta termi\u0146us.<\/p>\n<h3>Iekr\u0101v\u0113ji<\/h3>\n<p>Front\u0101lajos iekr\u0101v\u0113jos str\u0113les cilindrs pal\u012bdz efekt\u012bvi pacelt un izg\u0101zt materi\u0101lus. \u0160\u012b darb\u012bbas sp\u0113ja ir \u0101rk\u0101rt\u012bgi svar\u012bga, lai optimiz\u0113tu materi\u0101lu apstr\u0101des procesus objekt\u0101, nodro\u0161inot maksim\u0101lu produktivit\u0101ti.<\/p>\n<h2>Dizaina apsv\u0113rumi un atlases krit\u0113riji<\/h2>\n<h3>Kravnes\u012bba<\/h3>\n<p>Str\u0113les cilindra kravnes\u012bba ir b\u016btiska, lai nodro\u0161in\u0101tu, ka tas sp\u0113j iztur\u0113t smago ma\u0161\u012bnu ekspluat\u0101cijas pras\u012bbas bez atteices riska. Izpratne par j\u016bsu pielietojuma svara pras\u012bb\u0101m pal\u012bdz\u0113s jums izv\u0113l\u0113ties pareizo cilindru.<\/p>\n<h3>Bl\u012bv\u0113\u0161ana<\/h3>\n<p>Efekt\u012bvi bl\u012bv\u0113jumi ir \u013coti svar\u012bgi hidraulisk\u0101 spiediena uztur\u0113\u0161anai un \u0161\u0137idruma nopl\u016b\u017eu nov\u0113r\u0161anai. Lai nodro\u0161in\u0101tu ilgm\u016b\u017e\u012bbu un veiktsp\u0113ju, j\u0101izv\u0113las augstas kvalit\u0101tes bl\u012bv\u0113jumi, kas izgatavoti no iztur\u012bgiem materi\u0101liem, piem\u0113ram, poliuret\u0101na vai nitrila gumijas.<\/p>\n<h3>Iztur\u012bba<\/h3>\n<p>Iztur\u012bba ir \u0101rk\u0101rt\u012bgi svar\u012bga, jo str\u0113les cilindri bie\u017ei darbojas sare\u017e\u0123\u012btos apst\u0101k\u013cos. Materi\u0101lu un aizsargp\u0101rkl\u0101jumu izv\u0113le tie\u0161i ietekm\u0113 cilindra kalpo\u0161anas laiku un uzticam\u012bbu.<\/p>\n<h3>Dro\u0161\u012bba<\/h3>\n<p>Dro\u0161\u012bbas funkciju iek\u013cau\u0161ana ir \u013coti svar\u012bga. Str\u0113les cilindram j\u0101b\u016bt apr\u012bkotam ar meh\u0101nismiem negaid\u012btu k\u013c\u016bmju nov\u0113r\u0161anai, nodro\u0161inot dro\u0161u darb\u012bbu jebkuros apst\u0101k\u013cos. Regul\u0101ra p\u0101rbaude un dro\u0161\u012bbas standartu iev\u0113ro\u0161ana ir \u0101rk\u0101rt\u012bgi svar\u012bga.<\/p>\n<h3>Apkopes pieejam\u012bba<\/h3>\n<p>Vienk\u0101r\u0161as apkopes nodro\u0161in\u0101\u0161ana var samazin\u0101t d\u012bkst\u0101ves laiku. Funkcijas, kas \u013cauj veikt \u0101tras p\u0101rbaudes un remontu, var iev\u0113rojami uzlabot str\u0113les cilindru izmantojo\u0161o smago ma\u0161\u012bnu darb\u012bbas efektivit\u0101ti.<\/p>\n<p><img decoding=\"async\" src=\"https:\/\/www.hydraulic-cylinders.net\/wp-content\/uploads\/2025\/04\/songte-oil-pipes-and-spare-parts.webp\" alt=\"E\u013c\u013cas caurules un rezerves da\u013cas\"><\/p>\n<h2>Bl\u012bv\u0113\u0161ana un e\u013c\u013co\u0161ana<\/h2>\n<p>Efekt\u012bvs bl\u012bv\u0113jums tiek pan\u0101kts, izmantojot da\u017e\u0101dus bl\u012bv\u0113jumus, piem\u0113ram, virzu\u013ca bl\u012bv\u0113jumus un stie\u0146a bl\u012bv\u0113jumus. Nodilumiztur\u012bgu materi\u0101lu, piem\u0113ram, poliuret\u0101na un nitrila gumijas, izv\u0113le palielina iztur\u012bbu. Cilindra korpuss un v\u012bt\u0146otie gali tiek r\u016bp\u012bgi apstr\u0101d\u0101ti, lai uzlabotu nodilumiztur\u012bbu, nodro\u0161inot ilgm\u016b\u017e\u012bbu. Lai nodro\u0161in\u0101tu vienm\u0113r\u012bgu darb\u012bbu un nov\u0113rstu iek\u0161\u0113jo deta\u013cu nodilumu, ir nepiecie\u0161ama ar\u012b regul\u0101ra e\u013c\u013co\u0161ana ar hidraulisko e\u013c\u013cu.<\/p>\n<h2>Prevent\u012bvie apkopes pas\u0101kumi<\/h2>\n<ul>\n<li><strong>Regul\u0101ras p\u0101rbaudes:<\/strong> Veiciet regul\u0101ras p\u0101rbaudes, lai noteiktu nopl\u016bdes, nodilumu un visp\u0101r\u0113jo st\u0101vokli, lai identific\u0113tu iesp\u0113jam\u0101s probl\u0113mas, pirms t\u0101s saasin\u0101s.<\/li>\n<li><strong>Piem\u0113rota e\u013c\u013co\u0161ana:<\/strong> P\u0101rliecinieties, ka hidraulisk\u0101s e\u013c\u013cas l\u012bmenis ir pietiekams, lai uztur\u0113tu vienm\u0113r\u012bgu darb\u012bbu un samazin\u0101tu berzi cilindr\u0101.<\/li>\n<li><strong>Bl\u012bv\u0113juma nomai\u0146a:<\/strong> Regul\u0101ri p\u0101rbaudiet bl\u012bv\u0113jumu nodilumu un nomainiet tos p\u0113c nepiecie\u0161am\u012bbas, lai nov\u0113rstu hidraulisk\u0101 \u0161\u0137idruma nopl\u016bdes un saglab\u0101tu veiktsp\u0113ju.<\/li>\n<\/ul>\n<h2>Uzst\u0101d\u012b\u0161anas vadl\u012bnijas<\/h2>\n<p>Pareiza uzst\u0101d\u012b\u0161ana ir \u013coti svar\u012bga str\u0113les cilindra optim\u0101lai darb\u012bbai. Vispirms p\u0101rliecinieties, vai apk\u0101rt\u0113j\u0101 teritorija ir t\u012bra un bez gru\u017eiem. Prec\u012bzi izl\u012bdziniet cilindru, lai izvair\u012btos no p\u0101rm\u0113r\u012bgas slodzes uz deta\u013c\u0101m. Izmantojiet atbilsto\u0161us mont\u0101\u017eas kron\u0161teinus, lai stingri nostiprin\u0101tu cilindru viet\u0101. Iev\u0113rojiet ra\u017eot\u0101ja specifik\u0101cijas attiec\u012bb\u0101 uz griezes momenta iestat\u012bjumiem un p\u0113c uzst\u0101d\u012b\u0161anas p\u0101rbaudiet izl\u012bdzin\u0101\u0161anu. Visbeidzot, veiciet r\u016bp\u012bgu hidraulisk\u0101s sist\u0113mas p\u0101rbaudi, lai p\u0101rliecin\u0101tos, ka cilindrs darbojas pareizi.<\/p>\n<p><img decoding=\"async\" src=\"https:\/\/www.hydraulic-cylinders.net\/wp-content\/uploads\/2025\/04\/songte-chushion-collar.webp\" alt=\"Spilvenu apkakle\"><\/p>\n<h2>Bie\u017ei sastopamie apkopes uzdevumi<\/h2>\n<h3>Regul\u0101ras p\u0101rbaudes<\/h3>\n<p>Regul\u0101ras p\u0101rbaudes pal\u012bdz laikus atkl\u0101t probl\u0113mas, piem\u0113ram, nodilumu vai nopl\u016bdes. R\u016bp\u012bga p\u0101rbaude pl\u0101notos interv\u0101los nodro\u0161ina cilindra pareizu un dro\u0161u darb\u012bbu, samazinot d\u012bkst\u0101ves laiku un d\u0101rgus remontdarbus.<\/p>\n<h3>Pareiza e\u013c\u013co\u0161ana<\/h3>\n<p>Ir \u013coti svar\u012bgi nodro\u0161in\u0101t atbilsto\u0161u hidraulisko komponentu e\u013c\u013co\u0161anu. \u0160is process samazina berzi un nodilumu, nodro\u0161inot vienm\u0113r\u012bgu darb\u012bbu un iev\u0113rojami pagarinot cilindra kalpo\u0161anas laiku.<\/p>\n<h3>Bl\u012bv\u0113juma nomai\u0146a<\/h3>\n<p>Laika gait\u0101 bl\u012bves var nolietoties, izraisot hidraulisk\u0101 \u0161\u0137idruma nopl\u016bdes. Regul\u0101ra \u0161o bl\u012bvju nomai\u0146a ir b\u016btiska, lai uztur\u0113tu sist\u0113mas spiedienu un funkcionalit\u0101ti.<\/p>\n<h2>Dro\u0161\u012bbas apsv\u0113rumi un vides faktori<\/h2>\n<p>Str\u0101d\u0101jot ar hidrauliskaj\u0101m sist\u0113m\u0101m, ir svar\u012bgi iev\u0113rot dro\u0161\u012bbas protokolus, lai nov\u0113rstu negad\u012bjumus. Izmantojot individu\u0101los aizsardz\u012bbas l\u012bdzek\u013cus (IAL) un nodro\u0161inot atbilsto\u0161u apm\u0101c\u012bbu operatoriem, tiek samazin\u0101ts ar hidrauliskaj\u0101m k\u013c\u016bm\u0113m saist\u012btais risks. Turkl\u0101t j\u0101\u0146em v\u0113r\u0101 ietekme uz vidi, izmantojot videi draudz\u012bgus hidrauliskos \u0161\u0137idrumus un atbild\u012bgi utiliz\u0113joties no atkritumiem.<\/p>\n<h2>Probl\u0113mu nov\u0113r\u0161ana un bie\u017ei sastopamas probl\u0113mas<\/h2>\n<ul>\n<li><strong>Nopl\u016bde:<\/strong> To bie\u017ei var izrais\u012bt nolietotas bl\u012bves vai nepareiza uzst\u0101d\u012b\u0161ana. Regul\u0101ras p\u0101rbaudes un apkope var nov\u0113rst \u0161o probl\u0113mu.<\/li>\n<li><strong>L\u0113na reakcija:<\/strong> L\u0113ni kust\u012bgs cilindrs var nor\u0101d\u012bt uz zemu hidraulisk\u0101 \u0161\u0137idruma l\u012bmeni vai aizsprostojumiem hidrauliskaj\u0101s l\u012bnij\u0101s. P\u0101rbaudiet un uzpildiet, ja nepiecie\u0161ams.<\/li>\n<li><strong>P\u0101rm\u0113r\u012bgs troksnis:<\/strong> Neparastas ska\u0146as darb\u012bbas laik\u0101 var liecin\u0101t par iek\u0161\u0113ju nodilumu vai boj\u0101jumiem. Lai nov\u0113rstu turpm\u0101kus boj\u0101jumus, ir \u013coti svar\u012bgi nekav\u0113joties veikt izmekl\u0113\u0161anu.<\/li>\n<\/ul>\n<h2>Padomi probl\u0113mu risin\u0101\u0161anai<\/h2>\n<p>Lai efekt\u012bvi nov\u0113rstu hidraulisk\u0101s probl\u0113mas, vispirms iepaz\u012bstieties ar tehnikas rokasgr\u0101matu, lai atrastu konkr\u0113tus k\u013c\u016bdu kodus. Veiciet vizu\u0101las p\u0101rbaudes, lai noteiktu nopl\u016bdes vai boj\u0101jumus. Regul\u0101ra apkope, tostarp e\u013c\u013co\u0161ana un bl\u012bv\u0113jumu p\u0101rbaudes, ir \u013coti svar\u012bga, lai nov\u0113rstu bie\u017ei sastopamas probl\u0113mas. Prevent\u012bv\u0101s apkopes pl\u0101na ievie\u0161ana var iev\u0113rojami samazin\u0101t nopietnu hidraulisko probl\u0113mu iesp\u0113jam\u012bbu.<\/p>\n<p><img decoding=\"async\" src=\"https:\/\/www.hydraulic-cylinders.net\/wp-content\/uploads\/2025\/04\/songte-bushings-with-all-kinds-of-excavator-models.webp\" alt=\"Ekskavatoru bukses\"><\/p>\n<h2>Uz\u0146\u0113muma p\u0101rskats<\/h2>\n<p>K\u0101 vado\u0161ais hidraulisko cilindru ra\u017eot\u0101js un vairumtirgot\u0101js, m\u016bsu uz\u0146\u0113mums ir atz\u012bts par pla\u0161u produktu kl\u0101stu. M\u0113s iev\u0113rojam izcil\u012bbas kvalit\u0101tes principu, ko atbalsta sare\u017e\u0123\u012bta ra\u017eo\u0161anas vad\u012bbas strat\u0113\u0123ija. M\u016bsu ap\u0146em\u0161an\u0101s izmantot kvalific\u0113tu person\u0101lu, progres\u012bvas digit\u0101l\u0101s ra\u017eo\u0161anas tehnolo\u0123ijas un profesion\u0101las test\u0113\u0161anas sist\u0113mas nodro\u0161ina, ka m\u0113s efekt\u012bvi apmierin\u0101m da\u017e\u0101das klientu vajadz\u012bbas.<\/p>\n<p><img decoding=\"async\" src=\"https:\/\/www.hydraulic-cylinders.net\/wp-content\/uploads\/2025\/04\/songte-company-4.webp\" alt=\"Ra\u017eo\u0161anas iek\u0101rta\"><br \/>\n<img decoding=\"async\" src=\"https:\/\/www.hydraulic-cylinders.net\/wp-content\/uploads\/2025\/04\/songte-company-3.webp\" alt=\"Ra\u017eo\u0161anas iek\u0101rtas\"><\/p>\n<h2>Secin\u0101jums<\/h2>\n<p>Koncentr\u0113joties uz profesionalit\u0101ti, starptautisk\u0101m sertifik\u0101cij\u0101m un piel\u0101gotiem pakalpojumiem, m\u0113s lepojamies ar savu modern\u0101ko ra\u017eo\u0161anas apr\u012bkojumu un uzticamo p\u0113cp\u0101rdo\u0161anas servisu. M\u016bsu produkti ir izstr\u0101d\u0101ti atbilsto\u0161i augst\u0101kajiem standartiem, nodro\u0161inot klientu apmierin\u0101t\u012bbu un ilgtermi\u0146a uzticam\u012bbu.<\/p>\n<p>Autors: lil<\/p>","protected":false},"excerpt":{"rendered":"<p>Boom Cylinder For XCMG Large Excavator XE500M Understanding the Boom Cylinder The boom cylinder is a vital component in the hydraulic system of heavy machinery, particularly excavators. It is designed to control the movement of the boom, allowing it to extend, retract, and tilt. This functionality is essential for various material handling tasks, such as [&hellip;]<\/p>","protected":false},"featured_media":17873,"comment_status":"open","ping_status":"closed","template":"","meta":{"_et_pb_use_builder":"","_et_pb_old_content":"","_et_gb_content_width":""},"product_brand":[],"product_cat":[1546],"product_tag":[1547,1496],"class_list":{"0":"post-19202","1":"product","2":"type-product","3":"status-publish","4":"has-post-thumbnail","6":"product_cat-boom-cylinders","7":"product_tag-boom-cylinders","8":"product_tag-hydraulic-cylinders","10":"first","11":"instock","12":"shipping-taxable","13":"product-type-simple"},"amp_enabled":true,"_links":{"self":[{"href":"https:\/\/www.hydraulic-cylinders.net\/lv\/wp-json\/wp\/v2\/product\/19202","targetHints":{"allow":["GET"]}}],"collection":[{"href":"https:\/\/www.hydraulic-cylinders.net\/lv\/wp-json\/wp\/v2\/product"}],"about":[{"href":"https:\/\/www.hydraulic-cylinders.net\/lv\/wp-json\/wp\/v2\/types\/product"}],"replies":[{"embeddable":true,"href":"https:\/\/www.hydraulic-cylinders.net\/lv\/wp-json\/wp\/v2\/comments?post=19202"}],"wp:featuredmedia":[{"embeddable":true,"href":"https:\/\/www.hydraulic-cylinders.net\/lv\/wp-json\/wp\/v2\/media\/17873"}],"wp:attachment":[{"href":"https:\/\/www.hydraulic-cylinders.net\/lv\/wp-json\/wp\/v2\/media?parent=19202"}],"wp:term":[{"taxonomy":"product_brand","embeddable":true,"href":"https:\/\/www.hydraulic-cylinders.net\/lv\/wp-json\/wp\/v2\/product_brand?post=19202"},{"taxonomy":"product_cat","embeddable":true,"href":"https:\/\/www.hydraulic-cylinders.net\/lv\/wp-json\/wp\/v2\/product_cat?post=19202"},{"taxonomy":"product_tag","embeddable":true,"href":"https:\/\/www.hydraulic-cylinders.net\/lv\/wp-json\/wp\/v2\/product_tag?post=19202"}],"curies":[{"name":"wp","href":"https:\/\/api.w.org\/{rel}","templated":true}]}}