{"id":19204,"date":"2025-04-07T06:18:01","date_gmt":"2025-04-07T06:18:01","guid":{"rendered":"https:\/\/www.hydraulic-cylinders.net\/product\/boom-cylinder-for-xcmg-large-excavator-xe470c\/"},"modified":"2025-04-07T06:18:03","modified_gmt":"2025-04-07T06:18:03","slug":"boom-cylinder-for-xcmg-large-excavator-xe470c","status":"publish","type":"product","link":"https:\/\/www.hydraulic-cylinders.net\/lv\/products\/boom-cylinder-for-xcmg-large-excavator-xe470c\/","title":{"rendered":"XCMG liela ekskavatora XE470C str\u0113les cilindrs"},"content":{"rendered":"<h1>XCMG liela ekskavatora XE470C str\u0113les cilindrs<\/h1>\n<h2>Ievads str\u0113les cilindr\u0101<\/h2>\n<p>Str\u0113les cilindrs ir svar\u012bga smago ma\u0161\u012bnu sast\u0101vda\u013ca, kas \u012bpa\u0161i izstr\u0101d\u0101ta lieliem ekskavatoriem, piem\u0113ram, XCMG XE470C. \u0160is hidrauliskais cilindrs ir paredz\u0113ts ekskavatora str\u0113les kust\u012bbas vad\u012bbai, \u013caujot tai efekt\u012bvi pacelt, nolaist un noliekt. Str\u0113les cilindra funkcionalit\u0101te ir neat\u0146emama smago ma\u0161\u012bnu darb\u012bbas sast\u0101vda\u013ca da\u017e\u0101dos pielietojumos, atvieglojot t\u0101dus uzdevumus k\u0101 rak\u0161ana, cel\u0161ana un materi\u0101lu p\u0101rvieto\u0161ana.<\/p>\n<p><img decoding=\"async\" src=\"https:\/\/www.hydraulic-cylinders.net\/wp-content\/uploads\/2025\/04\/songte-company-1.webp\" alt=\"Str\u0113les cilindra att\u0113ls\"><\/p>\n<h3>Defin\u012bcija un p\u0101rskats<\/h3>\n<p>Str\u0113les cilindrs ir hidraulisk\u0101 cilindra veids, ko \u012bpa\u0161i izmanto kontrol\u0113t\u0101 vid\u0113 smagaj\u0101 apr\u012bkojum\u0101, piem\u0113ram, ekskavatoros, iekr\u0101v\u0113ju ekskavatoros un front\u0101lajos iekr\u0101v\u0113jos. \u0160ie cilindri ir svar\u012bgi efekt\u012bviem materi\u0101lu apstr\u0101des uzdevumiem, \u013caujot izrakt un transport\u0113t net\u012brumus un gru\u017eus. Hidraulisk\u0101 sist\u0113ma izmanto spiediena \u0161\u0137idrumu, lai rad\u012btu line\u0101ru kust\u012bbu, padarot to neaizst\u0101jamu smagu kravu cel\u0161anai un prec\u012bz\u0101m kust\u012bb\u0101m.<\/p>\n<h2>Str\u0113les cilindra \u012bpa\u0161\u012bbas<\/h2>\n<ul>\n<li><strong>Augsta iztur\u012bba un ilgm\u016b\u017e\u012bba:<\/strong> Izgatavots no augstas stipr\u012bbas t\u0113rauda vai alum\u012bnija, kas sp\u0113j iztur\u0113t augstu spiedienu un lielas slodzes, paredz\u0113ts skarbiem darba apst\u0101k\u013ciem, vienlaikus pagarinot kalpo\u0161anas laiku, pateicoties nodilumiztur\u012bbai un korozijas iztur\u012bbai.<\/li>\n<li><strong>Efekt\u012bva hidraulisk\u0101 darb\u012bba:<\/strong> Izmanto hidraulisk\u0101s e\u013c\u013cas spiedienu vienm\u0113r\u012bgai izvilk\u0161anai un ievilk\u0161anai, nodro\u0161inot \u0101tru reakciju uz operatora komand\u0101m un iev\u0113rojamu stum\u0161anas un vilk\u0161anas sp\u0113ku, kas piem\u0113rots smagiem un sare\u017e\u0123\u012btiem uzdevumiem.<\/li>\n<li><strong>Da\u017e\u0101di veidi:<\/strong> Pieejami vienvirziena darb\u012bbas (darbojas vien\u0101 virzien\u0101) vai divk\u0101r\u0161as darb\u012bbas (darbojas abos virzienos) konfigur\u0101cij\u0101s, da\u017eiem mode\u013ciem ir teleskopiska konstrukcija, kas nodro\u0161ina liel\u0101ku pagarin\u0101jumu, nepalielinot \u0101r\u0113jos izm\u0113rus, kas ir izdev\u012bgi sl\u0113gt\u0101s telp\u0101s.<\/li>\n<li><strong>Sader\u012bba:<\/strong> M\u016bsu str\u0113les cilindri ir izstr\u0101d\u0101ti t\u0101, lai tie b\u016btu ide\u0101li aizvietot\u0101ji da\u017e\u0101diem hidraulisko cilindru mode\u013ciem, nodro\u0161inot neman\u0101mu integr\u0101ciju un funkcionalit\u0101ti.<\/li>\n<li><strong>Piel\u0101gojamas opcijas:<\/strong> M\u0113s pied\u0101v\u0101jam piel\u0101gotus risin\u0101jumus, lai apmierin\u0101tu \u012bpa\u0161as ekspluat\u0101cijas vajadz\u012bbas, nodro\u0161inot atbilsto\u0161u atbilst\u012bbu jebkuram smag\u0101s tehnikas pielietojumam.<\/li>\n<\/ul>\n<p><img decoding=\"async\" src=\"https:\/\/www.hydraulic-cylinders.net\/wp-content\/uploads\/2025\/04\/songte-cylinder-head-with-all-kinds-excavator-models.webp\" alt=\"Str\u0113les cilindra sader\u012bbas att\u0113ls\"><\/p>\n<h2>Str\u0113les cilindra pielietojumi<\/h2>\n<h3>Celtniec\u012bbas apr\u012bkojums<\/h3>\n<p>Ekskavatoros str\u0113les cilindriem ir iz\u0161\u0137iro\u0161a noz\u012bme augsnes vai gru\u017eu rak\u0161an\u0101, iekrau\u0161an\u0101 un p\u0101rvieto\u0161an\u0101. Str\u0113les sp\u0113ja izstiepties un ievilkties \u013cauj operatoriem efekt\u012bvi sasniegt da\u017e\u0101dus dzi\u013cumus un augstumus. Turkl\u0101t ekskavatoros-iekr\u0101v\u0113jos str\u0113les cilindrs pal\u012bdz ne tikai rak\u0161anas darbos, bet ar\u012b kausa pacel\u0161an\u0101, lai iekrautu materi\u0101lus kravas automa\u0161\u012bn\u0101s vai konveijeros, t\u0101d\u0113j\u0101di optimiz\u0113jot darbpl\u016bsmu b\u016bvlaukumos.<\/p>\n<h3>Lauksaimniec\u012bbas tehnika<\/h3>\n<p>Front\u0101lajos iekr\u0101v\u0113jos str\u0113les cilindri tiek izmantoti augsnes, siena un citu materi\u0101lu sav\u0101k\u0161anai, pacel\u0161anai un transport\u0113\u0161anai. Hidraulisk\u0101 sist\u0113ma \u013cauj lauksaimniekiem viegli apstr\u0101d\u0101t beramkravu materi\u0101lus, uzlabojot produktivit\u0101ti s\u0113jas un ra\u017eas nov\u0101k\u0161anas sezon\u0101s. Str\u0113les cilindra nodro\u0161in\u0101t\u0101 precizit\u0101te un jauda ir b\u016btiska efekt\u012bvam lauka darbam un resursu p\u0101rvald\u012bbai.<\/p>\n<h3>Ekskavatori<\/h3>\n<p>Ekskavatoros str\u0113les cilindrs nodro\u0161ina rak\u0161anas darb\u012bbu, \u013caujot kausam efekt\u012bvi iek\u013c\u016bt augsn\u0113. \u0160\u012b iespie\u0161an\u0101s sp\u0113ja ir vit\u0101li svar\u012bga da\u017e\u0101da veida rak\u0161anas darbos, s\u0101kot no tran\u0161eju rak\u0161anas l\u012bdz vietas sagatavo\u0161anai. Hidraulisk\u0101 jauda nodro\u0161ina, ka kauss var sasniegt dzi\u013cumu zem\u0113, vienlaikus saglab\u0101jot stabilit\u0101ti un kontroli.<\/p>\n<h3>Iekr\u0101v\u0113ji<\/h3>\n<p>Front\u0101lajos iekr\u0101v\u0113jos str\u0113les cilindri pal\u012bdz efekt\u012bvi pacelt un izg\u0101zt kravas. Sp\u0113ja kontrol\u0113t kausa le\u0146\u0137i un augstumu ir \u013coti svar\u012bga efekt\u012bvai materi\u0101lu apstr\u0101dei, \u013caujot operatoriem maksim\u0101li palielin\u0101t produktivit\u0101ti, vienlaikus samazinot katram uzdevumam velt\u012bto piep\u016bli un laiku.<\/p>\n<h2>Dizaina apsv\u0113rumi un atlases krit\u0113riji<\/h2>\n<h3>Kravnes\u012bba<\/h3>\n<p>Str\u0113les cilindra kravnes\u012bba ir galvenais projekt\u0113\u0161anas apsv\u0113rums. Tam j\u0101sp\u0113j iztur\u0113t p\u0101rvietojamo materi\u0101lu maksim\u0101lo svaru bez boj\u0101juma riska. Kravnes\u012bbas in\u017eenierija ietver stingru test\u0113\u0161anu un iztur\u012bgu materi\u0101lu izv\u0113li, lai nodro\u0161in\u0101tu uzticam\u012bbu slodzes apst\u0101k\u013cos.<\/p>\n<h3>Bl\u012bv\u0113juma integrit\u0101te<\/h3>\n<p>Bl\u012bv\u0113jums ir vit\u0101li svar\u012bgs spiediena uztur\u0113\u0161anai hidrauliskaj\u0101 sist\u0113m\u0101. Pareizi bl\u012bv\u0113jumi nov\u0113r\u0161 nopl\u016bdes un nodro\u0161ina efekt\u012bvu darb\u012bbu. Augstas kvalit\u0101tes bl\u012bv\u0113\u0161anas materi\u0101lu un konstrukciju izmanto\u0161ana samazina nodilumu, pagarinot hidraulisk\u0101 cilindra kalpo\u0161anas laiku.<\/p>\n<h3>Iztur\u012bba<\/h3>\n<p>Iztur\u012bba ir kritiski svar\u012bgs faktors, \u012bpa\u0161i skarbos apst\u0101k\u013cos. Str\u0113les cilindriem j\u0101b\u016bt konstru\u0113tiem t\u0101, lai tie iztur\u0113tu ne tikai slodzes svaru, bet ar\u012b vides faktorus, piem\u0113ram, putek\u013cus, mitrumu un temperat\u016bras sv\u0101rst\u012bbas. Uzlaboti p\u0101rkl\u0101jumi un apstr\u0101de uzlabo iztur\u012bbu pret nodilumu un koroziju.<\/p>\n<h3>Dro\u0161\u012bbas funkcijas<\/h3>\n<p>Dro\u0161\u012bba ir \u0101rk\u0101rt\u012bgi svar\u012bga hidraulisko cilindru konstrukcij\u0101. T\u0101du funkciju k\u0101 spiediena samazin\u0101\u0161anas v\u0101rstu un p\u0101rslodzes sensoru iek\u013cau\u0161ana var nov\u0113rst negad\u012bjumus un iek\u0101rtu boj\u0101jumus. \u0160ie dro\u0161\u012bbas pas\u0101kumi ir b\u016btiski operatoru aizsardz\u012bbai un iek\u0101rtu ilgm\u016b\u017e\u012bbas nodro\u0161in\u0101\u0161anai.<\/p>\n<h3>Apkopes pieejam\u012bba<\/h3>\n<p>Projekt\u0113jot apkopes pieejam\u012bbu, tiek nodro\u0161in\u0101ts, ka operatori var veikt regul\u0101ras p\u0101rbaudes un remontu bez pla\u0161as demont\u0101\u017eas. Tas ir \u013coti svar\u012bgi, lai samazin\u0101tu d\u012bkst\u0101ves laiku un saglab\u0101tu darb\u012bbas efektivit\u0101ti. Vienk\u0101r\u0161a piek\u013cuve kritiski svar\u012bg\u0101m sast\u0101vda\u013c\u0101m var iev\u0113rojami samazin\u0101t apkopes izmaksas un darba laiku.<\/p>\n<p><img decoding=\"async\" src=\"https:\/\/www.hydraulic-cylinders.net\/wp-content\/uploads\/2025\/04\/songte-oil-pipes-and-spare-parts.webp\" alt=\"Hidraulisko komponentu att\u0113ls\"><\/p>\n<h2>Bl\u012bv\u0113\u0161ana un e\u013c\u013co\u0161ana<\/h2>\n<p>Hidraulisko sist\u0113mu integrit\u0101te ir atkar\u012bga no efekt\u012bva bl\u012bv\u0113juma un e\u013c\u013co\u0161anas. Da\u017e\u0101di bl\u012bv\u0113jumi, tostarp virzu\u013ca bl\u012bv\u0113jumi un stie\u0146a bl\u012bv\u0113jumi, ir b\u016btiski, lai nov\u0113rstu \u0161\u0137idruma nopl\u016bdi. Materi\u0101li, piem\u0113ram, poliuret\u0101ns un nitrila gumija, parasti tiek izmantoti to iztur\u012bbas un nodilumiztur\u012bbas d\u0113\u013c. Cilindra korpuss un v\u012bt\u0146otie gali tiek prec\u012bzi apstr\u0101d\u0101ti, lai uzlabotu iztur\u012bbu un veiktsp\u0113ju. Regul\u0101ra e\u013c\u013co\u0161ana ar hidraulisko e\u013c\u013cu ir nepiecie\u0161ama, lai uztur\u0113tu hidraulisk\u0101s sist\u0113mas efektivit\u0101ti un pagarin\u0101tu komponentu kalpo\u0161anas laiku.<\/p>\n<h2>Prevent\u012bvie apkopes pas\u0101kumi<\/h2>\n<ul>\n<li><strong>Regul\u0101ras p\u0101rbaudes:<\/strong> Veiciet regul\u0101ras p\u0101rbaudes, lai identific\u0113tu iesp\u0113jam\u0101s probl\u0113mas, pirms t\u0101s saasin\u0101s. Mekl\u0113jiet nodiluma paz\u012bmes, nopl\u016bdes un cilindru darb\u012bbas r\u0101d\u012bt\u0101jus.<\/li>\n<li><strong>Piem\u0113rota e\u013c\u013co\u0161ana:<\/strong> Nodro\u0161iniet, lai hidraulisk\u0101 e\u013c\u013ca tiktu regul\u0101ri papildin\u0101ta un lai e\u013c\u013ca b\u016btu piem\u0113rota darba apst\u0101k\u013ciem. Tas nov\u0113r\u0161 p\u0101rkar\u0161anu un nodilumu.<\/li>\n<li><strong>Bl\u012bv\u0113juma nomai\u0146a:<\/strong> Regul\u0101ri p\u0101rbaudiet un nomainiet bl\u012bves, lai saglab\u0101tu integrit\u0101ti un nov\u0113rstu nopl\u016bdes, nodro\u0161inot optim\u0101lu hidraulisko veiktsp\u0113ju.<\/li>\n<\/ul>\n<h2>Str\u0113les cilindra uzst\u0101d\u012b\u0161anas vadl\u012bnijas<\/h2>\n<p>Pareiza str\u0113les cilindra uzst\u0101d\u012b\u0161ana ir \u013coti svar\u012bga, lai nodro\u0161in\u0101tu maksim\u0101lu efektivit\u0101ti un dro\u0161\u012bbu. Vispirms p\u0101rliecinieties, vai darba zona ir br\u012bva un apr\u012bkojums ir stabils. Prec\u012bzi izl\u012bdziniet hidraulisko cilindru ar stiprin\u0101juma punktiem; nepareiza izl\u012bdzin\u0101\u0161ana var izrais\u012bt priek\u0161laic\u012bgu nodilumu. Izmantojiet atbilsto\u0161us stiprin\u0101juma kron\u0161teinus, lai nostiprin\u0101tu cilindru. P\u0101rliecinieties, vai visas hidraulisk\u0101s l\u012bnijas ir pareizi pievienotas, izvairoties no jebk\u0101diem samezglojumiem vai plais\u0101m. P\u0113c uzst\u0101d\u012b\u0161anas atgaisojiet hidraulisko sist\u0113mu, lai izvad\u012btu gaisu, un pirms ma\u0161\u012bnas darbin\u0101\u0161anas p\u0101rbaudiet, vai nav nopl\u016b\u017eu.<\/p>\n<h2>Bie\u017ei sastopamie apkopes uzdevumi<\/h2>\n<ul>\n<li><strong>Regul\u0101ras p\u0101rbaudes:<\/strong> Iepl\u0101nojiet regul\u0101ras p\u0101rbaudes, lai uzraudz\u012btu str\u0113les cilindra visp\u0101r\u0113jo st\u0101vokli. Piev\u0113rsiet uzman\u012bbu nopl\u016b\u017eu un veiktsp\u0113jas probl\u0113mu p\u0101rbaudei.<\/li>\n<li><strong>Pareiza e\u013c\u013co\u0161ana:<\/strong> Lai samazin\u0101tu berzi un nodilumu, ir nepiecie\u0161ama atbilsto\u0161a e\u013c\u013co\u0161ana. Nodro\u0161iniet, lai hidraulisk\u0101s e\u013c\u013cas l\u012bmenis atbilstu ieteicamajam.<\/li>\n<li><strong>Bl\u012bv\u0113juma nomai\u0146a:<\/strong> Uzraudz\u012bt bl\u012bv\u0113jumu st\u0101vokli, nomainot tos p\u0113c nepiecie\u0161am\u012bbas, lai saglab\u0101tu sist\u0113mas integrit\u0101ti un darb\u012bbu.<\/li>\n<\/ul>\n<p>Pareiza uzst\u0101d\u012b\u0161ana, e\u013c\u013co\u0161ana un regul\u0113\u0161ana ir \u013coti svar\u012bga str\u0113les cilindra ilgm\u016b\u017e\u012bbai un efektivit\u0101tei. Uzst\u0101d\u012b\u0161anas laik\u0101 p\u0101rliecinieties, vai cilindrs ir pareizi izl\u012bdzin\u0101ts, lai izvair\u012btos no nepareizas izl\u012bdzin\u0101\u0161anas probl\u0113m\u0101m. Darb\u012bbas laik\u0101 cilindra nostiprin\u0101\u0161anai ieteicams izmantot atbilsto\u0161us uzst\u0101d\u012b\u0161anas balstus. Lai uztur\u0113tu optim\u0101lu funkcionalit\u0101ti, j\u0101veic regul\u0101ras uzraudz\u012bbas, remonta un nomai\u0146as proced\u016bras. \u0160o strat\u0113\u0123iju ievie\u0161ana var iev\u0113rojami uzlabot j\u016bsu hidraulisko komponentu kalpo\u0161anas laiku.<\/p>\n<p><img decoding=\"async\" src=\"https:\/\/www.hydraulic-cylinders.net\/wp-content\/uploads\/2025\/04\/songte-chushion-collar.webp\" alt=\"Spilvenu apkakles att\u0113ls\"><\/p>\n<h2>Dro\u0161\u012bbas apsv\u0113rumi un vides faktori<\/h2>\n<p>Dro\u0161\u012bbas pas\u0101kumu ievie\u0161ana, lietojot hidrauliskos cilindrus, ir \u013coti svar\u012bga, lai nov\u0113rstu negad\u012bjumus un iek\u0101rtu boj\u0101jumus. Operatoriem j\u0101b\u016bt apm\u0101c\u012btiem atpaz\u012bt iesp\u0113jamos apdraud\u0113jumus, kas saist\u012bti ar hidrauliskaj\u0101m sist\u0113m\u0101m. Ekspluat\u0101cijas un apkopes laik\u0101 j\u0101valk\u0101 atbilsto\u0161i individu\u0101lie aizsardz\u012bbas l\u012bdzek\u013ci (IAL). Str\u0113les cilindru projekt\u0113\u0161an\u0101 un ekspluat\u0101cij\u0101 j\u0101\u0146em v\u0113r\u0101 ar\u012b vides faktori, piem\u0113ram, pak\u013cau\u0161ana ekstrem\u0101l\u0101m temperat\u016br\u0101m vai kod\u012bg\u0101m viel\u0101m, lai nodro\u0161in\u0101tu to ilgm\u016b\u017e\u012bbu un veiktsp\u0113ju.<\/p>\n<h2>K\u013c\u016bmju diagnostika un bie\u017e\u0101k sastopam\u0101s probl\u0113mas<\/h2>\n<ul>\n<li><strong>Nopl\u016bde:<\/strong> Nopl\u016bde var rasties nolietotu bl\u012bv\u0113jumu vai boj\u0101tu \u0161\u013c\u016bte\u0146u d\u0113\u013c. Regul\u0101ras p\u0101rbaudes ir \u013coti svar\u012bgas, lai savlaic\u012bgi identific\u0113tu un nov\u0113rstu \u0161\u012bs probl\u0113mas.<\/li>\n<li><strong>Spiediena zudums:<\/strong> Nepietiekams hidrauliskais spiediens var izrais\u012bt nepietiekamu veiktsp\u0113ju. P\u0101rbaudiet, vai hidrauliskaj\u0101s l\u012bnij\u0101s nav aizsprostojumu vai nopl\u016b\u017eu.<\/li>\n<li><strong>L\u0113na reakcija:<\/strong> Aizkav\u0113ta str\u0113les cilindra reakcija var nor\u0101d\u012bt uz zemu hidraulisk\u0101 \u0161\u0137idruma l\u012bmeni vai probl\u0113m\u0101m hidrauliskaj\u0101 s\u016bkn\u012b.<\/li>\n<\/ul>\n<h2>Probl\u0113mu nov\u0113r\u0161anas padomi<\/h2>\n<p>Efekt\u012bva k\u013c\u016bmju diagnostika un nov\u0113r\u0161ana ir darb\u012bbas efektivit\u0101tes uztur\u0113\u0161anas atsl\u0113ga. Nopl\u016b\u017eu gad\u012bjum\u0101 nov\u0113rt\u0113jiet bl\u012bv\u0113jumu integrit\u0101ti un nomainiet tos p\u0113c nepiecie\u0161am\u012bbas. Ja tiek konstat\u0113ts spiediena zudums, p\u0101rbaudiet hidraulisko sist\u0113mu, vai taj\u0101 nav aizsprostojumu vai nopl\u016b\u017eu, un nekav\u0113joties t\u0101s nov\u0113rsiet. L\u0113nas reakcijas gad\u012bjum\u0101 p\u0101rliecinieties, vai hidrauliskais \u0161\u0137idrums ir piepild\u012bts l\u012bdz atbilsto\u0161am l\u012bmenim, un p\u0101rbaudiet s\u016bk\u0146a darb\u012bbu. Prevent\u012bvu pas\u0101kumu, piem\u0113ram, regul\u0101ras apkopes un p\u0101rbau\u017eu, ievie\u0161ana var samazin\u0101t iesp\u0113jam\u0101s probl\u0113mas un uzlabot hidraulisko sist\u0113mu iztur\u012bbu.<\/p>\n<p><img decoding=\"async\" src=\"https:\/\/www.hydraulic-cylinders.net\/wp-content\/uploads\/2025\/04\/songte-bushings-with-all-kinds-of-excavator-models.webp\" alt=\"Bukses att\u0113ls\"><\/p>\n<h2>Par m\u016bsu uz\u0146\u0113mumu<\/h2>\n<p>M\u0113s esam vado\u0161ais rezerves hidraulisko cilindru ra\u017eot\u0101js, pied\u0101v\u0101jot pla\u0161u produktu kl\u0101stu, kas m\u016bs novieto starp vado\u0161ajiem ra\u017eot\u0101jiem un vairumtirgot\u0101jiem gan viet\u0113j\u0101, gan starptautiskaj\u0101 tirg\u016b. M\u016bsu ap\u0146em\u0161an\u0101s sasniegt izcil\u012bbu un prec\u012bzas ra\u017eo\u0161anas vad\u012bbas strat\u0113\u0123ijas nodro\u0161ina augstas kvalit\u0101tes produkciju. Izmantojot kvalific\u0113tus tehni\u0137us, modernu digit\u0101lo ra\u017eo\u0161anas apr\u012bkojumu un profesion\u0101las test\u0113\u0161anas sist\u0113mas, m\u0113s nep\u0101rtraukti uzlabojam savu ra\u017eo\u0161anas platformu, vienlaikus iev\u0113rojot augstus efektivit\u0101tes, precizit\u0101tes un kvalit\u0101tes standartus, lai apmierin\u0101tu da\u017e\u0101das klientu vajadz\u012bbas.<\/p>\n<p><img decoding=\"async\" src=\"https:\/\/www.hydraulic-cylinders.net\/wp-content\/uploads\/2025\/04\/songte-company-4.webp\" alt=\"Uz\u0146\u0113muma att\u0113ls 1\"><br \/>\n<img decoding=\"async\" src=\"https:\/\/www.hydraulic-cylinders.net\/wp-content\/uploads\/2025\/04\/songte-company-3.webp\" alt=\"Uz\u0146\u0113muma att\u0113ls 2\"><\/p>\n<p>M\u016bsu pieredze aptver da\u017e\u0101dus aspektus, tostarp specializ\u0101ciju, starptautiskas sertifik\u0101cijas, piel\u0101gotus pakalpojumus, modern\u0101k\u0101s ra\u017eo\u0161anas iek\u0101rtas un visaptvero\u0161u p\u0113cp\u0101rdo\u0161anas atbalstu.<\/p>\n<p>Autors: lil<\/p>","protected":false},"excerpt":{"rendered":"<p>Boom Cylinder For XCMG Large Excavator XE470C Introduction to Boom Cylinder The Boom Cylinder is a pivotal component in heavy machinery, specifically engineered for large excavators such as the XCMG XE470C. This hydraulic cylinder is designed to control the movement of the excavator&#8217;s boom, allowing it to lift, lower, and tilt effectively. The functionality of [&hellip;]<\/p>","protected":false},"featured_media":17875,"comment_status":"open","ping_status":"closed","template":"","meta":{"_et_pb_use_builder":"","_et_pb_old_content":"","_et_gb_content_width":""},"product_brand":[],"product_cat":[1546],"product_tag":[1547,1496],"class_list":{"0":"post-19204","1":"product","2":"type-product","3":"status-publish","4":"has-post-thumbnail","6":"product_cat-boom-cylinders","7":"product_tag-boom-cylinders","8":"product_tag-hydraulic-cylinders","10":"first","11":"instock","12":"shipping-taxable","13":"product-type-simple"},"amp_enabled":true,"_links":{"self":[{"href":"https:\/\/www.hydraulic-cylinders.net\/lv\/wp-json\/wp\/v2\/product\/19204","targetHints":{"allow":["GET"]}}],"collection":[{"href":"https:\/\/www.hydraulic-cylinders.net\/lv\/wp-json\/wp\/v2\/product"}],"about":[{"href":"https:\/\/www.hydraulic-cylinders.net\/lv\/wp-json\/wp\/v2\/types\/product"}],"replies":[{"embeddable":true,"href":"https:\/\/www.hydraulic-cylinders.net\/lv\/wp-json\/wp\/v2\/comments?post=19204"}],"wp:featuredmedia":[{"embeddable":true,"href":"https:\/\/www.hydraulic-cylinders.net\/lv\/wp-json\/wp\/v2\/media\/17875"}],"wp:attachment":[{"href":"https:\/\/www.hydraulic-cylinders.net\/lv\/wp-json\/wp\/v2\/media?parent=19204"}],"wp:term":[{"taxonomy":"product_brand","embeddable":true,"href":"https:\/\/www.hydraulic-cylinders.net\/lv\/wp-json\/wp\/v2\/product_brand?post=19204"},{"taxonomy":"product_cat","embeddable":true,"href":"https:\/\/www.hydraulic-cylinders.net\/lv\/wp-json\/wp\/v2\/product_cat?post=19204"},{"taxonomy":"product_tag","embeddable":true,"href":"https:\/\/www.hydraulic-cylinders.net\/lv\/wp-json\/wp\/v2\/product_tag?post=19204"}],"curies":[{"name":"wp","href":"https:\/\/api.w.org\/{rel}","templated":true}]}}