{"id":19205,"date":"2025-04-07T06:18:03","date_gmt":"2025-04-07T06:18:03","guid":{"rendered":"https:\/\/www.hydraulic-cylinders.net\/product\/boom-cylinder-for-xcmg-large-excavator-xe490ck\/"},"modified":"2025-04-07T06:18:06","modified_gmt":"2025-04-07T06:18:06","slug":"boom-cylinder-for-xcmg-large-excavator-xe490ck","status":"publish","type":"product","link":"https:\/\/www.hydraulic-cylinders.net\/lv\/products\/boom-cylinder-for-xcmg-large-excavator-xe490ck\/","title":{"rendered":"XCMG liela ekskavatora XE490CK str\u0113les cilindrs"},"content":{"rendered":"<h1>XCMG liela ekskavatora XE490CK str\u0113les cilindrs<\/h1>\n<h2>Produkta p\u0101rskats<\/h2>\n<p>XCMG liel\u0101 ekskavatora XE490CK str\u0113les cilindrs ir specializ\u0113ts hidrauliskais cilindrs, kas paredz\u0113ts ekskavatora str\u0113les kust\u012bbas vad\u012bbai. Tam ir iz\u0161\u0137iro\u0161a noz\u012bme hidrauliskaj\u0101 sist\u0113m\u0101, \u013caujot str\u0113lei pacelties, nolaisties un noliekties, kas atvieglo da\u017e\u0101dus materi\u0101lu apstr\u0101des uzdevumus. \u0160is hidrauliskais cilindrs ir b\u016btisks smagaj\u0101m ma\u0161\u012bn\u0101m, piem\u0113ram, ekskavatoriem, ekskavatoriem-iekr\u0101v\u0113jiem un front\u0101lajiem iekr\u0101v\u0113jiem, \u013caujot operatoriem efekt\u012bvi pacelt un manipul\u0113t ar smag\u0101m krav\u0101m.<\/p>\n<p><img decoding=\"async\" src=\"https:\/\/www.hydraulic-cylinders.net\/wp-content\/uploads\/2025\/04\/songte-company-1.webp\" alt=\"Hidraulisk\u0101 cilindra att\u0113ls\"><\/p>\n<h3>Defin\u012bcija un funkcionalit\u0101te<\/h3>\n<p>Kausa cilindrs, kas paz\u012bstams ar\u012b k\u0101 str\u0113les cilindrs, ir hidraulisk\u0101 cilindra veids, kas \u012bpa\u0161i paredz\u0113ts kausa kust\u012bbas vad\u012bbai smagaj\u0101s ma\u0161\u012bn\u0101s. Tas darbojas, pamatojoties uz hidraulikas principiem, izmantojot spiediena hidraulisko \u0161\u0137idrumu, lai nodro\u0161in\u0101tu nepiecie\u0161amo sp\u0113ku kausa pacel\u0161anai un nolai\u0161anai. P\u0101rveidojot hidraulisko spiedienu meh\u0101nisk\u0101 sp\u0113k\u0101, str\u0113les cilindrs uzlabo celtniec\u012bbas tehnikas ekspluat\u0101cijas iesp\u0113jas, nodro\u0161inot efekt\u012bvu un lietder\u012bgu veiktsp\u0113ju da\u017e\u0101dos pielietojumos.<\/p>\n<h2>Str\u0113les cilindra galven\u0101s iez\u012bmes<\/h2>\n<ul>\n<li><strong>Augsta iztur\u012bba un ilgm\u016b\u017e\u012bba:<\/strong> \u0160is cilindrs, kas izgatavots no augstas stipr\u012bbas t\u0113rauda vai alum\u012bnija, var iztur\u0113t augstu spiedienu un lielas slodzes, padarot to piem\u0113rotu skarbajiem darba apst\u0101k\u013ciem.<\/li>\n<li><strong>Efekt\u012bva hidraulisk\u0101 darb\u012bba:<\/strong> Cilindrs izmanto hidraulisk\u0101 \u0161\u0137idruma spiedienu, lai nodro\u0161in\u0101tu vienm\u0113r\u012bgu izvilk\u0161anu un ievilk\u0161anu, nodro\u0161inot \u0101tru reakciju uz operatora komand\u0101m un sp\u0113c\u012bgu vilk\u0161anas sp\u0113ku smagiem darbiem.<\/li>\n<li><strong>Veidu da\u017e\u0101d\u012bba:<\/strong> Pieejams vienk\u0101r\u0161\u0101s darb\u012bbas (izmantojot hidraulisko spiedienu vien\u0101 virzien\u0101) vai divk\u0101r\u0161\u0101s darb\u012bbas (izmantojot hidraulisko spiedienu abos virzienos) konfigur\u0101cij\u0101s, lai apmierin\u0101tu da\u017e\u0101das ekspluat\u0101cijas vajadz\u012bbas.<\/li>\n<li><strong>Kompakts dizains:<\/strong> Da\u017eiem mode\u013ciem ir teleskopiska konstrukcija, kas \u013cauj veikt liel\u0101ku pagarin\u0101jumu, nepalielinot \u0101r\u0113jos izm\u0113rus, padarot tos piem\u0113rotus lietojumiem ar ierobe\u017eotu vietu.<\/li>\n<li><strong>Korozijas iztur\u012bba:<\/strong> Izstr\u0101d\u0101ts no materi\u0101liem, kas ir iztur\u012bgi pret nodilumu un koroziju, nodro\u0161inot ilgm\u016b\u017e\u012bbu un uzticam\u012bbu sare\u017e\u0123\u012btos apst\u0101k\u013cos.<\/li>\n<\/ul>\n<p>M\u016bsu produkti var lieliski aizst\u0101t \u0161os hidrauliskos cilindrus, nodro\u0161inot neman\u0101mu integr\u0101ciju un veiktsp\u0113ju.<\/p>\n<p><img decoding=\"async\" src=\"https:\/\/www.hydraulic-cylinders.net\/wp-content\/uploads\/2025\/04\/songte-cylinder-head-with-all-kinds-excavator-models.webp\" alt=\"Ekskavatoru mode\u013ci\"><\/p>\n<h2>Lietojumprogrammu scen\u0101riji<\/h2>\n<h3>Celtniec\u012bbas apr\u012bkojums<\/h3>\n<p>Ekskavatoros str\u0113les cilindri ir kritiski svar\u012bgi augsnes vai gru\u017eu rak\u0161anai, iekrau\u0161anai un p\u0101rvieto\u0161anai. Tie nodro\u0161ina nepiecie\u0161amo sp\u0113ku, lai paceltu smagas kravas un prec\u012bzi manevr\u0113tu kausu, padarot tos neaizst\u0101jamus b\u016bvniec\u012bbas darbos.<\/p>\n<h3>Lauksaimniec\u012bbas tehnika<\/h3>\n<p>Front\u0101lie iekr\u0101v\u0113ji izmanto str\u0113les cilindrus augsnes, siena un citu materi\u0101lu sav\u0101k\u0161anai, cel\u0161anai un transport\u0113\u0161anai. To sp\u0113ja veikt vair\u0101kas funkcijas padara tos par v\u0113rt\u012bgiem resursiem lauksaimniec\u012bbas darbos.<\/p>\n<h3>Ekskavatori<\/h3>\n<p>Ekskavatoros str\u0113les cilindri \u013cauj kausam efekt\u012bvi iek\u013c\u016bt augsn\u0113, pan\u0101kot jaud\u012bgas rak\u0161anas darb\u012bbas. \u0160\u012b funkcionalit\u0101te ir vit\u0101li svar\u012bga liela m\u0113roga rak\u0161anas projektiem, nodro\u0161inot efekt\u012bvu darb\u012bbu.<\/p>\n<h3>Iekr\u0101v\u0113ji<\/h3>\n<p>Front\u0101lajos iekr\u0101v\u0113jos str\u0113les cilindri pal\u012bdz efekt\u012bvi pacelt un izg\u0101zt materi\u0101lus. To uzticam\u012bba un iztur\u012bba \u013cauj efekt\u012bvi apstr\u0101d\u0101t da\u017e\u0101das kravas, uzlabojot produktivit\u0101ti objekt\u0101.<\/p>\n<h2>Dizaina apsv\u0113rumi un atlases krit\u0113riji<\/h2>\n<h3>Kravnes\u012bba<\/h3>\n<p>Str\u0113les cilindra kravnes\u012bba ir \u0101rk\u0101rt\u012bgi svar\u012bga, jo t\u0101 nosaka maksim\u0101lo svaru, ko tas var iztur\u0113t, neapdraudot veiktsp\u0113ju. In\u017eenieriem j\u0101nov\u0113rt\u0113 paredzam\u0101s slodzes ekspluat\u0101cijas laik\u0101, lai izv\u0113l\u0113tos cilindru, kas atbilst \u0161\u012bm pras\u012bb\u0101m vai p\u0101rsniedz t\u0101s. Cilindrs ar nepietiekamu kravnes\u012bbu var izrais\u012bt boj\u0101jumus, k\u0101 rezult\u0101t\u0101 rodas d\u0101rgi kav\u0113jumi un remonts.<\/p>\n<h3>Bl\u012bv\u0113juma integrit\u0101te<\/h3>\n<p>Bl\u012bv\u0113juma integrit\u0101te ir \u013coti svar\u012bga, lai nov\u0113rstu hidraulisk\u0101 \u0161\u0137idruma nopl\u016bdes, kas var izrais\u012bt sist\u0113mas k\u013c\u016bmes un vides apdraud\u0113jumus. J\u0101izmanto augstas kvalit\u0101tes bl\u012bv\u0113jumi, nodro\u0161inot, ka tie iztur spiediena un temperat\u016bras sv\u0101rst\u012bbas. Regul\u0101ras apkopes p\u0101rbaudes ir b\u016btiskas, lai nodro\u0161in\u0101tu bl\u012bv\u0113jumu neskart\u012bbu un funkcionalit\u0101ti.<\/p>\n<h3>Iztur\u012bba<\/h3>\n<p>Iztur\u012bba ir \u013coti svar\u012bga, lai nodro\u0161in\u0101tu ilgsto\u0161u veiktsp\u0113ju intens\u012bvas lieto\u0161anas apst\u0101k\u013cos. Str\u0113les cilindra ra\u017eo\u0161an\u0101 izmantotajiem materi\u0101liem j\u0101b\u016bt iztur\u012bgiem pret nodilumu, koroziju un nogurumu. Izv\u0113loties cilindrus ar moderniem p\u0101rkl\u0101jumiem un iztur\u012bgiem materi\u0101liem, var iev\u0113rojami pagarin\u0101t to kalpo\u0161anas laiku, samazinot nomai\u0146as un remonta bie\u017eumu.<\/p>\n<h3>Dro\u0161\u012bbas funkcijas<\/h3>\n<p>Dro\u0161\u012bba ir galven\u0101 priorit\u0101te hidrauliskaj\u0101s sist\u0113m\u0101s. Str\u0113les cilindriem j\u0101b\u016bt konstru\u0113tiem ar dro\u0161\u012bbas meh\u0101nismiem, lai nov\u0113rstu nejau\u0161u atteici. T\u0101das funkcijas k\u0101 spiediena samazin\u0101\u0161anas v\u0101rsti un p\u0101rslodzes sensori var nodro\u0161in\u0101t papildu aizsardz\u012bbas sl\u0101\u0146us, garant\u0113jot smago ma\u0161\u012bnu dro\u0161u darb\u012bbu.<\/p>\n<h3>Apkopes pieejam\u012bba<\/h3>\n<p>Hidraulisko cilindru projekt\u0113\u0161ana, lai nodro\u0161in\u0101tu vienk\u0101r\u0161u apkopi, var ietaup\u012bt laiku un darbasp\u0113ka izmaksas. T\u0101das funkcijas k\u0101 no\u0146emami gala v\u0101ci\u0146i un \u0113rta piek\u013cuve e\u013c\u013co\u0161anas punktiem var atvieglot regul\u0101ras apkopes proced\u016bras, pal\u012bdzot pagarin\u0101t apr\u012bkojuma kalpo\u0161anas laiku.<\/p>\n<p><img decoding=\"async\" src=\"https:\/\/www.hydraulic-cylinders.net\/wp-content\/uploads\/2025\/04\/songte-oil-pipes-and-spare-parts.webp\" alt=\"Hidraulisk\u0101s da\u013cas\"><\/p>\n<h2>Bl\u012bv\u0113\u0161ana un e\u013c\u013co\u0161ana<\/h2>\n<p>Efekt\u012bva bl\u012bv\u0113\u0161ana un e\u013c\u013co\u0161ana ir kritiski svar\u012bga hidraulisko cilindru darb\u012bbai. Da\u017e\u0101diem bl\u012bv\u0113\u0161anas elementiem, piem\u0113ram, virzu\u013ca bl\u012bv\u0113m un stie\u0146a bl\u012bv\u0113m, j\u0101b\u016bt izgatavotiem no iztur\u012bgiem materi\u0101liem, piem\u0113ram, poliuret\u0101na vai nitrila gumijas, lai tie b\u016btu iztur\u012bgi pret nodilumu. Cilindra korpusam un v\u012bt\u0146otajiem galiem j\u0101b\u016bt smalki apstr\u0101d\u0101tiem, lai uzlabotu nodilumiztur\u012bbu un nodro\u0161in\u0101tu vienm\u0113r\u012bgu darb\u012bbu.<\/p>\n<p>Regul\u0101ra e\u013c\u013co\u0161ana ar hidraulisko e\u013c\u013cu ir nepiecie\u0161ama, lai samazin\u0101tu berzi un nodilumu cilindr\u0101. Operatoriem j\u0101izveido rut\u012bna e\u013c\u013cas l\u012bme\u0146a p\u0101rbaudei un nepiecie\u0161am\u012bbas gad\u012bjum\u0101 papildin\u0101\u0161anai, lai uztur\u0113tu optim\u0101lu cilindra darb\u012bbu.<\/p>\n<h2>Regul\u0101ra p\u0101rbaude un profilaktisk\u0101 apkope<\/h2>\n<ul>\n<li><strong>Regul\u0101ras p\u0101rbaudes:<\/strong> Lai noteiktu jebk\u0101das nodiluma vai boj\u0101jumu paz\u012bmes, j\u0101veic regul\u0101ras str\u0113les cilindra p\u0101rbaudes. \u0160\u012b prevent\u012bv\u0101 pieeja var nov\u0113rst nopietnus boj\u0101jumus, pirms tie rodas.<\/li>\n<li><strong>Piem\u0113rota e\u013c\u013co\u0161ana:<\/strong> Ir svar\u012bgi nodro\u0161in\u0101t, lai hidrauliskais cilindrs b\u016btu pien\u0101c\u012bgi iee\u013c\u013cots, lai samazin\u0101tu berzi un paildzin\u0101tu t\u0101 kalpo\u0161anas laiku. Operatoriem j\u0101iev\u0113ro ra\u017eot\u0101ja ieteikumi par e\u013c\u013co\u0161anas interv\u0101liem.<\/li>\n<li><strong>Bl\u012bv\u0113juma nomai\u0146a:<\/strong> Bl\u012bves periodiski j\u0101p\u0101rbauda, \u200b\u200bvai nav nodiluma paz\u012bmju, un j\u0101nomaina p\u0113c nepiecie\u0161am\u012bbas. Tas nov\u0113r\u0161 nopl\u016bdes un saglab\u0101 hidraulisk\u0101s sist\u0113mas integrit\u0101ti.<\/li>\n<\/ul>\n<h3>Uzst\u0101d\u012b\u0161anas vadl\u012bnijas<\/h3>\n<p>Pareiza str\u0113les cilindra uzst\u0101d\u012b\u0161ana ir \u013coti svar\u012bga optim\u0101lai veiktsp\u0113jai. Uzst\u0101dot, p\u0101rliecinieties, vai cilindrs ir pareizi izl\u012bdzin\u0101ts ar tehnikas stiprin\u0101juma punktiem. Nepareiza izl\u012bdzin\u0101\u0161ana var izrais\u012bt nevajadz\u012bgu nodilumu un darb\u012bbas probl\u0113mas.<\/p>\n<p>Ieteicams izmantot atbilsto\u0161us mont\u0101\u017eas kron\u0161teinus, lai nostiprin\u0101tu cilindru viet\u0101. Uzst\u0101d\u012b\u0161anas laik\u0101 v\u0113lreiz p\u0101rbaudiet visus savienojumus un p\u0101rliecinieties, ka pirms iek\u0101rtas nodo\u0161anas ekspluat\u0101cij\u0101 nav nopl\u016b\u017eu. Ra\u017eot\u0101ja nor\u0101d\u012bjumu iev\u0113ro\u0161ana uzst\u0101d\u012b\u0161anai var pal\u012bdz\u0113t izvair\u012bties no bie\u017ei sastopam\u0101m k\u013c\u016bd\u0101m un nodro\u0161in\u0101t dro\u0161u darb\u012bbu.<\/p>\n<h2>Apkopes uzdevumi<\/h2>\n<ul>\n<li><strong>Regul\u0101ras p\u0101rbaudes:<\/strong> Regul\u0101ru p\u0101rbau\u017eu veik\u0161ana \u013cauj laikus atkl\u0101t potenci\u0101las probl\u0113mas. P\u0101rbaudiet cilindru, vai nav boj\u0101jumu, nopl\u016b\u017eu vai anom\u0101la nodiluma paz\u012bmju. Regul\u0101ras p\u0101rbaudes var nov\u0113rst negaid\u012btus boj\u0101jumus darb\u012bbas laik\u0101.<\/li>\n<li><strong>Pareiza e\u013c\u013co\u0161ana:<\/strong> Lai cilindrs darbotos vienm\u0113r\u012bgi, ir svar\u012bgi nodro\u0161in\u0101t atbilsto\u0161u e\u013c\u013co\u0161anu. P\u0101rliecinieties, vai hidraulisk\u0101 \u0161\u0137idruma l\u012bmenis ir atbilsto\u0161s un vai izmantot\u0101 sm\u0113rviela ir piem\u0113rota konkr\u0113tajam cilindra tipam.<\/li>\n<li><strong>Bl\u012bv\u0113juma nomai\u0146a:<\/strong> Bl\u012bves j\u0101nomaina regul\u0101ras apkopes ietvaros. Nolietotas bl\u012bves var izrais\u012bt nopl\u016bdes, samazinot efektivit\u0101ti un potenci\u0101li saboj\u0101jot hidraulisko sist\u0113mu.<\/li>\n<\/ul>\n<h2>Dro\u0161\u012bbas apsv\u0113rumi un vides faktori<\/h2>\n<p>Str\u0101d\u0101jot ar hidrauliskaj\u0101m sist\u0113m\u0101m, ir svar\u012bgi noteikt dro\u0161\u012bbas pas\u0101kumu priorit\u0101ti. Operatoriem, str\u0101d\u0101jot ar hidrauliskaj\u0101m iek\u0101rt\u0101m, j\u0101valk\u0101 atbilsto\u0161i individu\u0101lie aizsardz\u012bbas l\u012bdzek\u013ci (IAL), lai samazin\u0101tu traumu risku. Izpratne par potenci\u0101lajiem apdraud\u0113jumiem, kas saist\u012bti ar hidraulisk\u0101 \u0161\u0137idruma nopl\u016bd\u0113m un augstspiediena sist\u0113m\u0101m, var pal\u012bdz\u0113t nov\u0113rst negad\u012bjumus.<\/p>\n<p>Turkl\u0101t, lai samazin\u0101tu ietekmi uz vidi, ir svar\u012bgi pareizi utiliz\u0113t hidraulisko \u0161\u0137idrumu un boj\u0101t\u0101s deta\u013cas. Viet\u0113jo noteikumu iev\u0113ro\u0161ana attiec\u012bb\u0101 uz b\u012bstamajiem atkritumiem ir \u013coti svar\u012bga dro\u0161as darba vides uztur\u0113\u0161anai.<\/p>\n<h2>Probl\u0113mu nov\u0113r\u0161ana un bie\u017ei sastopamas probl\u0113mas<\/h2>\n<ul>\n<li><strong>Nopl\u016bde:<\/strong> Viena no visbie\u017e\u0101k sastopamaj\u0101m probl\u0113m\u0101m ir nopl\u016bde, ko bie\u017ei izraisa nolietotas bl\u012bves vai veidgabali. Regul\u0101ras p\u0101rbaudes var pal\u012bdz\u0113t laikus atkl\u0101t nopl\u016bdes, \u013caujot veikt savlaic\u012bgu remontu.<\/li>\n<li><strong>L\u0113na darb\u012bba:<\/strong> Ja str\u0113les cilindrs darbojas l\u0113ni, tas var liecin\u0101t par nepietiekamu hidraulisk\u0101 \u0161\u0137idruma daudzumu vai aizs\u0113r\u0113ju\u0161u l\u012bniju. \u0160\u0137idruma l\u012bme\u0146a p\u0101rbaude un p\u0101rliecin\u0101\u0161an\u0101s, ka nav aizsprostojumu, var atrisin\u0101t \u0161o probl\u0113mu.<\/li>\n<li><strong>Neparastas ska\u0146as:<\/strong> T\u0101das ska\u0146as k\u0101 sl\u012bp\u0113\u0161ana vai klauk\u0161\u0137\u0113\u0161ana var liecin\u0101t par meh\u0101nisku k\u013c\u016bmi vai e\u013c\u013co\u0161anas tr\u016bkumu. Nekav\u0113joties veikta p\u0101rbaude un apkope var nov\u0113rst turpm\u0101kus boj\u0101jumus.<\/li>\n<\/ul>\n<p>Lai efekt\u012bvi diagnostic\u0113tu un nov\u0113rstu probl\u0113mas, operatoriem j\u0101iepaz\u012bstas ar sist\u0113mas darb\u012bbu un nepiecie\u0161am\u012bbas gad\u012bjum\u0101 j\u0101mekl\u0113 profesion\u0101la pal\u012bdz\u012bba, lai izvair\u012btos no probl\u0113mu saasin\u0101\u0161an\u0101s.<\/p>\n<p><img decoding=\"async\" src=\"https:\/\/www.hydraulic-cylinders.net\/wp-content\/uploads\/2025\/04\/songte-bushings-with-all-kinds-of-excavator-models.webp\" alt=\"Ekskavatora bukses\"><\/p>\n<h2>Uz\u0146\u0113muma p\u0101rskats<\/h2>\n<p>M\u0113s esam vado\u0161ais alternat\u012bvo hidraulisko cilindru ra\u017eot\u0101js, kas pied\u0101v\u0101 pla\u0161u produktu kl\u0101stu, kas atbilst gan viet\u0113j\u0101, gan starptautisk\u0101 tirgus vajadz\u012bb\u0101m. M\u016bsu ap\u0146em\u0161an\u0101s sasniegt izcil\u012bbu atspogu\u013cojas m\u016bsu pilnveidotaj\u0101s ra\u017eo\u0161anas vad\u012bbas strat\u0113\u0123ij\u0101s, kas izmanto progres\u012bvas ra\u017eo\u0161anas tehnolo\u0123ijas un kvalit\u0101tes kontroles sist\u0113mas.<\/p>\n<p>M\u016bsu uz\u0146\u0113mums lepojas ar savu tehnisko kompetenci, augst\u0101k\u0101s klases digit\u0101l\u0101s ra\u017eo\u0161anas iesp\u0113j\u0101m un profesion\u0101laj\u0101m test\u0113\u0161anas sist\u0113m\u0101m, kas \u013cauj mums past\u0101v\u012bgi uzlabot ra\u017eo\u0161anas procesus. \u0160\u012b ap\u0146\u0113m\u012bba \u013cauj mums apmierin\u0101t klientu da\u017e\u0101d\u0101s pras\u012bbas ar augstu efektivit\u0101ti, precizit\u0101ti un kvalit\u0101ti.<\/p>\n<p>M\u0113s pied\u0101v\u0101jam starptautiskus sertifik\u0101tus, piel\u0101gotus pakalpojumus klientu vajadz\u012bb\u0101m un stabilu p\u0113cp\u0101rdo\u0161anas atbalstu, lai nodro\u0161in\u0101tu klientu apmierin\u0101t\u012bbu. M\u016bsu ra\u017eo\u0161anas iek\u0101rtas ir apr\u012bkotas ar modern\u0101kaj\u0101m iek\u0101rt\u0101m, kas atbilst nozares standartiem, nodro\u0161inot, ka m\u016bsu produkti paliek inov\u0101ciju avangard\u0101.<\/p>\n<p><img decoding=\"async\" src=\"https:\/\/www.hydraulic-cylinders.net\/wp-content\/uploads\/2025\/04\/songte-company-4.webp\" alt=\"Uz\u0146\u0113muma p\u0101rskats\"><br \/>\n<img decoding=\"async\" src=\"https:\/\/www.hydraulic-cylinders.net\/wp-content\/uploads\/2025\/04\/songte-company-3.webp\" alt=\"Ra\u017eo\u0161anas iek\u0101rtas\"><\/p>\n<p>Autors: lil<\/p>","protected":false},"excerpt":{"rendered":"<p>Boom Cylinder For XCMG Large Excavator XE490CK Product Overview The Boom Cylinder for XCMG Large Excavator XE490CK is a specialized hydraulic cylinder designed to control the movement of the excavator&#8217;s boom. It plays a crucial role in the hydraulic system, enabling the boom to raise, lower, and tilt, which facilitates various material handling tasks. This [&hellip;]<\/p>","protected":false},"featured_media":17876,"comment_status":"open","ping_status":"closed","template":"","meta":{"_et_pb_use_builder":"","_et_pb_old_content":"","_et_gb_content_width":""},"product_brand":[],"product_cat":[1546],"product_tag":[1547,1496],"class_list":{"0":"post-19205","1":"product","2":"type-product","3":"status-publish","4":"has-post-thumbnail","6":"product_cat-boom-cylinders","7":"product_tag-boom-cylinders","8":"product_tag-hydraulic-cylinders","10":"first","11":"instock","12":"shipping-taxable","13":"product-type-simple"},"amp_enabled":true,"_links":{"self":[{"href":"https:\/\/www.hydraulic-cylinders.net\/lv\/wp-json\/wp\/v2\/product\/19205","targetHints":{"allow":["GET"]}}],"collection":[{"href":"https:\/\/www.hydraulic-cylinders.net\/lv\/wp-json\/wp\/v2\/product"}],"about":[{"href":"https:\/\/www.hydraulic-cylinders.net\/lv\/wp-json\/wp\/v2\/types\/product"}],"replies":[{"embeddable":true,"href":"https:\/\/www.hydraulic-cylinders.net\/lv\/wp-json\/wp\/v2\/comments?post=19205"}],"wp:featuredmedia":[{"embeddable":true,"href":"https:\/\/www.hydraulic-cylinders.net\/lv\/wp-json\/wp\/v2\/media\/17876"}],"wp:attachment":[{"href":"https:\/\/www.hydraulic-cylinders.net\/lv\/wp-json\/wp\/v2\/media?parent=19205"}],"wp:term":[{"taxonomy":"product_brand","embeddable":true,"href":"https:\/\/www.hydraulic-cylinders.net\/lv\/wp-json\/wp\/v2\/product_brand?post=19205"},{"taxonomy":"product_cat","embeddable":true,"href":"https:\/\/www.hydraulic-cylinders.net\/lv\/wp-json\/wp\/v2\/product_cat?post=19205"},{"taxonomy":"product_tag","embeddable":true,"href":"https:\/\/www.hydraulic-cylinders.net\/lv\/wp-json\/wp\/v2\/product_tag?post=19205"}],"curies":[{"name":"wp","href":"https:\/\/api.w.org\/{rel}","templated":true}]}}