{"id":19206,"date":"2025-04-07T06:18:08","date_gmt":"2025-04-07T06:18:08","guid":{"rendered":"https:\/\/www.hydraulic-cylinders.net\/product\/boom-cylinder-for-xcmg-large-excavator-xe900c\/"},"modified":"2025-04-07T06:18:11","modified_gmt":"2025-04-07T06:18:11","slug":"boom-cylinder-for-xcmg-large-excavator-xe900c","status":"publish","type":"product","link":"https:\/\/www.hydraulic-cylinders.net\/lv\/products\/boom-cylinder-for-xcmg-large-excavator-xe900c\/","title":{"rendered":"XCMG liela ekskavatora XE900C str\u0113les cilindrs"},"content":{"rendered":"<h1>XCMG liela ekskavatora XE900C str\u0113les cilindrs<\/h1>\n<h2>Ievads str\u0113les cilindr\u0101<\/h2>\n<p>Str\u0113les cilindrs ir b\u016btiska hidrauliska sast\u0101vda\u013ca, ko izmanto lielos ekskavatoros, piem\u0113ram, XCMG XE900C. \u0160im cilindram ir iz\u0161\u0137iro\u0161a noz\u012bme ekskavatora str\u0113les kust\u012bbas kontrol\u0113\u0161an\u0101, \u013caujot tai efekt\u012bvi izstiepties, ievilkties un pagriezties. Izmantojot hidraulisko spiedienu, str\u0113les cilindrs \u013cauj operatoriem veikt da\u017e\u0101dus uzdevumus, tostarp pacelt, nolaist un noliekt str\u0113li, kas ir \u013coti svar\u012bgi efekt\u012bv\u0101m materi\u0101lu apstr\u0101des darb\u012bb\u0101m.<\/p>\n<p><img decoding=\"async\" src=\"https:\/\/www.hydraulic-cylinders.net\/wp-content\/uploads\/2025\/04\/songte-company-1.webp\" alt=\"Ekskavatoru str\u0113les cilindrs\" \/><\/p>\n<p>Kausa cilindrs, kas \u012bpa\u0161i paredz\u0113ts smagaj\u0101m ma\u0161\u012bn\u0101m, piem\u0113ram, ekskavatoriem, iekr\u0101v\u0113jiem un front\u0101lajiem iekr\u0101v\u0113jiem, atvieglo kausa kust\u012bbu. \u0160is hidrauliskais cilindrs \u013cauj kausam pacelt, nolaist un noliekt, padarot to neaizst\u0101jamu materi\u0101lu rak\u0161an\u0101, iekrau\u0161an\u0101 un transport\u0113\u0161an\u0101. Izpratne par str\u0113les cilindru darb\u012bbu un pielietojumu ir \u013coti svar\u012bga, lai uztur\u0113tu hidraulisko sist\u0113mu efektivit\u0101ti smagaj\u0101s ma\u0161\u012bn\u0101s.<\/p>\n<h2>Str\u0113les cilindra \u012bpa\u0161\u012bbas<\/h2>\n<h3>Augsta iztur\u012bba un ilgm\u016b\u017e\u012bba<\/h3>\n<ul>\n<li>\u0160ie cilindri ir izgatavoti no augstas stipr\u012bbas t\u0113rauda vai alum\u012bnija, un tie var iztur\u0113t augstu spiedienu un lielas slodzes.<\/li>\n<li>Izstr\u0101d\u0101ti, lai iztur\u0113tu pret nodilumu un koroziju, t\u0101d\u0113j\u0101di uzlabojot to ilgm\u016b\u017e\u012bbu pat skarbos darba apst\u0101k\u013cos.<\/li>\n<\/ul>\n<h3>Efekt\u012bva hidraulisk\u0101 darb\u012bba<\/h3>\n<ul>\n<li>Izmanto hidraulisk\u0101s e\u013c\u013cas spiedienu, lai nodro\u0161in\u0101tu vienm\u0113r\u012bgu un atsauc\u012bgu kust\u012bbu.<\/li>\n<li>Nodro\u0161ina iev\u0113rojamu stum\u0161anas un vilk\u0161anas sp\u0113ku, kas ir ide\u0101li piem\u0113rots smagu un sare\u017e\u0123\u012btu uzdevumu veik\u0161anai.<\/li>\n<\/ul>\n<h3>Da\u017e\u0101di cilindru veidi<\/h3>\n<ul>\n<li>Pieejams vienk\u0101r\u0161\u0101s darb\u012bbas (darbojas vien\u0101 virzien\u0101) vai divk\u0101r\u0161\u0101s darb\u012bbas (darbojas abos virzienos) konfigur\u0101cij\u0101s.<\/li>\n<li>Da\u017ei mode\u013ci ir teleskopiski, kas \u013cauj sasniegt liel\u0101ku sasniedzam\u012bbu, nepalielinot \u0101r\u0113jos izm\u0113rus, un ir piem\u0113roti darbam sl\u0113gt\u0101s telp\u0101s.<\/li>\n<\/ul>\n<p>M\u0113s specializ\u0113jamies \u0161\u012b produkta ra\u017eo\u0161an\u0101 un pied\u0101v\u0101jam perfektus eso\u0161o hidraulisko cilindru aizvietot\u0101jus.<\/p>\n<p><img decoding=\"async\" src=\"https:\/\/www.hydraulic-cylinders.net\/wp-content\/uploads\/2025\/04\/songte-cylinder-head-with-all-kinds-excavator-models.webp\" alt=\"Cilindra galva ekskavatoru mode\u013ciem\" \/><\/p>\n<h2>Lietojumprogrammu scen\u0101riji<\/h2>\n<h3>Celtniec\u012bbas apr\u012bkojums<\/h3>\n<p>Ekskavatoros str\u0113les cilindri ir \u013coti svar\u012bgi zemes vai gru\u017eu rak\u0161anai, iekrau\u0161anai un p\u0101rvieto\u0161anai. To sp\u0113ja izstiepties un ievilkties \u013cauj operatoriem efekt\u012bvi p\u0101rvald\u012bt materi\u0101lus un veikt nepiecie\u0161amos uzdevumus b\u016bvlaukumos.<\/p>\n<h3>Lauksaimniec\u012bbas tehnika<\/h3>\n<p>Front\u0101lajos iekr\u0101v\u0113jos kausa cilindri tiek izmantoti augsnes, siena un citu materi\u0101lu sav\u0101k\u0161anai, cel\u0161anai un transport\u0113\u0161anai. To iztur\u012bg\u0101 konstrukcija nodro\u0161ina uzticam\u012bbu, kas ir b\u016btiska lauksaimniec\u012bbas darbos.<\/p>\n<h3>Ekskavatori<\/h3>\n<p>Kausa cilindri \u013cauj ekskavatoriem efekt\u012bvi iek\u013c\u016bt augsn\u0113, atvieglojot rak\u0161anas procesu. \u0160\u012b sp\u0113ja ir vit\u0101li svar\u012bga, lai sasniegtu v\u0113lamo rak\u0161anas dzi\u013cumu un saglab\u0101tu efektivit\u0101ti darba viet\u0101s.<\/p>\n<h3>Iekr\u0101v\u0113ji<\/h3>\n<p>Front\u0101lajos iekr\u0101v\u0113jos \u0161ie cilindri pal\u012bdz efekt\u012bvi pacelt un izkraut kravas. To konstrukcija nodro\u0161ina \u0101tru un efekt\u012bvu materi\u0101lu apstr\u0101di, padarot tos par b\u016btisku sast\u0101vda\u013cu da\u017e\u0101d\u0101s darb\u012bb\u0101s.<\/p>\n<h2>Dizaina apsv\u0113rumi un atlases krit\u0113riji<\/h2>\n<h3>Kravnes\u012bba<\/h3>\n<p>Izv\u0113loties str\u0113les cilindru, ir svar\u012bgi izprast t\u0101 kravnes\u012bbu. Cilindram j\u0101sp\u0113j iztur\u0113t maksim\u0101lo slodzi, ar kuru tas saskarsies darb\u012bbas laik\u0101. Tas ietver p\u0101rvietojamo materi\u0101lu svara un potenci\u0101lo dinamisko sp\u0113ku \u0146em\u0161anu v\u0113r\u0101 darb\u012bbas laik\u0101. Cilindra izv\u0113le ar atbilsto\u0161u kravnes\u012bbu nodro\u0161ina dro\u0161\u012bbu un efektivit\u0101ti, samazinot boj\u0101jumu risku lielu slod\u017eu gad\u012bjum\u0101.<\/p>\n<h3>Bl\u012bv\u0113jums un iztur\u012bba<\/h3>\n<p>Efekt\u012bvs bl\u012bv\u0113jums ir \u013coti svar\u012bgs, lai uztur\u0113tu hidraulisko spiedienu cilindr\u0101. Bl\u012bv\u0113jumi, kas izgatavoti no augstas kvalit\u0101tes materi\u0101liem, piem\u0113ram, poliuret\u0101na vai nitrilkau\u010duka, nodro\u0161ina iztur\u012bbu pret nodilumu un nov\u0113r\u0161 nopl\u016bdes, nodro\u0161inot hidraulisk\u0101s sist\u0113mas nevainojamu darb\u012bbu. Turkl\u0101t cilindra konstrukcij\u0101 izmantoto materi\u0101lu iztur\u012bba tie\u0161i ietekm\u0113 t\u0101 kalpo\u0161anas laiku. Augstas kvalit\u0101tes komponenti nodro\u0161ina zem\u0101kas apkopes izmaksas un samazina d\u012bkst\u0101ves laiku.<\/p>\n<h3>Dro\u0161\u012bbas funkcijas<\/h3>\n<p>Dro\u0161\u012bba ir \u0101rk\u0101rt\u012bgi svar\u012bga str\u0113les cilindru konstrukcij\u0101. T\u0101das funkcijas k\u0101 spiediena samazin\u0101\u0161anas v\u0101rsti un atteices dro\u0161s dizains pal\u012bdz nov\u0113rst katastrof\u0101las k\u013c\u016bmes darb\u012bbas laik\u0101. Ir svar\u012bgi nodro\u0161in\u0101t, lai \u0161ie dro\u0161\u012bbas meh\u0101nismi b\u016btu iek\u013cauti cilindra konstrukcij\u0101, lai aizsarg\u0101tu gan apr\u012bkojumu, gan operatoru.<\/p>\n<p><img decoding=\"async\" src=\"https:\/\/www.hydraulic-cylinders.net\/wp-content\/uploads\/2025\/04\/songte-oil-pipes-and-spare-parts.webp\" alt=\"Hidraulisk\u0101s caurules un rezerves da\u013cas\" \/><\/p>\n<h2>Bl\u012bv\u0113\u0161ana un e\u013c\u013co\u0161ana<\/h2>\n<p>Pareiza bl\u012bv\u0113\u0161ana un e\u013c\u013co\u0161ana ir str\u0113les cilindru efekt\u012bvas darb\u012bbas atsl\u0113ga. Lai uztur\u0113tu hidraulisko spiedienu un nov\u0113rstu \u0161\u0137idruma nopl\u016bdi, tiek izmantoti da\u017e\u0101di bl\u012bv\u0113jumi, tostarp virzu\u013ca bl\u012bv\u0113jumi un stie\u0146a bl\u012bv\u0113jumi. To iztur\u012bbas d\u0113\u013c priek\u0161roka tiek dota bl\u012bv\u0113jumiem, kas izgatavoti no nodilumiztur\u012bgiem materi\u0101liem, piem\u0113ram, poliuret\u0101na un nitrila gumijas.<\/p>\n<p>Cilindra korpuss un v\u012bt\u0146otie gali tiek r\u016bp\u012bgi apstr\u0101d\u0101ti, lai uzlabotu nodilumiztur\u012bbu. Regul\u0101ra e\u013c\u013co\u0161ana ar hidraulisko e\u013c\u013cu ir b\u016btiska, lai samazin\u0101tu berzi un nodro\u0161in\u0101tu vienm\u0113r\u012bgu darb\u012bbu. Operatoriem r\u016bp\u012bgi j\u0101p\u0101rbauda \u0161\u0137idruma l\u012bmenis un j\u0101pievieno e\u013c\u013ca p\u0113c nepiecie\u0161am\u012bbas, lai uztur\u0113tu veiktsp\u0113ju un nov\u0113rstu boj\u0101jumus.<\/p>\n<h2>Regul\u0101ra p\u0101rbaude un profilaktisk\u0101 apkope<\/h2>\n<ul>\n<li><strong>Bie\u017eas p\u0101rbaudes:<\/strong> Regul\u0101ri p\u0101rbaudiet str\u0113les cilindru, vai nav nodiluma, nopl\u016bdes vai boj\u0101jumu paz\u012bmju. Probl\u0113mu agr\u012bna atkl\u0101\u0161ana var nov\u0113rst d\u0101rgus remontdarbus un ilgsto\u0161u d\u012bkst\u0101vi.<\/li>\n<li><strong>E\u013c\u013co\u0161anas p\u0101rbaudes:<\/strong> P\u0101rliecinieties, vai cilindrs ir pien\u0101c\u012bgi iee\u013c\u013cots, lai nov\u0113rstu nodilumu un uztur\u0113tu vienm\u0113r\u012bgu darb\u012bbu. P\u0101rbaudiet, vai hidrauliskaj\u0101 \u0161\u0137idrum\u0101 nav pies\u0101r\u0146ojuma vai mitruma paz\u012bmju.<\/li>\n<li><strong>Bl\u012bv\u0113juma nomai\u0146a:<\/strong> Regul\u0101ri p\u0101rbaudiet bl\u012bves un nomainiet t\u0101s p\u0113c nepiecie\u0161am\u012bbas. Nodilu\u0161as bl\u012bves var izrais\u012bt \u0161\u0137idruma nopl\u016bdes un samazin\u0101t cilindra veiktsp\u0113ju.<\/li>\n<\/ul>\n<h2>Uzst\u0101d\u012b\u0161anas vadl\u012bnijas<\/h2>\n<p>Pareiza str\u0113les cilindra uzst\u0101d\u012b\u0161ana ir \u013coti svar\u012bga optim\u0101lai veiktsp\u0113jai. Vispirms p\u0101rliecinieties, vai mont\u0101\u017eas kron\u0161teini un cilindra izl\u012bdzin\u0101jums ir pareizi. Izmantojiet atbilsto\u0161us stiprin\u0101juma elementus, lai nostiprin\u0101tu cilindru viet\u0101, nodro\u0161inot, ka tas ir l\u012bdzens un saska\u0146ots ar ma\u0161\u012bnas darba asi.<\/p>\n<p>Pirms uzst\u0101d\u012b\u0161anas pabeig\u0161anas v\u0113lreiz p\u0101rbaudiet visu savienojumu un veidgabalu stingr\u012bbu. Ir svar\u012bgi iev\u0113rot ra\u017eot\u0101ja nor\u0101d\u012bjumus par griezes momenta iestat\u012bjumiem, lai nov\u0113rstu boj\u0101jumus darb\u012bbas laik\u0101. P\u0113c uzst\u0101d\u012b\u0161anas veiciet r\u016bp\u012bgu p\u0101rbaudi, lai p\u0101rliecin\u0101tos, ka viss darbojas pareizi, pirms lietojat iek\u0101rtu.<\/p>\n<h2>Bie\u017ei sastopamie apkopes uzdevumi<\/h2>\n<h3>Regul\u0101ras p\u0101rbaudes<\/h3>\n<p>Regul\u0101ras str\u0113les cilindra p\u0101rbaudes var pal\u012bdz\u0113t identific\u0113t probl\u0113mas, pirms t\u0101s k\u013c\u016bst nopietnas. Darb\u012bbas laik\u0101 mekl\u0113jiet bl\u012bv\u0113jumu nodiluma paz\u012bmes, nopl\u016bdes vai jebk\u0101dus neparastus trok\u0161\u0146us. \u0160o probl\u0113mu savlaic\u012bga nov\u0113r\u0161ana var nov\u0113rst nopietn\u0101kus boj\u0101jumus un pagarin\u0101t cilindra kalpo\u0161anas laiku.<\/p>\n<h3>Pareiza e\u013c\u013co\u0161ana<\/h3>\n<p>Str\u0113les cilindra pareiza e\u013c\u013co\u0161ana ir \u013coti svar\u012bga t\u0101 veiktsp\u0113jai. P\u0101rliecinieties, ka hidraulisk\u0101 e\u013c\u013ca ir t\u012bra un pareiz\u0101 l\u012bmen\u012b. Regul\u0101ri nomainiet hidraulisko \u0161\u0137idrumu saska\u0146\u0101 ar ra\u017eot\u0101ja ieteikumiem, lai nov\u0113rstu iek\u0161\u0113jo deta\u013cu pies\u0101r\u0146ojumu un nodilumu.<\/p>\n<h3>Bl\u012bv\u0113juma nomai\u0146a un kalibr\u0113\u0161ana<\/h3>\n<p>Lai saglab\u0101tu efektivit\u0101ti un nov\u0113rstu nopl\u016bdes, bl\u012bves j\u0101nomaina p\u0113c nepiecie\u0161am\u012bbas. Regul\u0101ras kalibr\u0113\u0161anas p\u0101rbaudes nodro\u0161ina, ka cilindrs darbojas noteiktaj\u0101 diapazon\u0101, kas ir svar\u012bgi dro\u0161\u012bbai un veiktsp\u0113jai. Lai sist\u0113ma darbotos pareizi, var b\u016bt nepiecie\u0161amas korekcijas.<\/p>\n<p><img decoding=\"async\" src=\"https:\/\/www.hydraulic-cylinders.net\/wp-content\/uploads\/2025\/04\/songte-chushion-collar.webp\" alt=\"Spilvenu apkakle\" \/><\/p>\n<h2>Dro\u0161\u012bbas apsv\u0113rumi un vides faktori<\/h2>\n<p>Str\u0101d\u0101jot ar str\u0113les cilindriem, dro\u0161\u012bbas pas\u0101kumiem j\u0101b\u016bt galvenajai priorit\u0101tei. Operatoriem vienm\u0113r j\u0101valk\u0101 atbilsto\u0161s individu\u0101lais aizsardz\u012bbas apr\u012bkojums un j\u0101iev\u0113ro dro\u0161\u012bbas protokoli, lai samazin\u0101tu negad\u012bjumu risku. Turkl\u0101t j\u0101\u0146em v\u0113r\u0101 t\u0101di vides faktori k\u0101 ekstrem\u0101las temperat\u016bras un mitruma iedarb\u012bba, kas var ietekm\u0113t hidraulisko komponentu veiktsp\u0113ju un ilgm\u016b\u017e\u012bbu.<\/p>\n<h2>Probl\u0113mu nov\u0113r\u0161ana un bie\u017ei sastopamas probl\u0113mas<\/h2>\n<h3>Nopl\u016bde<\/h3>\n<p>Nopl\u016bde ir viena no visbie\u017e\u0101k sastopamaj\u0101m probl\u0113m\u0101m, ar ko saskaras str\u0113les cilindri. T\u0101 var rasties nolietotu bl\u012bv\u0113jumu, boj\u0101tu deta\u013cu vai nepareizas uzst\u0101d\u012b\u0161anas d\u0113\u013c. Regul\u0101ras nopl\u016b\u017eu p\u0101rbaudes var pal\u012bdz\u0113t laikus noteikt probl\u0113mas avotu. Ja tiek konstat\u0113ta nopl\u016bde, nekav\u0113joties j\u0101veic pas\u0101kumi, lai salabotu vai nomain\u012btu boj\u0101t\u0101s bl\u012bves vai deta\u013cas.<\/p>\n<h3>Samazin\u0101ta veiktsp\u0113ja<\/h3>\n<p>Ja str\u0113les cilindra veiktsp\u0113ja ir samazin\u0101ta, tas var b\u016bt saist\u012bts ar nepietiekamu hidraulisk\u0101 \u0161\u0137idruma daudzumu, gaisu sist\u0113m\u0101 vai iek\u0161\u0113ju nodilumu. Bie\u017ei vien \u0161o probl\u0113mu var atrisin\u0101t, p\u0101rliecinoties, ka hidraulisk\u0101 \u0161\u0137idruma l\u012bmenis ir pietiekams, un p\u0101rbaudot, vai nav gaisa burbu\u013cu. Ja veiktsp\u0113jas probl\u0113mas joproj\u0101m past\u0101v, var b\u016bt nepiecie\u0161ama r\u016bp\u012bga iek\u0161\u0113jo komponentu p\u0101rbaude.<\/p>\n<h3>Neparastas ska\u0146as<\/h3>\n<p>Neparastas ska\u0146as darb\u012bbas laik\u0101 var nor\u0101d\u012bt uz iesp\u0113jam\u0101m probl\u0113m\u0101m cilindr\u0101. \u0160\u012bs ska\u0146as var rasties nepietiekamas e\u013c\u013co\u0161anas, iek\u0161\u0113ja nodiluma vai va\u013c\u012bgu deta\u013cu d\u0113\u013c. Ir svar\u012bgi nekav\u0113joties izmekl\u0113t visas neparast\u0101s ska\u0146as, lai izvair\u012btos no turpm\u0101kiem cilindra boj\u0101jumiem.<\/p>\n<p><img decoding=\"async\" src=\"https:\/\/www.hydraulic-cylinders.net\/wp-content\/uploads\/2025\/04\/songte-bushings-with-all-kinds-of-excavator-models.webp\" alt=\"Ekskavatoru mode\u013cu bukses\" \/><\/p>\n<h2>Uz\u0146\u0113muma p\u0101rskats<\/h2>\n<p>M\u0113s esam vado\u0161ais rezerves hidraulisko cilindru ra\u017eot\u0101js ar daudzveid\u012bgu produktu l\u012bniju, kas apmierina gan viet\u0113jo, gan starptautisko tirgu. M\u016bsu ap\u0146em\u0161an\u0101s sasniegt izcil\u012bbu mudina m\u016bs iev\u0113rot stingrus kvalit\u0101tes standartus, vienlaikus izmantojot progres\u012bvas ra\u017eo\u0161anas vad\u012bbas strat\u0113\u0123ijas.<\/p>\n<p>Koncentr\u0113joties uz tehnolo\u0123isk\u0101m inov\u0101cij\u0101m, m\u0113s izmantojam kvalific\u0113tu darbasp\u0113ku un augst\u0101k\u0101s klases digit\u0101l\u0101s ra\u017eo\u0161anas iek\u0101rtas, lai uzlabotu ra\u017eo\u0161anas efektivit\u0101ti. M\u016bsu kvalit\u0101tes nodro\u0161in\u0101\u0161anas procesi nodro\u0161ina, ka katrs produkts atbilst stingriem test\u0113\u0161anas standartiem, pirms non\u0101k pie m\u016bsu klientiem. M\u0113s lepojamies ar savu sp\u0113ju nodro\u0161in\u0101t piel\u0101gotus risin\u0101jumus, kas atbilst m\u016bsu klientu \u012bpa\u0161aj\u0101m vajadz\u012bb\u0101m.<\/p>\n<p><img decoding=\"async\" src=\"https:\/\/www.hydraulic-cylinders.net\/wp-content\/uploads\/2025\/04\/songte-company-4.webp\" alt=\"Uz\u0146\u0113muma ra\u017eo\u0161anas l\u012bnija\" \/><br \/>\n<img decoding=\"async\" src=\"https:\/\/www.hydraulic-cylinders.net\/wp-content\/uploads\/2025\/04\/songte-company-3.webp\" alt=\"Hidraulisko cilindru ra\u017eo\u0161ana\" \/><\/p>\n<p>M\u016bsu uzman\u012bbas centr\u0101 ir profesionalit\u0101te, starptautiski sertifik\u0101ti un izcils p\u0113cp\u0101rdo\u0161anas serviss, kas m\u016bs at\u0161\u0137ir nozar\u0113. M\u0113s esam ap\u0146\u0113mu\u0161ies apmierin\u0101t m\u016bsu klientu da\u017e\u0101d\u0101s vajadz\u012bbas ar augstas kvalit\u0101tes produktiem un izcilu apkalpo\u0161anu.<\/p>\n<p>Autors: lil<\/p>","protected":false},"excerpt":{"rendered":"<p>Boom Cylinder For XCMG Large Excavator XE900C Introduction to Boom Cylinder The Boom Cylinder is an essential hydraulic component utilized in large excavators, such as the XCMG XE900C. This cylinder plays a critical role in controlling the movement of the excavator&#8217;s boom, allowing it to extend, retract, and pivot effectively. By harnessing hydraulic pressure, the [&hellip;]<\/p>","protected":false},"featured_media":17877,"comment_status":"open","ping_status":"closed","template":"","meta":{"_et_pb_use_builder":"","_et_pb_old_content":"","_et_gb_content_width":""},"product_brand":[],"product_cat":[1546],"product_tag":[1547,1496],"class_list":{"0":"post-19206","1":"product","2":"type-product","3":"status-publish","4":"has-post-thumbnail","6":"product_cat-boom-cylinders","7":"product_tag-boom-cylinders","8":"product_tag-hydraulic-cylinders","10":"first","11":"instock","12":"shipping-taxable","13":"product-type-simple"},"amp_enabled":true,"_links":{"self":[{"href":"https:\/\/www.hydraulic-cylinders.net\/lv\/wp-json\/wp\/v2\/product\/19206","targetHints":{"allow":["GET"]}}],"collection":[{"href":"https:\/\/www.hydraulic-cylinders.net\/lv\/wp-json\/wp\/v2\/product"}],"about":[{"href":"https:\/\/www.hydraulic-cylinders.net\/lv\/wp-json\/wp\/v2\/types\/product"}],"replies":[{"embeddable":true,"href":"https:\/\/www.hydraulic-cylinders.net\/lv\/wp-json\/wp\/v2\/comments?post=19206"}],"wp:featuredmedia":[{"embeddable":true,"href":"https:\/\/www.hydraulic-cylinders.net\/lv\/wp-json\/wp\/v2\/media\/17877"}],"wp:attachment":[{"href":"https:\/\/www.hydraulic-cylinders.net\/lv\/wp-json\/wp\/v2\/media?parent=19206"}],"wp:term":[{"taxonomy":"product_brand","embeddable":true,"href":"https:\/\/www.hydraulic-cylinders.net\/lv\/wp-json\/wp\/v2\/product_brand?post=19206"},{"taxonomy":"product_cat","embeddable":true,"href":"https:\/\/www.hydraulic-cylinders.net\/lv\/wp-json\/wp\/v2\/product_cat?post=19206"},{"taxonomy":"product_tag","embeddable":true,"href":"https:\/\/www.hydraulic-cylinders.net\/lv\/wp-json\/wp\/v2\/product_tag?post=19206"}],"curies":[{"name":"wp","href":"https:\/\/api.w.org\/{rel}","templated":true}]}}