{"id":19209,"date":"2025-04-07T06:18:16","date_gmt":"2025-04-07T06:18:16","guid":{"rendered":"https:\/\/www.hydraulic-cylinders.net\/product\/boom-cylinder-for-xcmg-wheel-excavator-xe210w\/"},"modified":"2025-04-07T06:18:18","modified_gmt":"2025-04-07T06:18:18","slug":"boom-cylinder-for-xcmg-wheel-excavator-xe210w","status":"publish","type":"product","link":"https:\/\/www.hydraulic-cylinders.net\/lv\/products\/boom-cylinder-for-xcmg-wheel-excavator-xe210w\/","title":{"rendered":"XCMG rite\u0146u ekskavatora XE210w str\u0113les cilindrs"},"content":{"rendered":"<h1>XCMG rite\u0146u ekskavatora XE210w str\u0113les cilindrs<\/h1>\n<h2>Produkta p\u0101rskats<\/h2>\n<p>XCMG rite\u0146u ekskavatora XE210w str\u0113les cilindrs ir kritiski svar\u012bga sast\u0101vda\u013ca, kas paredz\u0113ta, lai kontrol\u0113tu str\u0113les kust\u012bbu ekskavatoros. \u0160\u0101da veida hidrauliskajam cilindram ir b\u016btiska loma, lai smag\u0101 tehnika var\u0113tu efekt\u012bvi veikt da\u017e\u0101dus uzdevumus. Konkr\u0113ti, str\u0113les cilindrs \u013cauj pacelt, nolaist un noliekt str\u0113li, atvieglojot materi\u0101lu apstr\u0101des uzdevumus, piem\u0113ram, rak\u0161anu, cel\u0161anu un materi\u0101lu transport\u0113\u0161anu.<\/p>\n<p><img decoding=\"async\" src=\"https:\/\/www.hydraulic-cylinders.net\/wp-content\/uploads\/2025\/04\/songte-company-1.webp\" alt=\"Str\u0113les cilindra att\u0113ls\"><\/p>\n<h3>Str\u0113les cilindru defin\u012bcija un p\u0101rskats<\/h3>\n<p>Str\u0113les cilindri ir hidrauliskie cilindri, kas \u012bpa\u0161i paredz\u0113ti str\u0113les kust\u012bbas vad\u012bbai smagaj\u0101 apr\u012bkojum\u0101, tostarp ekskavatoros, univers\u0101lajos iekr\u0101v\u0113jos un front\u0101lajos iekr\u0101v\u0113jos. \u0160ie cilindri ir svar\u012bgi, lai str\u0113le var\u0113tu kust\u0113ties da\u017e\u0101dos virzienos, \u013caujot operatoriem veikt t\u0101dus uzdevumus k\u0101 zemes rak\u0161ana, gru\u017eu iekrau\u0161ana un smagu kravu cel\u0161ana. Hidraulisk\u0101s sist\u0113mas sp\u0113ja rad\u012bt spiedienu noz\u012bm\u0113 efekt\u012bvu darb\u012bbas jaudu, padarot \u0161os cilindrus par m\u016bsdienu rak\u0161anas un celtniec\u012bbas tehnikas st\u016brakmeni.<\/p>\n<h2>Str\u0113les cilindra \u012bpa\u0161\u012bbas<\/h2>\n<ul>\n<li><strong>Augsta iztur\u012bba un ilgm\u016b\u017e\u012bba:<\/strong> Izgatavots no augstas stipr\u012bbas t\u0113rauda vai alum\u012bnija, paredz\u0113ts augsta spiediena un lielu slodzi iztur\u0113\u0161anai, piem\u0113rots skarbiem darba apst\u0101k\u013ciem. Konstrukcij\u0101 \u0146emta v\u0113r\u0101 ar\u012b nodilumiztur\u012bba un iztur\u012bba pret koroziju, kas pagarina t\u0101 kalpo\u0161anas laiku.<\/li>\n<li><strong>Efekt\u012bva hidraulisk\u0101 darb\u012bba:<\/strong> Izmanto hidraulisk\u0101s e\u013c\u013cas spiedienu vienm\u0113r\u012bgai izvilk\u0161anai un ievilk\u0161anai, \u0101tri rea\u0123\u0113 uz vad\u012bbas komand\u0101m un nodro\u0161ina sp\u0113c\u012bgu stum\u0161anas un vilk\u0161anas sp\u0113ku, kas ir ide\u0101li piem\u0113rots smagu materi\u0101lu apstr\u0101dei un sare\u017e\u0123\u012btu uzdevumu veik\u0161anai.<\/li>\n<li><strong>Da\u017e\u0101di veidi:<\/strong> Pieejams vienas darb\u012bbas (hidraulisk\u0101 darb\u012bba vien\u0101 virzien\u0101) vai divk\u0101r\u0161as darb\u012bbas (hidraulisk\u0101 darb\u012bba abos virzienos) konfigur\u0101cij\u0101s, kas atbilst da\u017e\u0101d\u0101m ekspluat\u0101cijas vajadz\u012bb\u0101m. Da\u017ei mode\u013ci ir teleskopiski, kas \u013cauj pan\u0101kt liel\u0101ku pagarin\u0101jumu, nepalielinot \u0101r\u0113jos izm\u0113rus, kas ir ide\u0101li piem\u0113rots ierobe\u017eotas vietas lietojumiem.<\/li>\n<li><strong>Piel\u0101gota ra\u017eo\u0161ana:<\/strong> M\u016bsu uz\u0146\u0113mums specializ\u0113jas \u0161o cilindru ra\u017eo\u0161an\u0101, kas var lieliski aizst\u0101t eso\u0161os hidrauliskos cilindrus.<\/li>\n<li><strong>Integr\u0101cija ar da\u017e\u0101d\u0101m iek\u0101rt\u0101m:<\/strong> Izstr\u0101d\u0101ts, lai neman\u0101mi ieder\u0113tos da\u017e\u0101dos ekskavatoru mode\u013cos, nodro\u0161inot sader\u012bbu un efektivit\u0101ti darb\u012bb\u0101s.<\/li>\n<\/ul>\n<p><img decoding=\"async\" src=\"https:\/\/www.hydraulic-cylinders.net\/wp-content\/uploads\/2025\/04\/songte-cylinder-head-with-all-kinds-excavator-models.webp\" alt=\"Cilindru sader\u012bbas att\u0113ls\"><\/p>\n<h2>Str\u0113les cilindru pielietojums<\/h2>\n<h3>Celtniec\u012bbas apr\u012bkojums<\/h3>\n<p>B\u016bvniec\u012bbas jom\u0101 str\u0113les cilindri tiek izmantoti ekskavatoros, kur tie ir \u013coti svar\u012bgi zemes vai gru\u017eu rak\u0161anai, iekrau\u0161anai un p\u0101rvieto\u0161anai. To sp\u0113ja pagriezties un izstiepties atvieglo ne tikai zemes materi\u0101lu izrak\u0161anu, bet ar\u012b pal\u012bdz to iekrau\u0161an\u0101 kravas automa\u0161\u012bn\u0101s vai tam paredz\u0113t\u0101s viet\u0101s. Ekskavatoros-iekr\u0101v\u0113jos str\u0113les cilindrs pal\u012bdz gan rak\u0161anas, gan cel\u0161anas oper\u0101cij\u0101s, padarot to neaizst\u0101jamu da\u017e\u0101dos b\u016bvniec\u012bbas darbos.<\/p>\n<h3>Lauksaimniec\u012bbas tehnika<\/h3>\n<p>Lauksaimniec\u012bbas tehnik\u0101 front\u0101lajos iekr\u0101v\u0113jos tiek izmantoti str\u0113les cilindri, lai paceltu, sav\u0101ktu un transport\u0113tu augsni, sienu un citus materi\u0101lus. \u0160ie cilindri uzlabo da\u017e\u0101du lauksaimniec\u012bbas darb\u012bbu efektivit\u0101ti, \u013caujot \u0101tri un efekt\u012bvi apstr\u0101d\u0101t lauksaimniec\u012bbas produktus. To konstrukcija nodro\u0161ina, ka tie var tikt gal\u0101 ar smagu kravu cel\u0161anas un transport\u0113\u0161anas slodzi, vienlaikus saglab\u0101jot darb\u012bbas stabilit\u0101ti.<\/p>\n<h3>Ekskavatori<\/h3>\n<p>Ekskavatoros str\u0113les cilindri ir vit\u0101li svar\u012bgi, lai kauss var\u0113tu iek\u013c\u016bt zem\u0113, nodro\u0161inot efekt\u012bvu rak\u0161anas darb\u012bbu. \u0160o cilindru rad\u012btais hidrauliskais sp\u0113ks \u013cauj operatoram viegli tikt gal\u0101 ar sare\u017e\u0123\u012btiem augsnes apst\u0101k\u013ciem un veikt prec\u012bzas kust\u012bbas, kas ir b\u016btiski rak\u0161anas darbos.<\/p>\n<h3>Iekr\u0101v\u0113ji<\/h3>\n<p>Front\u0101lo iekr\u0101v\u0113ju str\u0113les cilindri pal\u012bdz efekt\u012bvi pacelt un izkraut kravas. To sp\u0113ja nodro\u0161in\u0101t jaud\u012bgu cel\u0161anas jaudu nodro\u0161ina, ka materi\u0101lus var \u0101tri un efekt\u012bvi apstr\u0101d\u0101t, uzlabojot kop\u0113jo produktivit\u0101ti b\u016bvlaukumos.<\/p>\n<h2>Dizaina apsv\u0113rumi un atlases krit\u0113riji<\/h2>\n<h3>Kravnes\u012bba<\/h3>\n<p>Izv\u0113loties str\u0113les cilindru, viens no galvenajiem apsv\u0113rumiem ir t\u0101 kravnes\u012bba. \u0160is parametrs nosaka svaru, ko cilindrs var pacelt un iztur\u0113t, neapdraudot t\u0101 integrit\u0101ti. Kravnes\u012bbas noteik\u0161an\u0101 b\u016btiska loma ir konstrukcij\u0101 izmantotajam materi\u0101lam, cilindra diametram un t\u0101 konstrukcijai. Ir svar\u012bgi saska\u0146ot cilindra kravnes\u012bbu ar to ma\u0161\u012bnu ekspluat\u0101cijas pras\u012bb\u0101m, kur\u0101m tas tiks uzst\u0101d\u012bts.<\/p>\n<h3>Bl\u012bv\u0113\u0161anas meh\u0101nisms<\/h3>\n<p>Efekt\u012bvs bl\u012bv\u0113jums ir \u013coti svar\u012bgs hidrauliskajos cilindros, lai nov\u0113rstu nopl\u016bdes un uztur\u0113tu spiedienu. Bl\u012bv\u0113juma komponentiem j\u0101b\u016bt izgatavotiem no iztur\u012bgiem materi\u0101liem, piem\u0113ram, poliuret\u0101na vai nitrila gumijas, kas nodro\u0161ina iztur\u012bbu pret nodilumu. Augstas kvalit\u0101tes bl\u012bv\u0113jumi nodro\u0161ina hidraulisk\u0101s sist\u0113mas ilgm\u016b\u017e\u012bbu, vienlaikus optimiz\u0113jot veiktsp\u0113ju. Slikti bl\u012bv\u0113jumi var izrais\u012bt hidraulisk\u0101 \u0161\u0137idruma zudumu, k\u0101 rezult\u0101t\u0101 samazin\u0101s veiktsp\u0113ja un var tikt boj\u0101ta tehnika.<\/p>\n<h3>Iztur\u012bba<\/h3>\n<p>Iztur\u012bba ir b\u016btisks konstrukcijas apsv\u0113rums. Str\u0113les cilindram ir j\u0101iztur \u0101rk\u0101rt\u0113jas slodzes un vides apst\u0101k\u013ci. T\u0101p\u0113c tas j\u0101izgatavo no materi\u0101liem, kas nodro\u0161ina augstu iztur\u012bbu pret koroziju un nodilumu. Apstr\u0101de, piem\u0113ram, virsmas saciet\u0113\u0161ana, var uzlabot iztur\u012bbu, nodro\u0161inot ilg\u0101ku kalpo\u0161anas laiku pat skarbos darba apst\u0101k\u013cos.<\/p>\n<h3>Dro\u0161\u012bba un apkope<\/h3>\n<p>Str\u0113les cilindra konstrukcij\u0101 j\u0101iek\u013cauj dro\u0161\u012bbas funkcijas. Tas ietver sp\u0113ju p\u0101rvald\u012bt p\u0113k\u0161\u0146as spiediena izmai\u0146as un nov\u0113rst potenci\u0101lus boj\u0101jumus bez katastrof\u0101l\u0101m sek\u0101m. Turkl\u0101t j\u0101\u0146em v\u0113r\u0101 apkopes vienk\u0101r\u0161\u012bba, lai nodro\u0161in\u0101tu, ka operatori var veikt regul\u0101ras p\u0101rbaudes un remontu bez p\u0101rm\u0113r\u012bga d\u012bkst\u0101ves laika. Tas var\u0113tu ietvert cilindra konstrukciju t\u0101, lai b\u016btu viegli piek\u013c\u016bt bl\u012bv\u0113m un cit\u0101m iek\u0161\u0113j\u0101m sast\u0101vda\u013c\u0101m.<\/p>\n<p><img decoding=\"async\" src=\"https:\/\/www.hydraulic-cylinders.net\/wp-content\/uploads\/2025\/04\/songte-oil-pipes-and-spare-parts.webp\" alt=\"E\u013c\u013cas caurules un rezerves da\u013cu att\u0113ls\"><\/p>\n<h2>Bl\u012bv\u0113\u0161ana un e\u013c\u013co\u0161ana<\/h2>\n<p>Pareiza bl\u012bv\u0113\u0161ana un e\u013c\u013co\u0161ana ir kritiski svar\u012bga str\u0113les cilindru optim\u0101lai darb\u012bbai. Lai uztur\u0113tu hidraulisk\u0101 \u0161\u0137idruma integrit\u0101ti, j\u0101izmanto da\u017e\u0101di bl\u012bv\u0113\u0161anas komponenti, tostarp virzu\u013ca bl\u012bves un stie\u0146a bl\u012bves. Bl\u012bv\u0113jumi, kas izgatavoti no iztur\u012bgiem materi\u0101liem, piem\u0113ram, poliuret\u0101na un nitrila gumijas, nodro\u0161ina lielisku nodilumiztur\u012bbu un var iztur\u0113t augstu spiedienu. Cilindra korpuss un v\u012bt\u0146otie gali ir r\u016bp\u012bgi j\u0101apstr\u0101d\u0101, lai uzlabotu to nodilumiztur\u012bbu. Regul\u0101ra e\u013c\u013co\u0161ana ar hidraulisko e\u013c\u013cu ir b\u016btiska, lai nodro\u0161in\u0101tu vienm\u0113r\u012bgu darb\u012bbu un nov\u0113rstu nodilumu. J\u0101izveido pareizs e\u013c\u013co\u0161anas grafiks, lai uztur\u0113tu hidraulisk\u0101s e\u013c\u013cas l\u012bmeni un nodro\u0161in\u0101tu efekt\u012bvu veiktsp\u0113ju.<\/p>\n<h2>Regul\u0101ras p\u0101rbaudes un profilaktisk\u0101s apkopes pas\u0101kumi<\/h2>\n<ul>\n<li><strong>Regul\u0101ras p\u0101rbaudes:<\/strong> Veiciet regul\u0101ras p\u0101rbaudes, lai noteiktu jebk\u0101das potenci\u0101las nopl\u016bdes vai nodilumu bl\u012bv\u0113juma komponentos. \u0160\u012b proakt\u012bv\u0101 pieeja pal\u012bdz laikus atkl\u0101t probl\u0113mas un nov\u0113rst liel\u0101kas probl\u0113mas v\u0113l\u0101k.<\/li>\n<li><strong>E\u013c\u013co\u0161ana:<\/strong> Nodro\u0161iniet, lai hidraulisk\u0101 e\u013c\u013ca tiktu regul\u0101ri papildin\u0101ta un lai tiktu izmantots tikai ieteicamais e\u013c\u013cas veids, lai izvair\u012btos no sader\u012bbas probl\u0113m\u0101m, kas var\u0113tu ietekm\u0113t veiktsp\u0113ju.<\/li>\n<li><strong>Bl\u012bv\u0113juma nomai\u0146a:<\/strong> P\u0101rbaudiet bl\u012bves, vai nav nodiluma vai boj\u0101jumu paz\u012bmju, un nomainiet t\u0101s, ja nepiecie\u0161ams, lai uztur\u0113tu pareizu bl\u012bv\u0113jumu un nov\u0113rstu \u0161\u0137idruma zudumu.<\/li>\n<\/ul>\n<h2>Uzst\u0101d\u012b\u0161anas vadl\u012bnijas<\/h2>\n<p>Pareiza str\u0113les cilindra uzst\u0101d\u012b\u0161ana ir \u013coti svar\u012bga efekt\u012bvas darb\u012bbas nodro\u0161in\u0101\u0161anai. Vispirms p\u0101rliecinieties, vai visi stiprin\u0101juma punkti ir t\u012bri un bez gru\u017eiem. Prec\u012bzi izl\u012bdziniet cilindru ar stiprin\u0101juma kron\u0161teiniem, lai darb\u012bbas laik\u0101 izvair\u012btos no p\u0101rm\u0113r\u012bgas slodzes uz cilindru. Izmantojiet atbilsto\u0161us stiprin\u0101juma elementus, lai nostiprin\u0101tu cilindru viet\u0101, nodro\u0161inot, ka tas ir cie\u0161i piestiprin\u0101ts, tom\u0113r \u013caujot veikt nepiecie\u0161amo kust\u012bbu. Ieteicams iepaz\u012bties ar ra\u017eot\u0101ja uzst\u0101d\u012b\u0161anas rokasgr\u0101matu, lai ieg\u016btu konkr\u0113tus nor\u0101d\u012bjumus un griezes momenta specifik\u0101cijas. Pareizu uzst\u0101d\u012b\u0161anas protokolu iev\u0113ro\u0161ana iev\u0113rojami uzlabos str\u0113les cilindra veiktsp\u0113ju un ilgm\u016b\u017e\u012bbu.<\/p>\n<h2>Bie\u017ei sastopamie apkopes uzdevumi<\/h2>\n<ul>\n<li><strong>Regul\u0101ras p\u0101rbaudes:<\/strong> Regul\u0101ru p\u0101rbau\u017eu veik\u0161ana pal\u012bdz laikus noteikt nodilumu vai potenci\u0101las nopl\u016bdes. Operatoriem j\u0101p\u0101rbauda, \u200b\u200bvai nav hidraulisk\u0101 \u0161\u0137idruma nopl\u016bdes paz\u012bmju ap bl\u012bv\u0113m un savienojumiem, k\u0101 ar\u012b j\u0101iev\u0113ro visas neparast\u0101s ska\u0146as darb\u012bbas laik\u0101.<\/li>\n<li><strong>Piem\u0113rota e\u013c\u013co\u0161ana:<\/strong> Lai nodro\u0161in\u0101tu netrauc\u0113tu darb\u012bbu, ir svar\u012bgi nodro\u0161in\u0101t, lai hidrauliskais cilindrs b\u016btu pien\u0101c\u012bgi iee\u013c\u013cots. Operatoriem j\u0101iepaz\u012bstas ar ieteicamo e\u013c\u013co\u0161anas grafiku un izmantojam\u0101 hidraulisk\u0101 \u0161\u0137idruma veidu, iev\u0113rojot ra\u017eot\u0101ja vadl\u012bnijas.<\/li>\n<li><strong>Bl\u012bv\u0113juma nomai\u0146as un kalibr\u0113\u0161anas p\u0101rbaudes:<\/strong> Regul\u0101ras bl\u012bv\u0113jumu p\u0101rbaudes un kalibr\u0113\u0161ana ir \u013coti svar\u012bgas. Ja bl\u012bv\u0113jumi ir nodiluma vai boj\u0101jumu paz\u012bmes, tie nekav\u0113joties j\u0101nomaina, lai nov\u0113rstu nopl\u016bdes. Turkl\u0101t j\u0101veic kalibr\u0113\u0161anas p\u0101rbaudes, lai p\u0101rliecin\u0101tos, ka cilindrs darbojas atbilsto\u0161i paredz\u0113taj\u0101m specifik\u0101cij\u0101m. Pareiza kalibr\u0113\u0161ana uzlabos ma\u0161\u012bnas kust\u012bbu precizit\u0101ti.<\/li>\n<\/ul>\n<h2>Dro\u0161\u012bbas apsv\u0113rumi un vides faktori<\/h2>\n<p>Dro\u0161\u012bbas pas\u0101kumi, r\u012bkojoties ar str\u0113les cilindriem un tos darbinot, ir \u0101rk\u0101rt\u012bgi svar\u012bgi. Operatoriem j\u0101b\u016bt apm\u0101c\u012btiem par hidraulisko sist\u0113mu iesp\u0113jamiem apdraud\u0113jumiem, tostarp augstspiediena \u0161\u0137idruma iesmidzin\u0101\u0161anas risku, kas var izrais\u012bt nopietnus savainojumus. P\u0101rbaudot vai veicot hidraulisko iek\u0101rtu apkopi, vienm\u0113r j\u0101valk\u0101 atbilsto\u0161i individu\u0101lie aizsardz\u012bbas l\u012bdzek\u013ci (IAL). Turkl\u0101t operatoriem j\u0101apzin\u0101s vides faktori, nodro\u0161inot, ka jebkura hidraulisk\u0101 \u0161\u0137idruma nopl\u016bde tiek nekav\u0113joties not\u012br\u012bta, lai izvair\u012btos no apk\u0101rt\u0113j\u0101s vides pies\u0101r\u0146o\u0161anas.<\/p>\n<h2>K\u013c\u016bmju diagnostika un bie\u017ei sastopam\u0101s probl\u0113mas<\/h2>\n<ul>\n<li><strong>\u0160\u0137idruma nopl\u016bdes:<\/strong> Viena no visbie\u017e\u0101k sastopamaj\u0101m probl\u0113m\u0101m, ar kur\u0101m saskaras hidrauliskie cilindri, ir \u0161\u0137idruma nopl\u016bde. Tas var notikt nolietotu bl\u012bv\u0113jumu vai boj\u0101tu savienojumu d\u0113\u013c. Regul\u0101ras p\u0101rbaudes var pal\u012bdz\u0113t savlaic\u012bgi atkl\u0101t nopl\u016bdes.<\/li>\n<li><strong>Slikta veiktsp\u0113ja:<\/strong> Ja str\u0113les cilindrs nerea\u0123\u0113, k\u0101 paredz\u0113ts, tas var liecin\u0101t par zemu hidraulisk\u0101 \u0161\u0137idruma l\u012bmeni vai gaisu sist\u0113m\u0101. Operatoriem j\u0101p\u0101rbauda \u0161\u0137idruma l\u012bmenis un, ja nepiecie\u0161ams, j\u0101atgaiso sist\u0113ma.<\/li>\n<li><strong>P\u0101rm\u0113r\u012bgs troksnis:<\/strong> Jebk\u0101das neparastas ska\u0146as darb\u012bbas laik\u0101 var liecin\u0101t par meh\u0101nisk\u0101m probl\u0113m\u0101m vai e\u013c\u013co\u0161anas tr\u016bkumu. Operatoriem nekav\u0113joties j\u0101izmekl\u0113 visas neparastas ska\u0146as, lai nov\u0113rstu apr\u012bkojuma boj\u0101jumus.<\/li>\n<\/ul>\n<h2>Probl\u0113mu nov\u0113r\u0161anas padomi un risin\u0101jumi<\/h2>\n<p>Lai efekt\u012bvi diagnostic\u0113tu un nov\u0113rstu probl\u0113mas ar str\u0113les cilindru, operatoriem j\u0101iev\u0113ro sistem\u0101tiska pieeja. S\u0101ciet ar hidraulisk\u0101 \u0161\u0137idruma l\u012bme\u0146a p\u0101rbaudi, p\u0101rliecinoties, ka tas ir ieteicamaj\u0101 diapazon\u0101. Ja tiek atkl\u0101tas nopl\u016bdes, nosakiet to avotu un nomainiet nolietot\u0101s bl\u012bves vai savienojumus. Veiktsp\u0113jas probl\u0113mu gad\u012bjum\u0101 p\u0101rbaudiet, vai hidrauliskaj\u0101 sist\u0113m\u0101 nav gaisa, un nepiecie\u0161am\u012bbas gad\u012bjum\u0101 atgaisojiet to. Prevent\u012bvu apkopes pas\u0101kumu, piem\u0113ram, regul\u0101ru p\u0101rbau\u017eu un e\u013c\u013co\u0161anas, ievie\u0161ana var iev\u0113rojami samazin\u0101t potenci\u0101lo probl\u0113mu ra\u0161an\u0101s risku.<\/p>\n<p><img decoding=\"async\" src=\"https:\/\/www.hydraulic-cylinders.net\/wp-content\/uploads\/2025\/04\/songte-bushings-with-all-kinds-of-excavator-models.webp\" alt=\"Ekskavatoru bukses att\u0113ls\"><\/p>\n<h2>Par m\u016bsu uz\u0146\u0113mumu<\/h2>\n<p>M\u0113s esam ra\u017eot\u0101js, kas specializ\u0113jas alternat\u012bvos hidrauliskajos cilindros, pied\u0101v\u0101jot pla\u0161u produktu kl\u0101stu, kas m\u016bs ir pozicion\u0113jis k\u0101 vienu no vado\u0161ajiem ra\u017eot\u0101jiem un vairumtirgot\u0101jiem gan viet\u0113j\u0101, gan starptautiskaj\u0101 tirg\u016b. M\u0113s iev\u0113rojam izcil\u012bbas kvalit\u0101tes principus, izmantojot izsmalcin\u0101tas ra\u017eo\u0161anas strat\u0113\u0123ijas un progres\u012bvas ra\u017eo\u0161anas vad\u012bbas prakses. M\u016bsu ieguld\u012bjumi tehniskajos talantos, augstas klases digit\u0101laj\u0101s ra\u017eo\u0161anas iek\u0101rt\u0101s un profesion\u0101l\u0101s test\u0113\u0161anas sist\u0113m\u0101s nep\u0101rtraukti uzlabo m\u016bsu ra\u017eo\u0161anas platformu, nodro\u0161inot stabilu ra\u017eo\u0161anas kvalit\u0101tes ce\u013cu. M\u0113s esam ap\u0146\u0113mu\u0161ies apmierin\u0101t da\u017e\u0101das klientu vajadz\u012bbas ar augstu efektivit\u0101ti, precizit\u0101ti un kvalit\u0101ti.<\/p>\n<p><img decoding=\"async\" src=\"https:\/\/www.hydraulic-cylinders.net\/wp-content\/uploads\/2025\/04\/songte-company-4.webp\" alt=\"Uz\u0146\u0113muma att\u0113ls 1\"><br \/>\n<img decoding=\"async\" src=\"https:\/\/www.hydraulic-cylinders.net\/wp-content\/uploads\/2025\/04\/songte-company-3.webp\" alt=\"Uz\u0146\u0113muma att\u0113ls 2\"><\/p>\n<p>M\u016bsu pieredze aptver da\u017e\u0101dus aspektus, piem\u0113ram, profesion\u0101lus pakalpojumus, starptautiskus sertifik\u0101tus, piel\u0101gotus risin\u0101jumus, modernas ra\u017eo\u0161anas iek\u0101rtas un visaptvero\u0161u p\u0113cp\u0101rdo\u0161anas atbalstu, nodro\u0161inot, ka m\u016bsu klienti sa\u0146em ne tikai augst\u0101k\u0101s kvalit\u0101tes produktus, bet ar\u012b izcilu apkalpo\u0161anu visas vi\u0146u pieredzes laik\u0101.<\/p>\n<p>Autors: lil<\/p>","protected":false},"excerpt":{"rendered":"<p>Boom Cylinder For XCMG Wheel Excavator XE210w Product Overview The Boom Cylinder for XCMG Wheel Excavator XE210w is a critical component designed to control the movement of the boom on excavators. This type of hydraulic cylinder plays an essential role in enabling heavy machinery to perform various tasks efficiently. Specifically, the boom cylinder allows for [&hellip;]<\/p>","protected":false},"featured_media":17880,"comment_status":"open","ping_status":"closed","template":"","meta":{"_et_pb_use_builder":"","_et_pb_old_content":"","_et_gb_content_width":""},"product_brand":[],"product_cat":[1546],"product_tag":[1547,1496],"class_list":{"0":"post-19209","1":"product","2":"type-product","3":"status-publish","4":"has-post-thumbnail","6":"product_cat-boom-cylinders","7":"product_tag-boom-cylinders","8":"product_tag-hydraulic-cylinders","10":"first","11":"instock","12":"shipping-taxable","13":"product-type-simple"},"amp_enabled":true,"_links":{"self":[{"href":"https:\/\/www.hydraulic-cylinders.net\/lv\/wp-json\/wp\/v2\/product\/19209","targetHints":{"allow":["GET"]}}],"collection":[{"href":"https:\/\/www.hydraulic-cylinders.net\/lv\/wp-json\/wp\/v2\/product"}],"about":[{"href":"https:\/\/www.hydraulic-cylinders.net\/lv\/wp-json\/wp\/v2\/types\/product"}],"replies":[{"embeddable":true,"href":"https:\/\/www.hydraulic-cylinders.net\/lv\/wp-json\/wp\/v2\/comments?post=19209"}],"wp:featuredmedia":[{"embeddable":true,"href":"https:\/\/www.hydraulic-cylinders.net\/lv\/wp-json\/wp\/v2\/media\/17880"}],"wp:attachment":[{"href":"https:\/\/www.hydraulic-cylinders.net\/lv\/wp-json\/wp\/v2\/media?parent=19209"}],"wp:term":[{"taxonomy":"product_brand","embeddable":true,"href":"https:\/\/www.hydraulic-cylinders.net\/lv\/wp-json\/wp\/v2\/product_brand?post=19209"},{"taxonomy":"product_cat","embeddable":true,"href":"https:\/\/www.hydraulic-cylinders.net\/lv\/wp-json\/wp\/v2\/product_cat?post=19209"},{"taxonomy":"product_tag","embeddable":true,"href":"https:\/\/www.hydraulic-cylinders.net\/lv\/wp-json\/wp\/v2\/product_tag?post=19209"}],"curies":[{"name":"wp","href":"https:\/\/api.w.org\/{rel}","templated":true}]}}