{"id":19210,"date":"2025-04-07T06:18:18","date_gmt":"2025-04-07T06:18:18","guid":{"rendered":"https:\/\/www.hydraulic-cylinders.net\/product\/boom-cylinder-for-xcmg-wheel-excavator-et110\/"},"modified":"2025-04-07T06:18:21","modified_gmt":"2025-04-07T06:18:21","slug":"boom-cylinder-for-xcmg-wheel-excavator-et110","status":"publish","type":"product","link":"https:\/\/www.hydraulic-cylinders.net\/lv\/products\/boom-cylinder-for-xcmg-wheel-excavator-et110\/","title":{"rendered":"XCMG rite\u0146u ekskavatora ET110 str\u0113les cilindrs"},"content":{"rendered":"<h1>XCMG rite\u0146u ekskavatora ET110 str\u0113les cilindrs<\/h1>\n<h2>Str\u0113les cilindra izpratne<\/h2>\n<p>Str\u0113les cilindrs ir b\u016btiska smago ma\u0161\u012bnu hidraulisko sist\u0113mu sast\u0101vda\u013ca, \u012bpa\u0161i ekskavatoros, univers\u0101lajos iekr\u0101v\u0113jos un front\u0101lajos iekr\u0101v\u0113jos. Tas ir hidraulisk\u0101 cilindra veids, kas \u012bpa\u0161i paredz\u0113ts str\u0113les vai kausa kust\u012bbas vad\u012bbai, \u013caujot tam pacelt, nolaist un noliekt. \u0160\u012b funkcionalit\u0101te ir b\u016btiska materi\u0101lu apstr\u0101des uzdevumos, jo t\u0101 \u013cauj operatoriem veikt da\u017e\u0101das darb\u012bbas ar precizit\u0101ti un efektivit\u0101ti.<\/p>\n<p>Str\u0113les cilindrs darbojas, pamatojoties uz hidraulikas principiem, kur hidraulisk\u0101s e\u013c\u013cas spiediens nodro\u0161ina vienm\u0113r\u012bgas kust\u012bbas. Ekskavatoros, piem\u0113ram, XCMG rite\u0146u ekskavator\u0101 ET110, \u0161ie cilindri nodro\u0161ina nepiecie\u0161amo celtsp\u0113ju un \u0101trumu, lai atvieglotu materi\u0101lu rak\u0161anu, iekrau\u0161anu un transport\u0113\u0161anu. To konstrukcija nodro\u0161ina iztur\u012bbu un uzticam\u012bbu, padarot tos ide\u0101li piem\u0113rotus sare\u017e\u0123\u012btiem b\u016bvniec\u012bbas uzdevumiem.<\/p>\n<p><img decoding=\"async\" src=\"https:\/\/www.hydraulic-cylinders.net\/wp-content\/uploads\/2025\/04\/songte-company-1.webp\" alt=\"Ekskavatoru str\u0113les cilindrs\" \/><\/p>\n<h2>Str\u0113les cilindra galven\u0101s iez\u012bmes<\/h2>\n<ul>\n<li>\n<h3>Augsta iztur\u012bba un ilgm\u016b\u017e\u012bba<\/h3>\n<p>Izgatavots no augstas stipr\u012bbas t\u0113rauda vai alum\u012bnija, str\u0113les cilindrs ir konstru\u0113ts t\u0101, lai iztur\u0113tu augstu spiedienu un lielas slodzes, padarot to piem\u0113rotu skarbajiem darba apst\u0101k\u013ciem.<\/p>\n<\/li>\n<li>\n<h3>Efekt\u012bva hidraulisk\u0101 darb\u012bba<\/h3>\n<p>Cilindrs izmanto hidraulisk\u0101s e\u013c\u013cas spiedienu, lai nodro\u0161in\u0101tu vienm\u0113r\u012bgu izstiep\u0161anu un ievilk\u0161anu, \u013caujot \u0101tri rea\u0123\u0113t uz operatora komand\u0101m un nodro\u0161inot sp\u0113c\u012bgus stum\u0161anas un vilk\u0161anas sp\u0113kus smagu priek\u0161metu apstr\u0101dei.<\/p>\n<\/li>\n<li>\n<h3>Da\u017e\u0101di veidi<\/h3>\n<p>Pieejams vienas darb\u012bbas (hidrauliska lieto\u0161ana vien\u0101 virzien\u0101) vai divk\u0101r\u0161as darb\u012bbas (hidrauliska lieto\u0161ana abos virzienos) konfigur\u0101cij\u0101s, str\u0113les cilindrs var apmierin\u0101t da\u017e\u0101das ekspluat\u0101cijas vajadz\u012bbas. Da\u017ei mode\u013ci ir teleskopiski, kas \u013cauj veikt liel\u0101ku pagarin\u0101jumu, nepalielinot \u0101r\u0113jos izm\u0113rus, kas ir ide\u0101li piem\u0113rots \u0161aur\u0101m telp\u0101m.<\/p>\n<\/li>\n<li>\n<h3>Modul\u0101rs dizains<\/h3>\n<p>M\u016bsu str\u0113les cilindru modul\u0101rais raksturs nodro\u0161ina vienk\u0101r\u0161u nomai\u0146u un apkopi, v\u0113l vair\u0101k uzlabojot to lietojam\u012bbu da\u017e\u0101dos tehnikas mode\u013cos.<\/p>\n<\/li>\n<li>\n<h3>Prec\u012bzijas in\u017eenierija<\/h3>\n<p>\u0160ie cilindri, kas ir izstr\u0101d\u0101ti, piev\u0113r\u0161ot \u012bpa\u0161u uzman\u012bbu deta\u013c\u0101m, nodro\u0161ina sader\u012bbu un optim\u0101lu veiktsp\u0113ju ar da\u017e\u0101diem ekskavatoru z\u012bmoliem un mode\u013ciem.<\/p>\n<\/li>\n<\/ul>\n<p>M\u016bsu produkti var lieliski aizst\u0101t eso\u0161os hidrauliskos cilindrus, nodro\u0161inot nevainojamu darb\u012bbu un uzticam\u012bbu.<\/p>\n<p><img decoding=\"async\" src=\"https:\/\/www.hydraulic-cylinders.net\/wp-content\/uploads\/2025\/04\/songte-cylinder-head-with-all-kinds-excavator-models.webp\" alt=\"Hidraulisk\u0101 cilindra nomai\u0146a\" \/><\/p>\n<h2>Str\u0113les cilindra pielietojumi<\/h2>\n<h3>Celtniec\u012bbas apr\u012bkojums<\/h3>\n<p>Ekskavatoros str\u0113les cilindrs ir \u0161arn\u012brsavienojums rak\u0161anai, iekrau\u0161anai un augsnes vai gru\u017eu p\u0101rvieto\u0161anai. Tas atvieglo str\u0113les artikul\u0113\u0161anu, nodro\u0161inot prec\u012bzu kontroli, rokot tran\u0161ejas vai ce\u013cot smagus materi\u0101lus. Ekskavatoros-iekr\u0101v\u0113jos kausa cilindrs pal\u012bdz gan rak\u0161anas, gan cel\u0161anas oper\u0101cij\u0101s, padarot to neaizst\u0101jamu vietas sagatavo\u0161an\u0101 un materi\u0101lu apstr\u0101d\u0113.<\/p>\n<h3>Lauksaimniec\u012bbas tehnika<\/h3>\n<p>Front\u0101lajiem iekr\u0101v\u0113jiem str\u0113les cilindri ir nepiecie\u0161ami augsnes, siena un citu materi\u0101lu sav\u0101k\u0161anai, cel\u0161anai un transport\u0113\u0161anai. Tie \u013cauj lauksaimniekiem efekt\u012bvi veikt da\u017e\u0101dus uzdevumus, s\u0101kot no lauku att\u012br\u012b\u0161anas l\u012bdz kravas automa\u0161\u012bnu iekrau\u0161anai ar lauksaimniec\u012bbas produktiem.<\/p>\n<h3>Ekskavatori<\/h3>\n<p>Ekskavatoros kausa cilindrs nodro\u0161ina efekt\u012bvas rak\u0161anas darb\u012bbas, \u013caujot kausam efekt\u012bvi iek\u013c\u016bt augsn\u0113. \u0160\u012b sp\u0113ja ir vit\u0101li svar\u012bga b\u016bvniec\u012bb\u0101, ainavu veido\u0161an\u0101 un citos zemes p\u0101rvieto\u0161anas darbos.<\/p>\n<h3>Iekr\u0101v\u0113ji<\/h3>\n<p>Front\u0101lajos iekr\u0101v\u0113jos str\u0113les cilindri pal\u012bdz efekt\u012bvi pacelt un izg\u0101zt materi\u0101lus. Tie palielina produktivit\u0101ti, \u013caujot operatoriem \u012bs\u0101 laik\u0101 apstr\u0101d\u0101t lielus materi\u0101lu apjomus, t\u0101d\u0113j\u0101di uzlabojot kop\u0113jo darb\u012bbas efektivit\u0101ti.<\/p>\n<h2>Dizaina apsv\u0113rumi un atlases krit\u0113riji<\/h2>\n<h3>Kravnes\u012bba<\/h3>\n<p>Izv\u0113loties str\u0113les cilindru, viens no galvenajiem apsv\u0113rumiem ir t\u0101 kravnes\u012bba. Cilindram j\u0101sp\u0113j iztur\u0113t maksim\u0101lo slodzi, kas paredzama ekspluat\u0101cijas laik\u0101, bez boj\u0101juma riska. Tas prasa visaptvero\u0161u izpratni par p\u0101rvietojamo materi\u0101lu svaru un lieto\u0161anas laik\u0101 pieliktajiem sp\u0113kiem.<\/p>\n<h3>Bl\u012bv\u0113juma veiktsp\u0113ja<\/h3>\n<p>Str\u0113les cilindra bl\u012bv\u0113juma veiktsp\u0113ja ir \u013coti svar\u012bga, lai nov\u0113rstu hidraulisk\u0101 \u0161\u0137idruma nopl\u016bdes. Kvalitat\u012bvi bl\u012bv\u0113jumi, piem\u0113ram, virzu\u013ca bl\u012bv\u0113jumi un stie\u0146a bl\u012bv\u0113jumi, nodro\u0161ina hidraulisk\u0101s e\u013c\u013cas notur\u0113\u0161anu, kas ir svar\u012bgi spiediena un darb\u012bbas efektivit\u0101tes uztur\u0113\u0161anai. Izmantojot bl\u012bv\u0113jumus, kas izgatavoti no iztur\u012bgiem materi\u0101liem, piem\u0113ram, poliuret\u0101na vai nitrila gumijas, var iev\u0113rojami uzlabot cilindra kalpo\u0161anas laiku un veiktsp\u0113ju.<\/p>\n<h3>Iztur\u012bba<\/h3>\n<p>Iztur\u012bba ir kritiski svar\u012bgs faktors, jo str\u0113les cilindri bie\u017ei darbojas skarbos apst\u0101k\u013cos. Augstas kvalit\u0101tes materi\u0101li un p\u0101rkl\u0101jumi, kas ir iztur\u012bgi pret koroziju un nodilumu, uzlabo cilindra ilgm\u016b\u017e\u012bbu. Regul\u0101ra apkope un p\u0101rbaudes var ar\u012b pal\u012bdz\u0113t laikus noteikt nodilumu, t\u0101d\u0113j\u0101di nov\u0113r\u0161ot nopietn\u0101kas probl\u0113mas v\u0113l\u0101k.<\/p>\n<h3>Dro\u0161\u012bba<\/h3>\n<p>Str\u0113les cilindru konstrukcij\u0101 j\u0101iek\u013cauj dro\u0161\u012bbas funkcijas. Tas ietver spiediena samazin\u0101\u0161anas sist\u0113mas, lai nov\u0113rstu p\u0101rslodzi, un iztur\u012bgus materi\u0101lus, kas var iztur\u0113t ekstrem\u0101lus apst\u0101k\u013cus. Operatoriem vienm\u0113r j\u0101b\u016bt apm\u0101c\u012btiem dro\u0161\u012bbas proced\u016br\u0101s, lai izvair\u012btos no negad\u012bjumiem vai iek\u0101rtu boj\u0101jumiem.<\/p>\n<h3>Uzturam\u012bba<\/h3>\n<p>Apkopes vienk\u0101r\u0161\u012bba ir b\u016btisks apsv\u0113rums. Projekt\u0113t\u0101jiem j\u0101nodro\u0161ina, lai str\u0113les cilindriem b\u016btu viegli piek\u013c\u016bt p\u0101rbaud\u0113m, remontam vai nomai\u0146ai. Regul\u0101ra apkope, piem\u0113ram, bl\u012bvju nomai\u0146a un hidraulisk\u0101 \u0161\u0137idruma p\u0101rbaudes, var nov\u0113rst d\u0101rgas d\u012bkst\u0101ves un pagarin\u0101t iek\u0101rtas kalpo\u0161anas laiku.<\/p>\n<p><img decoding=\"async\" src=\"https:\/\/www.hydraulic-cylinders.net\/wp-content\/uploads\/2025\/04\/songte-oil-pipes-and-spare-parts.webp\" alt=\"Hidraulisko cilindru deta\u013cas\" \/><\/p>\n<h2>Str\u0113les cilindra bl\u012bv\u0113\u0161ana un e\u013c\u013co\u0161ana<\/h2>\n<p>Efekt\u012bva bl\u012bv\u0113\u0161ana un e\u013c\u013co\u0161ana ir \u013coti svar\u012bga str\u0113les cilindru optim\u0101lai darb\u012bbai. Lai nov\u0113rstu hidraulisk\u0101 \u0161\u0137idruma nopl\u016bdi, tiek izmantoti da\u017e\u0101di bl\u012bv\u0113\u0161anas komponenti, tostarp virzu\u013ca un stie\u0146a bl\u012bv\u0113jumi. Bl\u012bv\u0113jumi bie\u017ei tiek izgatavoti no nodilumiztur\u012bgiem materi\u0101liem, piem\u0113ram, poliuret\u0101na un nitrila gumijas, lai nodro\u0161in\u0101tu iztur\u012bbu.<\/p>\n<p>Cilindra korpuss un v\u012bt\u0146ot\u0101s gala virsmas tiek prec\u012bzi apstr\u0101d\u0101tas, lai uzlabotu nodilumiztur\u012bbu. Regul\u0101ra e\u013c\u013co\u0161ana ar hidraulisko e\u013c\u013cu ir nepiecie\u0161ama, lai samazin\u0101tu kust\u012bgo da\u013cu berzi un nodilumu, \u013caujot cilindram darboties vienm\u0113r\u012bgi un efekt\u012bvi. Operatoriem j\u0101uzrauga e\u013c\u013cas l\u012bmenis un p\u0113c nepiecie\u0161am\u012bbas j\u0101nomaina sm\u0113rvielas, lai uztur\u0113tu veiktsp\u0113ju.<\/p>\n<h2>Regul\u0101ras p\u0101rbaudes un profilaktisk\u0101s apkopes pas\u0101kumi<\/h2>\n<ul>\n<li>\n<h3>Regul\u0101ras p\u0101rbaudes<\/h3>\n<p>Regul\u0101ru p\u0101rbau\u017eu veik\u0161ana ir b\u016btiska, lai laikus identific\u0113tu iesp\u0113jam\u0101s probl\u0113mas. Operatoriem j\u0101mekl\u0113 nodiluma, nopl\u016b\u017eu vai boj\u0101jumu paz\u012bmes, lai nodro\u0161in\u0101tu, ka balons ir optim\u0101l\u0101 st\u0101vokl\u012b.<\/p>\n<\/li>\n<li>\n<h3>Pareiza e\u013c\u013co\u0161ana<\/h3>\n<p>Atbilsto\u0161a e\u013c\u013co\u0161anas l\u012bme\u0146a uztur\u0113\u0161ana ir \u013coti svar\u012bga str\u0113les cilindra ilgm\u016b\u017e\u012bbai. Operatoriem j\u0101iev\u0113ro ra\u017eot\u0101ja vadl\u012bnijas par e\u013c\u013cas veidiem un e\u013c\u013co\u0161anas interv\u0101liem, lai nov\u0113rstu p\u0101rm\u0113r\u012bgu nodilumu.<\/p>\n<\/li>\n<li>\n<h3>Bl\u012bv\u0113juma nomai\u0146a<\/h3>\n<p>Regul\u0101ra bl\u012bv\u0113jumu nomai\u0146a ir nepiecie\u0161ama, lai saglab\u0101tu \u0161\u0137idruma integrit\u0101ti un nov\u0113rstu nopl\u016bdes. Operatoriem j\u0101uzrauga bl\u012bv\u0113jumu st\u0101voklis un j\u0101nomaina tie, par\u0101doties pirmaj\u0101m nodiluma vai boj\u0101juma paz\u012bm\u0113m.<\/p>\n<\/li>\n<\/ul>\n<h2>Str\u0113les cilindra uzst\u0101d\u012b\u0161anas vadl\u012bnijas<\/h2>\n<p>Str\u0113les cilindra uzst\u0101d\u012b\u0161ana prasa r\u016bp\u012bgu uzman\u012bbu deta\u013c\u0101m, lai nodro\u0161in\u0101tu pareizu darb\u012bbu un dro\u0161\u012bbu. Vispirms p\u0101rliecinieties, vai visas sast\u0101vda\u013cas ir t\u012bras un bez gru\u017eiem. Prec\u012bzi izl\u012bdziniet cilindru ar ma\u0161\u012bnas stiprin\u0101juma punktiem un izmantojiet atbilsto\u0161us uzst\u0101d\u012b\u0161anas kron\u0161teinus, lai to stingri nostiprin\u0101tu. Pirms darba ir \u013coti svar\u012bgi p\u0101rbaud\u012bt hidrauliskos savienojumus, vai nav nopl\u016b\u017eu. P\u0113c uzst\u0101d\u012b\u0161anas p\u0101rbaudiet cilindru, veicot virkni kust\u012bbu, lai p\u0101rliecin\u0101tos, ka viss darbojas, k\u0101 paredz\u0113ts.<\/p>\n<h2>Bie\u017ei sastopamie apkopes uzdevumi<\/h2>\n<ul>\n<li>\n<h3>Regul\u0101ras p\u0101rbaudes<\/h3>\n<p>Regul\u0101ru p\u0101rbau\u017eu veik\u0161ana pal\u012bdz identific\u0113t jebk\u0101das potenci\u0101las probl\u0113mas, pirms t\u0101s saasin\u0101s. Lai nodro\u0161in\u0101tu optim\u0101lu veiktsp\u0113ju, mekl\u0113jiet nodiluma paz\u012bmes, nopl\u016bdes un citas anom\u0101lijas.<\/p>\n<\/li>\n<li>\n<h3>Piem\u0113rota e\u013c\u013co\u0161ana<\/h3>\n<p>P\u0101rliecinieties, vai cilindrs ir pareizi iee\u013c\u013cots ar ieteicamo hidraulisko e\u013c\u013cu. Regul\u0101ri j\u0101p\u0101rbauda, \u200b\u200bvai e\u013c\u013cas l\u012bmenis ir pietiekams un vai darb\u012bba ir netrauc\u0113ta.<\/p>\n<\/li>\n<li>\n<h3>Bl\u012bvju nomai\u0146as un kalibr\u0113\u0161anas p\u0101rbaudes<\/h3>\n<p>Bl\u012bves j\u0101nomaina ra\u017eot\u0101ja noteiktajos interv\u0101los. Lai nodro\u0161in\u0101tu, ka cilindrs darbojas paredz\u0113taj\u0101s robe\u017e\u0101s, j\u0101veic kalibr\u0113\u0161anas p\u0101rbaudes.<\/p>\n<\/li>\n<\/ul>\n<h2>Dro\u0161\u012bbas apsv\u0113rumi un vides faktori<\/h2>\n<p>Str\u0101d\u0101jot ar hidrauliskajiem str\u0113les cilindriem, dro\u0161\u012bbas pas\u0101kumi ir \u013coti svar\u012bgi. Operatoriem vienm\u0113r j\u0101iev\u0113ro dro\u0161\u012bbas protokoli, lai samazin\u0101tu negad\u012bjumu risku. Pareiza apm\u0101c\u012bba un izpratne par dro\u0161\u0101m ekspluat\u0101cijas praks\u0113m var nov\u0113rst traumas un apr\u012bkojuma boj\u0101jumus. Turkl\u0101t j\u0101\u0146em v\u0113r\u0101 t\u0101di vides faktori k\u0101 pak\u013cau\u0161ana ekstrem\u0101l\u0101m temperat\u016br\u0101m, mitrumam un pies\u0101r\u0146ot\u0101jiem, jo \u200b\u200btie var ietekm\u0113t str\u0113les cilindra veiktsp\u0113ju un ilgm\u016b\u017e\u012bbu.<\/p>\n<h2>Bie\u017ei sastopamo probl\u0113mu nov\u0113r\u0161ana<\/h2>\n<ul>\n<li>\n<h3>Nopl\u016bde<\/h3>\n<p>Hidraulisk\u0101 \u0161\u0137idruma nopl\u016bdes ir bie\u017ei sastopama probl\u0113ma ar str\u0113les cilindriem. P\u0101rbaudiet, vai nav nodilu\u0161as bl\u012bves vai boj\u0101tas \u0161\u013c\u016btenes, kas, iesp\u0113jams, ir j\u0101nomaina.<\/p>\n<\/li>\n<li>\n<h3>L\u0113na darb\u012bba<\/h3>\n<p>Ja cilindrs darbojas l\u0113ni, tas var liecin\u0101t par zemu hidraulisk\u0101 \u0161\u0137idruma l\u012bmeni vai sist\u0113m\u0101 iesprostotu gaisu. P\u0101rbaudiet \u0161\u0137idruma l\u012bmeni un nepiecie\u0161am\u012bbas gad\u012bjum\u0101 atgaisojiet sist\u0113mu.<\/p>\n<\/li>\n<li>\n<h3>Neparastas ska\u0146as<\/h3>\n<p>D\u012bvainas ska\u0146as darb\u012bbas laik\u0101 var liecin\u0101t par iek\u0161\u0113jiem boj\u0101jumiem vai nepietiekamu e\u013c\u013co\u0161anu. P\u0101rbaudiet cilindru, vai nav nodiluma paz\u012bmju, un nodro\u0161iniet pareizu e\u013c\u013co\u0161anu.<\/p>\n<\/li>\n<\/ul>\n<h2>Probl\u0113mu nov\u0113r\u0161anas padomi un risin\u0101jumi<\/h2>\n<p>Lai efekt\u012bvi diagnostic\u0113tu un risin\u0101tu probl\u0113mas ar str\u0113les cilindriem, operatoriem ir j\u0101uztur organiz\u0113ts simptomu un nov\u0113rojumu re\u0123istrs. Regul\u0101ra apkope var iev\u0113rojami samazin\u0101t negaid\u012btu k\u013c\u016bmju iesp\u0113jam\u012bbu. Prevent\u012bvu pas\u0101kumu ievie\u0161ana, piem\u0113ram, regul\u0101ras p\u0101rbaudes un e\u013c\u013co\u0161anas grafiku iev\u0113ro\u0161ana, var mazin\u0101t potenci\u0101l\u0101s probl\u0113mas, pirms t\u0101s rodas.<\/p>\n<p><img decoding=\"async\" src=\"https:\/\/www.hydraulic-cylinders.net\/wp-content\/uploads\/2025\/04\/songte-bushings-with-all-kinds-of-excavator-models.webp\" alt=\"Str\u0113les cilindra bukse\" \/><\/p>\n<h2>Par m\u016bsu uz\u0146\u0113mumu<\/h2>\n<p>M\u0113s esam vado\u0161ais hidraulisko cilindru ra\u017eot\u0101js, kas specializ\u0113jas alternat\u012bvu nodro\u0161in\u0101\u0161an\u0101 eso\u0161aj\u0101m hidrauliskaj\u0101m sist\u0113m\u0101m. M\u016bsu pla\u0161ais produktu kl\u0101sts ir padar\u012bjis m\u016bs par vienu no vado\u0161ajiem ra\u017eot\u0101jiem un vairumtirgot\u0101jiem gan viet\u0113j\u0101, gan starptautiskaj\u0101 tirg\u016b. M\u0113s priorit\u0101ri izvirz\u0101m izcil\u012bbu kvalit\u0101t\u0113, pa\u013caujoties uz izsmalcin\u0101tu ra\u017eo\u0161anas vad\u012bbas strat\u0113\u0123iju, lai nodro\u0161in\u0101tu produktu konsekvenci un iztur\u012bbu.<\/p>\n<p>M\u016bsu komand\u0101 str\u0101d\u0101 augsti kvalific\u0113ts tehniskais person\u0101ls, un m\u0113s izmantojam modernu digit\u0101lo ra\u017eo\u0161anas apr\u012bkojumu un specializ\u0113tas test\u0113\u0161anas sist\u0113mas, lai uzlabotu m\u016bsu ra\u017eo\u0161anas iesp\u0113jas. Ar stingru ap\u0146em\u0161anos nodro\u0161in\u0101t efektivit\u0101ti, precizit\u0101ti un kvalit\u0101ti m\u0113s apmierin\u0101m da\u017e\u0101das klientu vajadz\u012bbas, nodro\u0161inot, ka m\u016bsu produkti atbilst augst\u0101kajiem standartiem.<\/p>\n<p><img decoding=\"async\" src=\"https:\/\/www.hydraulic-cylinders.net\/wp-content\/uploads\/2025\/04\/songte-company-4.webp\" alt=\"Uz\u0146\u0113muma p\u0101rskats\" \/><br \/>\n<img decoding=\"async\" src=\"https:\/\/www.hydraulic-cylinders.net\/wp-content\/uploads\/2025\/04\/songte-company-3.webp\" alt=\"Ra\u017eo\u0161anas iek\u0101rta\" \/><\/p>\n<p>Autors: lil<\/p>","protected":false},"excerpt":{"rendered":"<p>Boom Cylinder For XCMG Wheel Excavator ET110 Understanding the Boom Cylinder A boom cylinder is a crucial component in the hydraulic systems of heavy machinery, particularly in excavators, backhoe loaders, and front loaders. It is a type of hydraulic cylinder specifically designed to control the movement of the boom or bucket, enabling it to lift, [&hellip;]<\/p>","protected":false},"featured_media":17881,"comment_status":"open","ping_status":"closed","template":"","meta":{"_et_pb_use_builder":"","_et_pb_old_content":"","_et_gb_content_width":""},"product_brand":[],"product_cat":[1546],"product_tag":[1547,1496],"class_list":{"0":"post-19210","1":"product","2":"type-product","3":"status-publish","4":"has-post-thumbnail","6":"product_cat-boom-cylinders","7":"product_tag-boom-cylinders","8":"product_tag-hydraulic-cylinders","10":"first","11":"instock","12":"shipping-taxable","13":"product-type-simple"},"amp_enabled":true,"_links":{"self":[{"href":"https:\/\/www.hydraulic-cylinders.net\/lv\/wp-json\/wp\/v2\/product\/19210","targetHints":{"allow":["GET"]}}],"collection":[{"href":"https:\/\/www.hydraulic-cylinders.net\/lv\/wp-json\/wp\/v2\/product"}],"about":[{"href":"https:\/\/www.hydraulic-cylinders.net\/lv\/wp-json\/wp\/v2\/types\/product"}],"replies":[{"embeddable":true,"href":"https:\/\/www.hydraulic-cylinders.net\/lv\/wp-json\/wp\/v2\/comments?post=19210"}],"wp:featuredmedia":[{"embeddable":true,"href":"https:\/\/www.hydraulic-cylinders.net\/lv\/wp-json\/wp\/v2\/media\/17881"}],"wp:attachment":[{"href":"https:\/\/www.hydraulic-cylinders.net\/lv\/wp-json\/wp\/v2\/media?parent=19210"}],"wp:term":[{"taxonomy":"product_brand","embeddable":true,"href":"https:\/\/www.hydraulic-cylinders.net\/lv\/wp-json\/wp\/v2\/product_brand?post=19210"},{"taxonomy":"product_cat","embeddable":true,"href":"https:\/\/www.hydraulic-cylinders.net\/lv\/wp-json\/wp\/v2\/product_cat?post=19210"},{"taxonomy":"product_tag","embeddable":true,"href":"https:\/\/www.hydraulic-cylinders.net\/lv\/wp-json\/wp\/v2\/product_tag?post=19210"}],"curies":[{"name":"wp","href":"https:\/\/api.w.org\/{rel}","templated":true}]}}