{"id":19214,"date":"2025-04-07T06:18:29","date_gmt":"2025-04-07T06:18:29","guid":{"rendered":"https:\/\/www.hydraulic-cylinders.net\/product\/boom-cylinder-for-zoomlion-small-excavator-ze150e\/"},"modified":"2025-04-07T06:18:32","modified_gmt":"2025-04-07T06:18:32","slug":"boom-cylinder-for-zoomlion-small-excavator-ze150e","status":"publish","type":"product","link":"https:\/\/www.hydraulic-cylinders.net\/lv\/products\/boom-cylinder-for-zoomlion-small-excavator-ze150e\/","title":{"rendered":"Zoomlion maz\u0101 ekskavatora ZE150E str\u0113les cilindrs"},"content":{"rendered":"<h1>Zoomlion maz\u0101 ekskavatora ZE150E str\u0113les cilindrs<\/h1>\n<h2>Produkta p\u0101rskats<\/h2>\n<p>Zoomlion maz\u0101 ekskavatora ZE150E str\u0113les cilindrs ir kritiski svar\u012bga hidrauliska sast\u0101vda\u013ca, kas paredz\u0113ta str\u0113les kust\u012bbas vad\u012bbai da\u017e\u0101d\u0101s smagaj\u0101s ma\u0161\u012bn\u0101s, \u012bpa\u0161i ekskavatoros. \u0160im hidrauliskajam cilindram ir b\u016btiska loma str\u0113les pacel\u0161an\u0101, nolai\u0161an\u0101 un noliek\u0161an\u0101, t\u0101d\u0113j\u0101di atvieglojot efekt\u012bvus materi\u0101lu apstr\u0101des uzdevumus b\u016bvlaukumos un cit\u0101s r\u016bpniecisk\u0101s lietojumprogramm\u0101s.<\/p>\n<p><img decoding=\"async\" src=\"https:\/\/www.hydraulic-cylinders.net\/wp-content\/uploads\/2025\/04\/songte-company-1.webp\" alt=\"Str\u0113les cilindrs\"><\/p>\n<h3>Defin\u012bcija un funkcija<\/h3>\n<p>Kausa cilindrs ir \u012bpa\u0161a veida hidrauliskais cilindrs, kas paredz\u0113ts, lai p\u0101rvald\u012btu kausu kust\u012bbu smagaj\u0101s ma\u0161\u012bn\u0101s, piem\u0113ram, ekskavatoros, ekskavatoros-iekr\u0101v\u0113jos un front\u0101lajos iekr\u0101v\u0113jos. Tas \u013cauj kausam veikt t\u0101das svar\u012bgas funkcijas k\u0101 cel\u0161ana, nolai\u0161ana un noliek\u0161ana, kas ir \u013coti svar\u012bgas efekt\u012bvai materi\u0101lu transport\u0113\u0161anai. Sp\u0113ja prec\u012bzi kontrol\u0113t \u0161\u012bs kust\u012bbas uzlabo kop\u0113jo darb\u012bbas efektivit\u0101ti.<\/p>\n<h2>Galven\u0101s iez\u012bmes<\/h2>\n<ul>\n<li><strong>Augsta iztur\u012bba un ilgm\u016b\u017e\u012bba:<\/strong> \u0160ie cilindri, kas parasti ir izgatavoti no augstas stipr\u012bbas t\u0113rauda vai alum\u012bnija, var iztur\u0113t augstu spiedienu un lielas slodzes, vienlaikus b\u016bdami piem\u0113roti skarbiem darba apst\u0101k\u013ciem. Tie ir izstr\u0101d\u0101ti, \u0146emot v\u0113r\u0101 nodilumiztur\u012bbu un korozijas iztur\u012bbu, iev\u0113rojami pagarinot to kalpo\u0161anas laiku.<\/li>\n<li><strong>Efekt\u012bva hidraulisk\u0101 darb\u012bba:<\/strong> Izmantojot hidraulisk\u0101s e\u013c\u013cas spiedienu, str\u0113les cilindrs nodro\u0161ina vienm\u0113r\u012bgas teleskopisk\u0101s darb\u012bbas, \u013caujot \u0101tri rea\u0123\u0113t uz vad\u012bbas komand\u0101m un nodro\u0161inot iev\u0113rojamu stum\u0161anas un vilk\u0161anas sp\u0113ku smagu un sare\u017e\u0123\u012btu uzdevumu veik\u0161anai.<\/li>\n<li><strong>Da\u017e\u0101di veidi:<\/strong> \u0160ie cilindri ir pieejami da\u017e\u0101d\u0101s konfigur\u0101cij\u0101s, tostarp vienk\u0101r\u0161\u0101s darb\u012bbas (hidrauliska darb\u012bba vien\u0101 virzien\u0101) un divk\u0101r\u0161\u0101s darb\u012bbas (hidrauliska darb\u012bba abos virzienos) opcijas, lai apmierin\u0101tu da\u017e\u0101das ekspluat\u0101cijas vajadz\u012bbas. Da\u017ei mode\u013ci ir teleskopiski, kas \u013cauj tos pla\u0161\u0101k izstiept, nepalielinot \u0101r\u0113jos izm\u0113rus, kas ir ide\u0101li piem\u0113rots lietojumiem ar ierobe\u017eotu vietu.<\/li>\n<\/ul>\n<p>M\u0113s varam ra\u017eot \u0161o produktu, nodro\u0161inot perfektu da\u017e\u0101du hidraulisko cilindru aizvieto\u0161anu.<\/p>\n<p><img decoding=\"async\" src=\"https:\/\/www.hydraulic-cylinders.net\/wp-content\/uploads\/2025\/04\/songte-cylinder-head-with-all-kinds-excavator-models.webp\" alt=\"Ekskavatoru mode\u013ci\"><\/p>\n<h2>Lietojumprogrammu scen\u0101riji<\/h2>\n<h3>Celtniec\u012bbas apr\u012bkojums<\/h3>\n<p>Ekskavatoros str\u0113les cilindri ir nepiecie\u0161ami augsnes vai gru\u017eu rak\u0161anai, iekrau\u0161anai un p\u0101rvieto\u0161anai. Tie atvieglo rak\u0161anas procesu, \u013caujot kausam efekt\u012bvi iek\u013c\u016bt zem\u0113, padarot tos neaizst\u0101jamus b\u016bvniec\u012bbas un nojauk\u0161anas darbos.<\/p>\n<h3>Lauksaimniec\u012bbas tehnika<\/h3>\n<p>Front\u0101lajos iekr\u0101v\u0113jos str\u0113les cilindri ir \u013coti svar\u012bgi augsnes, siena un citu materi\u0101lu sav\u0101k\u0161anai, cel\u0161anai un transport\u0113\u0161anai. To iztur\u012bg\u0101 konstrukcija un hidraulisk\u0101 efektivit\u0101te padara tos ide\u0101li piem\u0113rotus lauksaimniec\u012bbas darbiem, uzlabojot produktivit\u0101ti lauksaimniec\u012bbas darb\u012bb\u0101s.<\/p>\n<h3>Rak\u0161anas darbi<\/h3>\n<p>Ekskavatoros str\u0113les cilindrs \u013cauj kausam veikt rak\u0161anas darb\u012bbu, iek\u013c\u016bstot augsn\u0113, padarot to par b\u016btisku sast\u0101vda\u013cu rak\u0161anas darbos da\u017e\u0101d\u0101s nozar\u0113s, tostarp b\u016bvniec\u012bb\u0101, ieguves r\u016bpniec\u012bb\u0101 un ainavu veido\u0161an\u0101.<\/p>\n<h3>Iekrau\u0161anas oper\u0101cijas<\/h3>\n<p>Front\u0101lajos iekr\u0101v\u0113jos \u0161ie cilindri pal\u012bdz efekt\u012bvi pacelt un izkraut kravas, padarot tos par b\u016btiskiem materi\u0101lu apstr\u0101dei da\u017e\u0101d\u0101s vid\u0113s, tostarp b\u016bvlaukumos un noliktav\u0101s.<\/p>\n<h2>Projekt\u0113\u0161anas apsv\u0113rumi un atlases standarti<\/h2>\n<h3>Kravnes\u012bba<\/h3>\n<p>Str\u0113les cilindra kravnes\u012bba nosaka t\u0101 sp\u0113ju efekt\u012bvi iztur\u0113t noteiktu svaru. Cilindra izv\u0113le ar atbilsto\u0161u kravnes\u012bbu ir \u013coti svar\u012bga, lai nodro\u0161in\u0101tu dro\u0161\u012bbu un veiktsp\u0113ju ekspluat\u0101cijas laik\u0101. Ra\u017eot\u0101jiem j\u0101\u0146em v\u0113r\u0101 paredz\u0113tais lietojums un slodzes pras\u012bbas, lai nov\u0113rstu k\u013c\u016bmes vai negad\u012bjumus.<\/p>\n<h3>Bl\u012bv\u0113juma veiktsp\u0113ja<\/h3>\n<p>Efekt\u012bva bl\u012bv\u0113\u0161ana ir \u013coti svar\u012bga hidraulisk\u0101 spiediena uztur\u0113\u0161anai un nopl\u016b\u017eu nov\u0113r\u0161anai. Augstas kvalit\u0101tes bl\u012bves, kas izgatavotas no iztur\u012bgiem materi\u0101liem, var iev\u0113rojami uzlabot cilindra kalpo\u0161anas laiku. Ir svar\u012bgi izv\u0113l\u0113ties bl\u012bves, kas paredz\u0113tas cilindra konkr\u0113tajiem darba apst\u0101k\u013ciem, nodro\u0161inot optim\u0101lu veiktsp\u0113ju.<\/p>\n<h3>Iztur\u012bba<\/h3>\n<p>Iztur\u012bba ir galvenais faktors str\u0113les cilindru konstrukcij\u0101, jo tiem j\u0101iztur skarbi vides apst\u0101k\u013ci un intens\u012bva lieto\u0161ana. T\u0101di faktori k\u0101 materi\u0101lu izv\u0113le, virsmas apstr\u0101de un konstrukcijas elementi veicina kop\u0113jo iztur\u012bbu, laika gait\u0101 samazinot boj\u0101jumu risku un apkopes nepiecie\u0161am\u012bbu.<\/p>\n<h3>Dro\u0161\u012bbas funkcijas<\/h3>\n<p>Dro\u0161\u012bba hidrauliskaj\u0101s sist\u0113m\u0101s ir \u0101rk\u0101rt\u012bgi svar\u012bga. Dro\u0161\u012bbas meh\u0101nismu, piem\u0113ram, spiediena samazin\u0101\u0161anas v\u0101rstu un p\u0101rslodzes aizsardz\u012bbas funkciju, iek\u013cau\u0161ana ir b\u016btiska, lai nov\u0113rstu negad\u012bjumus un nodro\u0161in\u0101tu dro\u0161u darb\u012bbu. Projekt\u0113\u0161anas apsv\u0113rumiem j\u0101pie\u0161\u0137ir priorit\u0101te lietot\u0101ja dro\u0161\u012bbai, neapdraudot veiktsp\u0113ju.<\/p>\n<h3>Uzturam\u012bba<\/h3>\n<p>Vienk\u0101r\u0161a apkope ir \u013coti svar\u012bga hidraulisko cilindru ilgm\u016b\u017e\u012bbai un efektivit\u0101tei. T\u0101das konstrukcijas iez\u012bmes k\u0101 pieejami e\u013c\u013co\u0161anas punkti, viegli nomain\u0101mas bl\u012bves un skaidras apkopes vadl\u012bnijas uzlabo apkopes iesp\u0113jas, nodro\u0161inot, ka regul\u0101ru apkopi var veikt ar minim\u0101lu d\u012bkst\u0101vi.<\/p>\n<p><img decoding=\"async\" src=\"https:\/\/www.hydraulic-cylinders.net\/wp-content\/uploads\/2025\/04\/songte-oil-pipes-and-spare-parts.webp\" alt=\"E\u013c\u013cas caurules un rezerves da\u013cas\"><\/p>\n<h2>Bl\u012bv\u0113\u0161ana un e\u013c\u013co\u0161ana<\/h2>\n<p>Da\u017e\u0101di bl\u012bv\u0113\u0161anas komponenti, piem\u0113ram, virzu\u013ca bl\u012bvsl\u0113gi \u200b\u200bun stie\u0146a bl\u012bvsl\u0113gi, ir b\u016btiski hidraulisk\u0101s integrit\u0101tes uztur\u0113\u0161anai. No poliuret\u0101na un nitrila gumijas izgatavoti bl\u012bv\u0113jumi parasti tiek izmantoti to nodilumiztur\u012bbas d\u0113\u013c. Turkl\u0101t cilindra korpuss un v\u012bt\u0146ot\u0101s gala virsmas ir smalki apstr\u0101d\u0101tas, lai uzlabotu nodilumiztur\u012bbu. Regul\u0101ra apkope ietver atbilsto\u0161as \u200b\u200be\u013c\u013co\u0161anas nodro\u0161in\u0101\u0161anu, periodiski pievienojot hidraulisko e\u013c\u013cu, lai samazin\u0101tu kust\u012bgo da\u013cu berzi un nodilumu.<\/p>\n<h2>Regul\u0101ras p\u0101rbaudes un profilaktisk\u0101s apkopes pas\u0101kumi<\/h2>\n<ul>\n<li><strong>Regul\u0101ras p\u0101rbaudes:<\/strong> Regul\u0101ri veiciet vizu\u0101las p\u0101rbaudes, lai p\u0101rbaud\u012btu, vai nav nopl\u016b\u017eu, korozijas un bl\u012bv\u0113jumu un savienojumu nodiluma. Probl\u0113mu agr\u012bna atkl\u0101\u0161ana var nov\u0113rst nopietn\u0101kas probl\u0113mas v\u0113l\u0101k.<\/li>\n<li><strong>Pareiza e\u013c\u013co\u0161ana:<\/strong> P\u0101rliecinieties, vai visas kust\u012bg\u0101s da\u013cas ir pien\u0101c\u012bgi iee\u013c\u013cotas, lai samazin\u0101tu berzi, kas var izrais\u012bt nodilumu un boj\u0101jumus. Izmantojiet ieteicamo hidraulisko e\u013c\u013cu un iev\u0113rojiet ra\u017eot\u0101ja noteikto e\u013c\u013co\u0161anas grafiku.<\/li>\n<li><strong>Bl\u012bv\u0113juma nomai\u0146a:<\/strong> Uzraugiet bl\u012bv\u0113jumu st\u0101vokli un nomainiet tos p\u0113c nepiecie\u0161am\u012bbas. Nolietoti vai boj\u0101ti bl\u012bv\u0113jumi var izrais\u012bt nopl\u016bdes un samazin\u0101t hidraulisk\u0101s sist\u0113mas efektivit\u0101ti.<\/li>\n<\/ul>\n<h2>Uzst\u0101d\u012b\u0161anas vadl\u012bnijas<\/h2>\n<p>Uzst\u0101dot str\u0113les cilindru, optim\u0101lai veiktsp\u0113jai veiciet t\u0101l\u0101k nor\u0101d\u012bt\u0101s darb\u012bbas.<br \/>\n1. **Sagatavo\u0161ana:** P\u0101rliecinieties, ka darba zona ir t\u012bra un bez gru\u017eiem. Pirms uzst\u0101d\u012b\u0161anas s\u0101k\u0161anas sagatavojiet visus nepiecie\u0161amos instrumentus un komponentus.<br \/>\n2. **Izl\u012bdzin\u0101\u0161ana:** Pareizi izl\u012bdziniet cilindru ar mont\u0101\u017eas kron\u0161teiniem. Nepareiza izl\u012bdzin\u0101\u0161ana var izrais\u012bt priek\u0161laic\u012bgu nodilumu un boj\u0101jumus.<br \/>\n3. **Izmantojiet atbalsta kron\u0161teinus:** Izmantojiet atbilsto\u0161us atbalsta kron\u0161teinus, lai nostiprin\u0101tu cilindru uzst\u0101d\u012b\u0161anas laik\u0101, nov\u0113r\u0161ot kust\u012bbas, kas var\u0113tu saboj\u0101t deta\u013cas.<br \/>\n4. **Pievilk\u0161ana:** Pievelciet visas skr\u016bves un stiprin\u0101jumus atbilsto\u0161i ra\u017eot\u0101ja specifik\u0101cij\u0101m, nodro\u0161inot dro\u0161u pievilk\u0161anu bez p\u0101rslodzes, kas var\u0113tu izrais\u012bt sprieguma l\u016bzumus.<br \/>\n5. **P\u0101rbaude:** P\u0113c uzst\u0101d\u012b\u0161anas p\u0101rbaudiet cilindru, cikliski veicot pilnu kust\u012bbas diapazonu, lai p\u0101rliecin\u0101tos par pareizu darb\u012bbu un p\u0101rbaud\u012btu, vai nav nopl\u016b\u017eu.<\/p>\n<h2>Bie\u017ei sastopamie apkopes uzdevumi<\/h2>\n<ul>\n<li><strong>Regul\u0101ras p\u0101rbaudes:<\/strong> Ir svar\u012bgi veikt regul\u0101ras p\u0101rbaudes, lai noteiktu jebk\u0101das nodiluma vai boj\u0101jumu paz\u012bmes. Tas ietver nopl\u016b\u017eu vai neparastu trok\u0161\u0146u uzraudz\u012bbu darb\u012bbas laik\u0101.<\/li>\n<li><strong>Pareiza e\u013c\u013co\u0161ana:<\/strong> Hidraulisk\u0101s sist\u0113mas efektivit\u0101tes uztur\u0113\u0161anai ir \u013coti svar\u012bga atbilsto\u0161a e\u013c\u013co\u0161ana. Regul\u0101ri p\u0101rbaudiet un nomainiet hidraulisko e\u013c\u013cu p\u0113c nepiecie\u0161am\u012bbas, iev\u0113rojot ra\u017eot\u0101ja nor\u0101d\u012bjumus.<\/li>\n<li><strong>Bl\u012bv\u0113juma nomai\u0146a un kalibr\u0113\u0161ana:<\/strong> Regul\u0101ri p\u0101rbaudiet bl\u012bves, vai nav nodiluma, un nomainiet t\u0101s, ja nepiecie\u0161ams. Kalibr\u0113\u0161anas p\u0101rbaudes nodro\u0161ina, ka hidraulisk\u0101 sist\u0113ma darbojas noteikto parametru robe\u017e\u0101s, uzlabojot dro\u0161\u012bbu un veiktsp\u0113ju.<\/li>\n<\/ul>\n<p>Pareiza uzst\u0101d\u012b\u0161ana, regul\u0101ra e\u013c\u013co\u0161ana un regul\u0113\u0161ana ir \u013coti svar\u012bga str\u0113les cilindra ilgm\u016b\u017e\u012bbai. Uzst\u0101d\u012b\u0161anas laik\u0101 nodro\u0161iniet pareizu izl\u012bdzin\u0101\u0161anu un izmantojiet ieteicamos uzst\u0101d\u012b\u0161anas kron\u0161teinus, lai nostiprin\u0101tu cilindru. Ieteicamo apkopes proced\u016bru iev\u0113ro\u0161ana pal\u012bdz\u0113s uztur\u0113t veiktsp\u0113ju un nov\u0113rs\u012bs d\u0101rgus remontdarbus.<\/p>\n<p><img decoding=\"async\" src=\"https:\/\/www.hydraulic-cylinders.net\/wp-content\/uploads\/2025\/04\/songte-chushion-collar.webp\" alt=\"Spilvenu apkakle\"><\/p>\n<h2>Dro\u0161\u012bbas apsv\u0113rumi un vides faktori<\/h2>\n<p>Izmantojot hidrauliskos cilindrus, ir \u013coti svar\u012bgi ieviest dro\u0161\u012bbas pas\u0101kumus, lai nov\u0113rstu negad\u012bjumus. Tas ietver ekspluat\u0101cijas vadl\u012bniju iev\u0113ro\u0161anu, atbilsto\u0161u individu\u0101lo aizsardz\u012bbas l\u012bdzek\u013cu (IAL) lieto\u0161anu un visu operatoru apm\u0101c\u012bbu dro\u0161\u012bbas protokolos. Regul\u0101ras dro\u0161\u012bbas p\u0101rbaudes var pal\u012bdz\u0113t identific\u0113t iesp\u0113jamos riskus un uzlabot visp\u0101r\u0113jo ekspluat\u0101cijas dro\u0161\u012bbu.<\/p>\n<h2>K\u013c\u016bmju diagnostika un bie\u017e\u0101k sastopam\u0101s probl\u0113mas<\/h2>\n<ul>\n<li><strong>Nopl\u016bde:<\/strong> Parasti to izraisa nodilu\u0161as bl\u012bves vai nepareiza uzst\u0101d\u012b\u0161ana. Regul\u0101ri p\u0101rbaudiet bl\u012bves un nomainiet t\u0101s p\u0113c nepiecie\u0161am\u012bbas.<\/li>\n<li><strong>Samazin\u0101ta veiktsp\u0113ja:<\/strong> Tas var liecin\u0101t par zemu hidraulisk\u0101 \u0161\u0137idruma l\u012bmeni vai gaisu sist\u0113m\u0101. P\u0101rbaudiet \u0161\u0137idruma l\u012bmeni un, ja nepiecie\u0161ams, atgaisojiet sist\u0113mu.<\/li>\n<li><strong>Neparastas ska\u0146as:<\/strong> Trok\u0161\u0146i darb\u012bbas laik\u0101 var liecin\u0101t par meh\u0101nisk\u0101m probl\u0113m\u0101m. Nosakiet trok\u0161\u0146a avotu un nekav\u0113joties nov\u0113rsiet visas nolietot\u0101s vai boj\u0101t\u0101s deta\u013cas.<\/li>\n<\/ul>\n<h2>Probl\u0113mu nov\u0113r\u0161anas padomi<\/h2>\n<p>Lai efekt\u012bvi diagnostic\u0113tu un nov\u0113rstu probl\u0113mas, iev\u0113rojiet \u0161os padomus:<br \/>\n1. **Regul\u0101ra apkope:** Ieviesiet regul\u0101ru apkopes grafiku, lai samazin\u0101tu iesp\u0113jam\u0101s probl\u0113mas un pagarin\u0101tu hidraulisk\u0101 cilindra kalpo\u0161anas laiku.<br \/>\n2. **Veiktsp\u0113jas uzraudz\u012bba:** Sekojiet l\u012bdzi cilindra darb\u012bbas r\u0101d\u012bt\u0101jiem un nekav\u0113joties nov\u0113rsiet visas novirzes no norm\u0101las darb\u012bbas.<br \/>\n3. **Prevent\u012bvie pas\u0101kumi:** Apm\u0101ciet operatorus par pareizu apr\u012bkojuma lieto\u0161anu un kop\u0161anu, lai samazin\u0101tu operatora izrais\u012btu probl\u0113mu iesp\u0113jam\u012bbu.<\/p>\n<p><img decoding=\"async\" src=\"https:\/\/www.hydraulic-cylinders.net\/wp-content\/uploads\/2025\/04\/songte-bushings-with-all-kinds-of-excavator-models.webp\" alt=\"Ekskavatoru mode\u013cu bukses\"><\/p>\n<h2>Par m\u016bsu uz\u0146\u0113mumu<\/h2>\n<p>M\u0113s esam vado\u0161ais hidraulisko cilindru ra\u017eot\u0101js, kas specializ\u0113jas ra\u017eo\u0161an\u0101, pied\u0101v\u0101jot pla\u0161u produktu kl\u0101stu, kas izstr\u0101d\u0101ts, lai apmierin\u0101tu gan viet\u0113j\u0101, gan starptautisk\u0101 tirgus pras\u012bbas. M\u016bsu ap\u0146em\u0161anos nodro\u0161in\u0101t izcilu kvalit\u0101ti atbalsta m\u016bsu pilnveidot\u0101s ra\u017eo\u0161anas vad\u012bbas strat\u0113\u0123ijas, inovat\u012bv\u0101s tehnolo\u0123ijas un stabilas test\u0113\u0161anas sist\u0113mas. M\u0113s past\u0101v\u012bgi uzlabojam savas ra\u017eo\u0161anas iesp\u0113jas, lai nodro\u0161in\u0101tu augstas efektivit\u0101tes, augstas precizit\u0101tes un augstas kvalit\u0101tes produktus, kas apmierina da\u017e\u0101das klientu vajadz\u012bbas.<\/p>\n<p>Turkl\u0101t m\u0113s pied\u0101v\u0101jam profesion\u0101lus pakalpojumus, starptautiskus sertifik\u0101tus un piel\u0101gotus risin\u0101jumus, kas piel\u0101goti konkr\u0113t\u0101m pras\u012bb\u0101m. M\u016bsu modern\u0101kais ra\u017eo\u0161anas apr\u012bkojums un specializ\u0113tais p\u0113cp\u0101rdo\u0161anas atbalsts nodro\u0161ina, ka m\u0113s atbilstam un p\u0101rsniedzam nozares standartus, vienlaikus veidojot ilgtermi\u0146a attiec\u012bbas ar m\u016bsu klientiem.<\/p>\n<p><img decoding=\"async\" src=\"https:\/\/www.hydraulic-cylinders.net\/wp-content\/uploads\/2025\/04\/songte-company-4.webp\" alt=\"Uz\u0146\u0113muma p\u0101rskats\"><br \/>\n<img decoding=\"async\" src=\"https:\/\/www.hydraulic-cylinders.net\/wp-content\/uploads\/2025\/04\/songte-company-3.webp\" alt=\"Ra\u017eo\u0161anas iek\u0101rta\"><\/p>\n<p>Autors: lil<\/p>","protected":false},"excerpt":{"rendered":"<p>Boom Cylinder For Zoomlion Small Excavator ZE150E Product Overview The Boom Cylinder for Zoomlion Small Excavator ZE150E is a critical hydraulic component designed to control the movement of the boom in various heavy machinery, particularly excavators. This hydraulic cylinder plays a vital role in enabling the boom to lift, lower, and tilt, facilitating efficient material [&hellip;]<\/p>","protected":false},"featured_media":17870,"comment_status":"open","ping_status":"closed","template":"","meta":{"_et_pb_use_builder":"","_et_pb_old_content":"","_et_gb_content_width":""},"product_brand":[],"product_cat":[1546],"product_tag":[1547,1496],"class_list":{"0":"post-19214","1":"product","2":"type-product","3":"status-publish","4":"has-post-thumbnail","6":"product_cat-boom-cylinders","7":"product_tag-boom-cylinders","8":"product_tag-hydraulic-cylinders","10":"first","11":"instock","12":"shipping-taxable","13":"product-type-simple"},"amp_enabled":true,"_links":{"self":[{"href":"https:\/\/www.hydraulic-cylinders.net\/lv\/wp-json\/wp\/v2\/product\/19214","targetHints":{"allow":["GET"]}}],"collection":[{"href":"https:\/\/www.hydraulic-cylinders.net\/lv\/wp-json\/wp\/v2\/product"}],"about":[{"href":"https:\/\/www.hydraulic-cylinders.net\/lv\/wp-json\/wp\/v2\/types\/product"}],"replies":[{"embeddable":true,"href":"https:\/\/www.hydraulic-cylinders.net\/lv\/wp-json\/wp\/v2\/comments?post=19214"}],"wp:featuredmedia":[{"embeddable":true,"href":"https:\/\/www.hydraulic-cylinders.net\/lv\/wp-json\/wp\/v2\/media\/17870"}],"wp:attachment":[{"href":"https:\/\/www.hydraulic-cylinders.net\/lv\/wp-json\/wp\/v2\/media?parent=19214"}],"wp:term":[{"taxonomy":"product_brand","embeddable":true,"href":"https:\/\/www.hydraulic-cylinders.net\/lv\/wp-json\/wp\/v2\/product_brand?post=19214"},{"taxonomy":"product_cat","embeddable":true,"href":"https:\/\/www.hydraulic-cylinders.net\/lv\/wp-json\/wp\/v2\/product_cat?post=19214"},{"taxonomy":"product_tag","embeddable":true,"href":"https:\/\/www.hydraulic-cylinders.net\/lv\/wp-json\/wp\/v2\/product_tag?post=19214"}],"curies":[{"name":"wp","href":"https:\/\/api.w.org\/{rel}","templated":true}]}}