{"id":19215,"date":"2025-04-07T06:18:32","date_gmt":"2025-04-07T06:18:32","guid":{"rendered":"https:\/\/www.hydraulic-cylinders.net\/product\/boom-cylinder-for-zoomlion-middle-excavator-ze205e\/"},"modified":"2025-04-07T06:18:34","modified_gmt":"2025-04-07T06:18:34","slug":"boom-cylinder-for-zoomlion-middle-excavator-ze205e","status":"publish","type":"product","link":"https:\/\/www.hydraulic-cylinders.net\/lv\/products\/boom-cylinder-for-zoomlion-middle-excavator-ze205e\/","title":{"rendered":"Zoomlion vid\u0113j\u0101 ekskavatora ZE205E str\u0113les cilindrs"},"content":{"rendered":"<h1>Zoomlion vid\u0113j\u0101 ekskavatora ZE205E str\u0113les cilindrs<\/h1>\n<h2>Produkta p\u0101rskats<\/h2>\n<p>Zoomlion vid\u0113j\u0101 ekskavatora ZE205E str\u0113les cilindrs ir svar\u012bga hidrauliska sast\u0101vda\u013ca, kas paredz\u0113ta ekskavatora str\u0113les kust\u012bbas vad\u012bbai. \u0160im hidrauliskajam cilindram ir noz\u012bm\u012bga loma smago ma\u0161\u012bnu vad\u012b\u0161an\u0101, \u013caujot str\u0113lei pacelt, nolaist un noliekt, t\u0101d\u0113j\u0101di atvieglojot efekt\u012bvus materi\u0101lu apstr\u0101des darbus. Kausa cilindrs ir \u012bpa\u0161i izstr\u0101d\u0101ts lieljaudas lietojumiem, padarot to par b\u016btisku da\u017e\u0101diem b\u016bvniec\u012bbas un zemes p\u0101rvieto\u0161anas darbiem.<\/p>\n<p><img decoding=\"async\" src=\"https:\/\/www.hydraulic-cylinders.net\/wp-content\/uploads\/2025\/04\/songte-company-1.webp\" alt=\"Ekskavatoru str\u0113les cilindrs\"><\/p>\n<h3>Defin\u012bcija un funkcionalit\u0101te<\/h3>\n<p>Kausa cilindrs, kas ir hidraulisk\u0101 cilindra veids, ir b\u016btisks ekskavatoru, univers\u0101lo iekr\u0101v\u0113ju un front\u0101lo iekr\u0101v\u0113ju darb\u012bb\u0101. Tas \u013cauj prec\u012bzi kontrol\u0113t str\u0113les kust\u012bbu, \u013caujot tai veikt t\u0101dus uzdevumus k\u0101 smagu kravu cel\u0161ana vai viegla rak\u0161ana zem\u0113. Hidraulisk\u0101 sist\u0113ma kust\u012bbas rad\u012b\u0161anai izmanto saspiestu e\u013c\u013cu, padarot to efekt\u012bvu un jaud\u012bgu da\u017e\u0101diem uzdevumiem b\u016bvlaukumos.<\/p>\n<h2>Str\u0113les cilindra \u012bpa\u0161\u012bbas<\/h2>\n<ul>\n<li><strong>Augsta iztur\u012bba un ilgm\u016b\u017e\u012bba:<\/strong> Izgatavots no augstas stipr\u012bbas t\u0113rauda vai alum\u012bnija, tas iztur augstu spiedienu un lielas slodzes, nodro\u0161inot ilgm\u016b\u017e\u012bbu pat skarbos darba apst\u0101k\u013cos.<\/li>\n<li><strong>Efekt\u012bva hidraulisk\u0101 darb\u012bba:<\/strong> Izmanto hidraulisk\u0101s e\u013c\u013cas spiedienu vienm\u0113r\u012bgai izvilk\u0161anai un ievilk\u0161anai, nodro\u0161inot sp\u0113c\u012bgu stum\u0161anas un vilk\u0161anas sp\u0113ku, kas piem\u0113rots smagu materi\u0101lu apstr\u0101dei.<\/li>\n<li><strong>Da\u017e\u0101di veidi:<\/strong> Pieejams vienk\u0101r\u0161\u0101s darb\u012bbas (darbojas vien\u0101 virzien\u0101) vai divk\u0101r\u0161\u0101s darb\u012bbas (darbojas abos virzienos) konfigur\u0101cij\u0101s, piel\u0101gojoties da\u017e\u0101d\u0101m ekspluat\u0101cijas vajadz\u012bb\u0101m.<\/li>\n<li><strong>Kompakts dizains:<\/strong> Da\u017eiem mode\u013ciem ir teleskopiska konstrukcija, kas nodro\u0161ina liel\u0101ku sasniedzam\u012bbu, nepalielinot \u0101r\u0113jos izm\u0113rus, kas ir ide\u0101li piem\u0113rots lieto\u0161anai ierobe\u017eot\u0101 telp\u0101.<\/li>\n<li><strong>Korozijas iztur\u012bba:<\/strong> Izstr\u0101d\u0101ts no materi\u0101liem, kas ir iztur\u012bgi pret nodilumu un koroziju, nodro\u0161inot cilindra funkcionalit\u0101ti laika gait\u0101.<\/li>\n<\/ul>\n<h2>Ra\u017eo\u0161anas iesp\u0113jas<\/h2>\n<p>M\u0113s sp\u0113jam ra\u017eot \u0161o produktu, nodro\u0161inot, ka m\u016bsu cilindri var perfekti aizst\u0101t \u0161\u012bs hidraulisk\u0101s sast\u0101vda\u013cas, nodro\u0161inot t\u0101du pa\u0161u veiktsp\u0113ju un uzticam\u012bbu.<\/p>\n<p><img decoding=\"async\" src=\"https:\/\/www.hydraulic-cylinders.net\/wp-content\/uploads\/2025\/04\/songte-cylinder-head-with-all-kinds-excavator-models.webp\" alt=\"Hidraulisko cilindru mode\u013ci\"><\/p>\n<h2>Str\u0113les cilindra pielietojumi<\/h2>\n<h3>Celtniec\u012bbas apr\u012bkojums<\/h3>\n<p>Str\u0113les cilindrs ir atrodams ekskavatoros, un tam ir b\u016btiska loma zemes vai gru\u017eu rak\u0161an\u0101, iekrau\u0161an\u0101 un p\u0101rvieto\u0161an\u0101. Tas nodro\u0161ina efekt\u012bvu rak\u0161anu, padarot to par vienu no b\u016btisk\u0101kaj\u0101m sast\u0101vda\u013c\u0101m b\u016bvniec\u012bbas darbos.<\/p>\n<h3>Lauksaimniec\u012bbas tehnika<\/h3>\n<p>Front\u0101lajos iekr\u0101v\u0113jos str\u0113les cilindrs tiek izmantots augsnes, siena un citu materi\u0101lu sav\u0101k\u0161anai, pacel\u0161anai un transport\u0113\u0161anai, t\u0101d\u0113j\u0101di veicinot efekt\u012bvas lauksaimniec\u012bbas darb\u012bbas.<\/p>\n<h3>Ekskavatori<\/h3>\n<p>T\u0101 k\u0101 str\u0113les cilindrs \u013cauj kausam iek\u013c\u016bt zem\u0113, tas uzlabo ma\u0161\u012bnas rak\u0161anas sp\u0113jas, padarot to neaizst\u0101jamu celtniec\u012bbas un ieguves darbos.<\/p>\n<h3>Iekr\u0101v\u0113ji<\/h3>\n<p>Front\u0101lajos iekr\u0101v\u0113jos str\u0113les cilindrs pal\u012bdz pacelt un izg\u0101zt kravas, t\u0101d\u0113j\u0101di veicinot \u0101tru un efekt\u012bvu materi\u0101lu apstr\u0101di.<\/p>\n<h2>Dizaina apsv\u0113rumi<\/h2>\n<h3>Kravnes\u012bba<\/h3>\n<p>Str\u0113les cilindra kravnes\u012bba ir kritiski svar\u012bga, jo t\u0101 nosaka, cik lielu svaru cilindrs var dro\u0161i pacelt. Tam j\u0101b\u016bt konstru\u0113tam t\u0101, lai tas iztur\u0113tu maksim\u0101lo slodzi, kas paredzama darb\u012bbas laik\u0101, nerisk\u0113jot to saboj\u0101t.<\/p>\n<h3>Bl\u012bv\u0113juma veiktsp\u0113ja<\/h3>\n<p>Efekt\u012bva bl\u012bv\u0113\u0161ana ir b\u016btiska, lai nov\u0113rstu hidraulisk\u0101 \u0161\u0137idruma nopl\u016bdes un uztur\u0113tu spiedienu. Augstas kvalit\u0101tes bl\u012bves, kas izgatavotas no iztur\u012bgiem materi\u0101liem, nodro\u0161ina ilgm\u016b\u017e\u012bbu un uzticam\u012bbu da\u017e\u0101dos apst\u0101k\u013cos.<\/p>\n<h3>Iztur\u012bba<\/h3>\n<p>Iztur\u012bba ir b\u016btisks apsv\u0113rums, \u012bpa\u0161i sare\u017e\u0123\u012btos apst\u0101k\u013cos. B\u016bvniec\u012bb\u0101 izmantotajiem materi\u0101liem j\u0101iztur nodilums, berze un vides faktori, lai laika gait\u0101 saglab\u0101tu veiktsp\u0113ju.<\/p>\n<h3>Dro\u0161\u012bbas funkcijas<\/h3>\n<p>Dro\u0161\u012bba ir \u0101rk\u0101rt\u012bgi svar\u012bga, projekt\u0113jot str\u0113les cilindru. T\u0101das funkcijas k\u0101 spiediena samazin\u0101\u0161anas v\u0101rsti un iztur\u012bga konstrukcija pal\u012bdz nov\u0113rst negad\u012bjumus un nodro\u0161in\u0101t dro\u0161u darb\u012bbu zem slodzes.<\/p>\n<h3>Apkopes pieejam\u012bba<\/h3>\n<p>Svar\u012bgs dizaina aspekts ir viegla apkope. Baloniem j\u0101b\u016bt konstru\u0113tiem t\u0101, lai b\u016btu viegli piek\u013c\u016bt deta\u013c\u0101m, kur\u0101m nepiecie\u0161ama regul\u0101ra p\u0101rbaude un nomai\u0146a, t\u0101d\u0113j\u0101di nodro\u0161inot minim\u0101lu d\u012bkst\u0101ves laiku.<\/p>\n<p><img decoding=\"async\" src=\"https:\/\/www.hydraulic-cylinders.net\/wp-content\/uploads\/2025\/04\/songte-oil-pipes-and-spare-parts.webp\" alt=\"Hidraulisko cilindru deta\u013cas\"><\/p>\n<h2>Bl\u012bv\u0113\u0161ana un e\u013c\u013co\u0161ana<\/h2>\n<p>Da\u017e\u0101du bl\u012bv\u0113\u0161anas komponentu, piem\u0113ram, virzu\u013ca bl\u012bv\u0113jumu un stie\u0146a bl\u012bv\u0113jumu, izmanto\u0161ana ir b\u016btiska str\u0113les cilindra efekt\u012bvai darb\u012bbai. Bl\u012bv\u0113jumi, kas izgatavoti no poliuret\u0101na un nitrila gumijas, parasti tiek izmantoti to nodilumiztur\u012bgo \u012bpa\u0161\u012bbu d\u0113\u013c. Cilindra korpuss un v\u012bt\u0146otie gali tiek r\u016bp\u012bgi apstr\u0101d\u0101ti, lai uzlabotu nodilumiztur\u012bbu, nodro\u0161inot cilindra efekt\u012bvu darb\u012bbu. Regul\u0101ra e\u013c\u013co\u0161ana ar hidraulisko e\u013c\u013cu ir b\u016btiska, lai saglab\u0101tu funkcionalit\u0101ti un nov\u0113rstu kust\u012bgo da\u013cu nodilumu.<\/p>\n<h2>Prevent\u012bvie apkopes pas\u0101kumi<\/h2>\n<ul>\n<li><strong>Regul\u0101ras p\u0101rbaudes:<\/strong> Regul\u0101ras nopl\u016b\u017eu un nodiluma p\u0101rbaudes var nov\u0113rst nopietnus boj\u0101jumus un pagarin\u0101t cilindra kalpo\u0161anas laiku.<\/li>\n<li><strong>Piem\u0113rota e\u013c\u013co\u0161ana:<\/strong> Vienm\u0113r\u012bga e\u013c\u013co\u0161anas nodro\u0161in\u0101\u0161ana nodro\u0161ina hidraulisk\u0101s sist\u0113mas nevainojamu darb\u012bbu.<\/li>\n<li><strong>Bl\u012bv\u0113juma nomai\u0146a:<\/strong> Regul\u0101ra nodilu\u0161o bl\u012bv\u0113jumu nomai\u0146a ir \u013coti svar\u012bga spiediena uztur\u0113\u0161anai un nopl\u016b\u017eu nov\u0113r\u0161anai.<\/li>\n<\/ul>\n<h2>Uzst\u0101d\u012b\u0161anas vadl\u012bnijas<\/h2>\n<p>Pareiza uzst\u0101d\u012b\u0161ana ir b\u016btiska str\u0113les cilindra efekt\u012bvai darb\u012bbai. Vispirms p\u0101rliecinieties, vai cilindrs ir pareizi izl\u012bdzin\u0101ts ar stiprin\u0101juma punktiem. Izmantojiet atbilsto\u0161us stiprin\u0101juma kron\u0161teinus, lai nostiprin\u0101tu cilindru, nodro\u0161inot, ka tas ir stingri novietots. P\u0113c uzst\u0101d\u012b\u0161anas p\u0101rbaudiet, vai nav \u0161\u0137\u0113r\u0161\u013cu, kas var\u0113tu trauc\u0113t kust\u012bbu. Ir ar\u012b svar\u012bgi iev\u0113rot ra\u017eot\u0101ja nor\u0101d\u012bjumus par griezes momenta specifik\u0101cij\u0101m un hidrauliskajiem savienojumiem, lai nov\u0113rstu nopl\u016bdes un boj\u0101jumus.<\/p>\n<h2>Bie\u017ei sastopamie apkopes uzdevumi<\/h2>\n<h3>Regul\u0101ras p\u0101rbaudes<\/h3>\n<p>Regul\u0101ras p\u0101rbaudes ir \u013coti svar\u012bgas, lai laikus identific\u0113tu nodilumu vai boj\u0101jumus. Regul\u0101ri p\u0101rbaudiet, vai cilindram nav nopl\u016b\u017eu, plaisu vai korozijas paz\u012bmju, lai nodro\u0161in\u0101tu, ka tas darbojas bez probl\u0113m\u0101m.<\/p>\n<h3>Pareiza e\u013c\u013co\u0161ana<\/h3>\n<p>Pareizas e\u013c\u013co\u0161anas uztur\u0113\u0161ana ir kritiski svar\u012bga str\u0113les cilindra ilgm\u016b\u017e\u012bbai. Regul\u0101ri p\u0101rbaudiet hidraulisk\u0101s e\u013c\u013cas l\u012bmeni un p\u0101rliecinieties, ka e\u013c\u013ca tiek uzkl\u0101ta uz vis\u0101m kust\u012bgaj\u0101m da\u013c\u0101m, lai nov\u0113rstu berzi un nodilumu.<\/p>\n<h3>Bl\u012bvju nomai\u0146as un kalibr\u0113\u0161anas p\u0101rbaudes<\/h3>\n<p>Lai saglab\u0101tu bl\u012bv\u0113juma integrit\u0101ti, ir nepiecie\u0161ama periodiska bl\u012bv\u0113juma nomai\u0146a. Turkl\u0101t regul\u0101ras kalibr\u0113\u0161anas p\u0101rbaudes nodro\u0161ina, ka cilindrs darbojas atbilsto\u0161i noteiktajiem parametriem, uzlabojot veiktsp\u0113ju un dro\u0161\u012bbu.<\/p>\n<p><img decoding=\"async\" src=\"https:\/\/www.hydraulic-cylinders.net\/wp-content\/uploads\/2025\/04\/songte-chushion-collar.webp\" alt=\"Cilindru spilvenu apkakles\"><\/p>\n<h2>Dro\u0161\u012bbas apsv\u0113rumi un vides faktori<\/h2>\n<p>Izmantojot hidrauliskos cilindrus, ir \u013coti svar\u012bgi iev\u0113rot dro\u0161\u012bbas pas\u0101kumus. Operatoriem j\u0101b\u016bt apm\u0101c\u012btiem dro\u0161as ekspluat\u0101cijas proced\u016br\u0101s, lai samazin\u0101tu negad\u012bjumu risku. Turkl\u0101t, nodro\u0161inot, ka izmantotie hidrauliskie \u0161\u0137idrumi ir videi draudz\u012bgi, tiek samazin\u0101ta ma\u0161\u012bnu darb\u012bbas ietekme uz vidi.<\/p>\n<h2>Probl\u0113mu nov\u0113r\u0161ana un bie\u017ei sastopamas probl\u0113mas<\/h2>\n<ul>\n<li><strong>Nopl\u016bde:<\/strong> Parasti to izraisa nodilu\u0161as bl\u012bves, kuras var nov\u0113rst, nomainot boj\u0101t\u0101s bl\u012bves.<\/li>\n<li><strong>L\u0113na darb\u012bba:<\/strong> Tas var liecin\u0101t par zemu hidraulisk\u0101 \u0161\u0137idruma l\u012bmeni vai gaisu sist\u0113m\u0101, ko var nov\u0113rst, p\u0101rbaudot \u0161\u0137idruma l\u012bmeni un atgaisojot sist\u0113mu.<\/li>\n<li><strong>Neparastas ska\u0146as:<\/strong> Sl\u012bpo\u0161a vai klabo\u0161a ska\u0146a var liecin\u0101t par meh\u0101nisku boj\u0101jumu vai e\u013c\u013co\u0161anas tr\u016bkumu, kas prasa t\u016bl\u012bt\u0113ju p\u0101rbaudi un iesp\u0113jamu remontu.<\/li>\n<\/ul>\n<h2>Probl\u0113mu nov\u0113r\u0161anas padomi<\/h2>\n<p>Lai efekt\u012bvi nov\u0113rstu probl\u0113mas, s\u0101ciet ar probl\u0113mas simptomu identific\u0113\u0161anu. P\u0101rliecinieties, vai visi savienojumi ir dro\u0161i, un p\u0101rbaudiet hidraulisk\u0101 \u0161\u0137idruma l\u012bmeni. Ja probl\u0113mas joproj\u0101m past\u0101v, skatiet ra\u017eot\u0101ja vadl\u012bnijas, lai ieg\u016btu konkr\u0113tus probl\u0113mu nov\u0113r\u0161anas nor\u0101d\u012bjumus, un apsveriet prevent\u012bvus pas\u0101kumus, kas var samazin\u0101t probl\u0113mu iesp\u0113jam\u012bbu n\u0101kotn\u0113.<\/p>\n<p><img decoding=\"async\" src=\"https:\/\/www.hydraulic-cylinders.net\/wp-content\/uploads\/2025\/04\/songte-bushings-with-all-kinds-of-excavator-models.webp\" alt=\"Ekskavatora bukses\"><\/p>\n<h2>Uz\u0146\u0113muma p\u0101rskats<\/h2>\n<p>M\u0113s esam vado\u0161ais rezerves hidraulisko cilindru ra\u017eot\u0101js, kas pied\u0101v\u0101 pla\u0161u produktu kl\u0101stu. M\u016bsu ap\u0146em\u0161an\u0101s sasniegt izcil\u012bbu ir nost\u0101d\u012bjusi m\u016bs starp vado\u0161ajiem hidraulisko cilindru ra\u017eot\u0101jiem un vairumtirgot\u0101jiem gan viet\u0113j\u0101, gan starptautiskaj\u0101 tirg\u016b. M\u0113s iev\u0113rojam kvalit\u0101ti pirmaj\u0101 viet\u0101, izmantojot progres\u012bvas ra\u017eo\u0161anas vad\u012bbas strat\u0113\u0123ijas un modernu apr\u012bkojumu. M\u016bsu prasm\u012bgais darbasp\u0113ks un sp\u0113c\u012bg\u0101s tehnolo\u0123isk\u0101s iesp\u0113jas nodro\u0161ina, ka m\u0113s apmierin\u0101m m\u016bsu klientu da\u017e\u0101d\u0101s vajadz\u012bbas, vienlaikus saglab\u0101jot augstus efektivit\u0101tes un precizit\u0101tes standartus.<\/p>\n<p><img decoding=\"async\" src=\"https:\/\/www.hydraulic-cylinders.net\/wp-content\/uploads\/2025\/04\/songte-company-4.webp\" alt=\"Uz\u0146\u0113muma p\u0101rskats\"><br \/>\n<img decoding=\"async\" src=\"https:\/\/www.hydraulic-cylinders.net\/wp-content\/uploads\/2025\/04\/songte-company-3.webp\" alt=\"Ra\u017eo\u0161anas iek\u0101rta\"><\/p>\n<p>M\u016bsu uz\u0146\u0113mums izce\u013cas ar profesion\u0101l\u0101m sertifik\u0101cij\u0101m, piel\u0101gotiem pakalpojumiem un visaptvero\u0161u p\u0113cp\u0101rdo\u0161anas atbalstu, nodro\u0161inot klientu apmierin\u0101t\u012bbu katr\u0101 produkta dz\u012bves cikla posm\u0101.<\/p>\n<p>Autors: lil<\/p>","protected":false},"excerpt":{"rendered":"<p>Boom Cylinder For Zoomlion Middle Excavator ZE205E Product Overview The Boom Cylinder for Zoomlion Middle Excavator ZE205E is a crucial hydraulic component designed to control the movement of the boom on excavators. This hydraulic cylinder plays a significant role in operating heavy machinery, allowing the boom to lift, lower, and tilt, thereby facilitating efficient material [&hellip;]<\/p>","protected":false},"featured_media":17871,"comment_status":"open","ping_status":"closed","template":"","meta":{"_et_pb_use_builder":"","_et_pb_old_content":"","_et_gb_content_width":""},"product_brand":[],"product_cat":[1546],"product_tag":[1547,1496],"class_list":{"0":"post-19215","1":"product","2":"type-product","3":"status-publish","4":"has-post-thumbnail","6":"product_cat-boom-cylinders","7":"product_tag-boom-cylinders","8":"product_tag-hydraulic-cylinders","10":"first","11":"instock","12":"shipping-taxable","13":"product-type-simple"},"amp_enabled":true,"_links":{"self":[{"href":"https:\/\/www.hydraulic-cylinders.net\/lv\/wp-json\/wp\/v2\/product\/19215","targetHints":{"allow":["GET"]}}],"collection":[{"href":"https:\/\/www.hydraulic-cylinders.net\/lv\/wp-json\/wp\/v2\/product"}],"about":[{"href":"https:\/\/www.hydraulic-cylinders.net\/lv\/wp-json\/wp\/v2\/types\/product"}],"replies":[{"embeddable":true,"href":"https:\/\/www.hydraulic-cylinders.net\/lv\/wp-json\/wp\/v2\/comments?post=19215"}],"wp:featuredmedia":[{"embeddable":true,"href":"https:\/\/www.hydraulic-cylinders.net\/lv\/wp-json\/wp\/v2\/media\/17871"}],"wp:attachment":[{"href":"https:\/\/www.hydraulic-cylinders.net\/lv\/wp-json\/wp\/v2\/media?parent=19215"}],"wp:term":[{"taxonomy":"product_brand","embeddable":true,"href":"https:\/\/www.hydraulic-cylinders.net\/lv\/wp-json\/wp\/v2\/product_brand?post=19215"},{"taxonomy":"product_cat","embeddable":true,"href":"https:\/\/www.hydraulic-cylinders.net\/lv\/wp-json\/wp\/v2\/product_cat?post=19215"},{"taxonomy":"product_tag","embeddable":true,"href":"https:\/\/www.hydraulic-cylinders.net\/lv\/wp-json\/wp\/v2\/product_tag?post=19215"}],"curies":[{"name":"wp","href":"https:\/\/api.w.org\/{rel}","templated":true}]}}