{"id":19216,"date":"2025-04-07T06:18:34","date_gmt":"2025-04-07T06:18:34","guid":{"rendered":"https:\/\/www.hydraulic-cylinders.net\/product\/boom-cylinder-for-zoomlion-middle-excavator-ze210e\/"},"modified":"2025-04-07T06:18:36","modified_gmt":"2025-04-07T06:18:36","slug":"boom-cylinder-for-zoomlion-middle-excavator-ze210e","status":"publish","type":"product","link":"https:\/\/www.hydraulic-cylinders.net\/lv\/products\/boom-cylinder-for-zoomlion-middle-excavator-ze210e\/","title":{"rendered":"Zoomlion vid\u0113j\u0101 ekskavatora ZE210E str\u0113les cilindrs"},"content":{"rendered":"<h1>Zoomlion vid\u0113j\u0101 ekskavatora ZE210E str\u0113les cilindrs<\/h1>\n<h2>Ievads str\u0113les cilindros<\/h2>\n<p>Str\u0113les cilindrs ir svar\u012bga hidrauliska sast\u0101vda\u013ca, kas \u012bpa\u0161i paredz\u0113ta smagaj\u0101m ma\u0161\u012bn\u0101m, piem\u0113ram, ekskavatoriem, iekr\u0101v\u0113jiem un front\u0101lajiem iekr\u0101v\u0113jiem. Tas kontrol\u0113 kausa kust\u012bbu, \u013caujot tam pacelt, nolaist un sasv\u0113rt, kas ir svar\u012bgi da\u017e\u0101diem materi\u0101lu apstr\u0101des uzdevumiem. Str\u0113les cilindra funkcija sniedzas t\u0101l\u0101k par vienk\u0101r\u0161u cel\u0161anu; tam ir noz\u012bm\u012bga loma ma\u0161\u012bnas darb\u012bbas efektivit\u0101tes un produktivit\u0101tes uzlabo\u0161an\u0101. Integr\u0113jot str\u0113les cilindrus hidrauliskaj\u0101 sist\u0113m\u0101, tie izmanto hidraulisko \u0161\u0137idrumu sp\u0113ka \u0123ener\u0113\u0161anai, padarot tos vit\u0101li svar\u012bgus uzdevumiem, kuriem nepiecie\u0161ama iev\u0113rojama jauda un precizit\u0101te. \u0160ie cilindri ir konstru\u0113ti t\u0101, lai iztur\u0113tu augstu spiedienu un da\u017e\u0101dus darba apst\u0101k\u013cus, nodro\u0161inot ilgm\u016b\u017e\u012bbu un uzticam\u012bbu.<\/p>\n<p><img decoding=\"async\" src=\"https:\/\/www.hydraulic-cylinders.net\/wp-content\/uploads\/2025\/04\/songte-company-1.webp\" alt=\"Str\u0113les cilindra att\u0113ls\" \/><\/p>\n<h2>Str\u0113les cilindra galven\u0101s iez\u012bmes<\/h2>\n<ul>\n<li><strong>Augsta iztur\u012bba un ilgm\u016b\u017e\u012bba:<\/strong> \u0160ie cilindri, kas parasti ir izgatavoti no augstas stipr\u012bbas t\u0113rauda vai alum\u012bnija, ir paredz\u0113ti, lai iztur\u0113tu augstu spiedienu un lielas slodzes, padarot tos piem\u0113rotus skarbajiem darba apst\u0101k\u013ciem.<\/li>\n<li><strong>Efekt\u012bva hidraulisk\u0101 darb\u012bba:<\/strong> Str\u0113les cilindrs darbojas vienm\u0113r\u012bgi, izmantojot hidraulisk\u0101s e\u013c\u013cas spiedienu, \u013caujot \u0101tri rea\u0123\u0113t uz vad\u012bbas komand\u0101m un nodro\u0161inot iev\u0113rojamu stum\u0161anas un vilk\u0161anas sp\u0113ku, kas nepiecie\u0161ams smag\u0101m krav\u0101m.<\/li>\n<li><strong>Pieejami da\u017e\u0101di veidi:<\/strong> Iesp\u0113jas ietver vienk\u0101r\u0161as darb\u012bbas (darbojas vien\u0101 virzien\u0101) vai divk\u0101r\u0161as darb\u012bbas (darbojas abos virzienos) cilindrus, kas atbilst da\u017e\u0101d\u0101m ekspluat\u0101cijas vajadz\u012bb\u0101m, un da\u017ei mode\u013ci ir teleskopiski, lai nodro\u0161in\u0101tu liel\u0101ku sasniedzam\u012bbu sl\u0113gt\u0101s telp\u0101s.<\/li>\n<li><strong>Paaugstin\u0101ta nodilumiztur\u012bba:<\/strong> Izstr\u0101d\u0101ts, \u0146emot v\u0113r\u0101 nodilumiztur\u012bbu un korozijas iztur\u012bbu, kas pagarina cilindra kalpo\u0161anas laiku, nodro\u0161inot uzticamu darb\u012bbu laika gait\u0101.<\/li>\n<li><strong>Adapt\u012bvais dizains:<\/strong> Str\u0113les cilindra konstrukcija ir izstr\u0101d\u0101ta, \u0146emot v\u0113r\u0101 da\u017e\u0101du ma\u0161\u012bnu \u012bpa\u0161\u0101s pras\u012bbas, nodro\u0161inot optim\u0101lu funkcionalit\u0101ti da\u017e\u0101dos pielietojumos.<\/li>\n<\/ul>\n<h2>Ra\u017eo\u0161anas iesp\u0113jas<\/h2>\n<p>M\u0113s ra\u017eojam \u0161o produktu ar precizit\u0101ti, nodro\u0161inot, ka m\u016bsu str\u0113les cilindri var perfekti aizst\u0101t eso\u0161os hidrauliskos cilindrus da\u017e\u0101d\u0101s iek\u0101rt\u0101s. M\u016bsu ra\u017eo\u0161anas proces\u0101 tiek izmantotas progres\u012bvas tehnolo\u0123ijas un stingri kvalit\u0101tes kontroles pas\u0101kumi, lai garant\u0113tu, ka katrs cilindrs atbilst nozares standartiem.<\/p>\n<p><img decoding=\"async\" src=\"https:\/\/www.hydraulic-cylinders.net\/wp-content\/uploads\/2025\/04\/songte-cylinder-head-with-all-kinds-excavator-models.webp\" alt=\"Ekskavatora mode\u013cu att\u0113ls\" \/><\/p>\n<h2>Str\u0113les cilindru pielietojums<\/h2>\n<h3>Celtniec\u012bbas apr\u012bkojums<\/h3>\n<p>Ekskavatoros str\u0113les cilindri ir svar\u012bgi augsnes vai gru\u017eu rak\u0161anai, iekrau\u0161anai un p\u0101rvieto\u0161anai. Tie \u013cauj kausam efekt\u012bvi iek\u013c\u016bt zem\u0113, uzlabojot ma\u0161\u012bnas rak\u0161anas sp\u0113jas. Izmantojot ekskavatoros-iekr\u0101v\u0113jos, str\u0113les cilindrs ne tikai atvieglo rak\u0161anu, bet ar\u012b pal\u012bdz pacelt smagas kravas, nodro\u0161inot daudzpus\u012bbu b\u016bvniec\u012bbas darbos.<\/p>\n<h3>Lauksaimniec\u012bbas tehnika<\/h3>\n<p>Front\u0101lajos iekr\u0101v\u0113jos str\u0113les cilindri ir vit\u0101li svar\u012bgi t\u0101du materi\u0101lu k\u0101 augsnes, siena un citu lauksaimniec\u012bbas produktu sav\u0101k\u0161anai, cel\u0161anai un transport\u0113\u0161anai. \u0160o cilindru efektivit\u0101te tie\u0161i ietekm\u0113 lauksaimniec\u012bbas darb\u012bbu produktivit\u0101ti, \u013caujot lauksaimniekiem efekt\u012bv\u0101k p\u0101rvald\u012bt savus uzdevumus.<\/p>\n<h3>Ekskavatori<\/h3>\n<p>Ekskavatoriem str\u0113les cilindrs \u013cauj kausam ierakties augsn\u0113, padarot to par neaizst\u0101jamu ma\u0161\u012bnas sast\u0101vda\u013cu. T\u0101 konstrukcija optimiz\u0113 rak\u0161anas darb\u012bbu, \u013caujot operatoriem sasniegt liel\u0101ku dzi\u013cumu un efektivit\u0101ti rak\u0161anas darbos.<\/p>\n<h3>Iekr\u0101v\u0113ji<\/h3>\n<p>Front\u0101lajos iekr\u0101v\u0113jos str\u0113les cilindri veicina efekt\u012bvu kravu cel\u0161anu un izg\u0101\u0161anu. \u0160o cilindru iztur\u012bba un rea\u0123\u0113tsp\u0113ja nodro\u0161ina, ka smagus materi\u0101lus var \u0101tri un dro\u0161i p\u0101rvietot, t\u0101d\u0113j\u0101di uzlabojot kop\u0113jo darb\u012bbas produktivit\u0101ti.<\/p>\n<h2>Dizaina apsv\u0113rumi un atlases krit\u0113riji<\/h2>\n<h3>Kravnes\u012bba<\/h3>\n<p>Str\u0113les cilindra kravnes\u012bba ir kritisks projekt\u0113\u0161anas apsv\u0113rums. Tam j\u0101sp\u0113j iztur\u0113t p\u0101rvietojamo materi\u0101lu maksim\u0101lo svaru. In\u017eenieriem j\u0101nov\u0113rt\u0113 cilindra svars un apst\u0101k\u013ci, k\u0101dos tas darbosies, nodro\u0161inot, ka tas var iztur\u0113t maksim\u0101l\u0101s slodzes bez atteices. Pareizi apr\u0113\u0137ini un dro\u0161\u012bbas faktori ir b\u016btiski projekt\u0113\u0161anas proces\u0101, lai garant\u0113tu tehnikas uzticam\u012bbu un dro\u0161\u012bbu.<\/p>\n<h3>Bl\u012bv\u0113juma integrit\u0101te<\/h3>\n<p>Bl\u012bv\u0113jums ir v\u0113l viens svar\u012bgs str\u0113les cilindra konstrukcijas aspekts. Augstas kvalit\u0101tes bl\u012bv\u0113jumi nov\u0113r\u0161 hidraulisk\u0101 \u0161\u0137idruma nopl\u016bdi, kas var izrais\u012bt veiktsp\u0113jas probl\u0113mas un boj\u0101jumus. Iztur\u012bgu bl\u012bv\u0113\u0161anas materi\u0101lu, piem\u0113ram, poliuret\u0101na un nitrilgumijas, izmanto\u0161ana nodro\u0161ina, ka bl\u012bv\u0113jumi iztur spiedienu un berzi, kas saist\u012bta ar hidrauliskaj\u0101m darb\u012bb\u0101m. Labi izstr\u0101d\u0101ta bl\u012bv\u0113\u0161anas sist\u0113ma uzlabo cilindra kalpo\u0161anas laiku un samazina apkopes interven\u010du bie\u017eumu.<\/p>\n<h3>Iztur\u012bba<\/h3>\n<p>Iztur\u012bba ir \u0101rk\u0101rt\u012bgi svar\u012bga str\u0113les cilindru konstrukcij\u0101. Izmantotajiem materi\u0101liem j\u0101sp\u0113j iztur\u0113t pret nodilumu un koroziju, ko rada vides faktori un pats hidrauliskais \u0161\u0137idrums. Ra\u017eot\u0101ji bie\u017ei pak\u013cauj \u0161os cilindrus stingrai p\u0101rbaudei, lai simul\u0113tu re\u0101lus apst\u0101k\u013cus, nodro\u0161inot, ka tie var iztur\u0113t ilgsto\u0161u lieto\u0161anu bez iev\u0113rojamas degrad\u0101cijas.<\/p>\n<h3>Dro\u0161\u012bbas funkcijas<\/h3>\n<p>Dro\u0161\u012bbas funkcijas ir \u013coti svar\u012bgas str\u0113les cilindru konstrukcij\u0101. Tas ietver meh\u0101nismus p\u0101rstiep\u0161an\u0101s un p\u0101rslodzes nov\u0113r\u0161anai, kas var izrais\u012bt katastrof\u0101las k\u013c\u016bmes. Ra\u017eot\u0101jiem ir j\u0101ievie\u0161 dro\u0161\u012bbas protokoli un standarti, lai aizsarg\u0101tu operatorus un apr\u012bkojumu darb\u012bbas laik\u0101.<\/p>\n<h3>Apkope un izmantojam\u012bba<\/h3>\n<p>Str\u0113les cilindru projekt\u0113\u0161ana, \u0146emot v\u0113r\u0101 apkopi, ir b\u016btiska, lai nodro\u0161in\u0101tu ilgtermi\u0146a funkcionalit\u0101ti. T\u0101das funkcijas k\u0101 viegli pieejamas e\u013c\u013co\u0161anas nipe\u013ci, nomain\u0101mas bl\u012bves un standartiz\u0113tas deta\u013cas atvieglo regul\u0101ras p\u0101rbaudes un remontu. Labi projekt\u0113ts cilindrs nodro\u0161ina \u0113rtu apkopi, samazinot d\u012bkst\u0101ves laiku un palielinot produktivit\u0101ti.<\/p>\n<p><img decoding=\"async\" src=\"https:\/\/www.hydraulic-cylinders.net\/wp-content\/uploads\/2025\/04\/songte-oil-pipes-and-spare-parts.webp\" alt=\"Hidraulisko deta\u013cu att\u0113ls\" \/><\/p>\n<h2>Bl\u012bv\u0113\u0161ana un e\u013c\u013co\u0161ana<\/h2>\n<p>Efekt\u012bva bl\u012bv\u0113\u0161ana un e\u013c\u013co\u0161ana ir kritiski svar\u012bga str\u0113les cilindru darb\u012bbai. Lai nov\u0113rstu hidraulisk\u0101 \u0161\u0137idruma nopl\u016bdi, tiek izmantoti da\u017e\u0101di bl\u012bv\u0113\u0161anas komponenti, tostarp virzu\u013ca bl\u012bv\u0113jumi un stie\u0146a bl\u012bv\u0113jumi. \u0160iem bl\u012bv\u0113jumiem izv\u0113l\u0113tie materi\u0101li, piem\u0113ram, poliuret\u0101ns un nitrila gumija, ir paz\u012bstami ar savu nodilumiztur\u012bbu un ilgm\u016b\u017e\u012bbu. Cilindra korpuss un v\u012bt\u0146ot\u0101s gala virsmas ir smalki apstr\u0101d\u0101tas, lai uzlabotu nodilumiztur\u012bbu. Regul\u0101ra e\u013c\u013co\u0161ana ar atbilsto\u0161u hidraulisko e\u013c\u013cu ir b\u016btiska, lai uztur\u0113tu optim\u0101lu veiktsp\u0113ju un nov\u0113rstu p\u0101rm\u0113r\u012bgu nodilumu laika gait\u0101.<\/p>\n<h2>Prevent\u012bvie apkopes pas\u0101kumi<\/h2>\n<ul>\n<li><strong>Regul\u0101ras p\u0101rbaudes:<\/strong> Lai nodro\u0161in\u0101tu balona efekt\u012bvu un dro\u0161u darb\u012bbu, ir svar\u012bgi periodiski p\u0101rbaud\u012bt, vai nav nopl\u016b\u017eu, boj\u0101jumu un nodiluma. Operatori ir j\u0101apm\u0101ca laikus atpaz\u012bt potenci\u0101lu probl\u0113mu paz\u012bmes.<\/li>\n<li><strong>Piem\u0113rota e\u013c\u013co\u0161ana:<\/strong> Lai uztur\u0113tu cilindra funkcionalit\u0101ti, ir \u013coti svar\u012bgi regul\u0101ri iee\u013c\u013cot to ar pareizo hidraulisko e\u013c\u013cu. Operatoriem j\u0101iev\u0113ro e\u013c\u013co\u0161anas grafiks, kas balst\u012bts uz lieto\u0161anu un ra\u017eot\u0101ja ieteikumiem.<\/li>\n<li><strong>Bl\u012bvju nomai\u0146a:<\/strong> Laika gait\u0101 bl\u012bves var nolietoties un t\u0101s var b\u016bt j\u0101nomaina. Regul\u0101ra bl\u012bvju st\u0101vok\u013ca p\u0101rbaude un nepiecie\u0161am\u012bbas gad\u012bjum\u0101 to nomai\u0146a var nov\u0113rst nopl\u016bdes un darb\u012bbas trauc\u0113jumus.<\/li>\n<\/ul>\n<h2>Uzst\u0101d\u012b\u0161anas vadl\u012bnijas<\/h2>\n<p>Pareiza str\u0113les cilindru uzst\u0101d\u012b\u0161ana ir b\u016btiska optim\u0101lai veiktsp\u0113jai. Vispirms p\u0101rliecinieties, vai cilindrs ir sader\u012bgs ar konkr\u0113to iek\u0101rtas modeli. Pareizi nol\u012bdziniet cilindru ar stiprin\u0101juma punktiem, izmantojot atbilsto\u0161us uzst\u0101d\u012b\u0161anas kron\u0161teinus, lai to stingri nostiprin\u0101tu. Piev\u0113rsiet uzman\u012bbu hidrauliskajiem savienojumiem, p\u0101rliecinoties, ka tie ir cie\u0161i un bez nopl\u016bd\u0113m. Pirms ma\u0161\u012bnas lieto\u0161anas veiciet darb\u012bbas p\u0101rbaudi, lai p\u0101rliecin\u0101tos, ka cilindrs darbojas vienm\u0113r\u012bgi, bez neparastiem trok\u0161\u0146iem vai pretest\u012bbas. \u0160o vadl\u012bniju iev\u0113ro\u0161ana pal\u012bdz nov\u0113rst priek\u0161laic\u012bgu nodilumu un boj\u0101jumus, nodro\u0161inot deta\u013cas ilgm\u016b\u017e\u012bbu.<\/p>\n<h2>Bie\u017ei sastopamie apkopes uzdevumi<\/h2>\n<ul>\n<li><strong>Regul\u0101ras p\u0101rbaudes:<\/strong> R\u016bp\u012bgu p\u0101rbau\u017eu veik\u0161ana pl\u0101notos interv\u0101los, lai p\u0101rbaud\u012btu nodiluma, boj\u0101jumu vai nopl\u016b\u017eu paz\u012bmes, ir \u013coti svar\u012bga, lai saglab\u0101tu str\u0113les cilindra funkcionalit\u0101ti.<\/li>\n<li><strong>Piem\u0113rota e\u013c\u013co\u0161ana:<\/strong> P\u0101rliecinieties, vai hidrauliskais cilindrs ir pien\u0101c\u012bgi iee\u013c\u013cots ar pareiz\u0101 veida hidraulisko e\u013c\u013cu, kas ir \u013coti svar\u012bgi vienm\u0113r\u012bgai darb\u012bbai un ilgm\u016b\u017e\u012bbai.<\/li>\n<li><strong>Bl\u012bv\u0113juma nomai\u0146a:<\/strong> Bl\u012bvju savlaic\u012bga nomai\u0146a ir b\u016btiska, lai nov\u0113rstu nopl\u016bdes un nodro\u0161in\u0101tu str\u0113les cilindra efekt\u012bvu darb\u012bbu. Operatoriem j\u0101zina par paz\u012bm\u0113m, kas nor\u0101da, ka bl\u012bves ir j\u0101nomaina.<\/li>\n<\/ul>\n<h2>Dro\u0161\u012bbas apsv\u0113rumi un vides faktori<\/h2>\n<p>Izmantojot str\u0113les cilindrus, dro\u0161\u012bbas pas\u0101kumi ir \u0101rk\u0101rt\u012bgi svar\u012bgi. Operatoriem j\u0101b\u016bt apm\u0101c\u012btiem pareiz\u0101s hidraulisko iek\u0101rtu lieto\u0161anas proced\u016br\u0101s, tostarp izprast riskus, kas saist\u012bti ar augstspiediena sist\u0113m\u0101m. J\u0101valk\u0101 atbilsto\u0161s dro\u0161\u012bbas ap\u0123\u0113rbs, un tehnika j\u0101darbina saska\u0146\u0101 ar ra\u017eot\u0101ja vadl\u012bnij\u0101m, lai nov\u0113rstu negad\u012bjumus. Vides faktori, piem\u0113ram, skarbu laikapst\u0101k\u013cu iedarb\u012bba, var ietekm\u0113t ar\u012b str\u0113les cilindru veiktsp\u0113ju un ilgm\u016b\u017e\u012bbu, t\u0101p\u0113c ekspluat\u0101cijas laik\u0101 ir svar\u012bgi apsv\u0113rt aizsardz\u012bbas pas\u0101kumus.<\/p>\n<h2>Probl\u0113mu nov\u0113r\u0161ana un bie\u017ei sastopamas probl\u0113mas<\/h2>\n<ul>\n<li><strong>Jaudas zudums:<\/strong> Ja str\u0113les cilindram ir nov\u0113rojama darba jaudas zudums, tas var b\u016bt saist\u012bts ar zemu hidraulisk\u0101 \u0161\u0137idruma l\u012bmeni vai nopl\u016bd\u0113m sist\u0113m\u0101. P\u0101rbaudiet \u0161\u0137idruma l\u012bmeni un apskatiet, vai nav redzamu nopl\u016b\u017eu.<\/li>\n<li><strong>Neparastas ska\u0146as:<\/strong> T\u0101di trok\u0161\u0146i k\u0101 sl\u012bp\u0113\u0161ana vai klauv\u0113\u0161ana var liecin\u0101t par iek\u0161\u0113jo komponentu nodilumu vai boj\u0101jumiem. Nekav\u0113joties p\u0101rtrauciet darb\u012bbu un p\u0101rbaudiet cilindru, vai nav boj\u0101jumu paz\u012bmju.<\/li>\n<li><strong>Nekonsekventa kust\u012bba:<\/strong> Ja str\u0113les cilindrs neizvirz\u0101s vai neievelkas vienm\u0113r\u012bgi, tas var b\u016bt saist\u012bts ar aizsprostojumu vai gaisu hidrauliskaj\u0101 sist\u0113m\u0101. Lai atjaunotu darb\u012bbu, atgaisojiet sist\u0113mu un not\u012briet visus aizsprostojumus.<\/li>\n<\/ul>\n<h2>Probl\u0113mu nov\u0113r\u0161anas padomi<\/h2>\n<p>Lai efekt\u012bvi nov\u0113rstu probl\u0113mas ar str\u0113les cilindriem, operatoriem ir j\u0101uztur detaliz\u0113ts veiktsp\u0113jas un jebk\u0101du anom\u0101liju \u017eurn\u0101ls. Regul\u0101ra apm\u0101c\u012bba par bie\u017ei sastopam\u0101m probl\u0113m\u0101m un to risin\u0101jumiem var dot iesp\u0113ju operatoriem nov\u0113rst nelielas probl\u0113mas, pirms t\u0101s saasin\u0101s. Prevent\u012bv\u0101s apkopes grafika ievie\u0161ana samazina k\u013c\u016bmju iesp\u0113jam\u012bbu un pagarina iek\u0101rtas kalpo\u0161anas laiku. Regul\u0101ra sazi\u0146a ar ra\u017eot\u0101ju vai pieg\u0101d\u0101t\u0101ju var sniegt ar\u012b v\u0113rt\u012bgu ieskatu optim\u0101las veiktsp\u0113jas uztur\u0113\u0161an\u0101.<\/p>\n<p><img decoding=\"async\" src=\"https:\/\/www.hydraulic-cylinders.net\/wp-content\/uploads\/2025\/04\/songte-bushings-with-all-kinds-of-excavator-models.webp\" alt=\"Ekskavatora bukses att\u0113ls\" \/><\/p>\n<h2>Par m\u016bsu uz\u0146\u0113mumu<\/h2>\n<p>M\u0113s esam vado\u0161ais hidraulisko cilindru ra\u017eot\u0101js, kas specializ\u0113jas augstas kvalit\u0101tes rezerves cilindru ra\u017eo\u0161an\u0101 da\u017e\u0101diem pielietojumiem. Ar pla\u0161u produktu kl\u0101stu m\u0113s esam k\u013cuvu\u0161i par vienu no vado\u0161ajiem ra\u017eot\u0101jiem un vairumtirgot\u0101jiem gan viet\u0113j\u0101, gan starptautiskaj\u0101 tirg\u016b. M\u016bsu ap\u0146em\u0161an\u0101s sasniegt izcil\u012bbu atspogu\u013cojas m\u016bsu izsmalcin\u0101taj\u0101s ra\u017eo\u0161anas vad\u012bbas strat\u0113\u0123ij\u0101s, ko atbalsta progres\u012bvas ra\u017eo\u0161anas tehnolo\u0123ijas un kvalific\u0113ts darbasp\u0113ks. M\u0113s past\u0101v\u012bgi uzlabojam savas ra\u017eo\u0161anas iesp\u0113jas un nodro\u0161in\u0101m, ka katrs produkts atbilst augst\u0101kajiem kvalit\u0101tes un veiktsp\u0113jas standartiem.<\/p>\n<p><img decoding=\"async\" src=\"https:\/\/www.hydraulic-cylinders.net\/wp-content\/uploads\/2025\/04\/songte-company-4.webp\" alt=\"Uz\u0146\u0113muma att\u0113ls 1\" \/><br \/>\n<img decoding=\"async\" src=\"https:\/\/www.hydraulic-cylinders.net\/wp-content\/uploads\/2025\/04\/songte-company-3.webp\" alt=\"Uz\u0146\u0113muma att\u0113ls 2\" \/><\/p>\n<p>M\u016bsu ap\u0146em\u0161anos profesionalit\u0101tei apliecina m\u016bsu starptautiskie sertifik\u0101ti, piel\u0101gojamie pakalpojumi, modern\u0101k\u0101s ra\u017eo\u0161anas iek\u0101rtas un izcilais p\u0113cp\u0101rdo\u0161anas atbalsts. M\u0113s cen\u0161amies apmierin\u0101t klientu da\u017e\u0101d\u0101s vajadz\u012bbas, vienlaikus koncentr\u0113joties uz kvalit\u0101ti un efektivit\u0101ti.<\/p>\n<p>Autors: lil<\/p>","protected":false},"excerpt":{"rendered":"<p>Boom Cylinder For Zoomlion Middle Excavator ZE210E Introduction to Boom Cylinders The Boom Cylinder is a crucial hydraulic component designed specifically for heavy machinery such as excavators, backhoe loaders, and front loaders. It controls the movement of the bucket, allowing it to lift, lower, and tilt, which is essential for various material handling tasks. The [&hellip;]<\/p>","protected":false},"featured_media":17872,"comment_status":"open","ping_status":"closed","template":"","meta":{"_et_pb_use_builder":"","_et_pb_old_content":"","_et_gb_content_width":""},"product_brand":[],"product_cat":[1546],"product_tag":[1547,1496],"class_list":{"0":"post-19216","1":"product","2":"type-product","3":"status-publish","4":"has-post-thumbnail","6":"product_cat-boom-cylinders","7":"product_tag-boom-cylinders","8":"product_tag-hydraulic-cylinders","10":"first","11":"instock","12":"shipping-taxable","13":"product-type-simple"},"amp_enabled":true,"_links":{"self":[{"href":"https:\/\/www.hydraulic-cylinders.net\/lv\/wp-json\/wp\/v2\/product\/19216","targetHints":{"allow":["GET"]}}],"collection":[{"href":"https:\/\/www.hydraulic-cylinders.net\/lv\/wp-json\/wp\/v2\/product"}],"about":[{"href":"https:\/\/www.hydraulic-cylinders.net\/lv\/wp-json\/wp\/v2\/types\/product"}],"replies":[{"embeddable":true,"href":"https:\/\/www.hydraulic-cylinders.net\/lv\/wp-json\/wp\/v2\/comments?post=19216"}],"wp:featuredmedia":[{"embeddable":true,"href":"https:\/\/www.hydraulic-cylinders.net\/lv\/wp-json\/wp\/v2\/media\/17872"}],"wp:attachment":[{"href":"https:\/\/www.hydraulic-cylinders.net\/lv\/wp-json\/wp\/v2\/media?parent=19216"}],"wp:term":[{"taxonomy":"product_brand","embeddable":true,"href":"https:\/\/www.hydraulic-cylinders.net\/lv\/wp-json\/wp\/v2\/product_brand?post=19216"},{"taxonomy":"product_cat","embeddable":true,"href":"https:\/\/www.hydraulic-cylinders.net\/lv\/wp-json\/wp\/v2\/product_cat?post=19216"},{"taxonomy":"product_tag","embeddable":true,"href":"https:\/\/www.hydraulic-cylinders.net\/lv\/wp-json\/wp\/v2\/product_tag?post=19216"}],"curies":[{"name":"wp","href":"https:\/\/api.w.org\/{rel}","templated":true}]}}