{"id":19218,"date":"2025-04-07T06:18:39","date_gmt":"2025-04-07T06:18:39","guid":{"rendered":"https:\/\/www.hydraulic-cylinders.net\/product\/boom-cylinder-for-zoomlion-middle-excavator-ze230elr\/"},"modified":"2025-04-07T06:18:41","modified_gmt":"2025-04-07T06:18:41","slug":"boom-cylinder-for-zoomlion-middle-excavator-ze230elr","status":"publish","type":"product","link":"https:\/\/www.hydraulic-cylinders.net\/lv\/products\/boom-cylinder-for-zoomlion-middle-excavator-ze230elr\/","title":{"rendered":"Zoomlion vid\u0113j\u0101 ekskavatora ZE230ELR str\u0113les cilindrs"},"content":{"rendered":"<h1>Zoomlion vid\u0113j\u0101 ekskavatora ZE230ELR str\u0113les cilindrs<\/h1>\n<h2>Ievads str\u0113les cilindr\u0101<\/h2>\n<p>Str\u0113les cilindrs ir b\u016btiska sast\u0101vda\u013ca, kas \u012bpa\u0161i paredz\u0113ta smagaj\u0101m ma\u0161\u012bn\u0101m, \u012bpa\u0161i Zoomlion vid\u0113j\u0101s poz\u012bcijas ekskavatoram ZE230ELR. \u0160im hidrauliskajam cilindram ir b\u016btiska loma ekskavatora str\u0113les kust\u012bbas kontrol\u0113\u0161an\u0101, \u013caujot tai efekt\u012bvi pacelt, nolaist un noliekt. K\u0101 hidrauliskais cilindrs tas izmanto spiediena hidraulisko \u0161\u0137idrumu, lai rad\u012btu kust\u012bbu un sp\u0113ku, padarot to neaizst\u0101jamu da\u017e\u0101dos materi\u0101lu apstr\u0101des uzdevumos.<\/p>\n<p>Kausa cilindrs, t\u0101pat k\u0101 str\u0113les cilindrs, ir neat\u0146emama ekskavatoru, univers\u0101lo iekr\u0101v\u0113ju un front\u0101lo iekr\u0101v\u0113ju hidraulisko sist\u0113mu sast\u0101vda\u013ca. \u0160\u0101da veida hidrauliskais cilindrs ir paredz\u0113ts ekskavatora kausa dinamisko kust\u012bbu p\u0101rvald\u012bbai, nodro\u0161inot, ka tas prec\u012bzi un efekt\u012bvi veic t\u0101das darb\u012bbas k\u0101 rak\u0161ana, cel\u0161ana un izg\u0101\u0161ana. \u0160o cilindru konstrukcija \u013cauj tiem iztur\u0113t iev\u0113rojamus sp\u0113kus, ar kuriem saskaras ekspluat\u0101cijas laik\u0101, t\u0101d\u0113j\u0101di veicinot b\u016bvniec\u012bbas un lieljaudas tehnikas kop\u0113jo efektivit\u0101ti un produktivit\u0101ti.<\/p>\n<p><img decoding=\"async\" src=\"https:\/\/www.hydraulic-cylinders.net\/wp-content\/uploads\/2025\/04\/songte-company-1.webp\" alt=\"Str\u0113les cilindra att\u0113ls\"><\/p>\n<h2>Str\u0113les cilindra \u012bpa\u0161\u012bbas<\/h2>\n<ul>\n<li><strong>Augsta iztur\u012bba un ilgm\u016b\u017e\u012bba:<\/strong> Izgatavots no augstas stipr\u012bbas t\u0113rauda vai alum\u012bnija, str\u0113les cilindrs ir paredz\u0113ts augsta spiediena un lielu kravu iztur\u0113\u0161anai. T\u0101 konstrukcija ir paredz\u0113ta nodilumiztur\u012bbai un aizsardz\u012bbai pret koroziju, kas pagarina t\u0101 kalpo\u0161anas laiku.<\/li>\n<li><strong>Efekt\u012bva hidraulisk\u0101 darb\u012bba:<\/strong> Cilindrs izmanto hidraulisk\u0101 \u0161\u0137idruma spiedienu, lai nodro\u0161in\u0101tu vienm\u0113r\u012bgu izstiep\u0161anu un ievilk\u0161anu. Tas \u0101tri rea\u0123\u0113 uz operatora komand\u0101m, nodro\u0161inot iev\u0113rojamu stum\u0161anas un vilk\u0161anas sp\u0113ku, padarot to piem\u0113rotu smagu un sare\u017e\u0123\u012btu uzdevumu veik\u0161anai.<\/li>\n<li><strong>Da\u017e\u0101di veidi:<\/strong> Str\u0113les cilindrs ir pieejams da\u017e\u0101d\u0101s konfigur\u0101cij\u0101s, tostarp vienas darb\u012bbas (darbojas vien\u0101 virzien\u0101) vai divk\u0101r\u0161as darb\u012bbas (darbojas abos virzienos) mode\u013cos. Da\u017eas versijas ir teleskopiskas, kas \u013cauj to pagarin\u0101t, nepalielinot \u0101r\u0113jos izm\u0113rus, kas ir ide\u0101li piem\u0113rots \u0161aur\u0101m telp\u0101m.<\/li>\n<\/ul>\n<p>M\u016bsu uz\u0146\u0113mums specializ\u0113jas \u0161\u012b produkta ra\u017eo\u0161an\u0101, pied\u0101v\u0101jot lieliskas alternat\u012bvas eso\u0161ajiem hidrauliskajiem cilindriem.<\/p>\n<p><img decoding=\"async\" src=\"https:\/\/www.hydraulic-cylinders.net\/wp-content\/uploads\/2025\/04\/songte-cylinder-head-with-all-kinds-excavator-models.webp\" alt=\"Ekskavatora mode\u013cu att\u0113ls\"><\/p>\n<h2>Str\u0113les cilindra pielietojumi<\/h2>\n<h3>Celtniec\u012bbas apr\u012bkojums<\/h3>\n<p>B\u016bvniec\u012bbas ma\u0161\u012bn\u0101s str\u0113les cilindrs ir vit\u0101li svar\u012bgs ekskavatoriem, jo \u200b\u200btas atvieglo augsnes vai gru\u017eu rak\u0161anu, iekrau\u0161anu un transport\u0113\u0161anu. Str\u0113les efekt\u012bv\u0101 darb\u012bba \u013cauj operatoriem veikt uzdevumus \u0101tr\u0101k un prec\u012bz\u0101k, palielinot kop\u0113jo produktivit\u0101ti b\u016bvlaukumos. Ekskavatoros-iekr\u0101v\u0113jos str\u0113les cilindrs pal\u012bdz gan rak\u0161anas, gan cel\u0161anas darbos, demonstr\u0113jot daudzpus\u012bbu un efektivit\u0101ti da\u017e\u0101dos projektos.<\/p>\n<h3>Lauksaimniec\u012bbas tehnika<\/h3>\n<p>Front\u0101lajos iekr\u0101v\u0113jos str\u0113les cilindri tiek izmantoti, lai paceltu, paceltu un transport\u0113tu materi\u0101lus, piem\u0113ram, augsni, sienu un citus lauksaimniec\u012bbas produktus. To iztur\u012bg\u0101 konstrukcija \u013cauj tiem darboties sare\u017e\u0123\u012btos apst\u0101k\u013cos, nodro\u0161inot t\u0101du uzdevumu k\u0101 lauka sagatavo\u0161ana un materi\u0101lu transport\u0113\u0161ana efekt\u012bvu veik\u0161anu.<\/p>\n<h3>Ekskavatori<\/h3>\n<p>Tradicion\u0101lajos ekskavatoros str\u0113les cilindrs \u013cauj kausam efekt\u012bvi iek\u013c\u016bt zem\u0113, atvieglojot rak\u0161anas procesu. \u0160\u012b funkcionalit\u0101te ir kritiski svar\u012bga da\u017e\u0101dos pielietojumos, tostarp ainavu veido\u0161an\u0101, pamatu rak\u0161an\u0101 un vietas sagatavo\u0161an\u0101, kur precizit\u0101te un iztur\u012bba ir \u0101rk\u0101rt\u012bgi svar\u012bga.<\/p>\n<h3>Iekr\u0101v\u0113ji<\/h3>\n<p>Front\u0101lajos iekr\u0101v\u0113jos str\u0113les cilindri pal\u012bdz efekt\u012bvi pacelt un izg\u0101zt kravas. To sp\u0113ja nodro\u0161in\u0101t iev\u0113rojamu celtsp\u0113ju vienk\u0101r\u0161o materi\u0101lu p\u0101rvieto\u0161anas procesu, t\u0101d\u0113j\u0101di uzlabojot darbpl\u016bsmu un darb\u012bbas efektivit\u0101ti b\u016bvniec\u012bbas un ainavu veido\u0161anas darbos.<\/p>\n<h2>Dizaina apsv\u0113rumi un atlases krit\u0113riji<\/h2>\n<h3>Kravnes\u012bba<\/h3>\n<p>Str\u0113les cilindra kravnes\u012bba ir kritisks projekt\u0113\u0161anas apsv\u0113rums. Tas j\u0101projekt\u0113 t\u0101, lai iztur\u0113tu maksim\u0101l\u0101s paredzam\u0101s slodzes, vienlaikus saglab\u0101jot dro\u0161\u012bbu un uzticam\u012bbu. Materi\u0101lu izv\u0113lei, konstrukcijas \u0123eometrijai un kop\u0113jai konstrukcijai j\u0101atspogu\u013co paredz\u0113tais lietojums un nepiecie\u0161am\u0101 iztur\u012bba, nodro\u0161inot cilindra efekt\u012bvu darb\u012bbu da\u017e\u0101dos apst\u0101k\u013cos.<\/p>\n<h3>Bl\u012bv\u0113\u0161ana<\/h3>\n<p>Efekt\u012bva bl\u012bv\u0113\u0161ana ir b\u016btiska, lai uztur\u0113tu hidraulisko spiedienu un nov\u0113rstu \u0161\u0137idruma nopl\u016bdi. Konstrukcij\u0101 j\u0101iek\u013cauj augstas kvalit\u0101tes bl\u012bv\u0113jumi, kas sp\u0113j iztur\u0113t darba spiedienu un vides apst\u0101k\u013cus. Regul\u0101ras \u0161o bl\u012bv\u0113jumu p\u0101rbaudes un apkope ir nepiecie\u0161amas, lai nodro\u0161in\u0101tu cilindra optim\u0101lu darb\u012bbu un ilgm\u016b\u017e\u012bbu.<\/p>\n<h3>Iztur\u012bba<\/h3>\n<p>Iztur\u012bba ir b\u016btisks str\u0113les cilindra konstrukcijas aspekts. Tam j\u0101b\u016bt iztur\u012bgam pret nodilumu un koroziju, \u012bpa\u0161i, ja to lieto skarbos apst\u0101k\u013cos. Materi\u0101lu un aizsargp\u0101rkl\u0101jumu izv\u0113lei ir b\u016btiska loma cilindra kalpo\u0161anas laika pagarin\u0101\u0161an\u0101 un apkopes izmaksu samazin\u0101\u0161an\u0101.<\/p>\n<h3>Dro\u0161\u012bba<\/h3>\n<p>Dro\u0161\u012bba ir \u0101rk\u0101rt\u012bgi svar\u012bga str\u0113les cilindra projekt\u0113\u0161an\u0101. In\u017eenieriem j\u0101\u0146em v\u0113r\u0101 iesp\u0113jamie atteices re\u017e\u012bmi un j\u0101iek\u013cauj dro\u0161\u012bbas funkcijas, lai mazin\u0101tu riskus. Lai nodro\u0161in\u0101tu dro\u0161u darb\u012bbu, pal\u012bdzot nov\u0113rst negad\u012bjumus un iek\u0101rtu boj\u0101jumus, ir svar\u012bgi ar\u012b iev\u0113rot atbilsto\u0161as \u200b\u200bapkopes vadl\u012bnijas un lietot\u0101ju apm\u0101c\u012bbu.<\/p>\n<h3>Uzturam\u012bba<\/h3>\n<p>Projekt\u0113\u0161anas apsv\u0113rumiem j\u0101piev\u0113r\u0161 uzman\u012bba ar\u012b str\u0113les cilindra apkopes iesp\u0113j\u0101m. Tas ietver \u0113rtu piek\u013cuvi p\u0101rbaud\u0113m, apkopei un remontam. Konstrukcija, kas atvieglo nolietoto deta\u013cu nomai\u0146u, var iev\u0113rojami samazin\u0101t d\u012bkst\u0101ves laiku un uzlabot darb\u012bbas efektivit\u0101ti.<\/p>\n<p><img decoding=\"async\" src=\"https:\/\/www.hydraulic-cylinders.net\/wp-content\/uploads\/2025\/04\/songte-oil-pipes-and-spare-parts.webp\" alt=\"Hidraulisko deta\u013cu att\u0113ls\"><\/p>\n<h2>Bl\u012bv\u0113\u0161ana un e\u013c\u013co\u0161ana<\/h2>\n<p>Efekt\u012bva bl\u012bv\u0113\u0161ana un e\u013c\u013co\u0161ana ir \u013coti svar\u012bga str\u0113les cilindra darb\u012bbai. Lai nov\u0113rstu hidraulisk\u0101 \u0161\u0137idruma nopl\u016bdi, tiek izmantoti da\u017e\u0101di bl\u012bv\u0113\u0161anas elementi, piem\u0113ram, virzu\u013ca bl\u012bves un stie\u0146a bl\u012bves. Priek\u0161roka tiek dota bl\u012bv\u0113m, kas izgatavotas no iztur\u012bgiem materi\u0101liem, piem\u0113ram, poliuret\u0101na un nitrila gumijas, to lielisk\u0101s nodilumiztur\u012bbas d\u0113\u013c. Cilindra korpusa un v\u012bt\u0146oto galu virsmas tiek r\u016bp\u012bgi apstr\u0101d\u0101tas, lai uzlabotu iztur\u012bbu.<\/p>\n<p>Turkl\u0101t regul\u0101ra e\u013c\u013co\u0161ana ar hidraulisko e\u013c\u013cu ir b\u016btiska, lai nodro\u0161in\u0101tu vienm\u0113r\u012bgu darb\u012bbu un samazin\u0101tu nodilumu. Operatori ir j\u0101apm\u0101ca par atbilsto\u0161a e\u013c\u013cas l\u012bme\u0146a uztur\u0113\u0161anas noz\u012bmi un atbilsto\u0161a veida hidraulisko \u0161\u0137idrumu lieto\u0161anu optim\u0101lai cilindru darb\u012bbai.<\/p>\n<h2>Regul\u0101ras p\u0101rbaudes un profilaktisk\u0101s apkopes pas\u0101kumi<\/h2>\n<ul>\n<li><strong>Regul\u0101ras p\u0101rbaudes:<\/strong> Veiciet regul\u0101ras str\u0113les cilindra p\u0101rbaudes, lai noteiktu nodiluma, nopl\u016bdes vai boj\u0101jumu paz\u012bmes. Nekav\u0113joties j\u0101veic pas\u0101kumi, lai nov\u0113rstu visas p\u0101rbaudes laik\u0101 konstat\u0113t\u0101s probl\u0113mas, lai nov\u0113rstu turpm\u0101kus boj\u0101jumus.<\/li>\n<li><strong>Pareiza e\u013c\u013co\u0161ana:<\/strong> P\u0101rliecinieties, vai hidraulisk\u0101 sist\u0113ma ir pien\u0101c\u012bgi iee\u013c\u013cota saska\u0146\u0101 ar ra\u017eot\u0101ja specifik\u0101cij\u0101m. Tas ietver e\u013c\u013cas l\u012bme\u0146a p\u0101rbaudi un \u0161\u0137idrumu nomai\u0146u p\u0113c nepiecie\u0161am\u012bbas, lai uztur\u0113tu veiktsp\u0113ju.<\/li>\n<li><strong>Bl\u012bv\u0113juma nomai\u0146a:<\/strong> Uzraugiet bl\u012bv\u0113jumu nodilumu un nomainiet tos p\u0113c nepiecie\u0161am\u012bbas, lai nov\u0113rstu hidraulisk\u0101 \u0161\u0137idruma nopl\u016bdes. Regul\u0101ras bl\u012bv\u0113jumu p\u0101rbaudes ir \u013coti svar\u012bgas, lai saglab\u0101tu hidraulisk\u0101s sist\u0113mas integrit\u0101ti.<\/li>\n<\/ul>\n<h2>Pareizas uzst\u0101d\u012b\u0161anas vadl\u012bnijas<\/h2>\n<p>Pareiza str\u0113les cilindra uzst\u0101d\u012b\u0161ana ir \u013coti svar\u012bga, lai nodro\u0161in\u0101tu t\u0101 funkcionalit\u0101ti un ilgm\u016b\u017e\u012bbu. S\u0101ciet, r\u016bp\u012bgi izl\u012bdzinot cilindru ar stiprin\u0101juma punktiem, p\u0101rliecinoties, ka tas ir pareizi atbalst\u012bts ar piem\u0113rotiem kron\u0161teiniem. Nepareiza izl\u012bdzin\u0101\u0161ana var izrais\u012bt priek\u0161laic\u012bgu cilindra nodilumu un iesp\u0113jamu boj\u0101jumu.<\/p>\n<p>Uzst\u0101d\u012b\u0161anas laik\u0101 ir svar\u012bgi iev\u0113rot ra\u017eot\u0101ja nor\u0101d\u012bjumus, tostarp skr\u016bvju un savienojumu griezes momenta specifik\u0101cijas. P\u0113c uzst\u0101d\u012b\u0161anas veiciet r\u016bp\u012bgu p\u0101rbaudi, lai p\u0101rliecin\u0101tos, ka visas sast\u0101vda\u013cas ir nostiprin\u0101tas un pareizi izl\u012bdzin\u0101tas. P\u0113c uzst\u0101d\u012b\u0161anas hidraulisk\u0101 sist\u0113ma j\u0101piepilda ar ieteicamo e\u013c\u013cu un j\u0101atgaiso, lai nodro\u0161in\u0101tu optim\u0101lu darb\u012bbu.<\/p>\n<h2>Bie\u017ei sastopamie apkopes uzdevumi<\/h2>\n<ul>\n<li><strong>Regul\u0101ras p\u0101rbaudes:<\/strong> Regul\u0101ru p\u0101rbau\u017eu veik\u0161ana \u013cauj operatoriem identific\u0113t potenci\u0101l\u0101s probl\u0113mas, pirms t\u0101s saasin\u0101s. P\u0101rbaudiet hidraulisk\u0101s l\u012bnijas, bl\u012bves un savienojumus, vai nav nodiluma vai boj\u0101jumu paz\u012bmju.<\/li>\n<li><strong>Piem\u0113rota e\u013c\u013co\u0161ana:<\/strong> Pareizas e\u013c\u013co\u0161anas uztur\u0113\u0161ana ir \u013coti svar\u012bga str\u0113les cilindra nevainojamai darb\u012bbai. Izmantojiet pareiza veida hidraulisko e\u013c\u013cu un p\u0101rliecinieties, ka t\u0101s l\u012bmenis ir pietiekams.<\/li>\n<li><strong>Bl\u012bv\u0113juma nomai\u0146as un kalibr\u0113\u0161anas p\u0101rbaudes:<\/strong> Regul\u0101ri p\u0101rbaudiet bl\u012bv\u0113jumu nodilumu un nomainiet tos p\u0113c nepiecie\u0161am\u012bbas. Turkl\u0101t kalibr\u0113\u0161anas p\u0101rbaudes nodro\u0161ina, ka cilindrs darbojas noteiktaj\u0101 diapazon\u0101, nov\u0113r\u0161ot nepareizu izl\u012bdzin\u0101\u0161anu un darb\u012bbas neefektivit\u0101ti.<\/li>\n<\/ul>\n<p>Uzst\u0101d\u012b\u0161anas laik\u0101 ir \u013coti svar\u012bgi pareizi izl\u012bdzin\u0101t cilindru. Ieteicams izmantot atbilsto\u0161us uzst\u0101d\u012b\u0161anas kron\u0161teinus, lai stingri nostiprin\u0101tu cilindru. Pareiza griezes momenta specifik\u0101cija uzst\u0101d\u012b\u0161anas laik\u0101 ar\u012b veicina cilindra ilgtermi\u0146a funkcionalit\u0101ti. Regul\u0101ra apkope, tostarp p\u0101rbaudes un savlaic\u012bgi remontdarbi, ir b\u016btiska, lai pagarin\u0101tu str\u0113les cilindra kalpo\u0161anas laiku.<\/p>\n<p><img decoding=\"async\" src=\"https:\/\/www.hydraulic-cylinders.net\/wp-content\/uploads\/2025\/04\/songte-chushion-collar.webp\" alt=\"Spilvenu apkakles att\u0113ls\"><\/p>\n<h2>Dro\u0161\u012bbas apsv\u0113rumi un vides faktori<\/h2>\n<p>Izmantojot str\u0113les cilindru, dro\u0161\u012bbas pas\u0101kumi ir \u0101rk\u0101rt\u012bgi svar\u012bgi. Operatoriem j\u0101b\u016bt apm\u0101c\u012btiem pareiz\u0101s apstr\u0101des tehnik\u0101s, lai samazin\u0101tu negad\u012bjumu risku. Dro\u0161\u012bbas protokolu ievie\u0161ana, piem\u0113ram, aizsargl\u012bdzek\u013cu valk\u0101\u0161ana un ekspluat\u0101cijas vadl\u012bniju iev\u0113ro\u0161ana, ir b\u016btiska, lai nov\u0113rstu traumas darb\u012bbas laik\u0101.<\/p>\n<h2>Probl\u0113mu nov\u0113r\u0161ana un bie\u017ei sastopamas probl\u0113mas<\/h2>\n<ul>\n<li><strong>\u0160\u0137idruma nopl\u016bde:<\/strong> Ja tiek konstat\u0113tas hidraulisk\u0101 \u0161\u0137idruma nopl\u016bdes, p\u0101rbaudiet bl\u012bv\u0113jumu un savienojumu nodilumu. Nomainiet boj\u0101t\u0101s deta\u013cas, lai atjaunotu funkcionalit\u0101ti.<\/li>\n<li><strong>Slikta veiktsp\u0113ja:<\/strong> Ja str\u0113les cilindrs nerea\u0123\u0113 efekt\u012bvi, p\u0101rbaudiet, vai hidrauliskaj\u0101 sist\u0113m\u0101 nav gaisa vai nepietiekama \u0161\u0137idruma l\u012bme\u0146a. Atgaisojiet sist\u0113mu un papildiniet \u0161\u0137idrumus p\u0113c nepiecie\u0161am\u012bbas.<\/li>\n<li><strong>Trok\u0161\u0146aina darb\u012bba:<\/strong> Neparastas ska\u0146as var liecin\u0101t par iek\u0161\u0113ju nodilumu vai nepietiekamu e\u013c\u013co\u0161anu. Regul\u0101ra apkope un e\u013c\u013co\u0161ana var pal\u012bdz\u0113t mazin\u0101t \u0161\u012bs probl\u0113mas.<\/li>\n<\/ul>\n<p>Lai efekt\u012bvi diagnostic\u0113tu un risin\u0101tu probl\u0113mas ar str\u0113les cilindru, operatoriem ir j\u0101uztur veiktsp\u0113jas un visu anom\u0101liju \u017eurn\u0101ls. \u0160\u012b dokument\u0101cija var pal\u012bdz\u0113t probl\u0113mu nov\u0113r\u0161an\u0101 un sniegt ieskatu prevent\u012bvos pas\u0101kumos, lai samazin\u0101tu probl\u0113mas n\u0101kotn\u0113.<\/p>\n<p><img decoding=\"async\" src=\"https:\/\/www.hydraulic-cylinders.net\/wp-content\/uploads\/2025\/04\/songte-bushings-with-all-kinds-of-excavator-models.webp\" alt=\"Bukses att\u0113ls\"><\/p>\n<h2>Par m\u016bsu uz\u0146\u0113mumu<\/h2>\n<p>M\u0113s esam vado\u0161ais rezerves hidraulisko cilindru ra\u017eot\u0101js un vairumtirgot\u0101js, kas ir atz\u012bts gan viet\u0113j\u0101, gan starptautiskaj\u0101 tirg\u016b. M\u016bsu produktu kl\u0101sts ir pla\u0161s, un m\u0113s priorit\u0101ti pie\u0161\u0137iram izcil\u012bbai kvalit\u0101t\u0113. Izmantojot uzlabotas ra\u017eo\u0161anas darbn\u012bcas un r\u016bpniecisk\u0101s ra\u017eo\u0161anas vad\u012bbas strat\u0113\u0123ijas, m\u0113s nep\u0101rtraukti uzlabojam savas ra\u017eo\u0161anas platformas.<\/p>\n<p>Koncentr\u0113joties uz tehnolo\u0123isko att\u012bst\u012bbu, m\u0113s izmantojam augst\u0101k\u0101s klases ra\u017eo\u0161anas iek\u0101rtas un specializ\u0113tas test\u0113\u0161anas sist\u0113mas, lai uzlabotu ra\u017eo\u0161anas kvalit\u0101ti. M\u016bsu sp\u0113c\u012bg\u0101s inovat\u012bv\u0101s sp\u0113jas \u013cauj mums apmierin\u0101t da\u017e\u0101das klientu vajadz\u012bbas, nodro\u0161inot augstu efektivit\u0101ti, precizit\u0101ti un kvalit\u0101ti m\u016bsu produktos.<\/p>\n<p>M\u016bsu ap\u0146em\u0161an\u0101s nodro\u0161in\u0101t profesionalit\u0101ti, starptautisk\u0101s sertifik\u0101cijas, piel\u0101gotus pakalpojumus, modernu ra\u017eo\u0161anas apr\u012bkojumu un p\u0113cp\u0101rdo\u0161anas atbalstu v\u0113l vair\u0101k nostiprina m\u016bsu reput\u0101ciju nozar\u0113.<\/p>\n<p><img decoding=\"async\" src=\"https:\/\/www.hydraulic-cylinders.net\/wp-content\/uploads\/2025\/04\/songte-company-4.webp\" alt=\"Uz\u0146\u0113muma att\u0113ls 1\"><br \/>\n<img decoding=\"async\" src=\"https:\/\/www.hydraulic-cylinders.net\/wp-content\/uploads\/2025\/04\/songte-company-3.webp\" alt=\"Uz\u0146\u0113muma att\u0113ls 2\"><\/p>\n<p>Autors: lil<\/p>","protected":false},"excerpt":{"rendered":"<p>Boom Cylinder For Zoomlion Middle Excavator ZE230ELR Introduction to the Boom Cylinder The Boom Cylinder is a crucial component specifically designed for heavy machinery, particularly the Zoomlion Middle Excavator ZE230ELR. This hydraulic cylinder plays an essential role in controlling the movement of the excavator&#8217;s boom, enabling it to lift, lower, and tilt effectively. As a [&hellip;]<\/p>","protected":false},"featured_media":17874,"comment_status":"open","ping_status":"closed","template":"","meta":{"_et_pb_use_builder":"","_et_pb_old_content":"","_et_gb_content_width":""},"product_brand":[],"product_cat":[1546],"product_tag":[1547,1496],"class_list":{"0":"post-19218","1":"product","2":"type-product","3":"status-publish","4":"has-post-thumbnail","6":"product_cat-boom-cylinders","7":"product_tag-boom-cylinders","8":"product_tag-hydraulic-cylinders","10":"first","11":"instock","12":"shipping-taxable","13":"product-type-simple"},"amp_enabled":true,"_links":{"self":[{"href":"https:\/\/www.hydraulic-cylinders.net\/lv\/wp-json\/wp\/v2\/product\/19218","targetHints":{"allow":["GET"]}}],"collection":[{"href":"https:\/\/www.hydraulic-cylinders.net\/lv\/wp-json\/wp\/v2\/product"}],"about":[{"href":"https:\/\/www.hydraulic-cylinders.net\/lv\/wp-json\/wp\/v2\/types\/product"}],"replies":[{"embeddable":true,"href":"https:\/\/www.hydraulic-cylinders.net\/lv\/wp-json\/wp\/v2\/comments?post=19218"}],"wp:featuredmedia":[{"embeddable":true,"href":"https:\/\/www.hydraulic-cylinders.net\/lv\/wp-json\/wp\/v2\/media\/17874"}],"wp:attachment":[{"href":"https:\/\/www.hydraulic-cylinders.net\/lv\/wp-json\/wp\/v2\/media?parent=19218"}],"wp:term":[{"taxonomy":"product_brand","embeddable":true,"href":"https:\/\/www.hydraulic-cylinders.net\/lv\/wp-json\/wp\/v2\/product_brand?post=19218"},{"taxonomy":"product_cat","embeddable":true,"href":"https:\/\/www.hydraulic-cylinders.net\/lv\/wp-json\/wp\/v2\/product_cat?post=19218"},{"taxonomy":"product_tag","embeddable":true,"href":"https:\/\/www.hydraulic-cylinders.net\/lv\/wp-json\/wp\/v2\/product_tag?post=19218"}],"curies":[{"name":"wp","href":"https:\/\/api.w.org\/{rel}","templated":true}]}}