{"id":19219,"date":"2025-04-07T06:18:41","date_gmt":"2025-04-07T06:18:41","guid":{"rendered":"https:\/\/www.hydraulic-cylinders.net\/product\/boom-cylinder-for-zoomlion-middle-excavator-ze260e\/"},"modified":"2025-04-07T06:18:43","modified_gmt":"2025-04-07T06:18:43","slug":"boom-cylinder-for-zoomlion-middle-excavator-ze260e","status":"publish","type":"product","link":"https:\/\/www.hydraulic-cylinders.net\/lv\/products\/boom-cylinder-for-zoomlion-middle-excavator-ze260e\/","title":{"rendered":"Zoomlion vid\u0113j\u0101 ekskavatora ZE260E str\u0113les cilindrs"},"content":{"rendered":"<h1>Zoomlion vid\u0113j\u0101 ekskavatora ZE260E str\u0113les cilindrs<\/h1>\n<h2>Produkta p\u0101rskats<\/h2>\n<p>Str\u0113les cilindrs ir b\u016btiska hidraulisko sist\u0113mu sast\u0101vda\u013ca, kas \u012bpa\u0161i paredz\u0113ta kausu kust\u012bbas vad\u012bbai smag\u0101 ma\u0161\u012bn\u0101, piem\u0113ram, ekskavatoros, ekskavatoros-iekr\u0101v\u0113jos un front\u0101lajos iekr\u0101v\u0113jos. \u0160is hidrauliskais cilindrs \u013cauj kausam pacelt, nolaist un noliekt, atvieglojot efekt\u012bvus materi\u0101lu apstr\u0101des uzdevumus b\u016bvniec\u012bb\u0101 un cit\u0101s lieljaudas lietojumprogramm\u0101s.<\/p>\n<p><img decoding=\"async\" src=\"https:\/\/www.hydraulic-cylinders.net\/wp-content\/uploads\/2025\/04\/songte-company-1.webp\" alt=\"Str\u0113les cilindrs\"><\/p>\n<h3>Defin\u012bcija un funkcija<\/h3>\n<p>The Boom Cylinder, often referred to as a bucket cylinder, is engineered to deliver precise control over the bucket&#8217;s motion in excavating equipment. The hydraulic system operates through fluid pressure, allowing for smooth and powerful movements. By harnessing the hydraulic fluid&#8217;s force, the cylinder can perform critical tasks, such as digging, lifting, and transporting materials, which are essential in various industries.<\/p>\n<h2>Str\u0113les cilindra \u012bpa\u0161\u012bbas<\/h2>\n<ul>\n<li><strong>Augsta iztur\u012bba un ilgm\u016b\u017e\u012bba:<\/strong> Izgatavots no augstas stipr\u012bbas t\u0113rauda vai alum\u012bnija, str\u0113les cilindrs var iztur\u0113t augstu spiedienu un lielas slodzes, padarot to piem\u0113rotu skarbiem darba apst\u0101k\u013ciem.<\/li>\n<li><strong>Efekt\u012bva hidraulisk\u0101 darb\u012bba:<\/strong> Tas izmanto hidraulisk\u0101 \u0161\u0137idruma spiedienu vienm\u0113r\u012bgai izb\u012bd\u012b\u0161anai un ievilk\u0161anai, nodro\u0161inot \u0101tru reakciju uz operatora komand\u0101m, vienlaikus radot iev\u0113rojamu stum\u0161anas un vilk\u0161anas sp\u0113ku.<\/li>\n<li><strong>Da\u017e\u0101das konfigur\u0101cijas:<\/strong> Pieejams vienvirziena darb\u012bbas (darbojas vien\u0101 virzien\u0101) vai divk\u0101r\u0161as darb\u012bbas (darbojas abos virzienos) konstrukcij\u0101s, \u013caujot lietot\u0101jiem izv\u0113l\u0113ties atbilsto\u0161i sav\u0101m ekspluat\u0101cijas vajadz\u012bb\u0101m. Da\u017ei mode\u013ci ir teleskopiski, kas nodro\u0161ina liel\u0101ku pagarin\u0101jumu, nepalielinot \u0101r\u0113jos izm\u0113rus, kas ir ide\u0101li piem\u0113rots sl\u0113gt\u0101m telp\u0101m.<\/li>\n<li><strong>Korozijas iztur\u012bba:<\/strong> Designed with materials and coatings that resist wear and corrosion, extending the product&#8217;s lifespan and ensuring reliable performance over time.<\/li>\n<li><strong>Vienk\u0101r\u0161a apkope:<\/strong> Funkcijas, kas nodro\u0161ina vienk\u0101r\u0161u apkopi, nodro\u0161inot cilindra optim\u0101lu darba st\u0101vokli ar minim\u0101lu d\u012bkst\u0101vi.<\/li>\n<\/ul>\n<p>M\u016bsu produkti var lieliski aizst\u0101t \u0161os hidrauliskos cilindrus.<\/p>\n<p><img decoding=\"async\" src=\"https:\/\/www.hydraulic-cylinders.net\/wp-content\/uploads\/2025\/04\/songte-cylinder-head-with-all-kinds-excavator-models.webp\" alt=\"Ekskavatoru mode\u013ci\"><\/p>\n<h2>Str\u0113les cilindra pielietojumi<\/h2>\n<ul>\n<li><strong>Celtniec\u012bbas apr\u012bkojums:<\/strong> In excavators, Boom Cylinders are critical for digging, loading, and moving dirt or debris efficiently. The ability to control the bucket&#8217;s movements enhances productivity on job sites.<\/li>\n<li><strong>Ekskavatori-iekr\u0101v\u0113ji:<\/strong> Kausa cilindrs pal\u012bdz gan rak\u0161an\u0101, gan materi\u0101lu cel\u0161an\u0101, padarot to neaizst\u0101jamu rak\u0161anas darbos un materi\u0101lu apstr\u0101d\u0113 da\u017e\u0101dos b\u016bvniec\u012bbas darbos.<\/li>\n<li><strong>Lauksaimniec\u012bbas tehnika:<\/strong> Front\u0101lajos iekr\u0101v\u0113jos \u0161ie cilindri tiek izmantoti augsnes, siena un citu materi\u0101lu sav\u0101k\u0161anai, cel\u0161anai un transport\u0113\u0161anai, t\u0101d\u0113j\u0101di uzlabojot lauksaimniec\u012bbas efektivit\u0101ti.<\/li>\n<li><strong>Rak\u0161anas apr\u012bkojums:<\/strong> \u013baujot kausam iek\u013c\u016bt augsn\u0113, str\u0113les cilindrs atvieglo rak\u0161anas darb\u012bbas, kas ir b\u016btiskas tran\u0161eju rak\u0161an\u0101 un zemes sagatavo\u0161an\u0101.<\/li>\n<li><strong>Iekr\u0101v\u0113ji:<\/strong> Front\u0101lajos iekr\u0101v\u0113jos cilindrs pal\u012bdz efekt\u012bvi pacelt un izkraut kravas, kas ir \u013coti svar\u012bgi materi\u0101lu apstr\u0101dei b\u016bvniec\u012bb\u0101 un r\u016bpniec\u012bb\u0101.<\/li>\n<\/ul>\n<h2>Projekt\u0113\u0161anas apsv\u0113rumi un atlases standarti<\/h2>\n<ul>\n<li><strong>Kravnes\u012bba:<\/strong> Konstrukcijai ir j\u0101sp\u0113j iztur\u0113t maksim\u0101lo slodzi, kas paredzama ekspluat\u0101cijas laik\u0101. Slodzes pras\u012bbu izpratne nodro\u0161ina cilindra efekt\u012bvu darb\u012bbu bez atteices riska, iev\u0113rojot dro\u0161\u012bbas standartus.<\/li>\n<li><strong>Bl\u012bv\u0113jums:<\/strong> Effective sealing mechanisms, including piston and rod seals, are essential for preventing fluid leakage. High-quality seals extend the cylinder&#8217;s lifespan and improve hydraulic efficiency.<\/li>\n<li><strong>Iztur\u012bba:<\/strong> B\u016bvniec\u012bb\u0101 izmantotajiem materi\u0101liem j\u0101iztur sare\u017e\u0123\u012bti smago ma\u0161\u012bnu ekspluat\u0101cijas apst\u0101k\u013ci, tostarp net\u012brumu, gru\u017eu un ekstrem\u0101lu laikapst\u0101k\u013cu iedarb\u012bba, nodro\u0161inot ilgsto\u0161u lieto\u0161anu.<\/li>\n<li><strong>Dro\u0161\u012bbas funkcijas:<\/strong> Dro\u0161\u012bbas meh\u0101nismu iek\u013cau\u0161ana konstrukcij\u0101 pal\u012bdz nov\u0113rst negad\u012bjumus un k\u013c\u016bmes, piem\u0113ram, spiediena samazin\u0101\u0161anas v\u0101rstus, kas nodro\u0161ina dro\u0161u darb\u012bbu main\u012bg\u0101s slodz\u0113s.<\/li>\n<li><strong>Apkalpojam\u012bba:<\/strong> Konstrukcija, kas \u013cauj viegli demont\u0113t un salikt, veicina apkopi, atvieglojot deta\u013cu nomai\u0146u un nepiecie\u0161amo remontu veik\u0161anu, lai uztur\u0113tu iek\u0101rtas darbsp\u0113j\u012bgas.<\/li>\n<\/ul>\n<p><img decoding=\"async\" src=\"https:\/\/www.hydraulic-cylinders.net\/wp-content\/uploads\/2025\/04\/songte-oil-pipes-and-spare-parts.webp\" alt=\"E\u013c\u013cas caurules un rezerves da\u013cas\"><\/p>\n<h2>Hidraulisk\u0101 cilindra bl\u012bv\u0113\u0161ana un e\u013c\u013co\u0161ana<\/h2>\n<p>Pareiza bl\u012bv\u0113\u0161ana un e\u013c\u013co\u0161ana ir b\u016btiska hidraulisko cilindru ilgm\u016b\u017e\u012bbai un efektivit\u0101tei. Lai izveidotu efekt\u012bvus bl\u012bv\u0113jumus, kas iztur nodilumu, tiek izmantoti da\u017e\u0101di bl\u012bv\u0113\u0161anas materi\u0101li, piem\u0113ram, poliuret\u0101ns un nitrilgumija. Cilindra korpuss un v\u012bt\u0146otie gali tiek prec\u012bzi apstr\u0101d\u0101ti, lai uzlabotu iztur\u012bbu un nodilumiztur\u012bbu. Regul\u0101ra e\u013c\u013co\u0161ana ar atbilsto\u0161u hidraulisk\u0101s e\u013c\u013cas daudzumu ir nepiecie\u0161ama ar\u012b, lai nodro\u0161in\u0101tu vienm\u0113r\u012bgu darb\u012bbu un nov\u0113rstu iek\u0161\u0113jo komponentu p\u0101rm\u0113r\u012bgu nodilumu.<\/p>\n<h2>Regul\u0101ras p\u0101rbaudes un profilaktisk\u0101s apkopes pas\u0101kumi<\/h2>\n<ul>\n<li><strong>Regul\u0101ras p\u0101rbaudes:<\/strong> Lai nodro\u0161in\u0101tu optim\u0101lu veiktsp\u0113ju un dro\u0161\u012bbu, regul\u0101ri p\u0101rbaudiet, vai nav nodiluma, nopl\u016b\u017eu un boj\u0101jumu paz\u012bmju. P\u0101rbaud\u0113m j\u0101ietver vizu\u0101las p\u0101rbaudes un funkcion\u0101lie testi.<\/li>\n<li><strong>Piem\u0113rota e\u013c\u013co\u0161ana:<\/strong> Maintain the recommended levels of hydraulic oil and ensure the lubricants used are compatible with the cylinder&#8217;s materials to prevent degradation.<\/li>\n<li><strong>Bl\u012bv\u0113juma nomai\u0146a:<\/strong> T\u0101 k\u0101 bl\u012bves laika gait\u0101 nolietojas, savlaic\u012bga nomai\u0146a ir \u013coti svar\u012bga, lai nov\u0113rstu nopl\u016bdes un saglab\u0101tu hidraulisko efektivit\u0101ti. Izveidojiet bl\u012bvju nov\u0113rt\u0113\u0161anas grafiku, pamatojoties uz lieto\u0161anu.<\/li>\n<\/ul>\n<h2>Pareizas uzst\u0101d\u012b\u0161anas vadl\u012bnijas<\/h2>\n<p>Pareiza str\u0113les cilindra uzst\u0101d\u012b\u0161ana ir b\u016btiska t\u0101 efekt\u012bvai darb\u012bbai. S\u0101ciet, izl\u012bdzinot cilindru ar stiprin\u0101juma punktiem, p\u0101rliecinoties, ka tas ir l\u012bdzens un pareizi orient\u0113ts. Izmantojiet atbilsto\u0161us stiprin\u0101juma kron\u0161teinus, lai nostiprin\u0101tu cilindru viet\u0101. P\u0101rbaudiet hidraulisko savienojumu pareizu uzst\u0101d\u012b\u0161anu un izvairieties no p\u0101r\u0101k lielas pievilk\u0161anas, lai nov\u0113rstu boj\u0101jumus. P\u0113c uzst\u0101d\u012b\u0161anas veiciet r\u016bp\u012bgu sist\u0113mas p\u0101rbaudi, lai p\u0101rliecin\u0101tos, ka cilindrs darbojas pareizi bez nopl\u016bd\u0113m, un pirms ma\u0161\u012bnas regul\u0101ras nodo\u0161anas ekspluat\u0101cij\u0101 veiciet visus nepiecie\u0161amos piel\u0101gojumus.<\/p>\n<h2>Apkopes uzdevumi<\/h2>\n<ul>\n<li><strong>Regul\u0101ras p\u0101rbaudes:<\/strong> Conduct frequent inspections to identify any signs of wear or potential issues. Early detection can prevent more severe damage and ensure the cylinder&#8217;s integrity.<\/li>\n<li><strong>Pareiza e\u013c\u013co\u0161ana:<\/strong> Nodro\u0161iniet regul\u0101ru e\u013c\u013co\u0161anu saska\u0146\u0101 ar ra\u017eot\u0101ja nor\u0101d\u012bjumiem, izmantojot ieteicamo hidraulisko e\u013c\u013cu, lai uztur\u0113tu veiktsp\u0113ju.<\/li>\n<li><strong>Bl\u012bv\u0113juma nomai\u0146as un kalibr\u0113\u0161anas p\u0101rbaudes:<\/strong> Nomainiet bl\u012bves p\u0113c nepiecie\u0161am\u012bbas un veiciet kalibr\u0113\u0161anas p\u0101rbaudes, lai p\u0101rliecin\u0101tos, ka visas sast\u0101vda\u013cas darbojas, k\u0101 paredz\u0113ts, izvairoties no darb\u012bbas neefektivit\u0101tes.<\/li>\n<\/ul>\n<p>Pareiza uzst\u0101d\u012b\u0161ana, e\u013c\u013co\u0161ana un regul\u0113\u0161ana ir \u013coti svar\u012bga str\u0113les cilindra ilgm\u016b\u017e\u012bbai. Uzst\u0101d\u012b\u0161anas laik\u0101 pareizi izl\u012bdziniet cilindru un izmantojiet atbilsto\u0161us stiprin\u0101jumus, lai izvair\u012btos no nepareizas izl\u012bdzin\u0101\u0161anas, kas var\u0113tu izrais\u012bt priek\u0161laic\u012bgu nodilumu. Ieteicams iev\u0113rot ra\u017eot\u0101ja vadl\u012bnijas par p\u0101rbaud\u0113m, remontu un nomai\u0146u, lai maksim\u0101li palielin\u0101tu hidraulisko komponentu kalpo\u0161anas laiku.<\/p>\n<p><img decoding=\"async\" src=\"https:\/\/www.hydraulic-cylinders.net\/wp-content\/uploads\/2025\/04\/songte-chushion-collar.webp\" alt=\"Spilvenu apkakle\"><\/p>\n<h2>Dro\u0161\u012bbas apsv\u0113rumi un vides faktori<\/h2>\n<p>Str\u0101d\u0101jot ar hidrauliskajiem cilindriem, ir \u013coti svar\u012bgi ieviest dro\u0161\u012bbas pas\u0101kumus. Operatoriem vienm\u0113r j\u0101valk\u0101 atbilsto\u0161i individu\u0101lie aizsardz\u012bbas l\u012bdzek\u013ci (IAL) un j\u0101nodro\u0161ina, lai darba zona b\u016btu br\u012bva no apdraud\u0113jumiem. Turkl\u0101t, lai samazin\u0101tu ietekmi uz vidi, ir svar\u012bgi \u0146emt v\u0113r\u0101 ar\u012b vides apsv\u0113rumus, piem\u0113ram, pareizu hidraulisko \u0161\u0137idrumu utiliz\u0101ciju un iek\u0101rtu apkopi, lai nov\u0113rstu nopl\u016bdes. Lai aizsarg\u0101tu person\u0101lu un iek\u0101rtas, ir nepiecie\u0161ama regul\u0101ra apm\u0101c\u012bba un dro\u0161\u012bbas protokolu iev\u0113ro\u0161ana.<\/p>\n<h2>Probl\u0113mu nov\u0113r\u0161ana un bie\u017ei sastopamas probl\u0113mas<\/h2>\n<ul>\n<li><strong>Nopl\u016bde:<\/strong> Viena no visbie\u017e\u0101k sastopamaj\u0101m probl\u0113m\u0101m ir hidraulisk\u0101 \u0161\u0137idruma nopl\u016bde, ko var izrais\u012bt nodilu\u0161as bl\u012bves vai cilindra boj\u0101jumi. Regul\u0101ras p\u0101rbaudes var noteikt iesp\u0113jam\u0101s nopl\u016bdes vietas.<\/li>\n<li><strong>Samazin\u0101ta veiktsp\u0113ja:<\/strong> Ja str\u0113les cilindrs nerea\u0123\u0113, k\u0101 paredz\u0113ts, tas var liecin\u0101t par zemu hidraulisk\u0101 \u0161\u0137idruma l\u012bmeni vai aizsprostojumiem sist\u0113m\u0101. P\u0101rbaudiet \u0161\u0137idruma l\u012bmeni un p\u0101rliecinieties, vai visas l\u012bnijas ir t\u012bras.<\/li>\n<li><strong>Troksnis darb\u012bbas laik\u0101:<\/strong> Neparastas ska\u0146as darb\u012bbas laik\u0101 var liecin\u0101t par meh\u0101nisk\u0101m probl\u0113m\u0101m vai nepietiekamu e\u013c\u013co\u0161anu. Nekav\u0113joties izp\u0113tiet un nov\u0113rsiet visus d\u012bvainos trok\u0161\u0146us, lai nov\u0113rstu boj\u0101jumus.<\/li>\n<\/ul>\n<h2>Probl\u0113mu nov\u0113r\u0161anas padomi<\/h2>\n<p>Diagnostic\u0113jot probl\u0113mas ar str\u0113les cilindru, vispirms p\u0101rbaudiet hidraulisk\u0101 \u0161\u0137idruma l\u012bmeni un bl\u012bv\u0113jumu st\u0101vokli. Ja tiek konstat\u0113ta nopl\u016bde, apsveriet iesp\u0113ju nomain\u012bt bl\u012bves vai komponentus p\u0113c nepiecie\u0161am\u012bbas. Regul\u0101ra apkope, tostarp e\u013c\u013co\u0161ana un p\u0101rbaudes, var pal\u012bdz\u0113t nov\u0113rst probl\u0113mu ra\u0161anos. Pareiza operatoru apm\u0101c\u012bba par agr\u012bnu boj\u0101jumu paz\u012bmju atpaz\u012b\u0161anu var ar\u012b mazin\u0101t potenci\u0101l\u0101s probl\u0113mas, pirms t\u0101s p\u0101raug liel\u0101k\u0101s probl\u0113m\u0101s.<\/p>\n<p><img decoding=\"async\" src=\"https:\/\/www.hydraulic-cylinders.net\/wp-content\/uploads\/2025\/04\/songte-bushings-with-all-kinds-of-excavator-models.webp\" alt=\"Ekskavatoru mode\u013cu bukses\"><\/p>\n<h2>Par m\u016bsu uz\u0146\u0113mumu<\/h2>\n<p>M\u0113s esam vado\u0161ais hidraulisko cilindru ra\u017eot\u0101js un vairumtirgot\u0101js, kas specializ\u0113jas augstas kvalit\u0101tes rezerves da\u013cu ra\u017eo\u0161an\u0101 da\u017e\u0101diem pielietojumiem. M\u016bsu pla\u0161ais produktu kl\u0101sts ir pozicion\u0113jis m\u016bs k\u0101 galveno sp\u0113l\u0113t\u0101ju gan viet\u0113j\u0101, gan starptautiskaj\u0101 tirg\u016b. Ap\u0146\u0113mu\u0161ies sasniegt izcil\u012bbu, m\u0113s izmantojam progres\u012bvas ra\u017eo\u0161anas vad\u012bbas strat\u0113\u0123ijas, ko papildina kvalific\u0113ts tehniskais person\u0101ls un augst\u0101k\u0101s klases digit\u0101l\u0101s ra\u017eo\u0161anas iek\u0101rtas. M\u0113s past\u0101v\u012bgi uzlabojam savus ra\u017eo\u0161anas procesus, lai nodro\u0161in\u0101tu izcilu produktu kvalit\u0101ti un apmierin\u0101tu da\u017e\u0101das klientu vajadz\u012bbas.<\/p>\n<p>M\u016bsu ap\u0146em\u0161anos profesionalit\u0101tei atspogu\u013co m\u016bsu starptautisk\u0101s sertifik\u0101cijas, piel\u0101gotie pakalpojumi un modern\u0101ko ra\u017eo\u0161anas iek\u0101rtu izmanto\u0161ana. P\u0113cp\u0101rdo\u0161anas atbalsts ir m\u016bsu pakalpojuma galvenais aspekts, kas nodro\u0161ina klientu apmierin\u0101t\u012bbu un produktu uzticam\u012bbu.<\/p>\n<p><img decoding=\"async\" src=\"https:\/\/www.hydraulic-cylinders.net\/wp-content\/uploads\/2025\/04\/songte-company-4.webp\" alt=\"Uz\u0146\u0113muma p\u0101rskats\"><br \/>\n<img decoding=\"async\" src=\"https:\/\/www.hydraulic-cylinders.net\/wp-content\/uploads\/2025\/04\/songte-company-3.webp\" alt=\"Uz\u0146\u0113muma ra\u017eo\u0161ana\"><\/p>\n<p>Autors: lil<\/p>","protected":false},"excerpt":{"rendered":"<p>Boom Cylinder For Zoomlion Middle Excavator ZE260E Product Overview The Boom Cylinder is a crucial component in hydraulic systems, specifically designed for controlling the movement of buckets in heavy machinery such as excavators, backhoe loaders, and front-end loaders. This hydraulic cylinder enables the bucket to lift, lower, and tilt, facilitating efficient material handling tasks in [&hellip;]<\/p>","protected":false},"featured_media":17875,"comment_status":"open","ping_status":"closed","template":"","meta":{"_et_pb_use_builder":"","_et_pb_old_content":"","_et_gb_content_width":""},"product_brand":[],"product_cat":[1546],"product_tag":[1547,1496],"class_list":{"0":"post-19219","1":"product","2":"type-product","3":"status-publish","4":"has-post-thumbnail","6":"product_cat-boom-cylinders","7":"product_tag-boom-cylinders","8":"product_tag-hydraulic-cylinders","10":"first","11":"instock","12":"shipping-taxable","13":"product-type-simple"},"amp_enabled":true,"_links":{"self":[{"href":"https:\/\/www.hydraulic-cylinders.net\/lv\/wp-json\/wp\/v2\/product\/19219","targetHints":{"allow":["GET"]}}],"collection":[{"href":"https:\/\/www.hydraulic-cylinders.net\/lv\/wp-json\/wp\/v2\/product"}],"about":[{"href":"https:\/\/www.hydraulic-cylinders.net\/lv\/wp-json\/wp\/v2\/types\/product"}],"replies":[{"embeddable":true,"href":"https:\/\/www.hydraulic-cylinders.net\/lv\/wp-json\/wp\/v2\/comments?post=19219"}],"wp:featuredmedia":[{"embeddable":true,"href":"https:\/\/www.hydraulic-cylinders.net\/lv\/wp-json\/wp\/v2\/media\/17875"}],"wp:attachment":[{"href":"https:\/\/www.hydraulic-cylinders.net\/lv\/wp-json\/wp\/v2\/media?parent=19219"}],"wp:term":[{"taxonomy":"product_brand","embeddable":true,"href":"https:\/\/www.hydraulic-cylinders.net\/lv\/wp-json\/wp\/v2\/product_brand?post=19219"},{"taxonomy":"product_cat","embeddable":true,"href":"https:\/\/www.hydraulic-cylinders.net\/lv\/wp-json\/wp\/v2\/product_cat?post=19219"},{"taxonomy":"product_tag","embeddable":true,"href":"https:\/\/www.hydraulic-cylinders.net\/lv\/wp-json\/wp\/v2\/product_tag?post=19219"}],"curies":[{"name":"wp","href":"https:\/\/api.w.org\/{rel}","templated":true}]}}