{"id":19220,"date":"2025-04-07T06:18:43","date_gmt":"2025-04-07T06:18:43","guid":{"rendered":"https:\/\/www.hydraulic-cylinders.net\/product\/boom-cylinder-for-zoomlion-middle-excavator-ze210elc\/"},"modified":"2025-04-07T06:18:45","modified_gmt":"2025-04-07T06:18:45","slug":"boom-cylinder-for-zoomlion-middle-excavator-ze210elc","status":"publish","type":"product","link":"https:\/\/www.hydraulic-cylinders.net\/lv\/products\/boom-cylinder-for-zoomlion-middle-excavator-ze210elc\/","title":{"rendered":"Zoomlion vid\u0113j\u0101 ekskavatora ZE210ELC str\u0113les cilindrs"},"content":{"rendered":"<h1>Zoomlion vid\u0113j\u0101 ekskavatora ZE210ELC str\u0113les cilindrs<\/h1>\n<h2>Ievads str\u0113les cilindr\u0101<\/h2>\n<p>Str\u0113les cilindrs ir kritiski svar\u012bga hidrauliska sast\u0101vda\u013ca, ko izmanto da\u017e\u0101d\u0101s smagaj\u0101s ma\u0161\u012bn\u0101s, un t\u0101 ir \u012bpa\u0161i izstr\u0101d\u0101ta Zoomlion vid\u0113j\u0101s klases ekskavatoram ZE210ELC. \u0160is hidrauliskais cilindrs ir neat\u0146emama str\u0113les kust\u012bbas vad\u012bbas sast\u0101vda\u013ca, \u013caujot tai pacelt, nolaist un noliekt. Str\u0113les cilindra funkcionalit\u0101te \u013cauj veikt efekt\u012bvus materi\u0101lu apstr\u0101des uzdevumus, kas ir b\u016btiski b\u016bvniec\u012bbas un rak\u0161anas projektos.<\/p>\n<p><img decoding=\"async\" src=\"https:\/\/www.hydraulic-cylinders.net\/wp-content\/uploads\/2025\/04\/songte-company-1.webp\" alt=\"Str\u0113les cilindrs\"><\/p>\n<h3>Defin\u012bcija un p\u0101rskats<\/h3>\n<p>Str\u0113les cilindrs ir hidraulisk\u0101 cilindra veids, kas \u012bpa\u0161i paredz\u0113ts str\u0113les darb\u012bbas vad\u012bbai smagaj\u0101s ma\u0161\u012bn\u0101s, piem\u0113ram, ekskavatoros, iekr\u0101v\u0113ju ekskavatoros un front\u0101lajos iekr\u0101v\u0113jos. Tas kontrol\u0113 str\u0113les kust\u012bbu, atvieglojot pacel\u0161anas, nolai\u0161anas un noliek\u0161anas procesus, kas nepiecie\u0161ami efekt\u012bvai materi\u0101lu transport\u0113\u0161anai. Darb\u012bba balst\u0101s uz hidraulisk\u0101 \u0161\u0137idruma spiedienu, lai nodro\u0161in\u0101tu vienm\u0113r\u012bgu un efekt\u012bvu kust\u012bbu, padarot to neaizst\u0101jamu lieljaudas lietojumos.<\/p>\n<h2>Str\u0113les cilindra galven\u0101s iez\u012bmes<\/h2>\n<ul>\n<li><strong>Augsta iztur\u012bba un ilgm\u016b\u017e\u012bba:<\/strong> Izgatavots no augstas stipr\u012bbas t\u0113rauda vai alum\u012bnija, str\u0113les cilindrs var iztur\u0113t augstu spiedienu un lielas slodzes, vienlaikus pie\u013caujot skarbus darba apst\u0101k\u013cus. T\u0101 konstrukcija \u0146em v\u0113r\u0101 nodilumiztur\u012bbu un korozijas iztur\u012bbu, iev\u0113rojami pagarinot t\u0101 kalpo\u0161anas laiku.<\/li>\n<li><strong>Efekt\u012bva hidraulisk\u0101 darb\u012bba:<\/strong> Str\u0113les cilindrs izmanto hidraulisk\u0101 \u0161\u0137idruma spiedienu, lai pan\u0101ktu vienm\u0113r\u012bgu izstiep\u0161anu un ievilk\u0161anu, \u013caujot \u0101tri rea\u0123\u0113t uz vad\u012bbas komand\u0101m un nodro\u0161inot iev\u0113rojamu stum\u0161anas un vilk\u0161anas sp\u0113ku, kas ir piem\u0113rots smagu materi\u0101lu apstr\u0101dei un sare\u017e\u0123\u012btu uzdevumu veik\u0161anai.<\/li>\n<li><strong>Da\u017e\u0101di veidi:<\/strong> Atkar\u012bb\u0101 no ekspluat\u0101cijas vajadz\u012bb\u0101m lietot\u0101ji var izv\u0113l\u0113ties vienas darb\u012bbas (izmantojot hidrauliku vien\u0101 virzien\u0101) vai divk\u0101r\u0161as darb\u012bbas (izmantojot hidrauliku abos virzienos) cilindrus. Da\u017ei mode\u013ci ir teleskopiski, kas \u013cauj veikt liel\u0101ku pagarin\u0101jumu, nepalielinot \u0101r\u0113jos izm\u0113rus, kas ir ide\u0101li piem\u0113rots \u0161aur\u0101m telp\u0101m.<\/li>\n<li><strong>Piel\u0101gojami risin\u0101jumi:<\/strong> M\u0113s ra\u017eojam \u0161o produktu, lai perfekti aizst\u0101tu da\u017e\u0101dus hidrauliskos cilindrus, nodro\u0161inot j\u016bsu tehnikas sader\u012bbu un uzticam\u012bbu.<\/li>\n<\/ul>\n<p><img decoding=\"async\" src=\"https:\/\/www.hydraulic-cylinders.net\/wp-content\/uploads\/2025\/04\/songte-cylinder-head-with-all-kinds-excavator-models.webp\" alt=\"Ekskavatoru mode\u013ci\"><\/p>\n<h2>Str\u0113les cilindra pielietojumi<\/h2>\n<h3>Celtniec\u012bbas apr\u012bkojums<\/h3>\n<p>Ekskavatoros str\u0113les cilindrs ir \u013coti svar\u012bgs rak\u0161anai, iekrau\u0161anai un augsnes vai gru\u017eu p\u0101rvieto\u0161anai. Tas \u013cauj str\u0113lei prec\u012bzi izstiepties un ievilkties, uzlabojot darb\u012bbas efektivit\u0101ti b\u016bvlaukumos. Ekskavatoros-iekr\u0101v\u0113jos str\u0113les cilindrs atvieglo gan rak\u0161anas, gan cel\u0161anas darbus, padarot to par daudzpus\u012bgu izv\u0113li da\u017e\u0101diem pielietojumiem.<\/p>\n<h3>Lauksaimniec\u012bbas tehnika<\/h3>\n<p>Front\u0101lajos iekr\u0101v\u0113jos str\u0113les cilindrs pal\u012bdz gr\u0101bt, pacelt un transport\u0113t augsni, sienu un citus materi\u0101lus. T\u0101 sp\u0113ja iztur\u0113t da\u017e\u0101das slodzes padara to b\u016btisku lauksaimniec\u012bbas darbos, kur efektivit\u0101te un uzticam\u012bba ir \u0101rk\u0101rt\u012bgi svar\u012bgas.<\/p>\n<h3>Ekskavatori<\/h3>\n<p>Str\u0113les cilindrs \u013cauj ekskavatora kausam efekt\u012bvi iek\u013c\u016bt augsn\u0113, nodro\u0161inot efekt\u012bvas rak\u0161anas darb\u012bbas. T\u0101 iztur\u012bg\u0101 konstrukcija nodro\u0161ina, ka tas sp\u0113j iztur\u0113t atk\u0101rtotas lieto\u0161anas slodzi sare\u017e\u0123\u012btos apst\u0101k\u013cos.<\/p>\n<h3>Iekr\u0101v\u0113ji<\/h3>\n<p>Front\u0101lajos iekr\u0101v\u0113jos str\u0113les cilindrs ir vit\u0101li svar\u012bgs kravu cel\u0161anai un izg\u0101\u0161anai. Tas nodro\u0161ina nepiecie\u0161amo sp\u0113ku smagu materi\u0101lu apstr\u0101dei, veicinot ma\u0161\u012bnas kop\u0113jo efektivit\u0101ti b\u016bvniec\u012bbas un nojauk\u0161anas darbos.<\/p>\n<h2>Dizaina apsv\u0113rumi un atlases krit\u0113riji<\/h2>\n<h3>Kravnes\u012bba<\/h3>\n<p>Izv\u0113loties str\u0113les cilindru, kravnes\u012bba ir kritisks faktors. Cilindram j\u0101sp\u0113j iztur\u0113t maksim\u0101lo svaru, ar kuru tas saskarsies ekspluat\u0101cijas laik\u0101. Tas ietver gan statisko, gan dinamisko slod\u017eu nov\u0113rt\u0113\u0161anu, lai nodro\u0161in\u0101tu dro\u0161\u012bbu un efektivit\u0101ti.<\/p>\n<h3>Bl\u012bv\u0113juma integrit\u0101te<\/h3>\n<p>Bl\u012bv\u0113jums ir \u013coti svar\u012bgs hidraulisk\u0101s efektivit\u0101tes uztur\u0113\u0161an\u0101. Augstas kvalit\u0101tes bl\u012bv\u0113jumi nov\u0113r\u0161 hidraulisk\u0101 \u0161\u0137idruma nopl\u016bdi, nodro\u0161inot nemain\u012bgu veiktsp\u0113ju un samazinot \u0161\u0137idruma zuduma risku, kas var\u0113tu apdraud\u0113t darb\u012bbas sp\u0113jas. Pareiza bl\u012bv\u0113\u0161ana ar\u012b aizsarg\u0101 pret pies\u0101r\u0146ot\u0101jiem, kas var\u0113tu saboj\u0101t hidraulisko sist\u0113mu.<\/p>\n<h3>Iztur\u012bba<\/h3>\n<p>Iztur\u012bba attiecas uz cilindra sp\u0113ju iztur\u0113t skarbus darba apst\u0101k\u013cus laika gait\u0101. Tas ietver materi\u0101lus, kas ir iztur\u012bgi pret nodilumu, koroziju un nogurumu, nodro\u0161inot ilg\u0101ku kalpo\u0161anas laiku un samazin\u0101tas apkopes izmaksas. Materi\u0101lu un ra\u017eo\u0161anas procesu izv\u0113lei ir b\u016btiska loma iztur\u012bbas uzlabo\u0161an\u0101.<\/p>\n<h3>Dro\u0161\u012bbas funkcijas<\/h3>\n<p>Hidraulisko cilindru projekt\u0113\u0161an\u0101 priorit\u0101te j\u0101pie\u0161\u0137ir dro\u0161\u012bbai. Tas ietver dro\u0161\u012bbas v\u0101rstu iek\u013cau\u0161anu, lai nov\u0113rstu p\u0101rspiedienu, un visu sast\u0101vda\u013cu atbilst\u012bbu dro\u0161\u012bbas noteikumiem. Labi konstru\u0113ts cilindrs nodro\u0161ina sirdsmieru darb\u012bbas laik\u0101.<\/p>\n<h3>Apkopes pieejam\u012bba<\/h3>\n<p>Str\u0113les cilindra konstrukcija, kas paredz\u0113ta vienk\u0101r\u0161ai apkopei, ir b\u016btiska, lai samazin\u0101tu d\u012bkst\u0101ves laiku. T\u0101das funkcijas k\u0101 no\u0146emami bl\u012bv\u0113jumi un pieejami e\u013c\u013co\u0161anas punkti uzlabo iesp\u0113ju veikt regul\u0101ras p\u0101rbaudes un apkopes uzdevumus, t\u0101d\u0113j\u0101di veicinot apr\u012bkojuma ilgm\u016b\u017e\u012bbu un uzticam\u012bbu.<\/p>\n<p><img decoding=\"async\" src=\"https:\/\/www.hydraulic-cylinders.net\/wp-content\/uploads\/2025\/04\/songte-oil-pipes-and-spare-parts.webp\" alt=\"E\u013c\u013cas caurules un rezerves da\u013cas\"><\/p>\n<h2>Bl\u012bv\u0113\u0161ana un e\u013c\u013co\u0161ana<\/h2>\n<p>Str\u0113les cilindra efektivit\u0101te liel\u0101 m\u0113r\u0101 ir atkar\u012bga no t\u0101 bl\u012bv\u0113\u0161anas un e\u013c\u013co\u0161anas sist\u0113m\u0101m. Hidraulisk\u0101s integrit\u0101tes uztur\u0113\u0161anai tiek izmantoti da\u017e\u0101di bl\u012bv\u0113jumi, tostarp virzu\u013ca bl\u012bv\u0113jumi un stie\u0146a bl\u012bv\u0113jumi. Priek\u0161roka tiek dota bl\u012bv\u0113jumiem, kas izgatavoti no iztur\u012bgiem materi\u0101liem, piem\u0113ram, poliuret\u0101na un nitrila gumijas, to iztur\u012bbas pret nodilumu un vides faktoriem d\u0113\u013c.<\/p>\n<p>Cilindra korpuss un v\u012bt\u0146ot\u0101s gala virsmas tiek prec\u012bzi apstr\u0101d\u0101tas, lai uzlabotu nodilumiztur\u012bbu un nodro\u0161in\u0101tu ilg\u0101ku kalpo\u0161anas laiku. Regul\u0101ra e\u013c\u013co\u0161ana ar atbilsto\u0161u hidraulisko e\u013c\u013cu ir b\u016btiska, lai uztur\u0113tu optim\u0101lu darb\u012bbu un nov\u0113rstu kritiski svar\u012bgu komponentu nodilumu.<\/p>\n<h2>Regul\u0101ra p\u0101rbaude un profilaktisk\u0101 apkope<\/h2>\n<ul>\n<li><strong>Regul\u0101ras p\u0101rbaudes:<\/strong> Regul\u0101ru p\u0101rbau\u017eu veik\u0161ana ir \u013coti svar\u012bga, lai identific\u0113tu jebk\u0101das potenci\u0101las probl\u0113mas, pirms t\u0101s saasin\u0101s. P\u0101rbaudiet, vai nav nodiluma paz\u012bmju, nopl\u016b\u017eu, un veiciet darb\u012bbas testus, lai p\u0101rliecin\u0101tos, ka viss darbojas pareizi.<\/li>\n<li><strong>Pareiza e\u013c\u013co\u0161ana:<\/strong> P\u0101rliecinieties, vai hidraulisk\u0101s e\u013c\u013cas l\u012bmenis ir pietiekams, un uzpildiet to p\u0113c nepiecie\u0161am\u012bbas. Izmantojiet ieteicam\u0101s sm\u0113rvielas, lai uztur\u0113tu optim\u0101lu veiktsp\u0113ju un samazin\u0101tu berzi sist\u0113m\u0101.<\/li>\n<li><strong>Bl\u012bv\u0113juma nomai\u0146a:<\/strong> Laika gait\u0101 bl\u012bves var nolietoties un t\u0101s var b\u016bt j\u0101nomaina. Regul\u0101ri p\u0101rbaudiet, vai bl\u012bv\u0113m nav nodiluma paz\u012bmju, un nomainiet t\u0101s, lai nov\u0113rstu hidraulisk\u0101 \u0161\u0137idruma nopl\u016bdi.<\/li>\n<\/ul>\n<h2>Uzst\u0101d\u012b\u0161anas vadl\u012bnijas<\/h2>\n<p>Pareiza str\u0113les cilindra uzst\u0101d\u012b\u0161ana ir \u013coti svar\u012bga t\u0101 darb\u012bbai. Vispirms p\u0101rliecinieties, vai uzst\u0101d\u012b\u0161anas vieta ir t\u012bra un bez gru\u017eiem. Izmantojiet atbilsto\u0161us izl\u012bdzin\u0101\u0161anas instrumentus, lai nostiprin\u0101tu cilindru viet\u0101, nodro\u0161inot, ka tas ir pareizi izl\u012bdzin\u0101ts ar cit\u0101m sast\u0101vda\u013c\u0101m, lai nov\u0113rstu p\u0101rm\u0113r\u012bgu slodzi darb\u012bbas laik\u0101.<\/p>\n<p>Lai dro\u0161i nostiprin\u0101tu cilindru, izmantojiet atbilsto\u0161us mont\u0101\u017eas kron\u0161teinus. Pievelkot skr\u016bves, iev\u0113rojiet ra\u017eot\u0101ja nor\u0101d\u012btos griezes momentus, lai nesaboj\u0101tu cilindru. P\u0113c uzst\u0101d\u012b\u0161anas p\u0101rbaudiet, vai hidraulisk\u0101 \u0161\u0137idruma l\u012bmenis ir pareizs, un veiciet testa braucienu, lai p\u0101rliecin\u0101tos, ka viss darbojas nevainojami.<\/p>\n<h2>Bie\u017ei sastopamie apkopes uzdevumi<\/h2>\n<ul>\n<li><strong>Regul\u0101ras p\u0101rbaudes:<\/strong> Regul\u0101ru p\u0101rbau\u017eu veik\u0161ana pal\u012bdz laikus noteikt nodilumu un iesp\u0113jam\u0101s probl\u0113mas, nodro\u0161inot cilindra efekt\u012bvu darb\u012bbu un samazinot negaid\u012btu d\u012bkst\u0101vi.<\/li>\n<li><strong>Pareiza e\u013c\u013co\u0161ana:<\/strong> Cilindra un t\u0101 sast\u0101vda\u013cu e\u013c\u013co\u0161ana ir b\u016btiska, lai samazin\u0101tu berzi un nodilumu, t\u0101d\u0113j\u0101di pagarinot izstr\u0101d\u0101juma kalpo\u0161anas laiku. P\u0101rliecinieties, ka izmantojat pareizo hidraulisk\u0101s e\u013c\u013cas veidu, k\u0101 nor\u0101d\u012bjis ra\u017eot\u0101js.<\/li>\n<li><strong>Bl\u012bv\u0113juma nomai\u0146a:<\/strong> Regul\u0101ri nov\u0113rt\u0113jiet bl\u012bv\u0113jumu st\u0101vokli un nomainiet tos p\u0113c nepiecie\u0161am\u012bbas, lai nov\u0113rstu \u0161\u0137idruma nopl\u016bdes un uztur\u0113tu spiedienu hidrauliskaj\u0101 sist\u0113m\u0101.<\/li>\n<\/ul>\n<h2>Dro\u0161\u012bbas apsv\u0113rumi un vides faktori<\/h2>\n<p>Dro\u0161\u012bbas pas\u0101kumu ievie\u0161ana, str\u0101d\u0101jot ar hidrauliskajiem cilindriem, ir \u0101rk\u0101rt\u012bgi svar\u012bga. Nodro\u0161iniet, lai visi operatori b\u016btu apm\u0101c\u012bti dro\u0161\u0101 r\u012bc\u012bb\u0101 un izprastu iesp\u0113jamos apdraud\u0113jumus, kas saist\u012bti ar hidrauliskaj\u0101m sist\u0113m\u0101m. Darb\u012bbas laik\u0101 vienm\u0113r j\u0101valk\u0101 dro\u0161\u012bbas apr\u012bkojums un j\u0101iev\u0113ro atbilsto\u0161as \u200b\u200b\u0101rk\u0101rtas proced\u016bras.<\/p>\n<h2>K\u013c\u016bmju diagnostika un bie\u017e\u0101k sastopam\u0101s probl\u0113mas<\/h2>\n<ul>\n<li><strong>Nopl\u016bde:<\/strong> Hidraulisk\u0101 \u0161\u0137idruma nopl\u016bde var liecin\u0101t par bl\u012bv\u0113juma atteici vai boj\u0101jumu. Regul\u0101ras p\u0101rbaudes var pal\u012bdz\u0113t noteikt avotu un savlaic\u012bgi veikt remontu.<\/li>\n<li><strong>Samazin\u0101ta veiktsp\u0113ja:<\/strong> Ja cilindrs nerea\u0123\u0113, k\u0101 paredz\u0113ts, probl\u0113ma var b\u016bt saist\u012bta ar nepietiekamu hidraulisk\u0101 \u0161\u0137idruma vai gaisa daudzumu sist\u0113m\u0101. Lai noskaidrotu c\u0113loni, j\u0101veic probl\u0113mu nov\u0113r\u0161ana.<\/li>\n<li><strong>P\u0101rkar\u0161ana:<\/strong> P\u0101rm\u0113r\u012bgu karstumu var izrais\u012bt nepietiekama e\u013c\u013co\u0161ana vai liela berze. Uzraugiet darba temperat\u016bru un p\u0101rliecinieties, vai cilindrs ir pietiekami iee\u013c\u013cots.<\/li>\n<\/ul>\n<h2>Probl\u0113mu nov\u0113r\u0161anas padomi<\/h2>\n<p>Nov\u0113r\u0161ot str\u0113les cilindra boj\u0101jumus, s\u0101ciet ar hidraulisk\u0101 \u0161\u0137idruma l\u012bme\u0146a p\u0101rbaudi. P\u0101rliecinieties, vai visi savienojumi ir cie\u0161i, un p\u0101rbaudiet bl\u012bves, vai nav nodiluma paz\u012bmju. Ja veiktsp\u0113jas probl\u0113mas joproj\u0101m past\u0101v, skatiet ra\u017eot\u0101ja vadl\u012bnijas par konkr\u0113tu probl\u0113mu nov\u0113r\u0161anu un, ja nepiecie\u0161ams, apsveriet profesion\u0101la nov\u0113rt\u0113juma veik\u0161anu.<\/p>\n<h2>Par m\u016bsu uz\u0146\u0113mumu<\/h2>\n<p>M\u0113s esam vado\u0161ais rezerves hidraulisko cilindru ra\u017eot\u0101js, kas pied\u0101v\u0101 pla\u0161u produktu kl\u0101stu, kas apmierina gan viet\u0113jo, gan starptautisko tirgu vajadz\u012bbas. M\u016bsu ap\u0146em\u0161an\u0101s sasniegt izcil\u012bbu atspogu\u013cojas m\u016bsu prec\u012bzaj\u0101s ra\u017eo\u0161anas strat\u0113\u0123ij\u0101s un progres\u012bvu tehnolo\u0123iju un kvalitat\u012bvu materi\u0101lu izmanto\u0161an\u0101.<\/p>\n<p>Koncentr\u0113joties uz da\u017e\u0101du klientu vajadz\u012bbu apmierin\u0101\u0161anu, m\u0113s pied\u0101v\u0101jam piel\u0101gotus risin\u0101jumus, kas piel\u0101goti konkr\u0113tiem lietojumiem. M\u016bsu starptautiskie sertifik\u0101ti uzsver m\u016bsu ap\u0146em\u0161anos nodro\u0161in\u0101t kvalit\u0101ti un uzticam\u012bbu. M\u016bsu ra\u017eo\u0161anas iek\u0101rtas ir apr\u012bkotas ar modern\u0101kaj\u0101m iek\u0101rt\u0101m, kas nodro\u0161ina augstu efektivit\u0101ti un precizit\u0101ti katr\u0101 m\u016bsu rad\u012btaj\u0101 produkt\u0101.<\/p>\n<p><img decoding=\"async\" src=\"https:\/\/www.hydraulic-cylinders.net\/wp-content\/uploads\/2025\/04\/songte-company-4.webp\" alt=\"Uz\u0146\u0113muma telpas\"><br \/>\n<img decoding=\"async\" src=\"https:\/\/www.hydraulic-cylinders.net\/wp-content\/uploads\/2025\/04\/songte-company-3.webp\" alt=\"Uz\u0146\u0113muma ra\u017eo\u0161anas l\u012bnija\"><\/p>\n<p>Autors: lil<\/p>","protected":false},"excerpt":{"rendered":"<p>Boom Cylinder For Zoomlion Middle Excavator ZE210ELC Introduction to the Boom Cylinder The Boom Cylinder is a critical hydraulic component utilized in various heavy machinery, specifically designed for the Zoomlion Middle Excavator ZE210ELC. This hydraulic cylinder is integral to controlling the movement of the boom, enabling it to lift, lower, and tilt. The functionality of [&hellip;]<\/p>","protected":false},"featured_media":17876,"comment_status":"open","ping_status":"closed","template":"","meta":{"_et_pb_use_builder":"","_et_pb_old_content":"","_et_gb_content_width":""},"product_brand":[],"product_cat":[1546],"product_tag":[1547,1496],"class_list":{"0":"post-19220","1":"product","2":"type-product","3":"status-publish","4":"has-post-thumbnail","6":"product_cat-boom-cylinders","7":"product_tag-boom-cylinders","8":"product_tag-hydraulic-cylinders","10":"first","11":"instock","12":"shipping-taxable","13":"product-type-simple"},"amp_enabled":true,"_links":{"self":[{"href":"https:\/\/www.hydraulic-cylinders.net\/lv\/wp-json\/wp\/v2\/product\/19220","targetHints":{"allow":["GET"]}}],"collection":[{"href":"https:\/\/www.hydraulic-cylinders.net\/lv\/wp-json\/wp\/v2\/product"}],"about":[{"href":"https:\/\/www.hydraulic-cylinders.net\/lv\/wp-json\/wp\/v2\/types\/product"}],"replies":[{"embeddable":true,"href":"https:\/\/www.hydraulic-cylinders.net\/lv\/wp-json\/wp\/v2\/comments?post=19220"}],"wp:featuredmedia":[{"embeddable":true,"href":"https:\/\/www.hydraulic-cylinders.net\/lv\/wp-json\/wp\/v2\/media\/17876"}],"wp:attachment":[{"href":"https:\/\/www.hydraulic-cylinders.net\/lv\/wp-json\/wp\/v2\/media?parent=19220"}],"wp:term":[{"taxonomy":"product_brand","embeddable":true,"href":"https:\/\/www.hydraulic-cylinders.net\/lv\/wp-json\/wp\/v2\/product_brand?post=19220"},{"taxonomy":"product_cat","embeddable":true,"href":"https:\/\/www.hydraulic-cylinders.net\/lv\/wp-json\/wp\/v2\/product_cat?post=19220"},{"taxonomy":"product_tag","embeddable":true,"href":"https:\/\/www.hydraulic-cylinders.net\/lv\/wp-json\/wp\/v2\/product_tag?post=19220"}],"curies":[{"name":"wp","href":"https:\/\/api.w.org\/{rel}","templated":true}]}}