{"id":19221,"date":"2025-04-07T06:18:45","date_gmt":"2025-04-07T06:18:45","guid":{"rendered":"https:\/\/www.hydraulic-cylinders.net\/product\/boom-cylinder-for-zoomlion-middle-excavator-ze210e-9\/"},"modified":"2025-04-07T06:18:48","modified_gmt":"2025-04-07T06:18:48","slug":"boom-cylinder-for-zoomlion-middle-excavator-ze210e-9","status":"publish","type":"product","link":"https:\/\/www.hydraulic-cylinders.net\/lv\/products\/boom-cylinder-for-zoomlion-middle-excavator-ze210e-9\/","title":{"rendered":"Zoomlion vid\u0113j\u0101 ekskavatora ZE210E-9 str\u0113les cilindrs"},"content":{"rendered":"<h1>Zoomlion vid\u0113j\u0101 ekskavatora ZE210E-9 str\u0113les cilindrs<\/h1>\n<h2>Produkta p\u0101rskats<\/h2>\n<p>Zoomlion vid\u0113j\u0101 ekskavatora ZE210E-9 str\u0113les cilindrs ir svar\u012bga hidrauliska sast\u0101vda\u013ca, kam ir iz\u0161\u0137iro\u0161a noz\u012bme smago ma\u0161\u012bnu funkcionalit\u0101t\u0113. \u0160is hidrauliskais cilindrs ir \u012bpa\u0161i izstr\u0101d\u0101ts, lai kontrol\u0113tu str\u0113les kust\u012bbu, \u013caujot veikt da\u017e\u0101das darb\u012bbas, kas ir b\u016btiskas rak\u0161anas un materi\u0101lu apstr\u0101des darbos.<\/p>\n<p>Kausa cilindrs atvieglo ekskavatora kausa pacel\u0161anu, nolai\u0161anu un noliek\u0161anu, padarot to neaizst\u0101jamu da\u017e\u0101dos pielietojumos. Hidraulisk\u0101 sist\u0113ma, kur\u0101 ietilpst ar\u012b \u0161is cilindrs, izmanto spiediena hidraulisko \u0161\u0137idrumu, lai rad\u012btu line\u0101ru kust\u012bbu, \u013caujot operatoram veikt uzdevumus prec\u012bzi un efekt\u012bvi.<\/p>\n<p><img decoding=\"async\" src=\"https:\/\/www.hydraulic-cylinders.net\/wp-content\/uploads\/2025\/04\/songte-company-1.webp\" alt=\"Str\u0113les cilindra att\u0113ls\" \/><\/p>\n<h2>Str\u0113les cilindra \u012bpa\u0161\u012bbas<\/h2>\n<ul>\n<li><strong>Augsta iztur\u012bba un ilgm\u016b\u017e\u012bba:<\/strong> Izgatavots no augstas stipr\u012bbas t\u0113rauda vai alum\u012bnija, str\u0113les cilindrs sp\u0113j iztur\u0113t augstu spiedienu un lielas slodzes, vienlaikus ir konstru\u0113ts t\u0101, lai b\u016btu iztur\u012bgs pret nodilumu un koroziju, nodro\u0161inot ilgu kalpo\u0161anas laiku.<\/li>\n<li><strong>Efekt\u012bva hidraulisk\u0101 darb\u012bba:<\/strong> Cilindrs izmanto hidraulisk\u0101s e\u013c\u013cas spiedienu, lai nodro\u0161in\u0101tu vienm\u0113r\u012bgu izvilk\u0161anu un ievilk\u0161anu, nodro\u0161inot \u0101tru reakciju uz vad\u012bbas komand\u0101m un jaud\u012bgas stum\u0161anas un vilk\u0161anas sp\u0113jas, kas piem\u0113rotas smagiem un sare\u017e\u0123\u012btiem uzdevumiem.<\/li>\n<li><strong>Da\u017e\u0101di veidi:<\/strong> Pieejami k\u0101 vienas darb\u012bbas (darbojas vien\u0101 virzien\u0101) vai divk\u0101r\u0161as darb\u012bbas (darbojas abos virzienos) cilindri, un da\u017ei mode\u013ci pied\u0101v\u0101 teleskopisku konstrukciju liel\u0101kai sasniedzam\u012bbai, nepalielinot \u0101r\u0113jo izm\u0113ru, kas ir ide\u0101li piem\u0113rots \u0161aur\u0101m telp\u0101m.<\/li>\n<li><strong>Prec\u012bzijas in\u017eenierija:<\/strong> Ra\u017eots, izmantojot progres\u012bvas in\u017eeniertehnisk\u0101s metodes, lai nodro\u0161in\u0101tu optim\u0101lu veiktsp\u0113ju, uzticam\u012bbu un sader\u012bbu ar da\u017e\u0101diem ekskavatoru mode\u013ciem.<\/li>\n<li><strong>Piel\u0101gojami risin\u0101jumi:<\/strong> M\u016bsu uz\u0146\u0113mums var ra\u017eot \u0161o produktu atbilsto\u0161i \u012bpa\u0161\u0101m pras\u012bb\u0101m un lieliski aizst\u0101t eso\u0161os hidrauliskos cilindrus.<\/li>\n<\/ul>\n<p><img decoding=\"async\" src=\"https:\/\/www.hydraulic-cylinders.net\/wp-content\/uploads\/2025\/04\/songte-cylinder-head-with-all-kinds-excavator-models.webp\" alt=\"Ekskavatoru mode\u013ci\" \/><\/p>\n<h2>Str\u0113les cilindra pielietojumi<\/h2>\n<h3>Celtniec\u012bbas apr\u012bkojums<\/h3>\n<p>B\u016bvniec\u012bbas iek\u0101rt\u0101s str\u0113les cilindrs ir b\u016btisks ekskavatoros zemes vai gru\u017eu rak\u0161anai, iekrau\u0161anai un p\u0101rvieto\u0161anai. Cilindrs \u013cauj kausam iek\u013c\u016bt zem\u0113, veicinot efekt\u012bvu rak\u0161anu, vienlaikus saglab\u0101jot stabilit\u0101ti darb\u012bbas laik\u0101. Turkl\u0101t tas pal\u012bdz pacelt materi\u0101lus augst\u0101kos l\u012bme\u0146os lab\u0101kai izvieto\u0161anai, uzlabojot produktivit\u0101ti darba viet\u0101s.<\/p>\n<h3>Lauksaimniec\u012bbas tehnika<\/h3>\n<p>Lauksaimniec\u012bbas tehnik\u0101, piem\u0113ram, front\u0101lajos iekr\u0101v\u0113jos, str\u0113les cilindru izmanto augsnes, siena un citu materi\u0101lu sav\u0101k\u0161anai, cel\u0161anai un transport\u0113\u0161anai. Sp\u0113ja kontrol\u0113t kausa le\u0146\u0137i un augstumu \u013cauj efekt\u012bvi p\u0101rvald\u012bt materi\u0101lus st\u0101d\u012b\u0161anas, ra\u017eas nov\u0101k\u0161anas un citu lauksaimniec\u012bbas darbu laik\u0101.<\/p>\n<h3>Ekskavatori<\/h3>\n<p>Str\u0113les cilindrs \u013cauj ekskavatoriem efekt\u012bvi iek\u013c\u016bt augsn\u0113, padarot to par b\u016btisku rak\u0161anas darbu sast\u0101vda\u013cu. T\u0101 uzticam\u0101 veiktsp\u0113ja nodro\u0161ina, ka ma\u0161\u012bna var tikt gal\u0101 ar da\u017e\u0101diem reljefiem un apst\u0101k\u013ciem, garant\u0113jot projekta vienm\u0113r\u012bgu un efekt\u012bvu virz\u012bbu.<\/p>\n<h3>Iekr\u0101v\u0113ji<\/h3>\n<p>Front\u0101lajos iekr\u0101v\u0113jos str\u0113les cilindri pal\u012bdz efekt\u012bvi pacelt un izkraut kravas. Tie nodro\u0161ina nepiecie\u0161amo jaudu, lai paceltu smagus materi\u0101lus iev\u0113rojam\u0101 augstum\u0101, \u013caujot viegli izkraut un novietot, kas ir svar\u012bgi, lai uztur\u0113tu darbpl\u016bsmu b\u016bvniec\u012bbas un ainavu veido\u0161anas projektos.<\/p>\n<h2>Dizaina apsv\u0113rumi un atlases krit\u0113riji<\/h2>\n<h3>Kravnes\u012bba<\/h3>\n<p>Izv\u0113loties str\u0113les cilindru, kravnes\u012bba ir \u0101rk\u0101rt\u012bgi svar\u012bgs apsv\u0113rums. Cilindram j\u0101sp\u0113j iztur\u0113t p\u0101rvietojamo materi\u0101lu svaru, k\u0101 ar\u012b darb\u012bbas laik\u0101 rad\u012btos dinamiskos sp\u0113kus. Izpratne par specifik\u0101cij\u0101m un p\u0101rliecin\u0101\u0161an\u0101s, ka cilindrs ir nov\u0113rt\u0113ts paredzamaj\u0101m slodz\u0113m, nov\u0113rs\u012bs boj\u0101jumus un uzlabos dro\u0161\u012bbu. Ra\u017eot\u0101ji parasti sniedz detaliz\u0113tas slodzes v\u0113rt\u012bbas, un ir svar\u012bgi izv\u0113l\u0113ties cilindru, kas p\u0101rsniedz maksim\u0101li paredzam\u0101s slodzes, lai nodro\u0161in\u0101tu papildu uzticam\u012bbu.<\/p>\n<h3>Bl\u012bv\u0113jums un iztur\u012bba<\/h3>\n<p>Str\u0113les cilindra bl\u012bv\u0113\u0161anas sist\u0113ma ir \u013coti svar\u012bga t\u0101 ilgm\u016b\u017e\u012bbai un veiktsp\u0113jai. Augstas kvalit\u0101tes bl\u012bv\u0113jumi nov\u0113r\u0161 hidraulisk\u0101 \u0161\u0137idruma nopl\u016bdi, kas ir svar\u012bgi spiediena un efektivit\u0101tes uztur\u0113\u0161anai. Iztur\u012bgu materi\u0101lu, piem\u0113ram, poliuret\u0101na un nitrilgumijas, izmanto\u0161ana bl\u012bv\u0113jumiem nodro\u0161ina iztur\u012bbu pret nodilumu, k\u0101 ar\u012b pret temperat\u016bras izmai\u0146\u0101m un vides apst\u0101k\u013ciem. Labi nosl\u0113gts cilindrs samazina apkopes nepiecie\u0161am\u012bbu un ekspluat\u0101cijas d\u012bkst\u0101vi, nodro\u0161inot lab\u0101ku kop\u0113jo efektivit\u0101ti.<\/p>\n<h3>Dro\u0161\u012bbas funkcijas<\/h3>\n<p>Dro\u0161\u012bba ir galven\u0101 priorit\u0101te hidraulisko cilindru konstrukcij\u0101. Uzlabotas dro\u0161\u012bbas funkcijas, piem\u0113ram, spiediena samazin\u0101\u0161anas v\u0101rsti un p\u0101rsl\u0113g\u0161an\u0101s aptur\u0113\u0161anas meh\u0101nismi, pal\u012bdz nov\u0113rst katastrof\u0101las k\u013c\u016bmes un nodro\u0161ina dro\u0161u darb\u012bbu. \u0160\u012bs funkcijas aizsarg\u0101 gan tehniku, gan operatoru, samazinot negad\u012bjumu risku darba viet\u0101. Turkl\u0101t regul\u0101r\u0101m p\u0101rbaud\u0113m un dro\u0161\u012bbas standartu iev\u0113ro\u0161anai ir b\u016btiska loma darba dro\u0161\u012bbas uztur\u0113\u0161an\u0101 un negad\u012bjumu nov\u0113r\u0161an\u0101.<\/p>\n<h3>Apkope un remont\u0113jam\u012bba<\/h3>\n<p>Str\u0113les cilindra projekt\u0113\u0161ana, \u0146emot v\u0113r\u0101 t\u0101 apkopi, ir b\u016btiska t\u0101 ilgtermi\u0146a darb\u012bbai. Funkcijas, kas atvieglo piek\u013cuvi apkopei, piem\u0113ram, no\u0146emami v\u0101ki un pieejami hidrauliskie savienojumi, var iev\u0113rojami samazin\u0101t d\u012bkst\u0101ves laiku. Regul\u0101ras apkopes proced\u016bras, tostarp p\u0101rbaudes un savlaic\u012bgi veikti remonti, var pagarin\u0101t cilindra kalpo\u0161anas laiku un nodro\u0161in\u0101t nemain\u012bgu veiktsp\u0113ju, t\u0101d\u0113j\u0101di samazinot kop\u0113j\u0101s ekspluat\u0101cijas izmaksas.<\/p>\n<p><img decoding=\"async\" src=\"https:\/\/www.hydraulic-cylinders.net\/wp-content\/uploads\/2025\/04\/songte-oil-pipes-and-spare-parts.webp\" alt=\"E\u013c\u013cas caurules un rezerves da\u013cas\" \/><\/p>\n<h2>Bl\u012bv\u0113\u0161ana un e\u013c\u013co\u0161ana<\/h2>\n<p>Efekt\u012bva bl\u012bv\u0113\u0161ana un e\u013c\u013co\u0161ana ir hidraulisko cilindru funkcionalit\u0101tes pamat\u0101. Lai nov\u0113rstu nopl\u016bdes un uztur\u0113tu spiedienu sist\u0113m\u0101, tiek izmantoti da\u017e\u0101di bl\u012bv\u0113\u0161anas komponenti, tostarp virzu\u013ca bl\u012bv\u0113jumi un stie\u0146a bl\u012bv\u0113jumi. Bl\u012bv\u0113jumi, kas izgatavoti no nodilumiztur\u012bgiem materi\u0101liem, piem\u0113ram, poliuret\u0101na un nitrila gumijas, iev\u0113rojami uzlabo iztur\u012bbu un veiktsp\u0113ju.<\/p>\n<p>Cilindra korpuss un v\u012bt\u0146otie gali ir prec\u012bzi apstr\u0101d\u0101ti, lai uzlabotu nodilumiztur\u012bbu. Regul\u0101ra e\u013c\u013co\u0161ana ar hidraulisko e\u013c\u013cu ir b\u016btiska; t\u0101 samazina kust\u012bgo da\u013cu berzi un nodilumu, nodro\u0161inot vienm\u0113r\u012bgu darb\u012bbu. Operatoriem j\u0101iev\u0113ro ra\u017eot\u0101ja ieteikumi par e\u013c\u013co\u0161anas interv\u0101liem un daudzumu, lai uztur\u0113tu optim\u0101lu veiktsp\u0113ju.<\/p>\n<h2>Regul\u0101ra p\u0101rbaude un profilaktisk\u0101 apkope<\/h2>\n<ul>\n<li><strong>Bie\u017eas p\u0101rbaudes:<\/strong> Regul\u0101ras p\u0101rbaudes ir b\u016btiskas, lai identific\u0113tu iesp\u0113jam\u0101s probl\u0113mas, pirms t\u0101s saasin\u0101s. Operatoriem vizu\u0101li j\u0101p\u0101rbauda balons, vai nav nodiluma paz\u012bmju, nopl\u016b\u017eu vai boj\u0101jumu, un j\u0101veic darb\u012bbas p\u0101rbaudes, lai p\u0101rliecin\u0101tos, ka viss darbojas, k\u0101 paredz\u0113ts.<\/li>\n<li><strong>Piem\u0113rota e\u013c\u013co\u0161ana:<\/strong> Hidraulisk\u0101s sist\u0113mas pareiza e\u013c\u013co\u0161ana ir \u013coti svar\u012bga, lai samazin\u0101tu berzi un nodilumu. Operatoriem j\u0101iev\u0113ro pl\u0101nota e\u013c\u013co\u0161anas rut\u012bna, pamatojoties uz darba stund\u0101m un vides apst\u0101k\u013ciem, izmantojot ieteicamo hidraulisk\u0101s e\u013c\u013cas veidu.<\/li>\n<li><strong>Bl\u012bv\u0113juma nomai\u0146a:<\/strong> Bl\u012bves ir nodiluma komponenti, un t\u0101s j\u0101nomaina regul\u0101ras apkopes laik\u0101. Regul\u0101ras p\u0101rbaudes var pal\u012bdz\u0113t identific\u0113t bl\u012bves, kur\u0101m ir nodiluma vai boj\u0101jumu paz\u012bmes, \u013caujot t\u0101s savlaic\u012bgi nomain\u012bt, lai nov\u0113rstu nopl\u016bdes un saglab\u0101tu sist\u0113mas integrit\u0101ti.<\/li>\n<\/ul>\n<h2>Uzst\u0101d\u012b\u0161anas vadl\u012bnijas<\/h2>\n<p>Pareiza str\u0113les cilindra uzst\u0101d\u012b\u0161ana ir \u013coti svar\u012bga t\u0101 veiktsp\u0113jai un ilgm\u016b\u017e\u012bbai. Vispirms p\u0101rliecinieties, vai mont\u0101\u017eas virsmas ir t\u012bras un bez gru\u017eiem. Izmantojiet atbilsto\u0161us mont\u0101\u017eas kron\u0161teinus, lai nostiprin\u0101tu cilindru viet\u0101, izvairoties no p\u0101rm\u0113r\u012bgas kust\u012bbas darb\u012bbas laik\u0101. Pareiza izl\u012bdzin\u0101\u0161ana ir \u013coti svar\u012bga; cilindra stienim j\u0101b\u016bt izl\u012bdzin\u0101tam ar slodzi, lai nov\u0113rstu s\u0101nu slodzi, kas var izrais\u012bt priek\u0161laic\u012bgu nodilumu vai boj\u0101jumus.<\/p>\n<p>Instal\u0113\u0161anas laik\u0101 veiciet t\u0101l\u0101k nor\u0101d\u012bt\u0101s darb\u012bbas.<\/p>\n<ul>\n<li>P\u0101rliecinieties, vai visi v\u012bt\u0146otie savienojumi ir pievilkti atbilsto\u0161i ra\u017eot\u0101ja specifik\u0101cij\u0101m.<\/li>\n<li>P\u0101rliecinieties, vai hidraulisk\u0101s \u0161\u013c\u016btenes un savienojumi ir dro\u0161i piestiprin\u0101ti, lai nov\u0113rstu nopl\u016bdes.<\/li>\n<li>P\u0113c uzst\u0101d\u012b\u0161anas veiciet cilindra pilnu kust\u012bbas diapazonu, lai p\u0101rliecin\u0101tos, ka nav \u0161\u0137\u0113r\u0161\u013cu vai izl\u012bdzin\u0101\u0161anas probl\u0113mu.<\/li>\n<li>Pirms iek\u0101rtas nodo\u0161anas ekspluat\u0101cij\u0101 veiciet spiediena p\u0101rbaudi, lai p\u0101rliecin\u0101tos, ka sist\u0113ma darbojas pareizi un nav nopl\u016b\u017eu.<\/li>\n<\/ul>\n<h2>Bie\u017ei sastopamie apkopes uzdevumi<\/h2>\n<ul>\n<li><strong>Regul\u0101ras p\u0101rbaudes:<\/strong> R\u016bp\u012bgu p\u0101rbau\u017eu veik\u0161ana pal\u012bdz laikus identific\u0113t iesp\u0113jam\u0101s probl\u0113mas. Mekl\u0113jiet nopl\u016b\u017eu, korozijas vai boj\u0101jumu paz\u012bmes un nekav\u0113joties nov\u0113rsiet t\u0101s, lai nov\u0113rstu liel\u0101kas probl\u0113mas.<\/li>\n<li><strong>Pareiza e\u013c\u013co\u0161ana:<\/strong> Regul\u0101ri iee\u013c\u013cojiet cilindru, iev\u0113rojot ra\u017eot\u0101ja nor\u0101d\u012bjumus. \u0160\u012b prakse ir b\u016btiska, lai nodro\u0161in\u0101tu vienm\u0113r\u012bgu darb\u012bbu un samazin\u0101tu bl\u012bv\u0113jumu un kust\u012bgo da\u013cu nodilumu.<\/li>\n<li><strong>Bl\u012bv\u0113juma nomai\u0146as un kalibr\u0113\u0161anas p\u0101rbaudes:<\/strong> Regul\u0101ri p\u0101rbaudiet bl\u012bv\u0113jumu nodilumu un nomainiet tos p\u0113c nepiecie\u0161am\u012bbas. Balona kalibr\u0113\u0161ana nodro\u0161ina, ka tas darbojas noteiktos parametros, kas ir \u013coti svar\u012bgi veiktsp\u0113jas un dro\u0161\u012bbas uztur\u0113\u0161anai.<\/li>\n<\/ul>\n<h2>Dro\u0161\u012bbas apsv\u0113rumi un vides faktori<\/h2>\n<p>Dro\u0161\u012bbas pas\u0101kumi ir \u0101rk\u0101rt\u012bgi svar\u012bgi, darbinot hidraulisk\u0101s sist\u0113mas. Operatoriem j\u0101b\u016bt apm\u0101c\u012btiem dro\u0161as r\u012bc\u012bbas praks\u0113 un j\u0101saprot iesp\u0113jamie apdraud\u0113jumi, kas saist\u012bti ar hidraulisko apr\u012bkojumu. Regul\u0101ras dro\u0161\u012bbas p\u0101rbaudes un noteikto dro\u0161\u012bbas vadl\u012bniju iev\u0113ro\u0161ana var iev\u0113rojami samazin\u0101t negad\u012bjumu risku darba viet\u0101. Turkl\u0101t vides faktori, piem\u0113ram, temperat\u016bras sv\u0101rst\u012bbas un pak\u013cau\u0161ana skarbiem apst\u0101k\u013ciem, var ietekm\u0113t hidraulisko cilindru darb\u012bbu; t\u0101p\u0113c ir \u013coti svar\u012bgi izv\u0113l\u0113ties materi\u0101lus un konstrukcijas, kas piem\u0113rotas konkr\u0113tai videi.<\/p>\n<h2>Probl\u0113mu nov\u0113r\u0161ana un bie\u017ei sastopamas probl\u0113mas<\/h2>\n<ul>\n<li><strong>Nopl\u016bdes:<\/strong> Viena no visbie\u017e\u0101k sastopamaj\u0101m hidraulisko cilindru probl\u0113m\u0101m ir nopl\u016bde, ko var izrais\u012bt nodilu\u0161as bl\u012bves vai boj\u0101ti savienojumi. Lai nov\u0113rstu probl\u0113mas, p\u0101rbaudiet bl\u012bves un, ja nepiecie\u0161ams, nomainiet t\u0101s. P\u0101rliecinieties, vai visi savienojumi ir cie\u0161i un nav sav\u0113rpti.<\/li>\n<li><strong>Slikta veiktsp\u0113ja:<\/strong> Ja cilindrs neizvirz\u0101s vai neievelkas vienm\u0113r\u012bgi, tas var b\u016bt saist\u012bts ar nepietiekamu hidraulisk\u0101 \u0161\u0137idruma daudzumu vai gaisu sist\u0113m\u0101. P\u0101rbaudiet \u0161\u0137idruma l\u012bmeni un atgaisojiet sist\u0113mu, lai izvad\u012btu iesprostoto gaisu.<\/li>\n<li><strong>P\u0101rkar\u0161ana:<\/strong> P\u0101rkar\u0161ana var rasties p\u0101rm\u0113r\u012bgas slodzes vai nepietiekama \u0161\u0137idruma l\u012bme\u0146a d\u0113\u013c. P\u0101rliecinieties, vai hidraulisk\u0101 \u0161\u0137idruma l\u012bmenis ir pareizs un vai sist\u0113ma nav p\u0101rslogota. Pirms darb\u012bbas ats\u0101k\u0161anas \u013caujiet sist\u0113mai atdzist.<\/li>\n<\/ul>\n<p>Prevent\u012bvie pas\u0101kumi, piem\u0113ram, regul\u0101ra apkope, atbilsto\u0161u hidraulisko \u0161\u0137idrumu lieto\u0161ana un operatoru apm\u0101c\u012bba par pareizu apie\u0161anos, var mazin\u0101t \u0161\u012bs probl\u0113mas un pagarin\u0101t iek\u0101rtu kalpo\u0161anas laiku.<\/p>\n<p><img decoding=\"async\" src=\"https:\/\/www.hydraulic-cylinders.net\/wp-content\/uploads\/2025\/04\/songte-bushings-with-all-kinds-of-excavator-models.webp\" alt=\"Bukses ar ekskavatora mode\u013ciem\" \/><\/p>\n<h2>Uz\u0146\u0113muma p\u0101rskats<\/h2>\n<p>M\u0113s esam vado\u0161ais rezerves hidraulisko cilindru ra\u017eot\u0101js, kas ir atz\u012bts gan viet\u0113j\u0101, gan starptautiskaj\u0101 tirg\u016b. M\u016bsu pla\u0161ais produktu kl\u0101sts nostiprina m\u016bsu poz\u012bciju k\u0101 vado\u0161ais ra\u017eot\u0101js un vairumtirgot\u0101js. M\u0113s iev\u0113rojam izcil\u012bbu kvalit\u0101t\u0113, izmantojot r\u016bp\u012bgas ra\u017eo\u0161anas vad\u012bbas strat\u0113\u0123ijas. M\u016bsu ieguld\u012bjumi tehniskajos talantos, augstas klases digit\u0101laj\u0101s ra\u017eo\u0161anas iek\u0101rt\u0101s un profesion\u0101l\u0101s test\u0113\u0161anas sist\u0113m\u0101s uzlabo m\u016bsu ra\u017eo\u0161anas iesp\u0113jas, \u013caujot mums apmierin\u0101t da\u017e\u0101das klientu vajadz\u012bbas ar augstu efektivit\u0101ti, precizit\u0101ti un kvalit\u0101ti.<\/p>\n<p>M\u016bsu uz\u0146\u0113mums lepojas ar profesionalit\u0101ti, starptautiskiem sertifik\u0101tiem, piel\u0101gotiem pakalpojumiem, modern\u0101m ra\u017eo\u0161anas iek\u0101rt\u0101m un visaptvero\u0161u p\u0113cp\u0101rdo\u0161anas atbalstu, nodro\u0161inot, ka m\u016bsu klienti sa\u0146em izcilus produktus un pakalpojumus.<\/p>\n<p><img decoding=\"async\" src=\"https:\/\/www.hydraulic-cylinders.net\/wp-content\/uploads\/2025\/04\/songte-company-4.webp\" alt=\"Uz\u0146\u0113muma p\u0101rskats\" \/><br \/>\n<img decoding=\"async\" src=\"https:\/\/www.hydraulic-cylinders.net\/wp-content\/uploads\/2025\/04\/songte-company-3.webp\" alt=\"Ra\u017eo\u0161anas iek\u0101rta\" \/><\/p>\n<p>Autors: lil<\/p>","protected":false},"excerpt":{"rendered":"<p>Boom Cylinder For Zoomlion Middle Excavator ZE210E-9 Product Overview The Boom Cylinder for the Zoomlion Middle Excavator ZE210E-9 is a vital hydraulic component that plays a crucial role in the functionality of heavy machinery. This hydraulic cylinder is specifically designed to control the movement of the boom, allowing for a range of operations essential for [&hellip;]<\/p>","protected":false},"featured_media":17877,"comment_status":"open","ping_status":"closed","template":"","meta":{"_et_pb_use_builder":"","_et_pb_old_content":"","_et_gb_content_width":""},"product_brand":[],"product_cat":[1546],"product_tag":[1547,1496],"class_list":{"0":"post-19221","1":"product","2":"type-product","3":"status-publish","4":"has-post-thumbnail","6":"product_cat-boom-cylinders","7":"product_tag-boom-cylinders","8":"product_tag-hydraulic-cylinders","10":"first","11":"instock","12":"shipping-taxable","13":"product-type-simple"},"amp_enabled":true,"_links":{"self":[{"href":"https:\/\/www.hydraulic-cylinders.net\/lv\/wp-json\/wp\/v2\/product\/19221","targetHints":{"allow":["GET"]}}],"collection":[{"href":"https:\/\/www.hydraulic-cylinders.net\/lv\/wp-json\/wp\/v2\/product"}],"about":[{"href":"https:\/\/www.hydraulic-cylinders.net\/lv\/wp-json\/wp\/v2\/types\/product"}],"replies":[{"embeddable":true,"href":"https:\/\/www.hydraulic-cylinders.net\/lv\/wp-json\/wp\/v2\/comments?post=19221"}],"wp:featuredmedia":[{"embeddable":true,"href":"https:\/\/www.hydraulic-cylinders.net\/lv\/wp-json\/wp\/v2\/media\/17877"}],"wp:attachment":[{"href":"https:\/\/www.hydraulic-cylinders.net\/lv\/wp-json\/wp\/v2\/media?parent=19221"}],"wp:term":[{"taxonomy":"product_brand","embeddable":true,"href":"https:\/\/www.hydraulic-cylinders.net\/lv\/wp-json\/wp\/v2\/product_brand?post=19221"},{"taxonomy":"product_cat","embeddable":true,"href":"https:\/\/www.hydraulic-cylinders.net\/lv\/wp-json\/wp\/v2\/product_cat?post=19221"},{"taxonomy":"product_tag","embeddable":true,"href":"https:\/\/www.hydraulic-cylinders.net\/lv\/wp-json\/wp\/v2\/product_tag?post=19221"}],"curies":[{"name":"wp","href":"https:\/\/api.w.org\/{rel}","templated":true}]}}